{"id":114,"date":"2024-05-22T14:13:48","date_gmt":"2024-05-22T12:13:48","guid":{"rendered":"https:\/\/renier.be\/?page_id=114"},"modified":"2026-04-22T16:00:45","modified_gmt":"2026-04-22T14:00:45","slug":"uber-uns","status":"publish","type":"page","link":"https:\/\/renier.be\/de\/over-ons\/","title":{"rendered":"\u00dcber uns"},"content":{"rendered":"<div data-elementor-type=\"wp-page\" data-elementor-id=\"114\" class=\"elementor elementor-114\" data-elementor-post-type=\"page\">\n\t\t\t\t<div class=\"elementor-element elementor-element-52bef3c e-flex e-con-boxed e-con e-parent\" data-id=\"52bef3c\" data-element_type=\"container\" data-e-type=\"container\">\n\t\t\t\t\t<div class=\"e-con-inner\">\n\t\t\t\t<div class=\"elementor-element elementor-element-e17fef0 elementor-widget elementor-widget-text-editor\" data-id=\"e17fef0\" data-element_type=\"widget\" data-e-type=\"widget\" data-widget_type=\"text-editor.default\">\n\t\t\t\t\t\t\t\t\t<h1>Bewusst nachhaltig<\/h1><p>Unser belgischer Blaustein ist eines der nachhaltigsten Materialien mit minimaler CO2-Belastung. Dieses uralte, \u00fcber Millionen von Jahren entstandene Gestein wird vor Ort abgebaut, was die Transportwege und damit die Umweltbelastung minimiert.<\/p><p>Auch bei der Verarbeitung entscheiden wir uns bewusst f\u00fcr eine m\u00f6glichst geringe Umweltbelastung am Produktionsstandort Aarschot.<\/p>\t\t\t\t\t\t\t\t<\/div>\n\t\t\t\t\t<\/div>\n\t\t\t\t<\/div>\n\t\t<div class=\"elementor-element elementor-element-2af63a2 e-grid e-con-boxed e-con e-parent\" data-id=\"2af63a2\" data-element_type=\"container\" data-e-type=\"container\">\n\t\t\t\t\t<div class=\"e-con-inner\">\n\t\t\t\t<div class=\"elementor-element elementor-element-9ea9ec8 elementor-widget elementor-widget-text-editor\" data-id=\"9ea9ec8\" data-element_type=\"widget\" data-e-type=\"widget\" data-widget_type=\"text-editor.default\">\n\t\t\t\t\t\t\t\t\t<h2><strong>Einer der gr\u00f6\u00dften Solarparks in Aarschot<\/strong><\/h2><p>Wir produzieren 65% unseres Energiebedarfs mit unserer beeindruckenden Solarzellenfarm auf dem Dach unseres Schuppens in Aarschot.<\/p><p>Dieser Park geh\u00f6rt zu den gr\u00f6\u00dften Solaranlagen in der Region und unterstreicht unser Engagement f\u00fcr erneuerbare Energien und umweltfreundliche Produktion.<\/p>\t\t\t\t\t\t\t\t<\/div>\n\t\t\t\t<div class=\"elementor-element elementor-element-07bc8a1 elementor-widget elementor-widget-image\" data-id=\"07bc8a1\" data-element_type=\"widget\" data-e-type=\"widget\" data-widget_type=\"image.default\">\n\t\t\t\t\t\t\t\t\t\t\t\t\t\t\t<img fetchpriority=\"high\" decoding=\"async\" width=\"309\" height=\"232\" src=\"https:\/\/renier.be\/wp-content\/uploads\/2024\/08\/Zonnepanelen.jpg\" class=\"attachment-large size-large wp-image-833\" alt=\"Sonnenkollektoren auf dem Dach in Aarschot\" srcset=\"https:\/\/renier.be\/wp-content\/uploads\/2024\/08\/Zonnepanelen.jpg 309w, https:\/\/renier.be\/wp-content\/uploads\/2024\/08\/Zonnepanelen-300x225.jpg 300w\" sizes=\"(max-width: 309px) 100vw, 309px\" \/>\t\t\t\t\t\t\t\t\t\t\t\t\t\t\t<\/div>\n\t\t\t\t\t<\/div>\n\t\t\t\t<\/div>\n\t\t<div class=\"elementor-element elementor-element-448ba46 e-grid e-con-boxed e-con e-parent\" data-id=\"448ba46\" data-element_type=\"container\" data-e-type=\"container\">\n\t\t\t\t\t<div class=\"e-con-inner\">\n\t\t\t\t<div class=\"elementor-element elementor-element-389914c elementor-widget elementor-widget-image\" data-id=\"389914c\" data-element_type=\"widget\" data-e-type=\"widget\" data-widget_type=\"image.default\">\n\t\t\t\t\t\t\t\t\t\t\t\t\t\t\t<img decoding=\"async\" width=\"600\" height=\"600\" src=\"https:\/\/renier.be\/wp-content\/uploads\/2024\/07\/Waterzuivering.jpg\" class=\"attachment-large size-large wp-image-674\" alt=\"\" srcset=\"https:\/\/renier.be\/wp-content\/uploads\/2024\/07\/Waterzuivering.jpg 600w, https:\/\/renier.be\/wp-content\/uploads\/2024\/07\/Waterzuivering-300x300.jpg 300w, https:\/\/renier.be\/wp-content\/uploads\/2024\/07\/Waterzuivering-150x150.jpg 150w, https:\/\/renier.be\/wp-content\/uploads\/2024\/07\/Waterzuivering-100x100.jpg 100w\" sizes=\"(max-width: 600px) 100vw, 600px\" \/>\t\t\t\t\t\t\t\t\t\t\t\t\t\t\t<\/div>\n\t\t\t\t<div class=\"elementor-element elementor-element-d8c8312 elementor-widget elementor-widget-text-editor\" data-id=\"d8c8312\" data-element_type=\"widget\" data-e-type=\"widget\" data-widget_type=\"text-editor.default\">\n\t\t\t\t\t\t\t\t\t<h2><strong>Sammlung und Nutzung von Regenwasser <\/strong><\/h2><p>Renier sammelt das Regenwasser so weit wie m\u00f6glich getrennt und puffert es zur Wiederverwendung, so dass wir praktisch kein Stadtwasser mehr ben\u00f6tigen. Das gesamte Prozesswasser wird separat in unser Absetzbecken geleitet, wo es durch Sedimentation behandelt wird.<\/p><p>Dann ist das Wasser rein genug, um in unserem Produktionsprozess wiederverwendet zu werden.<\/p><p>Dadurch entf\u00e4llt die Notwendigkeit, Brauchwasser abzuleiten, und der Verbrauch von Grundwasser wird erheblich reduziert.<\/p>\t\t\t\t\t\t\t\t<\/div>\n\t\t\t\t\t<\/div>\n\t\t\t\t<\/div>\n\t\t<div class=\"elementor-element elementor-element-ec3492e e-grid e-con-boxed e-con e-parent\" data-id=\"ec3492e\" data-element_type=\"container\" data-e-type=\"container\">\n\t\t\t\t\t<div class=\"e-con-inner\">\n\t\t\t\t<div class=\"elementor-element elementor-element-004d2d1 elementor-widget elementor-widget-text-editor\" data-id=\"004d2d1\" data-element_type=\"widget\" data-e-type=\"widget\" data-widget_type=\"text-editor.default\">\n\t\t\t\t\t\t\t\t\t<h2><strong>\u00dcbersch\u00fcssiger Naturstein f\u00fcr den Stra\u00dfenbau<\/strong><\/h2><p>Alle \u00fcbersch\u00fcssigen Natursteine werden getrennt gelagert und gebrochen, um sie im Wasser- oder Stra\u00dfenbau wiederzuverwenden.<\/p><p>Sie werden also nie hinterlegt.<\/p><p>.<\/p>\t\t\t\t\t\t\t\t<\/div>\n\t\t\t\t\t<\/div>\n\t\t\t\t<\/div>\n\t\t<div class=\"elementor-element elementor-element-908c1f9 e-grid e-con-boxed e-con e-parent\" data-id=\"908c1f9\" data-element_type=\"container\" data-e-type=\"container\">\n\t\t\t\t\t<div class=\"e-con-inner\">\n\t\t\t\t<div class=\"elementor-element elementor-element-c8a1aa0 elementor-widget elementor-widget-text-editor\" data-id=\"c8a1aa0\" data-element_type=\"widget\" data-e-type=\"widget\" data-widget_type=\"text-editor.default\">\n\t\t\t\t\t\t\t\t\t<h2>\u00a0<strong>Kl\u00e4rschlamm f\u00fcr die Landwirtschaft<\/strong><\/h2><p>Der Kalksteinstaub, der auf den Boden des Absetzbeckens gesunken ist, wird in einer Filterpresse weiter entw\u00e4ssert und separat gesammelt.<\/p><p>Der Kl\u00e4rschlamm wird dann als Bodenverbesserer in der Landwirtschaft verwendet. Der Kl\u00e4rschlamm wird also auch nicht deponiert.<\/p>\t\t\t\t\t\t\t\t<\/div>\n\t\t\t\t\t<\/div>\n\t\t\t\t<\/div>\n\t\t\t\t<\/div>","protected":false},"excerpt":{"rendered":"<p>Bewust duurzaam Onze Belgische blauwe hardsteen is een van de meest duurzame materialen met een minimale CO2-impact. Deze eeuwenoude steen, gevormd over miljoenen jaren, wordt lokaal ontgonnen, waardoor de transportafstanden en daarmee de milieu-impact tot een minimum beperkt blijven. Ook voor de bewerking kiezen wij bewust voor een ecologische minimale impact in de productiesite van [&hellip;]<\/p>\n","protected":false},"author":1,"featured_media":0,"parent":0,"menu_order":2,"comment_status":"closed","ping_status":"closed","template":"elementor_header_footer","meta":{"_acf_changed":false,"footnotes":""},"class_list":["post-114","page","type-page","status-publish","hentry"],"acf":[],"yoast_head":"<!-- This site is optimized with the Yoast SEO plugin v27.6 - https:\/\/yoast.com\/product\/yoast-seo-wordpress\/ -->\n<title>Over ons - Renier Natuursteen<\/title>\n<meta name=\"robots\" content=\"index, follow, max-snippet:-1, max-image-preview:large, max-video-preview:-1\" \/>\n<link rel=\"canonical\" href=\"https:\/\/renier.be\/de\/uber-uns\/\" \/>\n<meta property=\"og:locale\" content=\"de_DE\" \/>\n<meta property=\"og:type\" content=\"article\" \/>\n<meta property=\"og:title\" content=\"Over ons - Renier Natuursteen\" \/>\n<meta property=\"og:description\" content=\"Bewust duurzaam Onze Belgische blauwe hardsteen is een van de meest duurzame materialen met een minimale CO2-impact. Deze eeuwenoude steen, gevormd over miljoenen jaren, wordt lokaal ontgonnen, waardoor de transportafstanden en daarmee de milieu-impact tot een minimum beperkt blijven. Ook voor de bewerking kiezen wij bewust voor een ecologische minimale impact in de productiesite van [&hellip;]\" \/>\n<meta property=\"og:url\" content=\"https:\/\/renier.be\/de\/uber-uns\/\" \/>\n<meta property=\"og:site_name\" content=\"Renier Natuursteen\" \/>\n<meta property=\"article:publisher\" content=\"https:\/\/www.facebook.com\/reniernatuursteen\" \/>\n<meta property=\"article:modified_time\" content=\"2026-04-22T14:00:45+00:00\" \/>\n<meta property=\"og:image\" content=\"https:\/\/renier.be\/wp-content\/uploads\/2024\/08\/Zonnepanelen.jpg\" \/>\n<meta name=\"twitter:card\" content=\"summary_large_image\" \/>\n<meta name=\"twitter:label1\" content=\"Gesch\u00e4tzte Lesezeit\" \/>\n\t<meta name=\"twitter:data1\" content=\"2\u00a0Minuten\" \/>\n<script type=\"application\/ld+json\" class=\"yoast-schema-graph\">{\"@context\":\"https:\\\/\\\/schema.org\",\"@graph\":[{\"@type\":\"WebPage\",\"@id\":\"https:\\\/\\\/renier.be\\\/over-ons\\\/\",\"url\":\"https:\\\/\\\/renier.be\\\/over-ons\\\/\",\"name\":\"Over ons - Renier Natuursteen\",\"isPartOf\":{\"@id\":\"https:\\\/\\\/renier.be\\\/#website\"},\"primaryImageOfPage\":{\"@id\":\"https:\\\/\\\/renier.be\\\/over-ons\\\/#primaryimage\"},\"image\":{\"@id\":\"https:\\\/\\\/renier.be\\\/over-ons\\\/#primaryimage\"},\"thumbnailUrl\":\"https:\\\/\\\/renier.be\\\/wp-content\\\/uploads\\\/2024\\\/08\\\/Zonnepanelen.jpg\",\"datePublished\":\"2024-05-22T12:13:48+00:00\",\"dateModified\":\"2026-04-22T14:00:45+00:00\",\"breadcrumb\":{\"@id\":\"https:\\\/\\\/renier.be\\\/over-ons\\\/#breadcrumb\"},\"inLanguage\":\"de\",\"potentialAction\":[{\"@type\":\"ReadAction\",\"target\":[\"https:\\\/\\\/renier.be\\\/over-ons\\\/\"]}]},{\"@type\":\"ImageObject\",\"inLanguage\":\"de\",\"@id\":\"https:\\\/\\\/renier.be\\\/over-ons\\\/#primaryimage\",\"url\":\"https:\\\/\\\/renier.be\\\/wp-content\\\/uploads\\\/2024\\\/08\\\/Zonnepanelen.jpg\",\"contentUrl\":\"https:\\\/\\\/renier.be\\\/wp-content\\\/uploads\\\/2024\\\/08\\\/Zonnepanelen.jpg\"},{\"@type\":\"BreadcrumbList\",\"@id\":\"https:\\\/\\\/renier.be\\\/over-ons\\\/#breadcrumb\",\"itemListElement\":[{\"@type\":\"ListItem\",\"position\":1,\"name\":\"Home\",\"item\":\"https:\\\/\\\/renier.be\\\/\"},{\"@type\":\"ListItem\",\"position\":2,\"name\":\"Over ons\"}]},{\"@type\":\"WebSite\",\"@id\":\"https:\\\/\\\/renier.be\\\/#website\",\"url\":\"https:\\\/\\\/renier.be\\\/\",\"name\":\"Renier Natuursteen\",\"description\":\"Specialist in Belgisch Blauwe Hardsteen\",\"publisher\":{\"@id\":\"https:\\\/\\\/renier.be\\\/#organization\"},\"potentialAction\":[{\"@type\":\"SearchAction\",\"target\":{\"@type\":\"EntryPoint\",\"urlTemplate\":\"https:\\\/\\\/renier.be\\\/?s={search_term_string}\"},\"query-input\":{\"@type\":\"PropertyValueSpecification\",\"valueRequired\":true,\"valueName\":\"search_term_string\"}}],\"inLanguage\":\"de\"},{\"@type\":\"Organization\",\"@id\":\"https:\\\/\\\/renier.be\\\/#organization\",\"name\":\"Renier Natuursteen\",\"url\":\"https:\\\/\\\/renier.be\\\/\",\"logo\":{\"@type\":\"ImageObject\",\"inLanguage\":\"de\",\"@id\":\"https:\\\/\\\/renier.be\\\/#\\\/schema\\\/logo\\\/image\\\/\",\"url\":\"https:\\\/\\\/renier.be\\\/wp-content\\\/uploads\\\/2024\\\/07\\\/RENIER.png\",\"contentUrl\":\"https:\\\/\\\/renier.be\\\/wp-content\\\/uploads\\\/2024\\\/07\\\/RENIER.png\",\"width\":2717,\"height\":838,\"caption\":\"Renier Natuursteen\"},\"image\":{\"@id\":\"https:\\\/\\\/renier.be\\\/#\\\/schema\\\/logo\\\/image\\\/\"},\"sameAs\":[\"https:\\\/\\\/www.facebook.com\\\/reniernatuursteen\"]}]}<\/script>\n<!-- \/ Yoast SEO plugin. -->","yoast_head_json":{"title":"\u00dcber uns - Renier Natuursteen","robots":{"index":"index","follow":"follow","max-snippet":"max-snippet:-1","max-image-preview":"max-image-preview:large","max-video-preview":"max-video-preview:-1"},"canonical":"https:\/\/renier.be\/de\/uber-uns\/","og_locale":"de_DE","og_type":"article","og_title":"Over ons - Renier Natuursteen","og_description":"Bewust duurzaam Onze Belgische blauwe hardsteen is een van de meest duurzame materialen met een minimale CO2-impact. Deze eeuwenoude steen, gevormd over miljoenen jaren, wordt lokaal ontgonnen, waardoor de transportafstanden en daarmee de milieu-impact tot een minimum beperkt blijven. Ook voor de bewerking kiezen wij bewust voor een ecologische minimale impact in de productiesite van [&hellip;]","og_url":"https:\/\/renier.be\/de\/uber-uns\/","og_site_name":"Renier Natuursteen","article_publisher":"https:\/\/www.facebook.com\/reniernatuursteen","article_modified_time":"2026-04-22T14:00:45+00:00","og_image":[{"url":"https:\/\/renier.be\/wp-content\/uploads\/2024\/08\/Zonnepanelen.jpg","type":"","width":"","height":""}],"twitter_card":"summary_large_image","twitter_misc":{"Gesch\u00e4tzte Lesezeit":"2\u00a0Minuten"},"schema":{"@context":"https:\/\/schema.org","@graph":[{"@type":"WebPage","@id":"https:\/\/renier.be\/over-ons\/","url":"https:\/\/renier.be\/over-ons\/","name":"\u00dcber uns - Renier Natuursteen","isPartOf":{"@id":"https:\/\/renier.be\/#website"},"primaryImageOfPage":{"@id":"https:\/\/renier.be\/over-ons\/#primaryimage"},"image":{"@id":"https:\/\/renier.be\/over-ons\/#primaryimage"},"thumbnailUrl":"https:\/\/renier.be\/wp-content\/uploads\/2024\/08\/Zonnepanelen.jpg","datePublished":"2024-05-22T12:13:48+00:00","dateModified":"2026-04-22T14:00:45+00:00","breadcrumb":{"@id":"https:\/\/renier.be\/over-ons\/#breadcrumb"},"inLanguage":"de","potentialAction":[{"@type":"ReadAction","target":["https:\/\/renier.be\/over-ons\/"]}]},{"@type":"ImageObject","inLanguage":"de","@id":"https:\/\/renier.be\/over-ons\/#primaryimage","url":"https:\/\/renier.be\/wp-content\/uploads\/2024\/08\/Zonnepanelen.jpg","contentUrl":"https:\/\/renier.be\/wp-content\/uploads\/2024\/08\/Zonnepanelen.jpg"},{"@type":"BreadcrumbList","@id":"https:\/\/renier.be\/over-ons\/#breadcrumb","itemListElement":[{"@type":"ListItem","position":1,"name":"Home","item":"https:\/\/renier.be\/"},{"@type":"ListItem","position":2,"name":"Over ons"}]},{"@type":"WebSite","@id":"https:\/\/renier.be\/#website","url":"https:\/\/renier.be\/","name":"Renier Naturstein","description":"Spezialist f\u00fcr belgischen Blaustein","publisher":{"@id":"https:\/\/renier.be\/#organization"},"potentialAction":[{"@type":"SearchAction","target":{"@type":"EntryPoint","urlTemplate":"https:\/\/renier.be\/?s={search_term_string}"},"query-input":{"@type":"PropertyValueSpecification","valueRequired":true,"valueName":"search_term_string"}}],"inLanguage":"de"},{"@type":"Organization","@id":"https:\/\/renier.be\/#organization","name":"Renier Naturstein","url":"https:\/\/renier.be\/","logo":{"@type":"ImageObject","inLanguage":"de","@id":"https:\/\/renier.be\/#\/schema\/logo\/image\/","url":"https:\/\/renier.be\/wp-content\/uploads\/2024\/07\/RENIER.png","contentUrl":"https:\/\/renier.be\/wp-content\/uploads\/2024\/07\/RENIER.png","width":2717,"height":838,"caption":"Renier Natuursteen"},"image":{"@id":"https:\/\/renier.be\/#\/schema\/logo\/image\/"},"sameAs":["https:\/\/www.facebook.com\/reniernatuursteen"]}]}},"_links":{"self":[{"href":"https:\/\/renier.be\/de\/wp-json\/wp\/v2\/pages\/114","targetHints":{"allow":["GET"]}}],"collection":[{"href":"https:\/\/renier.be\/de\/wp-json\/wp\/v2\/pages"}],"about":[{"href":"https:\/\/renier.be\/de\/wp-json\/wp\/v2\/types\/page"}],"author":[{"embeddable":true,"href":"https:\/\/renier.be\/de\/wp-json\/wp\/v2\/users\/1"}],"replies":[{"embeddable":true,"href":"https:\/\/renier.be\/de\/wp-json\/wp\/v2\/comments?post=114"}],"version-history":[{"count":0,"href":"https:\/\/renier.be\/de\/wp-json\/wp\/v2\/pages\/114\/revisions"}],"wp:attachment":[{"href":"https:\/\/renier.be\/de\/wp-json\/wp\/v2\/media?parent=114"}],"curies":[{"name":"wp","href":"https:\/\/api.w.org\/{rel}","templated":true}]}}