{"id":1141,"date":"2024-08-13T09:30:08","date_gmt":"2024-08-13T07:30:08","guid":{"rendered":"https:\/\/renier.be\/?page_id=1141"},"modified":"2026-03-09T17:14:12","modified_gmt":"2026-03-09T16:14:12","slug":"technische-daten-blaustein-2","status":"publish","type":"page","link":"https:\/\/renier.be\/de\/technische-specificaties-blauwe-hardsteen\/","title":{"rendered":"Technische Daten Material Blaustein"},"content":{"rendered":"<div data-elementor-type=\"wp-page\" data-elementor-id=\"1141\" class=\"elementor elementor-1141\" data-elementor-post-type=\"page\">\n\t\t\t\t<div class=\"elementor-element elementor-element-b69b9de e-flex e-con-boxed e-con e-parent\" data-id=\"b69b9de\" data-element_type=\"container\" data-e-type=\"container\">\n\t\t\t\t\t<div class=\"e-con-inner\">\n\t\t\t\t<div class=\"elementor-element elementor-element-d5ded06 elementor-widget elementor-widget-heading\" data-id=\"d5ded06\" data-element_type=\"widget\" data-e-type=\"widget\" data-widget_type=\"heading.default\">\n\t\t\t\t\t<h2 class=\"elementor-heading-title elementor-size-default\">Technische Eigenschaften Belgischer Blaustein<\/h2>\t\t\t\t<\/div>\n\t\t\t\t\t<\/div>\n\t\t\t\t<\/div>\n\t\t<div class=\"elementor-element elementor-element-0066632 e-flex e-con-boxed e-con e-parent\" data-id=\"0066632\" data-element_type=\"container\" data-e-type=\"container\">\n\t\t\t\t\t<div class=\"e-con-inner\">\n\t\t<div class=\"elementor-element elementor-element-bf44952 e-con-full e-flex e-con e-child\" data-id=\"bf44952\" data-element_type=\"container\" data-e-type=\"container\">\n\t\t\t\t<div class=\"elementor-element elementor-element-12aff16 elementor-widget elementor-widget-text-editor\" data-id=\"12aff16\" data-element_type=\"widget\" data-e-type=\"widget\" data-widget_type=\"text-editor.default\">\n\t\t\t\t\t\t\t\t\t<h2>1 Geographie \/ Geologie<\/h2><p><strong>\u00a0<\/strong><span style=\"text-align: var(--text-align); color: var( --e-global-color-primary );\">Die Carri\u00e8res de la Pr\u00e9alle Sprimont S.A. bauen einen blauen Stein namens \"ARDUIN - BELGISCHER BLAUER HARDSTEIN \u00ae\" ab, der unter dem Namen \"ARDUIN OF THE OURTHE\" vermarktet wird. Der Steinbruch La Pr\u00e9alle befindet sich in La Pr\u00e9alle, \u00f6stlich der ehemaligen Gemeinde Chanxhe (Sprimont), im Ourthe-Ambl\u00e8ve-Becken, im zentralen Teil der Nordflanke der Synklinale von Sprimont. Lambert-Koordinaten: N 50\u00b0 30' 10.285'' O 5\u00b0 36' 25.942''.<\/span><\/p><p>Das Material wird als Bau- und Verbandsstein verwendet. Es handelt sich um einen kompakten, nicht por\u00f6sen, fossilen Kalkstein mit Seelilien, der im Schnitt grau und im frischen Bruch dunkelgrau ist und parallel zur Schichtung stilolitische Fugen aufweist. Die abgebauten Schichten bilden die Ecaussinnes Encrinite Formation (Tn3b), Alter Ivorisch, Tournaisisch-Dinantische Serie, Unterkarbon.<\/p><p>Der Abbau erfolgt unter freiem Himmel; die B\u00e4nke haben eine Ausdehnung von N88\u00b0O und eine Neigung von 58\u00b0Z im westlichen Teil der Steinbr\u00fcche und eine Ausdehnung von N86\u00b0O und eine Neigung von 50\u00b0Z im \u00f6stlichen Teil. Die abbaubare Gesamtm\u00e4chtigkeit in einem St\u00fcck betr\u00e4gt etwa 32,8 m.<\/p><p>Die Genehmigung bezieht sich auf die Teile des Steinbruchs von \u00e4hnlicher Qualit\u00e4t, d. h. die homogenen, stilolitharmen massiven Produktionsb\u00e4nke des abgebauten Ganzen, die auf dem Coup\u00e9 deutlich gekennzeichnet sind (siehe Anhang 1, geologisches Coup\u00e9).<\/p><h2>2 Petrographie \/ Lithologie<\/h2><p><strong>\u00a0<\/strong><u style=\"text-align: var(--text-align); color: var( --e-global-color-primary );\">Makroskopische Beschreibung<\/u><span style=\"text-align: var(--text-align); color: var( --e-global-color-primary );\"> :<\/span><\/p><p><span style=\"text-align: var(--text-align); color: var( --e-global-color-primary );\">\u00a0\"ARDUIN - BELGIAN BLUE HARDSTEEN \u00ae\" ist ein kompakter Kalkstein sediment\u00e4ren Ursprungs, der durch die Anh\u00e4ufung unz\u00e4hliger Reste von Seelilien entsteht, die in einer mikrokristallinen Kalzitmasse zusammengehalten werden. Seine graue Farbe im geschnittenen Zustand und seine dunkelgraue Farbe im frisch gebrochenen Zustand ist auf den organischen Kohlenstoff zwischen den Kalzitkristallen zur\u00fcckzuf\u00fchren. Der Stein erh\u00e4lt eine f\u00fcr dieses Material typische mittelgraue Patina. Diese Patina, die auf die Alterung zur\u00fcckzuf\u00fchren ist und mit der Zusammensetzung des Steins zusammenh\u00e4ngt, muss bei Restaurierungsarbeiten ber\u00fccksichtigt werden.<\/span><\/p><p>Neben Resten von Seelilien enth\u00e4lt der Kalkstein Fragmente von Bryozoen (haupts\u00e4chlich Fenestella), Schalen von Brachiopoden und Korallen (einzeln oder in Kolonien). Im Steinbruch wird ein karbonathaltiges Sedimentgestein abgebaut (2.2.1.2.b in PTV 819-4 Klassifizierung von Gesteinen unter Homologation mit Bezug auf NBN EN 12670).<\/p><p><u>Mikroskopische Beschreibung<\/u>:\u00a0<\/p><p>\"ARDUIN - BELGIAN BLUE HARDSTEEN \u00ae\" ist ein bioklastischer Kalkstein mit dominierenden Seelilien; die anderen Fragmente sind Bryozoen, Brachiopoden und Korallen. Pellets k\u00f6nnen lokal in einigen B\u00e4nken beobachtet werden. Es handelt sich um einen Packstein, manchmal um einen Kornstein (DUNHAM-Klassifikation) oder einen Biomikrit bis Biosparit (FOLK-Klassifikation, siehe NBN EN 12670). Andere lithologische Besonderheiten k\u00f6nnen vorhanden sein (siehe TV 220).<\/p><p><u>Zusammensetzung (zur Information)<\/u>:\u00a0<\/p><p>Die durchschnittliche Zusammensetzung betr\u00e4gt 96 bis 99 % Karbonat (mindestens 80%, haupts\u00e4chlich Kalzit), 0 % bis 1% Quarz, 0,1% bis 0,4 % Eisen (haupts\u00e4chlich Sulfide: Pyrit und Markassit) und 0,2 % bis 0,4 % organischer Kohlenstoff.<\/p>\t\t\t\t\t\t\t\t<\/div>\n\t\t<div class=\"elementor-element elementor-element-db1d053 e-con-full e-flex e-con e-child\" data-id=\"db1d053\" data-element_type=\"container\" data-e-type=\"container\" data-settings=\"{&quot;position&quot;:&quot;absolute&quot;}\">\n\t\t\t\t<\/div>\n\t\t<div class=\"elementor-element elementor-element-c014006 e-flex e-con-boxed e-con e-child\" data-id=\"c014006\" data-element_type=\"container\" data-e-type=\"container\">\n\t\t\t\t\t<div class=\"e-con-inner\">\n\t\t\t\t<div class=\"elementor-element elementor-element-e64c2c7 elementor-widget elementor-widget-image\" data-id=\"e64c2c7\" data-element_type=\"widget\" data-e-type=\"widget\" data-widget_type=\"image.default\">\n\t\t\t\t\t\t\t\t\t\t\t\t\t\t\t<img fetchpriority=\"high\" decoding=\"async\" width=\"721\" height=\"528\" src=\"https:\/\/renier.be\/wp-content\/uploads\/2024\/08\/Eigenschappen-materiaal-BH.jpg\" class=\"attachment-full size-full wp-image-1143\" alt=\"\" srcset=\"https:\/\/renier.be\/wp-content\/uploads\/2024\/08\/Eigenschappen-materiaal-BH.jpg 721w, https:\/\/renier.be\/wp-content\/uploads\/2024\/08\/Eigenschappen-materiaal-BH-300x220.jpg 300w, https:\/\/renier.be\/wp-content\/uploads\/2024\/08\/Eigenschappen-materiaal-BH-600x439.jpg 600w\" sizes=\"(max-width: 721px) 100vw, 721px\" \/>\t\t\t\t\t\t\t\t\t\t\t\t\t\t\t<\/div>\n\t\t\t\t\t<\/div>\n\t\t\t\t<\/div>\n\t\t\t\t<\/div>\n\t\t<div class=\"elementor-element elementor-element-2ae9426 e-con-full e-flex e-con e-child\" data-id=\"2ae9426\" data-element_type=\"container\" data-e-type=\"container\">\n\t\t\t\t<div class=\"elementor-element elementor-element-c67c090 elementor-widget elementor-widget-button\" data-id=\"c67c090\" data-element_type=\"widget\" data-e-type=\"widget\" data-widget_type=\"button.default\">\n\t\t\t\t\t\t\t\t\t\t<a class=\"elementor-button elementor-button-link elementor-size-sm\" href=\"https:\/\/renier.be\/wp-content\/uploads\/2024\/08\/ATGH787-La-Prealle-Nederlands.pdf\">\n\t\t\t\t\t\t<span class=\"elementor-button-content-wrapper\">\n\t\t\t\t\t\t\t\t\t<span class=\"elementor-button-text\">Klicken Sie hier f\u00fcr das vollst\u00e4ndige ATG-Zertifikat<\/span>\n\t\t\t\t\t<\/span>\n\t\t\t\t\t<\/a>\n\t\t\t\t\t\t\t\t<\/div>\n\t\t\t\t<\/div>\n\t\t\t\t\t<\/div>\n\t\t\t\t<\/div>\n\t\t\t\t<\/div>","protected":false},"excerpt":{"rendered":"<p>Technische eigenschappen Belgische blauwe hardsteen 1 Geogra\ufb01e \/ Geologie \u00a0De Carri\u00e8res de la Pr\u00e9alle Sprimont S.A. ontginnen een blauwe steen genaamd \u201cARDUIN &#8211; BELGISCHE BLAUWE HARDSTEEN \u00ae\u201d, gecommercialiseerd onder de naam \u201cARDUIN VAN DE OURTHE\u201c. De groeve van La Pr\u00e9alle bevindt zich in La Pr\u00e9alle, ten oosten van de vroegere deelgemeente Chanxhe (Sprimont), in het [&hellip;]<\/p>\n","protected":false},"author":2,"featured_media":0,"parent":0,"menu_order":0,"comment_status":"closed","ping_status":"closed","template":"","meta":{"_acf_changed":false,"footnotes":""},"class_list":["post-1141","page","type-page","status-publish","hentry"],"acf":[],"yoast_head":"<!-- This site is optimized with the Yoast SEO plugin v27.4 - https:\/\/yoast.com\/product\/yoast-seo-wordpress\/ -->\n<title>Technische Specificaties Materiaal Blauwe hardsteen - Renier Natuursteen<\/title>\n<meta name=\"robots\" content=\"index, follow, max-snippet:-1, max-image-preview:large, max-video-preview:-1\" \/>\n<link rel=\"canonical\" href=\"https:\/\/renier.be\/de\/technische-daten-blaustein-2\/\" \/>\n<meta property=\"og:locale\" content=\"de_DE\" \/>\n<meta property=\"og:type\" content=\"article\" \/>\n<meta property=\"og:title\" content=\"Technische Specificaties Materiaal Blauwe hardsteen - Renier Natuursteen\" \/>\n<meta property=\"og:description\" content=\"Technische eigenschappen Belgische blauwe hardsteen 1 Geogra\ufb01e \/ Geologie \u00a0De Carri\u00e8res de la Pr\u00e9alle Sprimont S.A. ontginnen een blauwe steen genaamd \u201cARDUIN &#8211; BELGISCHE BLAUWE HARDSTEEN \u00ae\u201d, gecommercialiseerd onder de naam \u201cARDUIN VAN DE OURTHE\u201c. De groeve van La Pr\u00e9alle bevindt zich in La Pr\u00e9alle, ten oosten van de vroegere deelgemeente Chanxhe (Sprimont), in het [&hellip;]\" \/>\n<meta property=\"og:url\" content=\"https:\/\/renier.be\/de\/technische-daten-blaustein-2\/\" \/>\n<meta property=\"og:site_name\" content=\"Renier Natuursteen\" \/>\n<meta property=\"article:publisher\" content=\"https:\/\/www.facebook.com\/reniernatuursteen\" \/>\n<meta property=\"article:modified_time\" content=\"2026-03-09T16:14:12+00:00\" \/>\n<meta property=\"og:image\" content=\"https:\/\/renier.be\/wp-content\/uploads\/2024\/08\/Eigenschappen-materiaal-BH.jpg\" \/>\n<meta name=\"twitter:card\" content=\"summary_large_image\" \/>\n<meta name=\"twitter:label1\" content=\"Gesch\u00e4tzte Lesezeit\" \/>\n\t<meta name=\"twitter:data1\" content=\"3\u00a0Minuten\" \/>\n<script type=\"application\/ld+json\" class=\"yoast-schema-graph\">{\"@context\":\"https:\\\/\\\/schema.org\",\"@graph\":[{\"@type\":\"WebPage\",\"@id\":\"https:\\\/\\\/renier.be\\\/technische-specificaties-blauwe-hardsteen\\\/\",\"url\":\"https:\\\/\\\/renier.be\\\/technische-specificaties-blauwe-hardsteen\\\/\",\"name\":\"Technische Specificaties Materiaal Blauwe hardsteen - Renier Natuursteen\",\"isPartOf\":{\"@id\":\"https:\\\/\\\/renier.be\\\/#website\"},\"primaryImageOfPage\":{\"@id\":\"https:\\\/\\\/renier.be\\\/technische-specificaties-blauwe-hardsteen\\\/#primaryimage\"},\"image\":{\"@id\":\"https:\\\/\\\/renier.be\\\/technische-specificaties-blauwe-hardsteen\\\/#primaryimage\"},\"thumbnailUrl\":\"https:\\\/\\\/renier.be\\\/wp-content\\\/uploads\\\/2024\\\/08\\\/Eigenschappen-materiaal-BH.jpg\",\"datePublished\":\"2024-08-13T07:30:08+00:00\",\"dateModified\":\"2026-03-09T16:14:12+00:00\",\"breadcrumb\":{\"@id\":\"https:\\\/\\\/renier.be\\\/technische-specificaties-blauwe-hardsteen\\\/#breadcrumb\"},\"inLanguage\":\"de\",\"potentialAction\":[{\"@type\":\"ReadAction\",\"target\":[\"https:\\\/\\\/renier.be\\\/technische-specificaties-blauwe-hardsteen\\\/\"]}]},{\"@type\":\"ImageObject\",\"inLanguage\":\"de\",\"@id\":\"https:\\\/\\\/renier.be\\\/technische-specificaties-blauwe-hardsteen\\\/#primaryimage\",\"url\":\"https:\\\/\\\/renier.be\\\/wp-content\\\/uploads\\\/2024\\\/08\\\/Eigenschappen-materiaal-BH.jpg\",\"contentUrl\":\"https:\\\/\\\/renier.be\\\/wp-content\\\/uploads\\\/2024\\\/08\\\/Eigenschappen-materiaal-BH.jpg\"},{\"@type\":\"BreadcrumbList\",\"@id\":\"https:\\\/\\\/renier.be\\\/technische-specificaties-blauwe-hardsteen\\\/#breadcrumb\",\"itemListElement\":[{\"@type\":\"ListItem\",\"position\":1,\"name\":\"Home\",\"item\":\"https:\\\/\\\/renier.be\\\/\"},{\"@type\":\"ListItem\",\"position\":2,\"name\":\"Technische Specificaties Materiaal Blauwe hardsteen\"}]},{\"@type\":\"WebSite\",\"@id\":\"https:\\\/\\\/renier.be\\\/#website\",\"url\":\"https:\\\/\\\/renier.be\\\/\",\"name\":\"Renier Natuursteen\",\"description\":\"Specialist in Belgisch Blauwe Hardsteen\",\"publisher\":{\"@id\":\"https:\\\/\\\/renier.be\\\/#organization\"},\"potentialAction\":[{\"@type\":\"SearchAction\",\"target\":{\"@type\":\"EntryPoint\",\"urlTemplate\":\"https:\\\/\\\/renier.be\\\/?s={search_term_string}\"},\"query-input\":{\"@type\":\"PropertyValueSpecification\",\"valueRequired\":true,\"valueName\":\"search_term_string\"}}],\"inLanguage\":\"de\"},{\"@type\":\"Organization\",\"@id\":\"https:\\\/\\\/renier.be\\\/#organization\",\"name\":\"Renier Natuursteen\",\"url\":\"https:\\\/\\\/renier.be\\\/\",\"logo\":{\"@type\":\"ImageObject\",\"inLanguage\":\"de\",\"@id\":\"https:\\\/\\\/renier.be\\\/#\\\/schema\\\/logo\\\/image\\\/\",\"url\":\"\",\"contentUrl\":\"\",\"caption\":\"Renier Natuursteen\"},\"image\":{\"@id\":\"https:\\\/\\\/renier.be\\\/#\\\/schema\\\/logo\\\/image\\\/\"},\"sameAs\":[\"https:\\\/\\\/www.facebook.com\\\/reniernatuursteen\"]}]}<\/script>\n<!-- \/ Yoast SEO plugin. -->","yoast_head_json":{"title":"Technische Daten Material Blaustein - Renier Natural Stone","robots":{"index":"index","follow":"follow","max-snippet":"max-snippet:-1","max-image-preview":"max-image-preview:large","max-video-preview":"max-video-preview:-1"},"canonical":"https:\/\/renier.be\/de\/technische-daten-blaustein-2\/","og_locale":"de_DE","og_type":"article","og_title":"Technische Specificaties Materiaal Blauwe hardsteen - Renier Natuursteen","og_description":"Technische eigenschappen Belgische blauwe hardsteen 1 Geogra\ufb01e \/ Geologie \u00a0De Carri\u00e8res de la Pr\u00e9alle Sprimont S.A. ontginnen een blauwe steen genaamd \u201cARDUIN &#8211; BELGISCHE BLAUWE HARDSTEEN \u00ae\u201d, gecommercialiseerd onder de naam \u201cARDUIN VAN DE OURTHE\u201c. De groeve van La Pr\u00e9alle bevindt zich in La Pr\u00e9alle, ten oosten van de vroegere deelgemeente Chanxhe (Sprimont), in het [&hellip;]","og_url":"https:\/\/renier.be\/de\/technische-daten-blaustein-2\/","og_site_name":"Renier Natuursteen","article_publisher":"https:\/\/www.facebook.com\/reniernatuursteen","article_modified_time":"2026-03-09T16:14:12+00:00","og_image":[{"url":"https:\/\/renier.be\/wp-content\/uploads\/2024\/08\/Eigenschappen-materiaal-BH.jpg","type":"","width":"","height":""}],"twitter_card":"summary_large_image","twitter_misc":{"Gesch\u00e4tzte Lesezeit":"3\u00a0Minuten"},"schema":{"@context":"https:\/\/schema.org","@graph":[{"@type":"WebPage","@id":"https:\/\/renier.be\/technische-specificaties-blauwe-hardsteen\/","url":"https:\/\/renier.be\/technische-specificaties-blauwe-hardsteen\/","name":"Technische Daten Material Blaustein - Renier Natural Stone","isPartOf":{"@id":"https:\/\/renier.be\/#website"},"primaryImageOfPage":{"@id":"https:\/\/renier.be\/technische-specificaties-blauwe-hardsteen\/#primaryimage"},"image":{"@id":"https:\/\/renier.be\/technische-specificaties-blauwe-hardsteen\/#primaryimage"},"thumbnailUrl":"https:\/\/renier.be\/wp-content\/uploads\/2024\/08\/Eigenschappen-materiaal-BH.jpg","datePublished":"2024-08-13T07:30:08+00:00","dateModified":"2026-03-09T16:14:12+00:00","breadcrumb":{"@id":"https:\/\/renier.be\/technische-specificaties-blauwe-hardsteen\/#breadcrumb"},"inLanguage":"de","potentialAction":[{"@type":"ReadAction","target":["https:\/\/renier.be\/technische-specificaties-blauwe-hardsteen\/"]}]},{"@type":"ImageObject","inLanguage":"de","@id":"https:\/\/renier.be\/technische-specificaties-blauwe-hardsteen\/#primaryimage","url":"https:\/\/renier.be\/wp-content\/uploads\/2024\/08\/Eigenschappen-materiaal-BH.jpg","contentUrl":"https:\/\/renier.be\/wp-content\/uploads\/2024\/08\/Eigenschappen-materiaal-BH.jpg"},{"@type":"BreadcrumbList","@id":"https:\/\/renier.be\/technische-specificaties-blauwe-hardsteen\/#breadcrumb","itemListElement":[{"@type":"ListItem","position":1,"name":"Home","item":"https:\/\/renier.be\/"},{"@type":"ListItem","position":2,"name":"Technische Specificaties Materiaal Blauwe hardsteen"}]},{"@type":"WebSite","@id":"https:\/\/renier.be\/#website","url":"https:\/\/renier.be\/","name":"Renier Naturstein","description":"Spezialist f\u00fcr belgischen Blaustein","publisher":{"@id":"https:\/\/renier.be\/#organization"},"potentialAction":[{"@type":"SearchAction","target":{"@type":"EntryPoint","urlTemplate":"https:\/\/renier.be\/?s={search_term_string}"},"query-input":{"@type":"PropertyValueSpecification","valueRequired":true,"valueName":"search_term_string"}}],"inLanguage":"de"},{"@type":"Organization","@id":"https:\/\/renier.be\/#organization","name":"Renier Naturstein","url":"https:\/\/renier.be\/","logo":{"@type":"ImageObject","inLanguage":"de","@id":"https:\/\/renier.be\/#\/schema\/logo\/image\/","url":"","contentUrl":"","caption":"Renier Natuursteen"},"image":{"@id":"https:\/\/renier.be\/#\/schema\/logo\/image\/"},"sameAs":["https:\/\/www.facebook.com\/reniernatuursteen"]}]}},"_links":{"self":[{"href":"https:\/\/renier.be\/de\/wp-json\/wp\/v2\/pages\/1141","targetHints":{"allow":["GET"]}}],"collection":[{"href":"https:\/\/renier.be\/de\/wp-json\/wp\/v2\/pages"}],"about":[{"href":"https:\/\/renier.be\/de\/wp-json\/wp\/v2\/types\/page"}],"author":[{"embeddable":true,"href":"https:\/\/renier.be\/de\/wp-json\/wp\/v2\/users\/2"}],"replies":[{"embeddable":true,"href":"https:\/\/renier.be\/de\/wp-json\/wp\/v2\/comments?post=1141"}],"version-history":[{"count":0,"href":"https:\/\/renier.be\/de\/wp-json\/wp\/v2\/pages\/1141\/revisions"}],"wp:attachment":[{"href":"https:\/\/renier.be\/de\/wp-json\/wp\/v2\/media?parent=1141"}],"curies":[{"name":"wp","href":"https:\/\/api.w.org\/{rel}","templated":true}]}}