{"id":1166,"date":"2024-08-13T10:55:30","date_gmt":"2024-08-13T08:55:30","guid":{"rendered":"https:\/\/renier.be\/?page_id=1166"},"modified":"2024-08-20T17:13:43","modified_gmt":"2024-08-20T15:13:43","slug":"vinalmont","status":"publish","type":"page","link":"https:\/\/renier.be\/de\/vinalmont\/","title":{"rendered":"Technische Daten Material Vinalmont"},"content":{"rendered":"<div data-elementor-type=\"wp-page\" data-elementor-id=\"1166\" class=\"elementor elementor-1166\" data-elementor-post-type=\"page\">\n\t\t\t\t<div class=\"elementor-element elementor-element-3953b89 e-flex e-con-boxed e-con e-parent\" data-id=\"3953b89\" data-element_type=\"container\" data-e-type=\"container\">\n\t\t\t\t\t<div class=\"e-con-inner\">\n\t\t<div class=\"elementor-element elementor-element-c8b41bd e-con-full e-flex e-con e-child\" data-id=\"c8b41bd\" data-element_type=\"container\" data-e-type=\"container\">\n\t\t<div class=\"elementor-element elementor-element-9335321 e-con-full e-flex e-con e-child\" data-id=\"9335321\" data-element_type=\"container\" data-e-type=\"container\" data-settings=\"{&quot;position&quot;:&quot;absolute&quot;}\">\n\t\t\t\t<div class=\"elementor-element elementor-element-ae07ebe elementor-widget elementor-widget-heading\" data-id=\"ae07ebe\" data-element_type=\"widget\" data-e-type=\"widget\" data-widget_type=\"heading.default\">\n\t\t\t\t\t<h2 class=\"elementor-heading-title elementor-size-default\">Maas-Kalkstein aus Vinalmont<\/h2>\t\t\t\t<\/div>\n\t\t\t\t<\/div>\n\t\t\t\t<div class=\"elementor-element elementor-element-e2543bb elementor-widget elementor-widget-text-editor\" data-id=\"e2543bb\" data-element_type=\"widget\" data-e-type=\"widget\" data-widget_type=\"text-editor.default\">\n\t\t\t\t\t\t\t\t\t<h2>\u00a0<\/h2><h2>1 Geographie \/ Geologie<\/h2><p><strong>\u00a0<\/strong>Die S.A. Calcaire de Vinalmont baut in Vinalmont einen blauen Stein namens \"MASKALKSTEEN - STEEN VAN VINALMONT\" ab. Der Steinbruch befindet sich in Vinalmont, im Tal Fonds du Roua, westlich des Zentrums von Vinalmont, an der Nordflanke des Synclinoriums von Namur. Lambert-Koordinaten: N 50\u00b0 34' 6'' E 5\u00b0 12' 10''.<\/p><p>Das Material wird als Bau- und Werkstein verwendet. Im Steinbruch wird ein kompakter, feink\u00f6rniger, nicht por\u00f6ser Kalkstein abgebaut, der im geschnittenen Zustand eine hellgraue bis grau-beige Farbe hat und im frisch gebrochenen Zustand eine dunkelgraue Farbe aufweist. Das Gestein weist eine f\u00fcr dieses Material typische hellgraue Patina auf. Die abgebauten Schichten befinden sich auf der Nordseite des Namur-Beckens, \u00f6stlich der Mehaigne, und bilden die Neffe-Formation aus dem Obermoliniacium, Serie Visean (V2a) - Mississippium, Unterkarbon.<\/p><p>Das massive Gestein wird fast senkrecht zur Schichtung von drei Serien von Diaklonen durchschnitten. Der Abbau erfolgt unter freiem Himmel; die B\u00e4nke haben eine Ausdehnung von etwa N72\u00b0-81\u00b0O und eine Neigung von 5\u00b0-10\u00b0S.<\/p><p>Die gesamte abbaubare M\u00e4chtigkeit in einem St\u00fcck betr\u00e4gt etwa 38 m. Die Genehmigung betrifft die Teile des Steinbruchs von \u00e4hnlicher Qualit\u00e4t, d. h. die homogene, wenig stilolithhaltige hellgraue massive Bank von 30 m M\u00e4chtigkeit, deren Farbe hellgrau ist, was auf dem Coup\u00e9 deutlich zu erkennen ist (siehe S. 5, Anhang 1, geologisches Coup\u00e9). Diese stark gezahnten Stylolithen (Elektrokardiogrammform) sind typisch f\u00fcr das Vinalmont-Gestein. Wenn sie verschmolzen und geschlossen sind, erm\u00f6glichen sie sowohl eine Nutzung senkrecht zur Schichtung (Gegenpass) als auch parallel zur Schichtung (Pass).<\/p><p>Adern, die schlecht verwachsen und sehr fein sind (weniger als 0,1 mm), sind abzulehnen, da sie bevorzugte Bruchstellen des Gesteins bilden. Letztere brechen in der Regel bei der Gesteinsaufbereitung.<\/p><h2>2 Petrographie \/ Lithologie<\/h2><p><strong>\u00a0<\/strong><u>Makroskopische Beschreibung<\/u>MASKALKSTEEN - STEIN VON VINALMONT\" ist ein chemisch sehr reiner, oolithischer, kompakter Kalkstein sediment\u00e4ren Ursprungs mit einer homogenen Textur, die durch die Patina zum Ausdruck kommt. Die Farbe des Gesteins ist im geschnittenen Zustand hellgrau bis grau-beige und im frisch gebrochenen Zustand dunkelgrau. Das Gestein weist eine f\u00fcr dieses Material typische hellgraue Patina auf. Diese altersbedingte und in der Zusammensetzung des Gesteins liegende Patina muss bei Restaurierungsarbeiten ber\u00fccksichtigt werden. Der Kalkstein enth\u00e4lt Korallenfragmente (einige B\u00e4nke sind reich an Korallen des Typs Siphonodendron) sowie Muschelschalen von Brachiopoden und Gastropoden.<\/p><p>Gem\u00e4\u00df PTV 819-4 \"Klassifizierung von Gesteinen im Rahmen der Homologation mit Bezug auf EN 12670\" handelt es sich um ein sediment\u00e4res Karbonatgestein - oolithischer Kalkstein: 2.2.1.3.<\/p><p><u>Mikroskopische Beschreibung<\/u>MASKALKSTEEN - STEIN VON VINALMONT\" ist ein oolithischer bioklastischer Kalkstein, der reich an Granulaten ist. Das Gestein besteht haupts\u00e4chlich aus einer an Mikrofossilien reichen Fauna, deren Foraminiferen eine Altersdiagnose darstellen, und weist eine Packstein- bis Kornsteintextur (DUNHAM-Klassifikation) oder einen Biosparit bis Biomikrit (FOLK-Klassifikation) auf (siehe EN 12670). Andere lithologische Besonderheiten k\u00f6nnen vorhanden sein.<\/p><p><u>Zusammensetzung (zur Information)<\/u>Die durchschnittliche Zusammensetzung betr\u00e4gt 99% Calciumcarbonat (CaCO3), 0,5% bis 1% Silizium (SiO2), Eisen-, Mangan- und Magnesiumoxide.<\/p><h2>\u00a0<\/h2>\t\t\t\t\t\t\t\t<\/div>\n\t\t<div class=\"elementor-element elementor-element-db24b32 e-flex e-con-boxed e-con e-child\" data-id=\"db24b32\" data-element_type=\"container\" data-e-type=\"container\">\n\t\t\t\t\t<div class=\"e-con-inner\">\n\t\t\t\t<div class=\"elementor-element elementor-element-1b2bfc4 elementor-widget elementor-widget-image\" data-id=\"1b2bfc4\" data-element_type=\"widget\" data-e-type=\"widget\" data-widget_type=\"image.default\">\n\t\t\t\t\t\t\t\t\t\t\t\t\t\t\t<img fetchpriority=\"high\" decoding=\"async\" width=\"738\" height=\"591\" src=\"https:\/\/renier.be\/wp-content\/uploads\/2024\/08\/Eigenschappen-materiaal-Vinalmont.jpg\" class=\"attachment-full size-full wp-image-1188\" alt=\"\" srcset=\"https:\/\/renier.be\/wp-content\/uploads\/2024\/08\/Eigenschappen-materiaal-Vinalmont.jpg 738w, https:\/\/renier.be\/wp-content\/uploads\/2024\/08\/Eigenschappen-materiaal-Vinalmont-300x240.jpg 300w, https:\/\/renier.be\/wp-content\/uploads\/2024\/08\/Eigenschappen-materiaal-Vinalmont-600x480.jpg 600w\" sizes=\"(max-width: 738px) 100vw, 738px\" \/>\t\t\t\t\t\t\t\t\t\t\t\t\t\t\t<\/div>\n\t\t\t\t\t<\/div>\n\t\t\t\t<\/div>\n\t\t\t\t<\/div>\n\t\t<div class=\"elementor-element elementor-element-494fe71 e-con-full e-flex e-con e-child\" data-id=\"494fe71\" data-element_type=\"container\" data-e-type=\"container\">\n\t\t\t\t<div class=\"elementor-element elementor-element-c60bb32 elementor-widget elementor-widget-button\" data-id=\"c60bb32\" data-element_type=\"widget\" data-e-type=\"widget\" data-widget_type=\"button.default\">\n\t\t\t\t\t\t\t\t\t\t<a class=\"elementor-button elementor-button-link elementor-size-sm\" href=\"https:\/\/renier.be\/wp-content\/uploads\/2024\/08\/ATGH798-Vinalmont-Nederlands.pdf\">\n\t\t\t\t\t\t<span class=\"elementor-button-content-wrapper\">\n\t\t\t\t\t\t\t\t\t<span class=\"elementor-button-text\">Klicken Sie hier f\u00fcr das vollst\u00e4ndige ATG-Zertifikat<\/span>\n\t\t\t\t\t<\/span>\n\t\t\t\t\t<\/a>\n\t\t\t\t\t\t\t\t<\/div>\n\t\t\t\t<\/div>\n\t\t\t\t\t<\/div>\n\t\t\t\t<\/div>\n\t\t\t\t<\/div>","protected":false},"excerpt":{"rendered":"<p>Maaskalksteen van Vinalmont \u00a0 1\u00a0 \u00a0Geogra\ufb01e \/ Geologie \u00a0De N.V. Calcaire de Vinalmont ontgint in Vinalmont een blauwe steen genaamd \u201cMAASKALKSTEEN &#8211; STEEN VAN VINALMONT\u201d. De groeve bevindt zich te Vinalmont, in de vallei Fonds du Roua, ten westen van het centrum van Vinalmont, in de noordflank van het Synclinorium van Namen. Lambert-co\u00f6rdinaten: N 50\u00b0 [&hellip;]<\/p>\n","protected":false},"author":2,"featured_media":0,"parent":0,"menu_order":0,"comment_status":"closed","ping_status":"closed","template":"","meta":{"_acf_changed":false,"footnotes":""},"class_list":["post-1166","page","type-page","status-publish","hentry"],"acf":[],"yoast_head":"<!-- This site is optimized with the Yoast SEO plugin v27.3 - https:\/\/yoast.com\/product\/yoast-seo-wordpress\/ -->\n<title>Technische Specificaties Materiaal Vinalmont - Renier Natuursteen<\/title>\n<meta name=\"robots\" content=\"index, follow, max-snippet:-1, max-image-preview:large, max-video-preview:-1\" \/>\n<link rel=\"canonical\" href=\"https:\/\/renier.be\/de\/vinalmont\/\" \/>\n<meta property=\"og:locale\" content=\"de_DE\" \/>\n<meta property=\"og:type\" content=\"article\" \/>\n<meta property=\"og:title\" content=\"Technische Specificaties Materiaal Vinalmont - Renier Natuursteen\" \/>\n<meta property=\"og:description\" content=\"Maaskalksteen van Vinalmont \u00a0 1\u00a0 \u00a0Geogra\ufb01e \/ Geologie \u00a0De N.V. Calcaire de Vinalmont ontgint in Vinalmont een blauwe steen genaamd \u201cMAASKALKSTEEN &#8211; STEEN VAN VINALMONT\u201d. De groeve bevindt zich te Vinalmont, in de vallei Fonds du Roua, ten westen van het centrum van Vinalmont, in de noordflank van het Synclinorium van Namen. Lambert-co\u00f6rdinaten: N 50\u00b0 [&hellip;]\" \/>\n<meta property=\"og:url\" content=\"https:\/\/renier.be\/de\/vinalmont\/\" \/>\n<meta property=\"og:site_name\" content=\"Renier Natuursteen\" \/>\n<meta property=\"article:publisher\" content=\"https:\/\/www.facebook.com\/reniernatuursteen\" \/>\n<meta property=\"article:modified_time\" content=\"2024-08-20T15:13:43+00:00\" \/>\n<meta property=\"og:image\" content=\"https:\/\/renier.be\/wp-content\/uploads\/2024\/08\/Eigenschappen-materiaal-Vinalmont.jpg\" \/>\n<meta name=\"twitter:card\" content=\"summary_large_image\" \/>\n<meta name=\"twitter:label1\" content=\"Gesch\u00e4tzte Lesezeit\" \/>\n\t<meta name=\"twitter:data1\" content=\"3\u00a0Minuten\" \/>\n<script type=\"application\/ld+json\" class=\"yoast-schema-graph\">{\"@context\":\"https:\\\/\\\/schema.org\",\"@graph\":[{\"@type\":\"WebPage\",\"@id\":\"https:\\\/\\\/renier.be\\\/vinalmont\\\/\",\"url\":\"https:\\\/\\\/renier.be\\\/vinalmont\\\/\",\"name\":\"Technische Specificaties Materiaal Vinalmont - Renier Natuursteen\",\"isPartOf\":{\"@id\":\"https:\\\/\\\/renier.be\\\/#website\"},\"primaryImageOfPage\":{\"@id\":\"https:\\\/\\\/renier.be\\\/vinalmont\\\/#primaryimage\"},\"image\":{\"@id\":\"https:\\\/\\\/renier.be\\\/vinalmont\\\/#primaryimage\"},\"thumbnailUrl\":\"https:\\\/\\\/renier.be\\\/wp-content\\\/uploads\\\/2024\\\/08\\\/Eigenschappen-materiaal-Vinalmont.jpg\",\"datePublished\":\"2024-08-13T08:55:30+00:00\",\"dateModified\":\"2024-08-20T15:13:43+00:00\",\"breadcrumb\":{\"@id\":\"https:\\\/\\\/renier.be\\\/vinalmont\\\/#breadcrumb\"},\"inLanguage\":\"de\",\"potentialAction\":[{\"@type\":\"ReadAction\",\"target\":[\"https:\\\/\\\/renier.be\\\/vinalmont\\\/\"]}]},{\"@type\":\"ImageObject\",\"inLanguage\":\"de\",\"@id\":\"https:\\\/\\\/renier.be\\\/vinalmont\\\/#primaryimage\",\"url\":\"https:\\\/\\\/renier.be\\\/wp-content\\\/uploads\\\/2024\\\/08\\\/Eigenschappen-materiaal-Vinalmont.jpg\",\"contentUrl\":\"https:\\\/\\\/renier.be\\\/wp-content\\\/uploads\\\/2024\\\/08\\\/Eigenschappen-materiaal-Vinalmont.jpg\"},{\"@type\":\"BreadcrumbList\",\"@id\":\"https:\\\/\\\/renier.be\\\/vinalmont\\\/#breadcrumb\",\"itemListElement\":[{\"@type\":\"ListItem\",\"position\":1,\"name\":\"Home\",\"item\":\"https:\\\/\\\/renier.be\\\/\"},{\"@type\":\"ListItem\",\"position\":2,\"name\":\"Technische Specificaties Materiaal Vinalmont\"}]},{\"@type\":\"WebSite\",\"@id\":\"https:\\\/\\\/renier.be\\\/#website\",\"url\":\"https:\\\/\\\/renier.be\\\/\",\"name\":\"Renier Natuursteen\",\"description\":\"Specialist in Belgisch Blauwe Hardsteen\",\"publisher\":{\"@id\":\"https:\\\/\\\/renier.be\\\/#organization\"},\"potentialAction\":[{\"@type\":\"SearchAction\",\"target\":{\"@type\":\"EntryPoint\",\"urlTemplate\":\"https:\\\/\\\/renier.be\\\/?s={search_term_string}\"},\"query-input\":{\"@type\":\"PropertyValueSpecification\",\"valueRequired\":true,\"valueName\":\"search_term_string\"}}],\"inLanguage\":\"de\"},{\"@type\":\"Organization\",\"@id\":\"https:\\\/\\\/renier.be\\\/#organization\",\"name\":\"Renier Natuursteen\",\"url\":\"https:\\\/\\\/renier.be\\\/\",\"logo\":{\"@type\":\"ImageObject\",\"inLanguage\":\"de\",\"@id\":\"https:\\\/\\\/renier.be\\\/#\\\/schema\\\/logo\\\/image\\\/\",\"url\":\"\",\"contentUrl\":\"\",\"caption\":\"Renier Natuursteen\"},\"image\":{\"@id\":\"https:\\\/\\\/renier.be\\\/#\\\/schema\\\/logo\\\/image\\\/\"},\"sameAs\":[\"https:\\\/\\\/www.facebook.com\\\/reniernatuursteen\"]}]}<\/script>\n<!-- \/ Yoast SEO plugin. -->","yoast_head_json":{"title":"Technische Daten Material Vinalmont - Renier Naturstein","robots":{"index":"index","follow":"follow","max-snippet":"max-snippet:-1","max-image-preview":"max-image-preview:large","max-video-preview":"max-video-preview:-1"},"canonical":"https:\/\/renier.be\/de\/vinalmont\/","og_locale":"de_DE","og_type":"article","og_title":"Technische Specificaties Materiaal Vinalmont - Renier Natuursteen","og_description":"Maaskalksteen van Vinalmont \u00a0 1\u00a0 \u00a0Geogra\ufb01e \/ Geologie \u00a0De N.V. Calcaire de Vinalmont ontgint in Vinalmont een blauwe steen genaamd \u201cMAASKALKSTEEN &#8211; STEEN VAN VINALMONT\u201d. De groeve bevindt zich te Vinalmont, in de vallei Fonds du Roua, ten westen van het centrum van Vinalmont, in de noordflank van het Synclinorium van Namen. Lambert-co\u00f6rdinaten: N 50\u00b0 [&hellip;]","og_url":"https:\/\/renier.be\/de\/vinalmont\/","og_site_name":"Renier Natuursteen","article_publisher":"https:\/\/www.facebook.com\/reniernatuursteen","article_modified_time":"2024-08-20T15:13:43+00:00","og_image":[{"url":"https:\/\/renier.be\/wp-content\/uploads\/2024\/08\/Eigenschappen-materiaal-Vinalmont.jpg","type":"","width":"","height":""}],"twitter_card":"summary_large_image","twitter_misc":{"Gesch\u00e4tzte Lesezeit":"3\u00a0Minuten"},"schema":{"@context":"https:\/\/schema.org","@graph":[{"@type":"WebPage","@id":"https:\/\/renier.be\/vinalmont\/","url":"https:\/\/renier.be\/vinalmont\/","name":"Technische Daten Material Vinalmont - Renier Naturstein","isPartOf":{"@id":"https:\/\/renier.be\/#website"},"primaryImageOfPage":{"@id":"https:\/\/renier.be\/vinalmont\/#primaryimage"},"image":{"@id":"https:\/\/renier.be\/vinalmont\/#primaryimage"},"thumbnailUrl":"https:\/\/renier.be\/wp-content\/uploads\/2024\/08\/Eigenschappen-materiaal-Vinalmont.jpg","datePublished":"2024-08-13T08:55:30+00:00","dateModified":"2024-08-20T15:13:43+00:00","breadcrumb":{"@id":"https:\/\/renier.be\/vinalmont\/#breadcrumb"},"inLanguage":"de","potentialAction":[{"@type":"ReadAction","target":["https:\/\/renier.be\/vinalmont\/"]}]},{"@type":"ImageObject","inLanguage":"de","@id":"https:\/\/renier.be\/vinalmont\/#primaryimage","url":"https:\/\/renier.be\/wp-content\/uploads\/2024\/08\/Eigenschappen-materiaal-Vinalmont.jpg","contentUrl":"https:\/\/renier.be\/wp-content\/uploads\/2024\/08\/Eigenschappen-materiaal-Vinalmont.jpg"},{"@type":"BreadcrumbList","@id":"https:\/\/renier.be\/vinalmont\/#breadcrumb","itemListElement":[{"@type":"ListItem","position":1,"name":"Home","item":"https:\/\/renier.be\/"},{"@type":"ListItem","position":2,"name":"Technische Specificaties Materiaal Vinalmont"}]},{"@type":"WebSite","@id":"https:\/\/renier.be\/#website","url":"https:\/\/renier.be\/","name":"Renier Naturstein","description":"Spezialist f\u00fcr belgischen Blaustein","publisher":{"@id":"https:\/\/renier.be\/#organization"},"potentialAction":[{"@type":"SearchAction","target":{"@type":"EntryPoint","urlTemplate":"https:\/\/renier.be\/?s={search_term_string}"},"query-input":{"@type":"PropertyValueSpecification","valueRequired":true,"valueName":"search_term_string"}}],"inLanguage":"de"},{"@type":"Organization","@id":"https:\/\/renier.be\/#organization","name":"Renier Naturstein","url":"https:\/\/renier.be\/","logo":{"@type":"ImageObject","inLanguage":"de","@id":"https:\/\/renier.be\/#\/schema\/logo\/image\/","url":"","contentUrl":"","caption":"Renier Natuursteen"},"image":{"@id":"https:\/\/renier.be\/#\/schema\/logo\/image\/"},"sameAs":["https:\/\/www.facebook.com\/reniernatuursteen"]}]}},"_links":{"self":[{"href":"https:\/\/renier.be\/de\/wp-json\/wp\/v2\/pages\/1166","targetHints":{"allow":["GET"]}}],"collection":[{"href":"https:\/\/renier.be\/de\/wp-json\/wp\/v2\/pages"}],"about":[{"href":"https:\/\/renier.be\/de\/wp-json\/wp\/v2\/types\/page"}],"author":[{"embeddable":true,"href":"https:\/\/renier.be\/de\/wp-json\/wp\/v2\/users\/2"}],"replies":[{"embeddable":true,"href":"https:\/\/renier.be\/de\/wp-json\/wp\/v2\/comments?post=1166"}],"version-history":[{"count":0,"href":"https:\/\/renier.be\/de\/wp-json\/wp\/v2\/pages\/1166\/revisions"}],"wp:attachment":[{"href":"https:\/\/renier.be\/de\/wp-json\/wp\/v2\/media?parent=1166"}],"curies":[{"name":"wp","href":"https:\/\/api.w.org\/{rel}","templated":true}]}}