{"id":1205,"date":"2024-08-13T11:17:04","date_gmt":"2024-08-13T09:17:04","guid":{"rendered":"https:\/\/renier.be\/?page_id=1205"},"modified":"2024-08-20T17:13:49","modified_gmt":"2024-08-20T15:13:49","slug":"vinalmont-fr","status":"publish","type":"page","link":"https:\/\/renier.be\/de\/vinalmont-fr\/","title":{"rendered":"Technische Daten Material Vinalmont FR"},"content":{"rendered":"<div data-elementor-type=\"wp-page\" data-elementor-id=\"1205\" class=\"elementor elementor-1205\" data-elementor-post-type=\"page\">\n\t\t\t\t<div class=\"elementor-element elementor-element-88d9410 e-flex e-con-boxed e-con e-parent\" data-id=\"88d9410\" data-element_type=\"container\" data-e-type=\"container\">\n\t\t\t\t\t<div class=\"e-con-inner\">\n\t\t<div class=\"elementor-element elementor-element-00ff55e e-con-full e-flex e-con e-child\" data-id=\"00ff55e\" data-element_type=\"container\" data-e-type=\"container\">\n\t\t<div class=\"elementor-element elementor-element-2aa7b9f e-con-full e-flex e-con e-child\" data-id=\"2aa7b9f\" data-element_type=\"container\" data-e-type=\"container\" data-settings=\"{&quot;position&quot;:&quot;absolute&quot;}\">\n\t\t\t\t<div class=\"elementor-element elementor-element-b838a02 elementor-widget elementor-widget-heading\" data-id=\"b838a02\" data-element_type=\"widget\" data-e-type=\"widget\" data-widget_type=\"heading.default\">\n\t\t\t\t\t<h2 class=\"elementor-heading-title elementor-size-default\">Maas-Kalkstein aus Vinalmont<\/h2>\t\t\t\t<\/div>\n\t\t\t\t<\/div>\n\t\t\t\t<div class=\"elementor-element elementor-element-84eeb22 elementor-widget__width-initial elementor-widget elementor-widget-text-editor\" data-id=\"84eeb22\" data-element_type=\"widget\" data-e-type=\"widget\" data-widget_type=\"text-editor.default\">\n\t\t\t\t\t\t\t\t\t<h2>\u00a0<\/h2><h2>1 G\u00e9ographie \/ G\u00e9ologie<\/h2><p><strong>\u00a0<\/strong>Die S.A. Calcaire de Vinalmont baut in Vinalmont einen blauen Stein ab, der unter der Bezeichnung \"PIERRE CALCAIRE DE MEUSE - PIERRE DE VINALMONT\" vermarktet wird. Das Unternehmen befindet sich in Vinalmont, in dem als \"Fonds du Roua\" bezeichneten Tal, \u00f6stlich des Zentrums von Vinalmont, im n\u00f6rdlichen Teil des Synclinoriums von Namur. Lambert-Koordinaten: N 50\u00b0 34' 6'' E 5\u00b0 12' 10''.<\/p><p>Das Material wird als Konstruktions- und Dekorationsstein verwendet. In der Karosserie wird ein kompaktes, porenfreies Kalksandsteinmaterial verwendet, das auf der Vorderseite grau-beige und auf der R\u00fcckseite wei\u00df-grau gef\u00e4rbt ist. Das Material ist mit einer speziellen grauen Farbe durchzogen. Die ausgebeuteten Fl\u00e4chen befinden sich am n\u00f6rdlichen Rand des Namur-Beckens, \u00f6stlich von M\u00e9haigne, und bilden die Formation de Neffe aus dem oberen Moliniacien, dem visuellen (V2a)-Mississippien und dem unteren Carbonif\u00e8re.<\/p><p>Das Gestein ist massiv und wird von drei Diaclas-Ebenen durchzogen, die fast senkrecht zu den L\u00f6chern verlaufen. Die Ausbeutung erfolgt unter freiem Himmel; die B\u00e4nke haben eine Richtung von etwa N72\u00b0-81\u00b0E und eine Neigung von 5\u00b0-10\u00b0S.<\/p><p>Die Gesamtst\u00e4rke eines einzigen P\u00e4chters betr\u00e4gt etwa 38 m. Das Urteil betrifft die qualitativ vergleichbaren Teile der Karosserie, d. h. die Gesamtheit des homogenen Massivs von 30 m L\u00e4nge und grauer Farbe, das auf der Karte deutlich zu erkennen ist (vgl. S. 5, Anhang 1, geologische Karte) und nur wenige Styrolithen enth\u00e4lt. Diese stark eingedr\u00fcckten Stylolithen (Form des Elektrokardiogramms) sind besonders im Vinalmont-Pierre zu finden. Wenn sie gebrannt sind, erm\u00f6glichen sie die Entnahme von Bl\u00f6cken im Gegen- oder Vorw\u00e4rtsgang.<\/p><p>Kalkablagerungen, wenn sie schlecht durchfeuchtet und sehr d\u00fcnn sind (unter 0,1 mm), sind auszuschlie\u00dfen, da sie besonders gef\u00e4hrdete Stellen f\u00fcr den Riss des Gewebes darstellen. Sie treten in der Regel bei der Umwandlung des Rohres auf.<\/p><p>\u00a0<\/p><p>\u00a0<\/p><h2>2 Petrographie \/ Lithologie<\/h2><p><strong>\u00a0<\/strong><u>Makroskopische Beschreibung:<\/u> \"PIERRE CALCAIRE DE MEUSE - PIERRE DE VINALMONT\" ist ein kompakter Oolith-Kalk mit sehr hoher chemischer Reinheit und homogener Textur, der eine durch das Gestein verdeutlichte Schichtung aufweist. Die Teinte ist auf der Vorderseite gris clair bis gris-beige und auf der R\u00fcckseite gris fonc\u00e9. La pierre prend une patine gris clair sp\u00e9cifique \u00e0 ce mat\u00e9riau. Dieser durch die Alterung bedingte und von der Zusammensetzung des Steins abweichende Belag sollte bei der Restaurierung ber\u00fccksichtigt werden. Der Kalk enth\u00e4lt Korallenfragmente (einige Tanks sind reich an Korallen der Gattung Siphonodendron) sowie Brachiopoden- und Gast\u00e9ropoden-Kokillen.<\/p><p>Gem\u00e4\u00df PTV 819-4 \"Classifications des roches dans le cadre de l'homologation en r\u00e9f\u00e9rence \u00e0 la NBN EN 12670\", il s'agit d'une roche s\u00e9dimentaire carbonat\u00e9e - calcaire o\u00f6lithique: 2.2.1.3.<\/p><p><u>Mikroskopische Beschreibung<\/u>PIERRE CALCAIRE DE MEUSE - PIERRE DE VINALMONT\" ist ein oolithischer Biokalk, der reich an Pellets ist. Das Gestein besteht haupts\u00e4chlich aus abnormalen Mikrofossilien, darunter altersdiagnostische Foraminiferen, die eine Textur von Packstein bis Kornstein (Klassifizierung DUNHAM) oder von Biosparit bis Biomikrit (Klassifizierung FOLK, vgl. NBN EN 12670) aufweisen. Weitere lithologische Besonderheiten k\u00f6nnen vorhanden sein.<\/p><p><u>Zusammensetzung (inoffizieller Titel)<\/u>Die durchschnittliche Zusammensetzung betr\u00e4gt 99 % Calciumcarbonat (CaCO3) absolut, 0,5% bis 1% Silizium (SiO2), Eisen-, Mangan- und Magnesiumoxide.<\/p><h2><br \/><br \/><\/h2>\t\t\t\t\t\t\t\t<\/div>\n\t\t<div class=\"elementor-element elementor-element-dcbb0dc e-flex e-con-boxed e-con e-child\" data-id=\"dcbb0dc\" data-element_type=\"container\" data-e-type=\"container\">\n\t\t\t\t\t<div class=\"e-con-inner\">\n\t\t\t\t<div class=\"elementor-element elementor-element-ce4fad2 elementor-widget elementor-widget-image\" data-id=\"ce4fad2\" data-element_type=\"widget\" data-e-type=\"widget\" data-widget_type=\"image.default\">\n\t\t\t\t\t\t\t\t\t\t\t\t\t\t\t<img fetchpriority=\"high\" decoding=\"async\" width=\"710\" height=\"573\" src=\"https:\/\/renier.be\/wp-content\/uploads\/2024\/08\/Eigenschappen-materiaal-Vinalmont-FR.jpg\" class=\"attachment-full size-full wp-image-1208\" alt=\"\" srcset=\"https:\/\/renier.be\/wp-content\/uploads\/2024\/08\/Eigenschappen-materiaal-Vinalmont-FR.jpg 710w, https:\/\/renier.be\/wp-content\/uploads\/2024\/08\/Eigenschappen-materiaal-Vinalmont-FR-300x242.jpg 300w, https:\/\/renier.be\/wp-content\/uploads\/2024\/08\/Eigenschappen-materiaal-Vinalmont-FR-600x484.jpg 600w\" sizes=\"(max-width: 710px) 100vw, 710px\" \/>\t\t\t\t\t\t\t\t\t\t\t\t\t\t\t<\/div>\n\t\t\t\t\t<\/div>\n\t\t\t\t<\/div>\n\t\t\t\t<\/div>\n\t\t<div class=\"elementor-element elementor-element-1d1a8a1 e-con-full e-flex e-con e-child\" data-id=\"1d1a8a1\" data-element_type=\"container\" data-e-type=\"container\">\n\t\t\t\t<div class=\"elementor-element elementor-element-4f19653 elementor-widget elementor-widget-button\" data-id=\"4f19653\" data-element_type=\"widget\" data-e-type=\"widget\" data-widget_type=\"button.default\">\n\t\t\t\t\t\t\t\t\t\t<a class=\"elementor-button elementor-button-link elementor-size-sm\" href=\"https:\/\/renier.be\/wp-content\/uploads\/2024\/08\/ATGH798-Vinalmont-Frans-1.pdf\">\n\t\t\t\t\t\t<span class=\"elementor-button-content-wrapper\">\n\t\t\t\t\t\t\t\t\t<span class=\"elementor-button-text\">Cliquez ici pour le certificat ATG complet<\/span>\n\t\t\t\t\t<\/span>\n\t\t\t\t\t<\/a>\n\t\t\t\t\t\t\t\t<\/div>\n\t\t\t\t<\/div>\n\t\t\t\t\t<\/div>\n\t\t\t\t<\/div>\n\t\t\t\t<\/div>","protected":false},"excerpt":{"rendered":"<p>\/*! elementor &#8211; v3.23.0 &#8211; 05-08-2024 *\/ .elementor-heading-title{padding:0;margin:0;line-height:1}.elementor-widget-heading .elementor-heading-title[class*=elementor-size-]&gt;a{color:inherit;font-size:inherit;line-height:inherit}.elementor-widget-heading .elementor-heading-title.elementor-size-small{font-size:15px}.elementor-widget-heading .elementor-heading-title.elementor-size-medium{font-size:19px}.elementor-widget-heading .elementor-heading-title.elementor-size-large{font-size:29px}.elementor-widget-heading .elementor-heading-title.elementor-size-xl{font-size:39px}.elementor-widget-heading .elementor-heading-title.elementor-size-xxl{font-size:59px} Maaskalksteen van Vinalmont \u00a0 1\u00a0 \u00a0 G\u00e9ographie \/ G\u00e9ologie \u00a0La S.A. Calcaire de Vinalmont exploite \u00e0 Vinalmont une pierre bleue dite et commercialis\u00e9e sous l&#8217;appellation &#8220;PIERRE CALCAIRE DE MEUSE &#8211; PIERRE DE VINALMONT&#8221;. La carri\u00e8re est situ\u00e9e \u00e0 Vinalmont, dans la [&hellip;]<\/p>\n","protected":false},"author":2,"featured_media":0,"parent":0,"menu_order":0,"comment_status":"closed","ping_status":"closed","template":"","meta":{"_acf_changed":false,"footnotes":""},"class_list":["post-1205","page","type-page","status-publish","hentry"],"acf":[],"yoast_head":"<!-- This site is optimized with the Yoast SEO plugin v27.5 - https:\/\/yoast.com\/product\/yoast-seo-wordpress\/ -->\n<title>Technische Specificaties Materiaal Vinalmont FR - Renier Natuursteen<\/title>\n<meta name=\"robots\" content=\"index, follow, max-snippet:-1, max-image-preview:large, max-video-preview:-1\" \/>\n<link rel=\"canonical\" href=\"https:\/\/renier.be\/de\/vinalmont-fr\/\" \/>\n<meta property=\"og:locale\" content=\"de_DE\" \/>\n<meta property=\"og:type\" content=\"article\" \/>\n<meta property=\"og:title\" content=\"Technische Specificaties Materiaal Vinalmont FR - Renier Natuursteen\" \/>\n<meta property=\"og:description\" content=\"\/*! elementor &#8211; v3.23.0 &#8211; 05-08-2024 *\/ .elementor-heading-title{padding:0;margin:0;line-height:1}.elementor-widget-heading .elementor-heading-title[class*=elementor-size-]&gt;a{color:inherit;font-size:inherit;line-height:inherit}.elementor-widget-heading .elementor-heading-title.elementor-size-small{font-size:15px}.elementor-widget-heading .elementor-heading-title.elementor-size-medium{font-size:19px}.elementor-widget-heading .elementor-heading-title.elementor-size-large{font-size:29px}.elementor-widget-heading .elementor-heading-title.elementor-size-xl{font-size:39px}.elementor-widget-heading .elementor-heading-title.elementor-size-xxl{font-size:59px} Maaskalksteen van Vinalmont \u00a0 1\u00a0 \u00a0 G\u00e9ographie \/ G\u00e9ologie \u00a0La S.A. Calcaire de Vinalmont exploite \u00e0 Vinalmont une pierre bleue dite et commercialis\u00e9e sous l&#8217;appellation &#8220;PIERRE CALCAIRE DE MEUSE &#8211; PIERRE DE VINALMONT&#8221;. La carri\u00e8re est situ\u00e9e \u00e0 Vinalmont, dans la [&hellip;]\" \/>\n<meta property=\"og:url\" content=\"https:\/\/renier.be\/de\/vinalmont-fr\/\" \/>\n<meta property=\"og:site_name\" content=\"Renier Natuursteen\" \/>\n<meta property=\"article:publisher\" content=\"https:\/\/www.facebook.com\/reniernatuursteen\" \/>\n<meta property=\"article:modified_time\" content=\"2024-08-20T15:13:49+00:00\" \/>\n<meta property=\"og:image\" content=\"https:\/\/renier.be\/wp-content\/uploads\/2024\/08\/Eigenschappen-materiaal-Vinalmont-FR.jpg\" \/>\n<meta name=\"twitter:card\" content=\"summary_large_image\" \/>\n<meta name=\"twitter:label1\" content=\"Gesch\u00e4tzte Lesezeit\" \/>\n\t<meta name=\"twitter:data1\" content=\"3\u00a0Minuten\" \/>\n<script type=\"application\/ld+json\" class=\"yoast-schema-graph\">{\"@context\":\"https:\\\/\\\/schema.org\",\"@graph\":[{\"@type\":\"WebPage\",\"@id\":\"https:\\\/\\\/renier.be\\\/vinalmont-fr\\\/\",\"url\":\"https:\\\/\\\/renier.be\\\/vinalmont-fr\\\/\",\"name\":\"Technische Specificaties Materiaal Vinalmont FR - Renier Natuursteen\",\"isPartOf\":{\"@id\":\"https:\\\/\\\/renier.be\\\/#website\"},\"primaryImageOfPage\":{\"@id\":\"https:\\\/\\\/renier.be\\\/vinalmont-fr\\\/#primaryimage\"},\"image\":{\"@id\":\"https:\\\/\\\/renier.be\\\/vinalmont-fr\\\/#primaryimage\"},\"thumbnailUrl\":\"https:\\\/\\\/renier.be\\\/wp-content\\\/uploads\\\/2024\\\/08\\\/Eigenschappen-materiaal-Vinalmont-FR.jpg\",\"datePublished\":\"2024-08-13T09:17:04+00:00\",\"dateModified\":\"2024-08-20T15:13:49+00:00\",\"breadcrumb\":{\"@id\":\"https:\\\/\\\/renier.be\\\/vinalmont-fr\\\/#breadcrumb\"},\"inLanguage\":\"de\",\"potentialAction\":[{\"@type\":\"ReadAction\",\"target\":[\"https:\\\/\\\/renier.be\\\/vinalmont-fr\\\/\"]}]},{\"@type\":\"ImageObject\",\"inLanguage\":\"de\",\"@id\":\"https:\\\/\\\/renier.be\\\/vinalmont-fr\\\/#primaryimage\",\"url\":\"https:\\\/\\\/renier.be\\\/wp-content\\\/uploads\\\/2024\\\/08\\\/Eigenschappen-materiaal-Vinalmont-FR.jpg\",\"contentUrl\":\"https:\\\/\\\/renier.be\\\/wp-content\\\/uploads\\\/2024\\\/08\\\/Eigenschappen-materiaal-Vinalmont-FR.jpg\"},{\"@type\":\"BreadcrumbList\",\"@id\":\"https:\\\/\\\/renier.be\\\/vinalmont-fr\\\/#breadcrumb\",\"itemListElement\":[{\"@type\":\"ListItem\",\"position\":1,\"name\":\"Home\",\"item\":\"https:\\\/\\\/renier.be\\\/\"},{\"@type\":\"ListItem\",\"position\":2,\"name\":\"Technische Specificaties Materiaal Vinalmont FR\"}]},{\"@type\":\"WebSite\",\"@id\":\"https:\\\/\\\/renier.be\\\/#website\",\"url\":\"https:\\\/\\\/renier.be\\\/\",\"name\":\"Renier Natuursteen\",\"description\":\"Specialist in Belgisch Blauwe Hardsteen\",\"publisher\":{\"@id\":\"https:\\\/\\\/renier.be\\\/#organization\"},\"potentialAction\":[{\"@type\":\"SearchAction\",\"target\":{\"@type\":\"EntryPoint\",\"urlTemplate\":\"https:\\\/\\\/renier.be\\\/?s={search_term_string}\"},\"query-input\":{\"@type\":\"PropertyValueSpecification\",\"valueRequired\":true,\"valueName\":\"search_term_string\"}}],\"inLanguage\":\"de\"},{\"@type\":\"Organization\",\"@id\":\"https:\\\/\\\/renier.be\\\/#organization\",\"name\":\"Renier Natuursteen\",\"url\":\"https:\\\/\\\/renier.be\\\/\",\"logo\":{\"@type\":\"ImageObject\",\"inLanguage\":\"de\",\"@id\":\"https:\\\/\\\/renier.be\\\/#\\\/schema\\\/logo\\\/image\\\/\",\"url\":\"\",\"contentUrl\":\"\",\"caption\":\"Renier Natuursteen\"},\"image\":{\"@id\":\"https:\\\/\\\/renier.be\\\/#\\\/schema\\\/logo\\\/image\\\/\"},\"sameAs\":[\"https:\\\/\\\/www.facebook.com\\\/reniernatuursteen\"]}]}<\/script>\n<!-- \/ Yoast SEO plugin. -->","yoast_head_json":{"title":"Technische Daten Material Vinalmont FR - Renier Naturstein","robots":{"index":"index","follow":"follow","max-snippet":"max-snippet:-1","max-image-preview":"max-image-preview:large","max-video-preview":"max-video-preview:-1"},"canonical":"https:\/\/renier.be\/de\/vinalmont-fr\/","og_locale":"de_DE","og_type":"article","og_title":"Technische Specificaties Materiaal Vinalmont FR - Renier Natuursteen","og_description":"\/*! elementor &#8211; v3.23.0 &#8211; 05-08-2024 *\/ .elementor-heading-title{padding:0;margin:0;line-height:1}.elementor-widget-heading .elementor-heading-title[class*=elementor-size-]&gt;a{color:inherit;font-size:inherit;line-height:inherit}.elementor-widget-heading .elementor-heading-title.elementor-size-small{font-size:15px}.elementor-widget-heading .elementor-heading-title.elementor-size-medium{font-size:19px}.elementor-widget-heading .elementor-heading-title.elementor-size-large{font-size:29px}.elementor-widget-heading .elementor-heading-title.elementor-size-xl{font-size:39px}.elementor-widget-heading .elementor-heading-title.elementor-size-xxl{font-size:59px} Maaskalksteen van Vinalmont \u00a0 1\u00a0 \u00a0 G\u00e9ographie \/ G\u00e9ologie \u00a0La S.A. Calcaire de Vinalmont exploite \u00e0 Vinalmont une pierre bleue dite et commercialis\u00e9e sous l&#8217;appellation &#8220;PIERRE CALCAIRE DE MEUSE &#8211; PIERRE DE VINALMONT&#8221;. La carri\u00e8re est situ\u00e9e \u00e0 Vinalmont, dans la [&hellip;]","og_url":"https:\/\/renier.be\/de\/vinalmont-fr\/","og_site_name":"Renier Natuursteen","article_publisher":"https:\/\/www.facebook.com\/reniernatuursteen","article_modified_time":"2024-08-20T15:13:49+00:00","og_image":[{"url":"https:\/\/renier.be\/wp-content\/uploads\/2024\/08\/Eigenschappen-materiaal-Vinalmont-FR.jpg","type":"","width":"","height":""}],"twitter_card":"summary_large_image","twitter_misc":{"Gesch\u00e4tzte Lesezeit":"3\u00a0Minuten"},"schema":{"@context":"https:\/\/schema.org","@graph":[{"@type":"WebPage","@id":"https:\/\/renier.be\/vinalmont-fr\/","url":"https:\/\/renier.be\/vinalmont-fr\/","name":"Technische Daten Material Vinalmont FR - Renier Naturstein","isPartOf":{"@id":"https:\/\/renier.be\/#website"},"primaryImageOfPage":{"@id":"https:\/\/renier.be\/vinalmont-fr\/#primaryimage"},"image":{"@id":"https:\/\/renier.be\/vinalmont-fr\/#primaryimage"},"thumbnailUrl":"https:\/\/renier.be\/wp-content\/uploads\/2024\/08\/Eigenschappen-materiaal-Vinalmont-FR.jpg","datePublished":"2024-08-13T09:17:04+00:00","dateModified":"2024-08-20T15:13:49+00:00","breadcrumb":{"@id":"https:\/\/renier.be\/vinalmont-fr\/#breadcrumb"},"inLanguage":"de","potentialAction":[{"@type":"ReadAction","target":["https:\/\/renier.be\/vinalmont-fr\/"]}]},{"@type":"ImageObject","inLanguage":"de","@id":"https:\/\/renier.be\/vinalmont-fr\/#primaryimage","url":"https:\/\/renier.be\/wp-content\/uploads\/2024\/08\/Eigenschappen-materiaal-Vinalmont-FR.jpg","contentUrl":"https:\/\/renier.be\/wp-content\/uploads\/2024\/08\/Eigenschappen-materiaal-Vinalmont-FR.jpg"},{"@type":"BreadcrumbList","@id":"https:\/\/renier.be\/vinalmont-fr\/#breadcrumb","itemListElement":[{"@type":"ListItem","position":1,"name":"Home","item":"https:\/\/renier.be\/"},{"@type":"ListItem","position":2,"name":"Technische Specificaties Materiaal Vinalmont FR"}]},{"@type":"WebSite","@id":"https:\/\/renier.be\/#website","url":"https:\/\/renier.be\/","name":"Renier Naturstein","description":"Spezialist f\u00fcr belgischen Blaustein","publisher":{"@id":"https:\/\/renier.be\/#organization"},"potentialAction":[{"@type":"SearchAction","target":{"@type":"EntryPoint","urlTemplate":"https:\/\/renier.be\/?s={search_term_string}"},"query-input":{"@type":"PropertyValueSpecification","valueRequired":true,"valueName":"search_term_string"}}],"inLanguage":"de"},{"@type":"Organization","@id":"https:\/\/renier.be\/#organization","name":"Renier Naturstein","url":"https:\/\/renier.be\/","logo":{"@type":"ImageObject","inLanguage":"de","@id":"https:\/\/renier.be\/#\/schema\/logo\/image\/","url":"","contentUrl":"","caption":"Renier Natuursteen"},"image":{"@id":"https:\/\/renier.be\/#\/schema\/logo\/image\/"},"sameAs":["https:\/\/www.facebook.com\/reniernatuursteen"]}]}},"_links":{"self":[{"href":"https:\/\/renier.be\/de\/wp-json\/wp\/v2\/pages\/1205","targetHints":{"allow":["GET"]}}],"collection":[{"href":"https:\/\/renier.be\/de\/wp-json\/wp\/v2\/pages"}],"about":[{"href":"https:\/\/renier.be\/de\/wp-json\/wp\/v2\/types\/page"}],"author":[{"embeddable":true,"href":"https:\/\/renier.be\/de\/wp-json\/wp\/v2\/users\/2"}],"replies":[{"embeddable":true,"href":"https:\/\/renier.be\/de\/wp-json\/wp\/v2\/comments?post=1205"}],"version-history":[{"count":0,"href":"https:\/\/renier.be\/de\/wp-json\/wp\/v2\/pages\/1205\/revisions"}],"wp:attachment":[{"href":"https:\/\/renier.be\/de\/wp-json\/wp\/v2\/media?parent=1205"}],"curies":[{"name":"wp","href":"https:\/\/api.w.org\/{rel}","templated":true}]}}