{"id":142,"date":"2024-05-22T14:40:42","date_gmt":"2024-05-22T12:40:42","guid":{"rendered":"https:\/\/renier.be\/?page_id=142"},"modified":"2025-01-27T16:27:09","modified_gmt":"2025-01-27T15:27:09","slug":"bedingungen-und-konditionen","status":"publish","type":"page","link":"https:\/\/renier.be\/de\/algemene-voorwaarden\/","title":{"rendered":"Allgemeine Bedingungen und Konditionen"},"content":{"rendered":"<div data-elementor-type=\"wp-page\" data-elementor-id=\"142\" class=\"elementor elementor-142\" data-elementor-post-type=\"page\">\n\t\t\t\t<div class=\"elementor-element elementor-element-b4ccd9f e-flex e-con-boxed e-con e-parent\" data-id=\"b4ccd9f\" data-element_type=\"container\" data-e-type=\"container\">\n\t\t\t\t\t<div class=\"e-con-inner\">\n\t\t\t\t<div class=\"elementor-element elementor-element-805fb4c elementor-widget elementor-widget-heading\" data-id=\"805fb4c\" data-element_type=\"widget\" data-e-type=\"widget\" data-widget_type=\"heading.default\">\n\t\t\t\t\t<h2 class=\"elementor-heading-title elementor-size-default\">BEDINGUNGEN UND KONDITIONEN<\/h2>\t\t\t\t<\/div>\n\t\t\t\t<div class=\"elementor-element elementor-element-3ab87ba elementor-widget__width-initial elementor-widget-tablet__width-inherit elementor-widget elementor-widget-text-editor\" data-id=\"3ab87ba\" data-element_type=\"widget\" data-e-type=\"widget\" data-widget_type=\"text-editor.default\">\n\t\t\t\t\t\t\t\t\t<p><strong>Allgemeine Gesch\u00e4ftsbedingungen - Online-Verkauf \u00fcber die Website -Renier Natuursteen <\/strong><strong>Fassung: 27\/01\/2025<\/strong><\/p><ol><li><strong> Anwendbarkeit<\/strong><\/li><\/ol><p>1.1 Diese Bedingungen gelten f\u00fcr alle Bestellungen, Transaktionen und Lieferungen \u00fcber die Website von Renier Natuursteen (im Folgenden: \"die Website\").<br \/>1.2 Mit der Aufgabe einer Bestellung auf der Website erkl\u00e4rt sich der Kunde mit diesen Bedingungen und Konditionen einverstanden.<br \/>1.3 Abweichungen von diesen Bedingungen sind nur verbindlich, wenn sie schriftlich vereinbart werden.<\/p><ol start=\"2\"><li><strong> Angebot und Vereinbarung<\/strong><\/li><\/ol><p>2.1 Das Angebot auf der Website ist freibleibend und vorbehaltlich der Verf\u00fcgbarkeit.<br \/>2.2 Ein Vertrag kommt zustande, sobald der Kunde eine Bestellung aufgibt und Renier Natuursteen diese schriftlich durch eine Auftragsbest\u00e4tigung best\u00e4tigt.<br \/>2.3 Renier Natuursteen beh\u00e4lt sich das Recht vor, eine Bestellung abzulehnen, z.B. im Falle falscher Preisangaben oder unvollst\u00e4ndiger Kundeninformationen.<\/p><ol start=\"3\"><li><strong> Preise und Bezahlung<\/strong><\/li><\/ol><p>3.1 Alle Preise auf der Website sind in Euro angegeben und enthalten die Mehrwertsteuer, sofern nicht anders angegeben. Der Preis in \u20ac\/m\u00b2 wird zu Informationszwecken angegeben und versteht sich immer ohne Mehrwertsteuer.<br \/>3.2 Etwaige Versand- oder andere zus\u00e4tzliche Kosten werden w\u00e4hrend des Bestellvorgangs deutlich angezeigt.<br \/>3.3 Die Zahlungen werden \u00fcber die von Mollie angebotenen Zahlungsarten (wie Bancontact, Kreditkarte oder andere Zahlungsm\u00f6glichkeiten) sicher abgewickelt. Die Bestellung wird erst nach erfolgreicher Zahlung bearbeitet.<\/p><ol start=\"4\"><li><strong> Lieferung und Ausf\u00fchrung<\/strong><\/li><\/ol><p>4.1 Die Lieferung erfolgt an die vom Kunden angegebene Adresse. Renier Natuursteen ist nicht verantwortlich f\u00fcr Fehler bei der Lieferung, die durch falsche Adressangaben verursacht werden.<br \/>4.2 Die auf der Website genannten Lieferzeiten sind Richtwerte und k\u00f6nnen variieren. Verz\u00f6gerungen berechtigen nicht zu einer Entsch\u00e4digung oder Stornierung der Bestellung, sofern nicht anders vereinbart.<br \/>4.3 Der Kunde hat die Lieferung bei Erhalt zu pr\u00fcfen. Eventuelle sichtbare M\u00e4ngel m\u00fcssen innerhalb von 48 Stunden schriftlich unter info@renier.be gemeldet werden.<\/p><ol start=\"5\"><li><strong> Recht auf Widerruf<\/strong><\/li><\/ol><p>5.1 <strong>Ausschluss des Widerrufsrechts f\u00fcr ma\u00dfgeschneiderte Produkte:<\/strong><br \/>Produkte, die nach den Spezifikationen des Kunden angefertigt werden, unterliegen nicht dem Widerrufsrecht (gem\u00e4\u00df Artikel VI.53 des Wirtschaftsgesetzbuches).<\/p><p>5.2 <strong>Widerrufsrecht f\u00fcr Standardprodukte:<\/strong><\/p><ul><li>F\u00fcr Standardprodukte hat der Kunde eine Bedenkzeit von 14 Kalendertagen ab dem Tag der Lieferung.<\/li><li>Macht der Kunde von seinem Widerrufsrecht Gebrauch, muss er dies schriftlich unter info@renier.be mitteilen und die Produkte in ihrem urspr\u00fcnglichen Zustand und in der Originalverpackung auf Kosten des Kunden zur\u00fccksenden.<\/li><li>Bei ordnungsgem\u00e4\u00dfem Eingang der zur\u00fcckgesandten Produkte erstattet Renier Natuursteen den Kaufpreis innerhalb von 14 Tagen.<\/li><\/ul><p><strong>6. qualit\u00e4t und garantie<\/strong><\/p><p>6.1 Renier Natuursteen garantiert, dass die Produkte den auf der Website angegebenen Spezifikationen entsprechen.<br \/>6.2 F\u00fcr die Produkte gilt die gesetzliche 2-Jahres-Garantie, nach der M\u00e4ngel, die nicht auf Missbrauch zur\u00fcckzuf\u00fchren sind, kostenlos repariert oder ersetzt werden.<br \/>6.3 Nat\u00fcrliche Abweichungen in Farbe, Struktur oder Oberfl\u00e4che von Naturstein sind materialbedingt und k\u00f6nnen nicht als Mangel angesehen werden.<\/p><ol start=\"7\"><li><strong> Haftung<\/strong><\/li><\/ol><p>7.1 Renier Natuursteen haftet nicht f\u00fcr Sch\u00e4den, die durch unsachgem\u00e4\u00dfen Gebrauch der gelieferten Produkte entstehen.<br \/>7.2 Die Haftung von Renier Natuursteen ist in jedem Fall auf den Betrag der Bestellung beschr\u00e4nkt.<\/p><ol start=\"8\"><li><strong> H\u00f6here Gewalt<\/strong><\/li><\/ol><p>8.1 Renier Natuursteen haftet nicht f\u00fcr Verz\u00f6gerungen oder Sch\u00e4den, die durch h\u00f6here Gewalt verursacht werden, einschlie\u00dflich St\u00f6rungen der Internetverbindung, Probleme mit Zahlungssystemen, Naturkatastrophen, Streiks oder andere Umst\u00e4nde, die au\u00dferhalb der Kontrolle von Renier Natuursteen liegen.<br \/>8.2 Im Falle h\u00f6herer Gewalt hat Renier Natuursteen das Recht, den Vertrag auszusetzen oder zu k\u00fcndigen, ohne dass der Kunde Anspruch auf Schadenersatz hat.<\/p><ol start=\"9\"><li><strong> Schutz von personenbezogenen Daten<\/strong><\/li><\/ol><p>9.1 Renier Natuursteen verarbeitet personenbezogene Daten in \u00dcbereinstimmung mit der europ\u00e4ischen Datenschutzgrundverordnung (GDPR).<br \/>9.2 Alle Informationen dar\u00fcber, wie wir mit personenbezogenen Daten umgehen, finden Sie in unserer Datenschutzerkl\u00e4rung, die auf der Website verf\u00fcgbar ist.<br \/>9.3 Kunden haben das Recht auf Zugang, \u00c4nderung oder L\u00f6schung ihrer pers\u00f6nlichen Daten und k\u00f6nnen dies unter info@renier.be beantragen.<\/p><ol start=\"10\"><li><strong> Rechtsstreitigkeiten und anwendbares Recht<\/strong><\/li><\/ol><p>10.1 Alle Vertr\u00e4ge \u00fcber die Website unterliegen dem belgischen Recht.<br \/>10.2 Streitigkeiten sollen vorzugsweise g\u00fctlich beigelegt werden. Kommt keine L\u00f6sung zustande, werden die Streitigkeiten dem zust\u00e4ndigen Gerichtsbezirk von Leuven vorgelegt.<\/p><ol start=\"11\"><li><strong> Kontaktangaben<\/strong><\/li><\/ol><p>Renier Naturstein <br \/>Industrieallee 1<\/p><p>3200 Aarschot<\/p><p>016\/550011<\/p><p>www.renier.be<\/p><p>\u00a0<\/p>\t\t\t\t\t\t\t\t<\/div>\n\t\t\t\t\t<\/div>\n\t\t\t\t<\/div>\n\t\t\t\t<\/div>","protected":false},"excerpt":{"rendered":"<p>ALGEMENE VOORWAARDEN Algemene Voorwaarden &#8211; Online Verkoop via de Website -Renier Natuursteen &#8211; Versie: 27\/01\/2025 Toepasselijkheid 1.1 Deze voorwaarden zijn van toepassing op alle bestellingen, transacties en leveringen via de website van Renier Natuursteen (hierna: &#8220;de website&#8221;).1.2 Door een bestelling te plaatsen op de website, gaat de klant akkoord met deze algemene voorwaarden.1.3 Afwijkingen van [&hellip;]<\/p>\n","protected":false},"author":1,"featured_media":0,"parent":0,"menu_order":999,"comment_status":"closed","ping_status":"closed","template":"elementor_header_footer","meta":{"_acf_changed":false,"footnotes":""},"class_list":["post-142","page","type-page","status-publish","hentry"],"acf":[],"yoast_head":"<!-- This site is optimized with the Yoast SEO plugin v27.4 - https:\/\/yoast.com\/product\/yoast-seo-wordpress\/ -->\n<title>Algemene voorwaarden - Renier Natuursteen<\/title>\n<meta name=\"robots\" content=\"index, follow, max-snippet:-1, max-image-preview:large, max-video-preview:-1\" \/>\n<link rel=\"canonical\" href=\"https:\/\/renier.be\/de\/bedingungen-und-konditionen\/\" \/>\n<meta property=\"og:locale\" content=\"de_DE\" \/>\n<meta property=\"og:type\" content=\"article\" \/>\n<meta property=\"og:title\" content=\"Algemene voorwaarden - Renier Natuursteen\" \/>\n<meta property=\"og:description\" content=\"ALGEMENE VOORWAARDEN Algemene Voorwaarden &#8211; Online Verkoop via de Website -Renier Natuursteen &#8211; Versie: 27\/01\/2025 Toepasselijkheid 1.1 Deze voorwaarden zijn van toepassing op alle bestellingen, transacties en leveringen via de website van Renier Natuursteen (hierna: &#8220;de website&#8221;).1.2 Door een bestelling te plaatsen op de website, gaat de klant akkoord met deze algemene voorwaarden.1.3 Afwijkingen van [&hellip;]\" \/>\n<meta property=\"og:url\" content=\"https:\/\/renier.be\/de\/bedingungen-und-konditionen\/\" \/>\n<meta property=\"og:site_name\" content=\"Renier Natuursteen\" \/>\n<meta property=\"article:publisher\" content=\"https:\/\/www.facebook.com\/reniernatuursteen\" \/>\n<meta property=\"article:modified_time\" content=\"2025-01-27T15:27:09+00:00\" \/>\n<meta name=\"twitter:card\" content=\"summary_large_image\" \/>\n<meta name=\"twitter:label1\" content=\"Gesch\u00e4tzte Lesezeit\" \/>\n\t<meta name=\"twitter:data1\" content=\"4\u00a0Minuten\" \/>\n<script type=\"application\/ld+json\" class=\"yoast-schema-graph\">{\"@context\":\"https:\\\/\\\/schema.org\",\"@graph\":[{\"@type\":\"WebPage\",\"@id\":\"https:\\\/\\\/renier.be\\\/algemene-voorwaarden\\\/\",\"url\":\"https:\\\/\\\/renier.be\\\/algemene-voorwaarden\\\/\",\"name\":\"Algemene voorwaarden - Renier Natuursteen\",\"isPartOf\":{\"@id\":\"https:\\\/\\\/renier.be\\\/#website\"},\"datePublished\":\"2024-05-22T12:40:42+00:00\",\"dateModified\":\"2025-01-27T15:27:09+00:00\",\"breadcrumb\":{\"@id\":\"https:\\\/\\\/renier.be\\\/algemene-voorwaarden\\\/#breadcrumb\"},\"inLanguage\":\"de\",\"potentialAction\":[{\"@type\":\"ReadAction\",\"target\":[\"https:\\\/\\\/renier.be\\\/algemene-voorwaarden\\\/\"]}]},{\"@type\":\"BreadcrumbList\",\"@id\":\"https:\\\/\\\/renier.be\\\/algemene-voorwaarden\\\/#breadcrumb\",\"itemListElement\":[{\"@type\":\"ListItem\",\"position\":1,\"name\":\"Home\",\"item\":\"https:\\\/\\\/renier.be\\\/\"},{\"@type\":\"ListItem\",\"position\":2,\"name\":\"Algemene voorwaarden\"}]},{\"@type\":\"WebSite\",\"@id\":\"https:\\\/\\\/renier.be\\\/#website\",\"url\":\"https:\\\/\\\/renier.be\\\/\",\"name\":\"Renier Natuursteen\",\"description\":\"Specialist in Belgisch Blauwe Hardsteen\",\"publisher\":{\"@id\":\"https:\\\/\\\/renier.be\\\/#organization\"},\"potentialAction\":[{\"@type\":\"SearchAction\",\"target\":{\"@type\":\"EntryPoint\",\"urlTemplate\":\"https:\\\/\\\/renier.be\\\/?s={search_term_string}\"},\"query-input\":{\"@type\":\"PropertyValueSpecification\",\"valueRequired\":true,\"valueName\":\"search_term_string\"}}],\"inLanguage\":\"de\"},{\"@type\":\"Organization\",\"@id\":\"https:\\\/\\\/renier.be\\\/#organization\",\"name\":\"Renier Natuursteen\",\"url\":\"https:\\\/\\\/renier.be\\\/\",\"logo\":{\"@type\":\"ImageObject\",\"inLanguage\":\"de\",\"@id\":\"https:\\\/\\\/renier.be\\\/#\\\/schema\\\/logo\\\/image\\\/\",\"url\":\"\",\"contentUrl\":\"\",\"caption\":\"Renier Natuursteen\"},\"image\":{\"@id\":\"https:\\\/\\\/renier.be\\\/#\\\/schema\\\/logo\\\/image\\\/\"},\"sameAs\":[\"https:\\\/\\\/www.facebook.com\\\/reniernatuursteen\"]}]}<\/script>\n<!-- \/ Yoast SEO plugin. -->","yoast_head_json":{"title":"Allgemeine Gesch\u00e4ftsbedingungen - Renier Natuursteen","robots":{"index":"index","follow":"follow","max-snippet":"max-snippet:-1","max-image-preview":"max-image-preview:large","max-video-preview":"max-video-preview:-1"},"canonical":"https:\/\/renier.be\/de\/bedingungen-und-konditionen\/","og_locale":"de_DE","og_type":"article","og_title":"Algemene voorwaarden - Renier Natuursteen","og_description":"ALGEMENE VOORWAARDEN Algemene Voorwaarden &#8211; Online Verkoop via de Website -Renier Natuursteen &#8211; Versie: 27\/01\/2025 Toepasselijkheid 1.1 Deze voorwaarden zijn van toepassing op alle bestellingen, transacties en leveringen via de website van Renier Natuursteen (hierna: &#8220;de website&#8221;).1.2 Door een bestelling te plaatsen op de website, gaat de klant akkoord met deze algemene voorwaarden.1.3 Afwijkingen van [&hellip;]","og_url":"https:\/\/renier.be\/de\/bedingungen-und-konditionen\/","og_site_name":"Renier Natuursteen","article_publisher":"https:\/\/www.facebook.com\/reniernatuursteen","article_modified_time":"2025-01-27T15:27:09+00:00","twitter_card":"summary_large_image","twitter_misc":{"Gesch\u00e4tzte Lesezeit":"4\u00a0Minuten"},"schema":{"@context":"https:\/\/schema.org","@graph":[{"@type":"WebPage","@id":"https:\/\/renier.be\/algemene-voorwaarden\/","url":"https:\/\/renier.be\/algemene-voorwaarden\/","name":"Allgemeine Gesch\u00e4ftsbedingungen - Renier Natuursteen","isPartOf":{"@id":"https:\/\/renier.be\/#website"},"datePublished":"2024-05-22T12:40:42+00:00","dateModified":"2025-01-27T15:27:09+00:00","breadcrumb":{"@id":"https:\/\/renier.be\/algemene-voorwaarden\/#breadcrumb"},"inLanguage":"de","potentialAction":[{"@type":"ReadAction","target":["https:\/\/renier.be\/algemene-voorwaarden\/"]}]},{"@type":"BreadcrumbList","@id":"https:\/\/renier.be\/algemene-voorwaarden\/#breadcrumb","itemListElement":[{"@type":"ListItem","position":1,"name":"Home","item":"https:\/\/renier.be\/"},{"@type":"ListItem","position":2,"name":"Algemene voorwaarden"}]},{"@type":"WebSite","@id":"https:\/\/renier.be\/#website","url":"https:\/\/renier.be\/","name":"Renier Naturstein","description":"Spezialist f\u00fcr belgischen Blaustein","publisher":{"@id":"https:\/\/renier.be\/#organization"},"potentialAction":[{"@type":"SearchAction","target":{"@type":"EntryPoint","urlTemplate":"https:\/\/renier.be\/?s={search_term_string}"},"query-input":{"@type":"PropertyValueSpecification","valueRequired":true,"valueName":"search_term_string"}}],"inLanguage":"de"},{"@type":"Organization","@id":"https:\/\/renier.be\/#organization","name":"Renier Naturstein","url":"https:\/\/renier.be\/","logo":{"@type":"ImageObject","inLanguage":"de","@id":"https:\/\/renier.be\/#\/schema\/logo\/image\/","url":"","contentUrl":"","caption":"Renier Natuursteen"},"image":{"@id":"https:\/\/renier.be\/#\/schema\/logo\/image\/"},"sameAs":["https:\/\/www.facebook.com\/reniernatuursteen"]}]}},"_links":{"self":[{"href":"https:\/\/renier.be\/de\/wp-json\/wp\/v2\/pages\/142","targetHints":{"allow":["GET"]}}],"collection":[{"href":"https:\/\/renier.be\/de\/wp-json\/wp\/v2\/pages"}],"about":[{"href":"https:\/\/renier.be\/de\/wp-json\/wp\/v2\/types\/page"}],"author":[{"embeddable":true,"href":"https:\/\/renier.be\/de\/wp-json\/wp\/v2\/users\/1"}],"replies":[{"embeddable":true,"href":"https:\/\/renier.be\/de\/wp-json\/wp\/v2\/comments?post=142"}],"version-history":[{"count":0,"href":"https:\/\/renier.be\/de\/wp-json\/wp\/v2\/pages\/142\/revisions"}],"wp:attachment":[{"href":"https:\/\/renier.be\/de\/wp-json\/wp\/v2\/media?parent=142"}],"curies":[{"name":"wp","href":"https:\/\/api.w.org\/{rel}","templated":true}]}}