{"id":1542,"date":"2024-08-20T17:05:42","date_gmt":"2024-08-20T15:05:42","guid":{"rendered":"https:\/\/renier.be\/?page_id=1542"},"modified":"2025-05-15T14:15:16","modified_gmt":"2025-05-15T12:15:16","slug":"fensterlinie","status":"publish","type":"page","link":"https:\/\/renier.be\/de\/raamlinteel\/","title":{"rendered":"Fenstersturz aus Rauputz"},"content":{"rendered":"<div data-elementor-type=\"wp-page\" data-elementor-id=\"1542\" class=\"elementor elementor-1542\" data-elementor-post-type=\"page\">\n\t\t\t\t<div class=\"elementor-element elementor-element-225a9d3 e-flex e-con-boxed e-con e-parent\" data-id=\"225a9d3\" data-element_type=\"container\" data-e-type=\"container\">\n\t\t\t\t\t<div class=\"e-con-inner\">\n\t\t\t\t<div class=\"elementor-element elementor-element-804ff6d elementor-widget__width-inherit elementor-widget elementor-widget-heading\" data-id=\"804ff6d\" data-element_type=\"widget\" data-e-type=\"widget\" data-widget_type=\"heading.default\">\n\t\t\t\t\t<h2 class=\"elementor-heading-title elementor-size-default\">Was ist ein Fenstersturz?<\/h2>\t\t\t\t<\/div>\n\t\t\t\t\t<\/div>\n\t\t\t\t<\/div>\n\t\t<div class=\"elementor-element elementor-element-3e93e48 e-flex e-con-boxed e-con e-parent\" data-id=\"3e93e48\" data-element_type=\"container\" data-e-type=\"container\">\n\t\t\t\t\t<div class=\"e-con-inner\">\n\t\t<div class=\"elementor-element elementor-element-c5daab1 e-con-full e-flex e-con e-child\" data-id=\"c5daab1\" data-element_type=\"container\" data-e-type=\"container\">\n\t\t\t\t<div class=\"elementor-element elementor-element-6e05bd2 elementor-widget elementor-widget-text-editor\" data-id=\"6e05bd2\" data-element_type=\"widget\" data-e-type=\"widget\" data-widget_type=\"text-editor.default\">\n\t\t\t\t\t\t\t\t\t<p>Ein <strong>Fenstersturz<\/strong> ist ein \u00e4sthetisches Element, das \u00fcber einer Fenster\u00f6ffnung angebracht wird. Es verleiht der Fassade ein stilvolles und vollendetes Aussehen. Fensterb\u00e4nder sind oft auf den Stil des Hauses abgestimmt und unterstreichen dessen architektonischen Charakter.<\/p>\t\t\t\t\t\t\t\t<\/div>\n\t\t\t\t<\/div>\n\t\t<div class=\"elementor-element elementor-element-58e2f9e e-con-full e-flex e-con e-child\" data-id=\"58e2f9e\" data-element_type=\"container\" data-e-type=\"container\">\n\t\t\t\t<div class=\"elementor-element elementor-element-d0e89fc elementor-widget elementor-widget-image\" data-id=\"d0e89fc\" data-element_type=\"widget\" data-e-type=\"widget\" data-widget_type=\"image.default\">\n\t\t\t\t\t\t\t\t\t\t\t\t\t\t\t<img fetchpriority=\"high\" decoding=\"async\" width=\"800\" height=\"534\" src=\"https:\/\/renier.be\/wp-content\/uploads\/2024\/11\/edit-4676-1024x683.jpg\" class=\"attachment-large size-large wp-image-2757\" alt=\"\" srcset=\"https:\/\/renier.be\/wp-content\/uploads\/2024\/11\/edit-4676-1024x683.jpg 1024w, https:\/\/renier.be\/wp-content\/uploads\/2024\/11\/edit-4676-300x200.jpg 300w, https:\/\/renier.be\/wp-content\/uploads\/2024\/11\/edit-4676-768x512.jpg 768w, https:\/\/renier.be\/wp-content\/uploads\/2024\/11\/edit-4676-1536x1024.jpg 1536w, https:\/\/renier.be\/wp-content\/uploads\/2024\/11\/edit-4676-2048x1365.jpg 2048w, https:\/\/renier.be\/wp-content\/uploads\/2024\/11\/edit-4676-600x400.jpg 600w\" sizes=\"(max-width: 800px) 100vw, 800px\" \/>\t\t\t\t\t\t\t\t\t\t\t\t\t\t\t<\/div>\n\t\t\t\t<\/div>\n\t\t\t\t\t<\/div>\n\t\t\t\t<\/div>\n\t\t<div class=\"elementor-element elementor-element-6232864 e-flex e-con-boxed e-con e-parent\" data-id=\"6232864\" data-element_type=\"container\" data-e-type=\"container\">\n\t\t\t\t\t<div class=\"e-con-inner\">\n\t\t\t\t<div class=\"elementor-element elementor-element-5a57266 elementor-widget__width-inherit elementor-widget elementor-widget-heading\" data-id=\"5a57266\" data-element_type=\"widget\" data-e-type=\"widget\" data-widget_type=\"heading.default\">\n\t\t\t\t\t<h2 class=\"elementor-heading-title elementor-size-default\">Warum ein Fenstersturz aus Naturstein?<\/h2>\t\t\t\t<\/div>\n\t\t\t\t\t<\/div>\n\t\t\t\t<\/div>\n\t\t<div class=\"elementor-element elementor-element-4af6315 e-flex e-con-boxed e-con e-parent\" data-id=\"4af6315\" data-element_type=\"container\" data-e-type=\"container\">\n\t\t\t\t\t<div class=\"e-con-inner\">\n\t\t<div class=\"elementor-element elementor-element-29c3974 e-con-full e-flex e-con e-child\" data-id=\"29c3974\" data-element_type=\"container\" data-e-type=\"container\">\n\t\t\t\t<div class=\"elementor-element elementor-element-123026e elementor-widget elementor-widget-text-editor\" data-id=\"123026e\" data-element_type=\"widget\" data-e-type=\"widget\" data-widget_type=\"text-editor.default\">\n\t\t\t\t\t\t\t\t\t<p>Eine Fensterauskleidung in <strong>Naturstein<\/strong> wird h\u00e4ufig aus den folgenden Gr\u00fcnden gew\u00e4hlt:<\/p><p><strong>1. \u00c4sthetik und Authentizit\u00e4t<\/strong><\/p><ul><li><strong>Visuelle Harmonie<\/strong>: Die St\u00fcrze aus Naturstein passen perfekt zu traditionellen oder klassischen Baustilen. Sie verleihen ein elegantes, authentisches Aussehen und k\u00f6nnen mit dem Mauerwerk abgestimmt werden.<\/li><li><strong>Historische Verwendung<\/strong>: Bei historischen Geb\u00e4uden und Restaurierungen wird h\u00e4ufig Naturstein verwendet, um das urspr\u00fcngliche Aussehen zu erhalten.<\/li><\/ul><p><strong>2. Nachhaltigkeit<\/strong><\/p><ul><li><strong>Wetterschutz<\/strong>: Naturstein ist sehr widerstandsf\u00e4hig gegen Witterungseinfl\u00fcsse wie Regen, Frost und UV-Strahlung, so dass er ohne nennenswerte Abnutzung lange h\u00e4lt.<\/li><li><strong>Abriebfestigkeit<\/strong>Das Material beh\u00e4lt seinen Charakter und sein Aussehen auch nach Jahrzehnten bei.<\/li><\/ul><p>\u00a0<\/p><p><strong>3. Instandhaltbarkeit<\/strong><\/p><p>Naturstein erfordert wenig Pflege. Er l\u00e4sst sich leicht reinigen und ist resistent gegen Erosion und Verf\u00e4rbung.<\/p>\t\t\t\t\t\t\t\t<\/div>\n\t\t\t\t<\/div>\n\t\t<div class=\"elementor-element elementor-element-c56e31f e-con-full e-flex e-con e-child\" data-id=\"c56e31f\" data-element_type=\"container\" data-e-type=\"container\">\n\t\t\t\t<div class=\"elementor-element elementor-element-c6c3f62 elementor-widget elementor-widget-image\" data-id=\"c6c3f62\" data-element_type=\"widget\" data-e-type=\"widget\" data-widget_type=\"image.default\">\n\t\t\t\t\t\t\t\t\t\t\t\t\t\t\t<img decoding=\"async\" width=\"800\" height=\"534\" src=\"https:\/\/renier.be\/wp-content\/uploads\/2024\/11\/edit-4684-1024x683.jpg\" class=\"attachment-large size-large wp-image-2759\" alt=\"\" srcset=\"https:\/\/renier.be\/wp-content\/uploads\/2024\/11\/edit-4684-1024x683.jpg 1024w, https:\/\/renier.be\/wp-content\/uploads\/2024\/11\/edit-4684-300x200.jpg 300w, https:\/\/renier.be\/wp-content\/uploads\/2024\/11\/edit-4684-768x512.jpg 768w, https:\/\/renier.be\/wp-content\/uploads\/2024\/11\/edit-4684-1536x1024.jpg 1536w, https:\/\/renier.be\/wp-content\/uploads\/2024\/11\/edit-4684-2048x1365.jpg 2048w, https:\/\/renier.be\/wp-content\/uploads\/2024\/11\/edit-4684-600x400.jpg 600w\" sizes=\"(max-width: 800px) 100vw, 800px\" \/>\t\t\t\t\t\t\t\t\t\t\t\t\t\t\t<\/div>\n\t\t<div class=\"elementor-element elementor-element-348fbe9 e-con-full e-flex e-con e-child\" data-id=\"348fbe9\" data-element_type=\"container\" data-e-type=\"container\">\n\t\t\t\t<div class=\"elementor-element elementor-element-301acd2 elementor-widget elementor-widget-image\" data-id=\"301acd2\" data-element_type=\"widget\" data-e-type=\"widget\" data-widget_type=\"image.default\">\n\t\t\t\t\t\t\t\t\t\t\t\t<figure class=\"wp-caption\">\n\t\t\t\t\t\t\t\t\t\t<img decoding=\"async\" width=\"768\" height=\"1024\" src=\"https:\/\/renier.be\/wp-content\/uploads\/2025\/02\/Een-linteel-in-ons-atelier-768x1024.jpeg\" class=\"attachment-large size-large wp-image-3603\" alt=\"\" srcset=\"https:\/\/renier.be\/wp-content\/uploads\/2025\/02\/Een-linteel-in-ons-atelier-768x1024.jpeg 768w, https:\/\/renier.be\/wp-content\/uploads\/2025\/02\/Een-linteel-in-ons-atelier-225x300.jpeg 225w, https:\/\/renier.be\/wp-content\/uploads\/2025\/02\/Een-linteel-in-ons-atelier-1152x1536.jpeg 1152w, https:\/\/renier.be\/wp-content\/uploads\/2025\/02\/Een-linteel-in-ons-atelier-9x12.jpeg 9w, https:\/\/renier.be\/wp-content\/uploads\/2025\/02\/Een-linteel-in-ons-atelier-600x800.jpeg 600w, https:\/\/renier.be\/wp-content\/uploads\/2025\/02\/Een-linteel-in-ons-atelier.jpeg 1536w\" sizes=\"(max-width: 768px) 100vw, 768px\" \/>\t\t\t\t\t\t\t\t\t\t\t<figcaption class=\"widget-image-caption wp-caption-text\">Gro\u00dfe B\u00e4nder in unserer Werkstatt<\/figcaption>\n\t\t\t\t\t\t\t\t\t\t<\/figure>\n\t\t\t\t\t\t\t\t\t<\/div>\n\t\t\t\t<\/div>\n\t\t\t\t<\/div>\n\t\t\t\t\t<\/div>\n\t\t\t\t<\/div>\n\t\t<div class=\"elementor-element elementor-element-d8fb2bd e-flex e-con-boxed e-con e-parent\" data-id=\"d8fb2bd\" data-element_type=\"container\" data-e-type=\"container\">\n\t\t\t\t\t<div class=\"e-con-inner\">\n\t\t<div class=\"elementor-element elementor-element-8bcf74e e-con-full e-flex e-con e-child\" data-id=\"8bcf74e\" data-element_type=\"container\" data-e-type=\"container\">\n\t\t\t\t<div class=\"elementor-element elementor-element-17b3753 elementor-widget elementor-widget-button\" data-id=\"17b3753\" data-element_type=\"widget\" data-e-type=\"widget\" data-widget_type=\"button.default\">\n\t\t\t\t\t\t\t\t\t\t<a class=\"elementor-button elementor-button-link elementor-size-sm\" href=\"https:\/\/renier.be\/de\/produkte\/?_categorieen=RAAMLINTEEL\">\n\t\t\t\t\t\t<span class=\"elementor-button-content-wrapper\">\n\t\t\t\t\t\t\t\t\t<span class=\"elementor-button-text\">\u00dcbersicht Fensterst\u00fcrze<\/span>\n\t\t\t\t\t<\/span>\n\t\t\t\t\t<\/a>\n\t\t\t\t\t\t\t\t<\/div>\n\t\t\t\t<\/div>\n\t\t\t\t\t<\/div>\n\t\t\t\t<\/div>\n\t\t\t\t<\/div>","protected":false},"excerpt":{"rendered":"<p>Wat is een raamlinteel ? Een raamlinteel is een esthetisch element dat boven een raamopening wordt geplaatst. Het zorgt voor een stijlvolle en afgewerkte uitstraling van de gevel. Raamlintelen zijn vaak afgestemd op de stijl van de woning en versterken het architecturale karakter. Waarom een raamlinteel in natuursteen ? Een raamlinteel in natuursteen wordt vaak [&hellip;]<\/p>\n","protected":false},"author":2,"featured_media":0,"parent":0,"menu_order":0,"comment_status":"closed","ping_status":"closed","template":"","meta":{"_acf_changed":false,"footnotes":""},"class_list":["post-1542","page","type-page","status-publish","hentry"],"acf":[],"yoast_head":"<!-- This site is optimized with the Yoast SEO plugin v27.3 - https:\/\/yoast.com\/product\/yoast-seo-wordpress\/ -->\n<title>Ruwbouw raamlinteel - Renier Natuursteen<\/title>\n<meta name=\"robots\" content=\"index, follow, max-snippet:-1, max-image-preview:large, max-video-preview:-1\" \/>\n<link rel=\"canonical\" href=\"https:\/\/renier.be\/de\/fensterlinie\/\" \/>\n<meta property=\"og:locale\" content=\"de_DE\" \/>\n<meta property=\"og:type\" content=\"article\" \/>\n<meta property=\"og:title\" content=\"Ruwbouw raamlinteel - Renier Natuursteen\" \/>\n<meta property=\"og:description\" content=\"Wat is een raamlinteel ? Een raamlinteel is een esthetisch element dat boven een raamopening wordt geplaatst. Het zorgt voor een stijlvolle en afgewerkte uitstraling van de gevel. Raamlintelen zijn vaak afgestemd op de stijl van de woning en versterken het architecturale karakter. Waarom een raamlinteel in natuursteen ? Een raamlinteel in natuursteen wordt vaak [&hellip;]\" \/>\n<meta property=\"og:url\" content=\"https:\/\/renier.be\/de\/fensterlinie\/\" \/>\n<meta property=\"og:site_name\" content=\"Renier Natuursteen\" \/>\n<meta property=\"article:publisher\" content=\"https:\/\/www.facebook.com\/reniernatuursteen\" \/>\n<meta property=\"article:modified_time\" content=\"2025-05-15T12:15:16+00:00\" \/>\n<meta property=\"og:image\" content=\"https:\/\/renier.be\/wp-content\/uploads\/2024\/11\/edit-4676-scaled.jpg\" \/>\n\t<meta property=\"og:image:width\" content=\"2560\" \/>\n\t<meta property=\"og:image:height\" content=\"1707\" \/>\n\t<meta property=\"og:image:type\" content=\"image\/jpeg\" \/>\n<meta name=\"twitter:card\" content=\"summary_large_image\" \/>\n<meta name=\"twitter:label1\" content=\"Gesch\u00e4tzte Lesezeit\" \/>\n\t<meta name=\"twitter:data1\" content=\"2\u00a0Minuten\" \/>\n<script type=\"application\/ld+json\" class=\"yoast-schema-graph\">{\"@context\":\"https:\\\/\\\/schema.org\",\"@graph\":[{\"@type\":\"WebPage\",\"@id\":\"https:\\\/\\\/renier.be\\\/raamlinteel\\\/\",\"url\":\"https:\\\/\\\/renier.be\\\/raamlinteel\\\/\",\"name\":\"Ruwbouw raamlinteel - Renier Natuursteen\",\"isPartOf\":{\"@id\":\"https:\\\/\\\/renier.be\\\/#website\"},\"primaryImageOfPage\":{\"@id\":\"https:\\\/\\\/renier.be\\\/raamlinteel\\\/#primaryimage\"},\"image\":{\"@id\":\"https:\\\/\\\/renier.be\\\/raamlinteel\\\/#primaryimage\"},\"thumbnailUrl\":\"https:\\\/\\\/renier.be\\\/wp-content\\\/uploads\\\/2024\\\/11\\\/edit-4676-1024x683.jpg\",\"datePublished\":\"2024-08-20T15:05:42+00:00\",\"dateModified\":\"2025-05-15T12:15:16+00:00\",\"breadcrumb\":{\"@id\":\"https:\\\/\\\/renier.be\\\/raamlinteel\\\/#breadcrumb\"},\"inLanguage\":\"de\",\"potentialAction\":[{\"@type\":\"ReadAction\",\"target\":[\"https:\\\/\\\/renier.be\\\/raamlinteel\\\/\"]}]},{\"@type\":\"ImageObject\",\"inLanguage\":\"de\",\"@id\":\"https:\\\/\\\/renier.be\\\/raamlinteel\\\/#primaryimage\",\"url\":\"https:\\\/\\\/renier.be\\\/wp-content\\\/uploads\\\/2024\\\/11\\\/edit-4676-1024x683.jpg\",\"contentUrl\":\"https:\\\/\\\/renier.be\\\/wp-content\\\/uploads\\\/2024\\\/11\\\/edit-4676-1024x683.jpg\"},{\"@type\":\"BreadcrumbList\",\"@id\":\"https:\\\/\\\/renier.be\\\/raamlinteel\\\/#breadcrumb\",\"itemListElement\":[{\"@type\":\"ListItem\",\"position\":1,\"name\":\"Home\",\"item\":\"https:\\\/\\\/renier.be\\\/\"},{\"@type\":\"ListItem\",\"position\":2,\"name\":\"Ruwbouw raamlinteel\"}]},{\"@type\":\"WebSite\",\"@id\":\"https:\\\/\\\/renier.be\\\/#website\",\"url\":\"https:\\\/\\\/renier.be\\\/\",\"name\":\"Renier Natuursteen\",\"description\":\"Specialist in Belgisch Blauwe Hardsteen\",\"publisher\":{\"@id\":\"https:\\\/\\\/renier.be\\\/#organization\"},\"potentialAction\":[{\"@type\":\"SearchAction\",\"target\":{\"@type\":\"EntryPoint\",\"urlTemplate\":\"https:\\\/\\\/renier.be\\\/?s={search_term_string}\"},\"query-input\":{\"@type\":\"PropertyValueSpecification\",\"valueRequired\":true,\"valueName\":\"search_term_string\"}}],\"inLanguage\":\"de\"},{\"@type\":\"Organization\",\"@id\":\"https:\\\/\\\/renier.be\\\/#organization\",\"name\":\"Renier Natuursteen\",\"url\":\"https:\\\/\\\/renier.be\\\/\",\"logo\":{\"@type\":\"ImageObject\",\"inLanguage\":\"de\",\"@id\":\"https:\\\/\\\/renier.be\\\/#\\\/schema\\\/logo\\\/image\\\/\",\"url\":\"\",\"contentUrl\":\"\",\"caption\":\"Renier Natuursteen\"},\"image\":{\"@id\":\"https:\\\/\\\/renier.be\\\/#\\\/schema\\\/logo\\\/image\\\/\"},\"sameAs\":[\"https:\\\/\\\/www.facebook.com\\\/reniernatuursteen\"]}]}<\/script>\n<!-- \/ Yoast SEO plugin. -->","yoast_head_json":{"title":"Fenstersturz aus Rauputz - Renier Naturstein","robots":{"index":"index","follow":"follow","max-snippet":"max-snippet:-1","max-image-preview":"max-image-preview:large","max-video-preview":"max-video-preview:-1"},"canonical":"https:\/\/renier.be\/de\/fensterlinie\/","og_locale":"de_DE","og_type":"article","og_title":"Ruwbouw raamlinteel - Renier Natuursteen","og_description":"Wat is een raamlinteel ? Een raamlinteel is een esthetisch element dat boven een raamopening wordt geplaatst. Het zorgt voor een stijlvolle en afgewerkte uitstraling van de gevel. Raamlintelen zijn vaak afgestemd op de stijl van de woning en versterken het architecturale karakter. Waarom een raamlinteel in natuursteen ? Een raamlinteel in natuursteen wordt vaak [&hellip;]","og_url":"https:\/\/renier.be\/de\/fensterlinie\/","og_site_name":"Renier Natuursteen","article_publisher":"https:\/\/www.facebook.com\/reniernatuursteen","article_modified_time":"2025-05-15T12:15:16+00:00","og_image":[{"width":2560,"height":1707,"url":"https:\/\/renier.be\/wp-content\/uploads\/2024\/11\/edit-4676-scaled.jpg","type":"image\/jpeg"}],"twitter_card":"summary_large_image","twitter_misc":{"Gesch\u00e4tzte Lesezeit":"2\u00a0Minuten"},"schema":{"@context":"https:\/\/schema.org","@graph":[{"@type":"WebPage","@id":"https:\/\/renier.be\/raamlinteel\/","url":"https:\/\/renier.be\/raamlinteel\/","name":"Fenstersturz aus Rauputz - Renier Naturstein","isPartOf":{"@id":"https:\/\/renier.be\/#website"},"primaryImageOfPage":{"@id":"https:\/\/renier.be\/raamlinteel\/#primaryimage"},"image":{"@id":"https:\/\/renier.be\/raamlinteel\/#primaryimage"},"thumbnailUrl":"https:\/\/renier.be\/wp-content\/uploads\/2024\/11\/edit-4676-1024x683.jpg","datePublished":"2024-08-20T15:05:42+00:00","dateModified":"2025-05-15T12:15:16+00:00","breadcrumb":{"@id":"https:\/\/renier.be\/raamlinteel\/#breadcrumb"},"inLanguage":"de","potentialAction":[{"@type":"ReadAction","target":["https:\/\/renier.be\/raamlinteel\/"]}]},{"@type":"ImageObject","inLanguage":"de","@id":"https:\/\/renier.be\/raamlinteel\/#primaryimage","url":"https:\/\/renier.be\/wp-content\/uploads\/2024\/11\/edit-4676-1024x683.jpg","contentUrl":"https:\/\/renier.be\/wp-content\/uploads\/2024\/11\/edit-4676-1024x683.jpg"},{"@type":"BreadcrumbList","@id":"https:\/\/renier.be\/raamlinteel\/#breadcrumb","itemListElement":[{"@type":"ListItem","position":1,"name":"Home","item":"https:\/\/renier.be\/"},{"@type":"ListItem","position":2,"name":"Ruwbouw raamlinteel"}]},{"@type":"WebSite","@id":"https:\/\/renier.be\/#website","url":"https:\/\/renier.be\/","name":"Renier Naturstein","description":"Spezialist f\u00fcr belgischen Blaustein","publisher":{"@id":"https:\/\/renier.be\/#organization"},"potentialAction":[{"@type":"SearchAction","target":{"@type":"EntryPoint","urlTemplate":"https:\/\/renier.be\/?s={search_term_string}"},"query-input":{"@type":"PropertyValueSpecification","valueRequired":true,"valueName":"search_term_string"}}],"inLanguage":"de"},{"@type":"Organization","@id":"https:\/\/renier.be\/#organization","name":"Renier Naturstein","url":"https:\/\/renier.be\/","logo":{"@type":"ImageObject","inLanguage":"de","@id":"https:\/\/renier.be\/#\/schema\/logo\/image\/","url":"","contentUrl":"","caption":"Renier Natuursteen"},"image":{"@id":"https:\/\/renier.be\/#\/schema\/logo\/image\/"},"sameAs":["https:\/\/www.facebook.com\/reniernatuursteen"]}]}},"_links":{"self":[{"href":"https:\/\/renier.be\/de\/wp-json\/wp\/v2\/pages\/1542","targetHints":{"allow":["GET"]}}],"collection":[{"href":"https:\/\/renier.be\/de\/wp-json\/wp\/v2\/pages"}],"about":[{"href":"https:\/\/renier.be\/de\/wp-json\/wp\/v2\/types\/page"}],"author":[{"embeddable":true,"href":"https:\/\/renier.be\/de\/wp-json\/wp\/v2\/users\/2"}],"replies":[{"embeddable":true,"href":"https:\/\/renier.be\/de\/wp-json\/wp\/v2\/comments?post=1542"}],"version-history":[{"count":0,"href":"https:\/\/renier.be\/de\/wp-json\/wp\/v2\/pages\/1542\/revisions"}],"wp:attachment":[{"href":"https:\/\/renier.be\/de\/wp-json\/wp\/v2\/media?parent=1542"}],"curies":[{"name":"wp","href":"https:\/\/api.w.org\/{rel}","templated":true}]}}