{"id":1547,"date":"2024-08-20T17:06:44","date_gmt":"2024-08-20T15:06:44","guid":{"rendered":"https:\/\/renier.be\/?page_id=1547"},"modified":"2024-11-25T15:31:25","modified_gmt":"2024-11-25T14:31:25","slug":"bausteine","status":"publish","type":"page","link":"https:\/\/renier.be\/de\/ruwbouw-breukstenen\/","title":{"rendered":"Grob verputzte Bruchsteinziegel"},"content":{"rendered":"<div data-elementor-type=\"wp-page\" data-elementor-id=\"1547\" class=\"elementor elementor-1547\" data-elementor-post-type=\"page\">\n\t\t\t\t<div class=\"elementor-element elementor-element-ad07874 e-flex e-con-boxed e-con e-parent\" data-id=\"ad07874\" data-element_type=\"container\" data-e-type=\"container\">\n\t\t\t\t\t<div class=\"e-con-inner\">\n\t\t\t\t<div class=\"elementor-element elementor-element-99734fc elementor-widget__width-inherit elementor-widget elementor-widget-heading\" data-id=\"99734fc\" data-element_type=\"widget\" data-e-type=\"widget\" data-widget_type=\"heading.default\">\n\t\t\t\t\t<h2 class=\"elementor-heading-title elementor-size-default\">Was sind Bruchsteine?<\/h2>\t\t\t\t<\/div>\n\t\t\t\t\t<\/div>\n\t\t\t\t<\/div>\n\t\t<div class=\"elementor-element elementor-element-3dbed1d e-flex e-con-boxed e-con e-parent\" data-id=\"3dbed1d\" data-element_type=\"container\" data-e-type=\"container\">\n\t\t\t\t\t<div class=\"e-con-inner\">\n\t\t<div class=\"elementor-element elementor-element-5cf20bd e-con-full e-flex e-con e-child\" data-id=\"5cf20bd\" data-element_type=\"container\" data-e-type=\"container\">\n\t\t\t\t<div class=\"elementor-element elementor-element-1527dae elementor-widget elementor-widget-text-editor\" data-id=\"1527dae\" data-element_type=\"widget\" data-e-type=\"widget\" data-widget_type=\"text-editor.default\">\n\t\t\t\t\t\t\t\t\t<p>Bruchsteine sind Natursteine, die durch mechanisches Brechen gro\u00dfer Felsbrocken oder Felsen ohne weitere Bearbeitung oder Schleifen gewonnen werden. Daher haben diese Steine unregelm\u00e4\u00dfige Formen und scharfe Winkel.<\/p><p>Gebrochene Ziegelsteine verleihen Ihrem Haus durch ihre nat\u00fcrlichen, unregelm\u00e4\u00dfigen Formen und ihre raue Textur einen sch\u00f6nen Charakter. Diese Ziegel verleihen ein authentisches, zeitloses Aussehen, das an traditionelle Baustile und die Natur erinnert. Dar\u00fcber hinaus schaffen die Farb- und Strukturvariationen ein einzigartiges und lebendiges Aussehen, das jeder Anwendung ihren eigenen Charakter verleiht.<\/p>\t\t\t\t\t\t\t\t<\/div>\n\t\t\t\t<\/div>\n\t\t<div class=\"elementor-element elementor-element-d6cea73 e-con-full e-flex e-con e-child\" data-id=\"d6cea73\" data-element_type=\"container\" data-e-type=\"container\">\n\t\t\t\t<div class=\"elementor-element elementor-element-1e8b2fb elementor-widget elementor-widget-image\" data-id=\"1e8b2fb\" data-element_type=\"widget\" data-e-type=\"widget\" data-widget_type=\"image.default\">\n\t\t\t\t\t\t\t\t\t\t\t\t\t\t\t<img fetchpriority=\"high\" decoding=\"async\" width=\"800\" height=\"600\" src=\"https:\/\/renier.be\/wp-content\/uploads\/2024\/08\/20200901_113046-1024x768.jpg\" class=\"attachment-large size-large wp-image-1974\" alt=\"\" srcset=\"https:\/\/renier.be\/wp-content\/uploads\/2024\/08\/20200901_113046-1024x768.jpg 1024w, https:\/\/renier.be\/wp-content\/uploads\/2024\/08\/20200901_113046-300x225.jpg 300w, https:\/\/renier.be\/wp-content\/uploads\/2024\/08\/20200901_113046-768x576.jpg 768w, https:\/\/renier.be\/wp-content\/uploads\/2024\/08\/20200901_113046-1536x1152.jpg 1536w, https:\/\/renier.be\/wp-content\/uploads\/2024\/08\/20200901_113046-2048x1536.jpg 2048w, https:\/\/renier.be\/wp-content\/uploads\/2024\/08\/20200901_113046-600x450.jpg 600w\" sizes=\"(max-width: 800px) 100vw, 800px\" \/>\t\t\t\t\t\t\t\t\t\t\t\t\t\t\t<\/div>\n\t\t\t\t<\/div>\n\t\t\t\t\t<\/div>\n\t\t\t\t<\/div>\n\t\t<div class=\"elementor-element elementor-element-b60eb70 e-flex e-con-boxed e-con e-parent\" data-id=\"b60eb70\" data-element_type=\"container\" data-e-type=\"container\">\n\t\t\t\t\t<div class=\"e-con-inner\">\n\t\t\t\t<div class=\"elementor-element elementor-element-42049d8 elementor-widget__width-inherit elementor-widget elementor-widget-heading\" data-id=\"42049d8\" data-element_type=\"widget\" data-e-type=\"widget\" data-widget_type=\"heading.default\">\n\t\t\t\t\t<h2 class=\"elementor-heading-title elementor-size-default\">Warum Bruchsteine in Naturstein?<\/h2>\t\t\t\t<\/div>\n\t\t\t\t\t<\/div>\n\t\t\t\t<\/div>\n\t\t<div class=\"elementor-element elementor-element-a4963d2 e-flex e-con-boxed e-con e-parent\" data-id=\"a4963d2\" data-element_type=\"container\" data-e-type=\"container\">\n\t\t\t\t\t<div class=\"e-con-inner\">\n\t\t<div class=\"elementor-element elementor-element-81b3824 e-con-full e-flex e-con e-child\" data-id=\"81b3824\" data-element_type=\"container\" data-e-type=\"container\">\n\t\t\t\t<div class=\"elementor-element elementor-element-750cc0a elementor-widget elementor-widget-text-editor\" data-id=\"750cc0a\" data-element_type=\"widget\" data-e-type=\"widget\" data-widget_type=\"text-editor.default\">\n\t\t\t\t\t\t\t\t\t<p>Gebrochene Natursteine werden wegen ihrer Langlebigkeit, ihrer \u00c4sthetik und des authentischen Aussehens, das sie einem Projekt verleihen k\u00f6nnen, gesch\u00e4tzt. Naturstein ist von Natur aus sehr robust und widerstandsf\u00e4hig gegen verschiedene Witterungsbedingungen, was ihn zu einer hervorragenden Wahl f\u00fcr Innen- und Au\u00dfenanwendungen macht. Im Vergleich zu k\u00fcnstlich hergestellten Materialien altert Naturstein auf wunderbare Weise und zeigt die Zeitlinie des Materials, ohne seine Integrit\u00e4t zu verlieren.<\/p><p>Die nat\u00fcrlichen Farbvariationen, Texturen und unregelm\u00e4\u00dfigen Formen von Bruchsteinen erzeugen ein einzigartiges und lebendiges Aussehen. Dies macht jede Anwendung zu etwas Besonderem, da kein St\u00fcck exakt dem anderen gleicht. Das organische Aussehen von Naturstein-Bruchsteinen verleiht einem Projekt ein zeitloses und klassisches Aussehen und f\u00fcgt sich dennoch gut in traditionelle und moderne Architektur ein.<\/p><p>Dar\u00fcber hinaus verbessert Naturstein die Verbindung mit der nat\u00fcrlichen Umwelt. Die Verwendung von gebrochenem Naturstein kann dazu beitragen, dass sich ein Geb\u00e4ude oder eine Landschaft harmonischer in ihre Umgebung einf\u00fcgt, indem Materialien verwendet werden, die in der Landschaft nat\u00fcrlich vorkommen. Dies tr\u00e4gt zu einem nachhaltigen und umweltfreundlichen Baustil bei, der sowohl \u00e4sthetisch ansprechend als auch funktional ist.<\/p>\t\t\t\t\t\t\t\t<\/div>\n\t\t\t\t<\/div>\n\t\t<div class=\"elementor-element elementor-element-21e815a e-con-full e-flex e-con e-child\" data-id=\"21e815a\" data-element_type=\"container\" data-e-type=\"container\">\n\t\t\t\t<div class=\"elementor-element elementor-element-918c618 elementor-widget elementor-widget-image\" data-id=\"918c618\" data-element_type=\"widget\" data-e-type=\"widget\" data-widget_type=\"image.default\">\n\t\t\t\t\t\t\t\t\t\t\t\t\t\t\t<img decoding=\"async\" width=\"800\" height=\"442\" src=\"https:\/\/renier.be\/wp-content\/uploads\/2024\/08\/1704_200821_EG_30_FinZinc_retouche-1024x566.jpg\" class=\"attachment-large size-large wp-image-1975\" alt=\"\" srcset=\"https:\/\/renier.be\/wp-content\/uploads\/2024\/08\/1704_200821_EG_30_FinZinc_retouche-1024x566.jpg 1024w, https:\/\/renier.be\/wp-content\/uploads\/2024\/08\/1704_200821_EG_30_FinZinc_retouche-300x166.jpg 300w, https:\/\/renier.be\/wp-content\/uploads\/2024\/08\/1704_200821_EG_30_FinZinc_retouche-768x424.jpg 768w, https:\/\/renier.be\/wp-content\/uploads\/2024\/08\/1704_200821_EG_30_FinZinc_retouche-1536x849.jpg 1536w, https:\/\/renier.be\/wp-content\/uploads\/2024\/08\/1704_200821_EG_30_FinZinc_retouche-2048x1132.jpg 2048w, https:\/\/renier.be\/wp-content\/uploads\/2024\/08\/1704_200821_EG_30_FinZinc_retouche-600x332.jpg 600w\" sizes=\"(max-width: 800px) 100vw, 800px\" \/>\t\t\t\t\t\t\t\t\t\t\t\t\t\t\t<\/div>\n\t\t<div class=\"elementor-element elementor-element-af12796 e-con-full e-flex e-con e-child\" data-id=\"af12796\" data-element_type=\"container\" data-e-type=\"container\">\n\t\t\t\t<div class=\"elementor-element elementor-element-41ef66c elementor-widget elementor-widget-image\" data-id=\"41ef66c\" data-element_type=\"widget\" data-e-type=\"widget\" data-widget_type=\"image.default\">\n\t\t\t\t\t\t\t\t\t\t\t\t\t\t\t<img decoding=\"async\" width=\"800\" height=\"600\" src=\"https:\/\/renier.be\/wp-content\/uploads\/2024\/06\/Strivay-equarris-006-004.jpg\" class=\"attachment-large size-large wp-image-379\" alt=\"\" srcset=\"https:\/\/renier.be\/wp-content\/uploads\/2024\/06\/Strivay-equarris-006-004.jpg 1024w, https:\/\/renier.be\/wp-content\/uploads\/2024\/06\/Strivay-equarris-006-004-300x225.jpg 300w, https:\/\/renier.be\/wp-content\/uploads\/2024\/06\/Strivay-equarris-006-004-768x576.jpg 768w, https:\/\/renier.be\/wp-content\/uploads\/2024\/06\/Strivay-equarris-006-004-600x450.jpg 600w\" sizes=\"(max-width: 800px) 100vw, 800px\" \/>\t\t\t\t\t\t\t\t\t\t\t\t\t\t\t<\/div>\n\t\t\t\t<\/div>\n\t\t\t\t<\/div>\n\t\t\t\t\t<\/div>\n\t\t\t\t<\/div>\n\t\t<div class=\"elementor-element elementor-element-ad84c18 e-flex e-con-boxed e-con e-parent\" data-id=\"ad84c18\" data-element_type=\"container\" data-e-type=\"container\">\n\t\t\t\t\t<div class=\"e-con-inner\">\n\t\t\t\t<div class=\"elementor-element elementor-element-39a5948 elementor-widget__width-inherit elementor-widget elementor-widget-heading\" data-id=\"39a5948\" data-element_type=\"widget\" data-e-type=\"widget\" data-widget_type=\"heading.default\">\n\t\t\t\t\t<h2 class=\"elementor-heading-title elementor-size-default\">Wir produzieren jeweils 3 Typen aus Vinalmont-Maiskalkstein:<\/h2>\t\t\t\t<\/div>\n\t\t\t\t\t<\/div>\n\t\t\t\t<\/div>\n\t\t<div class=\"elementor-element elementor-element-956a65e e-flex e-con-boxed e-con e-parent\" data-id=\"956a65e\" data-element_type=\"container\" data-e-type=\"container\">\n\t\t\t\t\t<div class=\"e-con-inner\">\n\t\t<div class=\"elementor-element elementor-element-644d7ea e-con-full e-flex e-con e-child\" data-id=\"644d7ea\" data-element_type=\"container\" data-e-type=\"container\">\n\t\t\t\t<div class=\"elementor-element elementor-element-384c2f9 elementor-widget elementor-widget-text-editor\" data-id=\"384c2f9\" data-element_type=\"widget\" data-e-type=\"widget\" data-widget_type=\"text-editor.default\">\n\t\t\t\t\t\t\t\t\t<h3>GESPALTEN<\/h3><p>Der Rohstein wird nur gespalten und nicht bearbeitet. Diese Technik unterstreicht den rustikalen Charakter des Steins, der eine Vielzahl von Formen annehmen kann, von eckig bis rund.<\/p><p>\u00a0<\/p>\t\t\t\t\t\t\t\t<\/div>\n\t\t<div class=\"elementor-element elementor-element-84b569a e-con-full e-flex e-con e-child\" data-id=\"84b569a\" data-element_type=\"container\" data-e-type=\"container\">\n\t\t\t\t<div class=\"elementor-element elementor-element-54b24f0 elementor-widget elementor-widget-text-editor\" data-id=\"54b24f0\" data-element_type=\"widget\" data-e-type=\"widget\" data-widget_type=\"text-editor.default\">\n\t\t\t\t\t\t\t\t\t<p><img loading=\"lazy\" decoding=\"async\" class=\"alignnone size-full wp-image-2773\" src=\"https:\/\/renier.be\/wp-content\/uploads\/2024\/11\/Gekloven.jpg\" alt=\"\" width=\"255\" height=\"173\" \/><\/p>\t\t\t\t\t\t\t\t<\/div>\n\t\t\t\t<\/div>\n\t\t\t\t<\/div>\n\t\t<div class=\"elementor-element elementor-element-4a3c5b5 e-con-full e-flex e-con e-child\" data-id=\"4a3c5b5\" data-element_type=\"container\" data-e-type=\"container\">\n\t\t\t\t<div class=\"elementor-element elementor-element-4641dd7 elementor-widget elementor-widget-text-editor\" data-id=\"4641dd7\" data-element_type=\"widget\" data-e-type=\"widget\" data-widget_type=\"text-editor.default\">\n\t\t\t\t\t\t\t\t\t<h3>HALB GESCHLOSSEN<\/h3><p>Halbfertiger Stein ist ein guter Kompromiss zwischen dem rustikalen Charakter von gespaltenem Stein und der Einfachheit der Verlegung von bearbeiteten Steinen. Mit seinen zwei parallelen Kanten bewahrt er ein geordnetes Erscheinungsbild und kann dennoch abgerundete Formen aufnehmen.<\/p>\t\t\t\t\t\t\t\t<\/div>\n\t\t<div class=\"elementor-element elementor-element-56389d4 e-con-full e-flex e-con e-child\" data-id=\"56389d4\" data-element_type=\"container\" data-e-type=\"container\">\n\t\t\t\t<div class=\"elementor-element elementor-element-baa5ab9 elementor-widget elementor-widget-text-editor\" data-id=\"baa5ab9\" data-element_type=\"widget\" data-e-type=\"widget\" data-widget_type=\"text-editor.default\">\n\t\t\t\t\t\t\t\t\t<p><img loading=\"lazy\" decoding=\"async\" class=\"alignnone size-full wp-image-2774\" src=\"https:\/\/renier.be\/wp-content\/uploads\/2024\/11\/Half-afgewerkt.jpg\" alt=\"\" width=\"256\" height=\"175\" \/><\/p>\t\t\t\t\t\t\t\t<\/div>\n\t\t\t\t<\/div>\n\t\t\t\t<\/div>\n\t\t<div class=\"elementor-element elementor-element-e1abdb7 e-con-full e-flex e-con e-child\" data-id=\"e1abdb7\" data-element_type=\"container\" data-e-type=\"container\">\n\t\t\t\t<div class=\"elementor-element elementor-element-aa525e0 elementor-widget elementor-widget-text-editor\" data-id=\"aa525e0\" data-element_type=\"widget\" data-e-type=\"widget\" data-widget_type=\"text-editor.default\">\n\t\t\t\t\t\t\t\t\t<h3>FERTIGGESTELLT<\/h3><p>Der bearbeitete Stein geht durch die H\u00e4nde unserer Handwerker, die jede sichtbare Seite des Steins formen, um ihm ein strukturiertes Aussehen zu verleihen. Dieser Stein strahlt Solidit\u00e4t und Seriosit\u00e4t aus und l\u00e4sst sich dank seiner parallelen Kanten leicht in das Mauerwerk einbauen.<\/p>\t\t\t\t\t\t\t\t<\/div>\n\t\t<div class=\"elementor-element elementor-element-49646d0 e-con-full e-flex e-con e-child\" data-id=\"49646d0\" data-element_type=\"container\" data-e-type=\"container\">\n\t\t\t\t<div class=\"elementor-element elementor-element-b893810 elementor-widget elementor-widget-text-editor\" data-id=\"b893810\" data-element_type=\"widget\" data-e-type=\"widget\" data-widget_type=\"text-editor.default\">\n\t\t\t\t\t\t\t\t\t<p><img loading=\"lazy\" decoding=\"async\" class=\"alignnone size-full wp-image-2772\" src=\"https:\/\/renier.be\/wp-content\/uploads\/2024\/11\/Afgewerkt.jpg\" alt=\"\" width=\"256\" height=\"175\" \/><\/p>\t\t\t\t\t\t\t\t<\/div>\n\t\t\t\t<\/div>\n\t\t\t\t<\/div>\n\t\t\t\t\t<\/div>\n\t\t\t\t<\/div>\n\t\t<div class=\"elementor-element elementor-element-1f915ef e-flex e-con-boxed e-con e-parent\" data-id=\"1f915ef\" data-element_type=\"container\" data-e-type=\"container\">\n\t\t\t\t\t<div class=\"e-con-inner\">\n\t\t\t\t<div class=\"elementor-element elementor-element-2e54703 elementor-widget elementor-widget-text-editor\" data-id=\"2e54703\" data-element_type=\"widget\" data-e-type=\"widget\" data-widget_type=\"text-editor.default\">\n\t\t\t\t\t\t\t\t\t<h3>Abmessungen:<\/h3><p><img loading=\"lazy\" decoding=\"async\" class=\"alignnone wp-image-2775 size-full\" src=\"https:\/\/renier.be\/wp-content\/uploads\/2024\/11\/BREUKSTEEN-met-afmetingen.jpg\" alt=\"\" width=\"709\" height=\"458\" srcset=\"https:\/\/renier.be\/wp-content\/uploads\/2024\/11\/BREUKSTEEN-met-afmetingen.jpg 709w, https:\/\/renier.be\/wp-content\/uploads\/2024\/11\/BREUKSTEEN-met-afmetingen-300x194.jpg 300w, https:\/\/renier.be\/wp-content\/uploads\/2024\/11\/BREUKSTEEN-met-afmetingen-600x388.jpg 600w\" sizes=\"(max-width: 709px) 100vw, 709px\" \/><\/p>\t\t\t\t\t\t\t\t<\/div>\n\t\t\t\t<div class=\"elementor-element elementor-element-0ff15fc elementor-widget elementor-widget-button\" data-id=\"0ff15fc\" data-element_type=\"widget\" data-e-type=\"widget\" data-widget_type=\"button.default\">\n\t\t\t\t\t\t\t\t\t\t<a class=\"elementor-button elementor-button-link elementor-size-sm\" href=\"https:\/\/renier.be\/de\/produkte\/?_categorieen=breukstenen\">\n\t\t\t\t\t\t<span class=\"elementor-button-content-wrapper\">\n\t\t\t\t\t\t\t\t\t<span class=\"elementor-button-text\">Bruchsteine \u00dcbersicht<\/span>\n\t\t\t\t\t<\/span>\n\t\t\t\t\t<\/a>\n\t\t\t\t\t\t\t\t<\/div>\n\t\t\t\t\t<\/div>\n\t\t\t\t<\/div>\n\t\t\t\t<\/div>","protected":false},"excerpt":{"rendered":"<p>Wat zijn breukstenen ? Breukstenen zijn natuurlijke stenen die verkregen worden door grote rotsblokken of gesteenten mechanisch te breken, zonder verdere bewerking of slijpen. Deze stenen hebben daardoor onregelmatige vormen en scherpe hoeken. Breukstenen geven uw woning een mooi karakter door hun natuurlijke, onregelmatige vormen en ruwe textuur. Deze stenen voegen een authentieke, tijdloze uitstraling [&hellip;]<\/p>\n","protected":false},"author":2,"featured_media":0,"parent":0,"menu_order":0,"comment_status":"closed","ping_status":"closed","template":"","meta":{"_acf_changed":false,"footnotes":""},"class_list":["post-1547","page","type-page","status-publish","hentry"],"acf":[],"yoast_head":"<!-- This site is optimized with the Yoast SEO plugin v27.3 - https:\/\/yoast.com\/product\/yoast-seo-wordpress\/ -->\n<title>Ruwbouw breukstenen - Renier Natuursteen<\/title>\n<meta name=\"robots\" content=\"index, follow, max-snippet:-1, max-image-preview:large, max-video-preview:-1\" \/>\n<link rel=\"canonical\" href=\"https:\/\/renier.be\/de\/bausteine\/\" \/>\n<meta property=\"og:locale\" content=\"de_DE\" \/>\n<meta property=\"og:type\" content=\"article\" \/>\n<meta property=\"og:title\" content=\"Ruwbouw breukstenen - Renier Natuursteen\" \/>\n<meta property=\"og:description\" content=\"Wat zijn breukstenen ? Breukstenen zijn natuurlijke stenen die verkregen worden door grote rotsblokken of gesteenten mechanisch te breken, zonder verdere bewerking of slijpen. Deze stenen hebben daardoor onregelmatige vormen en scherpe hoeken. Breukstenen geven uw woning een mooi karakter door hun natuurlijke, onregelmatige vormen en ruwe textuur. Deze stenen voegen een authentieke, tijdloze uitstraling [&hellip;]\" \/>\n<meta property=\"og:url\" content=\"https:\/\/renier.be\/de\/bausteine\/\" \/>\n<meta property=\"og:site_name\" content=\"Renier Natuursteen\" \/>\n<meta property=\"article:publisher\" content=\"https:\/\/www.facebook.com\/reniernatuursteen\" \/>\n<meta property=\"article:modified_time\" content=\"2024-11-25T14:31:25+00:00\" \/>\n<meta property=\"og:image\" content=\"https:\/\/renier.be\/wp-content\/uploads\/2024\/08\/20200901_113046-scaled.jpg\" \/>\n\t<meta property=\"og:image:width\" content=\"2560\" \/>\n\t<meta property=\"og:image:height\" content=\"1920\" \/>\n\t<meta property=\"og:image:type\" content=\"image\/jpeg\" \/>\n<meta name=\"twitter:card\" content=\"summary_large_image\" \/>\n<meta name=\"twitter:label1\" content=\"Gesch\u00e4tzte Lesezeit\" \/>\n\t<meta name=\"twitter:data1\" content=\"4\u00a0Minuten\" \/>\n<script type=\"application\/ld+json\" class=\"yoast-schema-graph\">{\"@context\":\"https:\\\/\\\/schema.org\",\"@graph\":[{\"@type\":\"WebPage\",\"@id\":\"https:\\\/\\\/renier.be\\\/ruwbouw-breukstenen\\\/\",\"url\":\"https:\\\/\\\/renier.be\\\/ruwbouw-breukstenen\\\/\",\"name\":\"Ruwbouw breukstenen - Renier Natuursteen\",\"isPartOf\":{\"@id\":\"https:\\\/\\\/renier.be\\\/#website\"},\"primaryImageOfPage\":{\"@id\":\"https:\\\/\\\/renier.be\\\/ruwbouw-breukstenen\\\/#primaryimage\"},\"image\":{\"@id\":\"https:\\\/\\\/renier.be\\\/ruwbouw-breukstenen\\\/#primaryimage\"},\"thumbnailUrl\":\"https:\\\/\\\/renier.be\\\/wp-content\\\/uploads\\\/2024\\\/08\\\/20200901_113046-1024x768.jpg\",\"datePublished\":\"2024-08-20T15:06:44+00:00\",\"dateModified\":\"2024-11-25T14:31:25+00:00\",\"breadcrumb\":{\"@id\":\"https:\\\/\\\/renier.be\\\/ruwbouw-breukstenen\\\/#breadcrumb\"},\"inLanguage\":\"de\",\"potentialAction\":[{\"@type\":\"ReadAction\",\"target\":[\"https:\\\/\\\/renier.be\\\/ruwbouw-breukstenen\\\/\"]}]},{\"@type\":\"ImageObject\",\"inLanguage\":\"de\",\"@id\":\"https:\\\/\\\/renier.be\\\/ruwbouw-breukstenen\\\/#primaryimage\",\"url\":\"https:\\\/\\\/renier.be\\\/wp-content\\\/uploads\\\/2024\\\/08\\\/20200901_113046-1024x768.jpg\",\"contentUrl\":\"https:\\\/\\\/renier.be\\\/wp-content\\\/uploads\\\/2024\\\/08\\\/20200901_113046-1024x768.jpg\"},{\"@type\":\"BreadcrumbList\",\"@id\":\"https:\\\/\\\/renier.be\\\/ruwbouw-breukstenen\\\/#breadcrumb\",\"itemListElement\":[{\"@type\":\"ListItem\",\"position\":1,\"name\":\"Home\",\"item\":\"https:\\\/\\\/renier.be\\\/\"},{\"@type\":\"ListItem\",\"position\":2,\"name\":\"Ruwbouw breukstenen\"}]},{\"@type\":\"WebSite\",\"@id\":\"https:\\\/\\\/renier.be\\\/#website\",\"url\":\"https:\\\/\\\/renier.be\\\/\",\"name\":\"Renier Natuursteen\",\"description\":\"Specialist in Belgisch Blauwe Hardsteen\",\"publisher\":{\"@id\":\"https:\\\/\\\/renier.be\\\/#organization\"},\"potentialAction\":[{\"@type\":\"SearchAction\",\"target\":{\"@type\":\"EntryPoint\",\"urlTemplate\":\"https:\\\/\\\/renier.be\\\/?s={search_term_string}\"},\"query-input\":{\"@type\":\"PropertyValueSpecification\",\"valueRequired\":true,\"valueName\":\"search_term_string\"}}],\"inLanguage\":\"de\"},{\"@type\":\"Organization\",\"@id\":\"https:\\\/\\\/renier.be\\\/#organization\",\"name\":\"Renier Natuursteen\",\"url\":\"https:\\\/\\\/renier.be\\\/\",\"logo\":{\"@type\":\"ImageObject\",\"inLanguage\":\"de\",\"@id\":\"https:\\\/\\\/renier.be\\\/#\\\/schema\\\/logo\\\/image\\\/\",\"url\":\"\",\"contentUrl\":\"\",\"caption\":\"Renier Natuursteen\"},\"image\":{\"@id\":\"https:\\\/\\\/renier.be\\\/#\\\/schema\\\/logo\\\/image\\\/\"},\"sameAs\":[\"https:\\\/\\\/www.facebook.com\\\/reniernatuursteen\"]}]}<\/script>\n<!-- \/ Yoast SEO plugin. -->","yoast_head_json":{"title":"Grob geschrotetes Gestein - Renier Natuursteen","robots":{"index":"index","follow":"follow","max-snippet":"max-snippet:-1","max-image-preview":"max-image-preview:large","max-video-preview":"max-video-preview:-1"},"canonical":"https:\/\/renier.be\/de\/bausteine\/","og_locale":"de_DE","og_type":"article","og_title":"Ruwbouw breukstenen - Renier Natuursteen","og_description":"Wat zijn breukstenen ? Breukstenen zijn natuurlijke stenen die verkregen worden door grote rotsblokken of gesteenten mechanisch te breken, zonder verdere bewerking of slijpen. Deze stenen hebben daardoor onregelmatige vormen en scherpe hoeken. Breukstenen geven uw woning een mooi karakter door hun natuurlijke, onregelmatige vormen en ruwe textuur. Deze stenen voegen een authentieke, tijdloze uitstraling [&hellip;]","og_url":"https:\/\/renier.be\/de\/bausteine\/","og_site_name":"Renier Natuursteen","article_publisher":"https:\/\/www.facebook.com\/reniernatuursteen","article_modified_time":"2024-11-25T14:31:25+00:00","og_image":[{"width":2560,"height":1920,"url":"https:\/\/renier.be\/wp-content\/uploads\/2024\/08\/20200901_113046-scaled.jpg","type":"image\/jpeg"}],"twitter_card":"summary_large_image","twitter_misc":{"Gesch\u00e4tzte Lesezeit":"4\u00a0Minuten"},"schema":{"@context":"https:\/\/schema.org","@graph":[{"@type":"WebPage","@id":"https:\/\/renier.be\/ruwbouw-breukstenen\/","url":"https:\/\/renier.be\/ruwbouw-breukstenen\/","name":"Grob geschrotetes Gestein - Renier Natuursteen","isPartOf":{"@id":"https:\/\/renier.be\/#website"},"primaryImageOfPage":{"@id":"https:\/\/renier.be\/ruwbouw-breukstenen\/#primaryimage"},"image":{"@id":"https:\/\/renier.be\/ruwbouw-breukstenen\/#primaryimage"},"thumbnailUrl":"https:\/\/renier.be\/wp-content\/uploads\/2024\/08\/20200901_113046-1024x768.jpg","datePublished":"2024-08-20T15:06:44+00:00","dateModified":"2024-11-25T14:31:25+00:00","breadcrumb":{"@id":"https:\/\/renier.be\/ruwbouw-breukstenen\/#breadcrumb"},"inLanguage":"de","potentialAction":[{"@type":"ReadAction","target":["https:\/\/renier.be\/ruwbouw-breukstenen\/"]}]},{"@type":"ImageObject","inLanguage":"de","@id":"https:\/\/renier.be\/ruwbouw-breukstenen\/#primaryimage","url":"https:\/\/renier.be\/wp-content\/uploads\/2024\/08\/20200901_113046-1024x768.jpg","contentUrl":"https:\/\/renier.be\/wp-content\/uploads\/2024\/08\/20200901_113046-1024x768.jpg"},{"@type":"BreadcrumbList","@id":"https:\/\/renier.be\/ruwbouw-breukstenen\/#breadcrumb","itemListElement":[{"@type":"ListItem","position":1,"name":"Home","item":"https:\/\/renier.be\/"},{"@type":"ListItem","position":2,"name":"Ruwbouw breukstenen"}]},{"@type":"WebSite","@id":"https:\/\/renier.be\/#website","url":"https:\/\/renier.be\/","name":"Renier Naturstein","description":"Spezialist f\u00fcr belgischen Blaustein","publisher":{"@id":"https:\/\/renier.be\/#organization"},"potentialAction":[{"@type":"SearchAction","target":{"@type":"EntryPoint","urlTemplate":"https:\/\/renier.be\/?s={search_term_string}"},"query-input":{"@type":"PropertyValueSpecification","valueRequired":true,"valueName":"search_term_string"}}],"inLanguage":"de"},{"@type":"Organization","@id":"https:\/\/renier.be\/#organization","name":"Renier Naturstein","url":"https:\/\/renier.be\/","logo":{"@type":"ImageObject","inLanguage":"de","@id":"https:\/\/renier.be\/#\/schema\/logo\/image\/","url":"","contentUrl":"","caption":"Renier Natuursteen"},"image":{"@id":"https:\/\/renier.be\/#\/schema\/logo\/image\/"},"sameAs":["https:\/\/www.facebook.com\/reniernatuursteen"]}]}},"_links":{"self":[{"href":"https:\/\/renier.be\/de\/wp-json\/wp\/v2\/pages\/1547","targetHints":{"allow":["GET"]}}],"collection":[{"href":"https:\/\/renier.be\/de\/wp-json\/wp\/v2\/pages"}],"about":[{"href":"https:\/\/renier.be\/de\/wp-json\/wp\/v2\/types\/page"}],"author":[{"embeddable":true,"href":"https:\/\/renier.be\/de\/wp-json\/wp\/v2\/users\/2"}],"replies":[{"embeddable":true,"href":"https:\/\/renier.be\/de\/wp-json\/wp\/v2\/comments?post=1547"}],"version-history":[{"count":0,"href":"https:\/\/renier.be\/de\/wp-json\/wp\/v2\/pages\/1547\/revisions"}],"wp:attachment":[{"href":"https:\/\/renier.be\/de\/wp-json\/wp\/v2\/media?parent=1547"}],"curies":[{"name":"wp","href":"https:\/\/api.w.org\/{rel}","templated":true}]}}