{"id":2344,"date":"2024-09-12T14:23:05","date_gmt":"2024-09-12T12:23:05","guid":{"rendered":"https:\/\/renier.be\/?page_id=2344"},"modified":"2025-08-29T11:02:24","modified_gmt":"2025-08-29T09:02:24","slug":"sockelleisten","status":"publish","type":"page","link":"https:\/\/renier.be\/de\/plinten\/","title":{"rendered":"Interieur - Boden - B\u00e4nder"},"content":{"rendered":"<div data-elementor-type=\"wp-page\" data-elementor-id=\"2344\" class=\"elementor elementor-2344\" data-elementor-post-type=\"page\">\n\t\t\t\t<div class=\"elementor-element elementor-element-6e7ee49 e-flex e-con-boxed e-con e-parent\" data-id=\"6e7ee49\" data-element_type=\"container\" data-e-type=\"container\">\n\t\t\t\t\t<div class=\"e-con-inner\">\n\t\t\t\t<div class=\"elementor-element elementor-element-7f1a79b elementor-widget__width-inherit elementor-widget elementor-widget-heading\" data-id=\"7f1a79b\" data-element_type=\"widget\" data-e-type=\"widget\" data-widget_type=\"heading.default\">\n\t\t\t\t\t<h1 class=\"elementor-heading-title elementor-size-default\">Ein Sockel aus blauem Stein<\/h1>\t\t\t\t<\/div>\n\t\t\t\t\t<\/div>\n\t\t\t\t<\/div>\n\t\t<div class=\"elementor-element elementor-element-502e503 e-flex e-con-boxed e-con e-parent\" data-id=\"502e503\" data-element_type=\"container\" data-e-type=\"container\">\n\t\t\t\t\t<div class=\"e-con-inner\">\n\t\t\t\t<div class=\"elementor-element elementor-element-3c3f8ab elementor-widget__width-initial elementor-widget elementor-widget-text-editor\" data-id=\"3c3f8ab\" data-element_type=\"widget\" data-e-type=\"widget\" data-widget_type=\"text-editor.default\">\n\t\t\t\t\t\t\t\t\t<p>Ein Fu\u00dfboden bildet die Grundlage f\u00fcr die Atmosph\u00e4re eines Raumes, aber erst die Sockelleisten geben ihm den letzten Schliff. Sie bilden die subtile Grenze zwischen Wand und Boden und sorgen f\u00fcr ein optisches Gleichgewicht im Raum. Sockelleisten sind nicht nur ein \u00e4sthetisches Detail, das f\u00fcr ein gepflegtes Aussehen sorgt, sondern sie erf\u00fcllen auch eine praktische Funktion. Sie sch\u00fctzen die W\u00e4nde vor St\u00f6\u00dfen und Feuchtigkeit, kaschieren kleine Unebenheiten und bieten sogar Platz, um Kabel sauber zu verlegen. Ohne Sockelleisten bleibt ein Raum unvollendet - mit Sockelleisten erh\u00e4lt jeder Raum den Abschluss, den er verdient, als ob der letzte Pinselstrich eines Meisterwerks gesetzt wurde.<\/p><p>Eine Sockelleiste ist ein unverzichtbares Bindeglied f\u00fcr die Harmonie zwischen Boden und Wand. Oft folgt die Sockelleiste der Oberfl\u00e4che des Bodens und bringt die beiden Elemente in perfekter Harmonie zusammen. Ein geschliffener Fu\u00dfboden sieht zum Beispiel am besten aus, wenn er von einer glatten, geschliffenen Sockelleiste begleitet wird. Die Vielseitigkeit der Sockelleisten bietet zahlreiche M\u00f6glichkeiten: Jeder Stil und jedes Finish, das f\u00fcr den Boden verf\u00fcgbar ist, kann nahtlos auf die passende Sockelleiste \u00fcbertragen werden.<\/p><p>Es kann aber auch ein dezenter Ansatz gew\u00e4hlt werden, bei dem sich die Farbe der Wand bis zum Boden fortsetzt. In diesem Fall gen\u00fcgt eine einfache ges\u00e4gte Sockelleiste oder eine dezente Variante aus Meranti oder MDF, die nicht auff\u00e4llt, sondern das Ganze elegant abschlie\u00dft. Die Kunst der Sockelleiste besteht darin, unauff\u00e4llig als unsichtbare Linie zu dienen, die alles miteinander verbindet, oder im Gegenteil als raffinierter Abschluss, der den Raum auf ein h\u00f6heres Niveau bringt.<\/p><p>Eine geschliffene Sockelleiste als Erg\u00e4nzung zu einem geschliffenen Boden:<\/p><p><img fetchpriority=\"high\" decoding=\"async\" class=\"alignnone size-medium wp-image-2403\" src=\"https:\/\/renier.be\/wp-content\/uploads\/2024\/09\/Gezoete-plint-300x225.jpg\" alt=\"\" width=\"300\" height=\"225\" srcset=\"https:\/\/renier.be\/wp-content\/uploads\/2024\/09\/Gezoete-plint-300x225.jpg 300w, https:\/\/renier.be\/wp-content\/uploads\/2024\/09\/Gezoete-plint-600x450.jpg 600w, https:\/\/renier.be\/wp-content\/uploads\/2024\/09\/Gezoete-plint.jpg 640w\" sizes=\"(max-width: 300px) 100vw, 300px\" \/><\/p><p>\u00a0<\/p>\t\t\t\t\t\t\t\t<\/div>\n\t\t\t\t\t<\/div>\n\t\t\t\t<\/div>\n\t\t<div class=\"elementor-element elementor-element-1fe99d0 e-flex e-con-boxed e-con e-parent\" data-id=\"1fe99d0\" data-element_type=\"container\" data-e-type=\"container\">\n\t\t\t\t\t<div class=\"e-con-inner\">\n\t\t\t\t<div class=\"elementor-element elementor-element-98725c1 elementor-widget elementor-widget-button\" data-id=\"98725c1\" data-element_type=\"widget\" data-e-type=\"widget\" data-widget_type=\"button.default\">\n\t\t\t\t\t\t\t\t\t\t<a class=\"elementor-button elementor-button-link elementor-size-sm\" href=\"https:\/\/renier.be\/de\/produkte\/?_categorieen=vloerplint\">\n\t\t\t\t\t\t<span class=\"elementor-button-content-wrapper\">\n\t\t\t\t\t\t\t\t\t<span class=\"elementor-button-text\">\u00dcbersicht Sockelleisten<\/span>\n\t\t\t\t\t<\/span>\n\t\t\t\t\t<\/a>\n\t\t\t\t\t\t\t\t<\/div>\n\t\t\t\t\t<\/div>\n\t\t\t\t<\/div>\n\t\t\t\t<\/div>","protected":false},"excerpt":{"rendered":"<p>Een plint in blauwe hardsteen Een vloer legt de basis voor de sfeer in een ruimte, maar het zijn de plinten die zorgen voor de perfecte afwerking. Ze vormen de subtiele grens tussen muur en vloer, en brengen een ruimte visueel in balans. Plinten zijn niet alleen een esthetisch detail dat zorgt voor een verzorgde [&hellip;]<\/p>\n","protected":false},"author":2,"featured_media":0,"parent":0,"menu_order":0,"comment_status":"closed","ping_status":"closed","template":"","meta":{"_acf_changed":false,"footnotes":""},"class_list":["post-2344","page","type-page","status-publish","hentry"],"acf":[],"yoast_head":"<!-- This site is optimized with the Yoast SEO plugin v27.3 - https:\/\/yoast.com\/product\/yoast-seo-wordpress\/ -->\n<title>Interieur - Vloer -Plinten - Renier Natuursteen<\/title>\n<meta name=\"robots\" content=\"index, follow, max-snippet:-1, max-image-preview:large, max-video-preview:-1\" \/>\n<link rel=\"canonical\" href=\"https:\/\/renier.be\/de\/sockelleisten\/\" \/>\n<meta property=\"og:locale\" content=\"de_DE\" \/>\n<meta property=\"og:type\" content=\"article\" \/>\n<meta property=\"og:title\" content=\"Interieur - Vloer -Plinten - Renier Natuursteen\" \/>\n<meta property=\"og:description\" content=\"Een plint in blauwe hardsteen Een vloer legt de basis voor de sfeer in een ruimte, maar het zijn de plinten die zorgen voor de perfecte afwerking. Ze vormen de subtiele grens tussen muur en vloer, en brengen een ruimte visueel in balans. Plinten zijn niet alleen een esthetisch detail dat zorgt voor een verzorgde [&hellip;]\" \/>\n<meta property=\"og:url\" content=\"https:\/\/renier.be\/de\/sockelleisten\/\" \/>\n<meta property=\"og:site_name\" content=\"Renier Natuursteen\" \/>\n<meta property=\"article:publisher\" content=\"https:\/\/www.facebook.com\/reniernatuursteen\" \/>\n<meta property=\"article:modified_time\" content=\"2025-08-29T09:02:24+00:00\" \/>\n<meta property=\"og:image\" content=\"https:\/\/renier.be\/wp-content\/uploads\/2024\/09\/Gezoete-plint.jpg\" \/>\n\t<meta property=\"og:image:width\" content=\"640\" \/>\n\t<meta property=\"og:image:height\" content=\"480\" \/>\n\t<meta property=\"og:image:type\" content=\"image\/jpeg\" \/>\n<meta name=\"twitter:card\" content=\"summary_large_image\" \/>\n<meta name=\"twitter:label1\" content=\"Gesch\u00e4tzte Lesezeit\" \/>\n\t<meta name=\"twitter:data1\" content=\"2\u00a0Minuten\" \/>\n<script type=\"application\/ld+json\" class=\"yoast-schema-graph\">{\"@context\":\"https:\\\/\\\/schema.org\",\"@graph\":[{\"@type\":\"WebPage\",\"@id\":\"https:\\\/\\\/renier.be\\\/plinten\\\/\",\"url\":\"https:\\\/\\\/renier.be\\\/plinten\\\/\",\"name\":\"Interieur - Vloer -Plinten - Renier Natuursteen\",\"isPartOf\":{\"@id\":\"https:\\\/\\\/renier.be\\\/#website\"},\"primaryImageOfPage\":{\"@id\":\"https:\\\/\\\/renier.be\\\/plinten\\\/#primaryimage\"},\"image\":{\"@id\":\"https:\\\/\\\/renier.be\\\/plinten\\\/#primaryimage\"},\"thumbnailUrl\":\"https:\\\/\\\/renier.be\\\/wp-content\\\/uploads\\\/2024\\\/09\\\/Gezoete-plint-300x225.jpg\",\"datePublished\":\"2024-09-12T12:23:05+00:00\",\"dateModified\":\"2025-08-29T09:02:24+00:00\",\"breadcrumb\":{\"@id\":\"https:\\\/\\\/renier.be\\\/plinten\\\/#breadcrumb\"},\"inLanguage\":\"de\",\"potentialAction\":[{\"@type\":\"ReadAction\",\"target\":[\"https:\\\/\\\/renier.be\\\/plinten\\\/\"]}]},{\"@type\":\"ImageObject\",\"inLanguage\":\"de\",\"@id\":\"https:\\\/\\\/renier.be\\\/plinten\\\/#primaryimage\",\"url\":\"https:\\\/\\\/renier.be\\\/wp-content\\\/uploads\\\/2024\\\/09\\\/Gezoete-plint-300x225.jpg\",\"contentUrl\":\"https:\\\/\\\/renier.be\\\/wp-content\\\/uploads\\\/2024\\\/09\\\/Gezoete-plint-300x225.jpg\"},{\"@type\":\"BreadcrumbList\",\"@id\":\"https:\\\/\\\/renier.be\\\/plinten\\\/#breadcrumb\",\"itemListElement\":[{\"@type\":\"ListItem\",\"position\":1,\"name\":\"Home\",\"item\":\"https:\\\/\\\/renier.be\\\/\"},{\"@type\":\"ListItem\",\"position\":2,\"name\":\"Interieur &#8211; Vloer -Plinten\"}]},{\"@type\":\"WebSite\",\"@id\":\"https:\\\/\\\/renier.be\\\/#website\",\"url\":\"https:\\\/\\\/renier.be\\\/\",\"name\":\"Renier Natuursteen\",\"description\":\"Specialist in Belgisch Blauwe Hardsteen\",\"publisher\":{\"@id\":\"https:\\\/\\\/renier.be\\\/#organization\"},\"potentialAction\":[{\"@type\":\"SearchAction\",\"target\":{\"@type\":\"EntryPoint\",\"urlTemplate\":\"https:\\\/\\\/renier.be\\\/?s={search_term_string}\"},\"query-input\":{\"@type\":\"PropertyValueSpecification\",\"valueRequired\":true,\"valueName\":\"search_term_string\"}}],\"inLanguage\":\"de\"},{\"@type\":\"Organization\",\"@id\":\"https:\\\/\\\/renier.be\\\/#organization\",\"name\":\"Renier Natuursteen\",\"url\":\"https:\\\/\\\/renier.be\\\/\",\"logo\":{\"@type\":\"ImageObject\",\"inLanguage\":\"de\",\"@id\":\"https:\\\/\\\/renier.be\\\/#\\\/schema\\\/logo\\\/image\\\/\",\"url\":\"\",\"contentUrl\":\"\",\"caption\":\"Renier Natuursteen\"},\"image\":{\"@id\":\"https:\\\/\\\/renier.be\\\/#\\\/schema\\\/logo\\\/image\\\/\"},\"sameAs\":[\"https:\\\/\\\/www.facebook.com\\\/reniernatuursteen\"]}]}<\/script>\n<!-- \/ Yoast SEO plugin. -->","yoast_head_json":{"title":"Interieur - Fu\u00dfboden - Leisten - Renier Natuursteen","robots":{"index":"index","follow":"follow","max-snippet":"max-snippet:-1","max-image-preview":"max-image-preview:large","max-video-preview":"max-video-preview:-1"},"canonical":"https:\/\/renier.be\/de\/sockelleisten\/","og_locale":"de_DE","og_type":"article","og_title":"Interieur - Vloer -Plinten - Renier Natuursteen","og_description":"Een plint in blauwe hardsteen Een vloer legt de basis voor de sfeer in een ruimte, maar het zijn de plinten die zorgen voor de perfecte afwerking. Ze vormen de subtiele grens tussen muur en vloer, en brengen een ruimte visueel in balans. Plinten zijn niet alleen een esthetisch detail dat zorgt voor een verzorgde [&hellip;]","og_url":"https:\/\/renier.be\/de\/sockelleisten\/","og_site_name":"Renier Natuursteen","article_publisher":"https:\/\/www.facebook.com\/reniernatuursteen","article_modified_time":"2025-08-29T09:02:24+00:00","og_image":[{"width":640,"height":480,"url":"https:\/\/renier.be\/wp-content\/uploads\/2024\/09\/Gezoete-plint.jpg","type":"image\/jpeg"}],"twitter_card":"summary_large_image","twitter_misc":{"Gesch\u00e4tzte Lesezeit":"2\u00a0Minuten"},"schema":{"@context":"https:\/\/schema.org","@graph":[{"@type":"WebPage","@id":"https:\/\/renier.be\/plinten\/","url":"https:\/\/renier.be\/plinten\/","name":"Interieur - Fu\u00dfboden - Leisten - Renier Natuursteen","isPartOf":{"@id":"https:\/\/renier.be\/#website"},"primaryImageOfPage":{"@id":"https:\/\/renier.be\/plinten\/#primaryimage"},"image":{"@id":"https:\/\/renier.be\/plinten\/#primaryimage"},"thumbnailUrl":"https:\/\/renier.be\/wp-content\/uploads\/2024\/09\/Gezoete-plint-300x225.jpg","datePublished":"2024-09-12T12:23:05+00:00","dateModified":"2025-08-29T09:02:24+00:00","breadcrumb":{"@id":"https:\/\/renier.be\/plinten\/#breadcrumb"},"inLanguage":"de","potentialAction":[{"@type":"ReadAction","target":["https:\/\/renier.be\/plinten\/"]}]},{"@type":"ImageObject","inLanguage":"de","@id":"https:\/\/renier.be\/plinten\/#primaryimage","url":"https:\/\/renier.be\/wp-content\/uploads\/2024\/09\/Gezoete-plint-300x225.jpg","contentUrl":"https:\/\/renier.be\/wp-content\/uploads\/2024\/09\/Gezoete-plint-300x225.jpg"},{"@type":"BreadcrumbList","@id":"https:\/\/renier.be\/plinten\/#breadcrumb","itemListElement":[{"@type":"ListItem","position":1,"name":"Home","item":"https:\/\/renier.be\/"},{"@type":"ListItem","position":2,"name":"Interieur &#8211; Vloer -Plinten"}]},{"@type":"WebSite","@id":"https:\/\/renier.be\/#website","url":"https:\/\/renier.be\/","name":"Renier Naturstein","description":"Spezialist f\u00fcr belgischen Blaustein","publisher":{"@id":"https:\/\/renier.be\/#organization"},"potentialAction":[{"@type":"SearchAction","target":{"@type":"EntryPoint","urlTemplate":"https:\/\/renier.be\/?s={search_term_string}"},"query-input":{"@type":"PropertyValueSpecification","valueRequired":true,"valueName":"search_term_string"}}],"inLanguage":"de"},{"@type":"Organization","@id":"https:\/\/renier.be\/#organization","name":"Renier Naturstein","url":"https:\/\/renier.be\/","logo":{"@type":"ImageObject","inLanguage":"de","@id":"https:\/\/renier.be\/#\/schema\/logo\/image\/","url":"","contentUrl":"","caption":"Renier Natuursteen"},"image":{"@id":"https:\/\/renier.be\/#\/schema\/logo\/image\/"},"sameAs":["https:\/\/www.facebook.com\/reniernatuursteen"]}]}},"_links":{"self":[{"href":"https:\/\/renier.be\/de\/wp-json\/wp\/v2\/pages\/2344","targetHints":{"allow":["GET"]}}],"collection":[{"href":"https:\/\/renier.be\/de\/wp-json\/wp\/v2\/pages"}],"about":[{"href":"https:\/\/renier.be\/de\/wp-json\/wp\/v2\/types\/page"}],"author":[{"embeddable":true,"href":"https:\/\/renier.be\/de\/wp-json\/wp\/v2\/users\/2"}],"replies":[{"embeddable":true,"href":"https:\/\/renier.be\/de\/wp-json\/wp\/v2\/comments?post=2344"}],"version-history":[{"count":0,"href":"https:\/\/renier.be\/de\/wp-json\/wp\/v2\/pages\/2344\/revisions"}],"wp:attachment":[{"href":"https:\/\/renier.be\/de\/wp-json\/wp\/v2\/media?parent=2344"}],"curies":[{"name":"wp","href":"https:\/\/api.w.org\/{rel}","templated":true}]}}