{"id":2348,"date":"2024-09-12T14:25:11","date_gmt":"2024-09-12T12:25:11","guid":{"rendered":"https:\/\/renier.be\/?page_id=2348"},"modified":"2025-08-29T11:03:19","modified_gmt":"2025-08-29T09:03:19","slug":"innentreppen","status":"publish","type":"page","link":"https:\/\/renier.be\/de\/interieur-trappen\/","title":{"rendered":"Innen - Treppe"},"content":{"rendered":"<div data-elementor-type=\"wp-page\" data-elementor-id=\"2348\" class=\"elementor elementor-2348\" data-elementor-post-type=\"page\">\n\t\t\t\t<div class=\"elementor-element elementor-element-50eaf60 e-flex e-con-boxed e-con e-parent\" data-id=\"50eaf60\" data-element_type=\"container\" data-e-type=\"container\">\n\t\t\t\t\t<div class=\"e-con-inner\">\n\t\t\t\t<div class=\"elementor-element elementor-element-f9f4a9b elementor-widget__width-inherit elementor-widget elementor-widget-heading\" data-id=\"f9f4a9b\" data-element_type=\"widget\" data-e-type=\"widget\" data-widget_type=\"heading.default\">\n\t\t\t\t\t<h1 class=\"elementor-heading-title elementor-size-default\">Warum eine Treppe mit Naturstein verkleiden?<\/h1>\t\t\t\t<\/div>\n\t\t\t\t\t<\/div>\n\t\t\t\t<\/div>\n\t\t<div class=\"elementor-element elementor-element-64eb001 e-flex e-con-boxed e-con e-parent\" data-id=\"64eb001\" data-element_type=\"container\" data-e-type=\"container\">\n\t\t\t\t\t<div class=\"e-con-inner\">\n\t\t<div class=\"elementor-element elementor-element-38534f2 e-con-full e-flex e-con e-child\" data-id=\"38534f2\" data-element_type=\"container\" data-e-type=\"container\">\n\t\t\t\t<div class=\"elementor-element elementor-element-10073c9 elementor-widget elementor-widget-text-editor\" data-id=\"10073c9\" data-element_type=\"widget\" data-e-type=\"widget\" data-widget_type=\"text-editor.default\">\n\t\t\t\t\t\t\t\t\t<p>Die Verkleidung einer Treppe mit Naturstein, z. B. Blaustein, bietet nicht nur Langlebigkeit, sondern erhebt die Treppe zu einem eleganten und zeitlosen Element der Inneneinrichtung. Blaustein mit seiner nat\u00fcrlichen Sch\u00f6nheit und seinen subtilen Farbnuancen verleiht jedem Raum ein Gef\u00fchl von Klasse und Raffinesse. Die Kombination aus \u00c4sthetik und Funktionalit\u00e4t macht diesen Stein zu einer perfekten Wahl f\u00fcr die Verkleidung von Treppen, die oft ein zentraler und auff\u00e4lliger Teil eines Hauses sind.<\/p><p>Blaustein ist nicht nur stilvoll, sondern auch \u00e4u\u00dferst robust und widerstandsf\u00e4hig. Damit ist er ideal f\u00fcr Treppen geeignet, die t\u00e4glich intensiv genutzt werden. Der Stein bietet eine au\u00dfergew\u00f6hnliche Widerstandsf\u00e4higkeit gegen Kratzer und Abnutzung und beh\u00e4lt \u00fcber Jahre hinweg sein sch\u00f6nes, lebendiges Aussehen. Au\u00dferdem bietet die nat\u00fcrliche Struktur des Steins eine gewisse Griffigkeit, was die Sicherheit auf der Treppe erh\u00f6ht.<\/p><p>Mit seinem robusten Charakter und seinem raffinierten Aussehen schafft Blaustein eine Harmonie zwischen Funktionalit\u00e4t und Sch\u00f6nheit. Eine mit diesem Naturstein verkleidete Treppe wird so zu einem k\u00fcnstlerischen Teil des Hauses, der Luxus und Best\u00e4ndigkeit auf zeitlose Weise verbindet.<\/p>\t\t\t\t\t\t\t\t<\/div>\n\t\t\t\t<\/div>\n\t\t<div class=\"elementor-element elementor-element-6aa6ec8 e-con-full e-flex e-con e-child\" data-id=\"6aa6ec8\" data-element_type=\"container\" data-e-type=\"container\">\n\t\t\t\t<div class=\"elementor-element elementor-element-b430f39 elementor-widget elementor-widget-image\" data-id=\"b430f39\" data-element_type=\"widget\" data-e-type=\"widget\" data-widget_type=\"image.default\">\n\t\t\t\t\t\t\t\t\t\t\t\t\t\t\t<img fetchpriority=\"high\" decoding=\"async\" width=\"800\" height=\"534\" src=\"https:\/\/renier.be\/wp-content\/uploads\/2024\/09\/IMG_4647-1024x683.jpg\" class=\"attachment-large size-large wp-image-2428\" alt=\"\" srcset=\"https:\/\/renier.be\/wp-content\/uploads\/2024\/09\/IMG_4647-1024x683.jpg 1024w, https:\/\/renier.be\/wp-content\/uploads\/2024\/09\/IMG_4647-300x200.jpg 300w, https:\/\/renier.be\/wp-content\/uploads\/2024\/09\/IMG_4647-768x512.jpg 768w, https:\/\/renier.be\/wp-content\/uploads\/2024\/09\/IMG_4647-1536x1024.jpg 1536w, https:\/\/renier.be\/wp-content\/uploads\/2024\/09\/IMG_4647-2048x1365.jpg 2048w, https:\/\/renier.be\/wp-content\/uploads\/2024\/09\/IMG_4647-600x400.jpg 600w\" sizes=\"(max-width: 800px) 100vw, 800px\" \/>\t\t\t\t\t\t\t\t\t\t\t\t\t\t\t<\/div>\n\t\t\t\t<\/div>\n\t\t\t\t\t<\/div>\n\t\t\t\t<\/div>\n\t\t<div class=\"elementor-element elementor-element-ed7d409 e-flex e-con-boxed e-con e-parent\" data-id=\"ed7d409\" data-element_type=\"container\" data-e-type=\"container\">\n\t\t\t\t\t<div class=\"e-con-inner\">\n\t\t<div class=\"elementor-element elementor-element-5c6febf e-con-full e-flex e-con e-child\" data-id=\"5c6febf\" data-element_type=\"container\" data-e-type=\"container\">\n\t\t\t\t<div class=\"elementor-element elementor-element-b887df4 elementor-widget elementor-widget-image\" data-id=\"b887df4\" data-element_type=\"widget\" data-e-type=\"widget\" data-widget_type=\"image.default\">\n\t\t\t\t\t\t\t\t\t\t\t\t\t\t\t<img decoding=\"async\" width=\"437\" height=\"354\" src=\"https:\/\/renier.be\/wp-content\/uploads\/2024\/09\/Anti-slip-1.jpg\" class=\"attachment-large size-large wp-image-2429\" alt=\"\" srcset=\"https:\/\/renier.be\/wp-content\/uploads\/2024\/09\/Anti-slip-1.jpg 437w, https:\/\/renier.be\/wp-content\/uploads\/2024\/09\/Anti-slip-1-300x243.jpg 300w\" sizes=\"(max-width: 437px) 100vw, 437px\" \/>\t\t\t\t\t\t\t\t\t\t\t\t\t\t\t<\/div>\n\t\t\t\t<\/div>\n\t\t<div class=\"elementor-element elementor-element-f05d8c1 e-con-full e-flex e-con e-child\" data-id=\"f05d8c1\" data-element_type=\"container\" data-e-type=\"container\">\n\t\t\t\t<div class=\"elementor-element elementor-element-4e8830a elementor-widget elementor-widget-text-editor\" data-id=\"4e8830a\" data-element_type=\"widget\" data-e-type=\"widget\" data-widget_type=\"text-editor.default\">\n\t\t\t\t\t\t\t\t\t<p>Alle unsere Blaustein-Oberfl\u00e4chen bieten eine breite Palette von Optionen, darunter auch die M\u00f6glichkeit einer raffinierten, glatt geschliffenen Oberfl\u00e4che. Jede Oberfl\u00e4che wird mit Sorgfalt bearbeitet, um die einzigartige Sch\u00f6nheit und den Charakter des Natursteins voll zur Geltung zu bringen.<\/p><p>Wenn Sie sich f\u00fcr eine glatte, geschliffene Oberfl\u00e4che entscheiden, empfehlen wir auf jeden Fall eine dezente Anti-Rutsch-Behandlung. Dadurch wird nicht nur das elegante Aussehen des Steins bewahrt, sondern auch eine sichere und bequeme Treppe gew\u00e4hrleistet, ohne auf Stil oder Finesse zu verzichten.<\/p>\t\t\t\t\t\t\t\t<\/div>\n\t\t\t\t<\/div>\n\t\t<div class=\"elementor-element elementor-element-bcc6060 e-con-full e-flex e-con e-child\" data-id=\"bcc6060\" data-element_type=\"container\" data-e-type=\"container\">\n\t\t\t\t<div class=\"elementor-element elementor-element-8eb432f elementor-widget elementor-widget-image\" data-id=\"8eb432f\" data-element_type=\"widget\" data-e-type=\"widget\" data-widget_type=\"image.default\">\n\t\t\t\t\t\t\t\t\t\t\t\t\t\t\t<img decoding=\"async\" width=\"463\" height=\"271\" src=\"https:\/\/renier.be\/wp-content\/uploads\/2024\/09\/Anti-slip-2.jpg\" class=\"attachment-large size-large wp-image-2430\" alt=\"\" srcset=\"https:\/\/renier.be\/wp-content\/uploads\/2024\/09\/Anti-slip-2.jpg 463w, https:\/\/renier.be\/wp-content\/uploads\/2024\/09\/Anti-slip-2-300x176.jpg 300w\" sizes=\"(max-width: 463px) 100vw, 463px\" \/>\t\t\t\t\t\t\t\t\t\t\t\t\t\t\t<\/div>\n\t\t\t\t<\/div>\n\t\t\t\t\t<\/div>\n\t\t\t\t<\/div>\n\t\t<div class=\"elementor-element elementor-element-1cde1fb e-flex e-con-boxed e-con e-parent\" data-id=\"1cde1fb\" data-element_type=\"container\" data-e-type=\"container\">\n\t\t\t\t\t<div class=\"e-con-inner\">\n\t\t<div class=\"elementor-element elementor-element-e6e1432 e-con-full e-flex e-con e-child\" data-id=\"e6e1432\" data-element_type=\"container\" data-e-type=\"container\">\n\t\t\t\t<div class=\"elementor-element elementor-element-8a673a0 elementor-widget elementor-widget-text-editor\" data-id=\"8a673a0\" data-element_type=\"widget\" data-e-type=\"widget\" data-widget_type=\"text-editor.default\">\n\t\t\t\t\t\t\t\t\t<p>Da es sich bei der Verkleidung einer Treppe mit Blaustein immer um eine Ma\u00dfanfertigung handelt, bei der ein genaues Aufma\u00df unerl\u00e4sslich ist, empfehlen wir Ihnen, sich an uns zu wenden. Z\u00f6gern Sie nicht, sich unverbindlich mit uns in Verbindung zu setzen; wir beraten Sie gerne und begleiten Sie bei jedem Schritt. Mit unserem Fachwissen sorgen wir daf\u00fcr, dass Ihr Treppenbelag perfekt auf Ihre Bed\u00fcrfnisse und die Besonderheiten Ihres Raumes abgestimmt ist.<\/p>\t\t\t\t\t\t\t\t<\/div>\n\t\t\t\t<\/div>\n\t\t\t\t\t<\/div>\n\t\t\t\t<\/div>\n\t\t<div class=\"elementor-element elementor-element-26a0b2a e-flex e-con-boxed e-con e-parent\" data-id=\"26a0b2a\" data-element_type=\"container\" data-e-type=\"container\">\n\t\t\t\t\t<div class=\"e-con-inner\">\n\t\t\t\t<div class=\"elementor-element elementor-element-8b082e9 elementor-widget elementor-widget-button\" data-id=\"8b082e9\" data-element_type=\"widget\" data-e-type=\"widget\" data-widget_type=\"button.default\">\n\t\t\t\t\t\t\t\t\t\t<a class=\"elementor-button elementor-button-link elementor-size-sm\" href=\"https:\/\/renier.be\/de\/produkte\/?_categorieen=trappen\">\n\t\t\t\t\t\t<span class=\"elementor-button-content-wrapper\">\n\t\t\t\t\t\t\t\t\t<span class=\"elementor-button-text\">\u00dcbersicht Treppe<\/span>\n\t\t\t\t\t<\/span>\n\t\t\t\t\t<\/a>\n\t\t\t\t\t\t\t\t<\/div>\n\t\t\t\t\t<\/div>\n\t\t\t\t<\/div>\n\t\t\t\t<\/div>","protected":false},"excerpt":{"rendered":"<p>Waarom een trap bekleden met natuursteen ? Het bekleden van een trap met natuursteen, zoals blauwe hardsteen, biedt niet alleen duurzaamheid, maar verheft de trap tot een elegant en tijdloos element in het interieur. Blauwe hardsteen, met zijn natuurlijke schoonheid en subtiele kleurnuances, geeft elke ruimte een gevoel van klasse en verfijning. Door de combinatie [&hellip;]<\/p>\n","protected":false},"author":2,"featured_media":0,"parent":0,"menu_order":0,"comment_status":"closed","ping_status":"closed","template":"","meta":{"_acf_changed":false,"footnotes":""},"class_list":["post-2348","page","type-page","status-publish","hentry"],"acf":[],"yoast_head":"<!-- This site is optimized with the Yoast SEO plugin v27.3 - https:\/\/yoast.com\/product\/yoast-seo-wordpress\/ -->\n<title>Interieur - Trappen - Renier Natuursteen<\/title>\n<meta name=\"robots\" content=\"index, follow, max-snippet:-1, max-image-preview:large, max-video-preview:-1\" \/>\n<link rel=\"canonical\" href=\"https:\/\/renier.be\/de\/innentreppen\/\" \/>\n<meta property=\"og:locale\" content=\"de_DE\" \/>\n<meta property=\"og:type\" content=\"article\" \/>\n<meta property=\"og:title\" content=\"Interieur - Trappen - Renier Natuursteen\" \/>\n<meta property=\"og:description\" content=\"Waarom een trap bekleden met natuursteen ? Het bekleden van een trap met natuursteen, zoals blauwe hardsteen, biedt niet alleen duurzaamheid, maar verheft de trap tot een elegant en tijdloos element in het interieur. Blauwe hardsteen, met zijn natuurlijke schoonheid en subtiele kleurnuances, geeft elke ruimte een gevoel van klasse en verfijning. Door de combinatie [&hellip;]\" \/>\n<meta property=\"og:url\" content=\"https:\/\/renier.be\/de\/innentreppen\/\" \/>\n<meta property=\"og:site_name\" content=\"Renier Natuursteen\" \/>\n<meta property=\"article:publisher\" content=\"https:\/\/www.facebook.com\/reniernatuursteen\" \/>\n<meta property=\"article:modified_time\" content=\"2025-08-29T09:03:19+00:00\" \/>\n<meta property=\"og:image\" content=\"https:\/\/renier.be\/wp-content\/uploads\/2024\/09\/IMG_4647-scaled.jpg\" \/>\n\t<meta property=\"og:image:width\" content=\"2560\" \/>\n\t<meta property=\"og:image:height\" content=\"1707\" \/>\n\t<meta property=\"og:image:type\" content=\"image\/jpeg\" \/>\n<meta name=\"twitter:card\" content=\"summary_large_image\" \/>\n<meta name=\"twitter:label1\" content=\"Gesch\u00e4tzte Lesezeit\" \/>\n\t<meta name=\"twitter:data1\" content=\"2\u00a0Minuten\" \/>\n<script type=\"application\/ld+json\" class=\"yoast-schema-graph\">{\"@context\":\"https:\\\/\\\/schema.org\",\"@graph\":[{\"@type\":\"WebPage\",\"@id\":\"https:\\\/\\\/renier.be\\\/interieur-trappen\\\/\",\"url\":\"https:\\\/\\\/renier.be\\\/interieur-trappen\\\/\",\"name\":\"Interieur - Trappen - Renier Natuursteen\",\"isPartOf\":{\"@id\":\"https:\\\/\\\/renier.be\\\/#website\"},\"primaryImageOfPage\":{\"@id\":\"https:\\\/\\\/renier.be\\\/interieur-trappen\\\/#primaryimage\"},\"image\":{\"@id\":\"https:\\\/\\\/renier.be\\\/interieur-trappen\\\/#primaryimage\"},\"thumbnailUrl\":\"https:\\\/\\\/renier.be\\\/wp-content\\\/uploads\\\/2024\\\/09\\\/IMG_4647-1024x683.jpg\",\"datePublished\":\"2024-09-12T12:25:11+00:00\",\"dateModified\":\"2025-08-29T09:03:19+00:00\",\"breadcrumb\":{\"@id\":\"https:\\\/\\\/renier.be\\\/interieur-trappen\\\/#breadcrumb\"},\"inLanguage\":\"de\",\"potentialAction\":[{\"@type\":\"ReadAction\",\"target\":[\"https:\\\/\\\/renier.be\\\/interieur-trappen\\\/\"]}]},{\"@type\":\"ImageObject\",\"inLanguage\":\"de\",\"@id\":\"https:\\\/\\\/renier.be\\\/interieur-trappen\\\/#primaryimage\",\"url\":\"https:\\\/\\\/renier.be\\\/wp-content\\\/uploads\\\/2024\\\/09\\\/IMG_4647-1024x683.jpg\",\"contentUrl\":\"https:\\\/\\\/renier.be\\\/wp-content\\\/uploads\\\/2024\\\/09\\\/IMG_4647-1024x683.jpg\"},{\"@type\":\"BreadcrumbList\",\"@id\":\"https:\\\/\\\/renier.be\\\/interieur-trappen\\\/#breadcrumb\",\"itemListElement\":[{\"@type\":\"ListItem\",\"position\":1,\"name\":\"Home\",\"item\":\"https:\\\/\\\/renier.be\\\/\"},{\"@type\":\"ListItem\",\"position\":2,\"name\":\"Interieur &#8211; Trappen\"}]},{\"@type\":\"WebSite\",\"@id\":\"https:\\\/\\\/renier.be\\\/#website\",\"url\":\"https:\\\/\\\/renier.be\\\/\",\"name\":\"Renier Natuursteen\",\"description\":\"Specialist in Belgisch Blauwe Hardsteen\",\"publisher\":{\"@id\":\"https:\\\/\\\/renier.be\\\/#organization\"},\"potentialAction\":[{\"@type\":\"SearchAction\",\"target\":{\"@type\":\"EntryPoint\",\"urlTemplate\":\"https:\\\/\\\/renier.be\\\/?s={search_term_string}\"},\"query-input\":{\"@type\":\"PropertyValueSpecification\",\"valueRequired\":true,\"valueName\":\"search_term_string\"}}],\"inLanguage\":\"de\"},{\"@type\":\"Organization\",\"@id\":\"https:\\\/\\\/renier.be\\\/#organization\",\"name\":\"Renier Natuursteen\",\"url\":\"https:\\\/\\\/renier.be\\\/\",\"logo\":{\"@type\":\"ImageObject\",\"inLanguage\":\"de\",\"@id\":\"https:\\\/\\\/renier.be\\\/#\\\/schema\\\/logo\\\/image\\\/\",\"url\":\"\",\"contentUrl\":\"\",\"caption\":\"Renier Natuursteen\"},\"image\":{\"@id\":\"https:\\\/\\\/renier.be\\\/#\\\/schema\\\/logo\\\/image\\\/\"},\"sameAs\":[\"https:\\\/\\\/www.facebook.com\\\/reniernatuursteen\"]}]}<\/script>\n<!-- \/ Yoast SEO plugin. -->","yoast_head_json":{"title":"Interieur - Treppe - Renier Natuursteen","robots":{"index":"index","follow":"follow","max-snippet":"max-snippet:-1","max-image-preview":"max-image-preview:large","max-video-preview":"max-video-preview:-1"},"canonical":"https:\/\/renier.be\/de\/innentreppen\/","og_locale":"de_DE","og_type":"article","og_title":"Interieur - Trappen - Renier Natuursteen","og_description":"Waarom een trap bekleden met natuursteen ? Het bekleden van een trap met natuursteen, zoals blauwe hardsteen, biedt niet alleen duurzaamheid, maar verheft de trap tot een elegant en tijdloos element in het interieur. Blauwe hardsteen, met zijn natuurlijke schoonheid en subtiele kleurnuances, geeft elke ruimte een gevoel van klasse en verfijning. Door de combinatie [&hellip;]","og_url":"https:\/\/renier.be\/de\/innentreppen\/","og_site_name":"Renier Natuursteen","article_publisher":"https:\/\/www.facebook.com\/reniernatuursteen","article_modified_time":"2025-08-29T09:03:19+00:00","og_image":[{"width":2560,"height":1707,"url":"https:\/\/renier.be\/wp-content\/uploads\/2024\/09\/IMG_4647-scaled.jpg","type":"image\/jpeg"}],"twitter_card":"summary_large_image","twitter_misc":{"Gesch\u00e4tzte Lesezeit":"2\u00a0Minuten"},"schema":{"@context":"https:\/\/schema.org","@graph":[{"@type":"WebPage","@id":"https:\/\/renier.be\/interieur-trappen\/","url":"https:\/\/renier.be\/interieur-trappen\/","name":"Interieur - Treppe - Renier Natuursteen","isPartOf":{"@id":"https:\/\/renier.be\/#website"},"primaryImageOfPage":{"@id":"https:\/\/renier.be\/interieur-trappen\/#primaryimage"},"image":{"@id":"https:\/\/renier.be\/interieur-trappen\/#primaryimage"},"thumbnailUrl":"https:\/\/renier.be\/wp-content\/uploads\/2024\/09\/IMG_4647-1024x683.jpg","datePublished":"2024-09-12T12:25:11+00:00","dateModified":"2025-08-29T09:03:19+00:00","breadcrumb":{"@id":"https:\/\/renier.be\/interieur-trappen\/#breadcrumb"},"inLanguage":"de","potentialAction":[{"@type":"ReadAction","target":["https:\/\/renier.be\/interieur-trappen\/"]}]},{"@type":"ImageObject","inLanguage":"de","@id":"https:\/\/renier.be\/interieur-trappen\/#primaryimage","url":"https:\/\/renier.be\/wp-content\/uploads\/2024\/09\/IMG_4647-1024x683.jpg","contentUrl":"https:\/\/renier.be\/wp-content\/uploads\/2024\/09\/IMG_4647-1024x683.jpg"},{"@type":"BreadcrumbList","@id":"https:\/\/renier.be\/interieur-trappen\/#breadcrumb","itemListElement":[{"@type":"ListItem","position":1,"name":"Home","item":"https:\/\/renier.be\/"},{"@type":"ListItem","position":2,"name":"Interieur &#8211; Trappen"}]},{"@type":"WebSite","@id":"https:\/\/renier.be\/#website","url":"https:\/\/renier.be\/","name":"Renier Naturstein","description":"Spezialist f\u00fcr belgischen Blaustein","publisher":{"@id":"https:\/\/renier.be\/#organization"},"potentialAction":[{"@type":"SearchAction","target":{"@type":"EntryPoint","urlTemplate":"https:\/\/renier.be\/?s={search_term_string}"},"query-input":{"@type":"PropertyValueSpecification","valueRequired":true,"valueName":"search_term_string"}}],"inLanguage":"de"},{"@type":"Organization","@id":"https:\/\/renier.be\/#organization","name":"Renier Naturstein","url":"https:\/\/renier.be\/","logo":{"@type":"ImageObject","inLanguage":"de","@id":"https:\/\/renier.be\/#\/schema\/logo\/image\/","url":"","contentUrl":"","caption":"Renier Natuursteen"},"image":{"@id":"https:\/\/renier.be\/#\/schema\/logo\/image\/"},"sameAs":["https:\/\/www.facebook.com\/reniernatuursteen"]}]}},"_links":{"self":[{"href":"https:\/\/renier.be\/de\/wp-json\/wp\/v2\/pages\/2348","targetHints":{"allow":["GET"]}}],"collection":[{"href":"https:\/\/renier.be\/de\/wp-json\/wp\/v2\/pages"}],"about":[{"href":"https:\/\/renier.be\/de\/wp-json\/wp\/v2\/types\/page"}],"author":[{"embeddable":true,"href":"https:\/\/renier.be\/de\/wp-json\/wp\/v2\/users\/2"}],"replies":[{"embeddable":true,"href":"https:\/\/renier.be\/de\/wp-json\/wp\/v2\/comments?post=2348"}],"version-history":[{"count":0,"href":"https:\/\/renier.be\/de\/wp-json\/wp\/v2\/pages\/2348\/revisions"}],"wp:attachment":[{"href":"https:\/\/renier.be\/de\/wp-json\/wp\/v2\/media?parent=2348"}],"curies":[{"name":"wp","href":"https:\/\/api.w.org\/{rel}","templated":true}]}}