{"id":2350,"date":"2024-09-12T14:25:37","date_gmt":"2024-09-12T12:25:37","guid":{"rendered":"https:\/\/renier.be\/?page_id=2350"},"modified":"2026-03-12T14:14:49","modified_gmt":"2026-03-12T13:14:49","slug":"innenfenster-tabletten","status":"publish","type":"page","link":"https:\/\/renier.be\/de\/interieur-tabletten-venstertabletten\/","title":{"rendered":"Innen - Fenstertabletten"},"content":{"rendered":"<div data-elementor-type=\"wp-page\" data-elementor-id=\"2350\" class=\"elementor elementor-2350\" data-elementor-post-type=\"page\">\n\t\t\t\t<div class=\"elementor-element elementor-element-4cfc5db e-flex e-con-boxed e-con e-parent\" data-id=\"4cfc5db\" data-element_type=\"container\" data-e-type=\"container\">\n\t\t\t\t\t<div class=\"e-con-inner\">\n\t\t\t\t<div class=\"elementor-element elementor-element-dfe01cc elementor-widget__width-inherit elementor-widget elementor-widget-heading\" data-id=\"dfe01cc\" data-element_type=\"widget\" data-e-type=\"widget\" data-widget_type=\"heading.default\">\n\t\t\t\t\t<h1 class=\"elementor-heading-title elementor-size-default\">Fensterfliesen aus Naturstein ? eine kluge Wahl<\/h1>\t\t\t\t<\/div>\n\t\t\t\t\t<\/div>\n\t\t\t\t<\/div>\n\t\t<div class=\"elementor-element elementor-element-09b5eeb e-flex e-con-boxed e-con e-parent\" data-id=\"09b5eeb\" data-element_type=\"container\" data-e-type=\"container\">\n\t\t\t\t\t<div class=\"e-con-inner\">\n\t\t<div class=\"elementor-element elementor-element-783d4ff e-con-full e-flex e-con e-child\" data-id=\"783d4ff\" data-element_type=\"container\" data-e-type=\"container\">\n\t\t\t\t<div class=\"elementor-element elementor-element-e2836d2 elementor-widget elementor-widget-text-editor\" data-id=\"e2836d2\" data-element_type=\"widget\" data-e-type=\"widget\" data-widget_type=\"text-editor.default\">\n\t\t\t\t\t\t\t\t\t<p>Eine Fensterb\u00e4nke aus Naturstein bietet eine perfekte Kombination aus Sch\u00f6nheit, Haltbarkeit und zeitloser Eleganz. Naturstein mit seinen einzigartigen Texturen und Farbnuancen verleiht jedem Raum eine raffinierte \u00c4sthetik und ist gleichzeitig praktisch und widerstandsf\u00e4hig. Die nat\u00fcrliche Herkunft des Steins verleiht der Fensterplatte ein einzigartiges Aussehen, das mit anderen Materialien nur schwer zu erreichen ist.<\/p><p>Au\u00dferdem ist Naturstein au\u00dferordentlich langlebig und widerstandsf\u00e4hig gegen\u00fcber t\u00e4glicher Beanspruchung, Feuchtigkeit und Temperaturschwankungen, was ihn zum idealen Material f\u00fcr Fensterb\u00e4nke macht, die vielen Einfl\u00fcssen ausgesetzt sind. Auch bei intensiver Nutzung beh\u00e4lt er \u00fcber Jahre hinweg m\u00fchelos sein elegantes Aussehen. Seine pflegeleichten Eigenschaften machen Naturstein zu einer praktischen Wahl, w\u00e4hrend sein nat\u00fcrlicher Luxus sowohl klassischen als auch modernen Innenr\u00e4umen ein anspruchsvolles Ambiente verleiht.<\/p><p>Kurz gesagt, eine Fensterb\u00e4nke aus Naturstein verbindet Funktionalit\u00e4t mit einem unvergleichlichen \u00e4sthetischen Wert und ist damit nicht nur ein praktisches Element, sondern auch eine stilvolle Erg\u00e4nzung f\u00fcr Ihr Zuhause.<\/p><p>Als Spezialisten bieten wir eine breite Palette von Oberfl\u00e4chen an, die ganz auf den Stil Ihres Hauses und das gew\u00fcnschte Aussehen zugeschnitten sind. Jede Wahl, die Sie treffen, tr\u00e4gt dazu bei, die perfekte Harmonie zwischen Ihrem Interieur und dem Naturstein zu schaffen, wobei wir sorgf\u00e4ltig auf Ihre pers\u00f6nlichen Vorlieben und die Atmosph\u00e4re eingehen, die Sie schaffen m\u00f6chten.<\/p>\t\t\t\t\t\t\t\t<\/div>\n\t\t\t\t<\/div>\n\t\t<div class=\"elementor-element elementor-element-4ad9c9a e-con-full e-flex e-con e-child\" data-id=\"4ad9c9a\" data-element_type=\"container\" data-e-type=\"container\">\n\t\t\t\t<div class=\"elementor-element elementor-element-1f88b56 elementor-widget elementor-widget-image\" data-id=\"1f88b56\" data-element_type=\"widget\" data-e-type=\"widget\" data-widget_type=\"image.default\">\n\t\t\t\t\t\t\t\t\t\t\t\t\t\t\t<img fetchpriority=\"high\" decoding=\"async\" width=\"800\" height=\"534\" src=\"https:\/\/renier.be\/wp-content\/uploads\/2026\/03\/Venstertablet-foto-met-tuin-en-lampt-maart-2026-ChatGPT-1024x683.png\" class=\"attachment-large size-large wp-image-5194\" alt=\"Fensterfliese geflammter Blaustein\" srcset=\"https:\/\/renier.be\/wp-content\/uploads\/2026\/03\/Venstertablet-foto-met-tuin-en-lampt-maart-2026-ChatGPT-1024x683.png 1024w, https:\/\/renier.be\/wp-content\/uploads\/2026\/03\/Venstertablet-foto-met-tuin-en-lampt-maart-2026-ChatGPT-300x200.png 300w, https:\/\/renier.be\/wp-content\/uploads\/2026\/03\/Venstertablet-foto-met-tuin-en-lampt-maart-2026-ChatGPT-768x512.png 768w, https:\/\/renier.be\/wp-content\/uploads\/2026\/03\/Venstertablet-foto-met-tuin-en-lampt-maart-2026-ChatGPT-18x12.png 18w, https:\/\/renier.be\/wp-content\/uploads\/2026\/03\/Venstertablet-foto-met-tuin-en-lampt-maart-2026-ChatGPT-600x400.png 600w, https:\/\/renier.be\/wp-content\/uploads\/2026\/03\/Venstertablet-foto-met-tuin-en-lampt-maart-2026-ChatGPT.png 1536w\" sizes=\"(max-width: 800px) 100vw, 800px\" \/>\t\t\t\t\t\t\t\t\t\t\t\t\t\t\t<\/div>\n\t\t\t\t<\/div>\n\t\t\t\t\t<\/div>\n\t\t\t\t<\/div>\n\t\t<div class=\"elementor-element elementor-element-11b9470 e-flex e-con-boxed e-con e-parent\" data-id=\"11b9470\" data-element_type=\"container\" data-e-type=\"container\">\n\t\t\t\t\t<div class=\"e-con-inner\">\n\t\t<div class=\"elementor-element elementor-element-1c4b89b e-con-full e-flex e-con e-child\" data-id=\"1c4b89b\" data-element_type=\"container\" data-e-type=\"container\">\n\t\t\t\t<div class=\"elementor-element elementor-element-8937930 elementor-widget elementor-widget-text-editor\" data-id=\"8937930\" data-element_type=\"widget\" data-e-type=\"widget\" data-widget_type=\"text-editor.default\">\n\t\t\t\t\t\t\t\t\t<p><strong>SATINIERTER VINALMONT<\/strong><\/p><p><img decoding=\"async\" class=\"alignnone size-medium wp-image-2454\" src=\"https:\/\/renier.be\/wp-content\/uploads\/2024\/09\/Vinalmont-gezoet-300x200.jpg\" alt=\"\" width=\"300\" height=\"200\" srcset=\"https:\/\/renier.be\/wp-content\/uploads\/2024\/09\/Vinalmont-gezoet-300x200.jpg 300w, https:\/\/renier.be\/wp-content\/uploads\/2024\/09\/Vinalmont-gezoet-1024x683.jpg 1024w, https:\/\/renier.be\/wp-content\/uploads\/2024\/09\/Vinalmont-gezoet-768x512.jpg 768w, https:\/\/renier.be\/wp-content\/uploads\/2024\/09\/Vinalmont-gezoet-1536x1024.jpg 1536w, https:\/\/renier.be\/wp-content\/uploads\/2024\/09\/Vinalmont-gezoet-2048x1365.jpg 2048w, https:\/\/renier.be\/wp-content\/uploads\/2024\/09\/Vinalmont-gezoet-600x400.jpg 600w\" sizes=\"(max-width: 300px) 100vw, 300px\" \/><\/p><p>Einzigartiger Vinalmont-Kalkstein aus unseren eigenen Steinbr\u00fcchen in der N\u00e4he von L\u00fcttich, der besonders langlebig, pflegeleicht und feuchtigkeitsbest\u00e4ndig ist und sich daher hervorragend f\u00fcr Fensterfliesen eignet. \u00c4u\u00dferst empfehlenswert!<\/p>\t\t\t\t\t\t\t\t<\/div>\n\t\t\t\t<\/div>\n\t\t<div class=\"elementor-element elementor-element-bcc5685 e-con-full e-flex e-con e-child\" data-id=\"bcc5685\" data-element_type=\"container\" data-e-type=\"container\">\n\t\t\t\t<div class=\"elementor-element elementor-element-7ea70c9 elementor-widget elementor-widget-text-editor\" data-id=\"7ea70c9\" data-element_type=\"widget\" data-e-type=\"widget\" data-widget_type=\"text-editor.default\">\n\t\t\t\t\t\t\t\t\t<p><strong>SATINIERTER BLAUSTEIN<\/strong><\/p><p><img decoding=\"async\" class=\"alignnone size-medium wp-image-2455\" src=\"https:\/\/renier.be\/wp-content\/uploads\/2024\/09\/BLH_gezoet-300x200.jpg\" alt=\"\" width=\"300\" height=\"200\" srcset=\"https:\/\/renier.be\/wp-content\/uploads\/2024\/09\/BLH_gezoet-300x200.jpg 300w, https:\/\/renier.be\/wp-content\/uploads\/2024\/09\/BLH_gezoet-1024x682.jpg 1024w, https:\/\/renier.be\/wp-content\/uploads\/2024\/09\/BLH_gezoet-768x512.jpg 768w, https:\/\/renier.be\/wp-content\/uploads\/2024\/09\/BLH_gezoet-600x400.jpg 600w, https:\/\/renier.be\/wp-content\/uploads\/2024\/09\/BLH_gezoet.jpg 1400w\" sizes=\"(max-width: 300px) 100vw, 300px\" \/><\/p><p>Geschliffene Oberfl\u00e4che aus unserem eigenen Blaustein aus unserem Steinbruch in Sprimont. Eine Fensterscheibe aus geschliffenem belgischem Blaustein ist langlebig, kratzfest, pflegeleicht und verleiht jedem Interieur ein zeitloses, elegantes Aussehen.<\/p>\t\t\t\t\t\t\t\t<\/div>\n\t\t\t\t<\/div>\n\t\t<div class=\"elementor-element elementor-element-23b7cbc e-con-full e-flex e-con e-child\" data-id=\"23b7cbc\" data-element_type=\"container\" data-e-type=\"container\">\n\t\t\t\t<div class=\"elementor-element elementor-element-21a8c6f elementor-widget elementor-widget-text-editor\" data-id=\"21a8c6f\" data-element_type=\"widget\" data-e-type=\"widget\" data-widget_type=\"text-editor.default\">\n\t\t\t\t\t\t\t\t\t<p><strong>INDIAN BLACK SATINIERT<\/strong><\/p><p><img loading=\"lazy\" decoding=\"async\" class=\"alignnone size-medium wp-image-2456\" src=\"https:\/\/renier.be\/wp-content\/uploads\/2024\/09\/indian_black_gezoet-300x200.jpg\" alt=\"\" width=\"300\" height=\"200\" srcset=\"https:\/\/renier.be\/wp-content\/uploads\/2024\/09\/indian_black_gezoet-300x200.jpg 300w, https:\/\/renier.be\/wp-content\/uploads\/2024\/09\/indian_black_gezoet-1024x682.jpg 1024w, https:\/\/renier.be\/wp-content\/uploads\/2024\/09\/indian_black_gezoet-768x512.jpg 768w, https:\/\/renier.be\/wp-content\/uploads\/2024\/09\/indian_black_gezoet-600x400.jpg 600w, https:\/\/renier.be\/wp-content\/uploads\/2024\/09\/indian_black_gezoet.jpg 1400w\" sizes=\"(max-width: 300px) 100vw, 300px\" \/><\/p><p>Indian Black ist ein in Indien beheimateter Naturstein mit einem tiefschwarzen, glatten Aussehen. Er ist sehr langlebig, strapazierf\u00e4hig und widerstandsf\u00e4hig gegen Hitze und Feuchtigkeit.\u00a0<\/p>\t\t\t\t\t\t\t\t<\/div>\n\t\t\t\t<\/div>\n\t\t<div class=\"elementor-element elementor-element-57f67aa e-con-full e-flex e-con e-child\" data-id=\"57f67aa\" data-element_type=\"container\" data-e-type=\"container\">\n\t\t\t\t<div class=\"elementor-element elementor-element-b678cb8 elementor-widget elementor-widget-text-editor\" data-id=\"b678cb8\" data-element_type=\"widget\" data-e-type=\"widget\" data-widget_type=\"text-editor.default\">\n\t\t\t\t\t\t\t\t\t<p><strong>INDIAN BLACK POLY<\/strong><\/p><p><img loading=\"lazy\" decoding=\"async\" class=\"alignnone size-medium wp-image-2456\" src=\"https:\/\/renier.be\/wp-content\/uploads\/2024\/09\/indian_black_gezoet-300x200.jpg\" alt=\"\" width=\"300\" height=\"200\" srcset=\"https:\/\/renier.be\/wp-content\/uploads\/2024\/09\/indian_black_gezoet-300x200.jpg 300w, https:\/\/renier.be\/wp-content\/uploads\/2024\/09\/indian_black_gezoet-1024x682.jpg 1024w, https:\/\/renier.be\/wp-content\/uploads\/2024\/09\/indian_black_gezoet-768x512.jpg 768w, https:\/\/renier.be\/wp-content\/uploads\/2024\/09\/indian_black_gezoet-600x400.jpg 600w, https:\/\/renier.be\/wp-content\/uploads\/2024\/09\/indian_black_gezoet.jpg 1400w\" sizes=\"(max-width: 300px) 100vw, 300px\" \/><\/p><p>Indisch Schwarz mit gl\u00e4nzender Oberfl\u00e4che. Eine Fenstertafel in Indian Black mit Poly-Finish bietet ein gl\u00e4nzendes, luxuri\u00f6ses Aussehen, ist kratzfest, langlebig und pflegeleicht, perfekt f\u00fcr moderne Innenr\u00e4ume.<\/p>\t\t\t\t\t\t\t\t<\/div>\n\t\t\t\t<\/div>\n\t\t\t\t\t<\/div>\n\t\t\t\t<\/div>\n\t\t<div class=\"elementor-element elementor-element-89a635f e-flex e-con-boxed e-con e-parent\" data-id=\"89a635f\" data-element_type=\"container\" data-e-type=\"container\">\n\t\t\t\t\t<div class=\"e-con-inner\">\n\t\t<div class=\"elementor-element elementor-element-c1b3698 e-con-full e-flex e-con e-child\" data-id=\"c1b3698\" data-element_type=\"container\" data-e-type=\"container\">\n\t\t\t\t<div class=\"elementor-element elementor-element-8aa9e84 elementor-widget elementor-widget-text-editor\" data-id=\"8aa9e84\" data-element_type=\"widget\" data-e-type=\"widget\" data-widget_type=\"text-editor.default\">\n\t\t\t\t\t\t\t\t\t<p><strong>PIETRA SERENA<\/strong><\/p><p><img loading=\"lazy\" decoding=\"async\" class=\"alignnone size-medium wp-image-2465\" src=\"https:\/\/renier.be\/wp-content\/uploads\/2024\/09\/pietra-serena-lichter-300x200.jpg\" alt=\"\" width=\"300\" height=\"200\" srcset=\"https:\/\/renier.be\/wp-content\/uploads\/2024\/09\/pietra-serena-lichter-300x200.jpg 300w, https:\/\/renier.be\/wp-content\/uploads\/2024\/09\/pietra-serena-lichter-1024x682.jpg 1024w, https:\/\/renier.be\/wp-content\/uploads\/2024\/09\/pietra-serena-lichter-768x512.jpg 768w, https:\/\/renier.be\/wp-content\/uploads\/2024\/09\/pietra-serena-lichter-600x400.jpg 600w, https:\/\/renier.be\/wp-content\/uploads\/2024\/09\/pietra-serena-lichter.jpg 1400w\" sizes=\"(max-width: 300px) 100vw, 300px\" \/><\/p><p>Eine Fensterb\u00e4nke aus Pietra Serena, einem italienischen Sandstein, bietet ein elegantes graues Aussehen, ist langlebig und hitzebest\u00e4ndig und passt sowohl in moderne als auch in klassische Innenr\u00e4ume.<\/p>\t\t\t\t\t\t\t\t<\/div>\n\t\t\t\t<\/div>\n\t\t<div class=\"elementor-element elementor-element-fe8eddb e-con-full e-flex e-con e-child\" data-id=\"fe8eddb\" data-element_type=\"container\" data-e-type=\"container\">\n\t\t\t\t<div class=\"elementor-element elementor-element-33cd60a elementor-widget elementor-widget-text-editor\" data-id=\"33cd60a\" data-element_type=\"widget\" data-e-type=\"widget\" data-widget_type=\"text-editor.default\">\n\t\t\t\t\t\t\t\t\t<p><strong>MOCCA CREME<\/strong><\/p><p><img loading=\"lazy\" decoding=\"async\" class=\"alignnone size-full wp-image-2477\" src=\"https:\/\/renier.be\/wp-content\/uploads\/2024\/09\/moca-creme-aangepast-formaat.jpg\" alt=\"\" width=\"300\" height=\"200\" \/><\/p><p>Eine Fensterb\u00e4nke aus Mocca Creme, einem beigen Kalkstein aus Portugal, bietet einen warmen, beigen Look, ist langlebig und pflegeleicht und passt sowohl in moderne als auch in klassische Innenr\u00e4ume.<\/p>\t\t\t\t\t\t\t\t<\/div>\n\t\t\t\t<\/div>\n\t\t<div class=\"elementor-element elementor-element-be38efe e-con-full e-flex e-con e-child\" data-id=\"be38efe\" data-element_type=\"container\" data-e-type=\"container\">\n\t\t\t\t<div class=\"elementor-element elementor-element-98b01b5 elementor-widget elementor-widget-text-editor\" data-id=\"98b01b5\" data-element_type=\"widget\" data-e-type=\"widget\" data-widget_type=\"text-editor.default\">\n\t\t\t\t\t\t\t\t\t<p><strong>CARRARA<\/strong><\/p><p><img loading=\"lazy\" decoding=\"async\" class=\"alignnone size-medium wp-image-2466\" src=\"https:\/\/renier.be\/wp-content\/uploads\/2024\/09\/carrara_c-lichter-300x200.jpg\" alt=\"\" width=\"300\" height=\"200\" srcset=\"https:\/\/renier.be\/wp-content\/uploads\/2024\/09\/carrara_c-lichter-300x200.jpg 300w, https:\/\/renier.be\/wp-content\/uploads\/2024\/09\/carrara_c-lichter-1024x682.jpg 1024w, https:\/\/renier.be\/wp-content\/uploads\/2024\/09\/carrara_c-lichter-768x512.jpg 768w, https:\/\/renier.be\/wp-content\/uploads\/2024\/09\/carrara_c-lichter-600x400.jpg 600w, https:\/\/renier.be\/wp-content\/uploads\/2024\/09\/carrara_c-lichter.jpg 1400w\" sizes=\"(max-width: 300px) 100vw, 300px\" \/><\/p><p>Eine Fensterb\u00e4nke aus Carrara-Marmor bietet mit ihrem wei\u00dfen Hintergrund und den dezenten grauen Adern ein luxuri\u00f6ses, zeitloses Aussehen. Dieser Marmor ist nicht nur \u00e4sthetisch sch\u00f6n, sondern auch langlebig und hitzebest\u00e4ndig, was ihn perfekt f\u00fcr Fenstertafeln macht.\u00a0<\/p>\t\t\t\t\t\t\t\t<\/div>\n\t\t\t\t<\/div>\n\t\t\t\t\t<\/div>\n\t\t\t\t<\/div>\n\t\t<div class=\"elementor-element elementor-element-0e74f0b e-flex e-con-boxed e-con e-parent\" data-id=\"0e74f0b\" data-element_type=\"container\" data-e-type=\"container\">\n\t\t\t\t\t<div class=\"e-con-inner\">\n\t\t\t\t<div class=\"elementor-element elementor-element-115698e elementor-widget elementor-widget-button\" data-id=\"115698e\" data-element_type=\"widget\" data-e-type=\"widget\" data-widget_type=\"button.default\">\n\t\t\t\t\t\t\t\t\t\t<a class=\"elementor-button elementor-button-link elementor-size-sm\" href=\"https:\/\/renier.be\/de\/produkte\/?_categorieen=venstertablet\">\n\t\t\t\t\t\t<span class=\"elementor-button-content-wrapper\">\n\t\t\t\t\t\t\t\t\t<span class=\"elementor-button-text\">\u00dcbersicht Fensterb\u00e4nke<\/span>\n\t\t\t\t\t<\/span>\n\t\t\t\t\t<\/a>\n\t\t\t\t\t\t\t\t<\/div>\n\t\t\t\t\t<\/div>\n\t\t\t\t<\/div>\n\t\t\t\t<\/div>","protected":false},"excerpt":{"rendered":"<p>Venstertabletten in natuursteen ? een verstandige keuze Een venstertablet in natuursteen biedt een perfecte combinatie van schoonheid, duurzaamheid en tijdloze elegantie. Natuursteen, met zijn unieke texturen en kleurnuances, voegt een verfijnde esthetiek toe aan elke ruimte, terwijl het ook praktisch en slijtvast is. Door de natuurlijke oorsprong van de steen krijgt het venstertablet een unieke [&hellip;]<\/p>\n","protected":false},"author":2,"featured_media":0,"parent":0,"menu_order":0,"comment_status":"closed","ping_status":"closed","template":"","meta":{"_acf_changed":false,"footnotes":""},"class_list":["post-2350","page","type-page","status-publish","hentry"],"acf":[],"yoast_head":"<!-- This site is optimized with the Yoast SEO plugin v27.3 - https:\/\/yoast.com\/product\/yoast-seo-wordpress\/ -->\n<title>Interieur - Tabletten - Venstertabletten - Renier Natuursteen<\/title>\n<meta name=\"robots\" content=\"index, follow, max-snippet:-1, max-image-preview:large, max-video-preview:-1\" \/>\n<link rel=\"canonical\" href=\"https:\/\/renier.be\/de\/innenfenster-tabletten\/\" \/>\n<meta property=\"og:locale\" content=\"de_DE\" \/>\n<meta property=\"og:type\" content=\"article\" \/>\n<meta property=\"og:title\" content=\"Interieur - Tabletten - Venstertabletten - Renier Natuursteen\" \/>\n<meta property=\"og:description\" content=\"Venstertabletten in natuursteen ? een verstandige keuze Een venstertablet in natuursteen biedt een perfecte combinatie van schoonheid, duurzaamheid en tijdloze elegantie. Natuursteen, met zijn unieke texturen en kleurnuances, voegt een verfijnde esthetiek toe aan elke ruimte, terwijl het ook praktisch en slijtvast is. Door de natuurlijke oorsprong van de steen krijgt het venstertablet een unieke [&hellip;]\" \/>\n<meta property=\"og:url\" content=\"https:\/\/renier.be\/de\/innenfenster-tabletten\/\" \/>\n<meta property=\"og:site_name\" content=\"Renier Natuursteen\" \/>\n<meta property=\"article:publisher\" content=\"https:\/\/www.facebook.com\/reniernatuursteen\" \/>\n<meta property=\"article:modified_time\" content=\"2026-03-12T13:14:49+00:00\" \/>\n<meta property=\"og:image\" content=\"https:\/\/renier.be\/wp-content\/uploads\/2026\/03\/Venstertablet-foto-met-tuin-en-lampt-maart-2026-ChatGPT-1024x683.png\" \/>\n\t<meta property=\"og:image:width\" content=\"1024\" \/>\n\t<meta property=\"og:image:height\" content=\"683\" \/>\n\t<meta property=\"og:image:type\" content=\"image\/png\" \/>\n<meta name=\"twitter:card\" content=\"summary_large_image\" \/>\n<meta name=\"twitter:label1\" content=\"Gesch\u00e4tzte Lesezeit\" \/>\n\t<meta name=\"twitter:data1\" content=\"4\u00a0Minuten\" \/>\n<script type=\"application\/ld+json\" class=\"yoast-schema-graph\">{\"@context\":\"https:\\\/\\\/schema.org\",\"@graph\":[{\"@type\":\"WebPage\",\"@id\":\"https:\\\/\\\/renier.be\\\/interieur-tabletten-venstertabletten\\\/\",\"url\":\"https:\\\/\\\/renier.be\\\/interieur-tabletten-venstertabletten\\\/\",\"name\":\"Interieur - Tabletten - Venstertabletten - Renier Natuursteen\",\"isPartOf\":{\"@id\":\"https:\\\/\\\/renier.be\\\/#website\"},\"primaryImageOfPage\":{\"@id\":\"https:\\\/\\\/renier.be\\\/interieur-tabletten-venstertabletten\\\/#primaryimage\"},\"image\":{\"@id\":\"https:\\\/\\\/renier.be\\\/interieur-tabletten-venstertabletten\\\/#primaryimage\"},\"thumbnailUrl\":\"https:\\\/\\\/renier.be\\\/wp-content\\\/uploads\\\/2026\\\/03\\\/Venstertablet-foto-met-tuin-en-lampt-maart-2026-ChatGPT-1024x683.png\",\"datePublished\":\"2024-09-12T12:25:37+00:00\",\"dateModified\":\"2026-03-12T13:14:49+00:00\",\"breadcrumb\":{\"@id\":\"https:\\\/\\\/renier.be\\\/interieur-tabletten-venstertabletten\\\/#breadcrumb\"},\"inLanguage\":\"de\",\"potentialAction\":[{\"@type\":\"ReadAction\",\"target\":[\"https:\\\/\\\/renier.be\\\/interieur-tabletten-venstertabletten\\\/\"]}]},{\"@type\":\"ImageObject\",\"inLanguage\":\"de\",\"@id\":\"https:\\\/\\\/renier.be\\\/interieur-tabletten-venstertabletten\\\/#primaryimage\",\"url\":\"https:\\\/\\\/renier.be\\\/wp-content\\\/uploads\\\/2026\\\/03\\\/Venstertablet-foto-met-tuin-en-lampt-maart-2026-ChatGPT-1024x683.png\",\"contentUrl\":\"https:\\\/\\\/renier.be\\\/wp-content\\\/uploads\\\/2026\\\/03\\\/Venstertablet-foto-met-tuin-en-lampt-maart-2026-ChatGPT-1024x683.png\"},{\"@type\":\"BreadcrumbList\",\"@id\":\"https:\\\/\\\/renier.be\\\/interieur-tabletten-venstertabletten\\\/#breadcrumb\",\"itemListElement\":[{\"@type\":\"ListItem\",\"position\":1,\"name\":\"Home\",\"item\":\"https:\\\/\\\/renier.be\\\/\"},{\"@type\":\"ListItem\",\"position\":2,\"name\":\"Interieur &#8211; Tabletten &#8211; Venstertabletten\"}]},{\"@type\":\"WebSite\",\"@id\":\"https:\\\/\\\/renier.be\\\/#website\",\"url\":\"https:\\\/\\\/renier.be\\\/\",\"name\":\"Renier Natuursteen\",\"description\":\"Specialist in Belgisch Blauwe Hardsteen\",\"publisher\":{\"@id\":\"https:\\\/\\\/renier.be\\\/#organization\"},\"potentialAction\":[{\"@type\":\"SearchAction\",\"target\":{\"@type\":\"EntryPoint\",\"urlTemplate\":\"https:\\\/\\\/renier.be\\\/?s={search_term_string}\"},\"query-input\":{\"@type\":\"PropertyValueSpecification\",\"valueRequired\":true,\"valueName\":\"search_term_string\"}}],\"inLanguage\":\"de\"},{\"@type\":\"Organization\",\"@id\":\"https:\\\/\\\/renier.be\\\/#organization\",\"name\":\"Renier Natuursteen\",\"url\":\"https:\\\/\\\/renier.be\\\/\",\"logo\":{\"@type\":\"ImageObject\",\"inLanguage\":\"de\",\"@id\":\"https:\\\/\\\/renier.be\\\/#\\\/schema\\\/logo\\\/image\\\/\",\"url\":\"\",\"contentUrl\":\"\",\"caption\":\"Renier Natuursteen\"},\"image\":{\"@id\":\"https:\\\/\\\/renier.be\\\/#\\\/schema\\\/logo\\\/image\\\/\"},\"sameAs\":[\"https:\\\/\\\/www.facebook.com\\\/reniernatuursteen\"]}]}<\/script>\n<!-- \/ Yoast SEO plugin. -->","yoast_head_json":{"title":"Interieur - Fenstertafeln - Renier Natuursteen","robots":{"index":"index","follow":"follow","max-snippet":"max-snippet:-1","max-image-preview":"max-image-preview:large","max-video-preview":"max-video-preview:-1"},"canonical":"https:\/\/renier.be\/de\/innenfenster-tabletten\/","og_locale":"de_DE","og_type":"article","og_title":"Interieur - Tabletten - Venstertabletten - Renier Natuursteen","og_description":"Venstertabletten in natuursteen ? een verstandige keuze Een venstertablet in natuursteen biedt een perfecte combinatie van schoonheid, duurzaamheid en tijdloze elegantie. Natuursteen, met zijn unieke texturen en kleurnuances, voegt een verfijnde esthetiek toe aan elke ruimte, terwijl het ook praktisch en slijtvast is. Door de natuurlijke oorsprong van de steen krijgt het venstertablet een unieke [&hellip;]","og_url":"https:\/\/renier.be\/de\/innenfenster-tabletten\/","og_site_name":"Renier Natuursteen","article_publisher":"https:\/\/www.facebook.com\/reniernatuursteen","article_modified_time":"2026-03-12T13:14:49+00:00","og_image":[{"width":1024,"height":683,"url":"https:\/\/renier.be\/wp-content\/uploads\/2026\/03\/Venstertablet-foto-met-tuin-en-lampt-maart-2026-ChatGPT-1024x683.png","type":"image\/png"}],"twitter_card":"summary_large_image","twitter_misc":{"Gesch\u00e4tzte Lesezeit":"4\u00a0Minuten"},"schema":{"@context":"https:\/\/schema.org","@graph":[{"@type":"WebPage","@id":"https:\/\/renier.be\/interieur-tabletten-venstertabletten\/","url":"https:\/\/renier.be\/interieur-tabletten-venstertabletten\/","name":"Interieur - Fenstertafeln - Renier Natuursteen","isPartOf":{"@id":"https:\/\/renier.be\/#website"},"primaryImageOfPage":{"@id":"https:\/\/renier.be\/interieur-tabletten-venstertabletten\/#primaryimage"},"image":{"@id":"https:\/\/renier.be\/interieur-tabletten-venstertabletten\/#primaryimage"},"thumbnailUrl":"https:\/\/renier.be\/wp-content\/uploads\/2026\/03\/Venstertablet-foto-met-tuin-en-lampt-maart-2026-ChatGPT-1024x683.png","datePublished":"2024-09-12T12:25:37+00:00","dateModified":"2026-03-12T13:14:49+00:00","breadcrumb":{"@id":"https:\/\/renier.be\/interieur-tabletten-venstertabletten\/#breadcrumb"},"inLanguage":"de","potentialAction":[{"@type":"ReadAction","target":["https:\/\/renier.be\/interieur-tabletten-venstertabletten\/"]}]},{"@type":"ImageObject","inLanguage":"de","@id":"https:\/\/renier.be\/interieur-tabletten-venstertabletten\/#primaryimage","url":"https:\/\/renier.be\/wp-content\/uploads\/2026\/03\/Venstertablet-foto-met-tuin-en-lampt-maart-2026-ChatGPT-1024x683.png","contentUrl":"https:\/\/renier.be\/wp-content\/uploads\/2026\/03\/Venstertablet-foto-met-tuin-en-lampt-maart-2026-ChatGPT-1024x683.png"},{"@type":"BreadcrumbList","@id":"https:\/\/renier.be\/interieur-tabletten-venstertabletten\/#breadcrumb","itemListElement":[{"@type":"ListItem","position":1,"name":"Home","item":"https:\/\/renier.be\/"},{"@type":"ListItem","position":2,"name":"Interieur &#8211; Tabletten &#8211; Venstertabletten"}]},{"@type":"WebSite","@id":"https:\/\/renier.be\/#website","url":"https:\/\/renier.be\/","name":"Renier Naturstein","description":"Spezialist f\u00fcr belgischen Blaustein","publisher":{"@id":"https:\/\/renier.be\/#organization"},"potentialAction":[{"@type":"SearchAction","target":{"@type":"EntryPoint","urlTemplate":"https:\/\/renier.be\/?s={search_term_string}"},"query-input":{"@type":"PropertyValueSpecification","valueRequired":true,"valueName":"search_term_string"}}],"inLanguage":"de"},{"@type":"Organization","@id":"https:\/\/renier.be\/#organization","name":"Renier Naturstein","url":"https:\/\/renier.be\/","logo":{"@type":"ImageObject","inLanguage":"de","@id":"https:\/\/renier.be\/#\/schema\/logo\/image\/","url":"","contentUrl":"","caption":"Renier Natuursteen"},"image":{"@id":"https:\/\/renier.be\/#\/schema\/logo\/image\/"},"sameAs":["https:\/\/www.facebook.com\/reniernatuursteen"]}]}},"_links":{"self":[{"href":"https:\/\/renier.be\/de\/wp-json\/wp\/v2\/pages\/2350","targetHints":{"allow":["GET"]}}],"collection":[{"href":"https:\/\/renier.be\/de\/wp-json\/wp\/v2\/pages"}],"about":[{"href":"https:\/\/renier.be\/de\/wp-json\/wp\/v2\/types\/page"}],"author":[{"embeddable":true,"href":"https:\/\/renier.be\/de\/wp-json\/wp\/v2\/users\/2"}],"replies":[{"embeddable":true,"href":"https:\/\/renier.be\/de\/wp-json\/wp\/v2\/comments?post=2350"}],"version-history":[{"count":0,"href":"https:\/\/renier.be\/de\/wp-json\/wp\/v2\/pages\/2350\/revisions"}],"wp:attachment":[{"href":"https:\/\/renier.be\/de\/wp-json\/wp\/v2\/media?parent=2350"}],"curies":[{"name":"wp","href":"https:\/\/api.w.org\/{rel}","templated":true}]}}