{"id":2357,"date":"2024-09-12T14:28:26","date_gmt":"2024-09-12T12:28:26","guid":{"rendered":"https:\/\/renier.be\/?page_id=2357"},"modified":"2025-08-29T11:05:22","modified_gmt":"2025-08-29T09:05:22","slug":"arbeitsplatten-fur-nassbereiche-im-innenbereich","status":"publish","type":"page","link":"https:\/\/renier.be\/de\/interieur-natte-zones-werkbladen\/","title":{"rendered":"Innenbereich - Nassbereiche"},"content":{"rendered":"<div data-elementor-type=\"wp-page\" data-elementor-id=\"2357\" class=\"elementor elementor-2357\" data-elementor-post-type=\"page\">\n\t\t\t\t<div class=\"elementor-element elementor-element-d564049 e-flex e-con-boxed e-con e-parent\" data-id=\"d564049\" data-element_type=\"container\" data-e-type=\"container\">\n\t\t\t\t\t<div class=\"e-con-inner\">\n\t\t\t\t<div class=\"elementor-element elementor-element-0a7d338 elementor-widget__width-inherit elementor-widget elementor-widget-heading\" data-id=\"0a7d338\" data-element_type=\"widget\" data-e-type=\"widget\" data-widget_type=\"heading.default\">\n\t\t\t\t\t<h1 class=\"elementor-heading-title elementor-size-default\">Belgischer Blaustein: ideal f\u00fcr Nassbereiche<\/h1>\t\t\t\t<\/div>\n\t\t\t\t\t<\/div>\n\t\t\t\t<\/div>\n\t\t<div class=\"elementor-element elementor-element-0b7fdc6 e-flex e-con-boxed e-con e-parent\" data-id=\"0b7fdc6\" data-element_type=\"container\" data-e-type=\"container\">\n\t\t\t\t\t<div class=\"e-con-inner\">\n\t\t<div class=\"elementor-element elementor-element-bbabcbd e-con-full e-flex e-con e-child\" data-id=\"bbabcbd\" data-element_type=\"container\" data-e-type=\"container\">\n\t\t\t\t<div class=\"elementor-element elementor-element-b268220 elementor-widget elementor-widget-text-editor\" data-id=\"b268220\" data-element_type=\"widget\" data-e-type=\"widget\" data-widget_type=\"text-editor.default\">\n\t\t\t\t\t\t\t\t\t<p>Belgian Blue Stone eignet sich aufgrund seiner einzigartigen Eigenschaften, die sowohl funktional als auch \u00e4sthetisch sind, perfekt f\u00fcr den Einsatz in Nassbereichen:<\/p><h5>1. Nat\u00fcrliche Anti-Rutsch-Eigenschaften<\/h5><p>Je nach Ausf\u00fchrung (z. B. geschliffen, sandgestrahlt oder geh\u00e4mmert) bietet Belgian Blue Stone eine hervorragende Griffigkeit, selbst wenn der Stein nass ist. Das macht ihn zu einer sicheren Wahl f\u00fcr feuchte Umgebungen.<\/p><h5>2. Wasser- und Frostbest\u00e4ndigkeit<\/h5><p>Dieser Naturstein ist sehr dicht und hat eine geringe Porosit\u00e4t, so dass er weniger Wasser aufnimmt als viele andere Natursteine.\u00a0<\/p><h5>3. Langlebigkeit und Verschlei\u00dffestigkeit<\/h5><p>Belgischer Blaustein ist ein \u00e4u\u00dferst robuster und widerstandsf\u00e4higer Kalkstein, der einer intensiven Nutzung standh\u00e4lt. Dies ist besonders wichtig in Feuchtgebieten, wo Wasser und Feuchtigkeit die meisten Materialien schneller angreifen k\u00f6nnen.<\/p><h5>4. Einfache Wartung<\/h5><p>Dank seiner nat\u00fcrlichen Struktur und hohen Dichte ist dieser Stein pflegeleicht und fleckenunempfindlich. Eine regelm\u00e4\u00dfige Pflege mit Wasser und einer milden Seife gen\u00fcgt, um den Stein sch\u00f6n zu halten.<\/p><h5>5. Zeitlose \u00c4sthetik<\/h5><p>Neben den praktischen Vorteilen hat Belgischer Blaustein ein luxuri\u00f6ses, elegantes Aussehen, das sowohl in klassische als auch in moderne Innen- und Au\u00dfenr\u00e4ume passt. Sein zeitloser Charme macht ihn zu einer begehrten Wahl f\u00fcr Anwendungen in Nassr\u00e4umen wie Spas und Wellnessbereichen.<\/p>\t\t\t\t\t\t\t\t<\/div>\n\t\t\t\t<\/div>\n\t\t<div class=\"elementor-element elementor-element-e9d261c e-con-full e-flex e-con e-child\" data-id=\"e9d261c\" data-element_type=\"container\" data-e-type=\"container\">\n\t\t<div class=\"elementor-element elementor-element-faaa829 e-con-full e-flex e-con e-child\" data-id=\"faaa829\" data-element_type=\"container\" data-e-type=\"container\">\n\t\t\t\t<div class=\"elementor-element elementor-element-7cdec43 elementor-widget elementor-widget-text-editor\" data-id=\"7cdec43\" data-element_type=\"widget\" data-e-type=\"widget\" data-widget_type=\"text-editor.default\">\n\t\t\t\t\t\t\t\t\t<p>K\u00fcchenplatte Belgian Blue Stone in geflammter und geb\u00fcrsteter Ausf\u00fchrung<\/p>\t\t\t\t\t\t\t\t<\/div>\n\t\t\t\t<\/div>\n\t\t\t\t<div class=\"elementor-element elementor-element-84bdcbb elementor-widget elementor-widget-image\" data-id=\"84bdcbb\" data-element_type=\"widget\" data-e-type=\"widget\" data-widget_type=\"image.default\">\n\t\t\t\t\t\t\t\t\t\t\t\t\t\t\t<img fetchpriority=\"high\" decoding=\"async\" width=\"800\" height=\"535\" src=\"https:\/\/renier.be\/wp-content\/uploads\/2025\/01\/Gaetan-DSCF20014-1024x685.jpg\" class=\"attachment-large size-large wp-image-3473\" alt=\"\" srcset=\"https:\/\/renier.be\/wp-content\/uploads\/2025\/01\/Gaetan-DSCF20014-1024x685.jpg 1024w, https:\/\/renier.be\/wp-content\/uploads\/2025\/01\/Gaetan-DSCF20014-300x201.jpg 300w, https:\/\/renier.be\/wp-content\/uploads\/2025\/01\/Gaetan-DSCF20014-768x514.jpg 768w, https:\/\/renier.be\/wp-content\/uploads\/2025\/01\/Gaetan-DSCF20014-1536x1028.jpg 1536w, https:\/\/renier.be\/wp-content\/uploads\/2025\/01\/Gaetan-DSCF20014-2048x1371.jpg 2048w, https:\/\/renier.be\/wp-content\/uploads\/2025\/01\/Gaetan-DSCF20014-18x12.jpg 18w, https:\/\/renier.be\/wp-content\/uploads\/2025\/01\/Gaetan-DSCF20014-600x402.jpg 600w\" sizes=\"(max-width: 800px) 100vw, 800px\" \/>\t\t\t\t\t\t\t\t\t\t\t\t\t\t\t<\/div>\n\t\t<div class=\"elementor-element elementor-element-5a61ed4 e-con-full e-flex e-con e-child\" data-id=\"5a61ed4\" data-element_type=\"container\" data-e-type=\"container\">\n\t\t\t\t<div class=\"elementor-element elementor-element-efffc7e elementor-widget elementor-widget-text-editor\" data-id=\"efffc7e\" data-element_type=\"widget\" data-e-type=\"widget\" data-widget_type=\"text-editor.default\">\n\t\t\t\t\t\t\t\t\t<p>WC-Waschtisch in Vinalmont grau geschliffen<\/p>\t\t\t\t\t\t\t\t<\/div>\n\t\t\t\t<\/div>\n\t\t\t\t<div class=\"elementor-element elementor-element-d6f3c5e elementor-widget elementor-widget-image\" data-id=\"d6f3c5e\" data-element_type=\"widget\" data-e-type=\"widget\" data-widget_type=\"image.default\">\n\t\t\t\t\t\t\t\t\t\t\t\t\t\t\t<img decoding=\"async\" width=\"768\" height=\"1024\" src=\"https:\/\/renier.be\/wp-content\/uploads\/2025\/01\/IMG_7445-768x1024.jpg\" class=\"attachment-large size-large wp-image-3467\" alt=\"\" srcset=\"https:\/\/renier.be\/wp-content\/uploads\/2025\/01\/IMG_7445-768x1024.jpg 768w, https:\/\/renier.be\/wp-content\/uploads\/2025\/01\/IMG_7445-225x300.jpg 225w, https:\/\/renier.be\/wp-content\/uploads\/2025\/01\/IMG_7445-1152x1536.jpg 1152w, https:\/\/renier.be\/wp-content\/uploads\/2025\/01\/IMG_7445-1536x2048.jpg 1536w, https:\/\/renier.be\/wp-content\/uploads\/2025\/01\/IMG_7445-9x12.jpg 9w, https:\/\/renier.be\/wp-content\/uploads\/2025\/01\/IMG_7445-600x800.jpg 600w, https:\/\/renier.be\/wp-content\/uploads\/2025\/01\/IMG_7445-scaled.jpg 1920w\" sizes=\"(max-width: 768px) 100vw, 768px\" \/>\t\t\t\t\t\t\t\t\t\t\t\t\t\t\t<\/div>\n\t\t\t\t<\/div>\n\t\t\t\t\t<\/div>\n\t\t\t\t<\/div>\n\t\t<div class=\"elementor-element elementor-element-003489d e-grid e-con-boxed e-con e-parent\" data-id=\"003489d\" data-element_type=\"container\" data-e-type=\"container\">\n\t\t\t\t\t<div class=\"e-con-inner\">\n\t\t<div class=\"elementor-element elementor-element-f09f3a8 e-con-full e-flex e-con e-child\" data-id=\"f09f3a8\" data-element_type=\"container\" data-e-type=\"container\">\n\t\t<div class=\"elementor-element elementor-element-3aa5eef e-con-full e-flex e-con e-child\" data-id=\"3aa5eef\" data-element_type=\"container\" data-e-type=\"container\">\n\t\t\t\t<div class=\"elementor-element elementor-element-fd224a6 elementor-widget elementor-widget-text-editor\" data-id=\"fd224a6\" data-element_type=\"widget\" data-e-type=\"widget\" data-widget_type=\"text-editor.default\">\n\t\t\t\t\t\t\t\t\t<p>Freistehendes Waschbecken aus belgischem Blaustein in blau geschliffener Ausf\u00fchrung<\/p>\t\t\t\t\t\t\t\t<\/div>\n\t\t\t\t<\/div>\n\t\t\t\t<div class=\"elementor-element elementor-element-680b015 elementor-widget elementor-widget-image\" data-id=\"680b015\" data-element_type=\"widget\" data-e-type=\"widget\" data-widget_type=\"image.default\">\n\t\t\t\t\t\t\t\t\t\t\t\t\t\t\t<img decoding=\"async\" width=\"768\" height=\"806\" src=\"https:\/\/renier.be\/wp-content\/uploads\/2025\/01\/Lavabo-apart-2-768x806.jpg\" class=\"attachment-medium_large size-medium_large wp-image-3483\" alt=\"\" srcset=\"https:\/\/renier.be\/wp-content\/uploads\/2025\/01\/Lavabo-apart-2-768x806.jpg 768w, https:\/\/renier.be\/wp-content\/uploads\/2025\/01\/Lavabo-apart-2-286x300.jpg 286w, https:\/\/renier.be\/wp-content\/uploads\/2025\/01\/Lavabo-apart-2-975x1024.jpg 975w, https:\/\/renier.be\/wp-content\/uploads\/2025\/01\/Lavabo-apart-2-11x12.jpg 11w, https:\/\/renier.be\/wp-content\/uploads\/2025\/01\/Lavabo-apart-2-600x630.jpg 600w, https:\/\/renier.be\/wp-content\/uploads\/2025\/01\/Lavabo-apart-2.jpg 1419w\" sizes=\"(max-width: 768px) 100vw, 768px\" \/>\t\t\t\t\t\t\t\t\t\t\t\t\t\t\t<\/div>\n\t\t<div class=\"elementor-element elementor-element-354df34 e-con-full e-flex e-con e-child\" data-id=\"354df34\" data-element_type=\"container\" data-e-type=\"container\">\n\t\t\t\t<div class=\"elementor-element elementor-element-68d97a6 elementor-widget elementor-widget-text-editor\" data-id=\"68d97a6\" data-element_type=\"widget\" data-e-type=\"widget\" data-widget_type=\"text-editor.default\">\n\t\t\t\t\t\t\t\t\t<p>Freistehende Badewanne aus Crema Marfill<\/p>\t\t\t\t\t\t\t\t<\/div>\n\t\t\t\t<\/div>\n\t\t\t\t<div class=\"elementor-element elementor-element-6657627 elementor-widget elementor-widget-image\" data-id=\"6657627\" data-element_type=\"widget\" data-e-type=\"widget\" data-widget_type=\"image.default\">\n\t\t\t\t\t\t\t\t\t\t\t\t\t\t\t<img loading=\"lazy\" decoding=\"async\" width=\"354\" height=\"303\" src=\"https:\/\/renier.be\/wp-content\/uploads\/2025\/01\/Crema-marfil-bad.jpg\" class=\"attachment-large size-large wp-image-3491\" alt=\"\" srcset=\"https:\/\/renier.be\/wp-content\/uploads\/2025\/01\/Crema-marfil-bad.jpg 354w, https:\/\/renier.be\/wp-content\/uploads\/2025\/01\/Crema-marfil-bad-300x257.jpg 300w, https:\/\/renier.be\/wp-content\/uploads\/2025\/01\/Crema-marfil-bad-14x12.jpg 14w\" sizes=\"(max-width: 354px) 100vw, 354px\" \/>\t\t\t\t\t\t\t\t\t\t\t\t\t\t\t<\/div>\n\t\t\t\t<\/div>\n\t\t<div class=\"elementor-element elementor-element-5320d21 e-con-full e-flex e-con e-child\" data-id=\"5320d21\" data-element_type=\"container\" data-e-type=\"container\">\n\t\t<div class=\"elementor-element elementor-element-2650d68 e-con-full e-flex e-con e-child\" data-id=\"2650d68\" data-element_type=\"container\" data-e-type=\"container\">\n\t\t\t\t<div class=\"elementor-element elementor-element-6e62263 elementor-widget elementor-widget-text-editor\" data-id=\"6e62263\" data-element_type=\"widget\" data-e-type=\"widget\" data-widget_type=\"text-editor.default\">\n\t\t\t\t\t\t\t\t\t<p>Waschbecken in unseren B\u00fcros aus belgischem Blaustein geflammt und geb\u00fcrstet<\/p>\t\t\t\t\t\t\t\t<\/div>\n\t\t\t\t<\/div>\n\t\t\t\t<div class=\"elementor-element elementor-element-20b7c0d elementor-widget elementor-widget-image\" data-id=\"20b7c0d\" data-element_type=\"widget\" data-e-type=\"widget\" data-widget_type=\"image.default\">\n\t\t\t\t\t\t\t\t\t\t\t\t\t\t\t<img loading=\"lazy\" decoding=\"async\" width=\"470\" height=\"628\" src=\"https:\/\/renier.be\/wp-content\/uploads\/2025\/01\/Renier-toilet-burelen.jpg\" class=\"attachment-large size-large wp-image-3487\" alt=\"\" srcset=\"https:\/\/renier.be\/wp-content\/uploads\/2025\/01\/Renier-toilet-burelen.jpg 470w, https:\/\/renier.be\/wp-content\/uploads\/2025\/01\/Renier-toilet-burelen-225x300.jpg 225w, https:\/\/renier.be\/wp-content\/uploads\/2025\/01\/Renier-toilet-burelen-9x12.jpg 9w\" sizes=\"(max-width: 470px) 100vw, 470px\" \/>\t\t\t\t\t\t\t\t\t\t\t\t\t\t\t<\/div>\n\t\t\t\t<\/div>\n\t\t\t\t\t<\/div>\n\t\t\t\t<\/div>\n\t\t\t\t<\/div>","protected":false},"excerpt":{"rendered":"<p>Belgische Blauwe Hardsteen: ideaal voor natte zones Belgische Blauwe Hardsteen is perfect voor gebruik in natte zones vanwege zijn unieke eigenschappen, die zowel functioneel als esthetisch zijn: 1. Natuurlijke Antislip Eigenschappen Afhankelijk van de afwerking (zoals gezoet, geschuurd of gebouchardeerd) biedt Belgische Blauwe Hardsteen een uitstekende grip, zelfs wanneer de steen nat is. Dit maakt [&hellip;]<\/p>\n","protected":false},"author":2,"featured_media":0,"parent":0,"menu_order":0,"comment_status":"closed","ping_status":"closed","template":"","meta":{"_acf_changed":false,"footnotes":""},"class_list":["post-2357","page","type-page","status-publish","hentry"],"acf":[],"yoast_head":"<!-- This site is optimized with the Yoast SEO plugin v27.3 - https:\/\/yoast.com\/product\/yoast-seo-wordpress\/ -->\n<title>Interieur - Natte Zones - Renier Natuursteen<\/title>\n<meta name=\"robots\" content=\"index, follow, max-snippet:-1, max-image-preview:large, max-video-preview:-1\" \/>\n<link rel=\"canonical\" href=\"https:\/\/renier.be\/de\/arbeitsplatten-fur-nassbereiche-im-innenbereich\/\" \/>\n<meta property=\"og:locale\" content=\"de_DE\" \/>\n<meta property=\"og:type\" content=\"article\" \/>\n<meta property=\"og:title\" content=\"Interieur - Natte Zones - Renier Natuursteen\" \/>\n<meta property=\"og:description\" content=\"Belgische Blauwe Hardsteen: ideaal voor natte zones Belgische Blauwe Hardsteen is perfect voor gebruik in natte zones vanwege zijn unieke eigenschappen, die zowel functioneel als esthetisch zijn: 1. Natuurlijke Antislip Eigenschappen Afhankelijk van de afwerking (zoals gezoet, geschuurd of gebouchardeerd) biedt Belgische Blauwe Hardsteen een uitstekende grip, zelfs wanneer de steen nat is. Dit maakt [&hellip;]\" \/>\n<meta property=\"og:url\" content=\"https:\/\/renier.be\/de\/arbeitsplatten-fur-nassbereiche-im-innenbereich\/\" \/>\n<meta property=\"og:site_name\" content=\"Renier Natuursteen\" \/>\n<meta property=\"article:publisher\" content=\"https:\/\/www.facebook.com\/reniernatuursteen\" \/>\n<meta property=\"article:modified_time\" content=\"2025-08-29T09:05:22+00:00\" \/>\n<meta property=\"og:image\" content=\"https:\/\/renier.be\/wp-content\/uploads\/2025\/01\/Gaetan-DSCF20014-scaled.jpg\" \/>\n\t<meta property=\"og:image:width\" content=\"2560\" \/>\n\t<meta property=\"og:image:height\" content=\"1713\" \/>\n\t<meta property=\"og:image:type\" content=\"image\/jpeg\" \/>\n<meta name=\"twitter:card\" content=\"summary_large_image\" \/>\n<meta name=\"twitter:label1\" content=\"Gesch\u00e4tzte Lesezeit\" \/>\n\t<meta name=\"twitter:data1\" content=\"2\u00a0Minuten\" \/>\n<script type=\"application\/ld+json\" class=\"yoast-schema-graph\">{\"@context\":\"https:\\\/\\\/schema.org\",\"@graph\":[{\"@type\":\"WebPage\",\"@id\":\"https:\\\/\\\/renier.be\\\/interieur-natte-zones-werkbladen\\\/\",\"url\":\"https:\\\/\\\/renier.be\\\/interieur-natte-zones-werkbladen\\\/\",\"name\":\"Interieur - Natte Zones - Renier Natuursteen\",\"isPartOf\":{\"@id\":\"https:\\\/\\\/renier.be\\\/#website\"},\"primaryImageOfPage\":{\"@id\":\"https:\\\/\\\/renier.be\\\/interieur-natte-zones-werkbladen\\\/#primaryimage\"},\"image\":{\"@id\":\"https:\\\/\\\/renier.be\\\/interieur-natte-zones-werkbladen\\\/#primaryimage\"},\"thumbnailUrl\":\"https:\\\/\\\/renier.be\\\/wp-content\\\/uploads\\\/2025\\\/01\\\/Gaetan-DSCF20014-1024x685.jpg\",\"datePublished\":\"2024-09-12T12:28:26+00:00\",\"dateModified\":\"2025-08-29T09:05:22+00:00\",\"breadcrumb\":{\"@id\":\"https:\\\/\\\/renier.be\\\/interieur-natte-zones-werkbladen\\\/#breadcrumb\"},\"inLanguage\":\"de\",\"potentialAction\":[{\"@type\":\"ReadAction\",\"target\":[\"https:\\\/\\\/renier.be\\\/interieur-natte-zones-werkbladen\\\/\"]}]},{\"@type\":\"ImageObject\",\"inLanguage\":\"de\",\"@id\":\"https:\\\/\\\/renier.be\\\/interieur-natte-zones-werkbladen\\\/#primaryimage\",\"url\":\"https:\\\/\\\/renier.be\\\/wp-content\\\/uploads\\\/2025\\\/01\\\/Gaetan-DSCF20014-1024x685.jpg\",\"contentUrl\":\"https:\\\/\\\/renier.be\\\/wp-content\\\/uploads\\\/2025\\\/01\\\/Gaetan-DSCF20014-1024x685.jpg\"},{\"@type\":\"BreadcrumbList\",\"@id\":\"https:\\\/\\\/renier.be\\\/interieur-natte-zones-werkbladen\\\/#breadcrumb\",\"itemListElement\":[{\"@type\":\"ListItem\",\"position\":1,\"name\":\"Home\",\"item\":\"https:\\\/\\\/renier.be\\\/\"},{\"@type\":\"ListItem\",\"position\":2,\"name\":\"Interieur &#8211; Natte Zones\"}]},{\"@type\":\"WebSite\",\"@id\":\"https:\\\/\\\/renier.be\\\/#website\",\"url\":\"https:\\\/\\\/renier.be\\\/\",\"name\":\"Renier Natuursteen\",\"description\":\"Specialist in Belgisch Blauwe Hardsteen\",\"publisher\":{\"@id\":\"https:\\\/\\\/renier.be\\\/#organization\"},\"potentialAction\":[{\"@type\":\"SearchAction\",\"target\":{\"@type\":\"EntryPoint\",\"urlTemplate\":\"https:\\\/\\\/renier.be\\\/?s={search_term_string}\"},\"query-input\":{\"@type\":\"PropertyValueSpecification\",\"valueRequired\":true,\"valueName\":\"search_term_string\"}}],\"inLanguage\":\"de\"},{\"@type\":\"Organization\",\"@id\":\"https:\\\/\\\/renier.be\\\/#organization\",\"name\":\"Renier Natuursteen\",\"url\":\"https:\\\/\\\/renier.be\\\/\",\"logo\":{\"@type\":\"ImageObject\",\"inLanguage\":\"de\",\"@id\":\"https:\\\/\\\/renier.be\\\/#\\\/schema\\\/logo\\\/image\\\/\",\"url\":\"\",\"contentUrl\":\"\",\"caption\":\"Renier Natuursteen\"},\"image\":{\"@id\":\"https:\\\/\\\/renier.be\\\/#\\\/schema\\\/logo\\\/image\\\/\"},\"sameAs\":[\"https:\\\/\\\/www.facebook.com\\\/reniernatuursteen\"]}]}<\/script>\n<!-- \/ Yoast SEO plugin. -->","yoast_head_json":{"title":"Interieur - Nassbereiche - Renier Natuursteen","robots":{"index":"index","follow":"follow","max-snippet":"max-snippet:-1","max-image-preview":"max-image-preview:large","max-video-preview":"max-video-preview:-1"},"canonical":"https:\/\/renier.be\/de\/arbeitsplatten-fur-nassbereiche-im-innenbereich\/","og_locale":"de_DE","og_type":"article","og_title":"Interieur - Natte Zones - Renier Natuursteen","og_description":"Belgische Blauwe Hardsteen: ideaal voor natte zones Belgische Blauwe Hardsteen is perfect voor gebruik in natte zones vanwege zijn unieke eigenschappen, die zowel functioneel als esthetisch zijn: 1. Natuurlijke Antislip Eigenschappen Afhankelijk van de afwerking (zoals gezoet, geschuurd of gebouchardeerd) biedt Belgische Blauwe Hardsteen een uitstekende grip, zelfs wanneer de steen nat is. Dit maakt [&hellip;]","og_url":"https:\/\/renier.be\/de\/arbeitsplatten-fur-nassbereiche-im-innenbereich\/","og_site_name":"Renier Natuursteen","article_publisher":"https:\/\/www.facebook.com\/reniernatuursteen","article_modified_time":"2025-08-29T09:05:22+00:00","og_image":[{"width":2560,"height":1713,"url":"https:\/\/renier.be\/wp-content\/uploads\/2025\/01\/Gaetan-DSCF20014-scaled.jpg","type":"image\/jpeg"}],"twitter_card":"summary_large_image","twitter_misc":{"Gesch\u00e4tzte Lesezeit":"2\u00a0Minuten"},"schema":{"@context":"https:\/\/schema.org","@graph":[{"@type":"WebPage","@id":"https:\/\/renier.be\/interieur-natte-zones-werkbladen\/","url":"https:\/\/renier.be\/interieur-natte-zones-werkbladen\/","name":"Interieur - Nassbereiche - Renier Natuursteen","isPartOf":{"@id":"https:\/\/renier.be\/#website"},"primaryImageOfPage":{"@id":"https:\/\/renier.be\/interieur-natte-zones-werkbladen\/#primaryimage"},"image":{"@id":"https:\/\/renier.be\/interieur-natte-zones-werkbladen\/#primaryimage"},"thumbnailUrl":"https:\/\/renier.be\/wp-content\/uploads\/2025\/01\/Gaetan-DSCF20014-1024x685.jpg","datePublished":"2024-09-12T12:28:26+00:00","dateModified":"2025-08-29T09:05:22+00:00","breadcrumb":{"@id":"https:\/\/renier.be\/interieur-natte-zones-werkbladen\/#breadcrumb"},"inLanguage":"de","potentialAction":[{"@type":"ReadAction","target":["https:\/\/renier.be\/interieur-natte-zones-werkbladen\/"]}]},{"@type":"ImageObject","inLanguage":"de","@id":"https:\/\/renier.be\/interieur-natte-zones-werkbladen\/#primaryimage","url":"https:\/\/renier.be\/wp-content\/uploads\/2025\/01\/Gaetan-DSCF20014-1024x685.jpg","contentUrl":"https:\/\/renier.be\/wp-content\/uploads\/2025\/01\/Gaetan-DSCF20014-1024x685.jpg"},{"@type":"BreadcrumbList","@id":"https:\/\/renier.be\/interieur-natte-zones-werkbladen\/#breadcrumb","itemListElement":[{"@type":"ListItem","position":1,"name":"Home","item":"https:\/\/renier.be\/"},{"@type":"ListItem","position":2,"name":"Interieur &#8211; Natte Zones"}]},{"@type":"WebSite","@id":"https:\/\/renier.be\/#website","url":"https:\/\/renier.be\/","name":"Renier Naturstein","description":"Spezialist f\u00fcr belgischen Blaustein","publisher":{"@id":"https:\/\/renier.be\/#organization"},"potentialAction":[{"@type":"SearchAction","target":{"@type":"EntryPoint","urlTemplate":"https:\/\/renier.be\/?s={search_term_string}"},"query-input":{"@type":"PropertyValueSpecification","valueRequired":true,"valueName":"search_term_string"}}],"inLanguage":"de"},{"@type":"Organization","@id":"https:\/\/renier.be\/#organization","name":"Renier Naturstein","url":"https:\/\/renier.be\/","logo":{"@type":"ImageObject","inLanguage":"de","@id":"https:\/\/renier.be\/#\/schema\/logo\/image\/","url":"","contentUrl":"","caption":"Renier Natuursteen"},"image":{"@id":"https:\/\/renier.be\/#\/schema\/logo\/image\/"},"sameAs":["https:\/\/www.facebook.com\/reniernatuursteen"]}]}},"_links":{"self":[{"href":"https:\/\/renier.be\/de\/wp-json\/wp\/v2\/pages\/2357","targetHints":{"allow":["GET"]}}],"collection":[{"href":"https:\/\/renier.be\/de\/wp-json\/wp\/v2\/pages"}],"about":[{"href":"https:\/\/renier.be\/de\/wp-json\/wp\/v2\/types\/page"}],"author":[{"embeddable":true,"href":"https:\/\/renier.be\/de\/wp-json\/wp\/v2\/users\/2"}],"replies":[{"embeddable":true,"href":"https:\/\/renier.be\/de\/wp-json\/wp\/v2\/comments?post=2357"}],"version-history":[{"count":0,"href":"https:\/\/renier.be\/de\/wp-json\/wp\/v2\/pages\/2357\/revisions"}],"wp:attachment":[{"href":"https:\/\/renier.be\/de\/wp-json\/wp\/v2\/media?parent=2357"}],"curies":[{"name":"wp","href":"https:\/\/api.w.org\/{rel}","templated":true}]}}