{"id":3154,"date":"2025-01-08T14:46:16","date_gmt":"2025-01-08T13:46:16","guid":{"rendered":"https:\/\/renier.be\/?page_id=3154"},"modified":"2026-02-23T14:27:22","modified_gmt":"2026-02-23T13:27:22","slug":"kosten-fur-abholung-und-versand","status":"publish","type":"page","link":"https:\/\/renier.be\/de\/afhaal-en-verzendkosten\/","title":{"rendered":"Kosten f\u00fcr Abholung und Versand"},"content":{"rendered":"<div data-elementor-type=\"wp-page\" data-elementor-id=\"3154\" class=\"elementor elementor-3154\" data-elementor-post-type=\"page\">\n\t\t\t\t<div class=\"elementor-element elementor-element-c83f195 e-flex e-con-boxed e-con e-parent\" data-id=\"c83f195\" data-element_type=\"container\" data-e-type=\"container\">\n\t\t\t\t\t<div class=\"e-con-inner\">\n\t\t\t\t<div class=\"elementor-element elementor-element-8c10e94 elementor-widget__width-inherit elementor-widget elementor-widget-heading\" data-id=\"8c10e94\" data-element_type=\"widget\" data-e-type=\"widget\" data-widget_type=\"heading.default\">\n\t\t\t\t\t<h1 class=\"elementor-heading-title elementor-size-default\">Wie werden die Versandkosten berechnet?<\/h1>\t\t\t\t<\/div>\n\t\t\t\t\t<\/div>\n\t\t\t\t<\/div>\n\t\t<div class=\"elementor-element elementor-element-af09ac9 e-flex e-con-boxed e-con e-parent\" data-id=\"af09ac9\" data-element_type=\"container\" data-e-type=\"container\">\n\t\t\t\t\t<div class=\"e-con-inner\">\n\t\t<div class=\"elementor-element elementor-element-9539287 e-con-full e-flex e-con e-child\" data-id=\"9539287\" data-element_type=\"container\" data-e-type=\"container\">\n\t\t\t\t<div class=\"elementor-element elementor-element-a82be72 elementor-widget elementor-widget-text-editor\" data-id=\"a82be72\" data-element_type=\"widget\" data-e-type=\"widget\" data-widget_type=\"text-editor.default\">\n\t\t\t\t\t\t\t\t\t<p><strong>Transport von Naturstein<\/strong><br \/>Naturstein ist ein schweres und manchmal zerbrechliches Material, vor allem in l\u00e4ngeren, schmalen Formen. Daher ist der Standardtransport nicht immer geeignet. Um sicherzustellen, dass Ihre Bestellung sicher und unbesch\u00e4digt bei Ihnen ankommt, arbeiten wir mit einem spezialisierten Transportunternehmen zusammen. So haben wir die beste Garantie f\u00fcr eine sorgf\u00e4ltige Lieferung.<\/p><p>Wir berechnen einen Preis pro Palette, wobei eine Palette im Durchschnitt bis zu 500 kg laden kann. In den nachstehenden Tarifen sind die Transportkosten einschlie\u00dflich des Preises der Palette aufgef\u00fchrt. Diese Tarife gelten f\u00fcr Lieferungen an eine Adresse innerhalb Belgiens oder der Niederlande.<\/p><p>Wenn Sie den Versand w\u00e4hlen, werden diese Kosten automatisch im Warenkorb hinzugef\u00fcgt.<\/p>\t\t\t\t\t\t\t\t<\/div>\n\t\t\t\t<\/div>\n\t\t<div class=\"elementor-element elementor-element-36e3bc1 e-con-full e-flex e-con e-child\" data-id=\"36e3bc1\" data-element_type=\"container\" data-e-type=\"container\">\n\t\t<div class=\"elementor-element elementor-element-0039552 e-con-full e-flex e-con e-child\" data-id=\"0039552\" data-element_type=\"container\" data-e-type=\"container\">\n\t\t\t\t<div class=\"elementor-element elementor-element-deca4f9 elementor-widget elementor-widget-image\" data-id=\"deca4f9\" data-element_type=\"widget\" data-e-type=\"widget\" data-widget_type=\"image.default\">\n\t\t\t\t\t\t\t\t\t\t\t\t\t\t\t<img fetchpriority=\"high\" decoding=\"async\" width=\"357\" height=\"240\" src=\"https:\/\/renier.be\/wp-content\/uploads\/2025\/01\/Vrachtwagen-1.jpg\" class=\"attachment-large size-large wp-image-3354\" alt=\"\" srcset=\"https:\/\/renier.be\/wp-content\/uploads\/2025\/01\/Vrachtwagen-1.jpg 357w, https:\/\/renier.be\/wp-content\/uploads\/2025\/01\/Vrachtwagen-1-300x202.jpg 300w\" sizes=\"(max-width: 357px) 100vw, 357px\" \/>\t\t\t\t\t\t\t\t\t\t\t\t\t\t\t<\/div>\n\t\t\t\t<\/div>\n\t\t\t\t<div class=\"elementor-element elementor-element-9e676f6 elementor-widget elementor-widget-button\" data-id=\"9e676f6\" data-element_type=\"widget\" data-e-type=\"widget\" data-widget_type=\"button.default\">\n\t\t\t\t\t\t\t\t\t\t<a class=\"elementor-button elementor-button-link elementor-size-sm\" href=\"https:\/\/renier.be\/wp-content\/uploads\/2026\/02\/transport-prijslijst-Belgie-2026.pdf\" target=\"_blank\">\n\t\t\t\t\t\t<span class=\"elementor-button-content-wrapper\">\n\t\t\t\t\t\t\t\t\t<span class=\"elementor-button-text\">Zolltarif Belgien<\/span>\n\t\t\t\t\t<\/span>\n\t\t\t\t\t<\/a>\n\t\t\t\t\t\t\t\t<\/div>\n\t\t\t\t<div class=\"elementor-element elementor-element-cbdcd69 elementor-widget elementor-widget-button\" data-id=\"cbdcd69\" data-element_type=\"widget\" data-e-type=\"widget\" data-widget_type=\"button.default\">\n\t\t\t\t\t\t\t\t\t\t<a class=\"elementor-button elementor-button-link elementor-size-sm\" href=\"https:\/\/renier.be\/wp-content\/uploads\/2026\/02\/transportlijst-Nederland-2026.pdf\" target=\"_blank\">\n\t\t\t\t\t\t<span class=\"elementor-button-content-wrapper\">\n\t\t\t\t\t\t\t\t\t<span class=\"elementor-button-text\">Zolltarif Niederlande<\/span>\n\t\t\t\t\t<\/span>\n\t\t\t\t\t<\/a>\n\t\t\t\t\t\t\t\t<\/div>\n\t\t\t\t<\/div>\n\t\t\t\t\t<\/div>\n\t\t\t\t<\/div>\n\t\t\t\t<\/div>","protected":false},"excerpt":{"rendered":"<p>Hoe worden verzendkosten berekend ? Transport van natuursteenNatuursteen is een zwaar en soms breekbaar materiaal, vooral in langere, smalle vormen. Hierdoor is standaard transport niet altijd geschikt. Om ervoor te zorgen dat uw bestelling veilig en onbeschadigd bij u wordt geleverd, werken wij samen met een gespecialiseerde transportfirma. Dit biedt ons de beste garantie op [&hellip;]<\/p>\n","protected":false},"author":2,"featured_media":0,"parent":0,"menu_order":0,"comment_status":"closed","ping_status":"closed","template":"","meta":{"_acf_changed":false,"footnotes":""},"class_list":["post-3154","page","type-page","status-publish","hentry"],"acf":[],"yoast_head":"<!-- This site is optimized with the Yoast SEO plugin v27.5 - https:\/\/yoast.com\/product\/yoast-seo-wordpress\/ -->\n<title>Afhaal en verzendkosten - Renier Natuursteen<\/title>\n<meta name=\"robots\" content=\"index, follow, max-snippet:-1, max-image-preview:large, max-video-preview:-1\" \/>\n<link rel=\"canonical\" href=\"https:\/\/renier.be\/de\/kosten-fur-abholung-und-versand\/\" \/>\n<meta property=\"og:locale\" content=\"de_DE\" \/>\n<meta property=\"og:type\" content=\"article\" \/>\n<meta property=\"og:title\" content=\"Afhaal en verzendkosten - Renier Natuursteen\" \/>\n<meta property=\"og:description\" content=\"Hoe worden verzendkosten berekend ? Transport van natuursteenNatuursteen is een zwaar en soms breekbaar materiaal, vooral in langere, smalle vormen. Hierdoor is standaard transport niet altijd geschikt. Om ervoor te zorgen dat uw bestelling veilig en onbeschadigd bij u wordt geleverd, werken wij samen met een gespecialiseerde transportfirma. Dit biedt ons de beste garantie op [&hellip;]\" \/>\n<meta property=\"og:url\" content=\"https:\/\/renier.be\/de\/kosten-fur-abholung-und-versand\/\" \/>\n<meta property=\"og:site_name\" content=\"Renier Natuursteen\" \/>\n<meta property=\"article:publisher\" content=\"https:\/\/www.facebook.com\/reniernatuursteen\" \/>\n<meta property=\"article:modified_time\" content=\"2026-02-23T13:27:22+00:00\" \/>\n<meta property=\"og:image\" content=\"https:\/\/renier.be\/wp-content\/uploads\/2025\/01\/Vrachtwagen-1.jpg\" \/>\n\t<meta property=\"og:image:width\" content=\"357\" \/>\n\t<meta property=\"og:image:height\" content=\"240\" \/>\n\t<meta property=\"og:image:type\" content=\"image\/jpeg\" \/>\n<meta name=\"twitter:card\" content=\"summary_large_image\" \/>\n<meta name=\"twitter:label1\" content=\"Gesch\u00e4tzte Lesezeit\" \/>\n\t<meta name=\"twitter:data1\" content=\"1\u00a0Minute\" \/>\n<script type=\"application\/ld+json\" class=\"yoast-schema-graph\">{\"@context\":\"https:\\\/\\\/schema.org\",\"@graph\":[{\"@type\":\"WebPage\",\"@id\":\"https:\\\/\\\/renier.be\\\/afhaal-en-verzendkosten\\\/\",\"url\":\"https:\\\/\\\/renier.be\\\/afhaal-en-verzendkosten\\\/\",\"name\":\"Afhaal en verzendkosten - Renier Natuursteen\",\"isPartOf\":{\"@id\":\"https:\\\/\\\/renier.be\\\/#website\"},\"primaryImageOfPage\":{\"@id\":\"https:\\\/\\\/renier.be\\\/afhaal-en-verzendkosten\\\/#primaryimage\"},\"image\":{\"@id\":\"https:\\\/\\\/renier.be\\\/afhaal-en-verzendkosten\\\/#primaryimage\"},\"thumbnailUrl\":\"https:\\\/\\\/renier.be\\\/wp-content\\\/uploads\\\/2025\\\/01\\\/Vrachtwagen-1.jpg\",\"datePublished\":\"2025-01-08T13:46:16+00:00\",\"dateModified\":\"2026-02-23T13:27:22+00:00\",\"breadcrumb\":{\"@id\":\"https:\\\/\\\/renier.be\\\/afhaal-en-verzendkosten\\\/#breadcrumb\"},\"inLanguage\":\"de\",\"potentialAction\":[{\"@type\":\"ReadAction\",\"target\":[\"https:\\\/\\\/renier.be\\\/afhaal-en-verzendkosten\\\/\"]}]},{\"@type\":\"ImageObject\",\"inLanguage\":\"de\",\"@id\":\"https:\\\/\\\/renier.be\\\/afhaal-en-verzendkosten\\\/#primaryimage\",\"url\":\"https:\\\/\\\/renier.be\\\/wp-content\\\/uploads\\\/2025\\\/01\\\/Vrachtwagen-1.jpg\",\"contentUrl\":\"https:\\\/\\\/renier.be\\\/wp-content\\\/uploads\\\/2025\\\/01\\\/Vrachtwagen-1.jpg\"},{\"@type\":\"BreadcrumbList\",\"@id\":\"https:\\\/\\\/renier.be\\\/afhaal-en-verzendkosten\\\/#breadcrumb\",\"itemListElement\":[{\"@type\":\"ListItem\",\"position\":1,\"name\":\"Home\",\"item\":\"https:\\\/\\\/renier.be\\\/\"},{\"@type\":\"ListItem\",\"position\":2,\"name\":\"Afhaal en verzendkosten\"}]},{\"@type\":\"WebSite\",\"@id\":\"https:\\\/\\\/renier.be\\\/#website\",\"url\":\"https:\\\/\\\/renier.be\\\/\",\"name\":\"Renier Natuursteen\",\"description\":\"Specialist in Belgisch Blauwe Hardsteen\",\"publisher\":{\"@id\":\"https:\\\/\\\/renier.be\\\/#organization\"},\"potentialAction\":[{\"@type\":\"SearchAction\",\"target\":{\"@type\":\"EntryPoint\",\"urlTemplate\":\"https:\\\/\\\/renier.be\\\/?s={search_term_string}\"},\"query-input\":{\"@type\":\"PropertyValueSpecification\",\"valueRequired\":true,\"valueName\":\"search_term_string\"}}],\"inLanguage\":\"de\"},{\"@type\":\"Organization\",\"@id\":\"https:\\\/\\\/renier.be\\\/#organization\",\"name\":\"Renier Natuursteen\",\"url\":\"https:\\\/\\\/renier.be\\\/\",\"logo\":{\"@type\":\"ImageObject\",\"inLanguage\":\"de\",\"@id\":\"https:\\\/\\\/renier.be\\\/#\\\/schema\\\/logo\\\/image\\\/\",\"url\":\"https:\\\/\\\/renier.be\\\/wp-content\\\/uploads\\\/2024\\\/07\\\/RENIER.png\",\"contentUrl\":\"https:\\\/\\\/renier.be\\\/wp-content\\\/uploads\\\/2024\\\/07\\\/RENIER.png\",\"width\":2717,\"height\":838,\"caption\":\"Renier Natuursteen\"},\"image\":{\"@id\":\"https:\\\/\\\/renier.be\\\/#\\\/schema\\\/logo\\\/image\\\/\"},\"sameAs\":[\"https:\\\/\\\/www.facebook.com\\\/reniernatuursteen\"]}]}<\/script>\n<!-- \/ Yoast SEO plugin. -->","yoast_head_json":{"title":"Abhol- und Versandkosten - Renier Natuursteen","robots":{"index":"index","follow":"follow","max-snippet":"max-snippet:-1","max-image-preview":"max-image-preview:large","max-video-preview":"max-video-preview:-1"},"canonical":"https:\/\/renier.be\/de\/kosten-fur-abholung-und-versand\/","og_locale":"de_DE","og_type":"article","og_title":"Afhaal en verzendkosten - Renier Natuursteen","og_description":"Hoe worden verzendkosten berekend ? Transport van natuursteenNatuursteen is een zwaar en soms breekbaar materiaal, vooral in langere, smalle vormen. Hierdoor is standaard transport niet altijd geschikt. Om ervoor te zorgen dat uw bestelling veilig en onbeschadigd bij u wordt geleverd, werken wij samen met een gespecialiseerde transportfirma. Dit biedt ons de beste garantie op [&hellip;]","og_url":"https:\/\/renier.be\/de\/kosten-fur-abholung-und-versand\/","og_site_name":"Renier Natuursteen","article_publisher":"https:\/\/www.facebook.com\/reniernatuursteen","article_modified_time":"2026-02-23T13:27:22+00:00","og_image":[{"width":357,"height":240,"url":"https:\/\/renier.be\/wp-content\/uploads\/2025\/01\/Vrachtwagen-1.jpg","type":"image\/jpeg"}],"twitter_card":"summary_large_image","twitter_misc":{"Gesch\u00e4tzte Lesezeit":"1\u00a0Minute"},"schema":{"@context":"https:\/\/schema.org","@graph":[{"@type":"WebPage","@id":"https:\/\/renier.be\/afhaal-en-verzendkosten\/","url":"https:\/\/renier.be\/afhaal-en-verzendkosten\/","name":"Abhol- und Versandkosten - Renier Natuursteen","isPartOf":{"@id":"https:\/\/renier.be\/#website"},"primaryImageOfPage":{"@id":"https:\/\/renier.be\/afhaal-en-verzendkosten\/#primaryimage"},"image":{"@id":"https:\/\/renier.be\/afhaal-en-verzendkosten\/#primaryimage"},"thumbnailUrl":"https:\/\/renier.be\/wp-content\/uploads\/2025\/01\/Vrachtwagen-1.jpg","datePublished":"2025-01-08T13:46:16+00:00","dateModified":"2026-02-23T13:27:22+00:00","breadcrumb":{"@id":"https:\/\/renier.be\/afhaal-en-verzendkosten\/#breadcrumb"},"inLanguage":"de","potentialAction":[{"@type":"ReadAction","target":["https:\/\/renier.be\/afhaal-en-verzendkosten\/"]}]},{"@type":"ImageObject","inLanguage":"de","@id":"https:\/\/renier.be\/afhaal-en-verzendkosten\/#primaryimage","url":"https:\/\/renier.be\/wp-content\/uploads\/2025\/01\/Vrachtwagen-1.jpg","contentUrl":"https:\/\/renier.be\/wp-content\/uploads\/2025\/01\/Vrachtwagen-1.jpg"},{"@type":"BreadcrumbList","@id":"https:\/\/renier.be\/afhaal-en-verzendkosten\/#breadcrumb","itemListElement":[{"@type":"ListItem","position":1,"name":"Home","item":"https:\/\/renier.be\/"},{"@type":"ListItem","position":2,"name":"Afhaal en verzendkosten"}]},{"@type":"WebSite","@id":"https:\/\/renier.be\/#website","url":"https:\/\/renier.be\/","name":"Renier Naturstein","description":"Spezialist f\u00fcr belgischen Blaustein","publisher":{"@id":"https:\/\/renier.be\/#organization"},"potentialAction":[{"@type":"SearchAction","target":{"@type":"EntryPoint","urlTemplate":"https:\/\/renier.be\/?s={search_term_string}"},"query-input":{"@type":"PropertyValueSpecification","valueRequired":true,"valueName":"search_term_string"}}],"inLanguage":"de"},{"@type":"Organization","@id":"https:\/\/renier.be\/#organization","name":"Renier Naturstein","url":"https:\/\/renier.be\/","logo":{"@type":"ImageObject","inLanguage":"de","@id":"https:\/\/renier.be\/#\/schema\/logo\/image\/","url":"https:\/\/renier.be\/wp-content\/uploads\/2024\/07\/RENIER.png","contentUrl":"https:\/\/renier.be\/wp-content\/uploads\/2024\/07\/RENIER.png","width":2717,"height":838,"caption":"Renier Natuursteen"},"image":{"@id":"https:\/\/renier.be\/#\/schema\/logo\/image\/"},"sameAs":["https:\/\/www.facebook.com\/reniernatuursteen"]}]}},"_links":{"self":[{"href":"https:\/\/renier.be\/de\/wp-json\/wp\/v2\/pages\/3154","targetHints":{"allow":["GET"]}}],"collection":[{"href":"https:\/\/renier.be\/de\/wp-json\/wp\/v2\/pages"}],"about":[{"href":"https:\/\/renier.be\/de\/wp-json\/wp\/v2\/types\/page"}],"author":[{"embeddable":true,"href":"https:\/\/renier.be\/de\/wp-json\/wp\/v2\/users\/2"}],"replies":[{"embeddable":true,"href":"https:\/\/renier.be\/de\/wp-json\/wp\/v2\/comments?post=3154"}],"version-history":[{"count":0,"href":"https:\/\/renier.be\/de\/wp-json\/wp\/v2\/pages\/3154\/revisions"}],"wp:attachment":[{"href":"https:\/\/renier.be\/de\/wp-json\/wp\/v2\/media?parent=3154"}],"curies":[{"name":"wp","href":"https:\/\/api.w.org\/{rel}","templated":true}]}}