{"id":3157,"date":"2025-01-08T14:47:27","date_gmt":"2025-01-08T13:47:27","guid":{"rendered":"https:\/\/renier.be\/?page_id=3157"},"modified":"2026-03-05T11:43:13","modified_gmt":"2026-03-05T10:43:13","slug":"abholstellen","status":"publish","type":"page","link":"https:\/\/renier.be\/de\/afhaalpunten\/","title":{"rendered":"Abholpunkte"},"content":{"rendered":"<div data-elementor-type=\"wp-page\" data-elementor-id=\"3157\" class=\"elementor elementor-3157\" data-elementor-post-type=\"page\">\n\t\t\t\t<div class=\"elementor-element elementor-element-f9c503d e-flex e-con-boxed e-con e-parent\" data-id=\"f9c503d\" data-element_type=\"container\" data-e-type=\"container\">\n\t\t\t\t\t<div class=\"e-con-inner\">\n\t\t\t\t<div class=\"elementor-element elementor-element-fc2c98f elementor-widget__width-inherit elementor-widget elementor-widget-heading\" data-id=\"fc2c98f\" data-element_type=\"widget\" data-e-type=\"widget\" data-widget_type=\"heading.default\">\n\t\t\t\t\t<h1 class=\"elementor-heading-title elementor-size-default\">Wo k\u00f6nnen Sie sammeln?<\/h1>\t\t\t\t<\/div>\n\t\t\t\t\t<\/div>\n\t\t\t\t<\/div>\n\t\t<div class=\"elementor-element elementor-element-78fe401 e-flex e-con-boxed e-con e-parent\" data-id=\"78fe401\" data-element_type=\"container\" data-e-type=\"container\">\n\t\t\t\t\t<div class=\"e-con-inner\">\n\t\t<div class=\"elementor-element elementor-element-108cc1c e-con-full e-flex e-con e-child\" data-id=\"108cc1c\" data-element_type=\"container\" data-e-type=\"container\">\n\t\t\t\t<div class=\"elementor-element elementor-element-b060cfb elementor-widget elementor-widget-text-editor\" data-id=\"b060cfb\" data-element_type=\"widget\" data-e-type=\"widget\" data-widget_type=\"text-editor.default\">\n\t\t\t\t\t\t\t\t\t<p><strong>Aarschot<\/strong><br \/>Renier Natuursteen verarbeitet Produkte aus den Steinbr\u00fcchen in Aarschot. Sobald Ihre Bestellung fertig ist, k\u00f6nnen Sie sie w\u00e4hrend der B\u00fcrozeiten abholen (siehe nebenstehende Tabelle). Die Ware ist immer auf Paletten vorbereitet und kann nur als Ganzes verladen werden.<\/p><p>Aus Sicherheitsgr\u00fcnden ist es uns nicht gestattet, Produkte einzeln oder ohne Palette umzuladen.<\/p><p>Der Preis pro Palette betr\u00e4gt 15 \u20ac ohne MwSt.<\/p><p><strong>Unser Steinbruch in Sprimont<\/strong><\/p><p>Wenn Sie es w\u00fcnschen, k\u00f6nnen wir Ihre Bestellung auch im Steinbruch La Pr\u00e9alle in Sprimont vorbereiten. Bitte lassen Sie uns wissen, ob diese Option f\u00fcr Sie praktischer ist. Bitte bedenken Sie, dass dies mit zus\u00e4tzlichen Transportkosten von Aarschot zum Steinbruch verbunden ist.<\/p>\t\t\t\t\t\t\t\t<\/div>\n\t\t\t\t<\/div>\n\t\t<div class=\"elementor-element elementor-element-6b87a59 e-con-full e-flex e-con e-child\" data-id=\"6b87a59\" data-element_type=\"container\" data-e-type=\"container\">\n\t\t\t\t<div class=\"elementor-element elementor-element-60b7417 elementor-widget elementor-widget-image\" data-id=\"60b7417\" data-element_type=\"widget\" data-e-type=\"widget\" data-widget_type=\"image.default\">\n\t\t\t\t\t\t\t\t\t\t\t\t\t\t\t<img decoding=\"async\" width=\"230\" height=\"121\" src=\"https:\/\/renier.be\/wp-content\/uploads\/2025\/01\/Kantooruren-1.jpg\" class=\"attachment-large size-large wp-image-3323\" alt=\"\" \/>\t\t\t\t\t\t\t\t\t\t\t\t\t\t\t<\/div>\n\t\t\t\t<div class=\"elementor-element elementor-element-008f1e5 elementor-widget elementor-widget-image\" data-id=\"008f1e5\" data-element_type=\"widget\" data-e-type=\"widget\" data-widget_type=\"image.default\">\n\t\t\t\t\t\t\t\t\t\t\t\t\t\t\t<img fetchpriority=\"high\" decoding=\"async\" width=\"711\" height=\"370\" src=\"https:\/\/renier.be\/wp-content\/uploads\/2025\/01\/Pallet.jpg\" class=\"attachment-large size-large wp-image-3327\" alt=\"\" srcset=\"https:\/\/renier.be\/wp-content\/uploads\/2025\/01\/Pallet.jpg 711w, https:\/\/renier.be\/wp-content\/uploads\/2025\/01\/Pallet-300x156.jpg 300w, https:\/\/renier.be\/wp-content\/uploads\/2025\/01\/Pallet-600x312.jpg 600w\" sizes=\"(max-width: 711px) 100vw, 711px\" \/>\t\t\t\t\t\t\t\t\t\t\t\t\t\t\t<\/div>\n\t\t\t\t<\/div>\n\t\t\t\t\t<\/div>\n\t\t\t\t<\/div>\n\t\t\t\t<\/div>","protected":false},"excerpt":{"rendered":"<p>Waar kan u afhalen ? AarschotRenier Natuursteen verwerkt de producten van de groeves in Aarschot. Zodra uw bestelling klaar is, kunt u deze tijdens de kantooruren (zie tabel hiernaast) komen afhalen. De goederen worden steeds op pallets klaargezet en kunnen enkel als geheel worden geladen. Om veiligheidsredenen is het niet toegestaan om producten afzonderlijk of [&hellip;]<\/p>\n","protected":false},"author":2,"featured_media":0,"parent":0,"menu_order":0,"comment_status":"closed","ping_status":"closed","template":"","meta":{"_acf_changed":false,"footnotes":""},"class_list":["post-3157","page","type-page","status-publish","hentry"],"acf":[],"yoast_head":"<!-- This site is optimized with the Yoast SEO plugin v27.3 - https:\/\/yoast.com\/product\/yoast-seo-wordpress\/ -->\n<title>Afhaalpunten - Renier Natuursteen<\/title>\n<meta name=\"robots\" content=\"index, follow, max-snippet:-1, max-image-preview:large, max-video-preview:-1\" \/>\n<link rel=\"canonical\" href=\"https:\/\/renier.be\/de\/abholstellen\/\" \/>\n<meta property=\"og:locale\" content=\"de_DE\" \/>\n<meta property=\"og:type\" content=\"article\" \/>\n<meta property=\"og:title\" content=\"Afhaalpunten - Renier Natuursteen\" \/>\n<meta property=\"og:description\" content=\"Waar kan u afhalen ? AarschotRenier Natuursteen verwerkt de producten van de groeves in Aarschot. Zodra uw bestelling klaar is, kunt u deze tijdens de kantooruren (zie tabel hiernaast) komen afhalen. De goederen worden steeds op pallets klaargezet en kunnen enkel als geheel worden geladen. Om veiligheidsredenen is het niet toegestaan om producten afzonderlijk of [&hellip;]\" \/>\n<meta property=\"og:url\" content=\"https:\/\/renier.be\/de\/abholstellen\/\" \/>\n<meta property=\"og:site_name\" content=\"Renier Natuursteen\" \/>\n<meta property=\"article:publisher\" content=\"https:\/\/www.facebook.com\/reniernatuursteen\" \/>\n<meta property=\"article:modified_time\" content=\"2026-03-05T10:43:13+00:00\" \/>\n<meta property=\"og:image\" content=\"https:\/\/renier.be\/wp-content\/uploads\/2025\/01\/Kantooruren-1.jpg\" \/>\n\t<meta property=\"og:image:width\" content=\"230\" \/>\n\t<meta property=\"og:image:height\" content=\"121\" \/>\n\t<meta property=\"og:image:type\" content=\"image\/jpeg\" \/>\n<meta name=\"twitter:card\" content=\"summary_large_image\" \/>\n<meta name=\"twitter:label1\" content=\"Gesch\u00e4tzte Lesezeit\" \/>\n\t<meta name=\"twitter:data1\" content=\"1\u00a0Minute\" \/>\n<script type=\"application\/ld+json\" class=\"yoast-schema-graph\">{\"@context\":\"https:\\\/\\\/schema.org\",\"@graph\":[{\"@type\":\"WebPage\",\"@id\":\"https:\\\/\\\/renier.be\\\/afhaalpunten\\\/\",\"url\":\"https:\\\/\\\/renier.be\\\/afhaalpunten\\\/\",\"name\":\"Afhaalpunten - Renier Natuursteen\",\"isPartOf\":{\"@id\":\"https:\\\/\\\/renier.be\\\/#website\"},\"primaryImageOfPage\":{\"@id\":\"https:\\\/\\\/renier.be\\\/afhaalpunten\\\/#primaryimage\"},\"image\":{\"@id\":\"https:\\\/\\\/renier.be\\\/afhaalpunten\\\/#primaryimage\"},\"thumbnailUrl\":\"https:\\\/\\\/renier.be\\\/wp-content\\\/uploads\\\/2025\\\/01\\\/Kantooruren-1.jpg\",\"datePublished\":\"2025-01-08T13:47:27+00:00\",\"dateModified\":\"2026-03-05T10:43:13+00:00\",\"breadcrumb\":{\"@id\":\"https:\\\/\\\/renier.be\\\/afhaalpunten\\\/#breadcrumb\"},\"inLanguage\":\"de\",\"potentialAction\":[{\"@type\":\"ReadAction\",\"target\":[\"https:\\\/\\\/renier.be\\\/afhaalpunten\\\/\"]}]},{\"@type\":\"ImageObject\",\"inLanguage\":\"de\",\"@id\":\"https:\\\/\\\/renier.be\\\/afhaalpunten\\\/#primaryimage\",\"url\":\"https:\\\/\\\/renier.be\\\/wp-content\\\/uploads\\\/2025\\\/01\\\/Kantooruren-1.jpg\",\"contentUrl\":\"https:\\\/\\\/renier.be\\\/wp-content\\\/uploads\\\/2025\\\/01\\\/Kantooruren-1.jpg\"},{\"@type\":\"BreadcrumbList\",\"@id\":\"https:\\\/\\\/renier.be\\\/afhaalpunten\\\/#breadcrumb\",\"itemListElement\":[{\"@type\":\"ListItem\",\"position\":1,\"name\":\"Home\",\"item\":\"https:\\\/\\\/renier.be\\\/\"},{\"@type\":\"ListItem\",\"position\":2,\"name\":\"Afhaalpunten\"}]},{\"@type\":\"WebSite\",\"@id\":\"https:\\\/\\\/renier.be\\\/#website\",\"url\":\"https:\\\/\\\/renier.be\\\/\",\"name\":\"Renier Natuursteen\",\"description\":\"Specialist in Belgisch Blauwe Hardsteen\",\"publisher\":{\"@id\":\"https:\\\/\\\/renier.be\\\/#organization\"},\"potentialAction\":[{\"@type\":\"SearchAction\",\"target\":{\"@type\":\"EntryPoint\",\"urlTemplate\":\"https:\\\/\\\/renier.be\\\/?s={search_term_string}\"},\"query-input\":{\"@type\":\"PropertyValueSpecification\",\"valueRequired\":true,\"valueName\":\"search_term_string\"}}],\"inLanguage\":\"de\"},{\"@type\":\"Organization\",\"@id\":\"https:\\\/\\\/renier.be\\\/#organization\",\"name\":\"Renier Natuursteen\",\"url\":\"https:\\\/\\\/renier.be\\\/\",\"logo\":{\"@type\":\"ImageObject\",\"inLanguage\":\"de\",\"@id\":\"https:\\\/\\\/renier.be\\\/#\\\/schema\\\/logo\\\/image\\\/\",\"url\":\"\",\"contentUrl\":\"\",\"caption\":\"Renier Natuursteen\"},\"image\":{\"@id\":\"https:\\\/\\\/renier.be\\\/#\\\/schema\\\/logo\\\/image\\\/\"},\"sameAs\":[\"https:\\\/\\\/www.facebook.com\\\/reniernatuursteen\"]}]}<\/script>\n<!-- \/ Yoast SEO plugin. -->","yoast_head_json":{"title":"Sammelstellen - Renier Natuursteen","robots":{"index":"index","follow":"follow","max-snippet":"max-snippet:-1","max-image-preview":"max-image-preview:large","max-video-preview":"max-video-preview:-1"},"canonical":"https:\/\/renier.be\/de\/abholstellen\/","og_locale":"de_DE","og_type":"article","og_title":"Afhaalpunten - Renier Natuursteen","og_description":"Waar kan u afhalen ? AarschotRenier Natuursteen verwerkt de producten van de groeves in Aarschot. Zodra uw bestelling klaar is, kunt u deze tijdens de kantooruren (zie tabel hiernaast) komen afhalen. De goederen worden steeds op pallets klaargezet en kunnen enkel als geheel worden geladen. Om veiligheidsredenen is het niet toegestaan om producten afzonderlijk of [&hellip;]","og_url":"https:\/\/renier.be\/de\/abholstellen\/","og_site_name":"Renier Natuursteen","article_publisher":"https:\/\/www.facebook.com\/reniernatuursteen","article_modified_time":"2026-03-05T10:43:13+00:00","og_image":[{"width":230,"height":121,"url":"https:\/\/renier.be\/wp-content\/uploads\/2025\/01\/Kantooruren-1.jpg","type":"image\/jpeg"}],"twitter_card":"summary_large_image","twitter_misc":{"Gesch\u00e4tzte Lesezeit":"1\u00a0Minute"},"schema":{"@context":"https:\/\/schema.org","@graph":[{"@type":"WebPage","@id":"https:\/\/renier.be\/afhaalpunten\/","url":"https:\/\/renier.be\/afhaalpunten\/","name":"Sammelstellen - Renier Natuursteen","isPartOf":{"@id":"https:\/\/renier.be\/#website"},"primaryImageOfPage":{"@id":"https:\/\/renier.be\/afhaalpunten\/#primaryimage"},"image":{"@id":"https:\/\/renier.be\/afhaalpunten\/#primaryimage"},"thumbnailUrl":"https:\/\/renier.be\/wp-content\/uploads\/2025\/01\/Kantooruren-1.jpg","datePublished":"2025-01-08T13:47:27+00:00","dateModified":"2026-03-05T10:43:13+00:00","breadcrumb":{"@id":"https:\/\/renier.be\/afhaalpunten\/#breadcrumb"},"inLanguage":"de","potentialAction":[{"@type":"ReadAction","target":["https:\/\/renier.be\/afhaalpunten\/"]}]},{"@type":"ImageObject","inLanguage":"de","@id":"https:\/\/renier.be\/afhaalpunten\/#primaryimage","url":"https:\/\/renier.be\/wp-content\/uploads\/2025\/01\/Kantooruren-1.jpg","contentUrl":"https:\/\/renier.be\/wp-content\/uploads\/2025\/01\/Kantooruren-1.jpg"},{"@type":"BreadcrumbList","@id":"https:\/\/renier.be\/afhaalpunten\/#breadcrumb","itemListElement":[{"@type":"ListItem","position":1,"name":"Home","item":"https:\/\/renier.be\/"},{"@type":"ListItem","position":2,"name":"Afhaalpunten"}]},{"@type":"WebSite","@id":"https:\/\/renier.be\/#website","url":"https:\/\/renier.be\/","name":"Renier Naturstein","description":"Spezialist f\u00fcr belgischen Blaustein","publisher":{"@id":"https:\/\/renier.be\/#organization"},"potentialAction":[{"@type":"SearchAction","target":{"@type":"EntryPoint","urlTemplate":"https:\/\/renier.be\/?s={search_term_string}"},"query-input":{"@type":"PropertyValueSpecification","valueRequired":true,"valueName":"search_term_string"}}],"inLanguage":"de"},{"@type":"Organization","@id":"https:\/\/renier.be\/#organization","name":"Renier Naturstein","url":"https:\/\/renier.be\/","logo":{"@type":"ImageObject","inLanguage":"de","@id":"https:\/\/renier.be\/#\/schema\/logo\/image\/","url":"","contentUrl":"","caption":"Renier Natuursteen"},"image":{"@id":"https:\/\/renier.be\/#\/schema\/logo\/image\/"},"sameAs":["https:\/\/www.facebook.com\/reniernatuursteen"]}]}},"_links":{"self":[{"href":"https:\/\/renier.be\/de\/wp-json\/wp\/v2\/pages\/3157","targetHints":{"allow":["GET"]}}],"collection":[{"href":"https:\/\/renier.be\/de\/wp-json\/wp\/v2\/pages"}],"about":[{"href":"https:\/\/renier.be\/de\/wp-json\/wp\/v2\/types\/page"}],"author":[{"embeddable":true,"href":"https:\/\/renier.be\/de\/wp-json\/wp\/v2\/users\/2"}],"replies":[{"embeddable":true,"href":"https:\/\/renier.be\/de\/wp-json\/wp\/v2\/comments?post=3157"}],"version-history":[{"count":0,"href":"https:\/\/renier.be\/de\/wp-json\/wp\/v2\/pages\/3157\/revisions"}],"wp:attachment":[{"href":"https:\/\/renier.be\/de\/wp-json\/wp\/v2\/media?parent=3157"}],"curies":[{"name":"wp","href":"https:\/\/api.w.org\/{rel}","templated":true}]}}