{"id":3159,"date":"2025-01-08T14:47:58","date_gmt":"2025-01-08T13:47:58","guid":{"rendered":"https:\/\/renier.be\/?page_id=3159"},"modified":"2026-03-05T11:44:40","modified_gmt":"2026-03-05T10:44:40","slug":"ruckgabepolitik-2","status":"publish","type":"page","link":"https:\/\/renier.be\/de\/retourbeleid-2\/","title":{"rendered":"R\u00fcckgabepolitik"},"content":{"rendered":"<div data-elementor-type=\"wp-page\" data-elementor-id=\"3159\" class=\"elementor elementor-3159\" data-elementor-post-type=\"page\">\n\t\t\t\t<div class=\"elementor-element elementor-element-79f6a17 e-flex e-con-boxed e-con e-parent\" data-id=\"79f6a17\" data-element_type=\"container\" data-e-type=\"container\">\n\t\t\t\t\t<div class=\"e-con-inner\">\n\t\t\t\t<div class=\"elementor-element elementor-element-b8af22c elementor-widget__width-inherit elementor-widget elementor-widget-heading\" data-id=\"b8af22c\" data-element_type=\"widget\" data-e-type=\"widget\" data-widget_type=\"heading.default\">\n\t\t\t\t\t<h1 class=\"elementor-heading-title elementor-size-default\">R\u00fcckgabepolitik<\/h1>\t\t\t\t<\/div>\n\t\t\t\t\t<\/div>\n\t\t\t\t<\/div>\n\t\t<div class=\"elementor-element elementor-element-ecb7d83 e-flex e-con-boxed e-con e-parent\" data-id=\"ecb7d83\" data-element_type=\"container\" data-e-type=\"container\">\n\t\t\t\t\t<div class=\"e-con-inner\">\n\t\t<div class=\"elementor-element elementor-element-9535ea6 e-con-full e-flex e-con e-child\" data-id=\"9535ea6\" data-element_type=\"container\" data-e-type=\"container\">\n\t\t\t\t<div class=\"elementor-element elementor-element-2e1afea elementor-widget__width-initial elementor-widget elementor-widget-text-editor\" data-id=\"2e1afea\" data-element_type=\"widget\" data-e-type=\"widget\" data-widget_type=\"text-editor.default\">\n\t\t\t\t\t\t\t\t\t<p>Wir von Renier Naturstein sind bestrebt, Produkte von h\u00f6chster Qualit\u00e4t zu liefern, die Ihren spezifischen Bed\u00fcrfnissen und Erwartungen entsprechen. Da es sich bei unseren Natursteinprodukten um Ma\u00dfanfertigungen handelt, gelten f\u00fcr R\u00fccksendungen und Stornierungen besondere Bedingungen.<\/p><h3><strong>1. Kein R\u00fcckgaberecht f\u00fcr Sonderanfertigungen<\/strong><\/h3><p>Da es sich bei unseren Produkten um Sonderanfertigungen handelt, die auf Ihre spezifischen Anforderungen zugeschnitten sind, gilt das Widerrufsrecht (wie in der belgischen Gesetzgebung vorgesehen) nicht. Dies bedeutet, dass:<\/p><ul><li>Auftr\u00e4ge f\u00fcr ma\u00dfgefertigte Natursteinprodukte k\u00f6nnen nach Beginn der Produktion weder zur\u00fcckgegeben noch storniert werden.<\/li><li>Die Kunden stimmen diesen Bedingungen bei der Bestellung zu.<\/li><\/ul><h3><strong>2. Kontrolle bei Lieferung<\/strong><\/h3><p>Wir bitten unsere Kunden, die Produkte bei der Lieferung sorgf\u00e4ltig zu pr\u00fcfen.<\/p><ul><li>Etwaige Sch\u00e4den, M\u00e4ngel oder Abweichungen von der Bestellung m\u00fcssen <strong>innerhalb von 48 Stunden<\/strong> schriftlich nach Erhalt benachrichtigt werden\u00a0<\/li><li>Sollte sich herausstellen, dass ein Fehler oder Mangel auf unsere Produktion oder Lieferung zur\u00fcckzuf\u00fchren ist, werden wir je nach Situation eine angemessene L\u00f6sung anbieten, wie z. B. Reparatur, Ersatz oder R\u00fcckerstattung.<\/li><\/ul><h3><strong>3. Stornierung vor Beginn der Produktion<\/strong><\/h3><p>Wenn Sie Ihre Bestellung stornieren m\u00f6chten, bevor die Produktion begonnen hat, ist dies unter den folgenden Bedingungen m\u00f6glich:<\/p><ul><li>Sie m\u00fcssen die Stornierung schriftlich mitteilen\u00a0<\/li><li>F\u00fcr bereits geleistete Vorbereitungen oder Materialien k\u00f6nnen Geb\u00fchren erhoben werden.<\/li><\/ul><p><strong data-start=\"137\" data-end=\"175\">R\u00fcckgabepolitik Produkte auf Lager<\/strong><br data-start=\"175\" data-end=\"178\" \/>Das gesetzliche Widerrufsrecht gilt f\u00fcr alle Produkte, die nicht ma\u00dfgefertigt sind. Sie haben das Recht, Ihre Bestellung bis zu 14 Tage nach Lieferung ohne Angabe von Gr\u00fcnden zu widerrufen und zur\u00fcckzugeben. Der Kaufpreis, einschlie\u00dflich der urspr\u00fcnglichen Versandkosten, wird innerhalb von 14 Tagen nach R\u00fcckerhalt der Ware erstattet. Die Kosten f\u00fcr die R\u00fccksendung der Ware tr\u00e4gt der Kunde.<\/p><p><img fetchpriority=\"high\" decoding=\"async\" class=\"alignnone size-medium wp-image-3370\" src=\"https:\/\/renier.be\/wp-content\/uploads\/2025\/01\/IMG_4994-300x200.jpg\" alt=\"\" width=\"300\" height=\"200\" srcset=\"https:\/\/renier.be\/wp-content\/uploads\/2025\/01\/IMG_4994-300x200.jpg 300w, https:\/\/renier.be\/wp-content\/uploads\/2025\/01\/IMG_4994-1024x683.jpg 1024w, https:\/\/renier.be\/wp-content\/uploads\/2025\/01\/IMG_4994-768x512.jpg 768w, https:\/\/renier.be\/wp-content\/uploads\/2025\/01\/IMG_4994-1536x1024.jpg 1536w, https:\/\/renier.be\/wp-content\/uploads\/2025\/01\/IMG_4994-2048x1365.jpg 2048w, https:\/\/renier.be\/wp-content\/uploads\/2025\/01\/IMG_4994-600x400.jpg 600w\" sizes=\"(max-width: 300px) 100vw, 300px\" \/><\/p>\t\t\t\t\t\t\t\t<\/div>\n\t\t\t\t<\/div>\n\t\t\t\t\t<\/div>\n\t\t\t\t<\/div>\n\t\t\t\t<\/div>","protected":false},"excerpt":{"rendered":"<p>Retourbeleid Bij Renier natuursteen streven we ernaar om producten van de hoogste kwaliteit te leveren die voldoen aan uw specifieke wensen en verwachtingen. Aangezien onze natuurstenen producten volledig op maat worden gemaakt, zijn er specifieke voorwaarden van toepassing op retouren en annuleringen. 1. Geen recht op retour voor maatwerkproducten Omdat onze producten volledig op maat [&hellip;]<\/p>\n","protected":false},"author":2,"featured_media":0,"parent":0,"menu_order":0,"comment_status":"closed","ping_status":"closed","template":"","meta":{"_acf_changed":false,"footnotes":""},"class_list":["post-3159","page","type-page","status-publish","hentry"],"acf":[],"yoast_head":"<!-- This site is optimized with the Yoast SEO plugin v27.4 - https:\/\/yoast.com\/product\/yoast-seo-wordpress\/ -->\n<title>Retourbeleid - Renier Natuursteen<\/title>\n<meta name=\"robots\" content=\"index, follow, max-snippet:-1, max-image-preview:large, max-video-preview:-1\" \/>\n<link rel=\"canonical\" href=\"https:\/\/renier.be\/de\/ruckgabepolitik-2\/\" \/>\n<meta property=\"og:locale\" content=\"de_DE\" \/>\n<meta property=\"og:type\" content=\"article\" \/>\n<meta property=\"og:title\" content=\"Retourbeleid - Renier Natuursteen\" \/>\n<meta property=\"og:description\" content=\"Retourbeleid Bij Renier natuursteen streven we ernaar om producten van de hoogste kwaliteit te leveren die voldoen aan uw specifieke wensen en verwachtingen. Aangezien onze natuurstenen producten volledig op maat worden gemaakt, zijn er specifieke voorwaarden van toepassing op retouren en annuleringen. 1. Geen recht op retour voor maatwerkproducten Omdat onze producten volledig op maat [&hellip;]\" \/>\n<meta property=\"og:url\" content=\"https:\/\/renier.be\/de\/ruckgabepolitik-2\/\" \/>\n<meta property=\"og:site_name\" content=\"Renier Natuursteen\" \/>\n<meta property=\"article:publisher\" content=\"https:\/\/www.facebook.com\/reniernatuursteen\" \/>\n<meta property=\"article:modified_time\" content=\"2026-03-05T10:44:40+00:00\" \/>\n<meta property=\"og:image\" content=\"https:\/\/renier.be\/wp-content\/uploads\/2025\/01\/IMG_4994-scaled.jpg\" \/>\n\t<meta property=\"og:image:width\" content=\"2560\" \/>\n\t<meta property=\"og:image:height\" content=\"1707\" \/>\n\t<meta property=\"og:image:type\" content=\"image\/jpeg\" \/>\n<meta name=\"twitter:card\" content=\"summary_large_image\" \/>\n<meta name=\"twitter:label1\" content=\"Gesch\u00e4tzte Lesezeit\" \/>\n\t<meta name=\"twitter:data1\" content=\"2\u00a0Minuten\" \/>\n<script type=\"application\/ld+json\" class=\"yoast-schema-graph\">{\"@context\":\"https:\\\/\\\/schema.org\",\"@graph\":[{\"@type\":\"WebPage\",\"@id\":\"https:\\\/\\\/renier.be\\\/retourbeleid-2\\\/\",\"url\":\"https:\\\/\\\/renier.be\\\/retourbeleid-2\\\/\",\"name\":\"Retourbeleid - Renier Natuursteen\",\"isPartOf\":{\"@id\":\"https:\\\/\\\/renier.be\\\/#website\"},\"primaryImageOfPage\":{\"@id\":\"https:\\\/\\\/renier.be\\\/retourbeleid-2\\\/#primaryimage\"},\"image\":{\"@id\":\"https:\\\/\\\/renier.be\\\/retourbeleid-2\\\/#primaryimage\"},\"thumbnailUrl\":\"https:\\\/\\\/renier.be\\\/wp-content\\\/uploads\\\/2025\\\/01\\\/IMG_4994-300x200.jpg\",\"datePublished\":\"2025-01-08T13:47:58+00:00\",\"dateModified\":\"2026-03-05T10:44:40+00:00\",\"breadcrumb\":{\"@id\":\"https:\\\/\\\/renier.be\\\/retourbeleid-2\\\/#breadcrumb\"},\"inLanguage\":\"de\",\"potentialAction\":[{\"@type\":\"ReadAction\",\"target\":[\"https:\\\/\\\/renier.be\\\/retourbeleid-2\\\/\"]}]},{\"@type\":\"ImageObject\",\"inLanguage\":\"de\",\"@id\":\"https:\\\/\\\/renier.be\\\/retourbeleid-2\\\/#primaryimage\",\"url\":\"https:\\\/\\\/renier.be\\\/wp-content\\\/uploads\\\/2025\\\/01\\\/IMG_4994-300x200.jpg\",\"contentUrl\":\"https:\\\/\\\/renier.be\\\/wp-content\\\/uploads\\\/2025\\\/01\\\/IMG_4994-300x200.jpg\"},{\"@type\":\"BreadcrumbList\",\"@id\":\"https:\\\/\\\/renier.be\\\/retourbeleid-2\\\/#breadcrumb\",\"itemListElement\":[{\"@type\":\"ListItem\",\"position\":1,\"name\":\"Home\",\"item\":\"https:\\\/\\\/renier.be\\\/\"},{\"@type\":\"ListItem\",\"position\":2,\"name\":\"Retourbeleid\"}]},{\"@type\":\"WebSite\",\"@id\":\"https:\\\/\\\/renier.be\\\/#website\",\"url\":\"https:\\\/\\\/renier.be\\\/\",\"name\":\"Renier Natuursteen\",\"description\":\"Specialist in Belgisch Blauwe Hardsteen\",\"publisher\":{\"@id\":\"https:\\\/\\\/renier.be\\\/#organization\"},\"potentialAction\":[{\"@type\":\"SearchAction\",\"target\":{\"@type\":\"EntryPoint\",\"urlTemplate\":\"https:\\\/\\\/renier.be\\\/?s={search_term_string}\"},\"query-input\":{\"@type\":\"PropertyValueSpecification\",\"valueRequired\":true,\"valueName\":\"search_term_string\"}}],\"inLanguage\":\"de\"},{\"@type\":\"Organization\",\"@id\":\"https:\\\/\\\/renier.be\\\/#organization\",\"name\":\"Renier Natuursteen\",\"url\":\"https:\\\/\\\/renier.be\\\/\",\"logo\":{\"@type\":\"ImageObject\",\"inLanguage\":\"de\",\"@id\":\"https:\\\/\\\/renier.be\\\/#\\\/schema\\\/logo\\\/image\\\/\",\"url\":\"\",\"contentUrl\":\"\",\"caption\":\"Renier Natuursteen\"},\"image\":{\"@id\":\"https:\\\/\\\/renier.be\\\/#\\\/schema\\\/logo\\\/image\\\/\"},\"sameAs\":[\"https:\\\/\\\/www.facebook.com\\\/reniernatuursteen\"]}]}<\/script>\n<!-- \/ Yoast SEO plugin. -->","yoast_head_json":{"title":"R\u00fcckgabebedingungen - Renier Natuursteen","robots":{"index":"index","follow":"follow","max-snippet":"max-snippet:-1","max-image-preview":"max-image-preview:large","max-video-preview":"max-video-preview:-1"},"canonical":"https:\/\/renier.be\/de\/ruckgabepolitik-2\/","og_locale":"de_DE","og_type":"article","og_title":"Retourbeleid - Renier Natuursteen","og_description":"Retourbeleid Bij Renier natuursteen streven we ernaar om producten van de hoogste kwaliteit te leveren die voldoen aan uw specifieke wensen en verwachtingen. Aangezien onze natuurstenen producten volledig op maat worden gemaakt, zijn er specifieke voorwaarden van toepassing op retouren en annuleringen. 1. Geen recht op retour voor maatwerkproducten Omdat onze producten volledig op maat [&hellip;]","og_url":"https:\/\/renier.be\/de\/ruckgabepolitik-2\/","og_site_name":"Renier Natuursteen","article_publisher":"https:\/\/www.facebook.com\/reniernatuursteen","article_modified_time":"2026-03-05T10:44:40+00:00","og_image":[{"width":2560,"height":1707,"url":"https:\/\/renier.be\/wp-content\/uploads\/2025\/01\/IMG_4994-scaled.jpg","type":"image\/jpeg"}],"twitter_card":"summary_large_image","twitter_misc":{"Gesch\u00e4tzte Lesezeit":"2\u00a0Minuten"},"schema":{"@context":"https:\/\/schema.org","@graph":[{"@type":"WebPage","@id":"https:\/\/renier.be\/retourbeleid-2\/","url":"https:\/\/renier.be\/retourbeleid-2\/","name":"R\u00fcckgabebedingungen - Renier Natuursteen","isPartOf":{"@id":"https:\/\/renier.be\/#website"},"primaryImageOfPage":{"@id":"https:\/\/renier.be\/retourbeleid-2\/#primaryimage"},"image":{"@id":"https:\/\/renier.be\/retourbeleid-2\/#primaryimage"},"thumbnailUrl":"https:\/\/renier.be\/wp-content\/uploads\/2025\/01\/IMG_4994-300x200.jpg","datePublished":"2025-01-08T13:47:58+00:00","dateModified":"2026-03-05T10:44:40+00:00","breadcrumb":{"@id":"https:\/\/renier.be\/retourbeleid-2\/#breadcrumb"},"inLanguage":"de","potentialAction":[{"@type":"ReadAction","target":["https:\/\/renier.be\/retourbeleid-2\/"]}]},{"@type":"ImageObject","inLanguage":"de","@id":"https:\/\/renier.be\/retourbeleid-2\/#primaryimage","url":"https:\/\/renier.be\/wp-content\/uploads\/2025\/01\/IMG_4994-300x200.jpg","contentUrl":"https:\/\/renier.be\/wp-content\/uploads\/2025\/01\/IMG_4994-300x200.jpg"},{"@type":"BreadcrumbList","@id":"https:\/\/renier.be\/retourbeleid-2\/#breadcrumb","itemListElement":[{"@type":"ListItem","position":1,"name":"Home","item":"https:\/\/renier.be\/"},{"@type":"ListItem","position":2,"name":"Retourbeleid"}]},{"@type":"WebSite","@id":"https:\/\/renier.be\/#website","url":"https:\/\/renier.be\/","name":"Renier Naturstein","description":"Spezialist f\u00fcr belgischen Blaustein","publisher":{"@id":"https:\/\/renier.be\/#organization"},"potentialAction":[{"@type":"SearchAction","target":{"@type":"EntryPoint","urlTemplate":"https:\/\/renier.be\/?s={search_term_string}"},"query-input":{"@type":"PropertyValueSpecification","valueRequired":true,"valueName":"search_term_string"}}],"inLanguage":"de"},{"@type":"Organization","@id":"https:\/\/renier.be\/#organization","name":"Renier Naturstein","url":"https:\/\/renier.be\/","logo":{"@type":"ImageObject","inLanguage":"de","@id":"https:\/\/renier.be\/#\/schema\/logo\/image\/","url":"","contentUrl":"","caption":"Renier Natuursteen"},"image":{"@id":"https:\/\/renier.be\/#\/schema\/logo\/image\/"},"sameAs":["https:\/\/www.facebook.com\/reniernatuursteen"]}]}},"_links":{"self":[{"href":"https:\/\/renier.be\/de\/wp-json\/wp\/v2\/pages\/3159","targetHints":{"allow":["GET"]}}],"collection":[{"href":"https:\/\/renier.be\/de\/wp-json\/wp\/v2\/pages"}],"about":[{"href":"https:\/\/renier.be\/de\/wp-json\/wp\/v2\/types\/page"}],"author":[{"embeddable":true,"href":"https:\/\/renier.be\/de\/wp-json\/wp\/v2\/users\/2"}],"replies":[{"embeddable":true,"href":"https:\/\/renier.be\/de\/wp-json\/wp\/v2\/comments?post=3159"}],"version-history":[{"count":0,"href":"https:\/\/renier.be\/de\/wp-json\/wp\/v2\/pages\/3159\/revisions"}],"wp:attachment":[{"href":"https:\/\/renier.be\/de\/wp-json\/wp\/v2\/media?parent=3159"}],"curies":[{"name":"wp","href":"https:\/\/api.w.org\/{rel}","templated":true}]}}