{"id":3165,"date":"2025-01-08T14:49:13","date_gmt":"2025-01-08T13:49:13","guid":{"rendered":"https:\/\/renier.be\/?page_id=3165"},"modified":"2025-08-29T10:48:18","modified_gmt":"2025-08-29T08:48:18","slug":"lieferfrist","status":"publish","type":"page","link":"https:\/\/renier.be\/de\/levertermijn\/","title":{"rendered":"Lieferzeit"},"content":{"rendered":"<div data-elementor-type=\"wp-page\" data-elementor-id=\"3165\" class=\"elementor elementor-3165\" data-elementor-post-type=\"page\">\n\t\t\t\t<div class=\"elementor-element elementor-element-92c8e5f e-flex e-con-boxed e-con e-parent\" data-id=\"92c8e5f\" data-element_type=\"container\" data-e-type=\"container\">\n\t\t\t\t\t<div class=\"e-con-inner\">\n\t\t\t\t<div class=\"elementor-element elementor-element-5a08e0f elementor-widget__width-inherit elementor-widget elementor-widget-heading\" data-id=\"5a08e0f\" data-element_type=\"widget\" data-e-type=\"widget\" data-widget_type=\"heading.default\">\n\t\t\t\t\t<h1 class=\"elementor-heading-title elementor-size-default\">Produktions- und Lieferzeiten<\/h1>\t\t\t\t<\/div>\n\t\t\t\t\t<\/div>\n\t\t\t\t<\/div>\n\t\t<div class=\"elementor-element elementor-element-682a97a e-flex e-con-boxed e-con e-parent\" data-id=\"682a97a\" data-element_type=\"container\" data-e-type=\"container\">\n\t\t\t\t\t<div class=\"e-con-inner\">\n\t\t<div class=\"elementor-element elementor-element-0bb08b0 e-con-full e-flex e-con e-child\" data-id=\"0bb08b0\" data-element_type=\"container\" data-e-type=\"container\">\n\t\t\t\t<div class=\"elementor-element elementor-element-92f795e elementor-widget elementor-widget-text-editor\" data-id=\"92f795e\" data-element_type=\"widget\" data-e-type=\"widget\" data-widget_type=\"text-editor.default\">\n\t\t\t\t\t\t\t\t\t<p>Renier Natuursteen verarbeitet Naturstein aus unseren eigenen Steinbr\u00fcchen in Aarschot. So k\u00f6nnen wir au\u00dfergew\u00f6hnliche Qualit\u00e4t und schnelle Lieferung garantieren<\/p><p>F\u00fcr gew\u00f6hnliche Auftr\u00e4ge rechnen wir mit einer durchschnittlichen Produktionszeit von zwei Wochen. Bei komplexeren Auftr\u00e4gen oder gr\u00f6\u00dferen Mengen k\u00f6nnen wir diese Frist jedoch nicht garantieren. Dies gilt zum Beispiel f\u00fcr Produkte, die viel manuelle Bearbeitung erfordern, wie manuelles Ausfransen, Schleifen mit vielen Ecken und Kanten oder die Herstellung komplexer Kissen und Streben.<\/p><p>Die genaue Lieferzeit wird von uns f\u00fcr jede Bestellung best\u00e4tigt, so dass Sie die Abholung oder Zustellung rechtzeitig planen k\u00f6nnen. Obwohl wir uns bem\u00fchen, unsere Zusagen einzuhalten, k\u00f6nnen unerwartete Situationen wie technische Pannen oder Krankheit des Personals zu Verz\u00f6gerungen f\u00fchren. In diesem Fall werden wir Sie selbstverst\u00e4ndlich so schnell wie m\u00f6glich informieren.<\/p>\t\t\t\t\t\t\t\t<\/div>\n\t\t\t\t<\/div>\n\t\t<div class=\"elementor-element elementor-element-9094121 e-con-full e-flex e-con e-child\" data-id=\"9094121\" data-element_type=\"container\" data-e-type=\"container\">\n\t\t\t\t<div class=\"elementor-element elementor-element-ba4f057 elementor-widget elementor-widget-image\" data-id=\"ba4f057\" data-element_type=\"widget\" data-e-type=\"widget\" data-widget_type=\"image.default\">\n\t\t\t\t\t\t\t\t\t\t\t\t\t\t\t<img fetchpriority=\"high\" decoding=\"async\" width=\"800\" height=\"534\" src=\"https:\/\/renier.be\/wp-content\/uploads\/2025\/01\/MG_0355-1024x683.jpg\" class=\"attachment-large size-large wp-image-3336\" alt=\"\" srcset=\"https:\/\/renier.be\/wp-content\/uploads\/2025\/01\/MG_0355-1024x683.jpg 1024w, https:\/\/renier.be\/wp-content\/uploads\/2025\/01\/MG_0355-300x200.jpg 300w, https:\/\/renier.be\/wp-content\/uploads\/2025\/01\/MG_0355-768x512.jpg 768w, https:\/\/renier.be\/wp-content\/uploads\/2025\/01\/MG_0355-1536x1024.jpg 1536w, https:\/\/renier.be\/wp-content\/uploads\/2025\/01\/MG_0355-2048x1365.jpg 2048w, https:\/\/renier.be\/wp-content\/uploads\/2025\/01\/MG_0355-600x400.jpg 600w\" sizes=\"(max-width: 800px) 100vw, 800px\" \/>\t\t\t\t\t\t\t\t\t\t\t\t\t\t\t<\/div>\n\t\t\t\t<div class=\"elementor-element elementor-element-8560e95 elementor-widget elementor-widget-image\" data-id=\"8560e95\" data-element_type=\"widget\" data-e-type=\"widget\" data-widget_type=\"image.default\">\n\t\t\t\t\t\t\t\t\t\t\t\t\t\t\t<img decoding=\"async\" width=\"800\" height=\"534\" src=\"https:\/\/renier.be\/wp-content\/uploads\/2025\/01\/MG_0346-1024x683.jpg\" class=\"attachment-large size-large wp-image-3337\" alt=\"\" srcset=\"https:\/\/renier.be\/wp-content\/uploads\/2025\/01\/MG_0346-1024x683.jpg 1024w, https:\/\/renier.be\/wp-content\/uploads\/2025\/01\/MG_0346-300x200.jpg 300w, https:\/\/renier.be\/wp-content\/uploads\/2025\/01\/MG_0346-768x512.jpg 768w, https:\/\/renier.be\/wp-content\/uploads\/2025\/01\/MG_0346-1536x1024.jpg 1536w, https:\/\/renier.be\/wp-content\/uploads\/2025\/01\/MG_0346-2048x1365.jpg 2048w, https:\/\/renier.be\/wp-content\/uploads\/2025\/01\/MG_0346-600x400.jpg 600w\" sizes=\"(max-width: 800px) 100vw, 800px\" \/>\t\t\t\t\t\t\t\t\t\t\t\t\t\t\t<\/div>\n\t\t\t\t<\/div>\n\t\t\t\t\t<\/div>\n\t\t\t\t<\/div>\n\t\t\t\t<\/div>","protected":false},"excerpt":{"rendered":"<p>Productie en levertermijn Renier Natuursteen verwerkt in Aarschot natuursteen afkomstig uit onze eigen groeves. Dit stelt ons in staat om een uitzonderlijke kwaliteit en een vlotte levering te garanderen Voor courante bestellingen hanteren wij een gemiddelde productietijd van twee weken. Voor complexere bestellingen of grotere volumes kunnen wij deze termijn echter niet garanderen. Dit geldt [&hellip;]<\/p>\n","protected":false},"author":2,"featured_media":0,"parent":0,"menu_order":0,"comment_status":"closed","ping_status":"closed","template":"","meta":{"_acf_changed":false,"footnotes":""},"class_list":["post-3165","page","type-page","status-publish","hentry"],"acf":[],"yoast_head":"<!-- This site is optimized with the Yoast SEO plugin v27.3 - https:\/\/yoast.com\/product\/yoast-seo-wordpress\/ -->\n<title>Levertermijn - Renier Natuursteen<\/title>\n<meta name=\"robots\" content=\"index, follow, max-snippet:-1, max-image-preview:large, max-video-preview:-1\" \/>\n<link rel=\"canonical\" href=\"https:\/\/renier.be\/de\/lieferfrist\/\" \/>\n<meta property=\"og:locale\" content=\"de_DE\" \/>\n<meta property=\"og:type\" content=\"article\" \/>\n<meta property=\"og:title\" content=\"Levertermijn - Renier Natuursteen\" \/>\n<meta property=\"og:description\" content=\"Productie en levertermijn Renier Natuursteen verwerkt in Aarschot natuursteen afkomstig uit onze eigen groeves. Dit stelt ons in staat om een uitzonderlijke kwaliteit en een vlotte levering te garanderen Voor courante bestellingen hanteren wij een gemiddelde productietijd van twee weken. Voor complexere bestellingen of grotere volumes kunnen wij deze termijn echter niet garanderen. Dit geldt [&hellip;]\" \/>\n<meta property=\"og:url\" content=\"https:\/\/renier.be\/de\/lieferfrist\/\" \/>\n<meta property=\"og:site_name\" content=\"Renier Natuursteen\" \/>\n<meta property=\"article:publisher\" content=\"https:\/\/www.facebook.com\/reniernatuursteen\" \/>\n<meta property=\"article:modified_time\" content=\"2025-08-29T08:48:18+00:00\" \/>\n<meta property=\"og:image\" content=\"https:\/\/renier.be\/wp-content\/uploads\/2025\/01\/MG_0355-scaled.jpg\" \/>\n\t<meta property=\"og:image:width\" content=\"2560\" \/>\n\t<meta property=\"og:image:height\" content=\"1707\" \/>\n\t<meta property=\"og:image:type\" content=\"image\/jpeg\" \/>\n<meta name=\"twitter:card\" content=\"summary_large_image\" \/>\n<meta name=\"twitter:label1\" content=\"Gesch\u00e4tzte Lesezeit\" \/>\n\t<meta name=\"twitter:data1\" content=\"1\u00a0Minute\" \/>\n<script type=\"application\/ld+json\" class=\"yoast-schema-graph\">{\"@context\":\"https:\\\/\\\/schema.org\",\"@graph\":[{\"@type\":\"WebPage\",\"@id\":\"https:\\\/\\\/renier.be\\\/levertermijn\\\/\",\"url\":\"https:\\\/\\\/renier.be\\\/levertermijn\\\/\",\"name\":\"Levertermijn - Renier Natuursteen\",\"isPartOf\":{\"@id\":\"https:\\\/\\\/renier.be\\\/#website\"},\"primaryImageOfPage\":{\"@id\":\"https:\\\/\\\/renier.be\\\/levertermijn\\\/#primaryimage\"},\"image\":{\"@id\":\"https:\\\/\\\/renier.be\\\/levertermijn\\\/#primaryimage\"},\"thumbnailUrl\":\"https:\\\/\\\/renier.be\\\/wp-content\\\/uploads\\\/2025\\\/01\\\/MG_0355-1024x683.jpg\",\"datePublished\":\"2025-01-08T13:49:13+00:00\",\"dateModified\":\"2025-08-29T08:48:18+00:00\",\"breadcrumb\":{\"@id\":\"https:\\\/\\\/renier.be\\\/levertermijn\\\/#breadcrumb\"},\"inLanguage\":\"de\",\"potentialAction\":[{\"@type\":\"ReadAction\",\"target\":[\"https:\\\/\\\/renier.be\\\/levertermijn\\\/\"]}]},{\"@type\":\"ImageObject\",\"inLanguage\":\"de\",\"@id\":\"https:\\\/\\\/renier.be\\\/levertermijn\\\/#primaryimage\",\"url\":\"https:\\\/\\\/renier.be\\\/wp-content\\\/uploads\\\/2025\\\/01\\\/MG_0355-1024x683.jpg\",\"contentUrl\":\"https:\\\/\\\/renier.be\\\/wp-content\\\/uploads\\\/2025\\\/01\\\/MG_0355-1024x683.jpg\"},{\"@type\":\"BreadcrumbList\",\"@id\":\"https:\\\/\\\/renier.be\\\/levertermijn\\\/#breadcrumb\",\"itemListElement\":[{\"@type\":\"ListItem\",\"position\":1,\"name\":\"Home\",\"item\":\"https:\\\/\\\/renier.be\\\/\"},{\"@type\":\"ListItem\",\"position\":2,\"name\":\"Levertermijn\"}]},{\"@type\":\"WebSite\",\"@id\":\"https:\\\/\\\/renier.be\\\/#website\",\"url\":\"https:\\\/\\\/renier.be\\\/\",\"name\":\"Renier Natuursteen\",\"description\":\"Specialist in Belgisch Blauwe Hardsteen\",\"publisher\":{\"@id\":\"https:\\\/\\\/renier.be\\\/#organization\"},\"potentialAction\":[{\"@type\":\"SearchAction\",\"target\":{\"@type\":\"EntryPoint\",\"urlTemplate\":\"https:\\\/\\\/renier.be\\\/?s={search_term_string}\"},\"query-input\":{\"@type\":\"PropertyValueSpecification\",\"valueRequired\":true,\"valueName\":\"search_term_string\"}}],\"inLanguage\":\"de\"},{\"@type\":\"Organization\",\"@id\":\"https:\\\/\\\/renier.be\\\/#organization\",\"name\":\"Renier Natuursteen\",\"url\":\"https:\\\/\\\/renier.be\\\/\",\"logo\":{\"@type\":\"ImageObject\",\"inLanguage\":\"de\",\"@id\":\"https:\\\/\\\/renier.be\\\/#\\\/schema\\\/logo\\\/image\\\/\",\"url\":\"\",\"contentUrl\":\"\",\"caption\":\"Renier Natuursteen\"},\"image\":{\"@id\":\"https:\\\/\\\/renier.be\\\/#\\\/schema\\\/logo\\\/image\\\/\"},\"sameAs\":[\"https:\\\/\\\/www.facebook.com\\\/reniernatuursteen\"]}]}<\/script>\n<!-- \/ Yoast SEO plugin. -->","yoast_head_json":{"title":"Lieferzeit - Renier Natuursteen","robots":{"index":"index","follow":"follow","max-snippet":"max-snippet:-1","max-image-preview":"max-image-preview:large","max-video-preview":"max-video-preview:-1"},"canonical":"https:\/\/renier.be\/de\/lieferfrist\/","og_locale":"de_DE","og_type":"article","og_title":"Levertermijn - Renier Natuursteen","og_description":"Productie en levertermijn Renier Natuursteen verwerkt in Aarschot natuursteen afkomstig uit onze eigen groeves. Dit stelt ons in staat om een uitzonderlijke kwaliteit en een vlotte levering te garanderen Voor courante bestellingen hanteren wij een gemiddelde productietijd van twee weken. Voor complexere bestellingen of grotere volumes kunnen wij deze termijn echter niet garanderen. Dit geldt [&hellip;]","og_url":"https:\/\/renier.be\/de\/lieferfrist\/","og_site_name":"Renier Natuursteen","article_publisher":"https:\/\/www.facebook.com\/reniernatuursteen","article_modified_time":"2025-08-29T08:48:18+00:00","og_image":[{"width":2560,"height":1707,"url":"https:\/\/renier.be\/wp-content\/uploads\/2025\/01\/MG_0355-scaled.jpg","type":"image\/jpeg"}],"twitter_card":"summary_large_image","twitter_misc":{"Gesch\u00e4tzte Lesezeit":"1\u00a0Minute"},"schema":{"@context":"https:\/\/schema.org","@graph":[{"@type":"WebPage","@id":"https:\/\/renier.be\/levertermijn\/","url":"https:\/\/renier.be\/levertermijn\/","name":"Lieferzeit - Renier Natuursteen","isPartOf":{"@id":"https:\/\/renier.be\/#website"},"primaryImageOfPage":{"@id":"https:\/\/renier.be\/levertermijn\/#primaryimage"},"image":{"@id":"https:\/\/renier.be\/levertermijn\/#primaryimage"},"thumbnailUrl":"https:\/\/renier.be\/wp-content\/uploads\/2025\/01\/MG_0355-1024x683.jpg","datePublished":"2025-01-08T13:49:13+00:00","dateModified":"2025-08-29T08:48:18+00:00","breadcrumb":{"@id":"https:\/\/renier.be\/levertermijn\/#breadcrumb"},"inLanguage":"de","potentialAction":[{"@type":"ReadAction","target":["https:\/\/renier.be\/levertermijn\/"]}]},{"@type":"ImageObject","inLanguage":"de","@id":"https:\/\/renier.be\/levertermijn\/#primaryimage","url":"https:\/\/renier.be\/wp-content\/uploads\/2025\/01\/MG_0355-1024x683.jpg","contentUrl":"https:\/\/renier.be\/wp-content\/uploads\/2025\/01\/MG_0355-1024x683.jpg"},{"@type":"BreadcrumbList","@id":"https:\/\/renier.be\/levertermijn\/#breadcrumb","itemListElement":[{"@type":"ListItem","position":1,"name":"Home","item":"https:\/\/renier.be\/"},{"@type":"ListItem","position":2,"name":"Levertermijn"}]},{"@type":"WebSite","@id":"https:\/\/renier.be\/#website","url":"https:\/\/renier.be\/","name":"Renier Naturstein","description":"Spezialist f\u00fcr belgischen Blaustein","publisher":{"@id":"https:\/\/renier.be\/#organization"},"potentialAction":[{"@type":"SearchAction","target":{"@type":"EntryPoint","urlTemplate":"https:\/\/renier.be\/?s={search_term_string}"},"query-input":{"@type":"PropertyValueSpecification","valueRequired":true,"valueName":"search_term_string"}}],"inLanguage":"de"},{"@type":"Organization","@id":"https:\/\/renier.be\/#organization","name":"Renier Naturstein","url":"https:\/\/renier.be\/","logo":{"@type":"ImageObject","inLanguage":"de","@id":"https:\/\/renier.be\/#\/schema\/logo\/image\/","url":"","contentUrl":"","caption":"Renier Natuursteen"},"image":{"@id":"https:\/\/renier.be\/#\/schema\/logo\/image\/"},"sameAs":["https:\/\/www.facebook.com\/reniernatuursteen"]}]}},"_links":{"self":[{"href":"https:\/\/renier.be\/de\/wp-json\/wp\/v2\/pages\/3165","targetHints":{"allow":["GET"]}}],"collection":[{"href":"https:\/\/renier.be\/de\/wp-json\/wp\/v2\/pages"}],"about":[{"href":"https:\/\/renier.be\/de\/wp-json\/wp\/v2\/types\/page"}],"author":[{"embeddable":true,"href":"https:\/\/renier.be\/de\/wp-json\/wp\/v2\/users\/2"}],"replies":[{"embeddable":true,"href":"https:\/\/renier.be\/de\/wp-json\/wp\/v2\/comments?post=3165"}],"version-history":[{"count":0,"href":"https:\/\/renier.be\/de\/wp-json\/wp\/v2\/pages\/3165\/revisions"}],"wp:attachment":[{"href":"https:\/\/renier.be\/de\/wp-json\/wp\/v2\/media?parent=3165"}],"curies":[{"name":"wp","href":"https:\/\/api.w.org\/{rel}","templated":true}]}}