{"id":3280,"date":"2025-01-21T13:26:34","date_gmt":"2025-01-21T12:26:34","guid":{"rendered":"https:\/\/renier.be\/?page_id=3280"},"modified":"2026-03-02T11:31:07","modified_gmt":"2026-03-02T10:31:07","slug":"offene-stellen-2","status":"publish","type":"page","link":"https:\/\/renier.be\/de\/vacatures-2\/","title":{"rendered":"Freie Stellen"},"content":{"rendered":"<div data-elementor-type=\"wp-page\" data-elementor-id=\"3280\" class=\"elementor elementor-3280\" data-elementor-post-type=\"page\">\n\t\t\t\t<div class=\"elementor-element elementor-element-8e1b6d8 e-flex e-con-boxed e-con e-parent\" data-id=\"8e1b6d8\" data-element_type=\"container\" data-e-type=\"container\">\n\t\t\t\t\t<div class=\"e-con-inner\">\n\t\t\t\t<div class=\"elementor-element elementor-element-ee678cb elementor-widget elementor-widget-heading\" data-id=\"ee678cb\" data-element_type=\"widget\" data-e-type=\"widget\" data-widget_type=\"heading.default\">\n\t\t\t\t\t<h1 class=\"elementor-heading-title elementor-size-default\">Unsere offenen Stellen ?<\/h1>\t\t\t\t<\/div>\n\t\t\t\t\t<\/div>\n\t\t\t\t<\/div>\n\t\t<div class=\"elementor-element elementor-element-ecfca7f e-flex e-con-boxed e-con e-parent\" data-id=\"ecfca7f\" data-element_type=\"container\" data-e-type=\"container\">\n\t\t\t\t\t<div class=\"e-con-inner\">\n\t\t<div class=\"elementor-element elementor-element-c5b76e6 e-con-full e-flex e-con e-child\" data-id=\"c5b76e6\" data-element_type=\"container\" data-e-type=\"container\">\n\t\t\t\t<div class=\"elementor-element elementor-element-937f997 elementor-widget__width-initial elementor-widget elementor-widget-text-editor\" data-id=\"937f997\" data-element_type=\"widget\" data-e-type=\"widget\" data-widget_type=\"text-editor.default\">\n\t\t\t\t\t\t\t\t\t<p>Wir haben derzeit 1 freie Stelle zu besetzen:<\/p>\t\t\t\t\t\t\t\t<\/div>\n\t\t\t\t<\/div>\n\t\t\t\t\t<\/div>\n\t\t\t\t<\/div>\n\t\t<div class=\"elementor-element elementor-element-09e927a e-flex e-con-boxed e-con e-parent\" data-id=\"09e927a\" data-element_type=\"container\" data-e-type=\"container\">\n\t\t\t\t\t<div class=\"e-con-inner\">\n\t\t<div class=\"elementor-element elementor-element-93ba666 e-con-full e-flex e-con e-child\" data-id=\"93ba666\" data-element_type=\"container\" data-e-type=\"container\">\n\t\t\t\t<div class=\"elementor-element elementor-element-024b2ce elementor-widget__width-initial elementor-widget elementor-widget-text-editor\" data-id=\"024b2ce\" data-element_type=\"widget\" data-e-type=\"widget\" data-widget_type=\"text-editor.default\">\n\t\t\t\t\t\t\t\t\t<p><strong>Manager f\u00fcr Gesch\u00e4ftsentwicklung<\/strong><\/p><p>\ud83d\udccd Region Ost- und Westflandern<br \/>\ud83c\udfe1 Vorzugsweise wohnhaft in der Region Br\u00fcgge<\/p><p><strong>Helfen Sie mit, das weitere Wachstum von Renier in Ihrer Region voranzutreiben<\/strong><\/p><p>Renier Natuursteen ist seit 1913 ein belgisches Familienunternehmen, das heute in der vierten Generation gef\u00fchrt wird. Mit unseren eigenen Steinbr\u00fcchen in belgischem Blaustein und Vinalmont Maas Kalkstein sind wir vertikal integriert und kontrollieren den gesamten Prozess - vom Abbau bis zum fertigen Projekt.<\/p><p>Unser Ruf gr\u00fcndet sich auf Qualit\u00e4t, Zuverl\u00e4ssigkeit und langfristige Partnerschaften.<\/p><p>Um unsere Pr\u00e4senz in Ost- und Westflandern weiter zu st\u00e4rken, suchen wir einen <strong>Manager f\u00fcr Gesch\u00e4ftsentwicklung<\/strong> Mit einer ausgepr\u00e4gten kaufm\u00e4nnischen Neigung und einer Affinit\u00e4t zum Baugewerbe.<\/p><p><strong>Ihre Rolle<\/strong><\/p><p>Sie sind verantwortlich f\u00fcr die <strong>strukturelle Marktentwicklung<\/strong> in Ost- und Westflandern.<\/p><p>Sie bauen aktiv neue Beziehungen auf, erkennen Chancen in einem fr\u00fchen Stadium und positionieren Renier als nachhaltigen Partner f\u00fcr Bauunternehmer, Bautr\u00e4ger und Architekten.<\/p><p>Sie werden den Raum haben, Ihre Region kommerziell zu entwickeln und mit dem Unternehmen zu wachsen.<\/p><p><strong>\u00a0Was werden Sie konkret tun?<\/strong><\/p><ul><li>Aktive Entwicklung neuer Kundenbeziehungen in Ihrer Region<\/li><li>Aufbau von Netzwerken mit Bauunternehmern, Bautr\u00e4gern und Architekten<\/li><li>Projekterfassung und kommerzielle Unterst\u00fctzung vom ersten Kontakt bis zum Angebot<\/li><li>Aufbau und Pflege langfristiger Beziehungen<\/li><li>R\u00fcckmeldung von Marktinformationen und -chancen an das Management<\/li><li>Intensive Zusammenarbeit mit Kalkulations-, Produktions- und internen Teams<\/li><\/ul><p>Sie sind ein proaktiver Marktentwickler, der Vertrauen aufbaut und dauerhafte Partnerschaften etabliert.<\/p><p><strong>Wen suchen wir?<\/strong><\/p><ul><li>Mindestens eine erste einschl\u00e4gige Berufserfahrung (B2B)<\/li><li>Affinit\u00e4t zur oder Erfahrung in der Bauindustrie ist ein gro\u00dfes Plus<\/li><li>Ergebnisorientiert und unternehmerisch handelnd<\/li><li>Stark im Aufbau von Beziehungen und im Networking<\/li><li>Unabh\u00e4ngig und gut organisiert<\/li><li>Wohnen in der Region Br\u00fcgge oder in der n\u00e4heren Umgebung<\/li><li>Flie\u00dfende Beherrschung der niederl\u00e4ndischen Sprache, Franz\u00f6sischkenntnisse sind von Vorteil<\/li><\/ul><p>Sie verbinden kommerzielle Energie mit Reife und Verantwortungsbewusstsein.<\/p><p><strong>Was bieten wir an?<\/strong><\/p><ul><li>Ein solides, finanziell gesundes Familienunternehmen mit \u00fcber 100 Jahren Erfahrung<\/li><li>Eigene Produktion und starke Marktposition<\/li><li>Reale Auswirkungen auf das Wachstum in Ihrer Region<\/li><li>Markt\u00fcbliches Festgehalt zwischen 3.000 \u20ac und 3.500 \u20ac\/Monat je nach Erfahrung<\/li><li>Attraktives variables Verg\u00fctungssystem<\/li><li>Nutzfahrzeugtyp Volkswagen ID4<\/li><li>Professionelle Unterst\u00fctzung durch Aarschot<\/li><\/ul><p><strong>Warum Renier w\u00e4hlen?<\/strong><\/p><p>\u2714 Vertikale Integration mit eigenen Rillen<br \/>\u2714 Belgische Qualit\u00e4tsproduktion<br \/>\u2714 Referenzen in Gro\u00dfprojekten<br \/>\u2714 Langfristige Vision<br \/>\u2714 guter Ruf in der Baubranche<\/p><p><strong>Interessiert?<\/strong><\/p><p>Senden Sie Ihren Lebenslauf und Ihre Bewerbung an info@renier.be<\/p>\t\t\t\t\t\t\t\t<\/div>\n\t\t\t\t<\/div>\n\t\t\t\t\t<\/div>\n\t\t\t\t<\/div>\n\t\t\t\t<\/div>","protected":false},"excerpt":{"rendered":"<p>Onze vacatures ? Momenteel hebben wij 1 openstaande vacature : Business Development Manager \ud83d\udccd Regio Oost- &amp; West-Vlaanderen\ud83c\udfe1 Bij voorkeur woonachtig regio Brugge Bouw mee aan de verdere groei van Renier in jouw regio Renier Natuursteen is een Belgisch familiebedrijf sinds 1913, vandaag geleid door de vierde generatie. Met eigen groeven in Belgische blauwe hardsteen [&hellip;]<\/p>\n","protected":false},"author":2,"featured_media":0,"parent":0,"menu_order":0,"comment_status":"closed","ping_status":"closed","template":"","meta":{"_acf_changed":false,"footnotes":""},"class_list":["post-3280","page","type-page","status-publish","hentry"],"acf":[],"yoast_head":"<!-- This site is optimized with the Yoast SEO plugin v27.4 - https:\/\/yoast.com\/product\/yoast-seo-wordpress\/ -->\n<title>Vacatures - Renier Natuursteen<\/title>\n<meta name=\"robots\" content=\"index, follow, max-snippet:-1, max-image-preview:large, max-video-preview:-1\" \/>\n<link rel=\"canonical\" href=\"https:\/\/renier.be\/de\/offene-stellen-2\/\" \/>\n<meta property=\"og:locale\" content=\"de_DE\" \/>\n<meta property=\"og:type\" content=\"article\" \/>\n<meta property=\"og:title\" content=\"Vacatures - Renier Natuursteen\" \/>\n<meta property=\"og:description\" content=\"Onze vacatures ? Momenteel hebben wij 1 openstaande vacature : Business Development Manager \ud83d\udccd Regio Oost- &amp; West-Vlaanderen\ud83c\udfe1 Bij voorkeur woonachtig regio Brugge Bouw mee aan de verdere groei van Renier in jouw regio Renier Natuursteen is een Belgisch familiebedrijf sinds 1913, vandaag geleid door de vierde generatie. Met eigen groeven in Belgische blauwe hardsteen [&hellip;]\" \/>\n<meta property=\"og:url\" content=\"https:\/\/renier.be\/de\/offene-stellen-2\/\" \/>\n<meta property=\"og:site_name\" content=\"Renier Natuursteen\" \/>\n<meta property=\"article:publisher\" content=\"https:\/\/www.facebook.com\/reniernatuursteen\" \/>\n<meta property=\"article:modified_time\" content=\"2026-03-02T10:31:07+00:00\" \/>\n<meta name=\"twitter:card\" content=\"summary_large_image\" \/>\n<meta name=\"twitter:label1\" content=\"Gesch\u00e4tzte Lesezeit\" \/>\n\t<meta name=\"twitter:data1\" content=\"4\u00a0Minuten\" \/>\n<script type=\"application\/ld+json\" class=\"yoast-schema-graph\">{\"@context\":\"https:\\\/\\\/schema.org\",\"@graph\":[{\"@type\":\"WebPage\",\"@id\":\"https:\\\/\\\/renier.be\\\/vacatures-2\\\/\",\"url\":\"https:\\\/\\\/renier.be\\\/vacatures-2\\\/\",\"name\":\"Vacatures - Renier Natuursteen\",\"isPartOf\":{\"@id\":\"https:\\\/\\\/renier.be\\\/#website\"},\"datePublished\":\"2025-01-21T12:26:34+00:00\",\"dateModified\":\"2026-03-02T10:31:07+00:00\",\"breadcrumb\":{\"@id\":\"https:\\\/\\\/renier.be\\\/vacatures-2\\\/#breadcrumb\"},\"inLanguage\":\"de\",\"potentialAction\":[{\"@type\":\"ReadAction\",\"target\":[\"https:\\\/\\\/renier.be\\\/vacatures-2\\\/\"]}]},{\"@type\":\"BreadcrumbList\",\"@id\":\"https:\\\/\\\/renier.be\\\/vacatures-2\\\/#breadcrumb\",\"itemListElement\":[{\"@type\":\"ListItem\",\"position\":1,\"name\":\"Home\",\"item\":\"https:\\\/\\\/renier.be\\\/\"},{\"@type\":\"ListItem\",\"position\":2,\"name\":\"Vacatures\"}]},{\"@type\":\"WebSite\",\"@id\":\"https:\\\/\\\/renier.be\\\/#website\",\"url\":\"https:\\\/\\\/renier.be\\\/\",\"name\":\"Renier Natuursteen\",\"description\":\"Specialist in Belgisch Blauwe Hardsteen\",\"publisher\":{\"@id\":\"https:\\\/\\\/renier.be\\\/#organization\"},\"potentialAction\":[{\"@type\":\"SearchAction\",\"target\":{\"@type\":\"EntryPoint\",\"urlTemplate\":\"https:\\\/\\\/renier.be\\\/?s={search_term_string}\"},\"query-input\":{\"@type\":\"PropertyValueSpecification\",\"valueRequired\":true,\"valueName\":\"search_term_string\"}}],\"inLanguage\":\"de\"},{\"@type\":\"Organization\",\"@id\":\"https:\\\/\\\/renier.be\\\/#organization\",\"name\":\"Renier Natuursteen\",\"url\":\"https:\\\/\\\/renier.be\\\/\",\"logo\":{\"@type\":\"ImageObject\",\"inLanguage\":\"de\",\"@id\":\"https:\\\/\\\/renier.be\\\/#\\\/schema\\\/logo\\\/image\\\/\",\"url\":\"\",\"contentUrl\":\"\",\"caption\":\"Renier Natuursteen\"},\"image\":{\"@id\":\"https:\\\/\\\/renier.be\\\/#\\\/schema\\\/logo\\\/image\\\/\"},\"sameAs\":[\"https:\\\/\\\/www.facebook.com\\\/reniernatuursteen\"]}]}<\/script>\n<!-- \/ Yoast SEO plugin. -->","yoast_head_json":{"title":"Freie Stellen - Renier Naturstein","robots":{"index":"index","follow":"follow","max-snippet":"max-snippet:-1","max-image-preview":"max-image-preview:large","max-video-preview":"max-video-preview:-1"},"canonical":"https:\/\/renier.be\/de\/offene-stellen-2\/","og_locale":"de_DE","og_type":"article","og_title":"Vacatures - Renier Natuursteen","og_description":"Onze vacatures ? Momenteel hebben wij 1 openstaande vacature : Business Development Manager \ud83d\udccd Regio Oost- &amp; West-Vlaanderen\ud83c\udfe1 Bij voorkeur woonachtig regio Brugge Bouw mee aan de verdere groei van Renier in jouw regio Renier Natuursteen is een Belgisch familiebedrijf sinds 1913, vandaag geleid door de vierde generatie. Met eigen groeven in Belgische blauwe hardsteen [&hellip;]","og_url":"https:\/\/renier.be\/de\/offene-stellen-2\/","og_site_name":"Renier Natuursteen","article_publisher":"https:\/\/www.facebook.com\/reniernatuursteen","article_modified_time":"2026-03-02T10:31:07+00:00","twitter_card":"summary_large_image","twitter_misc":{"Gesch\u00e4tzte Lesezeit":"4\u00a0Minuten"},"schema":{"@context":"https:\/\/schema.org","@graph":[{"@type":"WebPage","@id":"https:\/\/renier.be\/vacatures-2\/","url":"https:\/\/renier.be\/vacatures-2\/","name":"Freie Stellen - Renier Naturstein","isPartOf":{"@id":"https:\/\/renier.be\/#website"},"datePublished":"2025-01-21T12:26:34+00:00","dateModified":"2026-03-02T10:31:07+00:00","breadcrumb":{"@id":"https:\/\/renier.be\/vacatures-2\/#breadcrumb"},"inLanguage":"de","potentialAction":[{"@type":"ReadAction","target":["https:\/\/renier.be\/vacatures-2\/"]}]},{"@type":"BreadcrumbList","@id":"https:\/\/renier.be\/vacatures-2\/#breadcrumb","itemListElement":[{"@type":"ListItem","position":1,"name":"Home","item":"https:\/\/renier.be\/"},{"@type":"ListItem","position":2,"name":"Vacatures"}]},{"@type":"WebSite","@id":"https:\/\/renier.be\/#website","url":"https:\/\/renier.be\/","name":"Renier Naturstein","description":"Spezialist f\u00fcr belgischen Blaustein","publisher":{"@id":"https:\/\/renier.be\/#organization"},"potentialAction":[{"@type":"SearchAction","target":{"@type":"EntryPoint","urlTemplate":"https:\/\/renier.be\/?s={search_term_string}"},"query-input":{"@type":"PropertyValueSpecification","valueRequired":true,"valueName":"search_term_string"}}],"inLanguage":"de"},{"@type":"Organization","@id":"https:\/\/renier.be\/#organization","name":"Renier Naturstein","url":"https:\/\/renier.be\/","logo":{"@type":"ImageObject","inLanguage":"de","@id":"https:\/\/renier.be\/#\/schema\/logo\/image\/","url":"","contentUrl":"","caption":"Renier Natuursteen"},"image":{"@id":"https:\/\/renier.be\/#\/schema\/logo\/image\/"},"sameAs":["https:\/\/www.facebook.com\/reniernatuursteen"]}]}},"_links":{"self":[{"href":"https:\/\/renier.be\/de\/wp-json\/wp\/v2\/pages\/3280","targetHints":{"allow":["GET"]}}],"collection":[{"href":"https:\/\/renier.be\/de\/wp-json\/wp\/v2\/pages"}],"about":[{"href":"https:\/\/renier.be\/de\/wp-json\/wp\/v2\/types\/page"}],"author":[{"embeddable":true,"href":"https:\/\/renier.be\/de\/wp-json\/wp\/v2\/users\/2"}],"replies":[{"embeddable":true,"href":"https:\/\/renier.be\/de\/wp-json\/wp\/v2\/comments?post=3280"}],"version-history":[{"count":0,"href":"https:\/\/renier.be\/de\/wp-json\/wp\/v2\/pages\/3280\/revisions"}],"wp:attachment":[{"href":"https:\/\/renier.be\/de\/wp-json\/wp\/v2\/media?parent=3280"}],"curies":[{"name":"wp","href":"https:\/\/api.w.org\/{rel}","templated":true}]}}