{"id":4229,"date":"2025-08-20T15:56:21","date_gmt":"2025-08-20T13:56:21","guid":{"rendered":"https:\/\/renier.be\/?page_id=4229"},"modified":"2025-08-29T10:53:39","modified_gmt":"2025-08-29T08:53:39","slug":"vermittlungsberatung","status":"publish","type":"page","link":"https:\/\/renier.be\/de\/plaatsingsadvies\/","title":{"rendered":"Beratung zur Platzierung"},"content":{"rendered":"<div data-elementor-type=\"wp-page\" data-elementor-id=\"4229\" class=\"elementor elementor-4229\" data-elementor-post-type=\"page\">\n\t\t\t\t<div class=\"elementor-element elementor-element-b305f3f e-flex e-con-boxed e-con e-parent\" data-id=\"b305f3f\" data-element_type=\"container\" data-e-type=\"container\">\n\t\t\t\t\t<div class=\"e-con-inner\">\n\t\t\t\t<div class=\"elementor-element elementor-element-971ef3e elementor-widget__width-inherit elementor-widget elementor-widget-heading\" data-id=\"971ef3e\" data-element_type=\"widget\" data-e-type=\"widget\" data-widget_type=\"heading.default\">\n\t\t\t\t\t<h1 class=\"elementor-heading-title elementor-size-default\">Verlegehinweise f\u00fcr Natursteinfliesen in Garten &amp; Terrasse\n<\/h1>\t\t\t\t<\/div>\n\t\t\t\t\t<\/div>\n\t\t\t\t<\/div>\n\t\t<div class=\"elementor-element elementor-element-af2d0fe e-flex e-con-boxed e-con e-parent\" data-id=\"af2d0fe\" data-element_type=\"container\" data-e-type=\"container\">\n\t\t\t\t\t<div class=\"e-con-inner\">\n\t\t<div class=\"elementor-element elementor-element-47720cd e-con-full e-flex e-con e-child\" data-id=\"47720cd\" data-element_type=\"container\" data-e-type=\"container\">\n\t\t<div class=\"elementor-element elementor-element-bda4250 e-con-full e-flex e-con e-child\" data-id=\"bda4250\" data-element_type=\"container\" data-e-type=\"container\">\n\t\t\t\t<div class=\"elementor-element elementor-element-890db0e elementor-widget elementor-widget-text-editor\" data-id=\"890db0e\" data-element_type=\"widget\" data-e-type=\"widget\" data-widget_type=\"text-editor.default\">\n\t\t\t\t\t\t\t\t\t<p>Naturstein ist ein langlebiges und zeitloses Material. Um jedoch ein sch\u00f6nes und dauerhaftes Ergebnis zu erzielen, ist eine korrekte Verlegung unerl\u00e4sslich. Im Folgenden finden Sie einige Leitlinien und Tipps.\u00a0<\/p>\n<h2 class=\"wp-block-heading\">1. Vorbereitung des Substrats<\/h2>\n<p><!-- \/wp:heading --><!-- wp:list --><\/p>\n<ul class=\"wp-block-list\"><!-- wp:list-item -->\n<li>Bereitstellung einer <strong>stabile Grundlage<\/strong>.<!-- wp:list -->\n<ul class=\"wp-block-list\"><!-- wp:list-item -->\n<li>Entfernen Sie lockeren Boden bis zu einer frostfreien Tiefe.<\/li>\n<!-- \/wp:list-item --><!-- wp:list-item -->\n<li>Aufbringen einer Schicht aus stabilisiertem Sandzement oder Bauschutt (je nach Belastung).<\/li>\n<!-- \/wp:list-item --><\/ul>\n<!-- \/wp:list --><\/li>\n<!-- \/wp:list-item --><!-- wp:list-item -->\n<li>F\u00fcr Terrassen und Gartenwege wird ein <strong>Stabilisierungsschicht von 10-15 cm<\/strong> empfohlen.<\/li>\n<!-- \/wp:list-item --><!-- wp:list-item -->\n<li>Pr\u00fcfen Sie immer, ob der Untergrund <strong>flach und gut verdichtet<\/strong> ist die Vermeidung von Setzungen.<\/li>\n<!-- \/wp:list-item --><\/ul>\n<p><!-- \/wp:list --><!-- wp:separator --><\/p>\n<hr class=\"wp-block-separator has-alpha-channel-opacity\" \/>\n<p><!-- \/wp:separator --><!-- wp:heading --><\/p>\n<h2 class=\"wp-block-heading\">2. Entw\u00e4sserung und Gef\u00e4lle<\/h2>\n<p><!-- \/wp:heading --><!-- wp:list --><\/p>\n<ul class=\"wp-block-list\"><!-- wp:list-item -->\n<li>Verlegen Sie die Fliesen mit einer <strong>Steigung von \u00b11,5 bis 2%<\/strong> weg vom Haus oder Pool, damit das Regenwasser reibungslos ablaufen kann.<\/li>\n<!-- \/wp:list-item --><!-- wp:list-item -->\n<li>Vermeiden Sie stehendes Wasser: Dies kann zu Fleckenbildung und Frostsch\u00e4den f\u00fchren.<\/li>\n<!-- \/wp:list-item --><\/ul>\n<p><!-- \/wp:list --><!-- wp:separator --><\/p>\n<hr class=\"wp-block-separator has-alpha-channel-opacity\" \/>\n<p><!-- \/wp:separator --><!-- wp:heading --><\/p>\n<h2 class=\"wp-block-heading\">3. Verlegung der Fliesen<\/h2>\n<p><!-- \/wp:heading --><!-- wp:list --><\/p>\n<ul class=\"wp-block-list\"><!-- wp:list-item -->\n<li>Verwenden Sie eine <strong>M\u00f6rtelbett (Sand-Zement)<\/strong> oder eine <strong>d\u00fcnne Klebstoffschicht auf einer Betonplatte<\/strong>je nach Situation.<\/li>\n<!-- \/wp:list-item --><!-- wp:list-item -->\n<li>Eine Fugenbreite von mindestens <strong>3-5 mm<\/strong>.<\/li>\n<!-- \/wp:list-item --><!-- wp:list-item -->\n<li>\u00dcberpr\u00fcfen Sie regelm\u00e4\u00dfig die <strong>Ebenheit und Niveau<\/strong> w\u00e4hrend der Installation.<\/li>\n<!-- \/wp:list-item --><\/ul>\n<p><!-- \/wp:list --><!-- wp:separator --><\/p>\n<hr class=\"wp-block-separator has-alpha-channel-opacity\" \/>\n<p><!-- \/wp:separator --><!-- wp:heading --><\/p>\n<h2 class=\"wp-block-heading\">4. Gelenke<\/h2>\n<p><!-- \/wp:heading --><!-- wp:list --><\/p>\n<ul class=\"wp-block-list\"><!-- wp:list-item -->\n<li>F\u00fcllen Sie die Fugen mit einer <strong>flexible, frost- und wasserbest\u00e4ndige Fugenmasse<\/strong>.<\/li>\n<!-- \/wp:list-item --><!-- wp:list-item -->\n<li>Vermeiden Sie harte Zementfugen, die bei Temperaturschwankungen rei\u00dfen k\u00f6nnen.<\/li>\n<!-- \/wp:list-item --><!-- wp:list-item -->\n<li>Achten Sie darauf, dass die Fugen dicht geschlossen sind, um Unkrautwuchs und das Versickern von Wasser zu verhindern.<\/li>\n<!-- \/wp:list-item --><\/ul>\n<p><!-- \/wp:list --><!-- wp:separator --><\/p>\n<hr class=\"wp-block-separator has-alpha-channel-opacity\" \/>\n<p><!-- \/wp:separator --><!-- wp:heading --><\/p>\n<h2 class=\"wp-block-heading\">5. Erste Reinigung und Schutz<\/h2>\n<p><!-- \/wp:heading --><!-- wp:list --><\/p>\n<ul class=\"wp-block-list\"><!-- wp:list-item -->\n<li>Reinigen Sie den Boden nach der Verlegung mit einem <strong>geeignetes Reinigungsmittel f\u00fcr Naturstein<\/strong> (keine S\u00e4uren oder aggressiven Produkte).<\/li>\n<!-- \/wp:list-item --><!-- wp:list-item -->\n<li>Falls gew\u00fcnscht, bringen Sie eine <strong>Impr\u00e4gniermittel<\/strong> das den Stein vor Flecken und Verschmutzung sch\u00fctzt, ohne dass er sein nat\u00fcrliches Aussehen verliert.<\/li>\n<!-- \/wp:list-item --><!-- wp:list-item -->\n<li>Eine regelm\u00e4\u00dfige Pflege mit Wasser und einer milden Seife ist ausreichend.<\/li>\n<!-- \/wp:list-item --><\/ul>\n<p><!-- \/wp:list --><!-- wp:separator --><\/p>\n<hr class=\"wp-block-separator has-alpha-channel-opacity\" \/>\n<p><!-- \/wp:separator --><!-- wp:heading --><\/p>\n<h2 class=\"wp-block-heading\">6. Praktische Tipps<\/h2>\n<p><!-- \/wp:heading --><!-- wp:list --><\/p>\n<ul class=\"wp-block-list\"><!-- wp:list-item -->\n<li>Arbeit mit <strong>kalibrierte Fliesen<\/strong> f\u00fcr eine reibungslose Platzierung.<\/li>\n<!-- \/wp:list-item --><!-- wp:list-item -->\n<li>Verwenden Sie immer <strong>frostbest\u00e4ndiger belgischer Naturstein<\/strong> f\u00fcr den Au\u00dfenbereich.<\/li>\n<!-- \/wp:list-item --><!-- wp:list-item -->\n<li>Vermeiden Sie die Verlegung bei Regen oder Frost, um die Haftung zu gew\u00e4hrleisten.<\/li>\n<!-- \/wp:list-item --><!-- wp:list-item -->\n<li>F\u00fcr schwere Lasten (z.B. Einfahrt) sind <strong>dickere Fliesen oder Kopfsteinpflaster<\/strong> bezeichnet.<\/li>\n<li>Arbeiten Sie mit dem Levelit XL-System, um sauber und sehr sch\u00f6n zu arbeiten, wobei die Fliesen immer b\u00fcndig liegen<\/li>\n<!-- \/wp:list-item --><\/ul>\n<p><!-- \/wp:list --><!-- wp:separator --><\/p>\n<hr class=\"wp-block-separator has-alpha-channel-opacity\" \/>\n<p><!-- \/wp:separator --><!-- wp:paragraph --><\/p>\n<p>\ud83d\udd28 <strong>Empfehlung:<\/strong> Um ein perfektes Ergebnis zu erzielen, empfehlen wir, die Installation von einem Fachmann durchf\u00fchren zu lassen. <strong>erfahrener Handwerker<\/strong>. Wenn Sie es trotzdem selbst machen wollen, befolgen Sie die oben genannten Schritte sorgf\u00e4ltig und verwenden Sie immer die richtigen Materialien.<\/p>\t\t\t\t\t\t\t\t<\/div>\n\t\t\t\t<\/div>\n\t\t<div class=\"elementor-element elementor-element-bafd211 e-con-full e-flex e-con e-child\" data-id=\"bafd211\" data-element_type=\"container\" data-e-type=\"container\">\n\t\t\t\t<div class=\"elementor-element elementor-element-f3d92d8 elementor-widget elementor-widget-image\" data-id=\"f3d92d8\" data-element_type=\"widget\" data-e-type=\"widget\" data-widget_type=\"image.default\">\n\t\t\t\t\t\t\t\t\t\t\t\t\t\t\t<img fetchpriority=\"high\" decoding=\"async\" width=\"463\" height=\"306\" src=\"https:\/\/renier.be\/wp-content\/uploads\/2025\/08\/Leggen-natuursteen.jpg\" class=\"attachment-large size-large wp-image-4237\" alt=\"\" srcset=\"https:\/\/renier.be\/wp-content\/uploads\/2025\/08\/Leggen-natuursteen.jpg 463w, https:\/\/renier.be\/wp-content\/uploads\/2025\/08\/Leggen-natuursteen-300x198.jpg 300w, https:\/\/renier.be\/wp-content\/uploads\/2025\/08\/Leggen-natuursteen-18x12.jpg 18w\" sizes=\"(max-width: 463px) 100vw, 463px\" \/>\t\t\t\t\t\t\t\t\t\t\t\t\t\t\t<\/div>\n\t\t\t\t<div class=\"elementor-element elementor-element-5cf0ca2 elementor-widget elementor-widget-image\" data-id=\"5cf0ca2\" data-element_type=\"widget\" data-e-type=\"widget\" data-widget_type=\"image.default\">\n\t\t\t\t\t\t\t\t\t\t\t\t\t\t\t<img decoding=\"async\" width=\"635\" height=\"950\" src=\"https:\/\/renier.be\/wp-content\/uploads\/2025\/08\/Romeins-verband-gevlamd-en-geborsteld-2de.jpg\" class=\"attachment-large size-large wp-image-4238\" alt=\"\" srcset=\"https:\/\/renier.be\/wp-content\/uploads\/2025\/08\/Romeins-verband-gevlamd-en-geborsteld-2de.jpg 635w, https:\/\/renier.be\/wp-content\/uploads\/2025\/08\/Romeins-verband-gevlamd-en-geborsteld-2de-201x300.jpg 201w, https:\/\/renier.be\/wp-content\/uploads\/2025\/08\/Romeins-verband-gevlamd-en-geborsteld-2de-8x12.jpg 8w, https:\/\/renier.be\/wp-content\/uploads\/2025\/08\/Romeins-verband-gevlamd-en-geborsteld-2de-600x898.jpg 600w\" sizes=\"(max-width: 635px) 100vw, 635px\" \/>\t\t\t\t\t\t\t\t\t\t\t\t\t\t\t<\/div>\n\t\t\t\t<div class=\"elementor-element elementor-element-4114251 elementor-widget elementor-widget-image\" data-id=\"4114251\" data-element_type=\"widget\" data-e-type=\"widget\" data-widget_type=\"image.default\">\n\t\t\t\t\t\t\t\t\t\t\t\t\t\t\t<img decoding=\"async\" width=\"637\" height=\"633\" src=\"https:\/\/renier.be\/wp-content\/uploads\/2025\/08\/Afbeelding-plaatsen-XL-klein.jpg\" class=\"attachment-large size-large wp-image-4243\" alt=\"\" srcset=\"https:\/\/renier.be\/wp-content\/uploads\/2025\/08\/Afbeelding-plaatsen-XL-klein.jpg 637w, https:\/\/renier.be\/wp-content\/uploads\/2025\/08\/Afbeelding-plaatsen-XL-klein-300x298.jpg 300w, https:\/\/renier.be\/wp-content\/uploads\/2025\/08\/Afbeelding-plaatsen-XL-klein-150x150.jpg 150w, https:\/\/renier.be\/wp-content\/uploads\/2025\/08\/Afbeelding-plaatsen-XL-klein-12x12.jpg 12w, https:\/\/renier.be\/wp-content\/uploads\/2025\/08\/Afbeelding-plaatsen-XL-klein-600x596.jpg 600w, https:\/\/renier.be\/wp-content\/uploads\/2025\/08\/Afbeelding-plaatsen-XL-klein-100x100.jpg 100w\" sizes=\"(max-width: 637px) 100vw, 637px\" \/>\t\t\t\t\t\t\t\t\t\t\t\t\t\t\t<\/div>\n\t\t\t\t<\/div>\n\t\t\t\t<\/div>\n\t\t\t\t\t<\/div>\n\t\t\t\t<\/div>\n\t\t\t\t<\/div>","protected":false},"excerpt":{"rendered":"<p>Plaatsingsadvies voor natuursteen tegels in tuin &amp; terras Natuursteen is een duurzaam en tijdloos materiaal. Voor een mooi en blijvend resultaat is een correcte plaatsing echter essentieel. Hieronder vind je enkele richtlijnen en tips.\u00a0 1. Voorbereiding van de ondergrond Zorg voor een stabiele fundering. Verwijder de losse grond tot op vorstvrije diepte. Breng een laag [&hellip;]<\/p>\n","protected":false},"author":2,"featured_media":0,"parent":0,"menu_order":0,"comment_status":"closed","ping_status":"closed","template":"","meta":{"_acf_changed":false,"footnotes":""},"class_list":["post-4229","page","type-page","status-publish","hentry"],"acf":[],"yoast_head":"<!-- This site is optimized with the Yoast SEO plugin v27.3 - https:\/\/yoast.com\/product\/yoast-seo-wordpress\/ -->\n<title>Plaatsingsadvies - Renier Natuursteen<\/title>\n<meta name=\"robots\" content=\"index, follow, max-snippet:-1, max-image-preview:large, max-video-preview:-1\" \/>\n<link rel=\"canonical\" href=\"https:\/\/renier.be\/de\/vermittlungsberatung\/\" \/>\n<meta property=\"og:locale\" content=\"de_DE\" \/>\n<meta property=\"og:type\" content=\"article\" \/>\n<meta property=\"og:title\" content=\"Plaatsingsadvies - Renier Natuursteen\" \/>\n<meta property=\"og:description\" content=\"Plaatsingsadvies voor natuursteen tegels in tuin &amp; terras Natuursteen is een duurzaam en tijdloos materiaal. Voor een mooi en blijvend resultaat is een correcte plaatsing echter essentieel. Hieronder vind je enkele richtlijnen en tips.\u00a0 1. Voorbereiding van de ondergrond Zorg voor een stabiele fundering. Verwijder de losse grond tot op vorstvrije diepte. Breng een laag [&hellip;]\" \/>\n<meta property=\"og:url\" content=\"https:\/\/renier.be\/de\/vermittlungsberatung\/\" \/>\n<meta property=\"og:site_name\" content=\"Renier Natuursteen\" \/>\n<meta property=\"article:publisher\" content=\"https:\/\/www.facebook.com\/reniernatuursteen\" \/>\n<meta property=\"article:modified_time\" content=\"2025-08-29T08:53:39+00:00\" \/>\n<meta property=\"og:image\" content=\"https:\/\/renier.be\/wp-content\/uploads\/2025\/08\/Leggen-natuursteen.jpg\" \/>\n\t<meta property=\"og:image:width\" content=\"463\" \/>\n\t<meta property=\"og:image:height\" content=\"306\" \/>\n\t<meta property=\"og:image:type\" content=\"image\/jpeg\" \/>\n<meta name=\"twitter:card\" content=\"summary_large_image\" \/>\n<meta name=\"twitter:label1\" content=\"Gesch\u00e4tzte Lesezeit\" \/>\n\t<meta name=\"twitter:data1\" content=\"2\u00a0Minuten\" \/>\n<script type=\"application\/ld+json\" class=\"yoast-schema-graph\">{\"@context\":\"https:\\\/\\\/schema.org\",\"@graph\":[{\"@type\":\"WebPage\",\"@id\":\"https:\\\/\\\/renier.be\\\/plaatsingsadvies\\\/\",\"url\":\"https:\\\/\\\/renier.be\\\/plaatsingsadvies\\\/\",\"name\":\"Plaatsingsadvies - Renier Natuursteen\",\"isPartOf\":{\"@id\":\"https:\\\/\\\/renier.be\\\/#website\"},\"primaryImageOfPage\":{\"@id\":\"https:\\\/\\\/renier.be\\\/plaatsingsadvies\\\/#primaryimage\"},\"image\":{\"@id\":\"https:\\\/\\\/renier.be\\\/plaatsingsadvies\\\/#primaryimage\"},\"thumbnailUrl\":\"https:\\\/\\\/renier.be\\\/wp-content\\\/uploads\\\/2025\\\/08\\\/Leggen-natuursteen.jpg\",\"datePublished\":\"2025-08-20T13:56:21+00:00\",\"dateModified\":\"2025-08-29T08:53:39+00:00\",\"breadcrumb\":{\"@id\":\"https:\\\/\\\/renier.be\\\/plaatsingsadvies\\\/#breadcrumb\"},\"inLanguage\":\"de\",\"potentialAction\":[{\"@type\":\"ReadAction\",\"target\":[\"https:\\\/\\\/renier.be\\\/plaatsingsadvies\\\/\"]}]},{\"@type\":\"ImageObject\",\"inLanguage\":\"de\",\"@id\":\"https:\\\/\\\/renier.be\\\/plaatsingsadvies\\\/#primaryimage\",\"url\":\"https:\\\/\\\/renier.be\\\/wp-content\\\/uploads\\\/2025\\\/08\\\/Leggen-natuursteen.jpg\",\"contentUrl\":\"https:\\\/\\\/renier.be\\\/wp-content\\\/uploads\\\/2025\\\/08\\\/Leggen-natuursteen.jpg\"},{\"@type\":\"BreadcrumbList\",\"@id\":\"https:\\\/\\\/renier.be\\\/plaatsingsadvies\\\/#breadcrumb\",\"itemListElement\":[{\"@type\":\"ListItem\",\"position\":1,\"name\":\"Home\",\"item\":\"https:\\\/\\\/renier.be\\\/\"},{\"@type\":\"ListItem\",\"position\":2,\"name\":\"Plaatsingsadvies\"}]},{\"@type\":\"WebSite\",\"@id\":\"https:\\\/\\\/renier.be\\\/#website\",\"url\":\"https:\\\/\\\/renier.be\\\/\",\"name\":\"Renier Natuursteen\",\"description\":\"Specialist in Belgisch Blauwe Hardsteen\",\"publisher\":{\"@id\":\"https:\\\/\\\/renier.be\\\/#organization\"},\"potentialAction\":[{\"@type\":\"SearchAction\",\"target\":{\"@type\":\"EntryPoint\",\"urlTemplate\":\"https:\\\/\\\/renier.be\\\/?s={search_term_string}\"},\"query-input\":{\"@type\":\"PropertyValueSpecification\",\"valueRequired\":true,\"valueName\":\"search_term_string\"}}],\"inLanguage\":\"de\"},{\"@type\":\"Organization\",\"@id\":\"https:\\\/\\\/renier.be\\\/#organization\",\"name\":\"Renier Natuursteen\",\"url\":\"https:\\\/\\\/renier.be\\\/\",\"logo\":{\"@type\":\"ImageObject\",\"inLanguage\":\"de\",\"@id\":\"https:\\\/\\\/renier.be\\\/#\\\/schema\\\/logo\\\/image\\\/\",\"url\":\"\",\"contentUrl\":\"\",\"caption\":\"Renier Natuursteen\"},\"image\":{\"@id\":\"https:\\\/\\\/renier.be\\\/#\\\/schema\\\/logo\\\/image\\\/\"},\"sameAs\":[\"https:\\\/\\\/www.facebook.com\\\/reniernatuursteen\"]}]}<\/script>\n<!-- \/ Yoast SEO plugin. -->","yoast_head_json":{"title":"Vermittlungsberatung - Renier Natuursteen","robots":{"index":"index","follow":"follow","max-snippet":"max-snippet:-1","max-image-preview":"max-image-preview:large","max-video-preview":"max-video-preview:-1"},"canonical":"https:\/\/renier.be\/de\/vermittlungsberatung\/","og_locale":"de_DE","og_type":"article","og_title":"Plaatsingsadvies - Renier Natuursteen","og_description":"Plaatsingsadvies voor natuursteen tegels in tuin &amp; terras Natuursteen is een duurzaam en tijdloos materiaal. Voor een mooi en blijvend resultaat is een correcte plaatsing echter essentieel. Hieronder vind je enkele richtlijnen en tips.\u00a0 1. Voorbereiding van de ondergrond Zorg voor een stabiele fundering. Verwijder de losse grond tot op vorstvrije diepte. Breng een laag [&hellip;]","og_url":"https:\/\/renier.be\/de\/vermittlungsberatung\/","og_site_name":"Renier Natuursteen","article_publisher":"https:\/\/www.facebook.com\/reniernatuursteen","article_modified_time":"2025-08-29T08:53:39+00:00","og_image":[{"width":463,"height":306,"url":"https:\/\/renier.be\/wp-content\/uploads\/2025\/08\/Leggen-natuursteen.jpg","type":"image\/jpeg"}],"twitter_card":"summary_large_image","twitter_misc":{"Gesch\u00e4tzte Lesezeit":"2\u00a0Minuten"},"schema":{"@context":"https:\/\/schema.org","@graph":[{"@type":"WebPage","@id":"https:\/\/renier.be\/plaatsingsadvies\/","url":"https:\/\/renier.be\/plaatsingsadvies\/","name":"Vermittlungsberatung - Renier Natuursteen","isPartOf":{"@id":"https:\/\/renier.be\/#website"},"primaryImageOfPage":{"@id":"https:\/\/renier.be\/plaatsingsadvies\/#primaryimage"},"image":{"@id":"https:\/\/renier.be\/plaatsingsadvies\/#primaryimage"},"thumbnailUrl":"https:\/\/renier.be\/wp-content\/uploads\/2025\/08\/Leggen-natuursteen.jpg","datePublished":"2025-08-20T13:56:21+00:00","dateModified":"2025-08-29T08:53:39+00:00","breadcrumb":{"@id":"https:\/\/renier.be\/plaatsingsadvies\/#breadcrumb"},"inLanguage":"de","potentialAction":[{"@type":"ReadAction","target":["https:\/\/renier.be\/plaatsingsadvies\/"]}]},{"@type":"ImageObject","inLanguage":"de","@id":"https:\/\/renier.be\/plaatsingsadvies\/#primaryimage","url":"https:\/\/renier.be\/wp-content\/uploads\/2025\/08\/Leggen-natuursteen.jpg","contentUrl":"https:\/\/renier.be\/wp-content\/uploads\/2025\/08\/Leggen-natuursteen.jpg"},{"@type":"BreadcrumbList","@id":"https:\/\/renier.be\/plaatsingsadvies\/#breadcrumb","itemListElement":[{"@type":"ListItem","position":1,"name":"Home","item":"https:\/\/renier.be\/"},{"@type":"ListItem","position":2,"name":"Plaatsingsadvies"}]},{"@type":"WebSite","@id":"https:\/\/renier.be\/#website","url":"https:\/\/renier.be\/","name":"Renier Naturstein","description":"Spezialist f\u00fcr belgischen Blaustein","publisher":{"@id":"https:\/\/renier.be\/#organization"},"potentialAction":[{"@type":"SearchAction","target":{"@type":"EntryPoint","urlTemplate":"https:\/\/renier.be\/?s={search_term_string}"},"query-input":{"@type":"PropertyValueSpecification","valueRequired":true,"valueName":"search_term_string"}}],"inLanguage":"de"},{"@type":"Organization","@id":"https:\/\/renier.be\/#organization","name":"Renier Naturstein","url":"https:\/\/renier.be\/","logo":{"@type":"ImageObject","inLanguage":"de","@id":"https:\/\/renier.be\/#\/schema\/logo\/image\/","url":"","contentUrl":"","caption":"Renier Natuursteen"},"image":{"@id":"https:\/\/renier.be\/#\/schema\/logo\/image\/"},"sameAs":["https:\/\/www.facebook.com\/reniernatuursteen"]}]}},"_links":{"self":[{"href":"https:\/\/renier.be\/de\/wp-json\/wp\/v2\/pages\/4229","targetHints":{"allow":["GET"]}}],"collection":[{"href":"https:\/\/renier.be\/de\/wp-json\/wp\/v2\/pages"}],"about":[{"href":"https:\/\/renier.be\/de\/wp-json\/wp\/v2\/types\/page"}],"author":[{"embeddable":true,"href":"https:\/\/renier.be\/de\/wp-json\/wp\/v2\/users\/2"}],"replies":[{"embeddable":true,"href":"https:\/\/renier.be\/de\/wp-json\/wp\/v2\/comments?post=4229"}],"version-history":[{"count":0,"href":"https:\/\/renier.be\/de\/wp-json\/wp\/v2\/pages\/4229\/revisions"}],"wp:attachment":[{"href":"https:\/\/renier.be\/de\/wp-json\/wp\/v2\/media?parent=4229"}],"curies":[{"name":"wp","href":"https:\/\/api.w.org\/{rel}","templated":true}]}}