{"id":1312,"date":"2024-08-14T11:28:01","date_gmt":"2024-08-14T09:28:01","guid":{"rendered":"https:\/\/renier.be\/?post_type=product&#038;p=1312"},"modified":"2025-07-03T13:41:46","modified_gmt":"2025-07-03T11:41:46","slug":"komponieren-sie-ihre-eigene-fliese-in-vinalmont","status":"publish","type":"product","link":"https:\/\/renier.be\/de\/product\/stel-zelf-uw-tegel-samen-in-vinalmont\/","title":{"rendered":"Komponieren Sie Ihre Fliese in Vinalmont"},"content":{"rendered":"<p>Unser belgisches Vinalmont ist eines der nachhaltigsten Materialien der Welt. Dieses uralte Gestein, das \u00fcber Millionen von Jahren entstanden ist, wird lokal und umweltfreundlich abgebaut.<\/p>\n<p>Diese eleganten Bodenfliesen k\u00f6nnen ganz einfach individuell gestaltet werden:<\/p>\n<ul>\n<li>Das Material hier ist der einzigartige Vinalmont aus unserem eigenen Steinbruch.  Es strahlt noch mehr Eleganz aus und wird mit der Zeit etwas blauer.<\/li>\n<li>Verschiedene Oberfl\u00e4chenbehandlungen. Die Seiten sind immer ges\u00e4gt.<\/li>\n<li>Dicken von 2cm oder 3cm (innen) und bis zu 8cm (au\u00dfen). Andere Dicken sind nat\u00fcrlich auf Anfrage m\u00f6glich. Bitte z\u00f6gern Sie nicht, uns diesbez\u00fcglich zu kontaktieren.<\/li>\n<li>Volle Flexibilit\u00e4t bei den Abmessungen. Ziehen Sie auf jeden Fall rechteckige Kombinationen wie 60\u00d740 in Betracht.<\/li>\n<\/ul>\n<p>&nbsp;<\/p>\n<p><img decoding=\"async\" class=\"alignnone wp-image-1317\" src=\"https:\/\/renier.be\/wp-content\/uploads\/2024\/08\/Vinalmont-NL-jpeg-300x62.jpg\" alt=\"\" width=\"334\" height=\"69\" srcset=\"https:\/\/renier.be\/wp-content\/uploads\/2024\/08\/Vinalmont-NL-jpeg-300x62.jpg 300w, https:\/\/renier.be\/wp-content\/uploads\/2024\/08\/Vinalmont-NL-jpeg-768x159.jpg 768w, https:\/\/renier.be\/wp-content\/uploads\/2024\/08\/Vinalmont-NL-jpeg-600x124.jpg 600w, https:\/\/renier.be\/wp-content\/uploads\/2024\/08\/Vinalmont-NL-jpeg.jpg 1020w\" sizes=\"(max-width: 334px) 100vw, 334px\" \/><\/p>","protected":false},"excerpt":{"rendered":"<p>Stellen Sie hier ganz einfach Ihre ideale Fliese selbst zusammen. W\u00e4hlen Sie unten das Material und die gew\u00fcnschte Ausf\u00fchrung, Dicke, L\u00e4nge und Breite. Der Preis pro St\u00fcck und pro m\u00b2 wird dann automatisch berechnet. Sie k\u00f6nnen die gew\u00fcnschte Ausf\u00fchrung jederzeit \u00e4ndern, das Foto links auf dieser Seite wird dann ebenfalls angepasst.<\/p>\n<p>Klicken Sie dann auf \"In den Warenkorb\" und schlie\u00dfen Sie Ihre Bestellung ab. Die Lieferzeit betr\u00e4gt 2 bis 3 Wochen.<\/p>","protected":false},"featured_media":1314,"template":"","meta":{"_acf_changed":false},"product_brand":[],"product_cat":[22,35,38,56],"product_tag":[],"class_list":{"0":"post-1312","1":"product","2":"type-product","3":"status-publish","4":"has-post-thumbnail","6":"product_cat-interieur","7":"product_cat-terras","8":"product_cat-vloer","9":"product_cat-tegels","11":"first","12":"onbackorder","13":"taxable","14":"shipping-taxable","15":"purchasable","16":"product-type-simple"},"acf":[],"yoast_head":"<!-- This site is optimized with the Yoast SEO plugin v27.3 - https:\/\/yoast.com\/product\/yoast-seo-wordpress\/ -->\n<title>Stel zelf uw tegel samen in Vinalmont - Renier Natuursteen<\/title>\n<meta name=\"robots\" content=\"index, follow, max-snippet:-1, max-image-preview:large, max-video-preview:-1\" \/>\n<link rel=\"canonical\" href=\"https:\/\/renier.be\/de\/produkt\/komponieren-sie-ihre-eigene-fliese-in-vinalmont\/\" \/>\n<meta property=\"og:locale\" content=\"de_DE\" \/>\n<meta property=\"og:type\" content=\"article\" \/>\n<meta property=\"og:title\" content=\"Stel zelf uw tegel samen in Vinalmont - Renier Natuursteen\" \/>\n<meta property=\"og:description\" content=\"Stel hier eenvoudig zelf je ideale tegel samen. Kies hieronder het materiaal en de gewenste afwerking, de dikte, lengte en breedte. De prijs per stuk en per m\u00b2 wordt automatisch berekend. Je kan steeds de gewenste afwerking aanpassen, de foto links op deze pagina wordt eveneens aangepast.  Klik daarna op toevoegen in de winkelwagen en vervolledig je bestelling. Levertijd 2 \u00e0 3 weken.\" \/>\n<meta property=\"og:url\" content=\"https:\/\/renier.be\/de\/produkt\/komponieren-sie-ihre-eigene-fliese-in-vinalmont\/\" \/>\n<meta property=\"og:site_name\" content=\"Renier Natuursteen\" \/>\n<meta property=\"article:publisher\" content=\"https:\/\/www.facebook.com\/reniernatuursteen\" \/>\n<meta property=\"article:modified_time\" content=\"2025-07-03T11:41:46+00:00\" \/>\n<meta property=\"og:image\" content=\"https:\/\/renier.be\/wp-content\/uploads\/2024\/08\/calcaire-gezandstraald-scaled.jpg\" \/>\n\t<meta property=\"og:image:width\" content=\"2560\" \/>\n\t<meta property=\"og:image:height\" content=\"1707\" \/>\n\t<meta property=\"og:image:type\" content=\"image\/jpeg\" \/>\n<meta name=\"twitter:card\" content=\"summary_large_image\" \/>\n<meta name=\"twitter:label1\" content=\"Gesch\u00e4tzte Lesezeit\" \/>\n\t<meta name=\"twitter:data1\" content=\"1\u00a0Minute\" \/>\n<script type=\"application\/ld+json\" class=\"yoast-schema-graph\">{\"@context\":\"https:\\\/\\\/schema.org\",\"@graph\":[{\"@type\":\"WebPage\",\"@id\":\"https:\\\/\\\/renier.be\\\/product\\\/stel-zelf-uw-tegel-samen-in-vinalmont\\\/\",\"url\":\"https:\\\/\\\/renier.be\\\/product\\\/stel-zelf-uw-tegel-samen-in-vinalmont\\\/\",\"name\":\"Stel zelf uw tegel samen in Vinalmont - Renier Natuursteen\",\"isPartOf\":{\"@id\":\"https:\\\/\\\/renier.be\\\/#website\"},\"primaryImageOfPage\":{\"@id\":\"https:\\\/\\\/renier.be\\\/product\\\/stel-zelf-uw-tegel-samen-in-vinalmont\\\/#primaryimage\"},\"image\":{\"@id\":\"https:\\\/\\\/renier.be\\\/product\\\/stel-zelf-uw-tegel-samen-in-vinalmont\\\/#primaryimage\"},\"thumbnailUrl\":\"https:\\\/\\\/renier.be\\\/wp-content\\\/uploads\\\/2024\\\/08\\\/calcaire-gezandstraald-scaled.jpg\",\"datePublished\":\"2024-08-14T09:28:01+00:00\",\"dateModified\":\"2025-07-03T11:41:46+00:00\",\"breadcrumb\":{\"@id\":\"https:\\\/\\\/renier.be\\\/product\\\/stel-zelf-uw-tegel-samen-in-vinalmont\\\/#breadcrumb\"},\"inLanguage\":\"de\",\"potentialAction\":[{\"@type\":\"ReadAction\",\"target\":[\"https:\\\/\\\/renier.be\\\/product\\\/stel-zelf-uw-tegel-samen-in-vinalmont\\\/\"]}]},{\"@type\":\"ImageObject\",\"inLanguage\":\"de\",\"@id\":\"https:\\\/\\\/renier.be\\\/product\\\/stel-zelf-uw-tegel-samen-in-vinalmont\\\/#primaryimage\",\"url\":\"https:\\\/\\\/renier.be\\\/wp-content\\\/uploads\\\/2024\\\/08\\\/calcaire-gezandstraald-scaled.jpg\",\"contentUrl\":\"https:\\\/\\\/renier.be\\\/wp-content\\\/uploads\\\/2024\\\/08\\\/calcaire-gezandstraald-scaled.jpg\",\"width\":2560,\"height\":1707},{\"@type\":\"BreadcrumbList\",\"@id\":\"https:\\\/\\\/renier.be\\\/product\\\/stel-zelf-uw-tegel-samen-in-vinalmont\\\/#breadcrumb\",\"itemListElement\":[{\"@type\":\"ListItem\",\"position\":1,\"name\":\"Home\",\"item\":\"https:\\\/\\\/renier.be\\\/\"},{\"@type\":\"ListItem\",\"position\":2,\"name\":\"Producten\",\"item\":\"https:\\\/\\\/renier.be\\\/producten\\\/\"},{\"@type\":\"ListItem\",\"position\":3,\"name\":\"Stel zelf uw tegel samen in Vinalmont\"}]},{\"@type\":\"WebSite\",\"@id\":\"https:\\\/\\\/renier.be\\\/#website\",\"url\":\"https:\\\/\\\/renier.be\\\/\",\"name\":\"Renier Natuursteen\",\"description\":\"Specialist in Belgisch Blauwe Hardsteen\",\"publisher\":{\"@id\":\"https:\\\/\\\/renier.be\\\/#organization\"},\"potentialAction\":[{\"@type\":\"SearchAction\",\"target\":{\"@type\":\"EntryPoint\",\"urlTemplate\":\"https:\\\/\\\/renier.be\\\/?s={search_term_string}\"},\"query-input\":{\"@type\":\"PropertyValueSpecification\",\"valueRequired\":true,\"valueName\":\"search_term_string\"}}],\"inLanguage\":\"de\"},{\"@type\":\"Organization\",\"@id\":\"https:\\\/\\\/renier.be\\\/#organization\",\"name\":\"Renier Natuursteen\",\"url\":\"https:\\\/\\\/renier.be\\\/\",\"logo\":{\"@type\":\"ImageObject\",\"inLanguage\":\"de\",\"@id\":\"https:\\\/\\\/renier.be\\\/#\\\/schema\\\/logo\\\/image\\\/\",\"url\":\"\",\"contentUrl\":\"\",\"caption\":\"Renier Natuursteen\"},\"image\":{\"@id\":\"https:\\\/\\\/renier.be\\\/#\\\/schema\\\/logo\\\/image\\\/\"},\"sameAs\":[\"https:\\\/\\\/www.facebook.com\\\/reniernatuursteen\"]}]}<\/script>\n<!-- \/ Yoast SEO plugin. -->","yoast_head_json":{"title":"Komponieren Sie Ihre eigene Kachel in Vinalmont - Renier Natuursteen","robots":{"index":"index","follow":"follow","max-snippet":"max-snippet:-1","max-image-preview":"max-image-preview:large","max-video-preview":"max-video-preview:-1"},"canonical":"https:\/\/renier.be\/de\/produkt\/komponieren-sie-ihre-eigene-fliese-in-vinalmont\/","og_locale":"de_DE","og_type":"article","og_title":"Stel zelf uw tegel samen in Vinalmont - Renier Natuursteen","og_description":"Stel hier eenvoudig zelf je ideale tegel samen. Kies hieronder het materiaal en de gewenste afwerking, de dikte, lengte en breedte. De prijs per stuk en per m\u00b2 wordt automatisch berekend. Je kan steeds de gewenste afwerking aanpassen, de foto links op deze pagina wordt eveneens aangepast.  Klik daarna op toevoegen in de winkelwagen en vervolledig je bestelling. Levertijd 2 \u00e0 3 weken.","og_url":"https:\/\/renier.be\/de\/produkt\/komponieren-sie-ihre-eigene-fliese-in-vinalmont\/","og_site_name":"Renier Natuursteen","article_publisher":"https:\/\/www.facebook.com\/reniernatuursteen","article_modified_time":"2025-07-03T11:41:46+00:00","og_image":[{"width":2560,"height":1707,"url":"https:\/\/renier.be\/wp-content\/uploads\/2024\/08\/calcaire-gezandstraald-scaled.jpg","type":"image\/jpeg"}],"twitter_card":"summary_large_image","twitter_misc":{"Gesch\u00e4tzte Lesezeit":"1\u00a0Minute"},"schema":{"@context":"https:\/\/schema.org","@graph":[{"@type":"WebPage","@id":"https:\/\/renier.be\/product\/stel-zelf-uw-tegel-samen-in-vinalmont\/","url":"https:\/\/renier.be\/product\/stel-zelf-uw-tegel-samen-in-vinalmont\/","name":"Komponieren Sie Ihre eigene Kachel in Vinalmont - Renier Natuursteen","isPartOf":{"@id":"https:\/\/renier.be\/#website"},"primaryImageOfPage":{"@id":"https:\/\/renier.be\/product\/stel-zelf-uw-tegel-samen-in-vinalmont\/#primaryimage"},"image":{"@id":"https:\/\/renier.be\/product\/stel-zelf-uw-tegel-samen-in-vinalmont\/#primaryimage"},"thumbnailUrl":"https:\/\/renier.be\/wp-content\/uploads\/2024\/08\/calcaire-gezandstraald-scaled.jpg","datePublished":"2024-08-14T09:28:01+00:00","dateModified":"2025-07-03T11:41:46+00:00","breadcrumb":{"@id":"https:\/\/renier.be\/product\/stel-zelf-uw-tegel-samen-in-vinalmont\/#breadcrumb"},"inLanguage":"de","potentialAction":[{"@type":"ReadAction","target":["https:\/\/renier.be\/product\/stel-zelf-uw-tegel-samen-in-vinalmont\/"]}]},{"@type":"ImageObject","inLanguage":"de","@id":"https:\/\/renier.be\/product\/stel-zelf-uw-tegel-samen-in-vinalmont\/#primaryimage","url":"https:\/\/renier.be\/wp-content\/uploads\/2024\/08\/calcaire-gezandstraald-scaled.jpg","contentUrl":"https:\/\/renier.be\/wp-content\/uploads\/2024\/08\/calcaire-gezandstraald-scaled.jpg","width":2560,"height":1707},{"@type":"BreadcrumbList","@id":"https:\/\/renier.be\/product\/stel-zelf-uw-tegel-samen-in-vinalmont\/#breadcrumb","itemListElement":[{"@type":"ListItem","position":1,"name":"Home","item":"https:\/\/renier.be\/"},{"@type":"ListItem","position":2,"name":"Producten","item":"https:\/\/renier.be\/producten\/"},{"@type":"ListItem","position":3,"name":"Stel zelf uw tegel samen in Vinalmont"}]},{"@type":"WebSite","@id":"https:\/\/renier.be\/#website","url":"https:\/\/renier.be\/","name":"Renier Naturstein","description":"Spezialist f\u00fcr belgischen Blaustein","publisher":{"@id":"https:\/\/renier.be\/#organization"},"potentialAction":[{"@type":"SearchAction","target":{"@type":"EntryPoint","urlTemplate":"https:\/\/renier.be\/?s={search_term_string}"},"query-input":{"@type":"PropertyValueSpecification","valueRequired":true,"valueName":"search_term_string"}}],"inLanguage":"de"},{"@type":"Organization","@id":"https:\/\/renier.be\/#organization","name":"Renier Naturstein","url":"https:\/\/renier.be\/","logo":{"@type":"ImageObject","inLanguage":"de","@id":"https:\/\/renier.be\/#\/schema\/logo\/image\/","url":"","contentUrl":"","caption":"Renier Natuursteen"},"image":{"@id":"https:\/\/renier.be\/#\/schema\/logo\/image\/"},"sameAs":["https:\/\/www.facebook.com\/reniernatuursteen"]}]}},"_links":{"self":[{"href":"https:\/\/renier.be\/de\/wp-json\/wp\/v2\/product\/1312","targetHints":{"allow":["GET"]}}],"collection":[{"href":"https:\/\/renier.be\/de\/wp-json\/wp\/v2\/product"}],"about":[{"href":"https:\/\/renier.be\/de\/wp-json\/wp\/v2\/types\/product"}],"wp:featuredmedia":[{"embeddable":true,"href":"https:\/\/renier.be\/de\/wp-json\/wp\/v2\/media\/1314"}],"wp:attachment":[{"href":"https:\/\/renier.be\/de\/wp-json\/wp\/v2\/media?parent=1312"}],"wp:term":[{"taxonomy":"product_brand","embeddable":true,"href":"https:\/\/renier.be\/de\/wp-json\/wp\/v2\/product_brand?post=1312"},{"taxonomy":"product_cat","embeddable":true,"href":"https:\/\/renier.be\/de\/wp-json\/wp\/v2\/product_cat?post=1312"},{"taxonomy":"product_tag","embeddable":true,"href":"https:\/\/renier.be\/de\/wp-json\/wp\/v2\/product_tag?post=1312"}],"curies":[{"name":"wp","href":"https:\/\/api.w.org\/{rel}","templated":true}]}}