{"id":1326,"date":"2024-08-14T17:05:19","date_gmt":"2024-08-14T15:05:19","guid":{"rendered":"https:\/\/renier.be\/?post_type=product&#038;p=1326"},"modified":"2026-03-27T13:01:40","modified_gmt":"2026-03-27T12:01:40","slug":"flache-turschwelle-blau-geschliffen-100x18-5cm-dick","status":"publish","type":"product","link":"https:\/\/renier.be\/de\/product\/vlakke-deurdorpel-blauw-geschuurd-100x18-5cm-dik\/","title":{"rendered":"Flache T\u00fcrschwelle blau geschliffen 100\u00d718 5cm dick"},"content":{"rendered":"<p>Unser belgischer Blaustein ist eines der best\u00e4ndigsten Materialien der Welt. Dieser uralte Stein, der \u00fcber Millionen von Jahren entstanden ist, wird lokal und umweltfreundlich abgebaut.<\/p>\n<p>Diese flache T\u00fcrschwelle hat eine blau geschliffene Oberfl\u00e4che mit einer 0,6 x 0,6 cm gro\u00dfen Tropfrille, die 2 cm von der Vorderseite entfernt ist und 2 cm von den bearbeiteten K\u00f6pfen anh\u00e4lt.<\/p>\n<p>L\u00e4nge 1m - H\u00f6he 18cm - Dicke 5cm<\/p>\n<p>Sofort verf\u00fcgbar!<\/p>\n<p><img decoding=\"async\" class=\"alignnone size-medium wp-image-1305\" src=\"https:\/\/renier.be\/wp-content\/uploads\/2024\/06\/Renier-logo-met-belgische-vlag-300x99.jpg\" alt=\"\" width=\"300\" height=\"99\" srcset=\"https:\/\/renier.be\/wp-content\/uploads\/2024\/06\/Renier-logo-met-belgische-vlag-300x99.jpg 300w, https:\/\/renier.be\/wp-content\/uploads\/2024\/06\/Renier-logo-met-belgische-vlag-1024x337.jpg 1024w, https:\/\/renier.be\/wp-content\/uploads\/2024\/06\/Renier-logo-met-belgische-vlag-768x253.jpg 768w, https:\/\/renier.be\/wp-content\/uploads\/2024\/06\/Renier-logo-met-belgische-vlag-600x197.jpg 600w, https:\/\/renier.be\/wp-content\/uploads\/2024\/06\/Renier-logo-met-belgische-vlag.jpg 1067w\" sizes=\"(max-width: 300px) 100vw, 300px\" \/><\/p>","protected":false},"excerpt":{"rendered":"<p data-start=\"598\" data-end=\"1013\">Diese <strong data-start=\"603\" data-end=\"658\">Flache T\u00fcrschwelle blau geschliffen 100\u00d718 - 5 cm dick<\/strong> ist eine zeitlose und dauerhafte L\u00f6sung sowohl f\u00fcr die Renovierung als auch f\u00fcr Neubauten. Die Schwelle besteht aus belgischem Blaustein (Blaustein), einem Naturstein, der f\u00fcr seine Robustheit, Verschlei\u00dffestigkeit und sein elegantes Aussehen bekannt ist. Dank der flachen Oberfl\u00e4che und der geschliffenen Deckschicht verbindet diese Schwelle Funktionalit\u00e4t mit einem stilvollen, modernen Aussehen.<\/p>\n<p data-start=\"1015\" data-end=\"1434\">Ein <strong data-start=\"1019\" data-end=\"1040\">blauer T\u00fcrrahmen<\/strong> sorgt f\u00fcr einen perfekten \u00dcbergang zwischen innen und au\u00dfen. Durch sein flaches Design eignet es sich f\u00fcr T\u00fcren, Schiebefenster und sogar breite Durchg\u00e4nge. Mit einer Dicke von 5 cm ist dieses Element \u00e4u\u00dferst robust und h\u00e4lt einer intensiven Nutzung stand. Die Abmessungen von <strong data-start=\"1299\" data-end=\"1312\">100\u00d718 cm<\/strong> sind ideal f\u00fcr Standardt\u00fcren, aber dank unserer hauseigenen Werkstatt k\u00f6nnen wir bei Bedarf auch individuelle L\u00f6sungen anbieten.<\/p>\n<p data-start=\"1436\" data-end=\"1847\">Diese T\u00fcrschwelle bietet nicht nur einen \u00e4sthetischen Mehrwert, sondern hat auch eine klare funktionale Aufgabe: Sie sch\u00fctzt die T\u00fcr\u00f6ffnung vor eindringendem Wasser und Schmutz. Die leicht geschliffene Oberfl\u00e4che bietet zus\u00e4tzlichen Halt und verhindert ein Ausrutschen, auch bei Regenwetter. Au\u00dferdem beh\u00e4lt der belgische Blaustein im Laufe der Jahre seine nat\u00fcrliche Farbe und Patina, was dieses Produkt zu einer Investition in die Haltbarkeit macht.<\/p>\n<p data-start=\"1849\" data-end=\"2185\">Bei Renier Natuursteen liefern wir direkt aus unserem eigenen Lager. Das bedeutet kurze Lieferzeiten und die Garantie, dass Sie nur mit erstklassigem Naturstein arbeiten. Kombinieren Sie diese flache Schwelle m\u00fchelos mit unseren anderen Natursteinl\u00f6sungen wie <strong data-start=\"2102\" data-end=\"2122\">Fenstertabletten<\/strong>, <strong data-start=\"2124\" data-end=\"2135\">Sockelleisten<\/strong> und <strong data-start=\"2139\" data-end=\"2155\">Giebelsockel<\/strong> f\u00fcr ein harmonisches Ganzes.<\/p>\n<p data-start=\"1849\" data-end=\"2185\">\ud83d\udc49 Mehr Inspiration ? Siehe <a href=\"https:\/\/renier.be\/de\/rohbau-2\/\">unsere strukturellen L\u00f6sungen <\/a>oder hier entdecken <a href=\"https:\/\/renier.be\/de\/produkte\/?_categorieen=dorpel\">Vollst\u00e4ndige Palette von Schwellen<\/a><\/p>\n<p style=\"text-align: left;\">","protected":false},"featured_media":2672,"template":"","meta":{"_acf_changed":false},"product_brand":[],"product_cat":[43,31,19,80],"product_tag":[106],"class_list":{"0":"post-1326","1":"product","2":"type-product","3":"status-publish","4":"has-post-thumbnail","6":"product_cat-deurdorpel","7":"product_cat-dorpel","8":"product_cat-ruwbouw","9":"product_cat-vlak-deurdorpel","10":"product_tag-gmc","11":"product_shipping_class-afhaling","13":"first","14":"instock","15":"taxable","16":"shipping-taxable","17":"purchasable","18":"product-type-simple"},"acf":[],"yoast_head":"<!-- This site is optimized with the Yoast SEO plugin v27.3 - https:\/\/yoast.com\/product\/yoast-seo-wordpress\/ -->\n<title>Vlakke deurdorpel blauw geschuurd 100\u00d718 \u2013 5 cm dik - Renier Natuursteen<\/title>\n<meta name=\"description\" content=\"Vlakke deurdorpel blauw geschuurd 100\u00d718, 5 cm dik. Duurzame Belgische hardsteen, slijtvast en tijdloos. Direct uit voorraad leverbaar bij Renier.\" \/>\n<meta name=\"robots\" content=\"index, follow, max-snippet:-1, max-image-preview:large, max-video-preview:-1\" \/>\n<link rel=\"canonical\" href=\"https:\/\/renier.be\/de\/produkt\/flache-turschwelle-blau-geschliffen-100x18-5cm-dick\/\" \/>\n<meta property=\"og:locale\" content=\"de_DE\" \/>\n<meta property=\"og:type\" content=\"article\" \/>\n<meta property=\"og:title\" content=\"Vlakke deurdorpel blauw geschuurd 100\u00d718 \u2013 5 cm dik - Renier Natuursteen\" \/>\n<meta property=\"og:description\" content=\"Vlakke deurdorpel blauw geschuurd 100\u00d718, 5 cm dik. Duurzame Belgische hardsteen, slijtvast en tijdloos. Direct uit voorraad leverbaar bij Renier.\" \/>\n<meta property=\"og:url\" content=\"https:\/\/renier.be\/de\/produkt\/flache-turschwelle-blau-geschliffen-100x18-5cm-dick\/\" \/>\n<meta property=\"og:site_name\" content=\"Renier Natuursteen\" \/>\n<meta property=\"article:publisher\" content=\"https:\/\/www.facebook.com\/reniernatuursteen\" \/>\n<meta property=\"article:modified_time\" content=\"2026-03-27T12:01:40+00:00\" \/>\n<meta property=\"og:image\" content=\"https:\/\/renier.be\/wp-content\/uploads\/2024\/08\/DOV-BLS5-EDIT-wit.jpg\" \/>\n\t<meta property=\"og:image:width\" content=\"2400\" \/>\n\t<meta property=\"og:image:height\" content=\"1599\" \/>\n\t<meta property=\"og:image:type\" content=\"image\/jpeg\" \/>\n<meta name=\"twitter:card\" content=\"summary_large_image\" \/>\n<meta name=\"twitter:label1\" content=\"Gesch\u00e4tzte Lesezeit\" \/>\n\t<meta name=\"twitter:data1\" content=\"1\u00a0Minute\" \/>\n<script type=\"application\/ld+json\" class=\"yoast-schema-graph\">{\"@context\":\"https:\\\/\\\/schema.org\",\"@graph\":[{\"@type\":\"WebPage\",\"@id\":\"https:\\\/\\\/renier.be\\\/product\\\/vlakke-deurdorpel-blauw-geschuurd-100x18-5cm-dik\\\/\",\"url\":\"https:\\\/\\\/renier.be\\\/product\\\/vlakke-deurdorpel-blauw-geschuurd-100x18-5cm-dik\\\/\",\"name\":\"Vlakke deurdorpel blauw geschuurd 100\u00d718 \u2013 5 cm dik - Renier Natuursteen\",\"isPartOf\":{\"@id\":\"https:\\\/\\\/renier.be\\\/#website\"},\"primaryImageOfPage\":{\"@id\":\"https:\\\/\\\/renier.be\\\/product\\\/vlakke-deurdorpel-blauw-geschuurd-100x18-5cm-dik\\\/#primaryimage\"},\"image\":{\"@id\":\"https:\\\/\\\/renier.be\\\/product\\\/vlakke-deurdorpel-blauw-geschuurd-100x18-5cm-dik\\\/#primaryimage\"},\"thumbnailUrl\":\"https:\\\/\\\/renier.be\\\/wp-content\\\/uploads\\\/2024\\\/08\\\/DOV-BLS5-EDIT-wit.jpg\",\"datePublished\":\"2024-08-14T15:05:19+00:00\",\"dateModified\":\"2026-03-27T12:01:40+00:00\",\"description\":\"Vlakke deurdorpel blauw geschuurd 100\u00d718, 5 cm dik. Duurzame Belgische hardsteen, slijtvast en tijdloos. Direct uit voorraad leverbaar bij Renier.\",\"breadcrumb\":{\"@id\":\"https:\\\/\\\/renier.be\\\/product\\\/vlakke-deurdorpel-blauw-geschuurd-100x18-5cm-dik\\\/#breadcrumb\"},\"inLanguage\":\"de\",\"potentialAction\":[{\"@type\":\"ReadAction\",\"target\":[\"https:\\\/\\\/renier.be\\\/product\\\/vlakke-deurdorpel-blauw-geschuurd-100x18-5cm-dik\\\/\"]}]},{\"@type\":\"ImageObject\",\"inLanguage\":\"de\",\"@id\":\"https:\\\/\\\/renier.be\\\/product\\\/vlakke-deurdorpel-blauw-geschuurd-100x18-5cm-dik\\\/#primaryimage\",\"url\":\"https:\\\/\\\/renier.be\\\/wp-content\\\/uploads\\\/2024\\\/08\\\/DOV-BLS5-EDIT-wit.jpg\",\"contentUrl\":\"https:\\\/\\\/renier.be\\\/wp-content\\\/uploads\\\/2024\\\/08\\\/DOV-BLS5-EDIT-wit.jpg\",\"width\":2400,\"height\":1599,\"caption\":\"Vlakke deurdorpel blauw geschuurd 100\u00d718 5 cm dik\"},{\"@type\":\"BreadcrumbList\",\"@id\":\"https:\\\/\\\/renier.be\\\/product\\\/vlakke-deurdorpel-blauw-geschuurd-100x18-5cm-dik\\\/#breadcrumb\",\"itemListElement\":[{\"@type\":\"ListItem\",\"position\":1,\"name\":\"Home\",\"item\":\"https:\\\/\\\/renier.be\\\/\"},{\"@type\":\"ListItem\",\"position\":2,\"name\":\"Producten\",\"item\":\"https:\\\/\\\/renier.be\\\/producten\\\/\"},{\"@type\":\"ListItem\",\"position\":3,\"name\":\"Vlakke deurdorpel blauw geschuurd 100&#215;18 5cm dik\"}]},{\"@type\":\"WebSite\",\"@id\":\"https:\\\/\\\/renier.be\\\/#website\",\"url\":\"https:\\\/\\\/renier.be\\\/\",\"name\":\"Renier Natuursteen\",\"description\":\"Specialist in Belgisch Blauwe Hardsteen\",\"publisher\":{\"@id\":\"https:\\\/\\\/renier.be\\\/#organization\"},\"potentialAction\":[{\"@type\":\"SearchAction\",\"target\":{\"@type\":\"EntryPoint\",\"urlTemplate\":\"https:\\\/\\\/renier.be\\\/?s={search_term_string}\"},\"query-input\":{\"@type\":\"PropertyValueSpecification\",\"valueRequired\":true,\"valueName\":\"search_term_string\"}}],\"inLanguage\":\"de\"},{\"@type\":\"Organization\",\"@id\":\"https:\\\/\\\/renier.be\\\/#organization\",\"name\":\"Renier Natuursteen\",\"url\":\"https:\\\/\\\/renier.be\\\/\",\"logo\":{\"@type\":\"ImageObject\",\"inLanguage\":\"de\",\"@id\":\"https:\\\/\\\/renier.be\\\/#\\\/schema\\\/logo\\\/image\\\/\",\"url\":\"\",\"contentUrl\":\"\",\"caption\":\"Renier Natuursteen\"},\"image\":{\"@id\":\"https:\\\/\\\/renier.be\\\/#\\\/schema\\\/logo\\\/image\\\/\"},\"sameAs\":[\"https:\\\/\\\/www.facebook.com\\\/reniernatuursteen\"]}]}<\/script>\n<!-- \/ Yoast SEO plugin. -->","yoast_head_json":{"title":"Flache T\u00fcrschwelle blau geschliffen 100\u00d718 - 5 cm dick - Renier Natuursteen","description":"Flache T\u00fcrschwelle blau geschliffen 100\u00d718, 5 cm dick. Langlebiger belgischer Blaustein, strapazierf\u00e4hig und zeitlos. Direkt ab Lager bei Renier erh\u00e4ltlich.","robots":{"index":"index","follow":"follow","max-snippet":"max-snippet:-1","max-image-preview":"max-image-preview:large","max-video-preview":"max-video-preview:-1"},"canonical":"https:\/\/renier.be\/de\/produkt\/flache-turschwelle-blau-geschliffen-100x18-5cm-dick\/","og_locale":"de_DE","og_type":"article","og_title":"Vlakke deurdorpel blauw geschuurd 100\u00d718 \u2013 5 cm dik - Renier Natuursteen","og_description":"Vlakke deurdorpel blauw geschuurd 100\u00d718, 5 cm dik. Duurzame Belgische hardsteen, slijtvast en tijdloos. Direct uit voorraad leverbaar bij Renier.","og_url":"https:\/\/renier.be\/de\/produkt\/flache-turschwelle-blau-geschliffen-100x18-5cm-dick\/","og_site_name":"Renier Natuursteen","article_publisher":"https:\/\/www.facebook.com\/reniernatuursteen","article_modified_time":"2026-03-27T12:01:40+00:00","og_image":[{"width":2400,"height":1599,"url":"https:\/\/renier.be\/wp-content\/uploads\/2024\/08\/DOV-BLS5-EDIT-wit.jpg","type":"image\/jpeg"}],"twitter_card":"summary_large_image","twitter_misc":{"Gesch\u00e4tzte Lesezeit":"1\u00a0Minute"},"schema":{"@context":"https:\/\/schema.org","@graph":[{"@type":"WebPage","@id":"https:\/\/renier.be\/product\/vlakke-deurdorpel-blauw-geschuurd-100x18-5cm-dik\/","url":"https:\/\/renier.be\/product\/vlakke-deurdorpel-blauw-geschuurd-100x18-5cm-dik\/","name":"Flache T\u00fcrschwelle blau geschliffen 100\u00d718 - 5 cm dick - Renier Natuursteen","isPartOf":{"@id":"https:\/\/renier.be\/#website"},"primaryImageOfPage":{"@id":"https:\/\/renier.be\/product\/vlakke-deurdorpel-blauw-geschuurd-100x18-5cm-dik\/#primaryimage"},"image":{"@id":"https:\/\/renier.be\/product\/vlakke-deurdorpel-blauw-geschuurd-100x18-5cm-dik\/#primaryimage"},"thumbnailUrl":"https:\/\/renier.be\/wp-content\/uploads\/2024\/08\/DOV-BLS5-EDIT-wit.jpg","datePublished":"2024-08-14T15:05:19+00:00","dateModified":"2026-03-27T12:01:40+00:00","description":"Flache T\u00fcrschwelle blau geschliffen 100\u00d718, 5 cm dick. Langlebiger belgischer Blaustein, strapazierf\u00e4hig und zeitlos. Direkt ab Lager bei Renier erh\u00e4ltlich.","breadcrumb":{"@id":"https:\/\/renier.be\/product\/vlakke-deurdorpel-blauw-geschuurd-100x18-5cm-dik\/#breadcrumb"},"inLanguage":"de","potentialAction":[{"@type":"ReadAction","target":["https:\/\/renier.be\/product\/vlakke-deurdorpel-blauw-geschuurd-100x18-5cm-dik\/"]}]},{"@type":"ImageObject","inLanguage":"de","@id":"https:\/\/renier.be\/product\/vlakke-deurdorpel-blauw-geschuurd-100x18-5cm-dik\/#primaryimage","url":"https:\/\/renier.be\/wp-content\/uploads\/2024\/08\/DOV-BLS5-EDIT-wit.jpg","contentUrl":"https:\/\/renier.be\/wp-content\/uploads\/2024\/08\/DOV-BLS5-EDIT-wit.jpg","width":2400,"height":1599,"caption":"Vlakke deurdorpel blauw geschuurd 100\u00d718 5 cm dik"},{"@type":"BreadcrumbList","@id":"https:\/\/renier.be\/product\/vlakke-deurdorpel-blauw-geschuurd-100x18-5cm-dik\/#breadcrumb","itemListElement":[{"@type":"ListItem","position":1,"name":"Home","item":"https:\/\/renier.be\/"},{"@type":"ListItem","position":2,"name":"Producten","item":"https:\/\/renier.be\/producten\/"},{"@type":"ListItem","position":3,"name":"Vlakke deurdorpel blauw geschuurd 100&#215;18 5cm dik"}]},{"@type":"WebSite","@id":"https:\/\/renier.be\/#website","url":"https:\/\/renier.be\/","name":"Renier Naturstein","description":"Spezialist f\u00fcr belgischen Blaustein","publisher":{"@id":"https:\/\/renier.be\/#organization"},"potentialAction":[{"@type":"SearchAction","target":{"@type":"EntryPoint","urlTemplate":"https:\/\/renier.be\/?s={search_term_string}"},"query-input":{"@type":"PropertyValueSpecification","valueRequired":true,"valueName":"search_term_string"}}],"inLanguage":"de"},{"@type":"Organization","@id":"https:\/\/renier.be\/#organization","name":"Renier Naturstein","url":"https:\/\/renier.be\/","logo":{"@type":"ImageObject","inLanguage":"de","@id":"https:\/\/renier.be\/#\/schema\/logo\/image\/","url":"","contentUrl":"","caption":"Renier Natuursteen"},"image":{"@id":"https:\/\/renier.be\/#\/schema\/logo\/image\/"},"sameAs":["https:\/\/www.facebook.com\/reniernatuursteen"]}]}},"_links":{"self":[{"href":"https:\/\/renier.be\/de\/wp-json\/wp\/v2\/product\/1326","targetHints":{"allow":["GET"]}}],"collection":[{"href":"https:\/\/renier.be\/de\/wp-json\/wp\/v2\/product"}],"about":[{"href":"https:\/\/renier.be\/de\/wp-json\/wp\/v2\/types\/product"}],"wp:featuredmedia":[{"embeddable":true,"href":"https:\/\/renier.be\/de\/wp-json\/wp\/v2\/media\/2672"}],"wp:attachment":[{"href":"https:\/\/renier.be\/de\/wp-json\/wp\/v2\/media?parent=1326"}],"wp:term":[{"taxonomy":"product_brand","embeddable":true,"href":"https:\/\/renier.be\/de\/wp-json\/wp\/v2\/product_brand?post=1326"},{"taxonomy":"product_cat","embeddable":true,"href":"https:\/\/renier.be\/de\/wp-json\/wp\/v2\/product_cat?post=1326"},{"taxonomy":"product_tag","embeddable":true,"href":"https:\/\/renier.be\/de\/wp-json\/wp\/v2\/product_tag?post=1326"}],"curies":[{"name":"wp","href":"https:\/\/api.w.org\/{rel}","templated":true}]}}