{"id":2050,"date":"2024-08-26T08:44:53","date_gmt":"2024-08-26T06:44:53","guid":{"rendered":"https:\/\/renier.be\/?post_type=product&#038;p=2050"},"modified":"2026-04-01T15:41:19","modified_gmt":"2026-04-01T13:41:19","slug":"masgeschneiderte-flache-turschwelle","status":"publish","type":"product","link":"https:\/\/renier.be\/de\/product\/vlakke-deurdorpel-op-maat\/","title":{"rendered":"Komponieren Sie Ihre flache T\u00fcrschwelle aus belgischem Blaustein"},"content":{"rendered":"<p>Unser belgischer Blaustein ist eines der best\u00e4ndigsten Materialien der Welt. Dieser uralte Stein, der \u00fcber Millionen von Jahren entstanden ist, wird lokal und umweltfreundlich abgebaut.<\/p>\n<p>Diese flache T\u00fcrschwelle kann ganz einfach individuell gestaltet werden:<\/p>\n<ul>\n<li>Blaustein aus unserem eigenen Steinbruch (La Pr\u00e9alle in Sprimont)<\/li>\n<li>Ausf\u00fchrung :\n<ul>\n<li>Oberseite, Vorderseite und beide K\u00f6pfe (5 cm) blau oder grau geschliffen<\/li>\n<li>Die Vorderseite und beide K\u00f6pfe (5 cm) k\u00f6nnen auf Wunsch gefr\u00e4st bearbeitet werden, um ein stilvolles Aussehen zu erzielen<\/li>\n<\/ul>\n<\/li>\n<li>Recht ges\u00e4gt, mit einer 0,6 x 0,6 cm gro\u00dfen Tropfrille, 2 cm von der Vorderseite, h\u00e4lt 2 cm von den bearbeiteten K\u00f6pfen entfernt.<\/li>\n<li>Optionen:\n<ul>\n<li>Gehrung 45\u00b0<\/li>\n<li>Seiten in voller Breite, 1 cm dick<\/li>\n<\/ul>\n<\/li>\n<\/ul>\n<p style=\"padding-left: 40px;\"><img fetchpriority=\"high\" decoding=\"async\" class=\"alignnone size-medium wp-image-3638\" src=\"https:\/\/renier.be\/wp-content\/uploads\/2024\/08\/DOV-dorpel-met-kus-1-1-300x168.jpg\" alt=\"\" width=\"300\" height=\"168\" srcset=\"https:\/\/renier.be\/wp-content\/uploads\/2024\/08\/DOV-dorpel-met-kus-1-1-300x168.jpg 300w, https:\/\/renier.be\/wp-content\/uploads\/2024\/08\/DOV-dorpel-met-kus-1-1-18x10.jpg 18w, https:\/\/renier.be\/wp-content\/uploads\/2024\/08\/DOV-dorpel-met-kus-1-1-600x337.jpg 600w, https:\/\/renier.be\/wp-content\/uploads\/2024\/08\/DOV-dorpel-met-kus-1-1.jpg 629w\" sizes=\"(max-width: 300px) 100vw, 300px\" \/><\/p>\n<ul>\n<li style=\"list-style-type: none;\">\n<ul>\n<li>1 cm dicke Seiten, die 5 cm vor der Vorderseite aufh\u00f6ren<\/li>\n<\/ul>\n<\/li>\n<\/ul>\n<p style=\"text-align: left; padding-left: 40px;\"><img decoding=\"async\" class=\"alignnone size-medium wp-image-2609\" src=\"https:\/\/renier.be\/wp-content\/uploads\/2024\/08\/DVO-dorpel-met-kus-5cm-van-de-kant-1-300x170.jpg\" alt=\"\" width=\"300\" height=\"170\" srcset=\"https:\/\/renier.be\/wp-content\/uploads\/2024\/08\/DVO-dorpel-met-kus-5cm-van-de-kant-1-300x170.jpg 300w, https:\/\/renier.be\/wp-content\/uploads\/2024\/08\/DVO-dorpel-met-kus-5cm-van-de-kant-1-600x340.jpg 600w, https:\/\/renier.be\/wp-content\/uploads\/2024\/08\/DVO-dorpel-met-kus-5cm-van-de-kant-1.jpg 677w\" sizes=\"(max-width: 300px) 100vw, 300px\" \/><\/p>\n<ul>\n<li>Dicken von 2cm bis 20cm<\/li>\n<li>Volle Flexibilit\u00e4t bei den Abmessungen.<\/li>\n<\/ul>\n<p><img decoding=\"async\" class=\"alignnone size-medium wp-image-1305\" src=\"https:\/\/renier.be\/wp-content\/uploads\/2024\/06\/Renier-logo-met-belgische-vlag-300x99.jpg\" alt=\"\" width=\"300\" height=\"99\" srcset=\"https:\/\/renier.be\/wp-content\/uploads\/2024\/06\/Renier-logo-met-belgische-vlag-300x99.jpg 300w, https:\/\/renier.be\/wp-content\/uploads\/2024\/06\/Renier-logo-met-belgische-vlag-1024x337.jpg 1024w, https:\/\/renier.be\/wp-content\/uploads\/2024\/06\/Renier-logo-met-belgische-vlag-768x253.jpg 768w, https:\/\/renier.be\/wp-content\/uploads\/2024\/06\/Renier-logo-met-belgische-vlag-600x197.jpg 600w, https:\/\/renier.be\/wp-content\/uploads\/2024\/06\/Renier-logo-met-belgische-vlag.jpg 1067w\" sizes=\"(max-width: 300px) 100vw, 300px\" \/><\/p>","protected":false},"excerpt":{"rendered":"<p>Diese <strong data-start=\"603\" data-end=\"658\">Ma\u00dfgeschneiderte flache T\u00fcrschwelle <\/strong>ist eine zeitlose und dauerhafte L\u00f6sung sowohl f\u00fcr die Renovierung als auch f\u00fcr Neubauten. Die Schwelle besteht aus belgischem Blaustein (Blaustein), einem Naturstein, der f\u00fcr seine Robustheit, Verschlei\u00dffestigkeit und sein elegantes Aussehen bekannt ist. Dank der flachen Oberfl\u00e4che und der geschliffenen Deckschicht verbindet diese Schwelle Funktionalit\u00e4t mit einem stilvollen, modernen Aussehen.<\/p>\n<p>Stellen Sie hier ganz einfach Ihre ideale flache T\u00fcrschwelle mit Tropfrille selbst zusammen. W\u00e4hlen Sie unten die gew\u00fcnschte Ausf\u00fchrung, Dicke, L\u00e4nge und Breite sowie alle Optionen. Der Preis pro St\u00fcck und pro m\u00b2 wird automatisch berechnet. Sie k\u00f6nnen die gew\u00fcnschte Ausf\u00fchrung jederzeit \u00e4ndern. Klicken Sie dann auf \"In den Warenkorb\" und schlie\u00dfen Sie Ihre Bestellung ab. Die Lieferzeit betr\u00e4gt 2 Wochen.<\/p>\n<p>L\u00e4nge gr\u00f6\u00dfer als 180 cm? Die Schwelle wird automatisch in mehrere Teile geteilt.  Geben Sie die gew\u00fcnschte Aufteilung \u00fcber die zus\u00e4tzlich erscheinenden Felder ein.<\/p>","protected":false},"featured_media":2672,"template":"","meta":{"_acf_changed":false},"product_brand":[],"product_cat":[43,31,19,80],"product_tag":[],"class_list":{"0":"post-2050","1":"product","2":"type-product","3":"status-publish","4":"has-post-thumbnail","6":"product_cat-deurdorpel","7":"product_cat-dorpel","8":"product_cat-ruwbouw","9":"product_cat-vlak-deurdorpel","11":"first","12":"onbackorder","13":"taxable","14":"shipping-taxable","15":"purchasable","16":"product-type-simple"},"acf":[],"yoast_head":"<!-- This site is optimized with the Yoast SEO plugin v27.4 - https:\/\/yoast.com\/product\/yoast-seo-wordpress\/ -->\n<title>Vlakke deurdorpel op maat, Belgische hardsteen - Renier Natuursteen<\/title>\n<meta name=\"description\" content=\"Vlakke deurdorpel blauw geschuurd op maat gemaakt. Duurzame Belgische hardsteen, slijtvast en tijdloos. Renier natuursteen natuurlijk.\" \/>\n<meta name=\"robots\" content=\"index, follow, max-snippet:-1, max-image-preview:large, max-video-preview:-1\" \/>\n<link rel=\"canonical\" href=\"https:\/\/renier.be\/de\/produkt\/masgeschneiderte-flache-turschwelle\/\" \/>\n<meta property=\"og:locale\" content=\"de_DE\" \/>\n<meta property=\"og:type\" content=\"article\" \/>\n<meta property=\"og:title\" content=\"Vlakke deurdorpel op maat, Belgische hardsteen - Renier Natuursteen\" \/>\n<meta property=\"og:description\" content=\"Vlakke deurdorpel blauw geschuurd op maat gemaakt. Duurzame Belgische hardsteen, slijtvast en tijdloos. Renier natuursteen natuurlijk.\" \/>\n<meta property=\"og:url\" content=\"https:\/\/renier.be\/de\/produkt\/masgeschneiderte-flache-turschwelle\/\" \/>\n<meta property=\"og:site_name\" content=\"Renier Natuursteen\" \/>\n<meta property=\"article:publisher\" content=\"https:\/\/www.facebook.com\/reniernatuursteen\" \/>\n<meta property=\"article:modified_time\" content=\"2026-04-01T13:41:19+00:00\" \/>\n<meta property=\"og:image\" content=\"https:\/\/renier.be\/wp-content\/uploads\/2024\/08\/DOV-BLS5-EDIT-wit.jpg\" \/>\n\t<meta property=\"og:image:width\" content=\"2400\" \/>\n\t<meta property=\"og:image:height\" content=\"1599\" \/>\n\t<meta property=\"og:image:type\" content=\"image\/jpeg\" \/>\n<meta name=\"twitter:card\" content=\"summary_large_image\" \/>\n<meta name=\"twitter:label1\" content=\"Gesch\u00e4tzte Lesezeit\" \/>\n\t<meta name=\"twitter:data1\" content=\"2\u00a0Minuten\" \/>\n<script type=\"application\/ld+json\" class=\"yoast-schema-graph\">{\"@context\":\"https:\\\/\\\/schema.org\",\"@graph\":[{\"@type\":\"WebPage\",\"@id\":\"https:\\\/\\\/renier.be\\\/product\\\/vlakke-deurdorpel-op-maat\\\/\",\"url\":\"https:\\\/\\\/renier.be\\\/product\\\/vlakke-deurdorpel-op-maat\\\/\",\"name\":\"Vlakke deurdorpel op maat, Belgische hardsteen - Renier Natuursteen\",\"isPartOf\":{\"@id\":\"https:\\\/\\\/renier.be\\\/#website\"},\"primaryImageOfPage\":{\"@id\":\"https:\\\/\\\/renier.be\\\/product\\\/vlakke-deurdorpel-op-maat\\\/#primaryimage\"},\"image\":{\"@id\":\"https:\\\/\\\/renier.be\\\/product\\\/vlakke-deurdorpel-op-maat\\\/#primaryimage\"},\"thumbnailUrl\":\"https:\\\/\\\/renier.be\\\/wp-content\\\/uploads\\\/2024\\\/08\\\/DOV-BLS5-EDIT-wit.jpg\",\"datePublished\":\"2024-08-26T06:44:53+00:00\",\"dateModified\":\"2026-04-01T13:41:19+00:00\",\"description\":\"Vlakke deurdorpel blauw geschuurd op maat gemaakt. Duurzame Belgische hardsteen, slijtvast en tijdloos. Renier natuursteen natuurlijk.\",\"breadcrumb\":{\"@id\":\"https:\\\/\\\/renier.be\\\/product\\\/vlakke-deurdorpel-op-maat\\\/#breadcrumb\"},\"inLanguage\":\"de\",\"potentialAction\":[{\"@type\":\"ReadAction\",\"target\":[\"https:\\\/\\\/renier.be\\\/product\\\/vlakke-deurdorpel-op-maat\\\/\"]}]},{\"@type\":\"ImageObject\",\"inLanguage\":\"de\",\"@id\":\"https:\\\/\\\/renier.be\\\/product\\\/vlakke-deurdorpel-op-maat\\\/#primaryimage\",\"url\":\"https:\\\/\\\/renier.be\\\/wp-content\\\/uploads\\\/2024\\\/08\\\/DOV-BLS5-EDIT-wit.jpg\",\"contentUrl\":\"https:\\\/\\\/renier.be\\\/wp-content\\\/uploads\\\/2024\\\/08\\\/DOV-BLS5-EDIT-wit.jpg\",\"width\":2400,\"height\":1599,\"caption\":\"Vlakke deurdorpel blauw geschuurd 100\u00d718 5 cm dik\"},{\"@type\":\"BreadcrumbList\",\"@id\":\"https:\\\/\\\/renier.be\\\/product\\\/vlakke-deurdorpel-op-maat\\\/#breadcrumb\",\"itemListElement\":[{\"@type\":\"ListItem\",\"position\":1,\"name\":\"Home\",\"item\":\"https:\\\/\\\/renier.be\\\/\"},{\"@type\":\"ListItem\",\"position\":2,\"name\":\"Producten\",\"item\":\"https:\\\/\\\/renier.be\\\/producten\\\/\"},{\"@type\":\"ListItem\",\"position\":3,\"name\":\"Stel zelf uw vlakke deurdorpel samen in Belgische blauwe hardsteen\"}]},{\"@type\":\"WebSite\",\"@id\":\"https:\\\/\\\/renier.be\\\/#website\",\"url\":\"https:\\\/\\\/renier.be\\\/\",\"name\":\"Renier Natuursteen\",\"description\":\"Specialist in Belgisch Blauwe Hardsteen\",\"publisher\":{\"@id\":\"https:\\\/\\\/renier.be\\\/#organization\"},\"potentialAction\":[{\"@type\":\"SearchAction\",\"target\":{\"@type\":\"EntryPoint\",\"urlTemplate\":\"https:\\\/\\\/renier.be\\\/?s={search_term_string}\"},\"query-input\":{\"@type\":\"PropertyValueSpecification\",\"valueRequired\":true,\"valueName\":\"search_term_string\"}}],\"inLanguage\":\"de\"},{\"@type\":\"Organization\",\"@id\":\"https:\\\/\\\/renier.be\\\/#organization\",\"name\":\"Renier Natuursteen\",\"url\":\"https:\\\/\\\/renier.be\\\/\",\"logo\":{\"@type\":\"ImageObject\",\"inLanguage\":\"de\",\"@id\":\"https:\\\/\\\/renier.be\\\/#\\\/schema\\\/logo\\\/image\\\/\",\"url\":\"\",\"contentUrl\":\"\",\"caption\":\"Renier Natuursteen\"},\"image\":{\"@id\":\"https:\\\/\\\/renier.be\\\/#\\\/schema\\\/logo\\\/image\\\/\"},\"sameAs\":[\"https:\\\/\\\/www.facebook.com\\\/reniernatuursteen\"]}]}<\/script>\n<!-- \/ Yoast SEO plugin. -->","yoast_head_json":{"title":"Flache T\u00fcrschwelle nach Ma\u00df, belgischer Blaustein - Renier Natuursteen","description":"Flache T\u00fcrschwelle blau geschliffen nach Ma\u00df. Langlebiger belgischer Blaustein, strapazierf\u00e4hig und zeitlos. Renier Naturstein Natur.","robots":{"index":"index","follow":"follow","max-snippet":"max-snippet:-1","max-image-preview":"max-image-preview:large","max-video-preview":"max-video-preview:-1"},"canonical":"https:\/\/renier.be\/de\/produkt\/masgeschneiderte-flache-turschwelle\/","og_locale":"de_DE","og_type":"article","og_title":"Vlakke deurdorpel op maat, Belgische hardsteen - Renier Natuursteen","og_description":"Vlakke deurdorpel blauw geschuurd op maat gemaakt. Duurzame Belgische hardsteen, slijtvast en tijdloos. Renier natuursteen natuurlijk.","og_url":"https:\/\/renier.be\/de\/produkt\/masgeschneiderte-flache-turschwelle\/","og_site_name":"Renier Natuursteen","article_publisher":"https:\/\/www.facebook.com\/reniernatuursteen","article_modified_time":"2026-04-01T13:41:19+00:00","og_image":[{"width":2400,"height":1599,"url":"https:\/\/renier.be\/wp-content\/uploads\/2024\/08\/DOV-BLS5-EDIT-wit.jpg","type":"image\/jpeg"}],"twitter_card":"summary_large_image","twitter_misc":{"Gesch\u00e4tzte Lesezeit":"2\u00a0Minuten"},"schema":{"@context":"https:\/\/schema.org","@graph":[{"@type":"WebPage","@id":"https:\/\/renier.be\/product\/vlakke-deurdorpel-op-maat\/","url":"https:\/\/renier.be\/product\/vlakke-deurdorpel-op-maat\/","name":"Flache T\u00fcrschwelle nach Ma\u00df, belgischer Blaustein - Renier Natuursteen","isPartOf":{"@id":"https:\/\/renier.be\/#website"},"primaryImageOfPage":{"@id":"https:\/\/renier.be\/product\/vlakke-deurdorpel-op-maat\/#primaryimage"},"image":{"@id":"https:\/\/renier.be\/product\/vlakke-deurdorpel-op-maat\/#primaryimage"},"thumbnailUrl":"https:\/\/renier.be\/wp-content\/uploads\/2024\/08\/DOV-BLS5-EDIT-wit.jpg","datePublished":"2024-08-26T06:44:53+00:00","dateModified":"2026-04-01T13:41:19+00:00","description":"Flache T\u00fcrschwelle blau geschliffen nach Ma\u00df. Langlebiger belgischer Blaustein, strapazierf\u00e4hig und zeitlos. Renier Naturstein Natur.","breadcrumb":{"@id":"https:\/\/renier.be\/product\/vlakke-deurdorpel-op-maat\/#breadcrumb"},"inLanguage":"de","potentialAction":[{"@type":"ReadAction","target":["https:\/\/renier.be\/product\/vlakke-deurdorpel-op-maat\/"]}]},{"@type":"ImageObject","inLanguage":"de","@id":"https:\/\/renier.be\/product\/vlakke-deurdorpel-op-maat\/#primaryimage","url":"https:\/\/renier.be\/wp-content\/uploads\/2024\/08\/DOV-BLS5-EDIT-wit.jpg","contentUrl":"https:\/\/renier.be\/wp-content\/uploads\/2024\/08\/DOV-BLS5-EDIT-wit.jpg","width":2400,"height":1599,"caption":"Vlakke deurdorpel blauw geschuurd 100\u00d718 5 cm dik"},{"@type":"BreadcrumbList","@id":"https:\/\/renier.be\/product\/vlakke-deurdorpel-op-maat\/#breadcrumb","itemListElement":[{"@type":"ListItem","position":1,"name":"Home","item":"https:\/\/renier.be\/"},{"@type":"ListItem","position":2,"name":"Producten","item":"https:\/\/renier.be\/producten\/"},{"@type":"ListItem","position":3,"name":"Stel zelf uw vlakke deurdorpel samen in Belgische blauwe hardsteen"}]},{"@type":"WebSite","@id":"https:\/\/renier.be\/#website","url":"https:\/\/renier.be\/","name":"Renier Naturstein","description":"Spezialist f\u00fcr belgischen Blaustein","publisher":{"@id":"https:\/\/renier.be\/#organization"},"potentialAction":[{"@type":"SearchAction","target":{"@type":"EntryPoint","urlTemplate":"https:\/\/renier.be\/?s={search_term_string}"},"query-input":{"@type":"PropertyValueSpecification","valueRequired":true,"valueName":"search_term_string"}}],"inLanguage":"de"},{"@type":"Organization","@id":"https:\/\/renier.be\/#organization","name":"Renier Naturstein","url":"https:\/\/renier.be\/","logo":{"@type":"ImageObject","inLanguage":"de","@id":"https:\/\/renier.be\/#\/schema\/logo\/image\/","url":"","contentUrl":"","caption":"Renier Natuursteen"},"image":{"@id":"https:\/\/renier.be\/#\/schema\/logo\/image\/"},"sameAs":["https:\/\/www.facebook.com\/reniernatuursteen"]}]}},"_links":{"self":[{"href":"https:\/\/renier.be\/de\/wp-json\/wp\/v2\/product\/2050","targetHints":{"allow":["GET"]}}],"collection":[{"href":"https:\/\/renier.be\/de\/wp-json\/wp\/v2\/product"}],"about":[{"href":"https:\/\/renier.be\/de\/wp-json\/wp\/v2\/types\/product"}],"wp:featuredmedia":[{"embeddable":true,"href":"https:\/\/renier.be\/de\/wp-json\/wp\/v2\/media\/2672"}],"wp:attachment":[{"href":"https:\/\/renier.be\/de\/wp-json\/wp\/v2\/media?parent=2050"}],"wp:term":[{"taxonomy":"product_brand","embeddable":true,"href":"https:\/\/renier.be\/de\/wp-json\/wp\/v2\/product_brand?post=2050"},{"taxonomy":"product_cat","embeddable":true,"href":"https:\/\/renier.be\/de\/wp-json\/wp\/v2\/product_cat?post=2050"},{"taxonomy":"product_tag","embeddable":true,"href":"https:\/\/renier.be\/de\/wp-json\/wp\/v2\/product_tag?post=2050"}],"curies":[{"name":"wp","href":"https:\/\/api.w.org\/{rel}","templated":true}]}}