{"id":2055,"date":"2024-08-26T10:02:16","date_gmt":"2024-08-26T08:02:16","guid":{"rendered":"https:\/\/renier.be\/?post_type=product&#038;p=2055"},"modified":"2026-03-27T13:01:40","modified_gmt":"2026-03-27T12:01:40","slug":"flache-fensterbank-blau-geschliffen-100x18-5cm-dick","status":"publish","type":"product","link":"https:\/\/renier.be\/de\/product\/vlakke-raamdorpel-blauw-geschuurd-100x18-5cm-dik\/","title":{"rendered":"Flache Fensterschwelle blau geschliffen 100\u00d718 5cm dick"},"content":{"rendered":"<p>Unser belgischer Blaustein ist eines der best\u00e4ndigsten Materialien der Welt. Dieser uralte Stein, der \u00fcber Millionen von Jahren entstanden ist, wird lokal und umweltfreundlich abgebaut.<\/p>\n<p>Diese flache Fensterbank hat eine blau geschliffene Oberfl\u00e4che mit einer 0,6 x 0,6 cm gro\u00dfen Fallnut, die 2 cm von der Vorderseite und 2 cm von den bearbeiteten K\u00f6pfen entfernt ist.<\/p>\n<p>L\u00e4nge 1m - H\u00f6he 18cm - Dicke 5cm<\/p>\n<p>Sofort verf\u00fcgbar!<\/p>\n<p><img decoding=\"async\" class=\"alignnone size-medium wp-image-1305\" src=\"https:\/\/renier.be\/wp-content\/uploads\/2024\/06\/Renier-logo-met-belgische-vlag-300x99.jpg\" alt=\"\" width=\"300\" height=\"99\" srcset=\"https:\/\/renier.be\/wp-content\/uploads\/2024\/06\/Renier-logo-met-belgische-vlag-300x99.jpg 300w, https:\/\/renier.be\/wp-content\/uploads\/2024\/06\/Renier-logo-met-belgische-vlag-1024x337.jpg 1024w, https:\/\/renier.be\/wp-content\/uploads\/2024\/06\/Renier-logo-met-belgische-vlag-768x253.jpg 768w, https:\/\/renier.be\/wp-content\/uploads\/2024\/06\/Renier-logo-met-belgische-vlag-600x197.jpg 600w, https:\/\/renier.be\/wp-content\/uploads\/2024\/06\/Renier-logo-met-belgische-vlag.jpg 1067w\" sizes=\"(max-width: 300px) 100vw, 300px\" \/><\/p>","protected":false},"excerpt":{"rendered":"<p data-start=\"247\" data-end=\"543\">Diese<strong> flache Fensterbank<\/strong> aus belgischem Blaustein ist eine dauerhafte und stilvolle L\u00f6sung sowohl f\u00fcr Neubauten als auch f\u00fcr Renovierungsprojekte. Mit den Ma\u00dfen 100\u00d718 cm und einer Dicke von 5 cm kombiniert sie Robustheit mit einem eleganten, modernen Aussehen.<\/p>\n<p data-start=\"545\" data-end=\"959\">Die Schwelle ist mit einer sorgf\u00e4ltig ausgearbeiteten <strong data-start=\"598\" data-end=\"652\">Tropfrille von 0,6 \u00d7 0,6 cm, 2 cm von der Vorderseite entfernt<\/strong>die f\u00fcr eine effiziente Wasserableitung sorgt. So wird das Regenwasser sauber von der Fassade weggeleitet und W\u00e4nde und Fensterrahmen bleiben optimal vor Feuchtigkeit und Schmutz gesch\u00fctzt. Dank ihres flachen Designs l\u00e4sst sich diese Fensterbank problemlos in verschiedene architektonische Stile integrieren, von klassisch bis modern.<\/p>\n<p data-start=\"961\" data-end=\"1037\"><strong data-start=\"961\" data-end=\"1035\">Vorteile eines flachen Fensterbretts aus Blaustein:<\/strong><\/p>\n<ul data-start=\"1038\" data-end=\"1426\">\n<li data-start=\"1038\" data-end=\"1102\">\n<p data-start=\"1040\" data-end=\"1102\">Schutz der Fassade und der Fensterrahmen vor Regenwasser und Schmutz<\/p>\n<\/li>\n<li data-start=\"1103\" data-end=\"1174\">\n<p data-start=\"1105\" data-end=\"1174\">Langlebig, strapazierf\u00e4hig und widerstandsf\u00e4hig gegen intensive Witterungseinfl\u00fcsse<\/p>\n<\/li>\n<li data-start=\"1175\" data-end=\"1244\">\n<p data-start=\"1177\" data-end=\"1244\">Schlankes, flaches Design f\u00fcr einen zeitlosen Look<\/p>\n<\/li>\n<li data-start=\"1245\" data-end=\"1314\">\n<p data-start=\"1247\" data-end=\"1314\">Ausgestattet mit einer funktionalen Tropfrille f\u00fcr optimalen Wasserabfluss<\/p>\n<\/li>\n<li data-start=\"1315\" data-end=\"1426\">\n<p data-start=\"1317\" data-end=\"1426\">Perfekt zu kombinieren mit anderen Natursteinl\u00f6sungen wie T\u00fcrschwellen, Fassadensockeln und Fensterb\u00e4nken<\/p>\n<\/li>\n<\/ul>\n<p data-start=\"1428\" data-end=\"1703\">Unter <strong data-start=\"1432\" data-end=\"1454\">Renier Naturstein<\/strong> liefern wir direkt aus unserem eigenen Lager. Das bedeutet kurze Lieferzeiten und garantiert erstklassigen Naturstein. Au\u00dferdem k\u00f6nnen wir dank unserer eigenen Werkstatt auch Ma\u00dfarbeit anbieten, damit jede Fensterbank perfekt zu Ihrem Projekt passt.<\/p>\n<p>Sofort verf\u00fcgbar!<\/p>\n<p data-start=\"1960\" data-end=\"2081\">\ud83d\udc49 Mehr Inspiration ? Siehe <a href=\"https:\/\/renier.be\/de\/rohbau-2\/\">unsere strukturellen L\u00f6sungen <\/a>oder hier entdecken <a href=\"https:\/\/renier.be\/de\/produkte\/?_categorieen=dorpel\">Vollst\u00e4ndige Palette von Schwellen<\/a><\/p>\n<p style=\"text-align: left;\">","protected":false},"featured_media":2672,"template":"","meta":{"_acf_changed":false},"product_brand":[],"product_cat":[31,44,19,64],"product_tag":[106],"class_list":{"0":"post-2055","1":"product","2":"type-product","3":"status-publish","4":"has-post-thumbnail","6":"product_cat-dorpel","7":"product_cat-raamdorpel","8":"product_cat-ruwbouw","9":"product_cat-vlak","10":"product_tag-gmc","11":"product_shipping_class-afhaling","13":"first","14":"instock","15":"taxable","16":"shipping-taxable","17":"purchasable","18":"product-type-simple"},"acf":[],"yoast_head":"<!-- This site is optimized with the Yoast SEO plugin v27.3 - https:\/\/yoast.com\/product\/yoast-seo-wordpress\/ -->\n<title>Vlakke raamdorpel blauw geschuurd 100x18 5cm dik - Renier Natuursteen<\/title>\n<meta name=\"robots\" content=\"index, follow, max-snippet:-1, max-image-preview:large, max-video-preview:-1\" \/>\n<link rel=\"canonical\" href=\"https:\/\/renier.be\/de\/produkt\/flache-fensterbank-blau-geschliffen-100x18-5cm-dick\/\" \/>\n<meta property=\"og:locale\" content=\"de_DE\" \/>\n<meta property=\"og:type\" content=\"article\" \/>\n<meta property=\"og:title\" content=\"Vlakke raamdorpel blauw geschuurd 100x18 5cm dik - Renier Natuursteen\" \/>\n<meta property=\"og:description\" content=\"Deze vlakke raamdorpel uitgevoerd in Belgische blauwe hardsteen, is een duurzame en stijlvolle oplossing voor zowel nieuwbouw als renovatieprojecten. Met zijn afmetingen van 100\u00d718 cm en een dikte van 5 cm combineert hij robuustheid met een strakke, moderne uitstraling. De dorpel is voorzien van een nauwkeurig uitgewerkte drupgroef van 0,6 \u00d7 0,6 cm op 2 cm van de voorkant, die zorgt voor een effici\u00ebnte waterafvoer. Zo wordt regenwater netjes van de gevel weggeleid en blijven muren en raamkaders optimaal beschermd tegen vocht en vervuiling. Dankzij de vlakke uitvoering kan deze raamdorpel eenvoudig ge\u00efntegreerd worden in verschillende bouwstijlen, van klassiek tot modern. Voordelen van een vlakke raamdorpel in blauwe hardsteen:     Bescherming van gevel en raamkaders tegen regenwater en vuil    Duurzaam, slijtvast en bestand tegen intensieve weersomstandigheden    Strakke, vlakke uitvoering voor een tijdloos design    Afgewerkt met een functionele drupgroef voor optimale waterafvoer    Perfect te combineren met andere natuursteenoplossingen zoals deurdorpels, gevelplinten en venstertabletten   Bij Renier Natuursteen leveren we rechtstreeks uit eigen voorraad. Dat betekent korte leveringstermijnen en gegarandeerde eerste keus natuursteen. Bovendien kunnen we dankzij ons eigen atelier ook maatwerk aanbieden, zodat elke dorpel perfect aansluit bij jouw project. Onmiddellijk leverbaar ! \ud83d\udc49 Meer inspiratie ? Bekijk onze ruwbouw oplossingen of ontdek hier alvast het volledige assortiment dorpels\" \/>\n<meta property=\"og:url\" content=\"https:\/\/renier.be\/de\/produkt\/flache-fensterbank-blau-geschliffen-100x18-5cm-dick\/\" \/>\n<meta property=\"og:site_name\" content=\"Renier Natuursteen\" \/>\n<meta property=\"article:publisher\" content=\"https:\/\/www.facebook.com\/reniernatuursteen\" \/>\n<meta property=\"article:modified_time\" content=\"2026-03-27T12:01:40+00:00\" \/>\n<meta property=\"og:image\" content=\"https:\/\/renier.be\/wp-content\/uploads\/2024\/08\/DOV-BLS5-EDIT-wit.jpg\" \/>\n\t<meta property=\"og:image:width\" content=\"2400\" \/>\n\t<meta property=\"og:image:height\" content=\"1599\" \/>\n\t<meta property=\"og:image:type\" content=\"image\/jpeg\" \/>\n<meta name=\"twitter:card\" content=\"summary_large_image\" \/>\n<meta name=\"twitter:label1\" content=\"Gesch\u00e4tzte Lesezeit\" \/>\n\t<meta name=\"twitter:data1\" content=\"1\u00a0Minute\" \/>\n<script type=\"application\/ld+json\" class=\"yoast-schema-graph\">{\"@context\":\"https:\\\/\\\/schema.org\",\"@graph\":[{\"@type\":\"WebPage\",\"@id\":\"https:\\\/\\\/renier.be\\\/product\\\/vlakke-raamdorpel-blauw-geschuurd-100x18-5cm-dik\\\/\",\"url\":\"https:\\\/\\\/renier.be\\\/product\\\/vlakke-raamdorpel-blauw-geschuurd-100x18-5cm-dik\\\/\",\"name\":\"Vlakke raamdorpel blauw geschuurd 100x18 5cm dik - Renier Natuursteen\",\"isPartOf\":{\"@id\":\"https:\\\/\\\/renier.be\\\/#website\"},\"primaryImageOfPage\":{\"@id\":\"https:\\\/\\\/renier.be\\\/product\\\/vlakke-raamdorpel-blauw-geschuurd-100x18-5cm-dik\\\/#primaryimage\"},\"image\":{\"@id\":\"https:\\\/\\\/renier.be\\\/product\\\/vlakke-raamdorpel-blauw-geschuurd-100x18-5cm-dik\\\/#primaryimage\"},\"thumbnailUrl\":\"https:\\\/\\\/renier.be\\\/wp-content\\\/uploads\\\/2024\\\/08\\\/DOV-BLS5-EDIT-wit.jpg\",\"datePublished\":\"2024-08-26T08:02:16+00:00\",\"dateModified\":\"2026-03-27T12:01:40+00:00\",\"breadcrumb\":{\"@id\":\"https:\\\/\\\/renier.be\\\/product\\\/vlakke-raamdorpel-blauw-geschuurd-100x18-5cm-dik\\\/#breadcrumb\"},\"inLanguage\":\"de\",\"potentialAction\":[{\"@type\":\"ReadAction\",\"target\":[\"https:\\\/\\\/renier.be\\\/product\\\/vlakke-raamdorpel-blauw-geschuurd-100x18-5cm-dik\\\/\"]}]},{\"@type\":\"ImageObject\",\"inLanguage\":\"de\",\"@id\":\"https:\\\/\\\/renier.be\\\/product\\\/vlakke-raamdorpel-blauw-geschuurd-100x18-5cm-dik\\\/#primaryimage\",\"url\":\"https:\\\/\\\/renier.be\\\/wp-content\\\/uploads\\\/2024\\\/08\\\/DOV-BLS5-EDIT-wit.jpg\",\"contentUrl\":\"https:\\\/\\\/renier.be\\\/wp-content\\\/uploads\\\/2024\\\/08\\\/DOV-BLS5-EDIT-wit.jpg\",\"width\":2400,\"height\":1599,\"caption\":\"Vlakke deurdorpel blauw geschuurd 100\u00d718 5 cm dik\"},{\"@type\":\"BreadcrumbList\",\"@id\":\"https:\\\/\\\/renier.be\\\/product\\\/vlakke-raamdorpel-blauw-geschuurd-100x18-5cm-dik\\\/#breadcrumb\",\"itemListElement\":[{\"@type\":\"ListItem\",\"position\":1,\"name\":\"Home\",\"item\":\"https:\\\/\\\/renier.be\\\/\"},{\"@type\":\"ListItem\",\"position\":2,\"name\":\"Producten\",\"item\":\"https:\\\/\\\/renier.be\\\/producten\\\/\"},{\"@type\":\"ListItem\",\"position\":3,\"name\":\"Vlakke raamdorpel blauw geschuurd 100&#215;18 5cm dik\"}]},{\"@type\":\"WebSite\",\"@id\":\"https:\\\/\\\/renier.be\\\/#website\",\"url\":\"https:\\\/\\\/renier.be\\\/\",\"name\":\"Renier Natuursteen\",\"description\":\"Specialist in Belgisch Blauwe Hardsteen\",\"publisher\":{\"@id\":\"https:\\\/\\\/renier.be\\\/#organization\"},\"potentialAction\":[{\"@type\":\"SearchAction\",\"target\":{\"@type\":\"EntryPoint\",\"urlTemplate\":\"https:\\\/\\\/renier.be\\\/?s={search_term_string}\"},\"query-input\":{\"@type\":\"PropertyValueSpecification\",\"valueRequired\":true,\"valueName\":\"search_term_string\"}}],\"inLanguage\":\"de\"},{\"@type\":\"Organization\",\"@id\":\"https:\\\/\\\/renier.be\\\/#organization\",\"name\":\"Renier Natuursteen\",\"url\":\"https:\\\/\\\/renier.be\\\/\",\"logo\":{\"@type\":\"ImageObject\",\"inLanguage\":\"de\",\"@id\":\"https:\\\/\\\/renier.be\\\/#\\\/schema\\\/logo\\\/image\\\/\",\"url\":\"\",\"contentUrl\":\"\",\"caption\":\"Renier Natuursteen\"},\"image\":{\"@id\":\"https:\\\/\\\/renier.be\\\/#\\\/schema\\\/logo\\\/image\\\/\"},\"sameAs\":[\"https:\\\/\\\/www.facebook.com\\\/reniernatuursteen\"]}]}<\/script>\n<!-- \/ Yoast SEO plugin. -->","yoast_head_json":{"title":"Flache Fensterbank blau geschliffen 100x18 5cm dick - Renier Natuursteen","robots":{"index":"index","follow":"follow","max-snippet":"max-snippet:-1","max-image-preview":"max-image-preview:large","max-video-preview":"max-video-preview:-1"},"canonical":"https:\/\/renier.be\/de\/produkt\/flache-fensterbank-blau-geschliffen-100x18-5cm-dick\/","og_locale":"de_DE","og_type":"article","og_title":"Vlakke raamdorpel blauw geschuurd 100x18 5cm dik - Renier Natuursteen","og_description":"Deze vlakke raamdorpel uitgevoerd in Belgische blauwe hardsteen, is een duurzame en stijlvolle oplossing voor zowel nieuwbouw als renovatieprojecten. Met zijn afmetingen van 100\u00d718 cm en een dikte van 5 cm combineert hij robuustheid met een strakke, moderne uitstraling. De dorpel is voorzien van een nauwkeurig uitgewerkte drupgroef van 0,6 \u00d7 0,6 cm op 2 cm van de voorkant, die zorgt voor een effici\u00ebnte waterafvoer. Zo wordt regenwater netjes van de gevel weggeleid en blijven muren en raamkaders optimaal beschermd tegen vocht en vervuiling. Dankzij de vlakke uitvoering kan deze raamdorpel eenvoudig ge\u00efntegreerd worden in verschillende bouwstijlen, van klassiek tot modern. Voordelen van een vlakke raamdorpel in blauwe hardsteen:     Bescherming van gevel en raamkaders tegen regenwater en vuil    Duurzaam, slijtvast en bestand tegen intensieve weersomstandigheden    Strakke, vlakke uitvoering voor een tijdloos design    Afgewerkt met een functionele drupgroef voor optimale waterafvoer    Perfect te combineren met andere natuursteenoplossingen zoals deurdorpels, gevelplinten en venstertabletten   Bij Renier Natuursteen leveren we rechtstreeks uit eigen voorraad. Dat betekent korte leveringstermijnen en gegarandeerde eerste keus natuursteen. Bovendien kunnen we dankzij ons eigen atelier ook maatwerk aanbieden, zodat elke dorpel perfect aansluit bij jouw project. Onmiddellijk leverbaar ! \ud83d\udc49 Meer inspiratie ? Bekijk onze ruwbouw oplossingen of ontdek hier alvast het volledige assortiment dorpels","og_url":"https:\/\/renier.be\/de\/produkt\/flache-fensterbank-blau-geschliffen-100x18-5cm-dick\/","og_site_name":"Renier Natuursteen","article_publisher":"https:\/\/www.facebook.com\/reniernatuursteen","article_modified_time":"2026-03-27T12:01:40+00:00","og_image":[{"width":2400,"height":1599,"url":"https:\/\/renier.be\/wp-content\/uploads\/2024\/08\/DOV-BLS5-EDIT-wit.jpg","type":"image\/jpeg"}],"twitter_card":"summary_large_image","twitter_misc":{"Gesch\u00e4tzte Lesezeit":"1\u00a0Minute"},"schema":{"@context":"https:\/\/schema.org","@graph":[{"@type":"WebPage","@id":"https:\/\/renier.be\/product\/vlakke-raamdorpel-blauw-geschuurd-100x18-5cm-dik\/","url":"https:\/\/renier.be\/product\/vlakke-raamdorpel-blauw-geschuurd-100x18-5cm-dik\/","name":"Flache Fensterbank blau geschliffen 100x18 5cm dick - Renier Natuursteen","isPartOf":{"@id":"https:\/\/renier.be\/#website"},"primaryImageOfPage":{"@id":"https:\/\/renier.be\/product\/vlakke-raamdorpel-blauw-geschuurd-100x18-5cm-dik\/#primaryimage"},"image":{"@id":"https:\/\/renier.be\/product\/vlakke-raamdorpel-blauw-geschuurd-100x18-5cm-dik\/#primaryimage"},"thumbnailUrl":"https:\/\/renier.be\/wp-content\/uploads\/2024\/08\/DOV-BLS5-EDIT-wit.jpg","datePublished":"2024-08-26T08:02:16+00:00","dateModified":"2026-03-27T12:01:40+00:00","breadcrumb":{"@id":"https:\/\/renier.be\/product\/vlakke-raamdorpel-blauw-geschuurd-100x18-5cm-dik\/#breadcrumb"},"inLanguage":"de","potentialAction":[{"@type":"ReadAction","target":["https:\/\/renier.be\/product\/vlakke-raamdorpel-blauw-geschuurd-100x18-5cm-dik\/"]}]},{"@type":"ImageObject","inLanguage":"de","@id":"https:\/\/renier.be\/product\/vlakke-raamdorpel-blauw-geschuurd-100x18-5cm-dik\/#primaryimage","url":"https:\/\/renier.be\/wp-content\/uploads\/2024\/08\/DOV-BLS5-EDIT-wit.jpg","contentUrl":"https:\/\/renier.be\/wp-content\/uploads\/2024\/08\/DOV-BLS5-EDIT-wit.jpg","width":2400,"height":1599,"caption":"Vlakke deurdorpel blauw geschuurd 100\u00d718 5 cm dik"},{"@type":"BreadcrumbList","@id":"https:\/\/renier.be\/product\/vlakke-raamdorpel-blauw-geschuurd-100x18-5cm-dik\/#breadcrumb","itemListElement":[{"@type":"ListItem","position":1,"name":"Home","item":"https:\/\/renier.be\/"},{"@type":"ListItem","position":2,"name":"Producten","item":"https:\/\/renier.be\/producten\/"},{"@type":"ListItem","position":3,"name":"Vlakke raamdorpel blauw geschuurd 100&#215;18 5cm dik"}]},{"@type":"WebSite","@id":"https:\/\/renier.be\/#website","url":"https:\/\/renier.be\/","name":"Renier Naturstein","description":"Spezialist f\u00fcr belgischen Blaustein","publisher":{"@id":"https:\/\/renier.be\/#organization"},"potentialAction":[{"@type":"SearchAction","target":{"@type":"EntryPoint","urlTemplate":"https:\/\/renier.be\/?s={search_term_string}"},"query-input":{"@type":"PropertyValueSpecification","valueRequired":true,"valueName":"search_term_string"}}],"inLanguage":"de"},{"@type":"Organization","@id":"https:\/\/renier.be\/#organization","name":"Renier Naturstein","url":"https:\/\/renier.be\/","logo":{"@type":"ImageObject","inLanguage":"de","@id":"https:\/\/renier.be\/#\/schema\/logo\/image\/","url":"","contentUrl":"","caption":"Renier Natuursteen"},"image":{"@id":"https:\/\/renier.be\/#\/schema\/logo\/image\/"},"sameAs":["https:\/\/www.facebook.com\/reniernatuursteen"]}]}},"_links":{"self":[{"href":"https:\/\/renier.be\/de\/wp-json\/wp\/v2\/product\/2055","targetHints":{"allow":["GET"]}}],"collection":[{"href":"https:\/\/renier.be\/de\/wp-json\/wp\/v2\/product"}],"about":[{"href":"https:\/\/renier.be\/de\/wp-json\/wp\/v2\/types\/product"}],"wp:featuredmedia":[{"embeddable":true,"href":"https:\/\/renier.be\/de\/wp-json\/wp\/v2\/media\/2672"}],"wp:attachment":[{"href":"https:\/\/renier.be\/de\/wp-json\/wp\/v2\/media?parent=2055"}],"wp:term":[{"taxonomy":"product_brand","embeddable":true,"href":"https:\/\/renier.be\/de\/wp-json\/wp\/v2\/product_brand?post=2055"},{"taxonomy":"product_cat","embeddable":true,"href":"https:\/\/renier.be\/de\/wp-json\/wp\/v2\/product_cat?post=2055"},{"taxonomy":"product_tag","embeddable":true,"href":"https:\/\/renier.be\/de\/wp-json\/wp\/v2\/product_tag?post=2055"}],"curies":[{"name":"wp","href":"https:\/\/api.w.org\/{rel}","templated":true}]}}