{"id":2084,"date":"2024-08-26T16:01:08","date_gmt":"2024-08-26T14:01:08","guid":{"rendered":"https:\/\/renier.be\/?post_type=product&#038;p=2084"},"modified":"2025-07-03T13:41:23","modified_gmt":"2025-07-03T11:41:23","slug":"komponieren-sie-ihre-eigene-flache-garagentorschwelle-mit-aufkantung-aus-belgischem-blaustein","status":"publish","type":"product","link":"https:\/\/renier.be\/de\/product\/stel-zelf-uw-vlakke-garagedorpel-met-opkant-samen-in-belgische-blauwe-hardsteen\/","title":{"rendered":"Gestalten Sie Ihre flache Garagenschwelle mit Aufkantung aus belgischem Blaustein"},"content":{"rendered":"<p>Unser belgischer Blaustein ist eines der best\u00e4ndigsten Materialien der Welt. Dieser uralte Stein, der \u00fcber Millionen von Jahren entstanden ist, wird lokal und umweltfreundlich abgebaut.<\/p>\n<p>Diese flache Garagenschwelle mit aufgeklebter Kante und abgeschr\u00e4gter Nase kann ganz einfach individuell gestaltet werden:<\/p>\n<ul>\n<li>Blaustein aus unserem eigenen Steinbruch (La Pr\u00e9alle in Sprimont)<\/li>\n<li>Ausf\u00fchrung :\n<ul>\n<li>Oberseite, Vorderseite und beide K\u00f6pfe (5 cm) blau oder grau geschliffen<\/li>\n<li>Die Vorderseite und beide K\u00f6pfe (5 cm) k\u00f6nnen auf Wunsch gefr\u00e4st bearbeitet werden, um ein stilvolles Aussehen zu erzielen<\/li>\n<\/ul>\n<\/li>\n<li>Recht ges\u00e4gt, ohne Tropfrille<\/li>\n<li>Die Umrandung ist geklebt und 2 cm dick und 1 cm h\u00f6her als die Oberfl\u00e4che. Optional kann sie auch massiv geliefert werden<\/li>\n<li>Dicken von 5cm bis 11cm. Bitte beachten Sie, dass die H\u00f6he der Aufkantung inbegriffen ist und immer 1 cm h\u00f6her ist als die Oberseite der Schwelle. Zum Beispiel ergibt eine H\u00f6he von 5 cm eine Schwelle von 4 cm H\u00f6he mit einer Aufkantung von 5 cm H\u00f6he<\/li>\n<li>Die Breite schlie\u00dft die Breite der Aufkantung ein. Eine 18 cm breite Schwelle ist z. B. insgesamt 18 cm breit, also einschlie\u00dflich der 2 cm Breite der Aufkantung<\/li>\n<li>Volle Flexibilit\u00e4t bei den Abmessungen. Bei L\u00e4ngen &gt; 1,80m werden die L\u00e4ngen von uns geteilt. Wenn Sie bestimmte Unterteilungen w\u00fcnschen, lassen Sie es uns bitte wissen.<\/li>\n<li>Die Nase an der Vorderseite ist abgeschr\u00e4gt, damit ein Auto oder Fahrrad leicht einfahren kann.<\/li>\n<\/ul>\n<p><img decoding=\"async\" class=\"alignnone size-medium wp-image-1703\" src=\"https:\/\/renier.be\/wp-content\/uploads\/2024\/08\/DGO-s-300x125.jpg\" alt=\"\" width=\"300\" height=\"125\" srcset=\"https:\/\/renier.be\/wp-content\/uploads\/2024\/08\/DGO-s-300x125.jpg 300w, https:\/\/renier.be\/wp-content\/uploads\/2024\/08\/DGO-s-768x319.jpg 768w, https:\/\/renier.be\/wp-content\/uploads\/2024\/08\/DGO-s-600x250.jpg 600w, https:\/\/renier.be\/wp-content\/uploads\/2024\/08\/DGO-s.jpg 863w\" sizes=\"(max-width: 300px) 100vw, 300px\" \/><\/p>\n<ul>\n<li>Optionen:\n<ul>\n<li>Gehrung 45\u00b0<\/li>\n<li>Abgerundete Nase (siehe 'Komponieren Sie Ihre eigene flache Garagenschwelle mit Aufkantung aus belgischem Blaustein - abgerundet')<\/li>\n<li>Massive Ausf\u00fchrung statt aufgeklebter Kante<\/li>\n<\/ul>\n<\/li>\n<\/ul>\n<p>&nbsp;<\/p>\n<p><img decoding=\"async\" class=\"alignnone size-medium wp-image-1305\" src=\"https:\/\/renier.be\/wp-content\/uploads\/2024\/06\/Renier-logo-met-belgische-vlag-300x99.jpg\" alt=\"\" width=\"300\" height=\"99\" srcset=\"https:\/\/renier.be\/wp-content\/uploads\/2024\/06\/Renier-logo-met-belgische-vlag-300x99.jpg 300w, https:\/\/renier.be\/wp-content\/uploads\/2024\/06\/Renier-logo-met-belgische-vlag-1024x337.jpg 1024w, https:\/\/renier.be\/wp-content\/uploads\/2024\/06\/Renier-logo-met-belgische-vlag-768x253.jpg 768w, https:\/\/renier.be\/wp-content\/uploads\/2024\/06\/Renier-logo-met-belgische-vlag-600x197.jpg 600w, https:\/\/renier.be\/wp-content\/uploads\/2024\/06\/Renier-logo-met-belgische-vlag.jpg 1067w\" sizes=\"(max-width: 300px) 100vw, 300px\" \/><\/p>","protected":false},"excerpt":{"rendered":"<p>Stellen Sie sich hier ganz einfach Ihre ideale flache Garagenschwelle mit angeleimter Kante und abgeschr\u00e4gter Nase ohne Tropfrille zusammen. W\u00e4hlen Sie unten die gew\u00fcnschte Ausf\u00fchrung, Dicke, L\u00e4nge und Breite sowie alle Optionen. Der Preis pro St\u00fcck und pro m\u00b2 wird automatisch berechnet. Sie k\u00f6nnen die gew\u00fcnschte Ausf\u00fchrung jederzeit \u00e4ndern. Klicken Sie dann auf \"In den Warenkorb\" und schlie\u00dfen Sie Ihre Bestellung ab. Die Lieferzeit betr\u00e4gt 2 Wochen.<\/p>\n<h3><\/h3>","protected":false},"featured_media":2973,"template":"","meta":{"_acf_changed":false},"product_brand":[],"product_cat":[31,45,70,19],"product_tag":[],"class_list":{"0":"post-2084","1":"product","2":"type-product","3":"status-publish","4":"has-post-thumbnail","6":"product_cat-dorpel","7":"product_cat-garagedorpel","8":"product_cat-met-opkant-garagedorpel","9":"product_cat-ruwbouw","11":"first","12":"onbackorder","13":"taxable","14":"shipping-taxable","15":"purchasable","16":"product-type-simple"},"acf":[],"yoast_head":"<!-- This site is optimized with the Yoast SEO plugin v27.4 - https:\/\/yoast.com\/product\/yoast-seo-wordpress\/ -->\n<title>Stel zelf uw vlakke garagedorpel met opkant samen in Belgische blauwe hardsteen - Renier Natuursteen<\/title>\n<meta name=\"robots\" content=\"index, follow, max-snippet:-1, max-image-preview:large, max-video-preview:-1\" \/>\n<link rel=\"canonical\" href=\"https:\/\/renier.be\/de\/produkt\/komponieren-sie-ihre-eigene-flache-garagentorschwelle-mit-aufkantung-aus-belgischem-blaustein\/\" \/>\n<meta property=\"og:locale\" content=\"de_DE\" \/>\n<meta property=\"og:type\" content=\"article\" \/>\n<meta property=\"og:title\" content=\"Stel zelf uw vlakke garagedorpel met opkant samen in Belgische blauwe hardsteen - Renier Natuursteen\" \/>\n<meta property=\"og:description\" content=\"Stel hier eenvoudig zelf je ideale vlakke garagedorpel met gekleefde opkant en afgeschuinde neus zonder drupgroef samen. Kies hieronder de gewenste afwerking, de dikte, lengte en breedte en eventuele opties. De prijs per stuk en per m\u00b2 wordt automatisch berekend. Je kan steeds de gewenste afwerking aanpassen. Klik daarna op toevoegen in de winkelwagen en vervolledig je bestelling. Levertijd 2 weken.\" \/>\n<meta property=\"og:url\" content=\"https:\/\/renier.be\/de\/produkt\/komponieren-sie-ihre-eigene-flache-garagentorschwelle-mit-aufkantung-aus-belgischem-blaustein\/\" \/>\n<meta property=\"og:site_name\" content=\"Renier Natuursteen\" \/>\n<meta property=\"article:publisher\" content=\"https:\/\/www.facebook.com\/reniernatuursteen\" \/>\n<meta property=\"article:modified_time\" content=\"2025-07-03T11:41:23+00:00\" \/>\n<meta property=\"og:image\" content=\"https:\/\/renier.be\/wp-content\/uploads\/2024\/10\/DGO-BLS-5s-scaled.jpg\" \/>\n\t<meta property=\"og:image:width\" content=\"2560\" \/>\n\t<meta property=\"og:image:height\" content=\"1707\" \/>\n\t<meta property=\"og:image:type\" content=\"image\/jpeg\" \/>\n<meta name=\"twitter:card\" content=\"summary_large_image\" \/>\n<meta name=\"twitter:label1\" content=\"Gesch\u00e4tzte Lesezeit\" \/>\n\t<meta name=\"twitter:data1\" content=\"2\u00a0Minuten\" \/>\n<script type=\"application\/ld+json\" class=\"yoast-schema-graph\">{\"@context\":\"https:\\\/\\\/schema.org\",\"@graph\":[{\"@type\":\"WebPage\",\"@id\":\"https:\\\/\\\/renier.be\\\/product\\\/stel-zelf-uw-vlakke-garagedorpel-met-opkant-samen-in-belgische-blauwe-hardsteen\\\/\",\"url\":\"https:\\\/\\\/renier.be\\\/product\\\/stel-zelf-uw-vlakke-garagedorpel-met-opkant-samen-in-belgische-blauwe-hardsteen\\\/\",\"name\":\"Stel zelf uw vlakke garagedorpel met opkant samen in Belgische blauwe hardsteen - Renier Natuursteen\",\"isPartOf\":{\"@id\":\"https:\\\/\\\/renier.be\\\/#website\"},\"primaryImageOfPage\":{\"@id\":\"https:\\\/\\\/renier.be\\\/product\\\/stel-zelf-uw-vlakke-garagedorpel-met-opkant-samen-in-belgische-blauwe-hardsteen\\\/#primaryimage\"},\"image\":{\"@id\":\"https:\\\/\\\/renier.be\\\/product\\\/stel-zelf-uw-vlakke-garagedorpel-met-opkant-samen-in-belgische-blauwe-hardsteen\\\/#primaryimage\"},\"thumbnailUrl\":\"https:\\\/\\\/renier.be\\\/wp-content\\\/uploads\\\/2024\\\/10\\\/DGO-BLS-5s-scaled.jpg\",\"datePublished\":\"2024-08-26T14:01:08+00:00\",\"dateModified\":\"2025-07-03T11:41:23+00:00\",\"breadcrumb\":{\"@id\":\"https:\\\/\\\/renier.be\\\/product\\\/stel-zelf-uw-vlakke-garagedorpel-met-opkant-samen-in-belgische-blauwe-hardsteen\\\/#breadcrumb\"},\"inLanguage\":\"de\",\"potentialAction\":[{\"@type\":\"ReadAction\",\"target\":[\"https:\\\/\\\/renier.be\\\/product\\\/stel-zelf-uw-vlakke-garagedorpel-met-opkant-samen-in-belgische-blauwe-hardsteen\\\/\"]}]},{\"@type\":\"ImageObject\",\"inLanguage\":\"de\",\"@id\":\"https:\\\/\\\/renier.be\\\/product\\\/stel-zelf-uw-vlakke-garagedorpel-met-opkant-samen-in-belgische-blauwe-hardsteen\\\/#primaryimage\",\"url\":\"https:\\\/\\\/renier.be\\\/wp-content\\\/uploads\\\/2024\\\/10\\\/DGO-BLS-5s-scaled.jpg\",\"contentUrl\":\"https:\\\/\\\/renier.be\\\/wp-content\\\/uploads\\\/2024\\\/10\\\/DGO-BLS-5s-scaled.jpg\",\"width\":2560,\"height\":1707},{\"@type\":\"BreadcrumbList\",\"@id\":\"https:\\\/\\\/renier.be\\\/product\\\/stel-zelf-uw-vlakke-garagedorpel-met-opkant-samen-in-belgische-blauwe-hardsteen\\\/#breadcrumb\",\"itemListElement\":[{\"@type\":\"ListItem\",\"position\":1,\"name\":\"Home\",\"item\":\"https:\\\/\\\/renier.be\\\/\"},{\"@type\":\"ListItem\",\"position\":2,\"name\":\"Producten\",\"item\":\"https:\\\/\\\/renier.be\\\/producten\\\/\"},{\"@type\":\"ListItem\",\"position\":3,\"name\":\"Stel zelf uw vlakke garagedorpel met opkant samen in Belgische blauwe hardsteen\"}]},{\"@type\":\"WebSite\",\"@id\":\"https:\\\/\\\/renier.be\\\/#website\",\"url\":\"https:\\\/\\\/renier.be\\\/\",\"name\":\"Renier Natuursteen\",\"description\":\"Specialist in Belgisch Blauwe Hardsteen\",\"publisher\":{\"@id\":\"https:\\\/\\\/renier.be\\\/#organization\"},\"potentialAction\":[{\"@type\":\"SearchAction\",\"target\":{\"@type\":\"EntryPoint\",\"urlTemplate\":\"https:\\\/\\\/renier.be\\\/?s={search_term_string}\"},\"query-input\":{\"@type\":\"PropertyValueSpecification\",\"valueRequired\":true,\"valueName\":\"search_term_string\"}}],\"inLanguage\":\"de\"},{\"@type\":\"Organization\",\"@id\":\"https:\\\/\\\/renier.be\\\/#organization\",\"name\":\"Renier Natuursteen\",\"url\":\"https:\\\/\\\/renier.be\\\/\",\"logo\":{\"@type\":\"ImageObject\",\"inLanguage\":\"de\",\"@id\":\"https:\\\/\\\/renier.be\\\/#\\\/schema\\\/logo\\\/image\\\/\",\"url\":\"\",\"contentUrl\":\"\",\"caption\":\"Renier Natuursteen\"},\"image\":{\"@id\":\"https:\\\/\\\/renier.be\\\/#\\\/schema\\\/logo\\\/image\\\/\"},\"sameAs\":[\"https:\\\/\\\/www.facebook.com\\\/reniernatuursteen\"]}]}<\/script>\n<!-- \/ Yoast SEO plugin. -->","yoast_head_json":{"title":"Stellen Sie Ihre eigene flache Garagenschwelle mit Aufkantung aus belgischem Blaustein zusammen - Renier Natuursteen","robots":{"index":"index","follow":"follow","max-snippet":"max-snippet:-1","max-image-preview":"max-image-preview:large","max-video-preview":"max-video-preview:-1"},"canonical":"https:\/\/renier.be\/de\/produkt\/komponieren-sie-ihre-eigene-flache-garagentorschwelle-mit-aufkantung-aus-belgischem-blaustein\/","og_locale":"de_DE","og_type":"article","og_title":"Stel zelf uw vlakke garagedorpel met opkant samen in Belgische blauwe hardsteen - Renier Natuursteen","og_description":"Stel hier eenvoudig zelf je ideale vlakke garagedorpel met gekleefde opkant en afgeschuinde neus zonder drupgroef samen. Kies hieronder de gewenste afwerking, de dikte, lengte en breedte en eventuele opties. De prijs per stuk en per m\u00b2 wordt automatisch berekend. Je kan steeds de gewenste afwerking aanpassen. Klik daarna op toevoegen in de winkelwagen en vervolledig je bestelling. Levertijd 2 weken.","og_url":"https:\/\/renier.be\/de\/produkt\/komponieren-sie-ihre-eigene-flache-garagentorschwelle-mit-aufkantung-aus-belgischem-blaustein\/","og_site_name":"Renier Natuursteen","article_publisher":"https:\/\/www.facebook.com\/reniernatuursteen","article_modified_time":"2025-07-03T11:41:23+00:00","og_image":[{"width":2560,"height":1707,"url":"https:\/\/renier.be\/wp-content\/uploads\/2024\/10\/DGO-BLS-5s-scaled.jpg","type":"image\/jpeg"}],"twitter_card":"summary_large_image","twitter_misc":{"Gesch\u00e4tzte Lesezeit":"2\u00a0Minuten"},"schema":{"@context":"https:\/\/schema.org","@graph":[{"@type":"WebPage","@id":"https:\/\/renier.be\/product\/stel-zelf-uw-vlakke-garagedorpel-met-opkant-samen-in-belgische-blauwe-hardsteen\/","url":"https:\/\/renier.be\/product\/stel-zelf-uw-vlakke-garagedorpel-met-opkant-samen-in-belgische-blauwe-hardsteen\/","name":"Stellen Sie Ihre eigene flache Garagenschwelle mit Aufkantung aus belgischem Blaustein zusammen - Renier Natuursteen","isPartOf":{"@id":"https:\/\/renier.be\/#website"},"primaryImageOfPage":{"@id":"https:\/\/renier.be\/product\/stel-zelf-uw-vlakke-garagedorpel-met-opkant-samen-in-belgische-blauwe-hardsteen\/#primaryimage"},"image":{"@id":"https:\/\/renier.be\/product\/stel-zelf-uw-vlakke-garagedorpel-met-opkant-samen-in-belgische-blauwe-hardsteen\/#primaryimage"},"thumbnailUrl":"https:\/\/renier.be\/wp-content\/uploads\/2024\/10\/DGO-BLS-5s-scaled.jpg","datePublished":"2024-08-26T14:01:08+00:00","dateModified":"2025-07-03T11:41:23+00:00","breadcrumb":{"@id":"https:\/\/renier.be\/product\/stel-zelf-uw-vlakke-garagedorpel-met-opkant-samen-in-belgische-blauwe-hardsteen\/#breadcrumb"},"inLanguage":"de","potentialAction":[{"@type":"ReadAction","target":["https:\/\/renier.be\/product\/stel-zelf-uw-vlakke-garagedorpel-met-opkant-samen-in-belgische-blauwe-hardsteen\/"]}]},{"@type":"ImageObject","inLanguage":"de","@id":"https:\/\/renier.be\/product\/stel-zelf-uw-vlakke-garagedorpel-met-opkant-samen-in-belgische-blauwe-hardsteen\/#primaryimage","url":"https:\/\/renier.be\/wp-content\/uploads\/2024\/10\/DGO-BLS-5s-scaled.jpg","contentUrl":"https:\/\/renier.be\/wp-content\/uploads\/2024\/10\/DGO-BLS-5s-scaled.jpg","width":2560,"height":1707},{"@type":"BreadcrumbList","@id":"https:\/\/renier.be\/product\/stel-zelf-uw-vlakke-garagedorpel-met-opkant-samen-in-belgische-blauwe-hardsteen\/#breadcrumb","itemListElement":[{"@type":"ListItem","position":1,"name":"Home","item":"https:\/\/renier.be\/"},{"@type":"ListItem","position":2,"name":"Producten","item":"https:\/\/renier.be\/producten\/"},{"@type":"ListItem","position":3,"name":"Stel zelf uw vlakke garagedorpel met opkant samen in Belgische blauwe hardsteen"}]},{"@type":"WebSite","@id":"https:\/\/renier.be\/#website","url":"https:\/\/renier.be\/","name":"Renier Naturstein","description":"Spezialist f\u00fcr belgischen Blaustein","publisher":{"@id":"https:\/\/renier.be\/#organization"},"potentialAction":[{"@type":"SearchAction","target":{"@type":"EntryPoint","urlTemplate":"https:\/\/renier.be\/?s={search_term_string}"},"query-input":{"@type":"PropertyValueSpecification","valueRequired":true,"valueName":"search_term_string"}}],"inLanguage":"de"},{"@type":"Organization","@id":"https:\/\/renier.be\/#organization","name":"Renier Naturstein","url":"https:\/\/renier.be\/","logo":{"@type":"ImageObject","inLanguage":"de","@id":"https:\/\/renier.be\/#\/schema\/logo\/image\/","url":"","contentUrl":"","caption":"Renier Natuursteen"},"image":{"@id":"https:\/\/renier.be\/#\/schema\/logo\/image\/"},"sameAs":["https:\/\/www.facebook.com\/reniernatuursteen"]}]}},"_links":{"self":[{"href":"https:\/\/renier.be\/de\/wp-json\/wp\/v2\/product\/2084","targetHints":{"allow":["GET"]}}],"collection":[{"href":"https:\/\/renier.be\/de\/wp-json\/wp\/v2\/product"}],"about":[{"href":"https:\/\/renier.be\/de\/wp-json\/wp\/v2\/types\/product"}],"wp:featuredmedia":[{"embeddable":true,"href":"https:\/\/renier.be\/de\/wp-json\/wp\/v2\/media\/2973"}],"wp:attachment":[{"href":"https:\/\/renier.be\/de\/wp-json\/wp\/v2\/media?parent=2084"}],"wp:term":[{"taxonomy":"product_brand","embeddable":true,"href":"https:\/\/renier.be\/de\/wp-json\/wp\/v2\/product_brand?post=2084"},{"taxonomy":"product_cat","embeddable":true,"href":"https:\/\/renier.be\/de\/wp-json\/wp\/v2\/product_cat?post=2084"},{"taxonomy":"product_tag","embeddable":true,"href":"https:\/\/renier.be\/de\/wp-json\/wp\/v2\/product_tag?post=2084"}],"curies":[{"name":"wp","href":"https:\/\/api.w.org\/{rel}","templated":true}]}}