{"id":2309,"date":"2024-09-10T13:41:09","date_gmt":"2024-09-10T11:41:09","guid":{"rendered":"https:\/\/renier.be\/?post_type=product&#038;p=2309"},"modified":"2026-03-27T13:01:44","modified_gmt":"2026-03-27T12:01:44","slug":"lithofin-losefix","status":"publish","type":"product","link":"https:\/\/renier.be\/de\/product\/lithofin-losefix\/","title":{"rendered":"Lithofin L\u00f6sefix"},"content":{"rendered":"<p>Entfernt Wachsschichten, Beschichtungen, Teer, hartn\u00e4ckige \u00d6l- und Fettflecken, Farb- und Klebstoffreste sowie Silikonreste.<br \/>\nDie Schadstoffe werden gel\u00f6st und k\u00f6nnen dann mit Wasser entfernt werden.<br \/>\nentfernt auch tief sitzende Verschmutzungen von allen Natursteinen<\/p>\n<ul>\n<li>gebrauchsfertige<\/li>\n<li>mit Tiefenwirkung<\/li>\n<li>enth\u00e4lt L\u00f6sungsmittel<\/li>\n<\/ul>\n<p>Verbrauch: ca. 5-10m\u00b2 pro Liter<\/p>\n<p>Verpackung: 1 Liter<\/p>","protected":false},"excerpt":{"rendered":"<p>L\u00f6st organische Verunreinigungen wie Wachs, \u00d6l, Fett, Teer, Bitumen, frische Farbe, transparente Holzanstriche, Schutzanstriche, ausgeh\u00e4rtete R\u00fcckst\u00e4nde von Steinpflegemitteln usw. und macht sie mit Wasser entfernbar.<\/p>\n<p>Versandkosten BE 9,95\u20ac inkl. MwSt. <strong>Kostenlose Lieferung ab 100 \u20ac<\/strong>.<\/p>","protected":false},"featured_media":2206,"template":"","meta":{"_acf_changed":false},"product_brand":[],"product_cat":[76,84],"product_tag":[106],"class_list":{"0":"post-2309","1":"product","2":"type-product","3":"status-publish","4":"has-post-thumbnail","6":"product_cat-onderhoud-reiging","7":"product_cat-vlekken-verwijderen","8":"product_tag-gmc","9":"product_shipping_class-afhaling","11":"first","12":"instock","13":"taxable","14":"shipping-taxable","15":"purchasable","16":"product-type-simple"},"acf":[],"yoast_head":"<!-- This site is optimized with the Yoast SEO plugin v27.3 - https:\/\/yoast.com\/product\/yoast-seo-wordpress\/ -->\n<title>Lithofin L\u00f6sefix - Renier Natuursteen<\/title>\n<meta name=\"robots\" content=\"index, follow, max-snippet:-1, max-image-preview:large, max-video-preview:-1\" \/>\n<link rel=\"canonical\" href=\"https:\/\/renier.be\/de\/produkt\/lithofin-losefix\/\" \/>\n<meta property=\"og:locale\" content=\"de_DE\" \/>\n<meta property=\"og:type\" content=\"article\" \/>\n<meta property=\"og:title\" content=\"Lithofin L\u00f6sefix - Renier Natuursteen\" \/>\n<meta property=\"og:description\" content=\"Lost organische verontreinigingen op zoals was, olie, vet, teer, bitumen, verse verf, doorzichtige verfsoorten voor hout, beschermlagen, verharde resten van onderhoudsmiddelen voor stenen enz. en maakt deze afneembaar met water.  Verzendkost BE 9,95\u20ac incl BTW. Gratis levering vanaf \u20ac100.\" \/>\n<meta property=\"og:url\" content=\"https:\/\/renier.be\/de\/produkt\/lithofin-losefix\/\" \/>\n<meta property=\"og:site_name\" content=\"Renier Natuursteen\" \/>\n<meta property=\"article:publisher\" content=\"https:\/\/www.facebook.com\/reniernatuursteen\" \/>\n<meta property=\"article:modified_time\" content=\"2026-03-27T12:01:44+00:00\" \/>\n<meta property=\"og:image\" content=\"https:\/\/renier.be\/wp-content\/uploads\/2024\/09\/018-1B5-12_Losefix.gif\" \/>\n\t<meta property=\"og:image:width\" content=\"1066\" \/>\n\t<meta property=\"og:image:height\" content=\"1772\" \/>\n\t<meta property=\"og:image:type\" content=\"image\/gif\" \/>\n<meta name=\"twitter:card\" content=\"summary_large_image\" \/>\n<meta name=\"twitter:label1\" content=\"Gesch\u00e4tzte Lesezeit\" \/>\n\t<meta name=\"twitter:data1\" content=\"1\u00a0Minute\" \/>\n<script type=\"application\/ld+json\" class=\"yoast-schema-graph\">{\"@context\":\"https:\\\/\\\/schema.org\",\"@graph\":[{\"@type\":\"WebPage\",\"@id\":\"https:\\\/\\\/renier.be\\\/product\\\/lithofin-losefix\\\/\",\"url\":\"https:\\\/\\\/renier.be\\\/product\\\/lithofin-losefix\\\/\",\"name\":\"Lithofin L\u00f6sefix - Renier Natuursteen\",\"isPartOf\":{\"@id\":\"https:\\\/\\\/renier.be\\\/#website\"},\"primaryImageOfPage\":{\"@id\":\"https:\\\/\\\/renier.be\\\/product\\\/lithofin-losefix\\\/#primaryimage\"},\"image\":{\"@id\":\"https:\\\/\\\/renier.be\\\/product\\\/lithofin-losefix\\\/#primaryimage\"},\"thumbnailUrl\":\"https:\\\/\\\/renier.be\\\/wp-content\\\/uploads\\\/2024\\\/09\\\/018-1B5-12_Losefix.gif\",\"datePublished\":\"2024-09-10T11:41:09+00:00\",\"dateModified\":\"2026-03-27T12:01:44+00:00\",\"breadcrumb\":{\"@id\":\"https:\\\/\\\/renier.be\\\/product\\\/lithofin-losefix\\\/#breadcrumb\"},\"inLanguage\":\"de\",\"potentialAction\":[{\"@type\":\"ReadAction\",\"target\":[\"https:\\\/\\\/renier.be\\\/product\\\/lithofin-losefix\\\/\"]}]},{\"@type\":\"ImageObject\",\"inLanguage\":\"de\",\"@id\":\"https:\\\/\\\/renier.be\\\/product\\\/lithofin-losefix\\\/#primaryimage\",\"url\":\"https:\\\/\\\/renier.be\\\/wp-content\\\/uploads\\\/2024\\\/09\\\/018-1B5-12_Losefix.gif\",\"contentUrl\":\"https:\\\/\\\/renier.be\\\/wp-content\\\/uploads\\\/2024\\\/09\\\/018-1B5-12_Losefix.gif\",\"width\":1066,\"height\":1772},{\"@type\":\"BreadcrumbList\",\"@id\":\"https:\\\/\\\/renier.be\\\/product\\\/lithofin-losefix\\\/#breadcrumb\",\"itemListElement\":[{\"@type\":\"ListItem\",\"position\":1,\"name\":\"Home\",\"item\":\"https:\\\/\\\/renier.be\\\/\"},{\"@type\":\"ListItem\",\"position\":2,\"name\":\"Producten\",\"item\":\"https:\\\/\\\/renier.be\\\/producten\\\/\"},{\"@type\":\"ListItem\",\"position\":3,\"name\":\"Lithofin L\u00f6sefix\"}]},{\"@type\":\"WebSite\",\"@id\":\"https:\\\/\\\/renier.be\\\/#website\",\"url\":\"https:\\\/\\\/renier.be\\\/\",\"name\":\"Renier Natuursteen\",\"description\":\"Specialist in Belgisch Blauwe Hardsteen\",\"publisher\":{\"@id\":\"https:\\\/\\\/renier.be\\\/#organization\"},\"potentialAction\":[{\"@type\":\"SearchAction\",\"target\":{\"@type\":\"EntryPoint\",\"urlTemplate\":\"https:\\\/\\\/renier.be\\\/?s={search_term_string}\"},\"query-input\":{\"@type\":\"PropertyValueSpecification\",\"valueRequired\":true,\"valueName\":\"search_term_string\"}}],\"inLanguage\":\"de\"},{\"@type\":\"Organization\",\"@id\":\"https:\\\/\\\/renier.be\\\/#organization\",\"name\":\"Renier Natuursteen\",\"url\":\"https:\\\/\\\/renier.be\\\/\",\"logo\":{\"@type\":\"ImageObject\",\"inLanguage\":\"de\",\"@id\":\"https:\\\/\\\/renier.be\\\/#\\\/schema\\\/logo\\\/image\\\/\",\"url\":\"\",\"contentUrl\":\"\",\"caption\":\"Renier Natuursteen\"},\"image\":{\"@id\":\"https:\\\/\\\/renier.be\\\/#\\\/schema\\\/logo\\\/image\\\/\"},\"sameAs\":[\"https:\\\/\\\/www.facebook.com\\\/reniernatuursteen\"]}]}<\/script>\n<!-- \/ Yoast SEO plugin. -->","yoast_head_json":{"title":"Lithofin L\u00f6sefix - Renier Naturstein","robots":{"index":"index","follow":"follow","max-snippet":"max-snippet:-1","max-image-preview":"max-image-preview:large","max-video-preview":"max-video-preview:-1"},"canonical":"https:\/\/renier.be\/de\/produkt\/lithofin-losefix\/","og_locale":"de_DE","og_type":"article","og_title":"Lithofin L\u00f6sefix - Renier Natuursteen","og_description":"Lost organische verontreinigingen op zoals was, olie, vet, teer, bitumen, verse verf, doorzichtige verfsoorten voor hout, beschermlagen, verharde resten van onderhoudsmiddelen voor stenen enz. en maakt deze afneembaar met water.  Verzendkost BE 9,95\u20ac incl BTW. Gratis levering vanaf \u20ac100.","og_url":"https:\/\/renier.be\/de\/produkt\/lithofin-losefix\/","og_site_name":"Renier Natuursteen","article_publisher":"https:\/\/www.facebook.com\/reniernatuursteen","article_modified_time":"2026-03-27T12:01:44+00:00","og_image":[{"width":1066,"height":1772,"url":"https:\/\/renier.be\/wp-content\/uploads\/2024\/09\/018-1B5-12_Losefix.gif","type":"image\/gif"}],"twitter_card":"summary_large_image","twitter_misc":{"Gesch\u00e4tzte Lesezeit":"1\u00a0Minute"},"schema":{"@context":"https:\/\/schema.org","@graph":[{"@type":"WebPage","@id":"https:\/\/renier.be\/product\/lithofin-losefix\/","url":"https:\/\/renier.be\/product\/lithofin-losefix\/","name":"Lithofin L\u00f6sefix - Renier Naturstein","isPartOf":{"@id":"https:\/\/renier.be\/#website"},"primaryImageOfPage":{"@id":"https:\/\/renier.be\/product\/lithofin-losefix\/#primaryimage"},"image":{"@id":"https:\/\/renier.be\/product\/lithofin-losefix\/#primaryimage"},"thumbnailUrl":"https:\/\/renier.be\/wp-content\/uploads\/2024\/09\/018-1B5-12_Losefix.gif","datePublished":"2024-09-10T11:41:09+00:00","dateModified":"2026-03-27T12:01:44+00:00","breadcrumb":{"@id":"https:\/\/renier.be\/product\/lithofin-losefix\/#breadcrumb"},"inLanguage":"de","potentialAction":[{"@type":"ReadAction","target":["https:\/\/renier.be\/product\/lithofin-losefix\/"]}]},{"@type":"ImageObject","inLanguage":"de","@id":"https:\/\/renier.be\/product\/lithofin-losefix\/#primaryimage","url":"https:\/\/renier.be\/wp-content\/uploads\/2024\/09\/018-1B5-12_Losefix.gif","contentUrl":"https:\/\/renier.be\/wp-content\/uploads\/2024\/09\/018-1B5-12_Losefix.gif","width":1066,"height":1772},{"@type":"BreadcrumbList","@id":"https:\/\/renier.be\/product\/lithofin-losefix\/#breadcrumb","itemListElement":[{"@type":"ListItem","position":1,"name":"Home","item":"https:\/\/renier.be\/"},{"@type":"ListItem","position":2,"name":"Producten","item":"https:\/\/renier.be\/producten\/"},{"@type":"ListItem","position":3,"name":"Lithofin L\u00f6sefix"}]},{"@type":"WebSite","@id":"https:\/\/renier.be\/#website","url":"https:\/\/renier.be\/","name":"Renier Naturstein","description":"Spezialist f\u00fcr belgischen Blaustein","publisher":{"@id":"https:\/\/renier.be\/#organization"},"potentialAction":[{"@type":"SearchAction","target":{"@type":"EntryPoint","urlTemplate":"https:\/\/renier.be\/?s={search_term_string}"},"query-input":{"@type":"PropertyValueSpecification","valueRequired":true,"valueName":"search_term_string"}}],"inLanguage":"de"},{"@type":"Organization","@id":"https:\/\/renier.be\/#organization","name":"Renier Naturstein","url":"https:\/\/renier.be\/","logo":{"@type":"ImageObject","inLanguage":"de","@id":"https:\/\/renier.be\/#\/schema\/logo\/image\/","url":"","contentUrl":"","caption":"Renier Natuursteen"},"image":{"@id":"https:\/\/renier.be\/#\/schema\/logo\/image\/"},"sameAs":["https:\/\/www.facebook.com\/reniernatuursteen"]}]}},"_links":{"self":[{"href":"https:\/\/renier.be\/de\/wp-json\/wp\/v2\/product\/2309","targetHints":{"allow":["GET"]}}],"collection":[{"href":"https:\/\/renier.be\/de\/wp-json\/wp\/v2\/product"}],"about":[{"href":"https:\/\/renier.be\/de\/wp-json\/wp\/v2\/types\/product"}],"wp:featuredmedia":[{"embeddable":true,"href":"https:\/\/renier.be\/de\/wp-json\/wp\/v2\/media\/2206"}],"wp:attachment":[{"href":"https:\/\/renier.be\/de\/wp-json\/wp\/v2\/media?parent=2309"}],"wp:term":[{"taxonomy":"product_brand","embeddable":true,"href":"https:\/\/renier.be\/de\/wp-json\/wp\/v2\/product_brand?post=2309"},{"taxonomy":"product_cat","embeddable":true,"href":"https:\/\/renier.be\/de\/wp-json\/wp\/v2\/product_cat?post=2309"},{"taxonomy":"product_tag","embeddable":true,"href":"https:\/\/renier.be\/de\/wp-json\/wp\/v2\/product_tag?post=2309"}],"curies":[{"name":"wp","href":"https:\/\/api.w.org\/{rel}","templated":true}]}}