{"id":2311,"date":"2024-09-10T13:45:19","date_gmt":"2024-09-10T11:45:19","guid":{"rendered":"https:\/\/renier.be\/?post_type=product&#038;p=2311"},"modified":"2026-03-27T13:01:43","modified_gmt":"2026-03-27T12:01:43","slug":"lithofin-mn-blue-stone-pflegemittel","status":"publish","type":"product","link":"https:\/\/renier.be\/de\/product\/lithofin-mn-blauwe-steen-onderhoudsproduct\/","title":{"rendered":"Lithofin MN Blaustein Pflegemittel"},"content":{"rendered":"<p>Reinigt und pflegt in einem Arbeitsgang und macht bei regelm\u00e4\u00dfiger Anwendung im Wischwasser den Hartstein immer sch\u00f6ner und widerstandsf\u00e4higer.<\/p>\n<p>- konzentrieren<br \/>\n- sehr ergiebig<br \/>\n- bildet keine Schichten<br \/>\n- laugt nicht aus<\/p>\n<p>Dosierung: ca. 20ml in einem Eimer mit 10 Litern Wasser.<br \/>\nVerpackung: 1 Liter<\/p>","protected":false},"excerpt":{"rendered":"<p>Ideal f\u00fcr die regelm\u00e4\u00dfige Reinigung aller Bel\u00e4ge aus Blaustein und anderen Natursteinoberfl\u00e4chen. Geeignet f\u00fcr polierte, geschliffene und grob gerillte Oberfl\u00e4chen. In einem einfachen Schritt reinigen und sch\u00fctzen Sie m\u00fchelos die Oberfl\u00e4che.<\/p>\n<p>Versandkosten BE 9,95\u20ac inkl. MwSt. <strong>Kostenlose Lieferung ab 100 \u20ac<\/strong>.<\/p>","protected":false},"featured_media":2240,"template":"","meta":{"_acf_changed":false},"product_brand":[],"product_cat":[83,76],"product_tag":[106],"class_list":{"0":"post-2311","1":"product","2":"type-product","3":"status-publish","4":"has-post-thumbnail","6":"product_cat-onderhoud","7":"product_cat-onderhoud-reiging","8":"product_tag-gmc","9":"product_shipping_class-afhaling","11":"first","12":"instock","13":"taxable","14":"shipping-taxable","15":"purchasable","16":"product-type-simple"},"acf":[],"yoast_head":"<!-- This site is optimized with the Yoast SEO plugin v27.3 - https:\/\/yoast.com\/product\/yoast-seo-wordpress\/ -->\n<title>Lithofin MN Blauwe Steen onderhoudsproduct - Renier Natuursteen<\/title>\n<meta name=\"robots\" content=\"index, follow, max-snippet:-1, max-image-preview:large, max-video-preview:-1\" \/>\n<link rel=\"canonical\" href=\"https:\/\/renier.be\/de\/produkt\/lithofin-mn-blue-stone-pflegemittel\/\" \/>\n<meta property=\"og:locale\" content=\"de_DE\" \/>\n<meta property=\"og:type\" content=\"article\" \/>\n<meta property=\"og:title\" content=\"Lithofin MN Blauwe Steen onderhoudsproduct - Renier Natuursteen\" \/>\n<meta property=\"og:description\" content=\"Ideaal voor het regelmatig reinigen van alle bekledingen van blauwe hardsteen en andere natuursteenoppervlakken. Geschikt voor gepolijste, geslepen en ruw gegroefde afwerkingen. In \u00e9\u00e9n eenvoudige stap reinigt en beschermt u moeiteloos het oppervlak.  Verzendkost BE 9,95\u20ac incl BTW. Gratis levering vanaf \u20ac100.\" \/>\n<meta property=\"og:url\" content=\"https:\/\/renier.be\/de\/produkt\/lithofin-mn-blue-stone-pflegemittel\/\" \/>\n<meta property=\"og:site_name\" content=\"Renier Natuursteen\" \/>\n<meta property=\"article:publisher\" content=\"https:\/\/www.facebook.com\/reniernatuursteen\" \/>\n<meta property=\"article:modified_time\" content=\"2026-03-27T12:01:43+00:00\" \/>\n<meta property=\"og:image\" content=\"https:\/\/renier.be\/wp-content\/uploads\/2024\/09\/389-1B5-12_Onderhoudsproduct_Blauwe_Hardsteen.gif\" \/>\n\t<meta property=\"og:image:width\" content=\"1066\" \/>\n\t<meta property=\"og:image:height\" content=\"1772\" \/>\n\t<meta property=\"og:image:type\" content=\"image\/gif\" \/>\n<meta name=\"twitter:card\" content=\"summary_large_image\" \/>\n<meta name=\"twitter:label1\" content=\"Gesch\u00e4tzte Lesezeit\" \/>\n\t<meta name=\"twitter:data1\" content=\"1\u00a0Minute\" \/>\n<script type=\"application\/ld+json\" class=\"yoast-schema-graph\">{\"@context\":\"https:\\\/\\\/schema.org\",\"@graph\":[{\"@type\":\"WebPage\",\"@id\":\"https:\\\/\\\/renier.be\\\/product\\\/lithofin-mn-blauwe-steen-onderhoudsproduct\\\/\",\"url\":\"https:\\\/\\\/renier.be\\\/product\\\/lithofin-mn-blauwe-steen-onderhoudsproduct\\\/\",\"name\":\"Lithofin MN Blauwe Steen onderhoudsproduct - Renier Natuursteen\",\"isPartOf\":{\"@id\":\"https:\\\/\\\/renier.be\\\/#website\"},\"primaryImageOfPage\":{\"@id\":\"https:\\\/\\\/renier.be\\\/product\\\/lithofin-mn-blauwe-steen-onderhoudsproduct\\\/#primaryimage\"},\"image\":{\"@id\":\"https:\\\/\\\/renier.be\\\/product\\\/lithofin-mn-blauwe-steen-onderhoudsproduct\\\/#primaryimage\"},\"thumbnailUrl\":\"https:\\\/\\\/renier.be\\\/wp-content\\\/uploads\\\/2024\\\/09\\\/389-1B5-12_Onderhoudsproduct_Blauwe_Hardsteen.gif\",\"datePublished\":\"2024-09-10T11:45:19+00:00\",\"dateModified\":\"2026-03-27T12:01:43+00:00\",\"breadcrumb\":{\"@id\":\"https:\\\/\\\/renier.be\\\/product\\\/lithofin-mn-blauwe-steen-onderhoudsproduct\\\/#breadcrumb\"},\"inLanguage\":\"de\",\"potentialAction\":[{\"@type\":\"ReadAction\",\"target\":[\"https:\\\/\\\/renier.be\\\/product\\\/lithofin-mn-blauwe-steen-onderhoudsproduct\\\/\"]}]},{\"@type\":\"ImageObject\",\"inLanguage\":\"de\",\"@id\":\"https:\\\/\\\/renier.be\\\/product\\\/lithofin-mn-blauwe-steen-onderhoudsproduct\\\/#primaryimage\",\"url\":\"https:\\\/\\\/renier.be\\\/wp-content\\\/uploads\\\/2024\\\/09\\\/389-1B5-12_Onderhoudsproduct_Blauwe_Hardsteen.gif\",\"contentUrl\":\"https:\\\/\\\/renier.be\\\/wp-content\\\/uploads\\\/2024\\\/09\\\/389-1B5-12_Onderhoudsproduct_Blauwe_Hardsteen.gif\",\"width\":1066,\"height\":1772},{\"@type\":\"BreadcrumbList\",\"@id\":\"https:\\\/\\\/renier.be\\\/product\\\/lithofin-mn-blauwe-steen-onderhoudsproduct\\\/#breadcrumb\",\"itemListElement\":[{\"@type\":\"ListItem\",\"position\":1,\"name\":\"Home\",\"item\":\"https:\\\/\\\/renier.be\\\/\"},{\"@type\":\"ListItem\",\"position\":2,\"name\":\"Producten\",\"item\":\"https:\\\/\\\/renier.be\\\/producten\\\/\"},{\"@type\":\"ListItem\",\"position\":3,\"name\":\"Lithofin MN Blauwe Steen onderhoudsproduct\"}]},{\"@type\":\"WebSite\",\"@id\":\"https:\\\/\\\/renier.be\\\/#website\",\"url\":\"https:\\\/\\\/renier.be\\\/\",\"name\":\"Renier Natuursteen\",\"description\":\"Specialist in Belgisch Blauwe Hardsteen\",\"publisher\":{\"@id\":\"https:\\\/\\\/renier.be\\\/#organization\"},\"potentialAction\":[{\"@type\":\"SearchAction\",\"target\":{\"@type\":\"EntryPoint\",\"urlTemplate\":\"https:\\\/\\\/renier.be\\\/?s={search_term_string}\"},\"query-input\":{\"@type\":\"PropertyValueSpecification\",\"valueRequired\":true,\"valueName\":\"search_term_string\"}}],\"inLanguage\":\"de\"},{\"@type\":\"Organization\",\"@id\":\"https:\\\/\\\/renier.be\\\/#organization\",\"name\":\"Renier Natuursteen\",\"url\":\"https:\\\/\\\/renier.be\\\/\",\"logo\":{\"@type\":\"ImageObject\",\"inLanguage\":\"de\",\"@id\":\"https:\\\/\\\/renier.be\\\/#\\\/schema\\\/logo\\\/image\\\/\",\"url\":\"\",\"contentUrl\":\"\",\"caption\":\"Renier Natuursteen\"},\"image\":{\"@id\":\"https:\\\/\\\/renier.be\\\/#\\\/schema\\\/logo\\\/image\\\/\"},\"sameAs\":[\"https:\\\/\\\/www.facebook.com\\\/reniernatuursteen\"]}]}<\/script>\n<!-- \/ Yoast SEO plugin. -->","yoast_head_json":{"title":"Lithofin MN Blue Stone Pflegemittel - Renier Naturstein","robots":{"index":"index","follow":"follow","max-snippet":"max-snippet:-1","max-image-preview":"max-image-preview:large","max-video-preview":"max-video-preview:-1"},"canonical":"https:\/\/renier.be\/de\/produkt\/lithofin-mn-blue-stone-pflegemittel\/","og_locale":"de_DE","og_type":"article","og_title":"Lithofin MN Blauwe Steen onderhoudsproduct - Renier Natuursteen","og_description":"Ideaal voor het regelmatig reinigen van alle bekledingen van blauwe hardsteen en andere natuursteenoppervlakken. Geschikt voor gepolijste, geslepen en ruw gegroefde afwerkingen. In \u00e9\u00e9n eenvoudige stap reinigt en beschermt u moeiteloos het oppervlak.  Verzendkost BE 9,95\u20ac incl BTW. Gratis levering vanaf \u20ac100.","og_url":"https:\/\/renier.be\/de\/produkt\/lithofin-mn-blue-stone-pflegemittel\/","og_site_name":"Renier Natuursteen","article_publisher":"https:\/\/www.facebook.com\/reniernatuursteen","article_modified_time":"2026-03-27T12:01:43+00:00","og_image":[{"width":1066,"height":1772,"url":"https:\/\/renier.be\/wp-content\/uploads\/2024\/09\/389-1B5-12_Onderhoudsproduct_Blauwe_Hardsteen.gif","type":"image\/gif"}],"twitter_card":"summary_large_image","twitter_misc":{"Gesch\u00e4tzte Lesezeit":"1\u00a0Minute"},"schema":{"@context":"https:\/\/schema.org","@graph":[{"@type":"WebPage","@id":"https:\/\/renier.be\/product\/lithofin-mn-blauwe-steen-onderhoudsproduct\/","url":"https:\/\/renier.be\/product\/lithofin-mn-blauwe-steen-onderhoudsproduct\/","name":"Lithofin MN Blue Stone Pflegemittel - Renier Naturstein","isPartOf":{"@id":"https:\/\/renier.be\/#website"},"primaryImageOfPage":{"@id":"https:\/\/renier.be\/product\/lithofin-mn-blauwe-steen-onderhoudsproduct\/#primaryimage"},"image":{"@id":"https:\/\/renier.be\/product\/lithofin-mn-blauwe-steen-onderhoudsproduct\/#primaryimage"},"thumbnailUrl":"https:\/\/renier.be\/wp-content\/uploads\/2024\/09\/389-1B5-12_Onderhoudsproduct_Blauwe_Hardsteen.gif","datePublished":"2024-09-10T11:45:19+00:00","dateModified":"2026-03-27T12:01:43+00:00","breadcrumb":{"@id":"https:\/\/renier.be\/product\/lithofin-mn-blauwe-steen-onderhoudsproduct\/#breadcrumb"},"inLanguage":"de","potentialAction":[{"@type":"ReadAction","target":["https:\/\/renier.be\/product\/lithofin-mn-blauwe-steen-onderhoudsproduct\/"]}]},{"@type":"ImageObject","inLanguage":"de","@id":"https:\/\/renier.be\/product\/lithofin-mn-blauwe-steen-onderhoudsproduct\/#primaryimage","url":"https:\/\/renier.be\/wp-content\/uploads\/2024\/09\/389-1B5-12_Onderhoudsproduct_Blauwe_Hardsteen.gif","contentUrl":"https:\/\/renier.be\/wp-content\/uploads\/2024\/09\/389-1B5-12_Onderhoudsproduct_Blauwe_Hardsteen.gif","width":1066,"height":1772},{"@type":"BreadcrumbList","@id":"https:\/\/renier.be\/product\/lithofin-mn-blauwe-steen-onderhoudsproduct\/#breadcrumb","itemListElement":[{"@type":"ListItem","position":1,"name":"Home","item":"https:\/\/renier.be\/"},{"@type":"ListItem","position":2,"name":"Producten","item":"https:\/\/renier.be\/producten\/"},{"@type":"ListItem","position":3,"name":"Lithofin MN Blauwe Steen onderhoudsproduct"}]},{"@type":"WebSite","@id":"https:\/\/renier.be\/#website","url":"https:\/\/renier.be\/","name":"Renier Naturstein","description":"Spezialist f\u00fcr belgischen Blaustein","publisher":{"@id":"https:\/\/renier.be\/#organization"},"potentialAction":[{"@type":"SearchAction","target":{"@type":"EntryPoint","urlTemplate":"https:\/\/renier.be\/?s={search_term_string}"},"query-input":{"@type":"PropertyValueSpecification","valueRequired":true,"valueName":"search_term_string"}}],"inLanguage":"de"},{"@type":"Organization","@id":"https:\/\/renier.be\/#organization","name":"Renier Naturstein","url":"https:\/\/renier.be\/","logo":{"@type":"ImageObject","inLanguage":"de","@id":"https:\/\/renier.be\/#\/schema\/logo\/image\/","url":"","contentUrl":"","caption":"Renier Natuursteen"},"image":{"@id":"https:\/\/renier.be\/#\/schema\/logo\/image\/"},"sameAs":["https:\/\/www.facebook.com\/reniernatuursteen"]}]}},"_links":{"self":[{"href":"https:\/\/renier.be\/de\/wp-json\/wp\/v2\/product\/2311","targetHints":{"allow":["GET"]}}],"collection":[{"href":"https:\/\/renier.be\/de\/wp-json\/wp\/v2\/product"}],"about":[{"href":"https:\/\/renier.be\/de\/wp-json\/wp\/v2\/types\/product"}],"wp:featuredmedia":[{"embeddable":true,"href":"https:\/\/renier.be\/de\/wp-json\/wp\/v2\/media\/2240"}],"wp:attachment":[{"href":"https:\/\/renier.be\/de\/wp-json\/wp\/v2\/media?parent=2311"}],"wp:term":[{"taxonomy":"product_brand","embeddable":true,"href":"https:\/\/renier.be\/de\/wp-json\/wp\/v2\/product_brand?post=2311"},{"taxonomy":"product_cat","embeddable":true,"href":"https:\/\/renier.be\/de\/wp-json\/wp\/v2\/product_cat?post=2311"},{"taxonomy":"product_tag","embeddable":true,"href":"https:\/\/renier.be\/de\/wp-json\/wp\/v2\/product_tag?post=2311"}],"curies":[{"name":"wp","href":"https:\/\/api.w.org\/{rel}","templated":true}]}}