{"id":2316,"date":"2024-09-10T13:48:24","date_gmt":"2024-09-10T11:48:24","guid":{"rendered":"https:\/\/renier.be\/?post_type=product&#038;p=2316"},"modified":"2026-03-27T13:01:43","modified_gmt":"2026-03-27T12:01:43","slug":"lithofin-mn-glanzend-sauber","status":"publish","type":"product","link":"https:\/\/renier.be\/de\/product\/lithofin-mn-glans-schoon\/","title":{"rendered":"Lithofin MN Glanz &amp; Sauber"},"content":{"rendered":"<p>Zur periodischen Auffrischung des Glanzes von poliertem Marmor und anderen fein polierten Natursteinen.<br \/>\nBildet eine feine Oberfl\u00e4chenschicht und ist die ideale Zusatzpflege f\u00fcr alle gl\u00e4nzenden B\u00f6den.<br \/>\nAu\u00dferdem eignet es sich hervorragend zur Erstbehandlung von polierten, rauen und anderen matten B\u00f6den.<\/p>\n<p>- konzentrieren<br \/>\n- sehr ergiebig<br \/>\n- nur f\u00fcr den Gebrauch in Innenr\u00e4umen<br \/>\n- waschbar - kann gewachst werden<br \/>\n- enth\u00e4lt keine L\u00f6sungsmittel<\/p>\n<p>Verbrauch: ca. 20m\u00b2\/Liter bis zu 200m\u00b2 bei verd\u00fcnnter Anwendung<br \/>\nVerpackung: 1 Liter<\/p>","protected":false},"excerpt":{"rendered":"<p>Lithofin MN Gloss and Clean erzeugt eine leicht polierbare Schutzschicht, die nicht nur die Farbe auffrischt, sondern den Boden auch l\u00e4nger sauber h\u00e4lt und optisch versch\u00f6nert.<\/p>\n<p>Versandkosten BE 9,95\u20ac inkl. MwSt. <strong>Kostenlose Lieferung ab 100 \u20ac<\/strong>.<\/p>","protected":false},"featured_media":2238,"template":"","meta":{"_acf_changed":false},"product_brand":[],"product_cat":[83,76],"product_tag":[106],"class_list":{"0":"post-2316","1":"product","2":"type-product","3":"status-publish","4":"has-post-thumbnail","6":"product_cat-onderhoud","7":"product_cat-onderhoud-reiging","8":"product_tag-gmc","9":"product_shipping_class-afhaling","11":"first","12":"instock","13":"taxable","14":"shipping-taxable","15":"purchasable","16":"product-type-simple"},"acf":[],"yoast_head":"<!-- This site is optimized with the Yoast SEO plugin v27.3 - https:\/\/yoast.com\/product\/yoast-seo-wordpress\/ -->\n<title>Lithofin MN Glans &amp; Schoon - Renier Natuursteen<\/title>\n<meta name=\"robots\" content=\"index, follow, max-snippet:-1, max-image-preview:large, max-video-preview:-1\" \/>\n<link rel=\"canonical\" href=\"https:\/\/renier.be\/de\/produkt\/lithofin-mn-glanzend-sauber\/\" \/>\n<meta property=\"og:locale\" content=\"de_DE\" \/>\n<meta property=\"og:type\" content=\"article\" \/>\n<meta property=\"og:title\" content=\"Lithofin MN Glans &amp; Schoon - Renier Natuursteen\" \/>\n<meta property=\"og:description\" content=\"Lithofin MN Glans en Schoon cre\u00ebert een gemakkelijk polijstbare beschermlaag, die niet alleen de kleur opfrist, maar ook de vloer langer schoon houdt en visueel verfraait.  Verzendkost BE 9,95\u20ac incl BTW. Gratis levering vanaf \u20ac100.\" \/>\n<meta property=\"og:url\" content=\"https:\/\/renier.be\/de\/produkt\/lithofin-mn-glanzend-sauber\/\" \/>\n<meta property=\"og:site_name\" content=\"Renier Natuursteen\" \/>\n<meta property=\"article:publisher\" content=\"https:\/\/www.facebook.com\/reniernatuursteen\" \/>\n<meta property=\"article:modified_time\" content=\"2026-03-27T12:01:43+00:00\" \/>\n<meta property=\"og:image\" content=\"https:\/\/renier.be\/wp-content\/uploads\/2024\/09\/172-1B5-12_GlansSchoon.gif\" \/>\n\t<meta property=\"og:image:width\" content=\"1066\" \/>\n\t<meta property=\"og:image:height\" content=\"1772\" \/>\n\t<meta property=\"og:image:type\" content=\"image\/gif\" \/>\n<meta name=\"twitter:card\" content=\"summary_large_image\" \/>\n<meta name=\"twitter:label1\" content=\"Gesch\u00e4tzte Lesezeit\" \/>\n\t<meta name=\"twitter:data1\" content=\"1\u00a0Minute\" \/>\n<script type=\"application\/ld+json\" class=\"yoast-schema-graph\">{\"@context\":\"https:\\\/\\\/schema.org\",\"@graph\":[{\"@type\":\"WebPage\",\"@id\":\"https:\\\/\\\/renier.be\\\/product\\\/lithofin-mn-glans-schoon\\\/\",\"url\":\"https:\\\/\\\/renier.be\\\/product\\\/lithofin-mn-glans-schoon\\\/\",\"name\":\"Lithofin MN Glans &amp; Schoon - Renier Natuursteen\",\"isPartOf\":{\"@id\":\"https:\\\/\\\/renier.be\\\/#website\"},\"primaryImageOfPage\":{\"@id\":\"https:\\\/\\\/renier.be\\\/product\\\/lithofin-mn-glans-schoon\\\/#primaryimage\"},\"image\":{\"@id\":\"https:\\\/\\\/renier.be\\\/product\\\/lithofin-mn-glans-schoon\\\/#primaryimage\"},\"thumbnailUrl\":\"https:\\\/\\\/renier.be\\\/wp-content\\\/uploads\\\/2024\\\/09\\\/172-1B5-12_GlansSchoon.gif\",\"datePublished\":\"2024-09-10T11:48:24+00:00\",\"dateModified\":\"2026-03-27T12:01:43+00:00\",\"breadcrumb\":{\"@id\":\"https:\\\/\\\/renier.be\\\/product\\\/lithofin-mn-glans-schoon\\\/#breadcrumb\"},\"inLanguage\":\"de\",\"potentialAction\":[{\"@type\":\"ReadAction\",\"target\":[\"https:\\\/\\\/renier.be\\\/product\\\/lithofin-mn-glans-schoon\\\/\"]}]},{\"@type\":\"ImageObject\",\"inLanguage\":\"de\",\"@id\":\"https:\\\/\\\/renier.be\\\/product\\\/lithofin-mn-glans-schoon\\\/#primaryimage\",\"url\":\"https:\\\/\\\/renier.be\\\/wp-content\\\/uploads\\\/2024\\\/09\\\/172-1B5-12_GlansSchoon.gif\",\"contentUrl\":\"https:\\\/\\\/renier.be\\\/wp-content\\\/uploads\\\/2024\\\/09\\\/172-1B5-12_GlansSchoon.gif\",\"width\":1066,\"height\":1772},{\"@type\":\"BreadcrumbList\",\"@id\":\"https:\\\/\\\/renier.be\\\/product\\\/lithofin-mn-glans-schoon\\\/#breadcrumb\",\"itemListElement\":[{\"@type\":\"ListItem\",\"position\":1,\"name\":\"Home\",\"item\":\"https:\\\/\\\/renier.be\\\/\"},{\"@type\":\"ListItem\",\"position\":2,\"name\":\"Producten\",\"item\":\"https:\\\/\\\/renier.be\\\/producten\\\/\"},{\"@type\":\"ListItem\",\"position\":3,\"name\":\"Lithofin MN Glans &amp; Schoon\"}]},{\"@type\":\"WebSite\",\"@id\":\"https:\\\/\\\/renier.be\\\/#website\",\"url\":\"https:\\\/\\\/renier.be\\\/\",\"name\":\"Renier Natuursteen\",\"description\":\"Specialist in Belgisch Blauwe Hardsteen\",\"publisher\":{\"@id\":\"https:\\\/\\\/renier.be\\\/#organization\"},\"potentialAction\":[{\"@type\":\"SearchAction\",\"target\":{\"@type\":\"EntryPoint\",\"urlTemplate\":\"https:\\\/\\\/renier.be\\\/?s={search_term_string}\"},\"query-input\":{\"@type\":\"PropertyValueSpecification\",\"valueRequired\":true,\"valueName\":\"search_term_string\"}}],\"inLanguage\":\"de\"},{\"@type\":\"Organization\",\"@id\":\"https:\\\/\\\/renier.be\\\/#organization\",\"name\":\"Renier Natuursteen\",\"url\":\"https:\\\/\\\/renier.be\\\/\",\"logo\":{\"@type\":\"ImageObject\",\"inLanguage\":\"de\",\"@id\":\"https:\\\/\\\/renier.be\\\/#\\\/schema\\\/logo\\\/image\\\/\",\"url\":\"\",\"contentUrl\":\"\",\"caption\":\"Renier Natuursteen\"},\"image\":{\"@id\":\"https:\\\/\\\/renier.be\\\/#\\\/schema\\\/logo\\\/image\\\/\"},\"sameAs\":[\"https:\\\/\\\/www.facebook.com\\\/reniernatuursteen\"]}]}<\/script>\n<!-- \/ Yoast SEO plugin. -->","yoast_head_json":{"title":"Lithofin MN Glanz &amp; Sauber - Renier Natuursteen","robots":{"index":"index","follow":"follow","max-snippet":"max-snippet:-1","max-image-preview":"max-image-preview:large","max-video-preview":"max-video-preview:-1"},"canonical":"https:\/\/renier.be\/de\/produkt\/lithofin-mn-glanzend-sauber\/","og_locale":"de_DE","og_type":"article","og_title":"Lithofin MN Glans &amp; Schoon - Renier Natuursteen","og_description":"Lithofin MN Glans en Schoon cre\u00ebert een gemakkelijk polijstbare beschermlaag, die niet alleen de kleur opfrist, maar ook de vloer langer schoon houdt en visueel verfraait.  Verzendkost BE 9,95\u20ac incl BTW. Gratis levering vanaf \u20ac100.","og_url":"https:\/\/renier.be\/de\/produkt\/lithofin-mn-glanzend-sauber\/","og_site_name":"Renier Natuursteen","article_publisher":"https:\/\/www.facebook.com\/reniernatuursteen","article_modified_time":"2026-03-27T12:01:43+00:00","og_image":[{"width":1066,"height":1772,"url":"https:\/\/renier.be\/wp-content\/uploads\/2024\/09\/172-1B5-12_GlansSchoon.gif","type":"image\/gif"}],"twitter_card":"summary_large_image","twitter_misc":{"Gesch\u00e4tzte Lesezeit":"1\u00a0Minute"},"schema":{"@context":"https:\/\/schema.org","@graph":[{"@type":"WebPage","@id":"https:\/\/renier.be\/product\/lithofin-mn-glans-schoon\/","url":"https:\/\/renier.be\/product\/lithofin-mn-glans-schoon\/","name":"Lithofin MN Glanz &amp; Sauber - Renier Natuursteen","isPartOf":{"@id":"https:\/\/renier.be\/#website"},"primaryImageOfPage":{"@id":"https:\/\/renier.be\/product\/lithofin-mn-glans-schoon\/#primaryimage"},"image":{"@id":"https:\/\/renier.be\/product\/lithofin-mn-glans-schoon\/#primaryimage"},"thumbnailUrl":"https:\/\/renier.be\/wp-content\/uploads\/2024\/09\/172-1B5-12_GlansSchoon.gif","datePublished":"2024-09-10T11:48:24+00:00","dateModified":"2026-03-27T12:01:43+00:00","breadcrumb":{"@id":"https:\/\/renier.be\/product\/lithofin-mn-glans-schoon\/#breadcrumb"},"inLanguage":"de","potentialAction":[{"@type":"ReadAction","target":["https:\/\/renier.be\/product\/lithofin-mn-glans-schoon\/"]}]},{"@type":"ImageObject","inLanguage":"de","@id":"https:\/\/renier.be\/product\/lithofin-mn-glans-schoon\/#primaryimage","url":"https:\/\/renier.be\/wp-content\/uploads\/2024\/09\/172-1B5-12_GlansSchoon.gif","contentUrl":"https:\/\/renier.be\/wp-content\/uploads\/2024\/09\/172-1B5-12_GlansSchoon.gif","width":1066,"height":1772},{"@type":"BreadcrumbList","@id":"https:\/\/renier.be\/product\/lithofin-mn-glans-schoon\/#breadcrumb","itemListElement":[{"@type":"ListItem","position":1,"name":"Home","item":"https:\/\/renier.be\/"},{"@type":"ListItem","position":2,"name":"Producten","item":"https:\/\/renier.be\/producten\/"},{"@type":"ListItem","position":3,"name":"Lithofin MN Glans &amp; Schoon"}]},{"@type":"WebSite","@id":"https:\/\/renier.be\/#website","url":"https:\/\/renier.be\/","name":"Renier Naturstein","description":"Spezialist f\u00fcr belgischen Blaustein","publisher":{"@id":"https:\/\/renier.be\/#organization"},"potentialAction":[{"@type":"SearchAction","target":{"@type":"EntryPoint","urlTemplate":"https:\/\/renier.be\/?s={search_term_string}"},"query-input":{"@type":"PropertyValueSpecification","valueRequired":true,"valueName":"search_term_string"}}],"inLanguage":"de"},{"@type":"Organization","@id":"https:\/\/renier.be\/#organization","name":"Renier Naturstein","url":"https:\/\/renier.be\/","logo":{"@type":"ImageObject","inLanguage":"de","@id":"https:\/\/renier.be\/#\/schema\/logo\/image\/","url":"","contentUrl":"","caption":"Renier Natuursteen"},"image":{"@id":"https:\/\/renier.be\/#\/schema\/logo\/image\/"},"sameAs":["https:\/\/www.facebook.com\/reniernatuursteen"]}]}},"_links":{"self":[{"href":"https:\/\/renier.be\/de\/wp-json\/wp\/v2\/product\/2316","targetHints":{"allow":["GET"]}}],"collection":[{"href":"https:\/\/renier.be\/de\/wp-json\/wp\/v2\/product"}],"about":[{"href":"https:\/\/renier.be\/de\/wp-json\/wp\/v2\/types\/product"}],"wp:featuredmedia":[{"embeddable":true,"href":"https:\/\/renier.be\/de\/wp-json\/wp\/v2\/media\/2238"}],"wp:attachment":[{"href":"https:\/\/renier.be\/de\/wp-json\/wp\/v2\/media?parent=2316"}],"wp:term":[{"taxonomy":"product_brand","embeddable":true,"href":"https:\/\/renier.be\/de\/wp-json\/wp\/v2\/product_brand?post=2316"},{"taxonomy":"product_cat","embeddable":true,"href":"https:\/\/renier.be\/de\/wp-json\/wp\/v2\/product_cat?post=2316"},{"taxonomy":"product_tag","embeddable":true,"href":"https:\/\/renier.be\/de\/wp-json\/wp\/v2\/product_tag?post=2316"}],"curies":[{"name":"wp","href":"https:\/\/api.w.org\/{rel}","templated":true}]}}