{"id":2320,"date":"2024-09-10T13:57:33","date_gmt":"2024-09-10T11:57:33","guid":{"rendered":"https:\/\/renier.be\/?post_type=product&#038;p=2320"},"modified":"2026-03-27T13:01:44","modified_gmt":"2026-03-27T12:01:44","slug":"lithofin-abra-sauber","status":"publish","type":"product","link":"https:\/\/renier.be\/de\/product\/lithofin-abra-clean\/","title":{"rendered":"Lithofin Abra-CLEAN"},"content":{"rendered":"<p class=\"description\">Lithofin PRO Produkt : reserviert f\u00fcr den Profi<\/p>\n<p class=\"description\">entfernt hartn\u00e4ckige Verschmutzungen, Fette, \u00d6le, Wachsfilme usw., f\u00fcr keramische Fliesen wie Steinzeug und f\u00fcr Naturstein wie Granit und andere Hartgesteine.<\/p>\n<ul>\n<li>hochwirksam<\/li>\n<li>nicht aggressiv aufgrund von Nanopartikeln<\/li>\n<li>geruchlos -ohne D\u00e4mpfe<\/li>\n<\/ul>\n<div class=\"productDetails null\">\n<p>Verbrauch: ca. 5 - 20 m\u00b2\/L<\/p>\n<\/div>\n<p>Verpackung : 500 ml<\/p>","protected":false},"excerpt":{"rendered":"<p>Ein Spezialprodukt aus dem LITHOFIN-Sortiment f\u00fcr den professionellen Einsatz. Mild-alkalischer Spezialreiniger aus hochwirksamen Reinigungskomponenten mit abrasiver Wirkung durch Nanopartikel.<\/p>\n<p>F\u00fcr hartn\u00e4ckige, festsitzende Verschmutzungen und die intensive Reinigung von keramischen Fliesen und Platten aus Naturstein wie Granit und \u00e4hnlichen Hartgesteinsarten.<\/p>","protected":false},"featured_media":2245,"template":"","meta":{"_acf_changed":false},"product_brand":[],"product_cat":[76,85],"product_tag":[106],"class_list":{"0":"post-2320","1":"product","2":"type-product","3":"status-publish","4":"has-post-thumbnail","6":"product_cat-onderhoud-reiging","7":"product_cat-pro","8":"product_tag-gmc","9":"product_shipping_class-afhaling","11":"first","12":"instock","13":"taxable","14":"shipping-taxable","15":"purchasable","16":"product-type-simple"},"acf":[],"yoast_head":"<!-- This site is optimized with the Yoast SEO plugin v27.3 - https:\/\/yoast.com\/product\/yoast-seo-wordpress\/ -->\n<title>Lithofin Abra-CLEAN - Renier Natuursteen<\/title>\n<meta name=\"robots\" content=\"index, follow, max-snippet:-1, max-image-preview:large, max-video-preview:-1\" \/>\n<link rel=\"canonical\" href=\"https:\/\/renier.be\/de\/produkt\/lithofin-abra-sauber\/\" \/>\n<meta property=\"og:locale\" content=\"de_DE\" \/>\n<meta property=\"og:type\" content=\"article\" \/>\n<meta property=\"og:title\" content=\"Lithofin Abra-CLEAN - Renier Natuursteen\" \/>\n<meta property=\"og:description\" content=\"Een speciaalproduct uit het LITHOFIN-programma voor professioneel gebruik. Speciale mildalkalische reiniger van uiterst werkzame reinigingscomponenten met schurende werking door nanodeeltjes.  Voor hardnekkig, vastzittend vuil en een intensieve reiniging van keramische tegels en platen van natuursteen zoals graniet en vergelijkbare harde steensoorten.\" \/>\n<meta property=\"og:url\" content=\"https:\/\/renier.be\/de\/produkt\/lithofin-abra-sauber\/\" \/>\n<meta property=\"og:site_name\" content=\"Renier Natuursteen\" \/>\n<meta property=\"article:publisher\" content=\"https:\/\/www.facebook.com\/reniernatuursteen\" \/>\n<meta property=\"article:modified_time\" content=\"2026-03-27T12:01:44+00:00\" \/>\n<meta property=\"og:image\" content=\"https:\/\/renier.be\/wp-content\/uploads\/2024\/09\/085-2B5-12_Abra_Clean.gif\" \/>\n\t<meta property=\"og:image:width\" content=\"1066\" \/>\n\t<meta property=\"og:image:height\" content=\"1772\" \/>\n\t<meta property=\"og:image:type\" content=\"image\/gif\" \/>\n<meta name=\"twitter:card\" content=\"summary_large_image\" \/>\n<meta name=\"twitter:label1\" content=\"Gesch\u00e4tzte Lesezeit\" \/>\n\t<meta name=\"twitter:data1\" content=\"1\u00a0Minute\" \/>\n<script type=\"application\/ld+json\" class=\"yoast-schema-graph\">{\"@context\":\"https:\\\/\\\/schema.org\",\"@graph\":[{\"@type\":\"WebPage\",\"@id\":\"https:\\\/\\\/renier.be\\\/product\\\/lithofin-abra-clean\\\/\",\"url\":\"https:\\\/\\\/renier.be\\\/product\\\/lithofin-abra-clean\\\/\",\"name\":\"Lithofin Abra-CLEAN - Renier Natuursteen\",\"isPartOf\":{\"@id\":\"https:\\\/\\\/renier.be\\\/#website\"},\"primaryImageOfPage\":{\"@id\":\"https:\\\/\\\/renier.be\\\/product\\\/lithofin-abra-clean\\\/#primaryimage\"},\"image\":{\"@id\":\"https:\\\/\\\/renier.be\\\/product\\\/lithofin-abra-clean\\\/#primaryimage\"},\"thumbnailUrl\":\"https:\\\/\\\/renier.be\\\/wp-content\\\/uploads\\\/2024\\\/09\\\/085-2B5-12_Abra_Clean.gif\",\"datePublished\":\"2024-09-10T11:57:33+00:00\",\"dateModified\":\"2026-03-27T12:01:44+00:00\",\"breadcrumb\":{\"@id\":\"https:\\\/\\\/renier.be\\\/product\\\/lithofin-abra-clean\\\/#breadcrumb\"},\"inLanguage\":\"de\",\"potentialAction\":[{\"@type\":\"ReadAction\",\"target\":[\"https:\\\/\\\/renier.be\\\/product\\\/lithofin-abra-clean\\\/\"]}]},{\"@type\":\"ImageObject\",\"inLanguage\":\"de\",\"@id\":\"https:\\\/\\\/renier.be\\\/product\\\/lithofin-abra-clean\\\/#primaryimage\",\"url\":\"https:\\\/\\\/renier.be\\\/wp-content\\\/uploads\\\/2024\\\/09\\\/085-2B5-12_Abra_Clean.gif\",\"contentUrl\":\"https:\\\/\\\/renier.be\\\/wp-content\\\/uploads\\\/2024\\\/09\\\/085-2B5-12_Abra_Clean.gif\",\"width\":1066,\"height\":1772},{\"@type\":\"BreadcrumbList\",\"@id\":\"https:\\\/\\\/renier.be\\\/product\\\/lithofin-abra-clean\\\/#breadcrumb\",\"itemListElement\":[{\"@type\":\"ListItem\",\"position\":1,\"name\":\"Home\",\"item\":\"https:\\\/\\\/renier.be\\\/\"},{\"@type\":\"ListItem\",\"position\":2,\"name\":\"Producten\",\"item\":\"https:\\\/\\\/renier.be\\\/producten\\\/\"},{\"@type\":\"ListItem\",\"position\":3,\"name\":\"Lithofin Abra-CLEAN\"}]},{\"@type\":\"WebSite\",\"@id\":\"https:\\\/\\\/renier.be\\\/#website\",\"url\":\"https:\\\/\\\/renier.be\\\/\",\"name\":\"Renier Natuursteen\",\"description\":\"Specialist in Belgisch Blauwe Hardsteen\",\"publisher\":{\"@id\":\"https:\\\/\\\/renier.be\\\/#organization\"},\"potentialAction\":[{\"@type\":\"SearchAction\",\"target\":{\"@type\":\"EntryPoint\",\"urlTemplate\":\"https:\\\/\\\/renier.be\\\/?s={search_term_string}\"},\"query-input\":{\"@type\":\"PropertyValueSpecification\",\"valueRequired\":true,\"valueName\":\"search_term_string\"}}],\"inLanguage\":\"de\"},{\"@type\":\"Organization\",\"@id\":\"https:\\\/\\\/renier.be\\\/#organization\",\"name\":\"Renier Natuursteen\",\"url\":\"https:\\\/\\\/renier.be\\\/\",\"logo\":{\"@type\":\"ImageObject\",\"inLanguage\":\"de\",\"@id\":\"https:\\\/\\\/renier.be\\\/#\\\/schema\\\/logo\\\/image\\\/\",\"url\":\"\",\"contentUrl\":\"\",\"caption\":\"Renier Natuursteen\"},\"image\":{\"@id\":\"https:\\\/\\\/renier.be\\\/#\\\/schema\\\/logo\\\/image\\\/\"},\"sameAs\":[\"https:\\\/\\\/www.facebook.com\\\/reniernatuursteen\"]}]}<\/script>\n<!-- \/ Yoast SEO plugin. -->","yoast_head_json":{"title":"Lithofin Abra-CLEAN - Renier Naturstein","robots":{"index":"index","follow":"follow","max-snippet":"max-snippet:-1","max-image-preview":"max-image-preview:large","max-video-preview":"max-video-preview:-1"},"canonical":"https:\/\/renier.be\/de\/produkt\/lithofin-abra-sauber\/","og_locale":"de_DE","og_type":"article","og_title":"Lithofin Abra-CLEAN - Renier Natuursteen","og_description":"Een speciaalproduct uit het LITHOFIN-programma voor professioneel gebruik. Speciale mildalkalische reiniger van uiterst werkzame reinigingscomponenten met schurende werking door nanodeeltjes.  Voor hardnekkig, vastzittend vuil en een intensieve reiniging van keramische tegels en platen van natuursteen zoals graniet en vergelijkbare harde steensoorten.","og_url":"https:\/\/renier.be\/de\/produkt\/lithofin-abra-sauber\/","og_site_name":"Renier Natuursteen","article_publisher":"https:\/\/www.facebook.com\/reniernatuursteen","article_modified_time":"2026-03-27T12:01:44+00:00","og_image":[{"width":1066,"height":1772,"url":"https:\/\/renier.be\/wp-content\/uploads\/2024\/09\/085-2B5-12_Abra_Clean.gif","type":"image\/gif"}],"twitter_card":"summary_large_image","twitter_misc":{"Gesch\u00e4tzte Lesezeit":"1\u00a0Minute"},"schema":{"@context":"https:\/\/schema.org","@graph":[{"@type":"WebPage","@id":"https:\/\/renier.be\/product\/lithofin-abra-clean\/","url":"https:\/\/renier.be\/product\/lithofin-abra-clean\/","name":"Lithofin Abra-CLEAN - Renier Naturstein","isPartOf":{"@id":"https:\/\/renier.be\/#website"},"primaryImageOfPage":{"@id":"https:\/\/renier.be\/product\/lithofin-abra-clean\/#primaryimage"},"image":{"@id":"https:\/\/renier.be\/product\/lithofin-abra-clean\/#primaryimage"},"thumbnailUrl":"https:\/\/renier.be\/wp-content\/uploads\/2024\/09\/085-2B5-12_Abra_Clean.gif","datePublished":"2024-09-10T11:57:33+00:00","dateModified":"2026-03-27T12:01:44+00:00","breadcrumb":{"@id":"https:\/\/renier.be\/product\/lithofin-abra-clean\/#breadcrumb"},"inLanguage":"de","potentialAction":[{"@type":"ReadAction","target":["https:\/\/renier.be\/product\/lithofin-abra-clean\/"]}]},{"@type":"ImageObject","inLanguage":"de","@id":"https:\/\/renier.be\/product\/lithofin-abra-clean\/#primaryimage","url":"https:\/\/renier.be\/wp-content\/uploads\/2024\/09\/085-2B5-12_Abra_Clean.gif","contentUrl":"https:\/\/renier.be\/wp-content\/uploads\/2024\/09\/085-2B5-12_Abra_Clean.gif","width":1066,"height":1772},{"@type":"BreadcrumbList","@id":"https:\/\/renier.be\/product\/lithofin-abra-clean\/#breadcrumb","itemListElement":[{"@type":"ListItem","position":1,"name":"Home","item":"https:\/\/renier.be\/"},{"@type":"ListItem","position":2,"name":"Producten","item":"https:\/\/renier.be\/producten\/"},{"@type":"ListItem","position":3,"name":"Lithofin Abra-CLEAN"}]},{"@type":"WebSite","@id":"https:\/\/renier.be\/#website","url":"https:\/\/renier.be\/","name":"Renier Naturstein","description":"Spezialist f\u00fcr belgischen Blaustein","publisher":{"@id":"https:\/\/renier.be\/#organization"},"potentialAction":[{"@type":"SearchAction","target":{"@type":"EntryPoint","urlTemplate":"https:\/\/renier.be\/?s={search_term_string}"},"query-input":{"@type":"PropertyValueSpecification","valueRequired":true,"valueName":"search_term_string"}}],"inLanguage":"de"},{"@type":"Organization","@id":"https:\/\/renier.be\/#organization","name":"Renier Naturstein","url":"https:\/\/renier.be\/","logo":{"@type":"ImageObject","inLanguage":"de","@id":"https:\/\/renier.be\/#\/schema\/logo\/image\/","url":"","contentUrl":"","caption":"Renier Natuursteen"},"image":{"@id":"https:\/\/renier.be\/#\/schema\/logo\/image\/"},"sameAs":["https:\/\/www.facebook.com\/reniernatuursteen"]}]}},"_links":{"self":[{"href":"https:\/\/renier.be\/de\/wp-json\/wp\/v2\/product\/2320","targetHints":{"allow":["GET"]}}],"collection":[{"href":"https:\/\/renier.be\/de\/wp-json\/wp\/v2\/product"}],"about":[{"href":"https:\/\/renier.be\/de\/wp-json\/wp\/v2\/types\/product"}],"wp:featuredmedia":[{"embeddable":true,"href":"https:\/\/renier.be\/de\/wp-json\/wp\/v2\/media\/2245"}],"wp:attachment":[{"href":"https:\/\/renier.be\/de\/wp-json\/wp\/v2\/media?parent=2320"}],"wp:term":[{"taxonomy":"product_brand","embeddable":true,"href":"https:\/\/renier.be\/de\/wp-json\/wp\/v2\/product_brand?post=2320"},{"taxonomy":"product_cat","embeddable":true,"href":"https:\/\/renier.be\/de\/wp-json\/wp\/v2\/product_cat?post=2320"},{"taxonomy":"product_tag","embeddable":true,"href":"https:\/\/renier.be\/de\/wp-json\/wp\/v2\/product_tag?post=2320"}],"curies":[{"name":"wp","href":"https:\/\/api.w.org\/{rel}","templated":true}]}}