{"id":2321,"date":"2024-09-10T14:02:58","date_gmt":"2024-09-10T12:02:58","guid":{"rendered":"https:\/\/renier.be\/?post_type=product&#038;p=2321"},"modified":"2026-03-27T13:01:43","modified_gmt":"2026-03-27T12:01:43","slug":"lithofin-schmutzentferner","status":"publish","type":"product","link":"https:\/\/renier.be\/de\/product\/lithofin-vuiloplosser\/","title":{"rendered":"Lithofin MN-Schmutzentferner"},"content":{"rendered":"<p>Entfernt allgemeine Verschmutzungen, fettige Verunreinigungen, R\u00fcckst\u00e4nde von Bodenpflegemitteln, Glanzbeschichtungen usw.<br \/>\nEntfernt bei gr\u00fcndlichem Schrubben auch leichte Zementreste und Bauschmutz von neuen Natursteinb\u00f6den wie Marmor, Blaustein, Granit usw.<br \/>\nGeeignet f\u00fcr alle Steinoberfl\u00e4chen: poliert, geschliffen, rau, geb\u00fcrstet, usw.<\/p>\n<p>- konzentrieren<br \/>\n- sehr aktiv<br \/>\n- s\u00e4urefrei, mild alkalisch<br \/>\n- l\u00f6sungsmittelfrei und geruchsneutral<\/p>\n<p>Verbrauch: ca. 10-30m\u00b2\/Liter<\/p>\n<p>Verpackung: 1 Liter<\/p>","protected":false},"excerpt":{"rendered":"<p>F\u00fcr die sichere, gr\u00fcndliche und schnelle Reinigung von Naturstein.<\/p>\n<p>Entfernt m\u00fchelos allgemeine Verschmutzungen, fettige Ablagerungen, R\u00fcckst\u00e4nde von Bodenpflegemitteln und Glanzbeschichtungen.<\/p>\n<p>Au\u00dferdem entfernt es leichte Zementr\u00fcckst\u00e4nde und Bauschmutz von neuen Natursteinb\u00f6den wie Marmor, Blaustein und Granit - bei gr\u00fcndlichem Schrubben.<\/p>\n<p>Wirkt effektiv und schnell: pur oder verd\u00fcnnt auftragen, 10 bis 20 Minuten einwirken lassen, dann absp\u00fclen.<\/p>\n<p>Versandkosten BE 9,95\u20ac inkl. MwSt. <strong>Kostenlose Lieferung ab 100 \u20ac<\/strong>.<\/p>\n<p>&nbsp;<\/p>","protected":false},"featured_media":2126,"template":"","meta":{"_acf_changed":false},"product_brand":[],"product_cat":[76,81],"product_tag":[106],"class_list":{"0":"post-2321","1":"product","2":"type-product","3":"status-publish","4":"has-post-thumbnail","6":"product_cat-onderhoud-reiging","7":"product_cat-reinigen","8":"product_tag-gmc","9":"product_shipping_class-afhaling","11":"first","12":"instock","13":"taxable","14":"shipping-taxable","15":"purchasable","16":"product-type-simple"},"acf":[],"yoast_head":"<!-- This site is optimized with the Yoast SEO plugin v27.3 - https:\/\/yoast.com\/product\/yoast-seo-wordpress\/ -->\n<title>Lithofin MN Vuiloplosser - Renier Natuursteen<\/title>\n<meta name=\"robots\" content=\"index, follow, max-snippet:-1, max-image-preview:large, max-video-preview:-1\" \/>\n<link rel=\"canonical\" href=\"https:\/\/renier.be\/de\/produkt\/lithofin-schmutzentferner\/\" \/>\n<meta property=\"og:locale\" content=\"de_DE\" \/>\n<meta property=\"og:type\" content=\"article\" \/>\n<meta property=\"og:title\" content=\"Lithofin MN Vuiloplosser - Renier Natuursteen\" \/>\n<meta property=\"og:description\" content=\"Voor het veilig, grondig en snel reinigen van natuursteen.  Verwijdert moeiteloos algemene vervuiling, vettige aanslag, resten van vloerverzorgingsproducten en glanslagen.  Daarnaast verwijdert het lichte cementsluier en bouwvuil van nieuwe natuursteenvloeren zoals marmer, blauwe hardsteen en graniet - mits grondig schrobben.  Werkt effectief en snel: breng het product puur of verdund aan, laat het 10 tot 20 minuten inwerken, en spoel vervolgens af.  Verzendkost BE 9,95\u20ac incl BTW. Gratis levering vanaf \u20ac100.  &nbsp;\" \/>\n<meta property=\"og:url\" content=\"https:\/\/renier.be\/de\/produkt\/lithofin-schmutzentferner\/\" \/>\n<meta property=\"og:site_name\" content=\"Renier Natuursteen\" \/>\n<meta property=\"article:publisher\" content=\"https:\/\/www.facebook.com\/reniernatuursteen\" \/>\n<meta property=\"article:modified_time\" content=\"2026-03-27T12:01:43+00:00\" \/>\n<meta property=\"og:image\" content=\"https:\/\/renier.be\/wp-content\/uploads\/2024\/09\/160-1B6-15_MNVuiloplosser-v2.gif\" \/>\n\t<meta property=\"og:image:width\" content=\"1066\" \/>\n\t<meta property=\"og:image:height\" content=\"1772\" \/>\n\t<meta property=\"og:image:type\" content=\"image\/gif\" \/>\n<meta name=\"twitter:card\" content=\"summary_large_image\" \/>\n<meta name=\"twitter:label1\" content=\"Gesch\u00e4tzte Lesezeit\" \/>\n\t<meta name=\"twitter:data1\" content=\"1\u00a0Minute\" \/>\n<script type=\"application\/ld+json\" class=\"yoast-schema-graph\">{\"@context\":\"https:\\\/\\\/schema.org\",\"@graph\":[{\"@type\":\"WebPage\",\"@id\":\"https:\\\/\\\/renier.be\\\/product\\\/lithofin-vuiloplosser\\\/\",\"url\":\"https:\\\/\\\/renier.be\\\/product\\\/lithofin-vuiloplosser\\\/\",\"name\":\"Lithofin MN Vuiloplosser - Renier Natuursteen\",\"isPartOf\":{\"@id\":\"https:\\\/\\\/renier.be\\\/#website\"},\"primaryImageOfPage\":{\"@id\":\"https:\\\/\\\/renier.be\\\/product\\\/lithofin-vuiloplosser\\\/#primaryimage\"},\"image\":{\"@id\":\"https:\\\/\\\/renier.be\\\/product\\\/lithofin-vuiloplosser\\\/#primaryimage\"},\"thumbnailUrl\":\"https:\\\/\\\/renier.be\\\/wp-content\\\/uploads\\\/2024\\\/09\\\/160-1B6-15_MNVuiloplosser-v2.gif\",\"datePublished\":\"2024-09-10T12:02:58+00:00\",\"dateModified\":\"2026-03-27T12:01:43+00:00\",\"breadcrumb\":{\"@id\":\"https:\\\/\\\/renier.be\\\/product\\\/lithofin-vuiloplosser\\\/#breadcrumb\"},\"inLanguage\":\"de\",\"potentialAction\":[{\"@type\":\"ReadAction\",\"target\":[\"https:\\\/\\\/renier.be\\\/product\\\/lithofin-vuiloplosser\\\/\"]}]},{\"@type\":\"ImageObject\",\"inLanguage\":\"de\",\"@id\":\"https:\\\/\\\/renier.be\\\/product\\\/lithofin-vuiloplosser\\\/#primaryimage\",\"url\":\"https:\\\/\\\/renier.be\\\/wp-content\\\/uploads\\\/2024\\\/09\\\/160-1B6-15_MNVuiloplosser-v2.gif\",\"contentUrl\":\"https:\\\/\\\/renier.be\\\/wp-content\\\/uploads\\\/2024\\\/09\\\/160-1B6-15_MNVuiloplosser-v2.gif\",\"width\":1066,\"height\":1772},{\"@type\":\"BreadcrumbList\",\"@id\":\"https:\\\/\\\/renier.be\\\/product\\\/lithofin-vuiloplosser\\\/#breadcrumb\",\"itemListElement\":[{\"@type\":\"ListItem\",\"position\":1,\"name\":\"Home\",\"item\":\"https:\\\/\\\/renier.be\\\/\"},{\"@type\":\"ListItem\",\"position\":2,\"name\":\"Producten\",\"item\":\"https:\\\/\\\/renier.be\\\/producten\\\/\"},{\"@type\":\"ListItem\",\"position\":3,\"name\":\"Lithofin MN Vuiloplosser\"}]},{\"@type\":\"WebSite\",\"@id\":\"https:\\\/\\\/renier.be\\\/#website\",\"url\":\"https:\\\/\\\/renier.be\\\/\",\"name\":\"Renier Natuursteen\",\"description\":\"Specialist in Belgisch Blauwe Hardsteen\",\"publisher\":{\"@id\":\"https:\\\/\\\/renier.be\\\/#organization\"},\"potentialAction\":[{\"@type\":\"SearchAction\",\"target\":{\"@type\":\"EntryPoint\",\"urlTemplate\":\"https:\\\/\\\/renier.be\\\/?s={search_term_string}\"},\"query-input\":{\"@type\":\"PropertyValueSpecification\",\"valueRequired\":true,\"valueName\":\"search_term_string\"}}],\"inLanguage\":\"de\"},{\"@type\":\"Organization\",\"@id\":\"https:\\\/\\\/renier.be\\\/#organization\",\"name\":\"Renier Natuursteen\",\"url\":\"https:\\\/\\\/renier.be\\\/\",\"logo\":{\"@type\":\"ImageObject\",\"inLanguage\":\"de\",\"@id\":\"https:\\\/\\\/renier.be\\\/#\\\/schema\\\/logo\\\/image\\\/\",\"url\":\"\",\"contentUrl\":\"\",\"caption\":\"Renier Natuursteen\"},\"image\":{\"@id\":\"https:\\\/\\\/renier.be\\\/#\\\/schema\\\/logo\\\/image\\\/\"},\"sameAs\":[\"https:\\\/\\\/www.facebook.com\\\/reniernatuursteen\"]}]}<\/script>\n<!-- \/ Yoast SEO plugin. -->","yoast_head_json":{"title":"Lithofin MN-Schmutzentferner - Renier Naturstein","robots":{"index":"index","follow":"follow","max-snippet":"max-snippet:-1","max-image-preview":"max-image-preview:large","max-video-preview":"max-video-preview:-1"},"canonical":"https:\/\/renier.be\/de\/produkt\/lithofin-schmutzentferner\/","og_locale":"de_DE","og_type":"article","og_title":"Lithofin MN Vuiloplosser - Renier Natuursteen","og_description":"Voor het veilig, grondig en snel reinigen van natuursteen.  Verwijdert moeiteloos algemene vervuiling, vettige aanslag, resten van vloerverzorgingsproducten en glanslagen.  Daarnaast verwijdert het lichte cementsluier en bouwvuil van nieuwe natuursteenvloeren zoals marmer, blauwe hardsteen en graniet - mits grondig schrobben.  Werkt effectief en snel: breng het product puur of verdund aan, laat het 10 tot 20 minuten inwerken, en spoel vervolgens af.  Verzendkost BE 9,95\u20ac incl BTW. Gratis levering vanaf \u20ac100.  &nbsp;","og_url":"https:\/\/renier.be\/de\/produkt\/lithofin-schmutzentferner\/","og_site_name":"Renier Natuursteen","article_publisher":"https:\/\/www.facebook.com\/reniernatuursteen","article_modified_time":"2026-03-27T12:01:43+00:00","og_image":[{"width":1066,"height":1772,"url":"https:\/\/renier.be\/wp-content\/uploads\/2024\/09\/160-1B6-15_MNVuiloplosser-v2.gif","type":"image\/gif"}],"twitter_card":"summary_large_image","twitter_misc":{"Gesch\u00e4tzte Lesezeit":"1\u00a0Minute"},"schema":{"@context":"https:\/\/schema.org","@graph":[{"@type":"WebPage","@id":"https:\/\/renier.be\/product\/lithofin-vuiloplosser\/","url":"https:\/\/renier.be\/product\/lithofin-vuiloplosser\/","name":"Lithofin MN-Schmutzentferner - Renier Naturstein","isPartOf":{"@id":"https:\/\/renier.be\/#website"},"primaryImageOfPage":{"@id":"https:\/\/renier.be\/product\/lithofin-vuiloplosser\/#primaryimage"},"image":{"@id":"https:\/\/renier.be\/product\/lithofin-vuiloplosser\/#primaryimage"},"thumbnailUrl":"https:\/\/renier.be\/wp-content\/uploads\/2024\/09\/160-1B6-15_MNVuiloplosser-v2.gif","datePublished":"2024-09-10T12:02:58+00:00","dateModified":"2026-03-27T12:01:43+00:00","breadcrumb":{"@id":"https:\/\/renier.be\/product\/lithofin-vuiloplosser\/#breadcrumb"},"inLanguage":"de","potentialAction":[{"@type":"ReadAction","target":["https:\/\/renier.be\/product\/lithofin-vuiloplosser\/"]}]},{"@type":"ImageObject","inLanguage":"de","@id":"https:\/\/renier.be\/product\/lithofin-vuiloplosser\/#primaryimage","url":"https:\/\/renier.be\/wp-content\/uploads\/2024\/09\/160-1B6-15_MNVuiloplosser-v2.gif","contentUrl":"https:\/\/renier.be\/wp-content\/uploads\/2024\/09\/160-1B6-15_MNVuiloplosser-v2.gif","width":1066,"height":1772},{"@type":"BreadcrumbList","@id":"https:\/\/renier.be\/product\/lithofin-vuiloplosser\/#breadcrumb","itemListElement":[{"@type":"ListItem","position":1,"name":"Home","item":"https:\/\/renier.be\/"},{"@type":"ListItem","position":2,"name":"Producten","item":"https:\/\/renier.be\/producten\/"},{"@type":"ListItem","position":3,"name":"Lithofin MN Vuiloplosser"}]},{"@type":"WebSite","@id":"https:\/\/renier.be\/#website","url":"https:\/\/renier.be\/","name":"Renier Naturstein","description":"Spezialist f\u00fcr belgischen Blaustein","publisher":{"@id":"https:\/\/renier.be\/#organization"},"potentialAction":[{"@type":"SearchAction","target":{"@type":"EntryPoint","urlTemplate":"https:\/\/renier.be\/?s={search_term_string}"},"query-input":{"@type":"PropertyValueSpecification","valueRequired":true,"valueName":"search_term_string"}}],"inLanguage":"de"},{"@type":"Organization","@id":"https:\/\/renier.be\/#organization","name":"Renier Naturstein","url":"https:\/\/renier.be\/","logo":{"@type":"ImageObject","inLanguage":"de","@id":"https:\/\/renier.be\/#\/schema\/logo\/image\/","url":"","contentUrl":"","caption":"Renier Natuursteen"},"image":{"@id":"https:\/\/renier.be\/#\/schema\/logo\/image\/"},"sameAs":["https:\/\/www.facebook.com\/reniernatuursteen"]}]}},"_links":{"self":[{"href":"https:\/\/renier.be\/de\/wp-json\/wp\/v2\/product\/2321","targetHints":{"allow":["GET"]}}],"collection":[{"href":"https:\/\/renier.be\/de\/wp-json\/wp\/v2\/product"}],"about":[{"href":"https:\/\/renier.be\/de\/wp-json\/wp\/v2\/types\/product"}],"wp:featuredmedia":[{"embeddable":true,"href":"https:\/\/renier.be\/de\/wp-json\/wp\/v2\/media\/2126"}],"wp:attachment":[{"href":"https:\/\/renier.be\/de\/wp-json\/wp\/v2\/media?parent=2321"}],"wp:term":[{"taxonomy":"product_brand","embeddable":true,"href":"https:\/\/renier.be\/de\/wp-json\/wp\/v2\/product_brand?post=2321"},{"taxonomy":"product_cat","embeddable":true,"href":"https:\/\/renier.be\/de\/wp-json\/wp\/v2\/product_cat?post=2321"},{"taxonomy":"product_tag","embeddable":true,"href":"https:\/\/renier.be\/de\/wp-json\/wp\/v2\/product_tag?post=2321"}],"curies":[{"name":"wp","href":"https:\/\/api.w.org\/{rel}","templated":true}]}}