{"id":2614,"date":"2024-10-08T15:06:51","date_gmt":"2024-10-08T13:06:51","guid":{"rendered":"https:\/\/renier.be\/?post_type=product&#038;p=2614"},"modified":"2026-04-30T16:54:19","modified_gmt":"2026-04-30T14:54:19","slug":"komponieren-sie-ihre-eigene-flache-turschwelle-mit-aufkantung-aus-belgischem-blaustein","status":"publish","type":"product","link":"https:\/\/renier.be\/de\/product\/stel-zelf-uw-vlakke-deurdorpel-met-opkant-samen-in-belgische-blauwe-hardsteen\/","title":{"rendered":"Ma\u00dfgeschneiderte T\u00fcrschwelle aus Blaustein mit Aufkantung"},"content":{"rendered":"<p>Wir gewinnen und verarbeiten diesen alten Stein vor Ort auf umweltfreundliche und \u00f6kologische Weise. In unserem eigenen Steinbruch produzieren wir hochwertige T\u00fcrschwellen aus belgischem Blaustein ganz nach Ma\u00df.<\/p>\n<p>Diese flache T\u00fcrschwelle mit Aufkantung l\u00e4sst sich ganz nach Wunsch zusammenstellen:<\/p>\n<p>- Blaustein aus unserem eigenen Steinbruch (La Pr\u00e9alle in Sprimont)<\/p>\n<p>- Beenden:<br \/>\n- Oberseite, Vorderseite und beide K\u00f6pfe (5 cm) blau oder grau geschliffen<br \/>\n- Die Vorderseite und beide K\u00f6pfe (5 cm) k\u00f6nnen optional mit einem Fransenabschluss versehen werden, um ein stilvolles Aussehen zu erzielen.<\/p>\n<p>- Gerader Schnitt, mit einer 0,6 x 0,6 cm gro\u00dfen Tropfnase, die 2 cm von der Vorderseite entfernt ist und 2 cm vor den bearbeiteten K\u00f6pfen endet<\/p>\n<p>- Positiv:<br \/>\n- Verleimt, 2 cm dick und 1 cm h\u00f6her als die Oberfl\u00e4che<br \/>\n- Optional in massiver Ausf\u00fchrung gegen Aufpreis erh\u00e4ltlich<\/p>\n<p>- Dicken von 4 cm bis 11 cm<br \/>\nBitte beachten Sie, dass die Dicke (H\u00f6he) der Schwelle die H\u00f6he der R\u00fcckseite bestimmt. Die Oberseite ist 1 cm niedriger als die R\u00fcckseite.<br \/>\nBeispiel: Eine 4 cm hohe Schwelle ist 3 cm dick und hat eine Aufkantung von 1 cm. In diesem Fall ist eine Dicke von 4 cm anzugeben.<\/p>\n<p>- Breite:<br \/>\nDie angegebene Breite schlie\u00dft die Aufkantung ein.<br \/>\nBeispiel: Eine 18 cm breite Schwelle ist insgesamt 18 cm breit, einschlie\u00dflich der 2 cm breiten Aufkantung.<\/p>\n<p>- Optionen:<br \/>\n- Gehrung 45\u00b0<br \/>\n- Kissen in voller Breite, 1 cm dick<br \/>\n- 1 cm dicke Kissen, die 5 cm vor der Vorderseite aufh\u00f6ren<br \/>\n- Massive Fenster- oder T\u00fcrschwelle (ohne aufgeklebte Kante), siehe auch \u201cKomposition einer flachen T\u00fcrschwelle MASSIVE\u201d.\u201d<\/p>\n<p>- Flexibilit\u00e4t in voller Gr\u00f6\u00dfe<\/p>\n<p><img decoding=\"async\" class=\"alignnone size-medium wp-image-1709\" src=\"https:\/\/renier.be\/wp-content\/uploads\/2024\/08\/DVO-met-drup-300x152.jpg\" alt=\"\" width=\"300\" height=\"152\" srcset=\"https:\/\/renier.be\/wp-content\/uploads\/2024\/08\/DVO-met-drup-300x152.jpg 300w, https:\/\/renier.be\/wp-content\/uploads\/2024\/08\/DVO-met-drup-768x389.jpg 768w, https:\/\/renier.be\/wp-content\/uploads\/2024\/08\/DVO-met-drup-600x304.jpg 600w, https:\/\/renier.be\/wp-content\/uploads\/2024\/08\/DVO-met-drup.jpg 814w\" sizes=\"(max-width: 300px) 100vw, 300px\" \/><\/p>\n<p><img decoding=\"async\" class=\"alignnone size-medium wp-image-1305\" src=\"https:\/\/renier.be\/wp-content\/uploads\/2024\/06\/Renier-logo-met-belgische-vlag-300x99.jpg\" alt=\"\" width=\"300\" height=\"99\" srcset=\"https:\/\/renier.be\/wp-content\/uploads\/2024\/06\/Renier-logo-met-belgische-vlag-300x99.jpg 300w, https:\/\/renier.be\/wp-content\/uploads\/2024\/06\/Renier-logo-met-belgische-vlag-1024x337.jpg 1024w, https:\/\/renier.be\/wp-content\/uploads\/2024\/06\/Renier-logo-met-belgische-vlag-768x253.jpg 768w, https:\/\/renier.be\/wp-content\/uploads\/2024\/06\/Renier-logo-met-belgische-vlag-600x197.jpg 600w, https:\/\/renier.be\/wp-content\/uploads\/2024\/06\/Renier-logo-met-belgische-vlag.jpg 1067w\" sizes=\"(max-width: 300px) 100vw, 300px\" \/><\/p>","protected":false},"excerpt":{"rendered":"<p>Eine T\u00fcrschwelle aus Blaustein mit Aufkantung sorgt f\u00fcr einen sauberen Abschluss und sch\u00fctzt Ihre Fassade vor eindringendem Wasser. Die Aufkantung verhindert aufsteigende Feuchtigkeit und verleiht Ihrer Fassade ein dauerhaftes und \u00e4sthetisches Aussehen.<\/p>\n<p>Stellen Sie sich hier ganz einfach Ihre ideale flache T\u00fcrschwelle mit Aufkantung und Tropfnase zusammen. W\u00e4hlen Sie die gew\u00fcnschte Ausf\u00fchrung, Dicke, L\u00e4nge und Breite. F\u00fcgen Sie dann beliebige Optionen hinzu. Der Preis pro St\u00fcck und pro m\u00b2 wird automatisch berechnet. Dar\u00fcber hinaus k\u00f6nnen Sie die gew\u00e4hlte Ausf\u00fchrung jederzeit anpassen. Legen Sie das Produkt in Ihren Warenkorb und schlie\u00dfen Sie Ihre Bestellung ab. Die Lieferzeit betr\u00e4gt ca. 2 Wochen.<\/p>\n<p>Bitte beachten Sie, dass die angegebene Dicke (oder H\u00f6he) die H\u00f6he der R\u00fcckwand ist. Die Oberseite ist 1 cm niedriger.<br \/>\nBeispiel: Eine 4 cm hohe Schwelle ist 3 cm dick und hat eine Aufkantung von 1 cm. In diesem Fall geben Sie eine Dicke von 4 cm an.<\/p>\n<p>Ist die L\u00e4nge gr\u00f6\u00dfer als 180 cm? Dann teilen wir die Fensterbank automatisch in mehrere Teile auf. Die gew\u00fcnschte Aufteilung k\u00f6nnen Sie einfach \u00fcber die zus\u00e4tzlich erscheinenden Felder eingeben.<\/p>","protected":false},"featured_media":2977,"template":"","meta":{"_acf_changed":false},"product_brand":[],"product_cat":[43,31,63,19],"product_tag":[],"class_list":{"0":"post-2614","1":"product","2":"type-product","3":"status-publish","4":"has-post-thumbnail","6":"product_cat-deurdorpel","7":"product_cat-dorpel","8":"product_cat-met-opkant","9":"product_cat-ruwbouw","11":"first","12":"onbackorder","13":"taxable","14":"shipping-taxable","15":"purchasable","16":"product-type-simple"},"acf":[],"yoast_head":"<!-- This site is optimized with the Yoast SEO plugin v27.6 - https:\/\/yoast.com\/product\/yoast-seo-wordpress\/ -->\n<title>Deurdorpel blauwe hardsteen met opkant | Stel zelf samen<\/title>\n<meta name=\"description\" content=\"Stel zelf uw deurdorpel in blauwe hardsteen met opkant samen. Kies afmetingen, afwerking en opties voor een perfect resultaat.\" \/>\n<meta name=\"robots\" content=\"index, follow, max-snippet:-1, max-image-preview:large, max-video-preview:-1\" \/>\n<link rel=\"canonical\" href=\"https:\/\/renier.be\/de\/produkt\/komponieren-sie-ihre-eigene-flache-turschwelle-mit-aufkantung-aus-belgischem-blaustein\/\" \/>\n<meta property=\"og:locale\" content=\"de_DE\" \/>\n<meta property=\"og:type\" content=\"article\" \/>\n<meta property=\"og:title\" content=\"Deurdorpel blauwe hardsteen met opkant | Stel zelf samen\" \/>\n<meta property=\"og:description\" content=\"Stel zelf uw deurdorpel in blauwe hardsteen met opkant samen. Kies afmetingen, afwerking en opties voor een perfect resultaat.\" \/>\n<meta property=\"og:url\" content=\"https:\/\/renier.be\/de\/produkt\/komponieren-sie-ihre-eigene-flache-turschwelle-mit-aufkantung-aus-belgischem-blaustein\/\" \/>\n<meta property=\"og:site_name\" content=\"Renier Natuursteen\" \/>\n<meta property=\"article:publisher\" content=\"https:\/\/www.facebook.com\/reniernatuursteen\" \/>\n<meta property=\"article:modified_time\" content=\"2026-04-30T14:54:19+00:00\" \/>\n<meta property=\"og:image\" content=\"https:\/\/renier.be\/wp-content\/uploads\/2024\/10\/DVO-BLS-scaled.jpg\" \/>\n\t<meta property=\"og:image:width\" content=\"2560\" \/>\n\t<meta property=\"og:image:height\" content=\"1707\" \/>\n\t<meta property=\"og:image:type\" content=\"image\/jpeg\" \/>\n<meta name=\"twitter:card\" content=\"summary_large_image\" \/>\n<meta name=\"twitter:label1\" content=\"Gesch\u00e4tzte Lesezeit\" \/>\n\t<meta name=\"twitter:data1\" content=\"2\u00a0Minuten\" \/>\n<script type=\"application\/ld+json\" class=\"yoast-schema-graph\">{\"@context\":\"https:\\\/\\\/schema.org\",\"@graph\":[{\"@type\":\"WebPage\",\"@id\":\"https:\\\/\\\/renier.be\\\/product\\\/stel-zelf-uw-vlakke-deurdorpel-met-opkant-samen-in-belgische-blauwe-hardsteen\\\/\",\"url\":\"https:\\\/\\\/renier.be\\\/product\\\/stel-zelf-uw-vlakke-deurdorpel-met-opkant-samen-in-belgische-blauwe-hardsteen\\\/\",\"name\":\"Deurdorpel blauwe hardsteen met opkant | Stel zelf samen\",\"isPartOf\":{\"@id\":\"https:\\\/\\\/renier.be\\\/#website\"},\"primaryImageOfPage\":{\"@id\":\"https:\\\/\\\/renier.be\\\/product\\\/stel-zelf-uw-vlakke-deurdorpel-met-opkant-samen-in-belgische-blauwe-hardsteen\\\/#primaryimage\"},\"image\":{\"@id\":\"https:\\\/\\\/renier.be\\\/product\\\/stel-zelf-uw-vlakke-deurdorpel-met-opkant-samen-in-belgische-blauwe-hardsteen\\\/#primaryimage\"},\"thumbnailUrl\":\"https:\\\/\\\/renier.be\\\/wp-content\\\/uploads\\\/2024\\\/10\\\/DVO-BLS-scaled.jpg\",\"datePublished\":\"2024-10-08T13:06:51+00:00\",\"dateModified\":\"2026-04-30T14:54:19+00:00\",\"description\":\"Stel zelf uw deurdorpel in blauwe hardsteen met opkant samen. Kies afmetingen, afwerking en opties voor een perfect resultaat.\",\"breadcrumb\":{\"@id\":\"https:\\\/\\\/renier.be\\\/product\\\/stel-zelf-uw-vlakke-deurdorpel-met-opkant-samen-in-belgische-blauwe-hardsteen\\\/#breadcrumb\"},\"inLanguage\":\"de\",\"potentialAction\":[{\"@type\":\"ReadAction\",\"target\":[\"https:\\\/\\\/renier.be\\\/product\\\/stel-zelf-uw-vlakke-deurdorpel-met-opkant-samen-in-belgische-blauwe-hardsteen\\\/\"]}]},{\"@type\":\"ImageObject\",\"inLanguage\":\"de\",\"@id\":\"https:\\\/\\\/renier.be\\\/product\\\/stel-zelf-uw-vlakke-deurdorpel-met-opkant-samen-in-belgische-blauwe-hardsteen\\\/#primaryimage\",\"url\":\"https:\\\/\\\/renier.be\\\/wp-content\\\/uploads\\\/2024\\\/10\\\/DVO-BLS-scaled.jpg\",\"contentUrl\":\"https:\\\/\\\/renier.be\\\/wp-content\\\/uploads\\\/2024\\\/10\\\/DVO-BLS-scaled.jpg\",\"width\":2560,\"height\":1707,\"caption\":\"deurdorpel blauwe hardsteen met opkant\"},{\"@type\":\"BreadcrumbList\",\"@id\":\"https:\\\/\\\/renier.be\\\/product\\\/stel-zelf-uw-vlakke-deurdorpel-met-opkant-samen-in-belgische-blauwe-hardsteen\\\/#breadcrumb\",\"itemListElement\":[{\"@type\":\"ListItem\",\"position\":1,\"name\":\"Home\",\"item\":\"https:\\\/\\\/renier.be\\\/\"},{\"@type\":\"ListItem\",\"position\":2,\"name\":\"Producten\",\"item\":\"https:\\\/\\\/renier.be\\\/producten\\\/\"},{\"@type\":\"ListItem\",\"position\":3,\"name\":\"Deurdorpel blauwe hardsteen met opkant op maat\"}]},{\"@type\":\"WebSite\",\"@id\":\"https:\\\/\\\/renier.be\\\/#website\",\"url\":\"https:\\\/\\\/renier.be\\\/\",\"name\":\"Renier Natuursteen\",\"description\":\"Specialist in Belgisch Blauwe Hardsteen\",\"publisher\":{\"@id\":\"https:\\\/\\\/renier.be\\\/#organization\"},\"potentialAction\":[{\"@type\":\"SearchAction\",\"target\":{\"@type\":\"EntryPoint\",\"urlTemplate\":\"https:\\\/\\\/renier.be\\\/?s={search_term_string}\"},\"query-input\":{\"@type\":\"PropertyValueSpecification\",\"valueRequired\":true,\"valueName\":\"search_term_string\"}}],\"inLanguage\":\"de\"},{\"@type\":\"Organization\",\"@id\":\"https:\\\/\\\/renier.be\\\/#organization\",\"name\":\"Renier Natuursteen\",\"url\":\"https:\\\/\\\/renier.be\\\/\",\"logo\":{\"@type\":\"ImageObject\",\"inLanguage\":\"de\",\"@id\":\"https:\\\/\\\/renier.be\\\/#\\\/schema\\\/logo\\\/image\\\/\",\"url\":\"https:\\\/\\\/renier.be\\\/wp-content\\\/uploads\\\/2024\\\/07\\\/RENIER.png\",\"contentUrl\":\"https:\\\/\\\/renier.be\\\/wp-content\\\/uploads\\\/2024\\\/07\\\/RENIER.png\",\"width\":2717,\"height\":838,\"caption\":\"Renier Natuursteen\"},\"image\":{\"@id\":\"https:\\\/\\\/renier.be\\\/#\\\/schema\\\/logo\\\/image\\\/\"},\"sameAs\":[\"https:\\\/\\\/www.facebook.com\\\/reniernatuursteen\"]}]}<\/script>\n<!-- \/ Yoast SEO plugin. -->","yoast_head_json":{"title":"T\u00fcrschwelle Blaustein mit Aufkantung | Stellen Sie Ihre eigene zusammen","description":"Stellen Sie Ihre eigene T\u00fcrschwelle aus Blaustein mit Aufkantung zusammen. W\u00e4hlen Sie Abmessungen, Ausf\u00fchrungen und Optionen f\u00fcr ein perfektes Ergebnis.","robots":{"index":"index","follow":"follow","max-snippet":"max-snippet:-1","max-image-preview":"max-image-preview:large","max-video-preview":"max-video-preview:-1"},"canonical":"https:\/\/renier.be\/de\/produkt\/komponieren-sie-ihre-eigene-flache-turschwelle-mit-aufkantung-aus-belgischem-blaustein\/","og_locale":"de_DE","og_type":"article","og_title":"Deurdorpel blauwe hardsteen met opkant | Stel zelf samen","og_description":"Stel zelf uw deurdorpel in blauwe hardsteen met opkant samen. Kies afmetingen, afwerking en opties voor een perfect resultaat.","og_url":"https:\/\/renier.be\/de\/produkt\/komponieren-sie-ihre-eigene-flache-turschwelle-mit-aufkantung-aus-belgischem-blaustein\/","og_site_name":"Renier Natuursteen","article_publisher":"https:\/\/www.facebook.com\/reniernatuursteen","article_modified_time":"2026-04-30T14:54:19+00:00","og_image":[{"width":2560,"height":1707,"url":"https:\/\/renier.be\/wp-content\/uploads\/2024\/10\/DVO-BLS-scaled.jpg","type":"image\/jpeg"}],"twitter_card":"summary_large_image","twitter_misc":{"Gesch\u00e4tzte Lesezeit":"2\u00a0Minuten"},"schema":{"@context":"https:\/\/schema.org","@graph":[{"@type":"WebPage","@id":"https:\/\/renier.be\/product\/stel-zelf-uw-vlakke-deurdorpel-met-opkant-samen-in-belgische-blauwe-hardsteen\/","url":"https:\/\/renier.be\/product\/stel-zelf-uw-vlakke-deurdorpel-met-opkant-samen-in-belgische-blauwe-hardsteen\/","name":"T\u00fcrschwelle Blaustein mit Aufkantung | Stellen Sie Ihre eigene zusammen","isPartOf":{"@id":"https:\/\/renier.be\/#website"},"primaryImageOfPage":{"@id":"https:\/\/renier.be\/product\/stel-zelf-uw-vlakke-deurdorpel-met-opkant-samen-in-belgische-blauwe-hardsteen\/#primaryimage"},"image":{"@id":"https:\/\/renier.be\/product\/stel-zelf-uw-vlakke-deurdorpel-met-opkant-samen-in-belgische-blauwe-hardsteen\/#primaryimage"},"thumbnailUrl":"https:\/\/renier.be\/wp-content\/uploads\/2024\/10\/DVO-BLS-scaled.jpg","datePublished":"2024-10-08T13:06:51+00:00","dateModified":"2026-04-30T14:54:19+00:00","description":"Stellen Sie Ihre eigene T\u00fcrschwelle aus Blaustein mit Aufkantung zusammen. W\u00e4hlen Sie Abmessungen, Ausf\u00fchrungen und Optionen f\u00fcr ein perfektes Ergebnis.","breadcrumb":{"@id":"https:\/\/renier.be\/product\/stel-zelf-uw-vlakke-deurdorpel-met-opkant-samen-in-belgische-blauwe-hardsteen\/#breadcrumb"},"inLanguage":"de","potentialAction":[{"@type":"ReadAction","target":["https:\/\/renier.be\/product\/stel-zelf-uw-vlakke-deurdorpel-met-opkant-samen-in-belgische-blauwe-hardsteen\/"]}]},{"@type":"ImageObject","inLanguage":"de","@id":"https:\/\/renier.be\/product\/stel-zelf-uw-vlakke-deurdorpel-met-opkant-samen-in-belgische-blauwe-hardsteen\/#primaryimage","url":"https:\/\/renier.be\/wp-content\/uploads\/2024\/10\/DVO-BLS-scaled.jpg","contentUrl":"https:\/\/renier.be\/wp-content\/uploads\/2024\/10\/DVO-BLS-scaled.jpg","width":2560,"height":1707,"caption":"deurdorpel blauwe hardsteen met opkant"},{"@type":"BreadcrumbList","@id":"https:\/\/renier.be\/product\/stel-zelf-uw-vlakke-deurdorpel-met-opkant-samen-in-belgische-blauwe-hardsteen\/#breadcrumb","itemListElement":[{"@type":"ListItem","position":1,"name":"Home","item":"https:\/\/renier.be\/"},{"@type":"ListItem","position":2,"name":"Producten","item":"https:\/\/renier.be\/producten\/"},{"@type":"ListItem","position":3,"name":"Deurdorpel blauwe hardsteen met opkant op maat"}]},{"@type":"WebSite","@id":"https:\/\/renier.be\/#website","url":"https:\/\/renier.be\/","name":"Renier Naturstein","description":"Spezialist f\u00fcr belgischen Blaustein","publisher":{"@id":"https:\/\/renier.be\/#organization"},"potentialAction":[{"@type":"SearchAction","target":{"@type":"EntryPoint","urlTemplate":"https:\/\/renier.be\/?s={search_term_string}"},"query-input":{"@type":"PropertyValueSpecification","valueRequired":true,"valueName":"search_term_string"}}],"inLanguage":"de"},{"@type":"Organization","@id":"https:\/\/renier.be\/#organization","name":"Renier Naturstein","url":"https:\/\/renier.be\/","logo":{"@type":"ImageObject","inLanguage":"de","@id":"https:\/\/renier.be\/#\/schema\/logo\/image\/","url":"https:\/\/renier.be\/wp-content\/uploads\/2024\/07\/RENIER.png","contentUrl":"https:\/\/renier.be\/wp-content\/uploads\/2024\/07\/RENIER.png","width":2717,"height":838,"caption":"Renier Natuursteen"},"image":{"@id":"https:\/\/renier.be\/#\/schema\/logo\/image\/"},"sameAs":["https:\/\/www.facebook.com\/reniernatuursteen"]}]}},"_links":{"self":[{"href":"https:\/\/renier.be\/de\/wp-json\/wp\/v2\/product\/2614","targetHints":{"allow":["GET"]}}],"collection":[{"href":"https:\/\/renier.be\/de\/wp-json\/wp\/v2\/product"}],"about":[{"href":"https:\/\/renier.be\/de\/wp-json\/wp\/v2\/types\/product"}],"wp:featuredmedia":[{"embeddable":true,"href":"https:\/\/renier.be\/de\/wp-json\/wp\/v2\/media\/2977"}],"wp:attachment":[{"href":"https:\/\/renier.be\/de\/wp-json\/wp\/v2\/media?parent=2614"}],"wp:term":[{"taxonomy":"product_brand","embeddable":true,"href":"https:\/\/renier.be\/de\/wp-json\/wp\/v2\/product_brand?post=2614"},{"taxonomy":"product_cat","embeddable":true,"href":"https:\/\/renier.be\/de\/wp-json\/wp\/v2\/product_cat?post=2614"},{"taxonomy":"product_tag","embeddable":true,"href":"https:\/\/renier.be\/de\/wp-json\/wp\/v2\/product_tag?post=2614"}],"curies":[{"name":"wp","href":"https:\/\/api.w.org\/{rel}","templated":true}]}}