{"id":2901,"date":"2024-12-03T13:24:54","date_gmt":"2024-12-03T12:24:54","guid":{"rendered":"https:\/\/renier.be\/?post_type=product&#038;p=2901"},"modified":"2026-03-27T13:01:39","modified_gmt":"2026-03-27T12:01:39","slug":"moderner-turrahmen","status":"publish","type":"product","link":"https:\/\/renier.be\/de\/product\/moderna-deuromlijsting\/","title":{"rendered":"Moderna T\u00fcrumramhung"},"content":{"rendered":"<p>Unser belgischer Blaustein ist eines der best\u00e4ndigsten Materialien der Welt. Dieser uralte Stein, der \u00fcber Millionen von Jahren entstanden ist, wird lokal und umweltfreundlich abgebaut.<\/p>\n<p>Dieser moderne T\u00fcrumramhung ist blau geschliffen und hat die folgenden Abmessungen:<\/p>\n<p><img fetchpriority=\"high\" decoding=\"async\" class=\"alignnone wp-image-2908 size-large\" src=\"https:\/\/renier.be\/wp-content\/uploads\/2024\/12\/new-moderna-2024-dim-1024x1024.jpg\" alt=\"\" width=\"800\" height=\"800\" srcset=\"https:\/\/renier.be\/wp-content\/uploads\/2024\/12\/new-moderna-2024-dim-1024x1024.jpg 1024w, https:\/\/renier.be\/wp-content\/uploads\/2024\/12\/new-moderna-2024-dim-300x300.jpg 300w, https:\/\/renier.be\/wp-content\/uploads\/2024\/12\/new-moderna-2024-dim-150x150.jpg 150w, https:\/\/renier.be\/wp-content\/uploads\/2024\/12\/new-moderna-2024-dim-768x768.jpg 768w, https:\/\/renier.be\/wp-content\/uploads\/2024\/12\/new-moderna-2024-dim-1536x1536.jpg 1536w, https:\/\/renier.be\/wp-content\/uploads\/2024\/12\/new-moderna-2024-dim-2048x2048.jpg 2048w, https:\/\/renier.be\/wp-content\/uploads\/2024\/12\/new-moderna-2024-dim-600x600.jpg 600w, https:\/\/renier.be\/wp-content\/uploads\/2024\/12\/new-moderna-2024-dim-100x100.jpg 100w\" sizes=\"(max-width: 800px) 100vw, 800px\" \/><\/p>\n<p>Sowohl die Breite (zwischen 100 und 110 cm) als auch die H\u00f6he (zwischen 245 und 255 cm) k\u00f6nnen angepasst werden.<\/p>\n<p>Dies hat keinen Einfluss auf den Preis, sollte aber bei der Bestellung angegeben werden.<\/p>\n<p>&nbsp;<\/p>\n<p><img decoding=\"async\" class=\"alignnone size-medium wp-image-1305\" src=\"https:\/\/renier.be\/wp-content\/uploads\/2024\/06\/Renier-logo-met-belgische-vlag-300x99.jpg\" alt=\"\" width=\"300\" height=\"99\" srcset=\"https:\/\/renier.be\/wp-content\/uploads\/2024\/06\/Renier-logo-met-belgische-vlag-300x99.jpg 300w, https:\/\/renier.be\/wp-content\/uploads\/2024\/06\/Renier-logo-met-belgische-vlag-1024x337.jpg 1024w, https:\/\/renier.be\/wp-content\/uploads\/2024\/06\/Renier-logo-met-belgische-vlag-768x253.jpg 768w, https:\/\/renier.be\/wp-content\/uploads\/2024\/06\/Renier-logo-met-belgische-vlag-600x197.jpg 600w, https:\/\/renier.be\/wp-content\/uploads\/2024\/06\/Renier-logo-met-belgische-vlag.jpg 1067w\" sizes=\"(max-width: 300px) 100vw, 300px\" \/><\/p>","protected":false},"excerpt":{"rendered":"<p style=\"text-align: left\">Moderner T\u00fcrumramhung 'Moderna' mit blauem Schleiflack. 1 Paket, bei dem sowohl die Breite (zwischen 100 und 110 cm) als auch die H\u00f6he (zwischen 245 und 255 cm) angepasst werden k\u00f6nnen<\/p>\n<p style=\"text-align: left\">","protected":false},"featured_media":2907,"template":"","meta":{"_acf_changed":false},"product_brand":[],"product_cat":[50,33,19],"product_tag":[106],"class_list":{"0":"post-2901","1":"product","2":"type-product","3":"status-publish","4":"has-post-thumbnail","6":"product_cat-deuromlijsting","7":"product_cat-omlijsting","8":"product_cat-ruwbouw","9":"product_tag-gmc","10":"product_shipping_class-afhaling","12":"first","13":"onbackorder","14":"taxable","15":"shipping-taxable","16":"purchasable","17":"product-type-simple"},"acf":[],"yoast_head":"<!-- This site is optimized with the Yoast SEO plugin v27.3 - https:\/\/yoast.com\/product\/yoast-seo-wordpress\/ -->\n<title>Moderna deuromlijsting - Renier Natuursteen<\/title>\n<meta name=\"robots\" content=\"index, follow, max-snippet:-1, max-image-preview:large, max-video-preview:-1\" \/>\n<link rel=\"canonical\" href=\"https:\/\/renier.be\/de\/produkt\/moderner-turrahmen\/\" \/>\n<meta property=\"og:locale\" content=\"de_DE\" \/>\n<meta property=\"og:type\" content=\"article\" \/>\n<meta property=\"og:title\" content=\"Moderna deuromlijsting - Renier Natuursteen\" \/>\n<meta property=\"og:description\" content=\"Moderne deuromlijsting type &#039;Moderna&#039; met een blauw geschuurde afwerking. 1 pakket waarbij zowel de breedte (tussen 100 en 110cm) als de hoogte (tussen 245 en 255 cm) kunnen aangepast worden\" \/>\n<meta property=\"og:url\" content=\"https:\/\/renier.be\/de\/produkt\/moderner-turrahmen\/\" \/>\n<meta property=\"og:site_name\" content=\"Renier Natuursteen\" \/>\n<meta property=\"article:publisher\" content=\"https:\/\/www.facebook.com\/reniernatuursteen\" \/>\n<meta property=\"article:modified_time\" content=\"2026-03-27T12:01:39+00:00\" \/>\n<meta property=\"og:image\" content=\"https:\/\/renier.be\/wp-content\/uploads\/2024\/12\/new-moderna-2024-clean-scaled.jpg\" \/>\n\t<meta property=\"og:image:width\" content=\"2560\" \/>\n\t<meta property=\"og:image:height\" content=\"2560\" \/>\n\t<meta property=\"og:image:type\" content=\"image\/jpeg\" \/>\n<meta name=\"twitter:card\" content=\"summary_large_image\" \/>\n<meta name=\"twitter:label1\" content=\"Gesch\u00e4tzte Lesezeit\" \/>\n\t<meta name=\"twitter:data1\" content=\"1\u00a0Minute\" \/>\n<script type=\"application\/ld+json\" class=\"yoast-schema-graph\">{\"@context\":\"https:\\\/\\\/schema.org\",\"@graph\":[{\"@type\":\"WebPage\",\"@id\":\"https:\\\/\\\/renier.be\\\/product\\\/moderna-deuromlijsting\\\/\",\"url\":\"https:\\\/\\\/renier.be\\\/product\\\/moderna-deuromlijsting\\\/\",\"name\":\"Moderna deuromlijsting - Renier Natuursteen\",\"isPartOf\":{\"@id\":\"https:\\\/\\\/renier.be\\\/#website\"},\"primaryImageOfPage\":{\"@id\":\"https:\\\/\\\/renier.be\\\/product\\\/moderna-deuromlijsting\\\/#primaryimage\"},\"image\":{\"@id\":\"https:\\\/\\\/renier.be\\\/product\\\/moderna-deuromlijsting\\\/#primaryimage\"},\"thumbnailUrl\":\"https:\\\/\\\/renier.be\\\/wp-content\\\/uploads\\\/2024\\\/12\\\/new-moderna-2024-clean-scaled.jpg\",\"datePublished\":\"2024-12-03T12:24:54+00:00\",\"dateModified\":\"2026-03-27T12:01:39+00:00\",\"breadcrumb\":{\"@id\":\"https:\\\/\\\/renier.be\\\/product\\\/moderna-deuromlijsting\\\/#breadcrumb\"},\"inLanguage\":\"de\",\"potentialAction\":[{\"@type\":\"ReadAction\",\"target\":[\"https:\\\/\\\/renier.be\\\/product\\\/moderna-deuromlijsting\\\/\"]}]},{\"@type\":\"ImageObject\",\"inLanguage\":\"de\",\"@id\":\"https:\\\/\\\/renier.be\\\/product\\\/moderna-deuromlijsting\\\/#primaryimage\",\"url\":\"https:\\\/\\\/renier.be\\\/wp-content\\\/uploads\\\/2024\\\/12\\\/new-moderna-2024-clean-scaled.jpg\",\"contentUrl\":\"https:\\\/\\\/renier.be\\\/wp-content\\\/uploads\\\/2024\\\/12\\\/new-moderna-2024-clean-scaled.jpg\",\"width\":2560,\"height\":2560},{\"@type\":\"BreadcrumbList\",\"@id\":\"https:\\\/\\\/renier.be\\\/product\\\/moderna-deuromlijsting\\\/#breadcrumb\",\"itemListElement\":[{\"@type\":\"ListItem\",\"position\":1,\"name\":\"Home\",\"item\":\"https:\\\/\\\/renier.be\\\/\"},{\"@type\":\"ListItem\",\"position\":2,\"name\":\"Producten\",\"item\":\"https:\\\/\\\/renier.be\\\/producten\\\/\"},{\"@type\":\"ListItem\",\"position\":3,\"name\":\"Moderna deuromlijsting\"}]},{\"@type\":\"WebSite\",\"@id\":\"https:\\\/\\\/renier.be\\\/#website\",\"url\":\"https:\\\/\\\/renier.be\\\/\",\"name\":\"Renier Natuursteen\",\"description\":\"Specialist in Belgisch Blauwe Hardsteen\",\"publisher\":{\"@id\":\"https:\\\/\\\/renier.be\\\/#organization\"},\"potentialAction\":[{\"@type\":\"SearchAction\",\"target\":{\"@type\":\"EntryPoint\",\"urlTemplate\":\"https:\\\/\\\/renier.be\\\/?s={search_term_string}\"},\"query-input\":{\"@type\":\"PropertyValueSpecification\",\"valueRequired\":true,\"valueName\":\"search_term_string\"}}],\"inLanguage\":\"de\"},{\"@type\":\"Organization\",\"@id\":\"https:\\\/\\\/renier.be\\\/#organization\",\"name\":\"Renier Natuursteen\",\"url\":\"https:\\\/\\\/renier.be\\\/\",\"logo\":{\"@type\":\"ImageObject\",\"inLanguage\":\"de\",\"@id\":\"https:\\\/\\\/renier.be\\\/#\\\/schema\\\/logo\\\/image\\\/\",\"url\":\"\",\"contentUrl\":\"\",\"caption\":\"Renier Natuursteen\"},\"image\":{\"@id\":\"https:\\\/\\\/renier.be\\\/#\\\/schema\\\/logo\\\/image\\\/\"},\"sameAs\":[\"https:\\\/\\\/www.facebook.com\\\/reniernatuursteen\"]}]}<\/script>\n<!-- \/ Yoast SEO plugin. -->","yoast_head_json":{"title":"Moderna T\u00fcrrahmen - Renier Natuursteen","robots":{"index":"index","follow":"follow","max-snippet":"max-snippet:-1","max-image-preview":"max-image-preview:large","max-video-preview":"max-video-preview:-1"},"canonical":"https:\/\/renier.be\/de\/produkt\/moderner-turrahmen\/","og_locale":"de_DE","og_type":"article","og_title":"Moderna deuromlijsting - Renier Natuursteen","og_description":"Moderne deuromlijsting type 'Moderna' met een blauw geschuurde afwerking. 1 pakket waarbij zowel de breedte (tussen 100 en 110cm) als de hoogte (tussen 245 en 255 cm) kunnen aangepast worden","og_url":"https:\/\/renier.be\/de\/produkt\/moderner-turrahmen\/","og_site_name":"Renier Natuursteen","article_publisher":"https:\/\/www.facebook.com\/reniernatuursteen","article_modified_time":"2026-03-27T12:01:39+00:00","og_image":[{"width":2560,"height":2560,"url":"https:\/\/renier.be\/wp-content\/uploads\/2024\/12\/new-moderna-2024-clean-scaled.jpg","type":"image\/jpeg"}],"twitter_card":"summary_large_image","twitter_misc":{"Gesch\u00e4tzte Lesezeit":"1\u00a0Minute"},"schema":{"@context":"https:\/\/schema.org","@graph":[{"@type":"WebPage","@id":"https:\/\/renier.be\/product\/moderna-deuromlijsting\/","url":"https:\/\/renier.be\/product\/moderna-deuromlijsting\/","name":"Moderna T\u00fcrrahmen - Renier Natuursteen","isPartOf":{"@id":"https:\/\/renier.be\/#website"},"primaryImageOfPage":{"@id":"https:\/\/renier.be\/product\/moderna-deuromlijsting\/#primaryimage"},"image":{"@id":"https:\/\/renier.be\/product\/moderna-deuromlijsting\/#primaryimage"},"thumbnailUrl":"https:\/\/renier.be\/wp-content\/uploads\/2024\/12\/new-moderna-2024-clean-scaled.jpg","datePublished":"2024-12-03T12:24:54+00:00","dateModified":"2026-03-27T12:01:39+00:00","breadcrumb":{"@id":"https:\/\/renier.be\/product\/moderna-deuromlijsting\/#breadcrumb"},"inLanguage":"de","potentialAction":[{"@type":"ReadAction","target":["https:\/\/renier.be\/product\/moderna-deuromlijsting\/"]}]},{"@type":"ImageObject","inLanguage":"de","@id":"https:\/\/renier.be\/product\/moderna-deuromlijsting\/#primaryimage","url":"https:\/\/renier.be\/wp-content\/uploads\/2024\/12\/new-moderna-2024-clean-scaled.jpg","contentUrl":"https:\/\/renier.be\/wp-content\/uploads\/2024\/12\/new-moderna-2024-clean-scaled.jpg","width":2560,"height":2560},{"@type":"BreadcrumbList","@id":"https:\/\/renier.be\/product\/moderna-deuromlijsting\/#breadcrumb","itemListElement":[{"@type":"ListItem","position":1,"name":"Home","item":"https:\/\/renier.be\/"},{"@type":"ListItem","position":2,"name":"Producten","item":"https:\/\/renier.be\/producten\/"},{"@type":"ListItem","position":3,"name":"Moderna deuromlijsting"}]},{"@type":"WebSite","@id":"https:\/\/renier.be\/#website","url":"https:\/\/renier.be\/","name":"Renier Naturstein","description":"Spezialist f\u00fcr belgischen Blaustein","publisher":{"@id":"https:\/\/renier.be\/#organization"},"potentialAction":[{"@type":"SearchAction","target":{"@type":"EntryPoint","urlTemplate":"https:\/\/renier.be\/?s={search_term_string}"},"query-input":{"@type":"PropertyValueSpecification","valueRequired":true,"valueName":"search_term_string"}}],"inLanguage":"de"},{"@type":"Organization","@id":"https:\/\/renier.be\/#organization","name":"Renier Naturstein","url":"https:\/\/renier.be\/","logo":{"@type":"ImageObject","inLanguage":"de","@id":"https:\/\/renier.be\/#\/schema\/logo\/image\/","url":"","contentUrl":"","caption":"Renier Natuursteen"},"image":{"@id":"https:\/\/renier.be\/#\/schema\/logo\/image\/"},"sameAs":["https:\/\/www.facebook.com\/reniernatuursteen"]}]}},"_links":{"self":[{"href":"https:\/\/renier.be\/de\/wp-json\/wp\/v2\/product\/2901","targetHints":{"allow":["GET"]}}],"collection":[{"href":"https:\/\/renier.be\/de\/wp-json\/wp\/v2\/product"}],"about":[{"href":"https:\/\/renier.be\/de\/wp-json\/wp\/v2\/types\/product"}],"wp:featuredmedia":[{"embeddable":true,"href":"https:\/\/renier.be\/de\/wp-json\/wp\/v2\/media\/2907"}],"wp:attachment":[{"href":"https:\/\/renier.be\/de\/wp-json\/wp\/v2\/media?parent=2901"}],"wp:term":[{"taxonomy":"product_brand","embeddable":true,"href":"https:\/\/renier.be\/de\/wp-json\/wp\/v2\/product_brand?post=2901"},{"taxonomy":"product_cat","embeddable":true,"href":"https:\/\/renier.be\/de\/wp-json\/wp\/v2\/product_cat?post=2901"},{"taxonomy":"product_tag","embeddable":true,"href":"https:\/\/renier.be\/de\/wp-json\/wp\/v2\/product_tag?post=2901"}],"curies":[{"name":"wp","href":"https:\/\/api.w.org\/{rel}","templated":true}]}}