{"id":2957,"date":"2024-12-05T15:40:26","date_gmt":"2024-12-05T14:40:26","guid":{"rendered":"https:\/\/renier.be\/?post_type=product&#038;p=2957"},"modified":"2026-03-12T11:46:23","modified_gmt":"2026-03-12T10:46:23","slug":"pietra-serena-geschliffen","status":"publish","type":"product","link":"https:\/\/renier.be\/de\/product\/pietra-serena-gezoet\/","title":{"rendered":"Pietra Serena"},"content":{"rendered":"<p>Als Spezialisten bieten wir eine breite Palette von Oberfl\u00e4chen an, die ganz auf den Stil und das gew\u00fcnschte Aussehen Ihres Hauses zugeschnitten sind.<\/p>\n<p>Wir bieten Ihnen die Wahl zwischen Fenstertabletten in:<\/p>\n<ul>\n<li><strong>ein italienischer Sandstein Pietra Serena\u00a0<strong>(aktuelle Auswahl)<\/strong>. Es bietet einen eleganten grauen Look, ist langlebig und hitzebest\u00e4ndig und passt perfekt in moderne und klassische Innenr\u00e4ume.<\/strong>.\u00a0<strong>Der sichtbare Teil der K\u00f6pfe ist ebenfalls fertig.<\/strong><\/li>\n<li>ein einzigartiger Vinalmont-Kalkstein aus unseren eigenen Steinbr\u00fcchen in der N\u00e4he von L\u00fcttich. Er ist besonders langlebig, pflegeleicht und feuchtigkeitsbest\u00e4ndig und eignet sich daher perfekt f\u00fcr Fensterfliesen.<\/li>\n<li>ein satinierter belgischer Blaustein aus unserem eigenen Steinbruch. Er ist langlebig, kratzfest, pflegeleicht und verleiht jedem Interieur ein zeitloses, elegantes Aussehen<\/li>\n<li>Ein indischer schwarzer Granit aus Indien. Er hat ein tiefschwarzes, glattes Aussehen. Er ist sehr langlebig, strapazierf\u00e4hig und widerstandsf\u00e4hig gegen Hitze und Feuchtigkeit.<\/li>\n<li>ein indisches Schwarz mit einer gl\u00e4nzenden Oberfl\u00e4che. Dieses Poly-Finish bietet ein gl\u00e4nzendes, luxuri\u00f6ses Aussehen, ist kratzfest, langlebig und pflegeleicht, perfekt f\u00fcr moderne Innenr\u00e4ume.<\/li>\n<li>ein beiger Moca Creme Kalkstein aus Portugal. Er hat ein warmes, beigefarbenes Aussehen, ist langlebig und pflegeleicht und passt sowohl in moderne als auch in klassische Innenr\u00e4ume<\/li>\n<li>Ein Carrara-Marmor, der mit seinem wei\u00dfen Hintergrund und den subtilen grauen Adern ein luxuri\u00f6ses, zeitloses Aussehen hat. Dieser Marmor ist nicht nur \u00e4sthetisch beeindruckend, sondern auch langlebig und hitzebest\u00e4ndig, was ihn perfekt f\u00fcr Fensterfliesen macht<\/li>\n<\/ul>\n<p>Lange Front und sichtbare K\u00f6pfe fertig.<\/p>\n<p>Dicken von 2cm bis 3cm. Andere Dicken sind nat\u00fcrlich auf Anfrage m\u00f6glich. Z\u00f6gern Sie nicht, uns diesbez\u00fcglich zu kontaktieren.<\/p>\n<p>Volle Flexibilit\u00e4t bei den Abmessungen. Die L\u00e4nge ist auf 120 cm begrenzt, aber l\u00e4nger ist auf Anfrage nat\u00fcrlich m\u00f6glich.<\/p>\n<p>&nbsp;<\/p>\n<p><img decoding=\"async\" class=\"alignnone size-medium wp-image-1305\" src=\"https:\/\/renier.be\/wp-content\/uploads\/2024\/06\/Renier-logo-met-belgische-vlag-300x99.jpg\" alt=\"\" width=\"300\" height=\"99\" srcset=\"https:\/\/renier.be\/wp-content\/uploads\/2024\/06\/Renier-logo-met-belgische-vlag-300x99.jpg 300w, https:\/\/renier.be\/wp-content\/uploads\/2024\/06\/Renier-logo-met-belgische-vlag-1024x337.jpg 1024w, https:\/\/renier.be\/wp-content\/uploads\/2024\/06\/Renier-logo-met-belgische-vlag-768x253.jpg 768w, https:\/\/renier.be\/wp-content\/uploads\/2024\/06\/Renier-logo-met-belgische-vlag-600x197.jpg 600w, https:\/\/renier.be\/wp-content\/uploads\/2024\/06\/Renier-logo-met-belgische-vlag.jpg 1067w\" sizes=\"(max-width: 300px) 100vw, 300px\" \/><\/p>","protected":false},"excerpt":{"rendered":"<p>Fensterbank aus Pietra Serena, einem italienischen Sandstein. Er ist besonders langlebig, pflegeleicht und feuchtigkeitsbest\u00e4ndig und eignet sich daher hervorragend f\u00fcr Fenstertafeln. Lange Front und sichtbare K\u00f6pfe fertiggestellt.<\/p>\n<p>W\u00e4hlen Sie unten die gew\u00fcnschte Dicke, L\u00e4nge und Breite. Der Preis pro St\u00fcck und pro m\u00b2 wird automatisch berechnet.<\/p>\n<p>Klicken Sie dann auf \"In den Warenkorb\" und schlie\u00dfen Sie Ihre Bestellung ab. Die Lieferzeit betr\u00e4gt 2 bis 3 Wochen.<\/p>\n<p><img decoding=\"async\" class=\"alignnone wp-image-2958 size-medium\" src=\"https:\/\/renier.be\/wp-content\/uploads\/2024\/12\/Italiaanse-vlag-300x162.jpg\" alt=\"\" width=\"300\" height=\"162\" srcset=\"https:\/\/renier.be\/wp-content\/uploads\/2024\/12\/Italiaanse-vlag-300x162.jpg 300w, https:\/\/renier.be\/wp-content\/uploads\/2024\/12\/Italiaanse-vlag.jpg 600w\" sizes=\"(max-width: 300px) 100vw, 300px\" \/><\/p>","protected":false},"featured_media":2955,"template":"","meta":{"_acf_changed":false},"product_brand":[],"product_cat":[22,89,42],"product_tag":[],"class_list":{"0":"post-2957","1":"product","2":"type-product","3":"status-publish","4":"has-post-thumbnail","6":"product_cat-interieur","7":"product_cat-tabletten","8":"product_cat-venstertablet","10":"first","11":"onbackorder","12":"taxable","13":"shipping-taxable","14":"purchasable","15":"product-type-simple"},"acf":[],"yoast_head":"<!-- This site is optimized with the Yoast SEO plugin v27.3 - https:\/\/yoast.com\/product\/yoast-seo-wordpress\/ -->\n<title>Pietra Serena gezoet - Renier Natuursteen<\/title>\n<meta name=\"robots\" content=\"index, follow, max-snippet:-1, max-image-preview:large, max-video-preview:-1\" \/>\n<link rel=\"canonical\" href=\"https:\/\/renier.be\/de\/produkt\/pietra-serena-geschliffen\/\" \/>\n<meta property=\"og:locale\" content=\"de_DE\" \/>\n<meta property=\"og:type\" content=\"article\" \/>\n<meta property=\"og:title\" content=\"Pietra Serena gezoet - Renier Natuursteen\" \/>\n<meta property=\"og:description\" content=\"Venstertablet in een Pietra Serena Italiaanse zandsteen. Deze is bijzonder duurzaam, onderhoudsvriendelijk en bestand tegen vocht, wat het perfect maakt voor venstertabletten. Lange voorzijde en zichtbare koppen afgewerkt.  Kies hieronder de gewenste dikte, lengte en breedte. De prijs per stuk en per m\u00b2 wordt automatisch berekend.  Klik daarna op toevoegen in de winkelwagen en vervolledig je bestelling. Levertijd 2 \u00e0 3 weken.\" \/>\n<meta property=\"og:url\" content=\"https:\/\/renier.be\/de\/produkt\/pietra-serena-geschliffen\/\" \/>\n<meta property=\"og:site_name\" content=\"Renier Natuursteen\" \/>\n<meta property=\"article:publisher\" content=\"https:\/\/www.facebook.com\/reniernatuursteen\" \/>\n<meta property=\"article:modified_time\" content=\"2026-03-12T10:46:23+00:00\" \/>\n<meta property=\"og:image\" content=\"https:\/\/renier.be\/wp-content\/uploads\/2024\/09\/TAB-PIS-ZOE-scaled.jpg\" \/>\n\t<meta property=\"og:image:width\" content=\"2560\" \/>\n\t<meta property=\"og:image:height\" content=\"1707\" \/>\n\t<meta property=\"og:image:type\" content=\"image\/jpeg\" \/>\n<meta name=\"twitter:card\" content=\"summary_large_image\" \/>\n<meta name=\"twitter:label1\" content=\"Gesch\u00e4tzte Lesezeit\" \/>\n\t<meta name=\"twitter:data1\" content=\"2\u00a0Minuten\" \/>\n<script type=\"application\/ld+json\" class=\"yoast-schema-graph\">{\"@context\":\"https:\\\/\\\/schema.org\",\"@graph\":[{\"@type\":\"WebPage\",\"@id\":\"https:\\\/\\\/renier.be\\\/product\\\/pietra-serena-gezoet\\\/\",\"url\":\"https:\\\/\\\/renier.be\\\/product\\\/pietra-serena-gezoet\\\/\",\"name\":\"Pietra Serena gezoet - Renier Natuursteen\",\"isPartOf\":{\"@id\":\"https:\\\/\\\/renier.be\\\/#website\"},\"primaryImageOfPage\":{\"@id\":\"https:\\\/\\\/renier.be\\\/product\\\/pietra-serena-gezoet\\\/#primaryimage\"},\"image\":{\"@id\":\"https:\\\/\\\/renier.be\\\/product\\\/pietra-serena-gezoet\\\/#primaryimage\"},\"thumbnailUrl\":\"https:\\\/\\\/renier.be\\\/wp-content\\\/uploads\\\/2024\\\/09\\\/TAB-PIS-ZOE-scaled.jpg\",\"datePublished\":\"2024-12-05T14:40:26+00:00\",\"dateModified\":\"2026-03-12T10:46:23+00:00\",\"breadcrumb\":{\"@id\":\"https:\\\/\\\/renier.be\\\/product\\\/pietra-serena-gezoet\\\/#breadcrumb\"},\"inLanguage\":\"de\",\"potentialAction\":[{\"@type\":\"ReadAction\",\"target\":[\"https:\\\/\\\/renier.be\\\/product\\\/pietra-serena-gezoet\\\/\"]}]},{\"@type\":\"ImageObject\",\"inLanguage\":\"de\",\"@id\":\"https:\\\/\\\/renier.be\\\/product\\\/pietra-serena-gezoet\\\/#primaryimage\",\"url\":\"https:\\\/\\\/renier.be\\\/wp-content\\\/uploads\\\/2024\\\/09\\\/TAB-PIS-ZOE-scaled.jpg\",\"contentUrl\":\"https:\\\/\\\/renier.be\\\/wp-content\\\/uploads\\\/2024\\\/09\\\/TAB-PIS-ZOE-scaled.jpg\",\"width\":2560,\"height\":1707},{\"@type\":\"BreadcrumbList\",\"@id\":\"https:\\\/\\\/renier.be\\\/product\\\/pietra-serena-gezoet\\\/#breadcrumb\",\"itemListElement\":[{\"@type\":\"ListItem\",\"position\":1,\"name\":\"Home\",\"item\":\"https:\\\/\\\/renier.be\\\/\"},{\"@type\":\"ListItem\",\"position\":2,\"name\":\"Producten\",\"item\":\"https:\\\/\\\/renier.be\\\/producten\\\/\"},{\"@type\":\"ListItem\",\"position\":3,\"name\":\"Pietra Serena gezoet\"}]},{\"@type\":\"WebSite\",\"@id\":\"https:\\\/\\\/renier.be\\\/#website\",\"url\":\"https:\\\/\\\/renier.be\\\/\",\"name\":\"Renier Natuursteen\",\"description\":\"Specialist in Belgisch Blauwe Hardsteen\",\"publisher\":{\"@id\":\"https:\\\/\\\/renier.be\\\/#organization\"},\"potentialAction\":[{\"@type\":\"SearchAction\",\"target\":{\"@type\":\"EntryPoint\",\"urlTemplate\":\"https:\\\/\\\/renier.be\\\/?s={search_term_string}\"},\"query-input\":{\"@type\":\"PropertyValueSpecification\",\"valueRequired\":true,\"valueName\":\"search_term_string\"}}],\"inLanguage\":\"de\"},{\"@type\":\"Organization\",\"@id\":\"https:\\\/\\\/renier.be\\\/#organization\",\"name\":\"Renier Natuursteen\",\"url\":\"https:\\\/\\\/renier.be\\\/\",\"logo\":{\"@type\":\"ImageObject\",\"inLanguage\":\"de\",\"@id\":\"https:\\\/\\\/renier.be\\\/#\\\/schema\\\/logo\\\/image\\\/\",\"url\":\"\",\"contentUrl\":\"\",\"caption\":\"Renier Natuursteen\"},\"image\":{\"@id\":\"https:\\\/\\\/renier.be\\\/#\\\/schema\\\/logo\\\/image\\\/\"},\"sameAs\":[\"https:\\\/\\\/www.facebook.com\\\/reniernatuursteen\"]}]}<\/script>\n<!-- \/ Yoast SEO plugin. -->","yoast_head_json":{"title":"Pietra Serena geschliffen - Renier Natuursteen","robots":{"index":"index","follow":"follow","max-snippet":"max-snippet:-1","max-image-preview":"max-image-preview:large","max-video-preview":"max-video-preview:-1"},"canonical":"https:\/\/renier.be\/de\/produkt\/pietra-serena-geschliffen\/","og_locale":"de_DE","og_type":"article","og_title":"Pietra Serena gezoet - Renier Natuursteen","og_description":"Venstertablet in een Pietra Serena Italiaanse zandsteen. Deze is bijzonder duurzaam, onderhoudsvriendelijk en bestand tegen vocht, wat het perfect maakt voor venstertabletten. Lange voorzijde en zichtbare koppen afgewerkt.  Kies hieronder de gewenste dikte, lengte en breedte. De prijs per stuk en per m\u00b2 wordt automatisch berekend.  Klik daarna op toevoegen in de winkelwagen en vervolledig je bestelling. Levertijd 2 \u00e0 3 weken.","og_url":"https:\/\/renier.be\/de\/produkt\/pietra-serena-geschliffen\/","og_site_name":"Renier Natuursteen","article_publisher":"https:\/\/www.facebook.com\/reniernatuursteen","article_modified_time":"2026-03-12T10:46:23+00:00","og_image":[{"width":2560,"height":1707,"url":"https:\/\/renier.be\/wp-content\/uploads\/2024\/09\/TAB-PIS-ZOE-scaled.jpg","type":"image\/jpeg"}],"twitter_card":"summary_large_image","twitter_misc":{"Gesch\u00e4tzte Lesezeit":"2\u00a0Minuten"},"schema":{"@context":"https:\/\/schema.org","@graph":[{"@type":"WebPage","@id":"https:\/\/renier.be\/product\/pietra-serena-gezoet\/","url":"https:\/\/renier.be\/product\/pietra-serena-gezoet\/","name":"Pietra Serena geschliffen - Renier Natuursteen","isPartOf":{"@id":"https:\/\/renier.be\/#website"},"primaryImageOfPage":{"@id":"https:\/\/renier.be\/product\/pietra-serena-gezoet\/#primaryimage"},"image":{"@id":"https:\/\/renier.be\/product\/pietra-serena-gezoet\/#primaryimage"},"thumbnailUrl":"https:\/\/renier.be\/wp-content\/uploads\/2024\/09\/TAB-PIS-ZOE-scaled.jpg","datePublished":"2024-12-05T14:40:26+00:00","dateModified":"2026-03-12T10:46:23+00:00","breadcrumb":{"@id":"https:\/\/renier.be\/product\/pietra-serena-gezoet\/#breadcrumb"},"inLanguage":"de","potentialAction":[{"@type":"ReadAction","target":["https:\/\/renier.be\/product\/pietra-serena-gezoet\/"]}]},{"@type":"ImageObject","inLanguage":"de","@id":"https:\/\/renier.be\/product\/pietra-serena-gezoet\/#primaryimage","url":"https:\/\/renier.be\/wp-content\/uploads\/2024\/09\/TAB-PIS-ZOE-scaled.jpg","contentUrl":"https:\/\/renier.be\/wp-content\/uploads\/2024\/09\/TAB-PIS-ZOE-scaled.jpg","width":2560,"height":1707},{"@type":"BreadcrumbList","@id":"https:\/\/renier.be\/product\/pietra-serena-gezoet\/#breadcrumb","itemListElement":[{"@type":"ListItem","position":1,"name":"Home","item":"https:\/\/renier.be\/"},{"@type":"ListItem","position":2,"name":"Producten","item":"https:\/\/renier.be\/producten\/"},{"@type":"ListItem","position":3,"name":"Pietra Serena gezoet"}]},{"@type":"WebSite","@id":"https:\/\/renier.be\/#website","url":"https:\/\/renier.be\/","name":"Renier Naturstein","description":"Spezialist f\u00fcr belgischen Blaustein","publisher":{"@id":"https:\/\/renier.be\/#organization"},"potentialAction":[{"@type":"SearchAction","target":{"@type":"EntryPoint","urlTemplate":"https:\/\/renier.be\/?s={search_term_string}"},"query-input":{"@type":"PropertyValueSpecification","valueRequired":true,"valueName":"search_term_string"}}],"inLanguage":"de"},{"@type":"Organization","@id":"https:\/\/renier.be\/#organization","name":"Renier Naturstein","url":"https:\/\/renier.be\/","logo":{"@type":"ImageObject","inLanguage":"de","@id":"https:\/\/renier.be\/#\/schema\/logo\/image\/","url":"","contentUrl":"","caption":"Renier Natuursteen"},"image":{"@id":"https:\/\/renier.be\/#\/schema\/logo\/image\/"},"sameAs":["https:\/\/www.facebook.com\/reniernatuursteen"]}]}},"_links":{"self":[{"href":"https:\/\/renier.be\/de\/wp-json\/wp\/v2\/product\/2957","targetHints":{"allow":["GET"]}}],"collection":[{"href":"https:\/\/renier.be\/de\/wp-json\/wp\/v2\/product"}],"about":[{"href":"https:\/\/renier.be\/de\/wp-json\/wp\/v2\/types\/product"}],"wp:featuredmedia":[{"embeddable":true,"href":"https:\/\/renier.be\/de\/wp-json\/wp\/v2\/media\/2955"}],"wp:attachment":[{"href":"https:\/\/renier.be\/de\/wp-json\/wp\/v2\/media?parent=2957"}],"wp:term":[{"taxonomy":"product_brand","embeddable":true,"href":"https:\/\/renier.be\/de\/wp-json\/wp\/v2\/product_brand?post=2957"},{"taxonomy":"product_cat","embeddable":true,"href":"https:\/\/renier.be\/de\/wp-json\/wp\/v2\/product_cat?post=2957"},{"taxonomy":"product_tag","embeddable":true,"href":"https:\/\/renier.be\/de\/wp-json\/wp\/v2\/product_tag?post=2957"}],"curies":[{"name":"wp","href":"https:\/\/api.w.org\/{rel}","templated":true}]}}