{"id":2978,"date":"2024-12-06T08:58:18","date_gmt":"2024-12-06T07:58:18","guid":{"rendered":"https:\/\/renier.be\/?post_type=product&#038;p=2978"},"modified":"2025-07-03T13:41:55","modified_gmt":"2025-07-03T11:41:55","slug":"erstellen-sie-ihre-eigene-flache-poolumrandung-mit-gerader-nase","status":"publish","type":"product","link":"https:\/\/renier.be\/de\/product\/stel-zelf-uw-vlakke-zwembadboord-met-rechte-neus-samen\/","title":{"rendered":"Gestalten Sie Ihre eigene flache Schwimmbadrandsteine mit erh\u00f6hter gerader Kante"},"content":{"rendered":"<p>Unser belgischer Blaustein ist eines der best\u00e4ndigsten Materialien der Welt. Dieser uralte Stein, der \u00fcber Millionen von Jahren entstanden ist, wird lokal und umweltfreundlich abgebaut.<\/p>\n<p>Diese flache Schwimmbadrandsteine  mit hochgezogener gerader Nase kann ganz einfach individuell gestaltet werden:<\/p>\n<ul>\n<li>Blaustein aus unserem eigenen Steinbruch (La Pr\u00e9alle in Sprimont)<\/li>\n<li>Oberfl\u00e4chen- und Frontveredelung\n<ul>\n<li>Blau geschliffen<\/li>\n<li>Grau geschliffen<\/li>\n<li>Geflammt und geb\u00fcrstet<\/li>\n<li>Sandgestrahlt<\/li>\n<li>Bouchardiert<\/li>\n<\/ul>\n<\/li>\n<li>Unterseite ges\u00e4gt<\/li>\n<li>Vollst\u00e4ndig kalibriert, damit der Beckenrand immer die gleiche H\u00f6he hat, auch wenn er vom Becken aus gesehen wird.<\/li>\n<li>Die Dicke der Nase ist auf 4,8 cm kalibriert.<\/li>\n<li>Dicke von 5 cm<\/li>\n<li>Flexibilit\u00e4t in voller Gr\u00f6\u00dfe<\/li>\n<li>Die gleichen Oberfl\u00e4chen sind auch f\u00fcr die verbindenden Terrassenplatten erh\u00e4ltlich, so dass alles ein sch\u00f6nes Ganzes bildet.<\/li>\n<\/ul>\n<p>&nbsp;<\/p>\n<p><img decoding=\"async\" class=\"alignnone size-medium wp-image-1305\" src=\"https:\/\/renier.be\/wp-content\/uploads\/2024\/06\/Renier-logo-met-belgische-vlag-300x99.jpg\" alt=\"\" width=\"300\" height=\"99\" srcset=\"https:\/\/renier.be\/wp-content\/uploads\/2024\/06\/Renier-logo-met-belgische-vlag-300x99.jpg 300w, https:\/\/renier.be\/wp-content\/uploads\/2024\/06\/Renier-logo-met-belgische-vlag-1024x337.jpg 1024w, https:\/\/renier.be\/wp-content\/uploads\/2024\/06\/Renier-logo-met-belgische-vlag-768x253.jpg 768w, https:\/\/renier.be\/wp-content\/uploads\/2024\/06\/Renier-logo-met-belgische-vlag-600x197.jpg 600w, https:\/\/renier.be\/wp-content\/uploads\/2024\/06\/Renier-logo-met-belgische-vlag.jpg 1067w\" sizes=\"(max-width: 300px) 100vw, 300px\" \/><\/p>","protected":false},"excerpt":{"rendered":"<p>Stellen Sie sich hier ganz einfach Ihre eigene Schwimmbadrandsteine  mit erh\u00f6hter gerader Nase zusammen. W\u00e4hlen Sie unten die gew\u00fcnschte Ausf\u00fchrung, Dicke, L\u00e4nge und Breite sowie alle Optionen. Der Preis pro St\u00fcck und pro m\u00b2 wird automatisch berechnet. Sie k\u00f6nnen die gew\u00fcnschte Ausf\u00fchrung jederzeit \u00e4ndern. Klicken Sie dann auf \"In den Warenkorb\" und schlie\u00dfen Sie Ihre Bestellung ab. Die Lieferzeit betr\u00e4gt 2 Wochen.<\/p>","protected":false},"featured_media":2969,"template":"","meta":{"_acf_changed":false},"product_brand":[],"product_cat":[20,36,60],"product_tag":[],"class_list":{"0":"post-2978","1":"product","2":"type-product","3":"status-publish","4":"has-post-thumbnail","6":"product_cat-tuin-terras","7":"product_cat-zwembad","8":"product_cat-zwembadboordsteen","10":"first","11":"onbackorder","12":"taxable","13":"shipping-taxable","14":"purchasable","15":"product-type-simple"},"acf":[],"yoast_head":"<!-- This site is optimized with the Yoast SEO plugin v27.3 - https:\/\/yoast.com\/product\/yoast-seo-wordpress\/ -->\n<title>Stel zelf uw vlakke zwembadboord met opstaande rechte neus samen - Renier Natuursteen<\/title>\n<meta name=\"robots\" content=\"index, follow, max-snippet:-1, max-image-preview:large, max-video-preview:-1\" \/>\n<link rel=\"canonical\" href=\"https:\/\/renier.be\/de\/produkt\/erstellen-sie-ihre-eigene-flache-poolumrandung-mit-gerader-nase\/\" \/>\n<meta property=\"og:locale\" content=\"de_DE\" \/>\n<meta property=\"og:type\" content=\"article\" \/>\n<meta property=\"og:title\" content=\"Stel zelf uw vlakke zwembadboord met opstaande rechte neus samen - Renier Natuursteen\" \/>\n<meta property=\"og:description\" content=\"Stel hier eenvoudig zelf je zwembadboordsteen met opstaande rechte neus samen. Kies hieronder de gewenste afwerking, de dikte, lengte en breedte en eventuele opties. De prijs per stuk en per m\u00b2 wordt automatisch berekend. Je kan steeds de gewenste afwerking aanpassen. Klik daarna op toevoegen in de winkelwagen en vervolledig je bestelling. Levertijd 2 weken.\" \/>\n<meta property=\"og:url\" content=\"https:\/\/renier.be\/de\/produkt\/erstellen-sie-ihre-eigene-flache-poolumrandung-mit-gerader-nase\/\" \/>\n<meta property=\"og:site_name\" content=\"Renier Natuursteen\" \/>\n<meta property=\"article:publisher\" content=\"https:\/\/www.facebook.com\/reniernatuursteen\" \/>\n<meta property=\"article:modified_time\" content=\"2025-07-03T11:41:55+00:00\" \/>\n<meta property=\"og:image\" content=\"https:\/\/renier.be\/wp-content\/uploads\/2024\/10\/Zwem-recht-neus-BLS.jpg\" \/>\n\t<meta property=\"og:image:width\" content=\"2400\" \/>\n\t<meta property=\"og:image:height\" content=\"1599\" \/>\n\t<meta property=\"og:image:type\" content=\"image\/jpeg\" \/>\n<meta name=\"twitter:card\" content=\"summary_large_image\" \/>\n<meta name=\"twitter:label1\" content=\"Gesch\u00e4tzte Lesezeit\" \/>\n\t<meta name=\"twitter:data1\" content=\"1\u00a0Minute\" \/>\n<script type=\"application\/ld+json\" class=\"yoast-schema-graph\">{\"@context\":\"https:\\\/\\\/schema.org\",\"@graph\":[{\"@type\":\"WebPage\",\"@id\":\"https:\\\/\\\/renier.be\\\/product\\\/stel-zelf-uw-vlakke-zwembadboord-met-rechte-neus-samen\\\/\",\"url\":\"https:\\\/\\\/renier.be\\\/product\\\/stel-zelf-uw-vlakke-zwembadboord-met-rechte-neus-samen\\\/\",\"name\":\"Stel zelf uw vlakke zwembadboord met opstaande rechte neus samen - Renier Natuursteen\",\"isPartOf\":{\"@id\":\"https:\\\/\\\/renier.be\\\/#website\"},\"primaryImageOfPage\":{\"@id\":\"https:\\\/\\\/renier.be\\\/product\\\/stel-zelf-uw-vlakke-zwembadboord-met-rechte-neus-samen\\\/#primaryimage\"},\"image\":{\"@id\":\"https:\\\/\\\/renier.be\\\/product\\\/stel-zelf-uw-vlakke-zwembadboord-met-rechte-neus-samen\\\/#primaryimage\"},\"thumbnailUrl\":\"https:\\\/\\\/renier.be\\\/wp-content\\\/uploads\\\/2024\\\/10\\\/Zwem-recht-neus-BLS.jpg\",\"datePublished\":\"2024-12-06T07:58:18+00:00\",\"dateModified\":\"2025-07-03T11:41:55+00:00\",\"breadcrumb\":{\"@id\":\"https:\\\/\\\/renier.be\\\/product\\\/stel-zelf-uw-vlakke-zwembadboord-met-rechte-neus-samen\\\/#breadcrumb\"},\"inLanguage\":\"de\",\"potentialAction\":[{\"@type\":\"ReadAction\",\"target\":[\"https:\\\/\\\/renier.be\\\/product\\\/stel-zelf-uw-vlakke-zwembadboord-met-rechte-neus-samen\\\/\"]}]},{\"@type\":\"ImageObject\",\"inLanguage\":\"de\",\"@id\":\"https:\\\/\\\/renier.be\\\/product\\\/stel-zelf-uw-vlakke-zwembadboord-met-rechte-neus-samen\\\/#primaryimage\",\"url\":\"https:\\\/\\\/renier.be\\\/wp-content\\\/uploads\\\/2024\\\/10\\\/Zwem-recht-neus-BLS.jpg\",\"contentUrl\":\"https:\\\/\\\/renier.be\\\/wp-content\\\/uploads\\\/2024\\\/10\\\/Zwem-recht-neus-BLS.jpg\",\"width\":2400,\"height\":1599},{\"@type\":\"BreadcrumbList\",\"@id\":\"https:\\\/\\\/renier.be\\\/product\\\/stel-zelf-uw-vlakke-zwembadboord-met-rechte-neus-samen\\\/#breadcrumb\",\"itemListElement\":[{\"@type\":\"ListItem\",\"position\":1,\"name\":\"Home\",\"item\":\"https:\\\/\\\/renier.be\\\/\"},{\"@type\":\"ListItem\",\"position\":2,\"name\":\"Producten\",\"item\":\"https:\\\/\\\/renier.be\\\/producten\\\/\"},{\"@type\":\"ListItem\",\"position\":3,\"name\":\"Stel zelf uw vlakke zwembadboord met opstaande rechte neus samen\"}]},{\"@type\":\"WebSite\",\"@id\":\"https:\\\/\\\/renier.be\\\/#website\",\"url\":\"https:\\\/\\\/renier.be\\\/\",\"name\":\"Renier Natuursteen\",\"description\":\"Specialist in Belgisch Blauwe Hardsteen\",\"publisher\":{\"@id\":\"https:\\\/\\\/renier.be\\\/#organization\"},\"potentialAction\":[{\"@type\":\"SearchAction\",\"target\":{\"@type\":\"EntryPoint\",\"urlTemplate\":\"https:\\\/\\\/renier.be\\\/?s={search_term_string}\"},\"query-input\":{\"@type\":\"PropertyValueSpecification\",\"valueRequired\":true,\"valueName\":\"search_term_string\"}}],\"inLanguage\":\"de\"},{\"@type\":\"Organization\",\"@id\":\"https:\\\/\\\/renier.be\\\/#organization\",\"name\":\"Renier Natuursteen\",\"url\":\"https:\\\/\\\/renier.be\\\/\",\"logo\":{\"@type\":\"ImageObject\",\"inLanguage\":\"de\",\"@id\":\"https:\\\/\\\/renier.be\\\/#\\\/schema\\\/logo\\\/image\\\/\",\"url\":\"\",\"contentUrl\":\"\",\"caption\":\"Renier Natuursteen\"},\"image\":{\"@id\":\"https:\\\/\\\/renier.be\\\/#\\\/schema\\\/logo\\\/image\\\/\"},\"sameAs\":[\"https:\\\/\\\/www.facebook.com\\\/reniernatuursteen\"]}]}<\/script>\n<!-- \/ Yoast SEO plugin. -->","yoast_head_json":{"title":"Gestalten Sie Ihre eigene flache Poolumrandung mit erh\u00f6hter gerader Nase - Renier Natuursteen","robots":{"index":"index","follow":"follow","max-snippet":"max-snippet:-1","max-image-preview":"max-image-preview:large","max-video-preview":"max-video-preview:-1"},"canonical":"https:\/\/renier.be\/de\/produkt\/erstellen-sie-ihre-eigene-flache-poolumrandung-mit-gerader-nase\/","og_locale":"de_DE","og_type":"article","og_title":"Stel zelf uw vlakke zwembadboord met opstaande rechte neus samen - Renier Natuursteen","og_description":"Stel hier eenvoudig zelf je zwembadboordsteen met opstaande rechte neus samen. Kies hieronder de gewenste afwerking, de dikte, lengte en breedte en eventuele opties. De prijs per stuk en per m\u00b2 wordt automatisch berekend. Je kan steeds de gewenste afwerking aanpassen. Klik daarna op toevoegen in de winkelwagen en vervolledig je bestelling. Levertijd 2 weken.","og_url":"https:\/\/renier.be\/de\/produkt\/erstellen-sie-ihre-eigene-flache-poolumrandung-mit-gerader-nase\/","og_site_name":"Renier Natuursteen","article_publisher":"https:\/\/www.facebook.com\/reniernatuursteen","article_modified_time":"2025-07-03T11:41:55+00:00","og_image":[{"width":2400,"height":1599,"url":"https:\/\/renier.be\/wp-content\/uploads\/2024\/10\/Zwem-recht-neus-BLS.jpg","type":"image\/jpeg"}],"twitter_card":"summary_large_image","twitter_misc":{"Gesch\u00e4tzte Lesezeit":"1\u00a0Minute"},"schema":{"@context":"https:\/\/schema.org","@graph":[{"@type":"WebPage","@id":"https:\/\/renier.be\/product\/stel-zelf-uw-vlakke-zwembadboord-met-rechte-neus-samen\/","url":"https:\/\/renier.be\/product\/stel-zelf-uw-vlakke-zwembadboord-met-rechte-neus-samen\/","name":"Gestalten Sie Ihre eigene flache Poolumrandung mit erh\u00f6hter gerader Nase - Renier Natuursteen","isPartOf":{"@id":"https:\/\/renier.be\/#website"},"primaryImageOfPage":{"@id":"https:\/\/renier.be\/product\/stel-zelf-uw-vlakke-zwembadboord-met-rechte-neus-samen\/#primaryimage"},"image":{"@id":"https:\/\/renier.be\/product\/stel-zelf-uw-vlakke-zwembadboord-met-rechte-neus-samen\/#primaryimage"},"thumbnailUrl":"https:\/\/renier.be\/wp-content\/uploads\/2024\/10\/Zwem-recht-neus-BLS.jpg","datePublished":"2024-12-06T07:58:18+00:00","dateModified":"2025-07-03T11:41:55+00:00","breadcrumb":{"@id":"https:\/\/renier.be\/product\/stel-zelf-uw-vlakke-zwembadboord-met-rechte-neus-samen\/#breadcrumb"},"inLanguage":"de","potentialAction":[{"@type":"ReadAction","target":["https:\/\/renier.be\/product\/stel-zelf-uw-vlakke-zwembadboord-met-rechte-neus-samen\/"]}]},{"@type":"ImageObject","inLanguage":"de","@id":"https:\/\/renier.be\/product\/stel-zelf-uw-vlakke-zwembadboord-met-rechte-neus-samen\/#primaryimage","url":"https:\/\/renier.be\/wp-content\/uploads\/2024\/10\/Zwem-recht-neus-BLS.jpg","contentUrl":"https:\/\/renier.be\/wp-content\/uploads\/2024\/10\/Zwem-recht-neus-BLS.jpg","width":2400,"height":1599},{"@type":"BreadcrumbList","@id":"https:\/\/renier.be\/product\/stel-zelf-uw-vlakke-zwembadboord-met-rechte-neus-samen\/#breadcrumb","itemListElement":[{"@type":"ListItem","position":1,"name":"Home","item":"https:\/\/renier.be\/"},{"@type":"ListItem","position":2,"name":"Producten","item":"https:\/\/renier.be\/producten\/"},{"@type":"ListItem","position":3,"name":"Stel zelf uw vlakke zwembadboord met opstaande rechte neus samen"}]},{"@type":"WebSite","@id":"https:\/\/renier.be\/#website","url":"https:\/\/renier.be\/","name":"Renier Naturstein","description":"Spezialist f\u00fcr belgischen Blaustein","publisher":{"@id":"https:\/\/renier.be\/#organization"},"potentialAction":[{"@type":"SearchAction","target":{"@type":"EntryPoint","urlTemplate":"https:\/\/renier.be\/?s={search_term_string}"},"query-input":{"@type":"PropertyValueSpecification","valueRequired":true,"valueName":"search_term_string"}}],"inLanguage":"de"},{"@type":"Organization","@id":"https:\/\/renier.be\/#organization","name":"Renier Naturstein","url":"https:\/\/renier.be\/","logo":{"@type":"ImageObject","inLanguage":"de","@id":"https:\/\/renier.be\/#\/schema\/logo\/image\/","url":"","contentUrl":"","caption":"Renier Natuursteen"},"image":{"@id":"https:\/\/renier.be\/#\/schema\/logo\/image\/"},"sameAs":["https:\/\/www.facebook.com\/reniernatuursteen"]}]}},"_links":{"self":[{"href":"https:\/\/renier.be\/de\/wp-json\/wp\/v2\/product\/2978","targetHints":{"allow":["GET"]}}],"collection":[{"href":"https:\/\/renier.be\/de\/wp-json\/wp\/v2\/product"}],"about":[{"href":"https:\/\/renier.be\/de\/wp-json\/wp\/v2\/types\/product"}],"wp:featuredmedia":[{"embeddable":true,"href":"https:\/\/renier.be\/de\/wp-json\/wp\/v2\/media\/2969"}],"wp:attachment":[{"href":"https:\/\/renier.be\/de\/wp-json\/wp\/v2\/media?parent=2978"}],"wp:term":[{"taxonomy":"product_brand","embeddable":true,"href":"https:\/\/renier.be\/de\/wp-json\/wp\/v2\/product_brand?post=2978"},{"taxonomy":"product_cat","embeddable":true,"href":"https:\/\/renier.be\/de\/wp-json\/wp\/v2\/product_cat?post=2978"},{"taxonomy":"product_tag","embeddable":true,"href":"https:\/\/renier.be\/de\/wp-json\/wp\/v2\/product_tag?post=2978"}],"curies":[{"name":"wp","href":"https:\/\/api.w.org\/{rel}","templated":true}]}}