{"id":3095,"date":"2024-12-19T15:37:57","date_gmt":"2024-12-19T14:37:57","guid":{"rendered":"https:\/\/renier.be\/?post_type=product&#038;p=3095"},"modified":"2026-03-27T13:01:41","modified_gmt":"2026-03-27T12:01:41","slug":"flache-turschwelle-mit-aufkantung-100x20-6-cm-dick-51","status":"publish","type":"product","link":"https:\/\/renier.be\/de\/product\/vlakke-deurdorpel-met-opkant-100x20-6-cm-dik-51\/","title":{"rendered":"Flache T\u00fcrschwelle mit Aufkantung 100\u00d720 6 cm dick (5+1)"},"content":{"rendered":"<p>Unser belgischer Blaustein ist eines der best\u00e4ndigsten Materialien der Welt. Dieser uralte Stein, der \u00fcber Millionen von Jahren entstanden ist, wird lokal und umweltfreundlich abgebaut.<\/p>\n<p>Dieser flachkantige T\u00fcrschweller hat eine blau geschliffene Oberfl\u00e4che mit einer 0,6 x 0,6 cm gro\u00dfen Tropfrille, die 2 cm von der Vorderseite entfernt ist und 2 cm von den bearbeiteten K\u00f6pfen anh\u00e4lt.<\/p>\n<p>L\u00e4nge 1m - Breite 18+2 cm - Dicke 5+1 cm<\/p>\n<p>Sofort verf\u00fcgbar!<\/p>\n<p><img decoding=\"async\" class=\"alignnone size-medium wp-image-1709\" src=\"https:\/\/renier.be\/wp-content\/uploads\/2024\/08\/DVO-met-drup-300x152.jpg\" alt=\"\" width=\"300\" height=\"152\" srcset=\"https:\/\/renier.be\/wp-content\/uploads\/2024\/08\/DVO-met-drup-300x152.jpg 300w, https:\/\/renier.be\/wp-content\/uploads\/2024\/08\/DVO-met-drup-768x389.jpg 768w, https:\/\/renier.be\/wp-content\/uploads\/2024\/08\/DVO-met-drup-600x304.jpg 600w, https:\/\/renier.be\/wp-content\/uploads\/2024\/08\/DVO-met-drup.jpg 814w\" sizes=\"(max-width: 300px) 100vw, 300px\" \/><\/p>\n<p><img decoding=\"async\" class=\"alignnone size-medium wp-image-1305\" src=\"https:\/\/renier.be\/wp-content\/uploads\/2024\/06\/Renier-logo-met-belgische-vlag-300x99.jpg\" alt=\"\" width=\"300\" height=\"99\" srcset=\"https:\/\/renier.be\/wp-content\/uploads\/2024\/06\/Renier-logo-met-belgische-vlag-300x99.jpg 300w, https:\/\/renier.be\/wp-content\/uploads\/2024\/06\/Renier-logo-met-belgische-vlag-1024x337.jpg 1024w, https:\/\/renier.be\/wp-content\/uploads\/2024\/06\/Renier-logo-met-belgische-vlag-768x253.jpg 768w, https:\/\/renier.be\/wp-content\/uploads\/2024\/06\/Renier-logo-met-belgische-vlag-600x197.jpg 600w, https:\/\/renier.be\/wp-content\/uploads\/2024\/06\/Renier-logo-met-belgische-vlag.jpg 1067w\" sizes=\"(max-width: 300px) 100vw, 300px\" \/><\/p>","protected":false},"excerpt":{"rendered":"<p data-start=\"298\" data-end=\"585\">Diese <strong>Flache T\u00fcrschwelle mit Aufkantung 100\u00d720<\/strong> und einer Dicke von 6 cm verbindet Solidit\u00e4t mit einem raffinierten Finish. Ausgef\u00fchrt in belgischem Blaustein aus dem eigenen belgischen Steinbruch und mit einer blauen, geschliffenen Deckschicht, ist dies eine dauerhafte und stilvolle Wahl sowohl f\u00fcr die Renovierung als auch f\u00fcr den Neubau.<\/p>\n<p data-start=\"587\" data-end=\"1005\">Die Schwelle ist mit einer diskreten 0,6 \u00d7 0,6 cm gro\u00dfen Tropfnase ausgestattet, die 2 cm von der Vorderseite entfernt ist. Diese endet 2 cm vor den bearbeiteten K\u00f6pfen und sorgt f\u00fcr einen optimalen Wasserabfluss und sch\u00fctzt die T\u00fcr\u00f6ffnung vor Feuchtigkeit und Schmutz. Dank der Aufkantung erh\u00e4lt die Schwelle au\u00dferdem eine zus\u00e4tzliche Barriere gegen das Eindringen von Wasser, was zu einer l\u00e4ngeren Lebensdauer sowohl der Schwelle als auch der umgebenden Konstruktion beitr\u00e4gt.<\/p>\n<p data-start=\"1007\" data-end=\"1291\">Mit seiner robusten St\u00e4rke von 6 cm ist dieses Element ideal f\u00fcr stark beanspruchte Durchg\u00e4nge, T\u00fcren und Schiebefenster. Das flache Design und die sauber geschliffene Oberfl\u00e4che verleihen der Schwelle einen modernen Look, der zu jedem architektonischen Stil passt, von klassisch bis zeitgen\u00f6ssisch.<\/p>\n<p data-start=\"1293\" data-end=\"1366\"><strong data-start=\"1293\" data-end=\"1364\">Vorteile einer flachen T\u00fcrschwelle mit Aufkantung aus Blaustein:<\/strong><\/p>\n<ul data-start=\"1367\" data-end=\"1694\">\n<li data-start=\"1367\" data-end=\"1413\">\n<p data-start=\"1369\" data-end=\"1413\">Langlebiges und strapazierf\u00e4higes Natursteinmaterial<\/p>\n<\/li>\n<li data-start=\"1414\" data-end=\"1464\">\n<p data-start=\"1416\" data-end=\"1464\">Zus\u00e4tzlicher Schutz durch erh\u00f6hten Rand und Tropfnase<\/p>\n<\/li>\n<li data-start=\"1465\" data-end=\"1530\">\n<p data-start=\"1467\" data-end=\"1530\">Zeitloses, elegantes Aussehen mit blau geschliffener Oberfl\u00e4che<\/p>\n<\/li>\n<li data-start=\"1531\" data-end=\"1584\">\n<p data-start=\"1533\" data-end=\"1584\">Strapazierf\u00e4hig und witterungsbest\u00e4ndig<\/p>\n<\/li>\n<li data-start=\"1585\" data-end=\"1694\">\n<p data-start=\"1587\" data-end=\"1694\">Ideal zur Kombination mit unseren anderen Natursteinprodukten wie Fensterb\u00e4nken, Sockelleisten und Fassadensockeln<\/p>\n<\/li>\n<\/ul>\n<p data-start=\"1696\" data-end=\"1958\">Unter <strong data-start=\"1700\" data-end=\"1722\">Renier Naturstein<\/strong> Wir liefern direkt aus unserem eigenen Lager, so dass Sie sich auf eine schnelle Lieferung und erstklassigen Naturstein verlassen k\u00f6nnen. Dank unserer eigenen Werkstatt ist auch eine individuelle Anpassung m\u00f6glich, so dass Sie immer die perfekte L\u00f6sung f\u00fcr Ihr Projekt finden werden.<\/p>\n<p>L\u00e4nge 1m - Breite 18+2 cm - Dicke 5+1 cm<\/p>\n<p>Sofort verf\u00fcgbar!<\/p>\n<p data-start=\"1960\" data-end=\"2081\">\ud83d\udc49 Mehr Inspiration ? Siehe <a href=\"https:\/\/renier.be\/de\/rohbau-2\/\">unsere strukturellen L\u00f6sungen <\/a>oder hier entdecken <a href=\"https:\/\/renier.be\/de\/produkte\/?_categorieen=dorpel\">Vollst\u00e4ndige Palette von Schwellen<\/a><\/p>\n<p>&nbsp;<\/p>","protected":false},"featured_media":2977,"template":"","meta":{"_acf_changed":false},"product_brand":[],"product_cat":[43,31,63,19],"product_tag":[106],"class_list":{"0":"post-3095","1":"product","2":"type-product","3":"status-publish","4":"has-post-thumbnail","6":"product_cat-deurdorpel","7":"product_cat-dorpel","8":"product_cat-met-opkant","9":"product_cat-ruwbouw","10":"product_tag-gmc","11":"product_shipping_class-afhaling","13":"first","14":"instock","15":"taxable","16":"shipping-taxable","17":"purchasable","18":"product-type-simple"},"acf":[],"yoast_head":"<!-- This site is optimized with the Yoast SEO plugin v27.3 - https:\/\/yoast.com\/product\/yoast-seo-wordpress\/ -->\n<title>Vlakke deurdorpel met opkant 100x20 6 cm dik (5+1) - Renier Natuursteen<\/title>\n<meta name=\"robots\" content=\"index, follow, max-snippet:-1, max-image-preview:large, max-video-preview:-1\" \/>\n<link rel=\"canonical\" href=\"https:\/\/renier.be\/de\/produkt\/flache-turschwelle-mit-aufkantung-100x20-6-cm-dick-51\/\" \/>\n<meta property=\"og:locale\" content=\"de_DE\" \/>\n<meta property=\"og:type\" content=\"article\" \/>\n<meta property=\"og:title\" content=\"Vlakke deurdorpel met opkant 100x20 6 cm dik (5+1) - Renier Natuursteen\" \/>\n<meta property=\"og:description\" content=\"Deze vlakke deurdorpel met opkant 100\u00d720 en een dikte van 6 cm combineert stevigheid met een verfijnde afwerking. Uitgevoerd in Belgische blauwe hardsteen, uit eigen Belgische groeve en voorzien van een blauw geschuurde toplaag, is dit een duurzame en stijlvolle keuze voor zowel renovatie als nieuwbouw. De dorpel is uitgerust met een discrete drupgroef van 0,6 \u00d7 0,6 cm op 2 cm van de voorkant. Deze stopt netjes 2 cm van de bewerkte koppen, waardoor de waterafvoer optimaal gebeurt en de deuropening beschermd blijft tegen vocht en vuil. Dankzij de opkant krijgt de dorpel bovendien een extra barri\u00e8re tegen waterinsijpeling, wat bijdraagt tot een langere levensduur van zowel de dorpel als de omliggende constructie. Met zijn robuuste dikte van 6 cm is dit element uitermate geschikt voor intensief gebruikte doorgangen, deuren en schuiframen. De vlakke uitvoering en strak geschuurde afwerking geven de dorpel een moderne uitstraling die in elke architectuurstijl past, van klassiek tot eigentijds. Voordelen van een vlakke deurdorpel met opkant in blauwe hardsteen:     Duurzaam en slijtvast natuursteenmateriaal    Extra bescherming dankzij opkant en drupgroef    Tijdloze, elegante uitstraling met blauw geschuurde afwerking    Bestand tegen intensief gebruik en weersinvloeden    Ideaal te combineren met onze andere natuursteenproducten zoals venstertabletten, plinten en gevelplinten   Bij Renier Natuursteen leveren we rechtstreeks uit eigen voorraad, waardoor je kan rekenen op snelle levering en natuursteen van eerste keus. Dankzij ons eigen atelier is ook maatwerk mogelijk, zodat je steeds de perfecte oplossing vindt voor jouw project. Lengte 1m - Breedte 18+2 cm - Dikte 5+1 cm  Onmiddellijk leverbaar ! \ud83d\udc49 Meer inspiratie ? Bekijk onze ruwbouw oplossingen of ontdek hier alvast het volledige assortiment dorpels &nbsp;\" \/>\n<meta property=\"og:url\" content=\"https:\/\/renier.be\/de\/produkt\/flache-turschwelle-mit-aufkantung-100x20-6-cm-dick-51\/\" \/>\n<meta property=\"og:site_name\" content=\"Renier Natuursteen\" \/>\n<meta property=\"article:publisher\" content=\"https:\/\/www.facebook.com\/reniernatuursteen\" \/>\n<meta property=\"article:modified_time\" content=\"2026-03-27T12:01:41+00:00\" \/>\n<meta property=\"og:image\" content=\"https:\/\/renier.be\/wp-content\/uploads\/2024\/10\/DVO-BLS-scaled.jpg\" \/>\n\t<meta property=\"og:image:width\" content=\"2560\" \/>\n\t<meta property=\"og:image:height\" content=\"1707\" \/>\n\t<meta property=\"og:image:type\" content=\"image\/jpeg\" \/>\n<meta name=\"twitter:card\" content=\"summary_large_image\" \/>\n<meta name=\"twitter:label1\" content=\"Gesch\u00e4tzte Lesezeit\" \/>\n\t<meta name=\"twitter:data1\" content=\"1\u00a0Minute\" \/>\n<script type=\"application\/ld+json\" class=\"yoast-schema-graph\">{\"@context\":\"https:\\\/\\\/schema.org\",\"@graph\":[{\"@type\":\"WebPage\",\"@id\":\"https:\\\/\\\/renier.be\\\/product\\\/vlakke-deurdorpel-met-opkant-100x20-6-cm-dik-51\\\/\",\"url\":\"https:\\\/\\\/renier.be\\\/product\\\/vlakke-deurdorpel-met-opkant-100x20-6-cm-dik-51\\\/\",\"name\":\"Vlakke deurdorpel met opkant 100x20 6 cm dik (5+1) - Renier Natuursteen\",\"isPartOf\":{\"@id\":\"https:\\\/\\\/renier.be\\\/#website\"},\"primaryImageOfPage\":{\"@id\":\"https:\\\/\\\/renier.be\\\/product\\\/vlakke-deurdorpel-met-opkant-100x20-6-cm-dik-51\\\/#primaryimage\"},\"image\":{\"@id\":\"https:\\\/\\\/renier.be\\\/product\\\/vlakke-deurdorpel-met-opkant-100x20-6-cm-dik-51\\\/#primaryimage\"},\"thumbnailUrl\":\"https:\\\/\\\/renier.be\\\/wp-content\\\/uploads\\\/2024\\\/10\\\/DVO-BLS-scaled.jpg\",\"datePublished\":\"2024-12-19T14:37:57+00:00\",\"dateModified\":\"2026-03-27T12:01:41+00:00\",\"breadcrumb\":{\"@id\":\"https:\\\/\\\/renier.be\\\/product\\\/vlakke-deurdorpel-met-opkant-100x20-6-cm-dik-51\\\/#breadcrumb\"},\"inLanguage\":\"de\",\"potentialAction\":[{\"@type\":\"ReadAction\",\"target\":[\"https:\\\/\\\/renier.be\\\/product\\\/vlakke-deurdorpel-met-opkant-100x20-6-cm-dik-51\\\/\"]}]},{\"@type\":\"ImageObject\",\"inLanguage\":\"de\",\"@id\":\"https:\\\/\\\/renier.be\\\/product\\\/vlakke-deurdorpel-met-opkant-100x20-6-cm-dik-51\\\/#primaryimage\",\"url\":\"https:\\\/\\\/renier.be\\\/wp-content\\\/uploads\\\/2024\\\/10\\\/DVO-BLS-scaled.jpg\",\"contentUrl\":\"https:\\\/\\\/renier.be\\\/wp-content\\\/uploads\\\/2024\\\/10\\\/DVO-BLS-scaled.jpg\",\"width\":2560,\"height\":1707},{\"@type\":\"BreadcrumbList\",\"@id\":\"https:\\\/\\\/renier.be\\\/product\\\/vlakke-deurdorpel-met-opkant-100x20-6-cm-dik-51\\\/#breadcrumb\",\"itemListElement\":[{\"@type\":\"ListItem\",\"position\":1,\"name\":\"Home\",\"item\":\"https:\\\/\\\/renier.be\\\/\"},{\"@type\":\"ListItem\",\"position\":2,\"name\":\"Producten\",\"item\":\"https:\\\/\\\/renier.be\\\/producten\\\/\"},{\"@type\":\"ListItem\",\"position\":3,\"name\":\"Vlakke deurdorpel met opkant 100&#215;20 6 cm dik (5+1)\"}]},{\"@type\":\"WebSite\",\"@id\":\"https:\\\/\\\/renier.be\\\/#website\",\"url\":\"https:\\\/\\\/renier.be\\\/\",\"name\":\"Renier Natuursteen\",\"description\":\"Specialist in Belgisch Blauwe Hardsteen\",\"publisher\":{\"@id\":\"https:\\\/\\\/renier.be\\\/#organization\"},\"potentialAction\":[{\"@type\":\"SearchAction\",\"target\":{\"@type\":\"EntryPoint\",\"urlTemplate\":\"https:\\\/\\\/renier.be\\\/?s={search_term_string}\"},\"query-input\":{\"@type\":\"PropertyValueSpecification\",\"valueRequired\":true,\"valueName\":\"search_term_string\"}}],\"inLanguage\":\"de\"},{\"@type\":\"Organization\",\"@id\":\"https:\\\/\\\/renier.be\\\/#organization\",\"name\":\"Renier Natuursteen\",\"url\":\"https:\\\/\\\/renier.be\\\/\",\"logo\":{\"@type\":\"ImageObject\",\"inLanguage\":\"de\",\"@id\":\"https:\\\/\\\/renier.be\\\/#\\\/schema\\\/logo\\\/image\\\/\",\"url\":\"\",\"contentUrl\":\"\",\"caption\":\"Renier Natuursteen\"},\"image\":{\"@id\":\"https:\\\/\\\/renier.be\\\/#\\\/schema\\\/logo\\\/image\\\/\"},\"sameAs\":[\"https:\\\/\\\/www.facebook.com\\\/reniernatuursteen\"]}]}<\/script>\n<!-- \/ Yoast SEO plugin. -->","yoast_head_json":{"title":"Flache T\u00fcrschwelle mit Aufkantung 100x20 6 cm dick (5+1) - Renier Natuursteen","robots":{"index":"index","follow":"follow","max-snippet":"max-snippet:-1","max-image-preview":"max-image-preview:large","max-video-preview":"max-video-preview:-1"},"canonical":"https:\/\/renier.be\/de\/produkt\/flache-turschwelle-mit-aufkantung-100x20-6-cm-dick-51\/","og_locale":"de_DE","og_type":"article","og_title":"Vlakke deurdorpel met opkant 100x20 6 cm dik (5+1) - Renier Natuursteen","og_description":"Deze vlakke deurdorpel met opkant 100\u00d720 en een dikte van 6 cm combineert stevigheid met een verfijnde afwerking. Uitgevoerd in Belgische blauwe hardsteen, uit eigen Belgische groeve en voorzien van een blauw geschuurde toplaag, is dit een duurzame en stijlvolle keuze voor zowel renovatie als nieuwbouw. De dorpel is uitgerust met een discrete drupgroef van 0,6 \u00d7 0,6 cm op 2 cm van de voorkant. Deze stopt netjes 2 cm van de bewerkte koppen, waardoor de waterafvoer optimaal gebeurt en de deuropening beschermd blijft tegen vocht en vuil. Dankzij de opkant krijgt de dorpel bovendien een extra barri\u00e8re tegen waterinsijpeling, wat bijdraagt tot een langere levensduur van zowel de dorpel als de omliggende constructie. Met zijn robuuste dikte van 6 cm is dit element uitermate geschikt voor intensief gebruikte doorgangen, deuren en schuiframen. De vlakke uitvoering en strak geschuurde afwerking geven de dorpel een moderne uitstraling die in elke architectuurstijl past, van klassiek tot eigentijds. Voordelen van een vlakke deurdorpel met opkant in blauwe hardsteen:     Duurzaam en slijtvast natuursteenmateriaal    Extra bescherming dankzij opkant en drupgroef    Tijdloze, elegante uitstraling met blauw geschuurde afwerking    Bestand tegen intensief gebruik en weersinvloeden    Ideaal te combineren met onze andere natuursteenproducten zoals venstertabletten, plinten en gevelplinten   Bij Renier Natuursteen leveren we rechtstreeks uit eigen voorraad, waardoor je kan rekenen op snelle levering en natuursteen van eerste keus. Dankzij ons eigen atelier is ook maatwerk mogelijk, zodat je steeds de perfecte oplossing vindt voor jouw project. Lengte 1m - Breedte 18+2 cm - Dikte 5+1 cm  Onmiddellijk leverbaar ! \ud83d\udc49 Meer inspiratie ? Bekijk onze ruwbouw oplossingen of ontdek hier alvast het volledige assortiment dorpels &nbsp;","og_url":"https:\/\/renier.be\/de\/produkt\/flache-turschwelle-mit-aufkantung-100x20-6-cm-dick-51\/","og_site_name":"Renier Natuursteen","article_publisher":"https:\/\/www.facebook.com\/reniernatuursteen","article_modified_time":"2026-03-27T12:01:41+00:00","og_image":[{"width":2560,"height":1707,"url":"https:\/\/renier.be\/wp-content\/uploads\/2024\/10\/DVO-BLS-scaled.jpg","type":"image\/jpeg"}],"twitter_card":"summary_large_image","twitter_misc":{"Gesch\u00e4tzte Lesezeit":"1\u00a0Minute"},"schema":{"@context":"https:\/\/schema.org","@graph":[{"@type":"WebPage","@id":"https:\/\/renier.be\/product\/vlakke-deurdorpel-met-opkant-100x20-6-cm-dik-51\/","url":"https:\/\/renier.be\/product\/vlakke-deurdorpel-met-opkant-100x20-6-cm-dik-51\/","name":"Flache T\u00fcrschwelle mit Aufkantung 100x20 6 cm dick (5+1) - Renier Natuursteen","isPartOf":{"@id":"https:\/\/renier.be\/#website"},"primaryImageOfPage":{"@id":"https:\/\/renier.be\/product\/vlakke-deurdorpel-met-opkant-100x20-6-cm-dik-51\/#primaryimage"},"image":{"@id":"https:\/\/renier.be\/product\/vlakke-deurdorpel-met-opkant-100x20-6-cm-dik-51\/#primaryimage"},"thumbnailUrl":"https:\/\/renier.be\/wp-content\/uploads\/2024\/10\/DVO-BLS-scaled.jpg","datePublished":"2024-12-19T14:37:57+00:00","dateModified":"2026-03-27T12:01:41+00:00","breadcrumb":{"@id":"https:\/\/renier.be\/product\/vlakke-deurdorpel-met-opkant-100x20-6-cm-dik-51\/#breadcrumb"},"inLanguage":"de","potentialAction":[{"@type":"ReadAction","target":["https:\/\/renier.be\/product\/vlakke-deurdorpel-met-opkant-100x20-6-cm-dik-51\/"]}]},{"@type":"ImageObject","inLanguage":"de","@id":"https:\/\/renier.be\/product\/vlakke-deurdorpel-met-opkant-100x20-6-cm-dik-51\/#primaryimage","url":"https:\/\/renier.be\/wp-content\/uploads\/2024\/10\/DVO-BLS-scaled.jpg","contentUrl":"https:\/\/renier.be\/wp-content\/uploads\/2024\/10\/DVO-BLS-scaled.jpg","width":2560,"height":1707},{"@type":"BreadcrumbList","@id":"https:\/\/renier.be\/product\/vlakke-deurdorpel-met-opkant-100x20-6-cm-dik-51\/#breadcrumb","itemListElement":[{"@type":"ListItem","position":1,"name":"Home","item":"https:\/\/renier.be\/"},{"@type":"ListItem","position":2,"name":"Producten","item":"https:\/\/renier.be\/producten\/"},{"@type":"ListItem","position":3,"name":"Vlakke deurdorpel met opkant 100&#215;20 6 cm dik (5+1)"}]},{"@type":"WebSite","@id":"https:\/\/renier.be\/#website","url":"https:\/\/renier.be\/","name":"Renier Naturstein","description":"Spezialist f\u00fcr belgischen Blaustein","publisher":{"@id":"https:\/\/renier.be\/#organization"},"potentialAction":[{"@type":"SearchAction","target":{"@type":"EntryPoint","urlTemplate":"https:\/\/renier.be\/?s={search_term_string}"},"query-input":{"@type":"PropertyValueSpecification","valueRequired":true,"valueName":"search_term_string"}}],"inLanguage":"de"},{"@type":"Organization","@id":"https:\/\/renier.be\/#organization","name":"Renier Naturstein","url":"https:\/\/renier.be\/","logo":{"@type":"ImageObject","inLanguage":"de","@id":"https:\/\/renier.be\/#\/schema\/logo\/image\/","url":"","contentUrl":"","caption":"Renier Natuursteen"},"image":{"@id":"https:\/\/renier.be\/#\/schema\/logo\/image\/"},"sameAs":["https:\/\/www.facebook.com\/reniernatuursteen"]}]}},"_links":{"self":[{"href":"https:\/\/renier.be\/de\/wp-json\/wp\/v2\/product\/3095","targetHints":{"allow":["GET"]}}],"collection":[{"href":"https:\/\/renier.be\/de\/wp-json\/wp\/v2\/product"}],"about":[{"href":"https:\/\/renier.be\/de\/wp-json\/wp\/v2\/types\/product"}],"wp:featuredmedia":[{"embeddable":true,"href":"https:\/\/renier.be\/de\/wp-json\/wp\/v2\/media\/2977"}],"wp:attachment":[{"href":"https:\/\/renier.be\/de\/wp-json\/wp\/v2\/media?parent=3095"}],"wp:term":[{"taxonomy":"product_brand","embeddable":true,"href":"https:\/\/renier.be\/de\/wp-json\/wp\/v2\/product_brand?post=3095"},{"taxonomy":"product_cat","embeddable":true,"href":"https:\/\/renier.be\/de\/wp-json\/wp\/v2\/product_cat?post=3095"},{"taxonomy":"product_tag","embeddable":true,"href":"https:\/\/renier.be\/de\/wp-json\/wp\/v2\/product_tag?post=3095"}],"curies":[{"name":"wp","href":"https:\/\/api.w.org\/{rel}","templated":true}]}}