{"id":3099,"date":"2024-12-19T15:56:44","date_gmt":"2024-12-19T14:56:44","guid":{"rendered":"https:\/\/renier.be\/?post_type=product&#038;p=3099"},"modified":"2026-03-27T13:01:41","modified_gmt":"2026-03-27T12:01:41","slug":"flache-fensterbank-mit-aufkantung-110x20-6-cm-dick-51-exemplar","status":"publish","type":"product","link":"https:\/\/renier.be\/de\/product\/vlakke-raamdorpel-met-opkant-110x20-6-cm-dik-51-kopie\/","title":{"rendered":"Flache Fensterschwelle mit Aufkantung 110\u00d720 6 cm dick (5+1)"},"content":{"rendered":"<p>Unser belgischer Blaustein ist eines der best\u00e4ndigsten Materialien der Welt. Dieser uralte Stein, der \u00fcber Millionen von Jahren entstanden ist, wird lokal und umweltfreundlich abgebaut.<\/p>\n<p>Diese flache Fensterschwelle mit Aufkantung hat eine blau geschliffene Oberfl\u00e4che mit einer 0,6 x 0,6 cm gro\u00dfen Tropfrille, die 2 cm von der Vorderseite und 2 cm von den bearbeiteten K\u00f6pfen entfernt ist.<\/p>\n<p>L\u00e4nge 1,10m - Breite 18+2 cm - Dicke 5+1 cm<\/p>\n<p>Sofort verf\u00fcgbar!<\/p>\n<p><img decoding=\"async\" class=\"alignnone size-medium wp-image-1709\" src=\"https:\/\/renier.be\/wp-content\/uploads\/2024\/08\/DVO-met-drup-300x152.jpg\" alt=\"\" width=\"300\" height=\"152\" srcset=\"https:\/\/renier.be\/wp-content\/uploads\/2024\/08\/DVO-met-drup-300x152.jpg 300w, https:\/\/renier.be\/wp-content\/uploads\/2024\/08\/DVO-met-drup-768x389.jpg 768w, https:\/\/renier.be\/wp-content\/uploads\/2024\/08\/DVO-met-drup-600x304.jpg 600w, https:\/\/renier.be\/wp-content\/uploads\/2024\/08\/DVO-met-drup.jpg 814w\" sizes=\"(max-width: 300px) 100vw, 300px\" \/><\/p>\n<p><img decoding=\"async\" class=\"alignnone size-medium wp-image-1305\" src=\"https:\/\/renier.be\/wp-content\/uploads\/2024\/06\/Renier-logo-met-belgische-vlag-300x99.jpg\" alt=\"\" width=\"300\" height=\"99\" srcset=\"https:\/\/renier.be\/wp-content\/uploads\/2024\/06\/Renier-logo-met-belgische-vlag-300x99.jpg 300w, https:\/\/renier.be\/wp-content\/uploads\/2024\/06\/Renier-logo-met-belgische-vlag-1024x337.jpg 1024w, https:\/\/renier.be\/wp-content\/uploads\/2024\/06\/Renier-logo-met-belgische-vlag-768x253.jpg 768w, https:\/\/renier.be\/wp-content\/uploads\/2024\/06\/Renier-logo-met-belgische-vlag-600x197.jpg 600w, https:\/\/renier.be\/wp-content\/uploads\/2024\/06\/Renier-logo-met-belgische-vlag.jpg 1067w\" sizes=\"(max-width: 300px) 100vw, 300px\" \/><\/p>","protected":false},"excerpt":{"rendered":"<p data-start=\"238\" data-end=\"552\">Diese <strong>flache Fensterbank mit Aufkantung 110\u00d720<\/strong> und einer St\u00e4rke von 6 cm ist die ideale Wahl, um Ihre Fassade mit langlebigem belgischem Blaustein zu verkleiden. Die Schwelle hat eine blaue, geschliffene Oberfl\u00e4che, die nicht nur einen zeitlosen Look, sondern auch zus\u00e4tzlichen Halt und einen eleganten, modernen Look bietet.<\/p>\n<p data-start=\"554\" data-end=\"948\">Dank der integrierten 0,6 \u00d7 0,6 cm gro\u00dfen Tropfrille, die 2 cm von der Vorderseite entfernt ist, wird das Regenwasser effizient abgeleitet und die W\u00e4nde bleiben vor Schmutz und Feuchtigkeit gesch\u00fctzt. Die Tropfrille endet 2 cm vor den bearbeiteten K\u00f6pfen und sorgt f\u00fcr einen \u00e4sthetischen und funktionalen Abschluss. Die Aufkantung an der R\u00fcckseite bietet zus\u00e4tzlichen Schutz gegen eindringendes Wasser, damit Ihre Fensterrahmen und Ihre Fassade l\u00e4nger sch\u00f6n bleiben.<\/p>\n<p data-start=\"950\" data-end=\"1159\">Mit ihrer robusten St\u00e4rke von 6 cm h\u00e4lt diese Fensterbank intensiven Belastungen und extremen Wetterbedingungen stand. Ihr flaches Design sorgt f\u00fcr eine enge Integration in moderne und klassische Fassaden.<\/p>\n<p data-start=\"1161\" data-end=\"1234\"><strong data-start=\"1161\" data-end=\"1232\">Vorteile eines flachen Fensterbretts mit Aufkantung aus Blaustein:<\/strong><\/p>\n<ul data-start=\"1235\" data-end=\"1587\">\n<li data-start=\"1235\" data-end=\"1299\">\n<p data-start=\"1237\" data-end=\"1299\">Nat\u00fcrlicher Schutz vor Regenwasser und eindringender Feuchtigkeit<\/p>\n<\/li>\n<li data-start=\"1300\" data-end=\"1365\">\n<p data-start=\"1302\" data-end=\"1365\">Langlebig und widerstandsf\u00e4hig, f\u00fcr alle Wetterbedingungen geeignet<\/p>\n<\/li>\n<li data-start=\"1366\" data-end=\"1421\">\n<p data-start=\"1368\" data-end=\"1421\">Zeitloser Look mit blau geschliffener Oberfl\u00e4che<\/p>\n<\/li>\n<li data-start=\"1422\" data-end=\"1472\">\n<p data-start=\"1424\" data-end=\"1472\">Robuste 6 cm Dicke f\u00fcr zus\u00e4tzliche Stabilit\u00e4t<\/p>\n<\/li>\n<li data-start=\"1473\" data-end=\"1587\">\n<p data-start=\"1475\" data-end=\"1587\">Perfekt zu kombinieren mit unseren anderen Natursteinprodukten wie Sockeln, Fensterb\u00e4nken und T\u00fcrschwellen<\/p>\n<\/li>\n<\/ul>\n<p data-start=\"1589\" data-end=\"1829\">Unter <strong data-start=\"1593\" data-end=\"1615\">Renier Naturstein<\/strong> liefern wir direkt aus unserem eigenen Lager, mit kurzen Lieferzeiten und der Garantie, dass es sich um Naturstein erster Wahl handelt. Dank unserer eigenen Werkstatt ist auch eine individuelle Gestaltung f\u00fcr jedes Bau- oder Renovierungsprojekt m\u00f6glich.<\/p>\n<p>L\u00e4nge 1,1 m - Breite 18+2 cm - Dicke 5+1 cm<\/p>\n<p>Sofort verf\u00fcgbar!<\/p>\n<p data-start=\"1960\" data-end=\"2081\">\ud83d\udc49 Mehr Inspiration ? Siehe <a href=\"https:\/\/renier.be\/de\/rohbau-2\/\">unsere strukturellen L\u00f6sungen <\/a>oder hier entdecken <a href=\"https:\/\/renier.be\/de\/produkte\/?_categorieen=dorpel\">Vollst\u00e4ndige Palette von Schwellen<\/a><\/p>\n<p>&nbsp;<\/p>\n<p>&nbsp;<\/p>","protected":false},"featured_media":2977,"template":"","meta":{"_acf_changed":false},"product_brand":[],"product_cat":[31,78,44,19],"product_tag":[106],"class_list":{"0":"post-3099","1":"product","2":"type-product","3":"status-publish","4":"has-post-thumbnail","6":"product_cat-dorpel","7":"product_cat-met-opkant-raamdorpel","8":"product_cat-raamdorpel","9":"product_cat-ruwbouw","10":"product_tag-gmc","11":"product_shipping_class-afhaling","13":"first","14":"instock","15":"taxable","16":"shipping-taxable","17":"purchasable","18":"product-type-simple"},"acf":[],"yoast_head":"<!-- This site is optimized with the Yoast SEO plugin v27.3 - https:\/\/yoast.com\/product\/yoast-seo-wordpress\/ -->\n<title>Vlakke raamdorpel met opkant 110x20 6 cm dik (5+1) - Renier Natuursteen<\/title>\n<meta name=\"robots\" content=\"index, follow, max-snippet:-1, max-image-preview:large, max-video-preview:-1\" \/>\n<link rel=\"canonical\" href=\"https:\/\/renier.be\/de\/produkt\/flache-fensterbank-mit-aufkantung-110x20-6-cm-dick-51-exemplar\/\" \/>\n<meta property=\"og:locale\" content=\"de_DE\" \/>\n<meta property=\"og:type\" content=\"article\" \/>\n<meta property=\"og:title\" content=\"Vlakke raamdorpel met opkant 110x20 6 cm dik (5+1) - Renier Natuursteen\" \/>\n<meta property=\"og:description\" content=\"Deze vlakke raamdorpel met opkant 110\u00d720 en een dikte van 6 cm is de ideale keuze om je gevel af te werken met duurzame Belgische blauwe hardsteen. De dorpel is voorzien van een blauw geschuurde afwerking die niet alleen een tijdloze uitstraling geeft, maar ook extra grip en een elegante, moderne look. Dankzij de ge\u00efntegreerde drupgroef van 0,6 \u00d7 0,6 cm op 2 cm van de voorkant wordt regenwater effici\u00ebnt afgevoerd, waardoor muren beschermd blijven tegen vuil en vocht. De drupgroef stopt netjes 2 cm van de bewerkte koppen, voor een esthetische en functionele afwerking. De opkant achteraan biedt bijkomende bescherming tegen inlopend water, zodat je raamkaders en gevel langer mooi blijven. Met zijn robuuste dikte van 6 cm is deze raamdorpel bestand tegen intensieve belasting en extreme weersinvloeden. De vlakke uitvoering zorgt voor een strakke integratie in zowel moderne als klassieke gevels. Voordelen van een vlakke raamdorpel met opkant in blauwe hardsteen:     Natuurlijke bescherming tegen regenwater en vochtinfiltratie    Duurzaam en slijtvast, geschikt voor alle weersomstandigheden    Tijdloze uitstraling met blauw geschuurde afwerking    Robuuste dikte van 6 cm voor extra stabiliteit    Perfect te combineren met onze andere natuursteenproducten zoals gevelplinten, venstertabletten en deurdorpels   Bij Renier Natuursteen leveren we rechtstreeks uit eigen voorraad, met korte leveringstermijnen en een garantie op eerste keus natuursteen. Dankzij ons eigen atelier is ook maatwerk perfect mogelijk voor elk bouw- of renovatieproject. Lengte 1,1m - Breedte 18+2 cm - Dikte 5+1 cm  Onmiddellijk leverbaar ! \ud83d\udc49 Meer inspiratie ? Bekijk onze ruwbouw oplossingen of ontdek hier alvast het volledige assortiment dorpels &nbsp;  &nbsp;\" \/>\n<meta property=\"og:url\" content=\"https:\/\/renier.be\/de\/produkt\/flache-fensterbank-mit-aufkantung-110x20-6-cm-dick-51-exemplar\/\" \/>\n<meta property=\"og:site_name\" content=\"Renier Natuursteen\" \/>\n<meta property=\"article:publisher\" content=\"https:\/\/www.facebook.com\/reniernatuursteen\" \/>\n<meta property=\"article:modified_time\" content=\"2026-03-27T12:01:41+00:00\" \/>\n<meta property=\"og:image\" content=\"https:\/\/renier.be\/wp-content\/uploads\/2024\/10\/DVO-BLS-scaled.jpg\" \/>\n\t<meta property=\"og:image:width\" content=\"2560\" \/>\n\t<meta property=\"og:image:height\" content=\"1707\" \/>\n\t<meta property=\"og:image:type\" content=\"image\/jpeg\" \/>\n<meta name=\"twitter:card\" content=\"summary_large_image\" \/>\n<meta name=\"twitter:label1\" content=\"Gesch\u00e4tzte Lesezeit\" \/>\n\t<meta name=\"twitter:data1\" content=\"1\u00a0Minute\" \/>\n<script type=\"application\/ld+json\" class=\"yoast-schema-graph\">{\"@context\":\"https:\\\/\\\/schema.org\",\"@graph\":[{\"@type\":\"WebPage\",\"@id\":\"https:\\\/\\\/renier.be\\\/product\\\/vlakke-raamdorpel-met-opkant-110x20-6-cm-dik-51-kopie\\\/\",\"url\":\"https:\\\/\\\/renier.be\\\/product\\\/vlakke-raamdorpel-met-opkant-110x20-6-cm-dik-51-kopie\\\/\",\"name\":\"Vlakke raamdorpel met opkant 110x20 6 cm dik (5+1) - Renier Natuursteen\",\"isPartOf\":{\"@id\":\"https:\\\/\\\/renier.be\\\/#website\"},\"primaryImageOfPage\":{\"@id\":\"https:\\\/\\\/renier.be\\\/product\\\/vlakke-raamdorpel-met-opkant-110x20-6-cm-dik-51-kopie\\\/#primaryimage\"},\"image\":{\"@id\":\"https:\\\/\\\/renier.be\\\/product\\\/vlakke-raamdorpel-met-opkant-110x20-6-cm-dik-51-kopie\\\/#primaryimage\"},\"thumbnailUrl\":\"https:\\\/\\\/renier.be\\\/wp-content\\\/uploads\\\/2024\\\/10\\\/DVO-BLS-scaled.jpg\",\"datePublished\":\"2024-12-19T14:56:44+00:00\",\"dateModified\":\"2026-03-27T12:01:41+00:00\",\"breadcrumb\":{\"@id\":\"https:\\\/\\\/renier.be\\\/product\\\/vlakke-raamdorpel-met-opkant-110x20-6-cm-dik-51-kopie\\\/#breadcrumb\"},\"inLanguage\":\"de\",\"potentialAction\":[{\"@type\":\"ReadAction\",\"target\":[\"https:\\\/\\\/renier.be\\\/product\\\/vlakke-raamdorpel-met-opkant-110x20-6-cm-dik-51-kopie\\\/\"]}]},{\"@type\":\"ImageObject\",\"inLanguage\":\"de\",\"@id\":\"https:\\\/\\\/renier.be\\\/product\\\/vlakke-raamdorpel-met-opkant-110x20-6-cm-dik-51-kopie\\\/#primaryimage\",\"url\":\"https:\\\/\\\/renier.be\\\/wp-content\\\/uploads\\\/2024\\\/10\\\/DVO-BLS-scaled.jpg\",\"contentUrl\":\"https:\\\/\\\/renier.be\\\/wp-content\\\/uploads\\\/2024\\\/10\\\/DVO-BLS-scaled.jpg\",\"width\":2560,\"height\":1707},{\"@type\":\"BreadcrumbList\",\"@id\":\"https:\\\/\\\/renier.be\\\/product\\\/vlakke-raamdorpel-met-opkant-110x20-6-cm-dik-51-kopie\\\/#breadcrumb\",\"itemListElement\":[{\"@type\":\"ListItem\",\"position\":1,\"name\":\"Home\",\"item\":\"https:\\\/\\\/renier.be\\\/\"},{\"@type\":\"ListItem\",\"position\":2,\"name\":\"Producten\",\"item\":\"https:\\\/\\\/renier.be\\\/producten\\\/\"},{\"@type\":\"ListItem\",\"position\":3,\"name\":\"Vlakke raamdorpel met opkant 110&#215;20 6 cm dik (5+1)\"}]},{\"@type\":\"WebSite\",\"@id\":\"https:\\\/\\\/renier.be\\\/#website\",\"url\":\"https:\\\/\\\/renier.be\\\/\",\"name\":\"Renier Natuursteen\",\"description\":\"Specialist in Belgisch Blauwe Hardsteen\",\"publisher\":{\"@id\":\"https:\\\/\\\/renier.be\\\/#organization\"},\"potentialAction\":[{\"@type\":\"SearchAction\",\"target\":{\"@type\":\"EntryPoint\",\"urlTemplate\":\"https:\\\/\\\/renier.be\\\/?s={search_term_string}\"},\"query-input\":{\"@type\":\"PropertyValueSpecification\",\"valueRequired\":true,\"valueName\":\"search_term_string\"}}],\"inLanguage\":\"de\"},{\"@type\":\"Organization\",\"@id\":\"https:\\\/\\\/renier.be\\\/#organization\",\"name\":\"Renier Natuursteen\",\"url\":\"https:\\\/\\\/renier.be\\\/\",\"logo\":{\"@type\":\"ImageObject\",\"inLanguage\":\"de\",\"@id\":\"https:\\\/\\\/renier.be\\\/#\\\/schema\\\/logo\\\/image\\\/\",\"url\":\"\",\"contentUrl\":\"\",\"caption\":\"Renier Natuursteen\"},\"image\":{\"@id\":\"https:\\\/\\\/renier.be\\\/#\\\/schema\\\/logo\\\/image\\\/\"},\"sameAs\":[\"https:\\\/\\\/www.facebook.com\\\/reniernatuursteen\"]}]}<\/script>\n<!-- \/ Yoast SEO plugin. -->","yoast_head_json":{"title":"Flache Fensterbank mit Aufkantung 110x20 6 cm dick (5+1) - Renier Natuursteen","robots":{"index":"index","follow":"follow","max-snippet":"max-snippet:-1","max-image-preview":"max-image-preview:large","max-video-preview":"max-video-preview:-1"},"canonical":"https:\/\/renier.be\/de\/produkt\/flache-fensterbank-mit-aufkantung-110x20-6-cm-dick-51-exemplar\/","og_locale":"de_DE","og_type":"article","og_title":"Vlakke raamdorpel met opkant 110x20 6 cm dik (5+1) - Renier Natuursteen","og_description":"Deze vlakke raamdorpel met opkant 110\u00d720 en een dikte van 6 cm is de ideale keuze om je gevel af te werken met duurzame Belgische blauwe hardsteen. De dorpel is voorzien van een blauw geschuurde afwerking die niet alleen een tijdloze uitstraling geeft, maar ook extra grip en een elegante, moderne look. Dankzij de ge\u00efntegreerde drupgroef van 0,6 \u00d7 0,6 cm op 2 cm van de voorkant wordt regenwater effici\u00ebnt afgevoerd, waardoor muren beschermd blijven tegen vuil en vocht. De drupgroef stopt netjes 2 cm van de bewerkte koppen, voor een esthetische en functionele afwerking. De opkant achteraan biedt bijkomende bescherming tegen inlopend water, zodat je raamkaders en gevel langer mooi blijven. Met zijn robuuste dikte van 6 cm is deze raamdorpel bestand tegen intensieve belasting en extreme weersinvloeden. De vlakke uitvoering zorgt voor een strakke integratie in zowel moderne als klassieke gevels. Voordelen van een vlakke raamdorpel met opkant in blauwe hardsteen:     Natuurlijke bescherming tegen regenwater en vochtinfiltratie    Duurzaam en slijtvast, geschikt voor alle weersomstandigheden    Tijdloze uitstraling met blauw geschuurde afwerking    Robuuste dikte van 6 cm voor extra stabiliteit    Perfect te combineren met onze andere natuursteenproducten zoals gevelplinten, venstertabletten en deurdorpels   Bij Renier Natuursteen leveren we rechtstreeks uit eigen voorraad, met korte leveringstermijnen en een garantie op eerste keus natuursteen. Dankzij ons eigen atelier is ook maatwerk perfect mogelijk voor elk bouw- of renovatieproject. Lengte 1,1m - Breedte 18+2 cm - Dikte 5+1 cm  Onmiddellijk leverbaar ! \ud83d\udc49 Meer inspiratie ? Bekijk onze ruwbouw oplossingen of ontdek hier alvast het volledige assortiment dorpels &nbsp;  &nbsp;","og_url":"https:\/\/renier.be\/de\/produkt\/flache-fensterbank-mit-aufkantung-110x20-6-cm-dick-51-exemplar\/","og_site_name":"Renier Natuursteen","article_publisher":"https:\/\/www.facebook.com\/reniernatuursteen","article_modified_time":"2026-03-27T12:01:41+00:00","og_image":[{"width":2560,"height":1707,"url":"https:\/\/renier.be\/wp-content\/uploads\/2024\/10\/DVO-BLS-scaled.jpg","type":"image\/jpeg"}],"twitter_card":"summary_large_image","twitter_misc":{"Gesch\u00e4tzte Lesezeit":"1\u00a0Minute"},"schema":{"@context":"https:\/\/schema.org","@graph":[{"@type":"WebPage","@id":"https:\/\/renier.be\/product\/vlakke-raamdorpel-met-opkant-110x20-6-cm-dik-51-kopie\/","url":"https:\/\/renier.be\/product\/vlakke-raamdorpel-met-opkant-110x20-6-cm-dik-51-kopie\/","name":"Flache Fensterbank mit Aufkantung 110x20 6 cm dick (5+1) - Renier Natuursteen","isPartOf":{"@id":"https:\/\/renier.be\/#website"},"primaryImageOfPage":{"@id":"https:\/\/renier.be\/product\/vlakke-raamdorpel-met-opkant-110x20-6-cm-dik-51-kopie\/#primaryimage"},"image":{"@id":"https:\/\/renier.be\/product\/vlakke-raamdorpel-met-opkant-110x20-6-cm-dik-51-kopie\/#primaryimage"},"thumbnailUrl":"https:\/\/renier.be\/wp-content\/uploads\/2024\/10\/DVO-BLS-scaled.jpg","datePublished":"2024-12-19T14:56:44+00:00","dateModified":"2026-03-27T12:01:41+00:00","breadcrumb":{"@id":"https:\/\/renier.be\/product\/vlakke-raamdorpel-met-opkant-110x20-6-cm-dik-51-kopie\/#breadcrumb"},"inLanguage":"de","potentialAction":[{"@type":"ReadAction","target":["https:\/\/renier.be\/product\/vlakke-raamdorpel-met-opkant-110x20-6-cm-dik-51-kopie\/"]}]},{"@type":"ImageObject","inLanguage":"de","@id":"https:\/\/renier.be\/product\/vlakke-raamdorpel-met-opkant-110x20-6-cm-dik-51-kopie\/#primaryimage","url":"https:\/\/renier.be\/wp-content\/uploads\/2024\/10\/DVO-BLS-scaled.jpg","contentUrl":"https:\/\/renier.be\/wp-content\/uploads\/2024\/10\/DVO-BLS-scaled.jpg","width":2560,"height":1707},{"@type":"BreadcrumbList","@id":"https:\/\/renier.be\/product\/vlakke-raamdorpel-met-opkant-110x20-6-cm-dik-51-kopie\/#breadcrumb","itemListElement":[{"@type":"ListItem","position":1,"name":"Home","item":"https:\/\/renier.be\/"},{"@type":"ListItem","position":2,"name":"Producten","item":"https:\/\/renier.be\/producten\/"},{"@type":"ListItem","position":3,"name":"Vlakke raamdorpel met opkant 110&#215;20 6 cm dik (5+1)"}]},{"@type":"WebSite","@id":"https:\/\/renier.be\/#website","url":"https:\/\/renier.be\/","name":"Renier Naturstein","description":"Spezialist f\u00fcr belgischen Blaustein","publisher":{"@id":"https:\/\/renier.be\/#organization"},"potentialAction":[{"@type":"SearchAction","target":{"@type":"EntryPoint","urlTemplate":"https:\/\/renier.be\/?s={search_term_string}"},"query-input":{"@type":"PropertyValueSpecification","valueRequired":true,"valueName":"search_term_string"}}],"inLanguage":"de"},{"@type":"Organization","@id":"https:\/\/renier.be\/#organization","name":"Renier Naturstein","url":"https:\/\/renier.be\/","logo":{"@type":"ImageObject","inLanguage":"de","@id":"https:\/\/renier.be\/#\/schema\/logo\/image\/","url":"","contentUrl":"","caption":"Renier Natuursteen"},"image":{"@id":"https:\/\/renier.be\/#\/schema\/logo\/image\/"},"sameAs":["https:\/\/www.facebook.com\/reniernatuursteen"]}]}},"_links":{"self":[{"href":"https:\/\/renier.be\/de\/wp-json\/wp\/v2\/product\/3099","targetHints":{"allow":["GET"]}}],"collection":[{"href":"https:\/\/renier.be\/de\/wp-json\/wp\/v2\/product"}],"about":[{"href":"https:\/\/renier.be\/de\/wp-json\/wp\/v2\/types\/product"}],"wp:featuredmedia":[{"embeddable":true,"href":"https:\/\/renier.be\/de\/wp-json\/wp\/v2\/media\/2977"}],"wp:attachment":[{"href":"https:\/\/renier.be\/de\/wp-json\/wp\/v2\/media?parent=3099"}],"wp:term":[{"taxonomy":"product_brand","embeddable":true,"href":"https:\/\/renier.be\/de\/wp-json\/wp\/v2\/product_brand?post=3099"},{"taxonomy":"product_cat","embeddable":true,"href":"https:\/\/renier.be\/de\/wp-json\/wp\/v2\/product_cat?post=3099"},{"taxonomy":"product_tag","embeddable":true,"href":"https:\/\/renier.be\/de\/wp-json\/wp\/v2\/product_tag?post=3099"}],"curies":[{"name":"wp","href":"https:\/\/api.w.org\/{rel}","templated":true}]}}