{"id":3100,"date":"2024-12-19T16:31:00","date_gmt":"2024-12-19T15:31:00","guid":{"rendered":"https:\/\/renier.be\/?post_type=product&#038;p=3100"},"modified":"2026-04-01T15:40:49","modified_gmt":"2026-04-01T13:40:49","slug":"komponieren-sie-ihre-eigene-flache-turschwelle-mit-aufkantung-massiv","status":"publish","type":"product","link":"https:\/\/renier.be\/de\/product\/stel-zelf-uw-vlakke-deurdorpel-met-opkant-samen-massief\/","title":{"rendered":"Stellen Sie Ihre flache T\u00fcrschwelle mit Aufkantung zusammen - massiv"},"content":{"rendered":"<p>Unser belgischer Blaustein ist eines der best\u00e4ndigsten Materialien der Welt. Dieser uralte Stein, der \u00fcber Millionen von Jahren entstanden ist, wird lokal und umweltfreundlich abgebaut.<\/p>\n<p>Diese flache MASSIVE-T\u00fcrschwelle mit Aufkantung kann ganz einfach individuell gestaltet werden:<\/p>\n<ul>\n<li>Blaustein aus unserem eigenen Steinbruch (La Pr\u00e9alle in Sprimont)<\/li>\n<li>Ausf\u00fchrung :\n<ul>\n<li>Oberseite, Vorderseite und beide K\u00f6pfe (5 cm) blau oder grau geschliffen<\/li>\n<li>Die Vorderseite und beide K\u00f6pfe (5 cm) k\u00f6nnen auf Wunsch gefr\u00e4st bearbeitet werden, um ein stilvolles Aussehen zu erzielen<\/li>\n<\/ul>\n<\/li>\n<li>Recht ges\u00e4gt, mit einer 0,6 x 0,6 cm gro\u00dfen Tropfrille, 2 cm von der Vorderseite, h\u00e4lt 2 cm von den bearbeiteten K\u00f6pfen entfernt.<\/li>\n<li>Die Oberseite ist 1 cm h\u00f6her als die Oberfl\u00e4che.<\/li>\n<li>Dicken von 4cm bis 11cm. Achtung, die Dicke (oder H\u00f6he) der Schwelle ist die H\u00f6he der R\u00fcckseite. Die Oberseite der Schwelle ist 1 cm niedriger als die H\u00f6he der R\u00fcckseite. Ein Beispiel: Eine 4 cm hohe Schwelle ist 3 cm dick und hat eine Aufkantung von 1 cm. In diesem Fall geben Sie eine Dicke von 4 an.<\/li>\n<li>Die Breite schlie\u00dft die Breite der Aufkantung ein. Eine 18 cm breite Schwelle ist z. B. insgesamt 18 cm breit, also einschlie\u00dflich der 2 cm Breite der Aufkantung<\/li>\n<li>Optionen:\n<ul>\n<li>Gehrung 45\u00b0<\/li>\n<li>Seiten in voller Breite, 1 cm dick<\/li>\n<li>1 cm dicke Seiten, die 5 cm vor der Vorderseite aufh\u00f6ren<\/li>\n<\/ul>\n<\/li>\n<li>Volle Flexibilit\u00e4t bei den Abmessungen.<\/li>\n<\/ul>\n<p><img decoding=\"async\" class=\"alignnone size-medium wp-image-1709\" src=\"https:\/\/renier.be\/wp-content\/uploads\/2024\/08\/DVO-met-drup-300x152.jpg\" alt=\"\" width=\"300\" height=\"152\" srcset=\"https:\/\/renier.be\/wp-content\/uploads\/2024\/08\/DVO-met-drup-300x152.jpg 300w, https:\/\/renier.be\/wp-content\/uploads\/2024\/08\/DVO-met-drup-768x389.jpg 768w, https:\/\/renier.be\/wp-content\/uploads\/2024\/08\/DVO-met-drup-600x304.jpg 600w, https:\/\/renier.be\/wp-content\/uploads\/2024\/08\/DVO-met-drup.jpg 814w\" sizes=\"(max-width: 300px) 100vw, 300px\" \/><\/p>\n<p><img decoding=\"async\" class=\"alignnone size-medium wp-image-1305\" src=\"https:\/\/renier.be\/wp-content\/uploads\/2024\/06\/Renier-logo-met-belgische-vlag-300x99.jpg\" alt=\"\" width=\"300\" height=\"99\" srcset=\"https:\/\/renier.be\/wp-content\/uploads\/2024\/06\/Renier-logo-met-belgische-vlag-300x99.jpg 300w, https:\/\/renier.be\/wp-content\/uploads\/2024\/06\/Renier-logo-met-belgische-vlag-1024x337.jpg 1024w, https:\/\/renier.be\/wp-content\/uploads\/2024\/06\/Renier-logo-met-belgische-vlag-768x253.jpg 768w, https:\/\/renier.be\/wp-content\/uploads\/2024\/06\/Renier-logo-met-belgische-vlag-600x197.jpg 600w, https:\/\/renier.be\/wp-content\/uploads\/2024\/06\/Renier-logo-met-belgische-vlag.jpg 1067w\" sizes=\"(max-width: 300px) 100vw, 300px\" \/><\/p>","protected":false},"excerpt":{"rendered":"<p>Stellen Sie sich einfach Ihre ideale flache T\u00fcrschwelle mit Aufkantung und Tropfrille in MASSIVE-Ausf\u00fchrung zusammen (die Aufkantung und eventuelle Seiten sind massiv, also nicht geklebt). W\u00e4hlen Sie unten die gew\u00fcnschte Ausf\u00fchrung, Dicke, L\u00e4nge und Breite sowie alle Optionen. Der Preis pro St\u00fcck und pro m\u00b2 wird dann automatisch berechnet. Sie k\u00f6nnen die gew\u00fcnschte Ausf\u00fchrung jederzeit \u00e4ndern. Klicken Sie dann auf \"In den Warenkorb\" und schlie\u00dfen Sie Ihre Bestellung ab. Die Lieferzeit betr\u00e4gt 2 Wochen.<\/p>\n<p>Achtung: Die Dicke (oder H\u00f6he) der Schwelle entspricht der H\u00f6he des Hecks. Die Oberseite der Schwelle ist 1 cm niedriger als die H\u00f6he der R\u00fcckseite. Ein Beispiel: Eine 4 cm hohe Schwelle ist 3 cm dick und hat eine Aufkantung von 1 cm. In diesem Fall geben Sie eine Dicke von 4 an.<\/p>\n<p>L\u00e4nge gr\u00f6\u00dfer als 180 cm? Die Schwelle wird automatisch in mehrere Teile geteilt.  Geben Sie die gew\u00fcnschte Aufteilung \u00fcber die zus\u00e4tzlich erscheinenden Felder ein.<\/p>","protected":false},"featured_media":2977,"template":"","meta":{"_acf_changed":false},"product_brand":[],"product_cat":[43,31,63,19],"product_tag":[],"class_list":{"0":"post-3100","1":"product","2":"type-product","3":"status-publish","4":"has-post-thumbnail","6":"product_cat-deurdorpel","7":"product_cat-dorpel","8":"product_cat-met-opkant","9":"product_cat-ruwbouw","11":"first","12":"onbackorder","13":"taxable","14":"shipping-taxable","15":"purchasable","16":"product-type-simple"},"acf":[],"yoast_head":"<!-- This site is optimized with the Yoast SEO plugin v27.4 - https:\/\/yoast.com\/product\/yoast-seo-wordpress\/ -->\n<title>Stel zelf uw vlakke deurdorpel met opkant samen - massief - Renier Natuursteen<\/title>\n<meta name=\"robots\" content=\"index, follow, max-snippet:-1, max-image-preview:large, max-video-preview:-1\" \/>\n<link rel=\"canonical\" href=\"https:\/\/renier.be\/de\/produkt\/komponieren-sie-ihre-eigene-flache-turschwelle-mit-aufkantung-massiv\/\" \/>\n<meta property=\"og:locale\" content=\"de_DE\" \/>\n<meta property=\"og:type\" content=\"article\" \/>\n<meta property=\"og:title\" content=\"Stel zelf uw vlakke deurdorpel met opkant samen - massief - Renier Natuursteen\" \/>\n<meta property=\"og:description\" content=\"Stel hier eenvoudig zelf je ideale vlakke deurdorpel met opkant en drupgroef in MASSIEVE uitvoering samen (de opkant en eventuele kussens zijn massief dus niet gekleefd). Kies hieronder de gewenste afwerking, de dikte, lengte en breedte en eventuele opties. De prijs per stuk en per m\u00b2 wordt automatisch berekend. Je kan steeds de gewenste afwerking aanpassen. Klik daarna op toevoegen in de winkelwagen en vervolledig je bestelling. Levertijd 2 weken.  Opgepast de dikte (of hoogte) van de dorpel is de hoogte van de achterzijde. Het bovenvlak van de dorpel is 1cm lager dan de hoogte van de achterzijde. Een dorpel van bijvoorbeeld 4cm hoog is 3cm dik met een opkant van 1cm. Geef in dit geval een dikte van 4 aan.  Lengte groter dan 180 cm? De dorpel wordt automatisch opgesplitst in meerdere stukken.\u00a0 Geef de gewenste verdeling in via de extra velden die verschijnen.\" \/>\n<meta property=\"og:url\" content=\"https:\/\/renier.be\/de\/produkt\/komponieren-sie-ihre-eigene-flache-turschwelle-mit-aufkantung-massiv\/\" \/>\n<meta property=\"og:site_name\" content=\"Renier Natuursteen\" \/>\n<meta property=\"article:publisher\" content=\"https:\/\/www.facebook.com\/reniernatuursteen\" \/>\n<meta property=\"article:modified_time\" content=\"2026-04-01T13:40:49+00:00\" \/>\n<meta property=\"og:image\" content=\"https:\/\/renier.be\/wp-content\/uploads\/2024\/10\/DVO-BLS-scaled.jpg\" \/>\n\t<meta property=\"og:image:width\" content=\"2560\" \/>\n\t<meta property=\"og:image:height\" content=\"1707\" \/>\n\t<meta property=\"og:image:type\" content=\"image\/jpeg\" \/>\n<meta name=\"twitter:card\" content=\"summary_large_image\" \/>\n<meta name=\"twitter:label1\" content=\"Gesch\u00e4tzte Lesezeit\" \/>\n\t<meta name=\"twitter:data1\" content=\"2\u00a0Minuten\" \/>\n<script type=\"application\/ld+json\" class=\"yoast-schema-graph\">{\"@context\":\"https:\\\/\\\/schema.org\",\"@graph\":[{\"@type\":\"WebPage\",\"@id\":\"https:\\\/\\\/renier.be\\\/product\\\/stel-zelf-uw-vlakke-deurdorpel-met-opkant-samen-massief\\\/\",\"url\":\"https:\\\/\\\/renier.be\\\/product\\\/stel-zelf-uw-vlakke-deurdorpel-met-opkant-samen-massief\\\/\",\"name\":\"Stel zelf uw vlakke deurdorpel met opkant samen - massief - Renier Natuursteen\",\"isPartOf\":{\"@id\":\"https:\\\/\\\/renier.be\\\/#website\"},\"primaryImageOfPage\":{\"@id\":\"https:\\\/\\\/renier.be\\\/product\\\/stel-zelf-uw-vlakke-deurdorpel-met-opkant-samen-massief\\\/#primaryimage\"},\"image\":{\"@id\":\"https:\\\/\\\/renier.be\\\/product\\\/stel-zelf-uw-vlakke-deurdorpel-met-opkant-samen-massief\\\/#primaryimage\"},\"thumbnailUrl\":\"https:\\\/\\\/renier.be\\\/wp-content\\\/uploads\\\/2024\\\/10\\\/DVO-BLS-scaled.jpg\",\"datePublished\":\"2024-12-19T15:31:00+00:00\",\"dateModified\":\"2026-04-01T13:40:49+00:00\",\"breadcrumb\":{\"@id\":\"https:\\\/\\\/renier.be\\\/product\\\/stel-zelf-uw-vlakke-deurdorpel-met-opkant-samen-massief\\\/#breadcrumb\"},\"inLanguage\":\"de\",\"potentialAction\":[{\"@type\":\"ReadAction\",\"target\":[\"https:\\\/\\\/renier.be\\\/product\\\/stel-zelf-uw-vlakke-deurdorpel-met-opkant-samen-massief\\\/\"]}]},{\"@type\":\"ImageObject\",\"inLanguage\":\"de\",\"@id\":\"https:\\\/\\\/renier.be\\\/product\\\/stel-zelf-uw-vlakke-deurdorpel-met-opkant-samen-massief\\\/#primaryimage\",\"url\":\"https:\\\/\\\/renier.be\\\/wp-content\\\/uploads\\\/2024\\\/10\\\/DVO-BLS-scaled.jpg\",\"contentUrl\":\"https:\\\/\\\/renier.be\\\/wp-content\\\/uploads\\\/2024\\\/10\\\/DVO-BLS-scaled.jpg\",\"width\":2560,\"height\":1707},{\"@type\":\"BreadcrumbList\",\"@id\":\"https:\\\/\\\/renier.be\\\/product\\\/stel-zelf-uw-vlakke-deurdorpel-met-opkant-samen-massief\\\/#breadcrumb\",\"itemListElement\":[{\"@type\":\"ListItem\",\"position\":1,\"name\":\"Home\",\"item\":\"https:\\\/\\\/renier.be\\\/\"},{\"@type\":\"ListItem\",\"position\":2,\"name\":\"Producten\",\"item\":\"https:\\\/\\\/renier.be\\\/producten\\\/\"},{\"@type\":\"ListItem\",\"position\":3,\"name\":\"Stel zelf uw vlakke deurdorpel met opkant samen &#8211; massief\"}]},{\"@type\":\"WebSite\",\"@id\":\"https:\\\/\\\/renier.be\\\/#website\",\"url\":\"https:\\\/\\\/renier.be\\\/\",\"name\":\"Renier Natuursteen\",\"description\":\"Specialist in Belgisch Blauwe Hardsteen\",\"publisher\":{\"@id\":\"https:\\\/\\\/renier.be\\\/#organization\"},\"potentialAction\":[{\"@type\":\"SearchAction\",\"target\":{\"@type\":\"EntryPoint\",\"urlTemplate\":\"https:\\\/\\\/renier.be\\\/?s={search_term_string}\"},\"query-input\":{\"@type\":\"PropertyValueSpecification\",\"valueRequired\":true,\"valueName\":\"search_term_string\"}}],\"inLanguage\":\"de\"},{\"@type\":\"Organization\",\"@id\":\"https:\\\/\\\/renier.be\\\/#organization\",\"name\":\"Renier Natuursteen\",\"url\":\"https:\\\/\\\/renier.be\\\/\",\"logo\":{\"@type\":\"ImageObject\",\"inLanguage\":\"de\",\"@id\":\"https:\\\/\\\/renier.be\\\/#\\\/schema\\\/logo\\\/image\\\/\",\"url\":\"\",\"contentUrl\":\"\",\"caption\":\"Renier Natuursteen\"},\"image\":{\"@id\":\"https:\\\/\\\/renier.be\\\/#\\\/schema\\\/logo\\\/image\\\/\"},\"sameAs\":[\"https:\\\/\\\/www.facebook.com\\\/reniernatuursteen\"]}]}<\/script>\n<!-- \/ Yoast SEO plugin. -->","yoast_head_json":{"title":"Stellen Sie Ihre eigene flache T\u00fcrschwelle mit Aufkantung zusammen - massiv - Renier Natuursteen","robots":{"index":"index","follow":"follow","max-snippet":"max-snippet:-1","max-image-preview":"max-image-preview:large","max-video-preview":"max-video-preview:-1"},"canonical":"https:\/\/renier.be\/de\/produkt\/komponieren-sie-ihre-eigene-flache-turschwelle-mit-aufkantung-massiv\/","og_locale":"de_DE","og_type":"article","og_title":"Stel zelf uw vlakke deurdorpel met opkant samen - massief - Renier Natuursteen","og_description":"Stel hier eenvoudig zelf je ideale vlakke deurdorpel met opkant en drupgroef in MASSIEVE uitvoering samen (de opkant en eventuele kussens zijn massief dus niet gekleefd). Kies hieronder de gewenste afwerking, de dikte, lengte en breedte en eventuele opties. De prijs per stuk en per m\u00b2 wordt automatisch berekend. Je kan steeds de gewenste afwerking aanpassen. Klik daarna op toevoegen in de winkelwagen en vervolledig je bestelling. Levertijd 2 weken.  Opgepast de dikte (of hoogte) van de dorpel is de hoogte van de achterzijde. Het bovenvlak van de dorpel is 1cm lager dan de hoogte van de achterzijde. Een dorpel van bijvoorbeeld 4cm hoog is 3cm dik met een opkant van 1cm. Geef in dit geval een dikte van 4 aan.  Lengte groter dan 180 cm? De dorpel wordt automatisch opgesplitst in meerdere stukken.\u00a0 Geef de gewenste verdeling in via de extra velden die verschijnen.","og_url":"https:\/\/renier.be\/de\/produkt\/komponieren-sie-ihre-eigene-flache-turschwelle-mit-aufkantung-massiv\/","og_site_name":"Renier Natuursteen","article_publisher":"https:\/\/www.facebook.com\/reniernatuursteen","article_modified_time":"2026-04-01T13:40:49+00:00","og_image":[{"width":2560,"height":1707,"url":"https:\/\/renier.be\/wp-content\/uploads\/2024\/10\/DVO-BLS-scaled.jpg","type":"image\/jpeg"}],"twitter_card":"summary_large_image","twitter_misc":{"Gesch\u00e4tzte Lesezeit":"2\u00a0Minuten"},"schema":{"@context":"https:\/\/schema.org","@graph":[{"@type":"WebPage","@id":"https:\/\/renier.be\/product\/stel-zelf-uw-vlakke-deurdorpel-met-opkant-samen-massief\/","url":"https:\/\/renier.be\/product\/stel-zelf-uw-vlakke-deurdorpel-met-opkant-samen-massief\/","name":"Stellen Sie Ihre eigene flache T\u00fcrschwelle mit Aufkantung zusammen - massiv - Renier Natuursteen","isPartOf":{"@id":"https:\/\/renier.be\/#website"},"primaryImageOfPage":{"@id":"https:\/\/renier.be\/product\/stel-zelf-uw-vlakke-deurdorpel-met-opkant-samen-massief\/#primaryimage"},"image":{"@id":"https:\/\/renier.be\/product\/stel-zelf-uw-vlakke-deurdorpel-met-opkant-samen-massief\/#primaryimage"},"thumbnailUrl":"https:\/\/renier.be\/wp-content\/uploads\/2024\/10\/DVO-BLS-scaled.jpg","datePublished":"2024-12-19T15:31:00+00:00","dateModified":"2026-04-01T13:40:49+00:00","breadcrumb":{"@id":"https:\/\/renier.be\/product\/stel-zelf-uw-vlakke-deurdorpel-met-opkant-samen-massief\/#breadcrumb"},"inLanguage":"de","potentialAction":[{"@type":"ReadAction","target":["https:\/\/renier.be\/product\/stel-zelf-uw-vlakke-deurdorpel-met-opkant-samen-massief\/"]}]},{"@type":"ImageObject","inLanguage":"de","@id":"https:\/\/renier.be\/product\/stel-zelf-uw-vlakke-deurdorpel-met-opkant-samen-massief\/#primaryimage","url":"https:\/\/renier.be\/wp-content\/uploads\/2024\/10\/DVO-BLS-scaled.jpg","contentUrl":"https:\/\/renier.be\/wp-content\/uploads\/2024\/10\/DVO-BLS-scaled.jpg","width":2560,"height":1707},{"@type":"BreadcrumbList","@id":"https:\/\/renier.be\/product\/stel-zelf-uw-vlakke-deurdorpel-met-opkant-samen-massief\/#breadcrumb","itemListElement":[{"@type":"ListItem","position":1,"name":"Home","item":"https:\/\/renier.be\/"},{"@type":"ListItem","position":2,"name":"Producten","item":"https:\/\/renier.be\/producten\/"},{"@type":"ListItem","position":3,"name":"Stel zelf uw vlakke deurdorpel met opkant samen &#8211; massief"}]},{"@type":"WebSite","@id":"https:\/\/renier.be\/#website","url":"https:\/\/renier.be\/","name":"Renier Naturstein","description":"Spezialist f\u00fcr belgischen Blaustein","publisher":{"@id":"https:\/\/renier.be\/#organization"},"potentialAction":[{"@type":"SearchAction","target":{"@type":"EntryPoint","urlTemplate":"https:\/\/renier.be\/?s={search_term_string}"},"query-input":{"@type":"PropertyValueSpecification","valueRequired":true,"valueName":"search_term_string"}}],"inLanguage":"de"},{"@type":"Organization","@id":"https:\/\/renier.be\/#organization","name":"Renier Naturstein","url":"https:\/\/renier.be\/","logo":{"@type":"ImageObject","inLanguage":"de","@id":"https:\/\/renier.be\/#\/schema\/logo\/image\/","url":"","contentUrl":"","caption":"Renier Natuursteen"},"image":{"@id":"https:\/\/renier.be\/#\/schema\/logo\/image\/"},"sameAs":["https:\/\/www.facebook.com\/reniernatuursteen"]}]}},"_links":{"self":[{"href":"https:\/\/renier.be\/de\/wp-json\/wp\/v2\/product\/3100","targetHints":{"allow":["GET"]}}],"collection":[{"href":"https:\/\/renier.be\/de\/wp-json\/wp\/v2\/product"}],"about":[{"href":"https:\/\/renier.be\/de\/wp-json\/wp\/v2\/types\/product"}],"wp:featuredmedia":[{"embeddable":true,"href":"https:\/\/renier.be\/de\/wp-json\/wp\/v2\/media\/2977"}],"wp:attachment":[{"href":"https:\/\/renier.be\/de\/wp-json\/wp\/v2\/media?parent=3100"}],"wp:term":[{"taxonomy":"product_brand","embeddable":true,"href":"https:\/\/renier.be\/de\/wp-json\/wp\/v2\/product_brand?post=3100"},{"taxonomy":"product_cat","embeddable":true,"href":"https:\/\/renier.be\/de\/wp-json\/wp\/v2\/product_cat?post=3100"},{"taxonomy":"product_tag","embeddable":true,"href":"https:\/\/renier.be\/de\/wp-json\/wp\/v2\/product_tag?post=3100"}],"curies":[{"name":"wp","href":"https:\/\/api.w.org\/{rel}","templated":true}]}}