{"id":3299,"date":"2025-01-22T14:32:56","date_gmt":"2025-01-22T13:32:56","guid":{"rendered":"https:\/\/renier.be\/?post_type=product&#038;p=3299"},"modified":"2026-03-12T11:45:36","modified_gmt":"2026-03-12T10:45:36","slug":"indisch-schwarz-poly-2","status":"publish","type":"product","link":"https:\/\/renier.be\/de\/product\/indian-black-poly-2\/","title":{"rendered":"Indian Black Poly"},"content":{"rendered":"<p>Als Spezialisten bieten wir eine breite Palette von Oberfl\u00e4chen an, die ganz auf den Stil und das gew\u00fcnschte Aussehen Ihres Hauses zugeschnitten sind.<\/p>\n<p>Wir bieten eine Auswahl an Zwischenschwellen in:<\/p>\n<ul>\n<li><strong>ein indisches Schwarz mit einer gl\u00e4nzenden Oberfl\u00e4che (aktuelle Auswahl). Dieses Poly-Finish bietet ein gl\u00e4nzendes, luxuri\u00f6ses Aussehen, ist kratzfest, langlebig und pflegeleicht, perfekt f\u00fcr moderne Innenr\u00e4ume.\u00a0<\/strong><\/li>\n<li>Ein schwarzer indischer Granit, der aus Indien stammt. Er hat ein sch\u00f6nes, tiefschwarzes, glattes Aussehen. Er ist sehr langlebig, strapazierf\u00e4hig und widerstandsf\u00e4hig gegen Hitze und Feuchtigkeit.<\/li>\n<li>Pietra Serena ist ein italienischer Sandstein. Er hat ein elegantes graues Aussehen, ist langlebig und hitzebest\u00e4ndig und passt perfekt in moderne und klassische Innenr\u00e4ume.<\/li>\n<li>ein einzigartiger Vinalmont-Kalkstein aus unseren eigenen Steinbr\u00fcchen in der N\u00e4he von L\u00fcttich. Er ist besonders langlebig, pflegeleicht und feuchtigkeitsbest\u00e4ndig und eignet sich daher perfekt f\u00fcr Fensterfliesen.<\/li>\n<li>ein satinierter belgischer Blaustein aus unserem eigenen Steinbruch. Er ist langlebig, kratzfest, pflegeleicht und verleiht jedem Interieur ein zeitloses, elegantes Aussehen<\/li>\n<li>ein beiger Moca Creme Kalkstein aus Portugal. Er hat ein warmes, beigefarbenes Aussehen, ist langlebig und pflegeleicht und passt sowohl in moderne als auch in klassische Innenr\u00e4ume<\/li>\n<li>Ein Carrara-Marmor, der mit seinem wei\u00dfen Hintergrund und den subtilen grauen Adern ein luxuri\u00f6ses, zeitloses Aussehen hat. Dieser Marmor ist nicht nur \u00e4sthetisch beeindruckend, sondern auch langlebig und hitzebest\u00e4ndig, was ihn perfekt f\u00fcr Fensterfliesen macht<\/li>\n<\/ul>\n<p>An den 2 langen Seiten mit gebrochener Spitze versehen.<\/p>\n<p>Dicken von 2cm bis 3cm. Andere Dicken sind nat\u00fcrlich auf Anfrage m\u00f6glich. Z\u00f6gern Sie nicht, uns diesbez\u00fcglich zu kontaktieren.<\/p>\n<p>Volle Flexibilit\u00e4t bei den Abmessungen. Die L\u00e4nge ist auf 120 cm begrenzt, aber l\u00e4nger ist auf Anfrage nat\u00fcrlich m\u00f6glich.<\/p>\n<p>&nbsp;<\/p>\n<p><img decoding=\"async\" class=\"alignnone size-medium wp-image-1305\" src=\"https:\/\/renier.be\/wp-content\/uploads\/2024\/06\/Renier-logo-met-belgische-vlag-300x99.jpg\" alt=\"\" width=\"300\" height=\"99\" srcset=\"https:\/\/renier.be\/wp-content\/uploads\/2024\/06\/Renier-logo-met-belgische-vlag-300x99.jpg 300w, https:\/\/renier.be\/wp-content\/uploads\/2024\/06\/Renier-logo-met-belgische-vlag-1024x337.jpg 1024w, https:\/\/renier.be\/wp-content\/uploads\/2024\/06\/Renier-logo-met-belgische-vlag-768x253.jpg 768w, https:\/\/renier.be\/wp-content\/uploads\/2024\/06\/Renier-logo-met-belgische-vlag-600x197.jpg 600w, https:\/\/renier.be\/wp-content\/uploads\/2024\/06\/Renier-logo-met-belgische-vlag.jpg 1067w\" sizes=\"(max-width: 300px) 100vw, 300px\" \/><\/p>","protected":false},"excerpt":{"rendered":"<p>Zwischenschwellen in der Ausf\u00fchrung Granit Indisch Schwarz Poly. Dieses Material ist besonders langlebig, pflegeleicht und feuchtigkeitsbest\u00e4ndig und eignet sich daher perfekt f\u00fcr Fensterb\u00e4nke. Lange Seiten mit einer gebrochenen Kante versehen<\/p>\n<p>W\u00e4hlen Sie unten die gew\u00fcnschte Dicke, L\u00e4nge und Breite. Der Preis pro St\u00fcck und pro m\u00b2 wird automatisch berechnet.<\/p>\n<p>Klicken Sie dann auf \"In den Warenkorb\" und schlie\u00dfen Sie Ihre Bestellung ab. Die Lieferzeit betr\u00e4gt 2 bis 3 Wochen.<\/p>\n<p>&nbsp;<\/p>","protected":false},"featured_media":2952,"template":"","meta":{"_acf_changed":false},"product_brand":[],"product_cat":[22,88],"product_tag":[],"class_list":{"0":"post-3299","1":"product","2":"type-product","3":"status-publish","4":"has-post-thumbnail","6":"product_cat-interieur","7":"product_cat-tussendorpel","9":"first","10":"onbackorder","11":"taxable","12":"shipping-taxable","13":"purchasable","14":"product-type-simple"},"acf":[],"yoast_head":"<!-- This site is optimized with the Yoast SEO plugin v27.3 - https:\/\/yoast.com\/product\/yoast-seo-wordpress\/ -->\n<title>Indian Black poly - Renier Natuursteen<\/title>\n<meta name=\"robots\" content=\"index, follow, max-snippet:-1, max-image-preview:large, max-video-preview:-1\" \/>\n<link rel=\"canonical\" href=\"https:\/\/renier.be\/de\/produkt\/indisch-schwarz-poly-2\/\" \/>\n<meta property=\"og:locale\" content=\"de_DE\" \/>\n<meta property=\"og:type\" content=\"article\" \/>\n<meta property=\"og:title\" content=\"Indian Black poly - Renier Natuursteen\" \/>\n<meta property=\"og:description\" content=\"Tussendorpel in een Indian Black graniet afwerking poly. Deze is bijzonder duurzaam, onderhoudsvriendelijk en bestand tegen vocht, wat het perfect maakt voor venstertabletten. Lange zijden afgewerkt met een gebroken kantje  Kies hieronder de gewenste dikte, lengte en breedte. De prijs per stuk en per m\u00b2 wordt automatisch berekend.  Klik daarna op toevoegen in de winkelwagen en vervolledig je bestelling. Levertijd 2 \u00e0 3 weken.  &nbsp;\" \/>\n<meta property=\"og:url\" content=\"https:\/\/renier.be\/de\/produkt\/indisch-schwarz-poly-2\/\" \/>\n<meta property=\"og:site_name\" content=\"Renier Natuursteen\" \/>\n<meta property=\"article:publisher\" content=\"https:\/\/www.facebook.com\/reniernatuursteen\" \/>\n<meta property=\"article:modified_time\" content=\"2026-03-12T10:45:36+00:00\" \/>\n<meta property=\"og:image\" content=\"https:\/\/renier.be\/wp-content\/uploads\/2024\/09\/TAB-INB-POL-scaled.jpg\" \/>\n\t<meta property=\"og:image:width\" content=\"2560\" \/>\n\t<meta property=\"og:image:height\" content=\"1707\" \/>\n\t<meta property=\"og:image:type\" content=\"image\/jpeg\" \/>\n<meta name=\"twitter:card\" content=\"summary_large_image\" \/>\n<meta name=\"twitter:label1\" content=\"Gesch\u00e4tzte Lesezeit\" \/>\n\t<meta name=\"twitter:data1\" content=\"2\u00a0Minuten\" \/>\n<script type=\"application\/ld+json\" class=\"yoast-schema-graph\">{\"@context\":\"https:\\\/\\\/schema.org\",\"@graph\":[{\"@type\":\"WebPage\",\"@id\":\"https:\\\/\\\/renier.be\\\/product\\\/indian-black-poly-2\\\/\",\"url\":\"https:\\\/\\\/renier.be\\\/product\\\/indian-black-poly-2\\\/\",\"name\":\"Indian Black poly - Renier Natuursteen\",\"isPartOf\":{\"@id\":\"https:\\\/\\\/renier.be\\\/#website\"},\"primaryImageOfPage\":{\"@id\":\"https:\\\/\\\/renier.be\\\/product\\\/indian-black-poly-2\\\/#primaryimage\"},\"image\":{\"@id\":\"https:\\\/\\\/renier.be\\\/product\\\/indian-black-poly-2\\\/#primaryimage\"},\"thumbnailUrl\":\"https:\\\/\\\/renier.be\\\/wp-content\\\/uploads\\\/2024\\\/09\\\/TAB-INB-POL-scaled.jpg\",\"datePublished\":\"2025-01-22T13:32:56+00:00\",\"dateModified\":\"2026-03-12T10:45:36+00:00\",\"breadcrumb\":{\"@id\":\"https:\\\/\\\/renier.be\\\/product\\\/indian-black-poly-2\\\/#breadcrumb\"},\"inLanguage\":\"de\",\"potentialAction\":[{\"@type\":\"ReadAction\",\"target\":[\"https:\\\/\\\/renier.be\\\/product\\\/indian-black-poly-2\\\/\"]}]},{\"@type\":\"ImageObject\",\"inLanguage\":\"de\",\"@id\":\"https:\\\/\\\/renier.be\\\/product\\\/indian-black-poly-2\\\/#primaryimage\",\"url\":\"https:\\\/\\\/renier.be\\\/wp-content\\\/uploads\\\/2024\\\/09\\\/TAB-INB-POL-scaled.jpg\",\"contentUrl\":\"https:\\\/\\\/renier.be\\\/wp-content\\\/uploads\\\/2024\\\/09\\\/TAB-INB-POL-scaled.jpg\",\"width\":2560,\"height\":1707},{\"@type\":\"BreadcrumbList\",\"@id\":\"https:\\\/\\\/renier.be\\\/product\\\/indian-black-poly-2\\\/#breadcrumb\",\"itemListElement\":[{\"@type\":\"ListItem\",\"position\":1,\"name\":\"Home\",\"item\":\"https:\\\/\\\/renier.be\\\/\"},{\"@type\":\"ListItem\",\"position\":2,\"name\":\"Producten\",\"item\":\"https:\\\/\\\/renier.be\\\/producten\\\/\"},{\"@type\":\"ListItem\",\"position\":3,\"name\":\"Indian Black poly\"}]},{\"@type\":\"WebSite\",\"@id\":\"https:\\\/\\\/renier.be\\\/#website\",\"url\":\"https:\\\/\\\/renier.be\\\/\",\"name\":\"Renier Natuursteen\",\"description\":\"Specialist in Belgisch Blauwe Hardsteen\",\"publisher\":{\"@id\":\"https:\\\/\\\/renier.be\\\/#organization\"},\"potentialAction\":[{\"@type\":\"SearchAction\",\"target\":{\"@type\":\"EntryPoint\",\"urlTemplate\":\"https:\\\/\\\/renier.be\\\/?s={search_term_string}\"},\"query-input\":{\"@type\":\"PropertyValueSpecification\",\"valueRequired\":true,\"valueName\":\"search_term_string\"}}],\"inLanguage\":\"de\"},{\"@type\":\"Organization\",\"@id\":\"https:\\\/\\\/renier.be\\\/#organization\",\"name\":\"Renier Natuursteen\",\"url\":\"https:\\\/\\\/renier.be\\\/\",\"logo\":{\"@type\":\"ImageObject\",\"inLanguage\":\"de\",\"@id\":\"https:\\\/\\\/renier.be\\\/#\\\/schema\\\/logo\\\/image\\\/\",\"url\":\"\",\"contentUrl\":\"\",\"caption\":\"Renier Natuursteen\"},\"image\":{\"@id\":\"https:\\\/\\\/renier.be\\\/#\\\/schema\\\/logo\\\/image\\\/\"},\"sameAs\":[\"https:\\\/\\\/www.facebook.com\\\/reniernatuursteen\"]}]}<\/script>\n<!-- \/ Yoast SEO plugin. -->","yoast_head_json":{"title":"Indian Black poly - Renier Naturstein","robots":{"index":"index","follow":"follow","max-snippet":"max-snippet:-1","max-image-preview":"max-image-preview:large","max-video-preview":"max-video-preview:-1"},"canonical":"https:\/\/renier.be\/de\/produkt\/indisch-schwarz-poly-2\/","og_locale":"de_DE","og_type":"article","og_title":"Indian Black poly - Renier Natuursteen","og_description":"Tussendorpel in een Indian Black graniet afwerking poly. Deze is bijzonder duurzaam, onderhoudsvriendelijk en bestand tegen vocht, wat het perfect maakt voor venstertabletten. Lange zijden afgewerkt met een gebroken kantje  Kies hieronder de gewenste dikte, lengte en breedte. De prijs per stuk en per m\u00b2 wordt automatisch berekend.  Klik daarna op toevoegen in de winkelwagen en vervolledig je bestelling. Levertijd 2 \u00e0 3 weken.  &nbsp;","og_url":"https:\/\/renier.be\/de\/produkt\/indisch-schwarz-poly-2\/","og_site_name":"Renier Natuursteen","article_publisher":"https:\/\/www.facebook.com\/reniernatuursteen","article_modified_time":"2026-03-12T10:45:36+00:00","og_image":[{"width":2560,"height":1707,"url":"https:\/\/renier.be\/wp-content\/uploads\/2024\/09\/TAB-INB-POL-scaled.jpg","type":"image\/jpeg"}],"twitter_card":"summary_large_image","twitter_misc":{"Gesch\u00e4tzte Lesezeit":"2\u00a0Minuten"},"schema":{"@context":"https:\/\/schema.org","@graph":[{"@type":"WebPage","@id":"https:\/\/renier.be\/product\/indian-black-poly-2\/","url":"https:\/\/renier.be\/product\/indian-black-poly-2\/","name":"Indian Black poly - Renier Naturstein","isPartOf":{"@id":"https:\/\/renier.be\/#website"},"primaryImageOfPage":{"@id":"https:\/\/renier.be\/product\/indian-black-poly-2\/#primaryimage"},"image":{"@id":"https:\/\/renier.be\/product\/indian-black-poly-2\/#primaryimage"},"thumbnailUrl":"https:\/\/renier.be\/wp-content\/uploads\/2024\/09\/TAB-INB-POL-scaled.jpg","datePublished":"2025-01-22T13:32:56+00:00","dateModified":"2026-03-12T10:45:36+00:00","breadcrumb":{"@id":"https:\/\/renier.be\/product\/indian-black-poly-2\/#breadcrumb"},"inLanguage":"de","potentialAction":[{"@type":"ReadAction","target":["https:\/\/renier.be\/product\/indian-black-poly-2\/"]}]},{"@type":"ImageObject","inLanguage":"de","@id":"https:\/\/renier.be\/product\/indian-black-poly-2\/#primaryimage","url":"https:\/\/renier.be\/wp-content\/uploads\/2024\/09\/TAB-INB-POL-scaled.jpg","contentUrl":"https:\/\/renier.be\/wp-content\/uploads\/2024\/09\/TAB-INB-POL-scaled.jpg","width":2560,"height":1707},{"@type":"BreadcrumbList","@id":"https:\/\/renier.be\/product\/indian-black-poly-2\/#breadcrumb","itemListElement":[{"@type":"ListItem","position":1,"name":"Home","item":"https:\/\/renier.be\/"},{"@type":"ListItem","position":2,"name":"Producten","item":"https:\/\/renier.be\/producten\/"},{"@type":"ListItem","position":3,"name":"Indian Black poly"}]},{"@type":"WebSite","@id":"https:\/\/renier.be\/#website","url":"https:\/\/renier.be\/","name":"Renier Naturstein","description":"Spezialist f\u00fcr belgischen Blaustein","publisher":{"@id":"https:\/\/renier.be\/#organization"},"potentialAction":[{"@type":"SearchAction","target":{"@type":"EntryPoint","urlTemplate":"https:\/\/renier.be\/?s={search_term_string}"},"query-input":{"@type":"PropertyValueSpecification","valueRequired":true,"valueName":"search_term_string"}}],"inLanguage":"de"},{"@type":"Organization","@id":"https:\/\/renier.be\/#organization","name":"Renier Naturstein","url":"https:\/\/renier.be\/","logo":{"@type":"ImageObject","inLanguage":"de","@id":"https:\/\/renier.be\/#\/schema\/logo\/image\/","url":"","contentUrl":"","caption":"Renier Natuursteen"},"image":{"@id":"https:\/\/renier.be\/#\/schema\/logo\/image\/"},"sameAs":["https:\/\/www.facebook.com\/reniernatuursteen"]}]}},"_links":{"self":[{"href":"https:\/\/renier.be\/de\/wp-json\/wp\/v2\/product\/3299","targetHints":{"allow":["GET"]}}],"collection":[{"href":"https:\/\/renier.be\/de\/wp-json\/wp\/v2\/product"}],"about":[{"href":"https:\/\/renier.be\/de\/wp-json\/wp\/v2\/types\/product"}],"wp:featuredmedia":[{"embeddable":true,"href":"https:\/\/renier.be\/de\/wp-json\/wp\/v2\/media\/2952"}],"wp:attachment":[{"href":"https:\/\/renier.be\/de\/wp-json\/wp\/v2\/media?parent=3299"}],"wp:term":[{"taxonomy":"product_brand","embeddable":true,"href":"https:\/\/renier.be\/de\/wp-json\/wp\/v2\/product_brand?post=3299"},{"taxonomy":"product_cat","embeddable":true,"href":"https:\/\/renier.be\/de\/wp-json\/wp\/v2\/product_cat?post=3299"},{"taxonomy":"product_tag","embeddable":true,"href":"https:\/\/renier.be\/de\/wp-json\/wp\/v2\/product_tag?post=3299"}],"curies":[{"name":"wp","href":"https:\/\/api.w.org\/{rel}","templated":true}]}}