{"id":4302,"date":"2025-08-25T16:34:17","date_gmt":"2025-08-25T14:34:17","guid":{"rendered":"https:\/\/renier.be\/?post_type=product&#038;p=4302"},"modified":"2026-03-27T13:01:50","modified_gmt":"2026-03-27T12:01:50","slug":"levelit-klammern-3mm","status":"publish","type":"product","link":"https:\/\/renier.be\/de\/product\/levelit-clips-3mm\/","title":{"rendered":"Levelit-Klammern 3mm"},"content":{"rendered":"<p>Rechentabelle, Anzahl der ben\u00f6tigten Clips pro m\u00b2:<\/p>\n<p><img fetchpriority=\"high\" decoding=\"async\" class=\"alignnone wp-image-4301 size-full\" src=\"https:\/\/renier.be\/wp-content\/uploads\/2025\/08\/Rekentabel-nl.jpg\" alt=\"\" width=\"877\" height=\"910\" srcset=\"https:\/\/renier.be\/wp-content\/uploads\/2025\/08\/Rekentabel-nl.jpg 877w, https:\/\/renier.be\/wp-content\/uploads\/2025\/08\/Rekentabel-nl-289x300.jpg 289w, https:\/\/renier.be\/wp-content\/uploads\/2025\/08\/Rekentabel-nl-768x797.jpg 768w, https:\/\/renier.be\/wp-content\/uploads\/2025\/08\/Rekentabel-nl-12x12.jpg 12w, https:\/\/renier.be\/wp-content\/uploads\/2025\/08\/Rekentabel-nl-600x623.jpg 600w\" sizes=\"(max-width: 877px) 100vw, 877px\" \/><\/p>\n<p>&nbsp;<\/p>\n<p>&nbsp;<\/p>","protected":false},"excerpt":{"rendered":"<p style=\"text-align: left;\">Levelit 3 mm Klammern garantieren eine feste und gleichm\u00e4\u00dfige 2 mm Fuge, ideal f\u00fcr ein professionelles Verlegeergebnis. In Kombination mit den Levelit-Keilen und -Zangen vermeiden Sie H\u00f6henunterschiede und erzielen m\u00fchelos eine perfekt ebene Fliesenfl\u00e4che.<\/p>\n<p style=\"text-align: left;\">Diese Clips sind in verschiedenen Verpackungen erh\u00e4ltlich - treffen Sie Ihre Wahl und legen Sie sie einfach in den Einkaufskorb.<\/p>\n<p style=\"text-align: left;\">Versandkosten BE 14,95\u20ac inkl. MwSt. <strong>Kostenlose Lieferung ab 100 \u20ac<\/strong>.<\/p>","protected":false},"featured_media":4275,"template":"","meta":{"_acf_changed":false},"product_brand":[],"product_cat":[109,108],"product_tag":[106],"class_list":{"0":"post-4302","1":"product","2":"type-product","3":"status-publish","4":"has-post-thumbnail","6":"product_cat-levelit","7":"product_cat-plaatsing","8":"product_tag-gmc","9":"product_shipping_class-afhaling","11":"first","12":"instock","13":"taxable","14":"shipping-taxable","15":"purchasable","16":"product-type-variable"},"acf":[],"yoast_head":"<!-- This site is optimized with the Yoast SEO plugin v27.3 - https:\/\/yoast.com\/product\/yoast-seo-wordpress\/ -->\n<title>Levelit Clips 3mm - Renier Natuursteen<\/title>\n<meta name=\"robots\" content=\"index, follow, max-snippet:-1, max-image-preview:large, max-video-preview:-1\" \/>\n<link rel=\"canonical\" href=\"https:\/\/renier.be\/de\/produkt\/levelit-klammern-3mm\/\" \/>\n<meta property=\"og:locale\" content=\"de_DE\" \/>\n<meta property=\"og:type\" content=\"article\" \/>\n<meta property=\"og:title\" content=\"Levelit Clips 3mm - Renier Natuursteen\" \/>\n<meta property=\"og:description\" content=\"Levelit 3 mm clips garanderen een strakke en egale voeg van 2 mm, ideaal voor een professioneel plaatsingsresultaat. In combinatie met de Levelit spie\u00ebn en tang voorkomt u hoogteverschillen en krijgt u moeiteloos een perfect vlak tegeloppervlak. Deze clips zijn beschikbaar in verschillende verpakkingen \u2013 maak uw keuze en plaats eenvoudig in het winkelmandje. Verzendkost BE 14,95\u20ac incl BTW. Gratis levering vanaf \u20ac100.\" \/>\n<meta property=\"og:url\" content=\"https:\/\/renier.be\/de\/produkt\/levelit-klammern-3mm\/\" \/>\n<meta property=\"og:site_name\" content=\"Renier Natuursteen\" \/>\n<meta property=\"article:publisher\" content=\"https:\/\/www.facebook.com\/reniernatuursteen\" \/>\n<meta property=\"article:modified_time\" content=\"2026-03-27T12:01:50+00:00\" \/>\n<meta property=\"og:image\" content=\"https:\/\/renier.be\/wp-content\/uploads\/2025\/08\/HANLEV2503L.png\" \/>\n\t<meta property=\"og:image:width\" content=\"2280\" \/>\n\t<meta property=\"og:image:height\" content=\"2280\" \/>\n\t<meta property=\"og:image:type\" content=\"image\/png\" \/>\n<meta name=\"twitter:card\" content=\"summary_large_image\" \/>\n<meta name=\"twitter:label1\" content=\"Gesch\u00e4tzte Lesezeit\" \/>\n\t<meta name=\"twitter:data1\" content=\"1\u00a0Minute\" \/>\n<script type=\"application\/ld+json\" class=\"yoast-schema-graph\">{\"@context\":\"https:\\\/\\\/schema.org\",\"@graph\":[{\"@type\":\"WebPage\",\"@id\":\"https:\\\/\\\/renier.be\\\/product\\\/levelit-clips-3mm\\\/\",\"url\":\"https:\\\/\\\/renier.be\\\/product\\\/levelit-clips-3mm\\\/\",\"name\":\"Levelit Clips 3mm - Renier Natuursteen\",\"isPartOf\":{\"@id\":\"https:\\\/\\\/renier.be\\\/#website\"},\"primaryImageOfPage\":{\"@id\":\"https:\\\/\\\/renier.be\\\/product\\\/levelit-clips-3mm\\\/#primaryimage\"},\"image\":{\"@id\":\"https:\\\/\\\/renier.be\\\/product\\\/levelit-clips-3mm\\\/#primaryimage\"},\"thumbnailUrl\":\"https:\\\/\\\/renier.be\\\/wp-content\\\/uploads\\\/2025\\\/08\\\/HANLEV2503L.png\",\"datePublished\":\"2025-08-25T14:34:17+00:00\",\"dateModified\":\"2026-03-27T12:01:50+00:00\",\"breadcrumb\":{\"@id\":\"https:\\\/\\\/renier.be\\\/product\\\/levelit-clips-3mm\\\/#breadcrumb\"},\"inLanguage\":\"de\",\"potentialAction\":[{\"@type\":\"ReadAction\",\"target\":[\"https:\\\/\\\/renier.be\\\/product\\\/levelit-clips-3mm\\\/\"]}]},{\"@type\":\"ImageObject\",\"inLanguage\":\"de\",\"@id\":\"https:\\\/\\\/renier.be\\\/product\\\/levelit-clips-3mm\\\/#primaryimage\",\"url\":\"https:\\\/\\\/renier.be\\\/wp-content\\\/uploads\\\/2025\\\/08\\\/HANLEV2503L.png\",\"contentUrl\":\"https:\\\/\\\/renier.be\\\/wp-content\\\/uploads\\\/2025\\\/08\\\/HANLEV2503L.png\",\"width\":2280,\"height\":2280},{\"@type\":\"BreadcrumbList\",\"@id\":\"https:\\\/\\\/renier.be\\\/product\\\/levelit-clips-3mm\\\/#breadcrumb\",\"itemListElement\":[{\"@type\":\"ListItem\",\"position\":1,\"name\":\"Home\",\"item\":\"https:\\\/\\\/renier.be\\\/\"},{\"@type\":\"ListItem\",\"position\":2,\"name\":\"Producten\",\"item\":\"https:\\\/\\\/renier.be\\\/producten\\\/\"},{\"@type\":\"ListItem\",\"position\":3,\"name\":\"Levelit Clips 3mm\"}]},{\"@type\":\"WebSite\",\"@id\":\"https:\\\/\\\/renier.be\\\/#website\",\"url\":\"https:\\\/\\\/renier.be\\\/\",\"name\":\"Renier Natuursteen\",\"description\":\"Specialist in Belgisch Blauwe Hardsteen\",\"publisher\":{\"@id\":\"https:\\\/\\\/renier.be\\\/#organization\"},\"potentialAction\":[{\"@type\":\"SearchAction\",\"target\":{\"@type\":\"EntryPoint\",\"urlTemplate\":\"https:\\\/\\\/renier.be\\\/?s={search_term_string}\"},\"query-input\":{\"@type\":\"PropertyValueSpecification\",\"valueRequired\":true,\"valueName\":\"search_term_string\"}}],\"inLanguage\":\"de\"},{\"@type\":\"Organization\",\"@id\":\"https:\\\/\\\/renier.be\\\/#organization\",\"name\":\"Renier Natuursteen\",\"url\":\"https:\\\/\\\/renier.be\\\/\",\"logo\":{\"@type\":\"ImageObject\",\"inLanguage\":\"de\",\"@id\":\"https:\\\/\\\/renier.be\\\/#\\\/schema\\\/logo\\\/image\\\/\",\"url\":\"\",\"contentUrl\":\"\",\"caption\":\"Renier Natuursteen\"},\"image\":{\"@id\":\"https:\\\/\\\/renier.be\\\/#\\\/schema\\\/logo\\\/image\\\/\"},\"sameAs\":[\"https:\\\/\\\/www.facebook.com\\\/reniernatuursteen\"]}]}<\/script>\n<!-- \/ Yoast SEO plugin. -->","yoast_head_json":{"title":"Levelit Klammern 3mm - Renier Naturstein","robots":{"index":"index","follow":"follow","max-snippet":"max-snippet:-1","max-image-preview":"max-image-preview:large","max-video-preview":"max-video-preview:-1"},"canonical":"https:\/\/renier.be\/de\/produkt\/levelit-klammern-3mm\/","og_locale":"de_DE","og_type":"article","og_title":"Levelit Clips 3mm - Renier Natuursteen","og_description":"Levelit 3 mm clips garanderen een strakke en egale voeg van 2 mm, ideaal voor een professioneel plaatsingsresultaat. In combinatie met de Levelit spie\u00ebn en tang voorkomt u hoogteverschillen en krijgt u moeiteloos een perfect vlak tegeloppervlak. Deze clips zijn beschikbaar in verschillende verpakkingen \u2013 maak uw keuze en plaats eenvoudig in het winkelmandje. Verzendkost BE 14,95\u20ac incl BTW. Gratis levering vanaf \u20ac100.","og_url":"https:\/\/renier.be\/de\/produkt\/levelit-klammern-3mm\/","og_site_name":"Renier Natuursteen","article_publisher":"https:\/\/www.facebook.com\/reniernatuursteen","article_modified_time":"2026-03-27T12:01:50+00:00","og_image":[{"width":2280,"height":2280,"url":"https:\/\/renier.be\/wp-content\/uploads\/2025\/08\/HANLEV2503L.png","type":"image\/png"}],"twitter_card":"summary_large_image","twitter_misc":{"Gesch\u00e4tzte Lesezeit":"1\u00a0Minute"},"schema":{"@context":"https:\/\/schema.org","@graph":[{"@type":"WebPage","@id":"https:\/\/renier.be\/product\/levelit-clips-3mm\/","url":"https:\/\/renier.be\/product\/levelit-clips-3mm\/","name":"Levelit Klammern 3mm - Renier Naturstein","isPartOf":{"@id":"https:\/\/renier.be\/#website"},"primaryImageOfPage":{"@id":"https:\/\/renier.be\/product\/levelit-clips-3mm\/#primaryimage"},"image":{"@id":"https:\/\/renier.be\/product\/levelit-clips-3mm\/#primaryimage"},"thumbnailUrl":"https:\/\/renier.be\/wp-content\/uploads\/2025\/08\/HANLEV2503L.png","datePublished":"2025-08-25T14:34:17+00:00","dateModified":"2026-03-27T12:01:50+00:00","breadcrumb":{"@id":"https:\/\/renier.be\/product\/levelit-clips-3mm\/#breadcrumb"},"inLanguage":"de","potentialAction":[{"@type":"ReadAction","target":["https:\/\/renier.be\/product\/levelit-clips-3mm\/"]}]},{"@type":"ImageObject","inLanguage":"de","@id":"https:\/\/renier.be\/product\/levelit-clips-3mm\/#primaryimage","url":"https:\/\/renier.be\/wp-content\/uploads\/2025\/08\/HANLEV2503L.png","contentUrl":"https:\/\/renier.be\/wp-content\/uploads\/2025\/08\/HANLEV2503L.png","width":2280,"height":2280},{"@type":"BreadcrumbList","@id":"https:\/\/renier.be\/product\/levelit-clips-3mm\/#breadcrumb","itemListElement":[{"@type":"ListItem","position":1,"name":"Home","item":"https:\/\/renier.be\/"},{"@type":"ListItem","position":2,"name":"Producten","item":"https:\/\/renier.be\/producten\/"},{"@type":"ListItem","position":3,"name":"Levelit Clips 3mm"}]},{"@type":"WebSite","@id":"https:\/\/renier.be\/#website","url":"https:\/\/renier.be\/","name":"Renier Naturstein","description":"Spezialist f\u00fcr belgischen Blaustein","publisher":{"@id":"https:\/\/renier.be\/#organization"},"potentialAction":[{"@type":"SearchAction","target":{"@type":"EntryPoint","urlTemplate":"https:\/\/renier.be\/?s={search_term_string}"},"query-input":{"@type":"PropertyValueSpecification","valueRequired":true,"valueName":"search_term_string"}}],"inLanguage":"de"},{"@type":"Organization","@id":"https:\/\/renier.be\/#organization","name":"Renier Naturstein","url":"https:\/\/renier.be\/","logo":{"@type":"ImageObject","inLanguage":"de","@id":"https:\/\/renier.be\/#\/schema\/logo\/image\/","url":"","contentUrl":"","caption":"Renier Natuursteen"},"image":{"@id":"https:\/\/renier.be\/#\/schema\/logo\/image\/"},"sameAs":["https:\/\/www.facebook.com\/reniernatuursteen"]}]}},"_links":{"self":[{"href":"https:\/\/renier.be\/de\/wp-json\/wp\/v2\/product\/4302","targetHints":{"allow":["GET"]}}],"collection":[{"href":"https:\/\/renier.be\/de\/wp-json\/wp\/v2\/product"}],"about":[{"href":"https:\/\/renier.be\/de\/wp-json\/wp\/v2\/types\/product"}],"wp:featuredmedia":[{"embeddable":true,"href":"https:\/\/renier.be\/de\/wp-json\/wp\/v2\/media\/4275"}],"wp:attachment":[{"href":"https:\/\/renier.be\/de\/wp-json\/wp\/v2\/media?parent=4302"}],"wp:term":[{"taxonomy":"product_brand","embeddable":true,"href":"https:\/\/renier.be\/de\/wp-json\/wp\/v2\/product_brand?post=4302"},{"taxonomy":"product_cat","embeddable":true,"href":"https:\/\/renier.be\/de\/wp-json\/wp\/v2\/product_cat?post=4302"},{"taxonomy":"product_tag","embeddable":true,"href":"https:\/\/renier.be\/de\/wp-json\/wp\/v2\/product_tag?post=4302"}],"curies":[{"name":"wp","href":"https:\/\/api.w.org\/{rel}","templated":true}]}}