{"id":1205,"date":"2024-08-13T11:17:04","date_gmt":"2024-08-13T09:17:04","guid":{"rendered":"https:\/\/renier.be\/?page_id=1205"},"modified":"2024-08-20T17:13:49","modified_gmt":"2024-08-20T15:13:49","slug":"vinalmont-fr","status":"publish","type":"page","link":"https:\/\/renier.be\/en\/vinalmont-fr\/","title":{"rendered":"Technical Specifications Material Vinalmont FR"},"content":{"rendered":"<div data-elementor-type=\"wp-page\" data-elementor-id=\"1205\" class=\"elementor elementor-1205\" data-elementor-post-type=\"page\">\n\t\t\t\t<div class=\"elementor-element elementor-element-88d9410 e-flex e-con-boxed e-con e-parent\" data-id=\"88d9410\" data-element_type=\"container\" data-e-type=\"container\">\n\t\t\t\t\t<div class=\"e-con-inner\">\n\t\t<div class=\"elementor-element elementor-element-00ff55e e-con-full e-flex e-con e-child\" data-id=\"00ff55e\" data-element_type=\"container\" data-e-type=\"container\">\n\t\t<div class=\"elementor-element elementor-element-2aa7b9f e-con-full e-flex e-con e-child\" data-id=\"2aa7b9f\" data-element_type=\"container\" data-e-type=\"container\" data-settings=\"{&quot;position&quot;:&quot;absolute&quot;}\">\n\t\t\t\t<div class=\"elementor-element elementor-element-b838a02 elementor-widget elementor-widget-heading\" data-id=\"b838a02\" data-element_type=\"widget\" data-e-type=\"widget\" data-widget_type=\"heading.default\">\n\t\t\t\t\t<h2 class=\"elementor-heading-title elementor-size-default\">Maas limestone of Vinalmont<\/h2>\t\t\t\t<\/div>\n\t\t\t\t<\/div>\n\t\t\t\t<div class=\"elementor-element elementor-element-84eeb22 elementor-widget__width-initial elementor-widget elementor-widget-text-editor\" data-id=\"84eeb22\" data-element_type=\"widget\" data-e-type=\"widget\" data-widget_type=\"text-editor.default\">\n\t\t\t\t\t\t\t\t\t<h2>\u00a0<\/h2><h2>1 G\u00e9ographie \/ G\u00e9ologie<\/h2><p><strong>\u00a0<\/strong>La S.A. Calcaire de Vinalmont exploite \u00e0 Vinalmont une pierre bleue dite et commercialis\u00e9e sous l'appellation \"PIERRE CALCAIRE DE MEUSE - PIERRE DE VINALMONT\". La carri\u00e8re est situ\u00e9e \u00e0 Vinalmont, dans la vall\u00e9e d\u00e9nomm\u00e9e Fonds du Roua, \u00e0 l'ouest du centre de Vinalmont, dans le flanc nord du Synclinorium de Namur. Coordonn\u00e9es Lambert: N 50\u00b0 34' 6'' E 5\u00b0 12' 10''.<\/p><p>Le mat\u00e9riau est utilis\u00e9 comme pierre de construction et roche ornementale. Dans la carri\u00e8re on exploite une roche calcaire, compact \u00e0 grain fin, non poreuse, de teinte gris clair \u00e0 gris-beige en face sci\u00e9e et de teinte gris fonc\u00e9 en cassure fraiche. La pierre prend une patine gris clair sp\u00e9cifique \u00e0 ce mat\u00e9riau. Les couches exploit\u00e9es se situent en bordure nord du Bassin de Namur, \u00e0 l'est de la M\u00e9haigne, et constituent la Formation de Neffe d'\u00e2ge Moliniacien sup\u00e9rieur, s\u00e9rie vis\u00e9enne (V2a)-Mississippien, Carbonif\u00e8re inf\u00e9rieur.<\/p><p>La roche est massive et d\u00e9coup\u00e9e par trois r\u00e9seaux de diaclases, presque perpendiculairement aux lits. L'exploitation se fait \u00e0 ciel ouvert; les bancs ont une direction d'environ N72\u00b0-81\u00b0E et une inclinaison de 5\u00b0 -10\u00b0S.<\/p><p>La puissance totale d'un seul tenant est d'environ 38 m. L'agr\u00e9ment concerne les parties de qualit\u00e9 comparable de la carri\u00e8re, c'est-\u00e0- dire l'ensemble du banc homog\u00e8ne massif de 30 m d'\u00e9paisseur de couleur gris clair qui sont clairement identifi\u00e9s sur la coupe (cf. p. 5 annexe 1, coupe g\u00e9ologique), contenant peu de stylolithes. Ces stylolithes fortement indent\u00e9s (forme d'\u00e9lectrocardiogramme) sont particuliers \u00e0 la pierre de Vinalmont. Lorsqu'ils sont ferm\u00e9s, soud\u00e9s, ils permettent le d\u00e9bitage des blocs \u00e0 contre-passe ou \u00e0 passe.<\/p><p>Les lim\u00e9s, lorsqu'ils sont mal soud\u00e9s et tr\u00e8s fins (inf\u00e9rieurs \u00e0 0,1 mm) sont \u00e0 exclure car ils constituent des endroits pr\u00e9f\u00e9rentiels de rupture de la roche. Ceux-ci casseront g\u00e9n\u00e9ralement lors de la transformation de la roche.<\/p><p>\u00a0<\/p><p>\u00a0<\/p><h2>2 P\u00e9trography \/ Lithology<\/h2><p><strong>\u00a0<\/strong><u>Description macroscopique:<\/u> \"PIERRE CALCAIRE DE MEUSE - PIERRE DE VINALMONT\" est un calcaire oolithique compact, d'origine s\u00e9dimentaire d'une tr\u00e8s grande puret\u00e9 chimique, \u00e0 texture homog\u00e8ne pr\u00e9sentant une stratification entrecrois\u00e9e, mise en \u00e9vidence par la patine. La teinte est gris clair \u00e0 gris-beige en face sci\u00e9e et gris fonc\u00e9 en cassure fraiche. La pierre prend une patine gris clair sp\u00e9cifique \u00e0 ce mat\u00e9riau. La patine, due au vieillissement et inh\u00e9rente \u00e0 la composition de la pierre, doit \u00eatre prise en compte dans le cadre de restaurations. Le calcaire contient des fragments de coraux (certains bancs sont riches en coraux du genre Siphonodendron) et des coquilles de brachiopodes et de gast\u00e9ropodes.<\/p><p>Selon le PTV 819-4 'Classifications des roches dans le cadre de l'homologation en r\u00e9f\u00e9rence \u00e0 la NBN EN 12670', il s'agit d'une roche s\u00e9dimentaire carbonat\u00e9e - calcaire o\u00f6lithique: 2.2.1.3.<\/p><p><u>Description microscopique<\/u>: \"PIERRE CALCAIRE DE MEUSE - PIERRE DE VINALMONT\" est un calcaire oolithique bioclastique riche en pellets. La roche est principalement compos\u00e9e de microfossiles abondants, dont des foraminif\u00e8res diagnostiques de l'\u00e2ge et pr\u00e9sentant une texture packstone \u00e0 grainstone (classification DUNHAM) ou d'une biosparite \u00e0 une biomicrite (classification FOLK, cf. NBN EN 12670). D'autres particularit\u00e9s lithologiques peuvent \u00eatre pr\u00e9sentes.<\/p><p><u>Composition (\u00e0 titre informatif).<\/u>: La composition moyenne est de 99 % de carbonate de calcium (CaCO3) en absolu, de 0,5% to 1% de silice (SiO2), d'oxydes de fer, de mangan\u00e8se et de magn\u00e9sium.<\/p><h2><br \/><br \/><\/h2>\t\t\t\t\t\t\t\t<\/div>\n\t\t<div class=\"elementor-element elementor-element-dcbb0dc e-flex e-con-boxed e-con e-child\" data-id=\"dcbb0dc\" data-element_type=\"container\" data-e-type=\"container\">\n\t\t\t\t\t<div class=\"e-con-inner\">\n\t\t\t\t<div class=\"elementor-element elementor-element-ce4fad2 elementor-widget elementor-widget-image\" data-id=\"ce4fad2\" data-element_type=\"widget\" data-e-type=\"widget\" data-widget_type=\"image.default\">\n\t\t\t\t\t\t\t\t\t\t\t\t\t\t\t<img fetchpriority=\"high\" decoding=\"async\" width=\"710\" height=\"573\" src=\"https:\/\/renier.be\/wp-content\/uploads\/2024\/08\/Eigenschappen-materiaal-Vinalmont-FR.jpg\" class=\"attachment-full size-full wp-image-1208\" alt=\"\" srcset=\"https:\/\/renier.be\/wp-content\/uploads\/2024\/08\/Eigenschappen-materiaal-Vinalmont-FR.jpg 710w, https:\/\/renier.be\/wp-content\/uploads\/2024\/08\/Eigenschappen-materiaal-Vinalmont-FR-300x242.jpg 300w, https:\/\/renier.be\/wp-content\/uploads\/2024\/08\/Eigenschappen-materiaal-Vinalmont-FR-600x484.jpg 600w\" sizes=\"(max-width: 710px) 100vw, 710px\" \/>\t\t\t\t\t\t\t\t\t\t\t\t\t\t\t<\/div>\n\t\t\t\t\t<\/div>\n\t\t\t\t<\/div>\n\t\t\t\t<\/div>\n\t\t<div class=\"elementor-element elementor-element-1d1a8a1 e-con-full e-flex e-con e-child\" data-id=\"1d1a8a1\" data-element_type=\"container\" data-e-type=\"container\">\n\t\t\t\t<div class=\"elementor-element elementor-element-4f19653 elementor-widget elementor-widget-button\" data-id=\"4f19653\" data-element_type=\"widget\" data-e-type=\"widget\" data-widget_type=\"button.default\">\n\t\t\t\t\t\t\t\t\t\t<a class=\"elementor-button elementor-button-link elementor-size-sm\" href=\"https:\/\/renier.be\/wp-content\/uploads\/2024\/08\/ATGH798-Vinalmont-Frans-1.pdf\">\n\t\t\t\t\t\t<span class=\"elementor-button-content-wrapper\">\n\t\t\t\t\t\t\t\t\t<span class=\"elementor-button-text\">Cliquez ici pour le certificat ATG complet<\/span>\n\t\t\t\t\t<\/span>\n\t\t\t\t\t<\/a>\n\t\t\t\t\t\t\t\t<\/div>\n\t\t\t\t<\/div>\n\t\t\t\t\t<\/div>\n\t\t\t\t<\/div>\n\t\t\t\t<\/div>","protected":false},"excerpt":{"rendered":"<p>\/*! elementor &#8211; v3.23.0 &#8211; 05-08-2024 *\/ .elementor-heading-title{padding:0;margin:0;line-height:1}.elementor-widget-heading .elementor-heading-title[class*=elementor-size-]&gt;a{color:inherit;font-size:inherit;line-height:inherit}.elementor-widget-heading .elementor-heading-title.elementor-size-small{font-size:15px}.elementor-widget-heading .elementor-heading-title.elementor-size-medium{font-size:19px}.elementor-widget-heading .elementor-heading-title.elementor-size-large{font-size:29px}.elementor-widget-heading .elementor-heading-title.elementor-size-xl{font-size:39px}.elementor-widget-heading .elementor-heading-title.elementor-size-xxl{font-size:59px} Maaskalksteen van Vinalmont \u00a0 1\u00a0 \u00a0 G\u00e9ographie \/ G\u00e9ologie \u00a0La S.A. Calcaire de Vinalmont exploite \u00e0 Vinalmont une pierre bleue dite et commercialis\u00e9e sous l&#8217;appellation &#8220;PIERRE CALCAIRE DE MEUSE &#8211; PIERRE DE VINALMONT&#8221;. La carri\u00e8re est situ\u00e9e \u00e0 Vinalmont, dans la [&hellip;]<\/p>\n","protected":false},"author":2,"featured_media":0,"parent":0,"menu_order":0,"comment_status":"closed","ping_status":"closed","template":"","meta":{"_acf_changed":false,"footnotes":""},"class_list":["post-1205","page","type-page","status-publish","hentry"],"acf":[],"yoast_head":"<!-- This site is optimized with the Yoast SEO plugin v27.4 - https:\/\/yoast.com\/product\/yoast-seo-wordpress\/ -->\n<title>Technische Specificaties Materiaal Vinalmont FR - Renier Natuursteen<\/title>\n<meta name=\"robots\" content=\"index, follow, max-snippet:-1, max-image-preview:large, max-video-preview:-1\" \/>\n<link rel=\"canonical\" href=\"https:\/\/renier.be\/en\/vinalmont-fr\/\" \/>\n<meta property=\"og:locale\" content=\"en_US\" \/>\n<meta property=\"og:type\" content=\"article\" \/>\n<meta property=\"og:title\" content=\"Technische Specificaties Materiaal Vinalmont FR - Renier Natuursteen\" \/>\n<meta property=\"og:description\" content=\"\/*! elementor &#8211; v3.23.0 &#8211; 05-08-2024 *\/ .elementor-heading-title{padding:0;margin:0;line-height:1}.elementor-widget-heading .elementor-heading-title[class*=elementor-size-]&gt;a{color:inherit;font-size:inherit;line-height:inherit}.elementor-widget-heading .elementor-heading-title.elementor-size-small{font-size:15px}.elementor-widget-heading .elementor-heading-title.elementor-size-medium{font-size:19px}.elementor-widget-heading .elementor-heading-title.elementor-size-large{font-size:29px}.elementor-widget-heading .elementor-heading-title.elementor-size-xl{font-size:39px}.elementor-widget-heading .elementor-heading-title.elementor-size-xxl{font-size:59px} Maaskalksteen van Vinalmont \u00a0 1\u00a0 \u00a0 G\u00e9ographie \/ G\u00e9ologie \u00a0La S.A. Calcaire de Vinalmont exploite \u00e0 Vinalmont une pierre bleue dite et commercialis\u00e9e sous l&#8217;appellation &#8220;PIERRE CALCAIRE DE MEUSE &#8211; PIERRE DE VINALMONT&#8221;. La carri\u00e8re est situ\u00e9e \u00e0 Vinalmont, dans la [&hellip;]\" \/>\n<meta property=\"og:url\" content=\"https:\/\/renier.be\/en\/vinalmont-fr\/\" \/>\n<meta property=\"og:site_name\" content=\"Renier Natuursteen\" \/>\n<meta property=\"article:publisher\" content=\"https:\/\/www.facebook.com\/reniernatuursteen\" \/>\n<meta property=\"article:modified_time\" content=\"2024-08-20T15:13:49+00:00\" \/>\n<meta property=\"og:image\" content=\"https:\/\/renier.be\/wp-content\/uploads\/2024\/08\/Eigenschappen-materiaal-Vinalmont-FR.jpg\" \/>\n<meta name=\"twitter:card\" content=\"summary_large_image\" \/>\n<meta name=\"twitter:label1\" content=\"Est. reading time\" \/>\n\t<meta name=\"twitter:data1\" content=\"3 minutes\" \/>\n<script type=\"application\/ld+json\" class=\"yoast-schema-graph\">{\"@context\":\"https:\\\/\\\/schema.org\",\"@graph\":[{\"@type\":\"WebPage\",\"@id\":\"https:\\\/\\\/renier.be\\\/vinalmont-fr\\\/\",\"url\":\"https:\\\/\\\/renier.be\\\/vinalmont-fr\\\/\",\"name\":\"Technische Specificaties Materiaal Vinalmont FR - Renier Natuursteen\",\"isPartOf\":{\"@id\":\"https:\\\/\\\/renier.be\\\/#website\"},\"primaryImageOfPage\":{\"@id\":\"https:\\\/\\\/renier.be\\\/vinalmont-fr\\\/#primaryimage\"},\"image\":{\"@id\":\"https:\\\/\\\/renier.be\\\/vinalmont-fr\\\/#primaryimage\"},\"thumbnailUrl\":\"https:\\\/\\\/renier.be\\\/wp-content\\\/uploads\\\/2024\\\/08\\\/Eigenschappen-materiaal-Vinalmont-FR.jpg\",\"datePublished\":\"2024-08-13T09:17:04+00:00\",\"dateModified\":\"2024-08-20T15:13:49+00:00\",\"breadcrumb\":{\"@id\":\"https:\\\/\\\/renier.be\\\/vinalmont-fr\\\/#breadcrumb\"},\"inLanguage\":\"en-US\",\"potentialAction\":[{\"@type\":\"ReadAction\",\"target\":[\"https:\\\/\\\/renier.be\\\/vinalmont-fr\\\/\"]}]},{\"@type\":\"ImageObject\",\"inLanguage\":\"en-US\",\"@id\":\"https:\\\/\\\/renier.be\\\/vinalmont-fr\\\/#primaryimage\",\"url\":\"https:\\\/\\\/renier.be\\\/wp-content\\\/uploads\\\/2024\\\/08\\\/Eigenschappen-materiaal-Vinalmont-FR.jpg\",\"contentUrl\":\"https:\\\/\\\/renier.be\\\/wp-content\\\/uploads\\\/2024\\\/08\\\/Eigenschappen-materiaal-Vinalmont-FR.jpg\"},{\"@type\":\"BreadcrumbList\",\"@id\":\"https:\\\/\\\/renier.be\\\/vinalmont-fr\\\/#breadcrumb\",\"itemListElement\":[{\"@type\":\"ListItem\",\"position\":1,\"name\":\"Home\",\"item\":\"https:\\\/\\\/renier.be\\\/\"},{\"@type\":\"ListItem\",\"position\":2,\"name\":\"Technische Specificaties Materiaal Vinalmont FR\"}]},{\"@type\":\"WebSite\",\"@id\":\"https:\\\/\\\/renier.be\\\/#website\",\"url\":\"https:\\\/\\\/renier.be\\\/\",\"name\":\"Renier Natuursteen\",\"description\":\"Specialist in Belgisch Blauwe Hardsteen\",\"publisher\":{\"@id\":\"https:\\\/\\\/renier.be\\\/#organization\"},\"potentialAction\":[{\"@type\":\"SearchAction\",\"target\":{\"@type\":\"EntryPoint\",\"urlTemplate\":\"https:\\\/\\\/renier.be\\\/?s={search_term_string}\"},\"query-input\":{\"@type\":\"PropertyValueSpecification\",\"valueRequired\":true,\"valueName\":\"search_term_string\"}}],\"inLanguage\":\"en-US\"},{\"@type\":\"Organization\",\"@id\":\"https:\\\/\\\/renier.be\\\/#organization\",\"name\":\"Renier Natuursteen\",\"url\":\"https:\\\/\\\/renier.be\\\/\",\"logo\":{\"@type\":\"ImageObject\",\"inLanguage\":\"en-US\",\"@id\":\"https:\\\/\\\/renier.be\\\/#\\\/schema\\\/logo\\\/image\\\/\",\"url\":\"\",\"contentUrl\":\"\",\"caption\":\"Renier Natuursteen\"},\"image\":{\"@id\":\"https:\\\/\\\/renier.be\\\/#\\\/schema\\\/logo\\\/image\\\/\"},\"sameAs\":[\"https:\\\/\\\/www.facebook.com\\\/reniernatuursteen\"]}]}<\/script>\n<!-- \/ Yoast SEO plugin. -->","yoast_head_json":{"title":"Technical Specifications Material Vinalmont FR - Renier Natural Stone","robots":{"index":"index","follow":"follow","max-snippet":"max-snippet:-1","max-image-preview":"max-image-preview:large","max-video-preview":"max-video-preview:-1"},"canonical":"https:\/\/renier.be\/en\/vinalmont-fr\/","og_locale":"en_US","og_type":"article","og_title":"Technische Specificaties Materiaal Vinalmont FR - Renier Natuursteen","og_description":"\/*! elementor &#8211; v3.23.0 &#8211; 05-08-2024 *\/ .elementor-heading-title{padding:0;margin:0;line-height:1}.elementor-widget-heading .elementor-heading-title[class*=elementor-size-]&gt;a{color:inherit;font-size:inherit;line-height:inherit}.elementor-widget-heading .elementor-heading-title.elementor-size-small{font-size:15px}.elementor-widget-heading .elementor-heading-title.elementor-size-medium{font-size:19px}.elementor-widget-heading .elementor-heading-title.elementor-size-large{font-size:29px}.elementor-widget-heading .elementor-heading-title.elementor-size-xl{font-size:39px}.elementor-widget-heading .elementor-heading-title.elementor-size-xxl{font-size:59px} Maaskalksteen van Vinalmont \u00a0 1\u00a0 \u00a0 G\u00e9ographie \/ G\u00e9ologie \u00a0La S.A. Calcaire de Vinalmont exploite \u00e0 Vinalmont une pierre bleue dite et commercialis\u00e9e sous l&#8217;appellation &#8220;PIERRE CALCAIRE DE MEUSE &#8211; PIERRE DE VINALMONT&#8221;. La carri\u00e8re est situ\u00e9e \u00e0 Vinalmont, dans la [&hellip;]","og_url":"https:\/\/renier.be\/en\/vinalmont-fr\/","og_site_name":"Renier Natuursteen","article_publisher":"https:\/\/www.facebook.com\/reniernatuursteen","article_modified_time":"2024-08-20T15:13:49+00:00","og_image":[{"url":"https:\/\/renier.be\/wp-content\/uploads\/2024\/08\/Eigenschappen-materiaal-Vinalmont-FR.jpg","type":"","width":"","height":""}],"twitter_card":"summary_large_image","twitter_misc":{"Est. reading time":"3 minutes"},"schema":{"@context":"https:\/\/schema.org","@graph":[{"@type":"WebPage","@id":"https:\/\/renier.be\/vinalmont-fr\/","url":"https:\/\/renier.be\/vinalmont-fr\/","name":"Technical Specifications Material Vinalmont FR - Renier Natural Stone","isPartOf":{"@id":"https:\/\/renier.be\/#website"},"primaryImageOfPage":{"@id":"https:\/\/renier.be\/vinalmont-fr\/#primaryimage"},"image":{"@id":"https:\/\/renier.be\/vinalmont-fr\/#primaryimage"},"thumbnailUrl":"https:\/\/renier.be\/wp-content\/uploads\/2024\/08\/Eigenschappen-materiaal-Vinalmont-FR.jpg","datePublished":"2024-08-13T09:17:04+00:00","dateModified":"2024-08-20T15:13:49+00:00","breadcrumb":{"@id":"https:\/\/renier.be\/vinalmont-fr\/#breadcrumb"},"inLanguage":"en-US","potentialAction":[{"@type":"ReadAction","target":["https:\/\/renier.be\/vinalmont-fr\/"]}]},{"@type":"ImageObject","inLanguage":"en-US","@id":"https:\/\/renier.be\/vinalmont-fr\/#primaryimage","url":"https:\/\/renier.be\/wp-content\/uploads\/2024\/08\/Eigenschappen-materiaal-Vinalmont-FR.jpg","contentUrl":"https:\/\/renier.be\/wp-content\/uploads\/2024\/08\/Eigenschappen-materiaal-Vinalmont-FR.jpg"},{"@type":"BreadcrumbList","@id":"https:\/\/renier.be\/vinalmont-fr\/#breadcrumb","itemListElement":[{"@type":"ListItem","position":1,"name":"Home","item":"https:\/\/renier.be\/"},{"@type":"ListItem","position":2,"name":"Technische Specificaties Materiaal Vinalmont FR"}]},{"@type":"WebSite","@id":"https:\/\/renier.be\/#website","url":"https:\/\/renier.be\/","name":"Renier Natural Stone","description":"Specialist in Belgian Blue Stone","publisher":{"@id":"https:\/\/renier.be\/#organization"},"potentialAction":[{"@type":"SearchAction","target":{"@type":"EntryPoint","urlTemplate":"https:\/\/renier.be\/?s={search_term_string}"},"query-input":{"@type":"PropertyValueSpecification","valueRequired":true,"valueName":"search_term_string"}}],"inLanguage":"en-US"},{"@type":"Organization","@id":"https:\/\/renier.be\/#organization","name":"Renier Natural Stone","url":"https:\/\/renier.be\/","logo":{"@type":"ImageObject","inLanguage":"en-US","@id":"https:\/\/renier.be\/#\/schema\/logo\/image\/","url":"","contentUrl":"","caption":"Renier Natuursteen"},"image":{"@id":"https:\/\/renier.be\/#\/schema\/logo\/image\/"},"sameAs":["https:\/\/www.facebook.com\/reniernatuursteen"]}]}},"_links":{"self":[{"href":"https:\/\/renier.be\/en\/wp-json\/wp\/v2\/pages\/1205","targetHints":{"allow":["GET"]}}],"collection":[{"href":"https:\/\/renier.be\/en\/wp-json\/wp\/v2\/pages"}],"about":[{"href":"https:\/\/renier.be\/en\/wp-json\/wp\/v2\/types\/page"}],"author":[{"embeddable":true,"href":"https:\/\/renier.be\/en\/wp-json\/wp\/v2\/users\/2"}],"replies":[{"embeddable":true,"href":"https:\/\/renier.be\/en\/wp-json\/wp\/v2\/comments?post=1205"}],"version-history":[{"count":0,"href":"https:\/\/renier.be\/en\/wp-json\/wp\/v2\/pages\/1205\/revisions"}],"wp:attachment":[{"href":"https:\/\/renier.be\/en\/wp-json\/wp\/v2\/media?parent=1205"}],"curies":[{"name":"wp","href":"https:\/\/api.w.org\/{rel}","templated":true}]}}