{"id":3099,"date":"2024-12-19T15:56:44","date_gmt":"2024-12-19T14:56:44","guid":{"rendered":"https:\/\/renier.be\/?post_type=product&#038;p=3099"},"modified":"2026-03-27T13:01:41","modified_gmt":"2026-03-27T12:01:41","slug":"flat-window-sill-with-upstand-110x20-6-cm-thick-51-copy","status":"publish","type":"product","link":"https:\/\/renier.be\/en\/product\/vlakke-raamdorpel-met-opkant-110x20-6-cm-dik-51-kopie\/","title":{"rendered":"Flat window sill with upstand 110\u00d720 6 cm thick (5+1)"},"content":{"rendered":"<p>Our Belgian bluestone is one of the most durable materials on earth. Formed over millions of years, this ancient stone is extracted locally and ecologically in an environmentally friendly way.<\/p>\n<p>This flat window sill with raised edge has a blue sanded finish with a 0.6 x 0.6cm drop groove, 2cm from front, stops 2cm from machined heads.<\/p>\n<p>Length 1.10m - Width 18+2 cm - Thickness 5+1 cm<\/p>\n<p>Immediately available !<\/p>\n<p><img decoding=\"async\" class=\"alignnone size-medium wp-image-1709\" src=\"https:\/\/renier.be\/wp-content\/uploads\/2024\/08\/DVO-met-drup-300x152.jpg\" alt=\"\" width=\"300\" height=\"152\" srcset=\"https:\/\/renier.be\/wp-content\/uploads\/2024\/08\/DVO-met-drup-300x152.jpg 300w, https:\/\/renier.be\/wp-content\/uploads\/2024\/08\/DVO-met-drup-768x389.jpg 768w, https:\/\/renier.be\/wp-content\/uploads\/2024\/08\/DVO-met-drup-600x304.jpg 600w, https:\/\/renier.be\/wp-content\/uploads\/2024\/08\/DVO-met-drup.jpg 814w\" sizes=\"(max-width: 300px) 100vw, 300px\" \/><\/p>\n<p><img decoding=\"async\" class=\"alignnone size-medium wp-image-1305\" src=\"https:\/\/renier.be\/wp-content\/uploads\/2024\/06\/Renier-logo-met-belgische-vlag-300x99.jpg\" alt=\"\" width=\"300\" height=\"99\" srcset=\"https:\/\/renier.be\/wp-content\/uploads\/2024\/06\/Renier-logo-met-belgische-vlag-300x99.jpg 300w, https:\/\/renier.be\/wp-content\/uploads\/2024\/06\/Renier-logo-met-belgische-vlag-1024x337.jpg 1024w, https:\/\/renier.be\/wp-content\/uploads\/2024\/06\/Renier-logo-met-belgische-vlag-768x253.jpg 768w, https:\/\/renier.be\/wp-content\/uploads\/2024\/06\/Renier-logo-met-belgische-vlag-600x197.jpg 600w, https:\/\/renier.be\/wp-content\/uploads\/2024\/06\/Renier-logo-met-belgische-vlag.jpg 1067w\" sizes=\"(max-width: 300px) 100vw, 300px\" \/><\/p>","protected":false},"excerpt":{"rendered":"<p data-start=\"238\" data-end=\"552\">This <strong>flat window sill with upstand 110\u00d720<\/strong> and a thickness of 6 cm is the ideal choice to finish your facade with durable Belgian blue stone. The sill features a blue sanded finish that not only gives a timeless look, but also extra grip and an elegant, modern look.<\/p>\n<p data-start=\"554\" data-end=\"948\">Thanks to the integrated 0.6 \u00d7 0.6 cm drip groove at 2 cm from the front, rainwater drains efficiently, keeping walls protected from dirt and moisture. The drip groove stops neatly 2 cm from the machined heads, for an aesthetic and functional finish. The upstand at the back provides additional protection against incoming water, keeping your window frames and fa\u00e7ade looking great longer.<\/p>\n<p data-start=\"950\" data-end=\"1159\">With its robust thickness of 6 cm, this window sill can withstand intensive loads and extreme weather conditions. The flat design allows for tight integration into both modern and classic facades.<\/p>\n<p data-start=\"1161\" data-end=\"1234\"><strong data-start=\"1161\" data-end=\"1232\">Benefits of a flat window sill with upstand in bluestone:<\/strong><\/p>\n<ul data-start=\"1235\" data-end=\"1587\">\n<li data-start=\"1235\" data-end=\"1299\">\n<p data-start=\"1237\" data-end=\"1299\">Natural protection against rainwater and moisture infiltration<\/p>\n<\/li>\n<li data-start=\"1300\" data-end=\"1365\">\n<p data-start=\"1302\" data-end=\"1365\">Durable and hard-wearing, suitable for all weather conditions<\/p>\n<\/li>\n<li data-start=\"1366\" data-end=\"1421\">\n<p data-start=\"1368\" data-end=\"1421\">Timeless look with blue sanded finish<\/p>\n<\/li>\n<li data-start=\"1422\" data-end=\"1472\">\n<p data-start=\"1424\" data-end=\"1472\">Robust thickness of 6 cm for added stability<\/p>\n<\/li>\n<li data-start=\"1473\" data-end=\"1587\">\n<p data-start=\"1475\" data-end=\"1587\">Perfectly compatible with our other natural stone products such as gable skirting, window sills and door sills<\/p>\n<\/li>\n<\/ul>\n<p data-start=\"1589\" data-end=\"1829\">At <strong data-start=\"1593\" data-end=\"1615\">Renier Natural Stone<\/strong> we supply directly from our own stock, with short delivery times and a guarantee of first choice natural stone. Thanks to our own workshop, customization is also perfectly possible for any construction or renovation project.<\/p>\n<p>Length 1.1m - Width 18+2 cm - Thickness 5+1 cm<\/p>\n<p>Immediately available !<\/p>\n<p data-start=\"1960\" data-end=\"2081\">\ud83d\udc49 More inspiration ? View <a href=\"https:\/\/renier.be\/en\/building-shell-2\/\">our shell solutions <\/a>or discover here in advance <a href=\"https:\/\/renier.be\/en\/products\/?_categorieen=dorpel\">the full range of sills<\/a><\/p>\n<p>&nbsp;<\/p>\n<p>&nbsp;<\/p>","protected":false},"featured_media":2977,"template":"","meta":{"_acf_changed":false},"product_brand":[],"product_cat":[31,78,44,19],"product_tag":[106],"class_list":{"0":"post-3099","1":"product","2":"type-product","3":"status-publish","4":"has-post-thumbnail","6":"product_cat-dorpel","7":"product_cat-met-opkant-raamdorpel","8":"product_cat-raamdorpel","9":"product_cat-ruwbouw","10":"product_tag-gmc","11":"product_shipping_class-afhaling","13":"first","14":"instock","15":"taxable","16":"shipping-taxable","17":"purchasable","18":"product-type-simple"},"acf":[],"yoast_head":"<!-- This site is optimized with the Yoast SEO plugin v27.3 - https:\/\/yoast.com\/product\/yoast-seo-wordpress\/ -->\n<title>Vlakke raamdorpel met opkant 110x20 6 cm dik (5+1) - Renier Natuursteen<\/title>\n<meta name=\"robots\" content=\"index, follow, max-snippet:-1, max-image-preview:large, max-video-preview:-1\" \/>\n<link rel=\"canonical\" href=\"https:\/\/renier.be\/en\/product\/flat-window-sill-with-upstand-110x20-6-cm-thick-51-copy\/\" \/>\n<meta property=\"og:locale\" content=\"en_US\" \/>\n<meta property=\"og:type\" content=\"article\" \/>\n<meta property=\"og:title\" content=\"Vlakke raamdorpel met opkant 110x20 6 cm dik (5+1) - Renier Natuursteen\" \/>\n<meta property=\"og:description\" content=\"Deze vlakke raamdorpel met opkant 110\u00d720 en een dikte van 6 cm is de ideale keuze om je gevel af te werken met duurzame Belgische blauwe hardsteen. De dorpel is voorzien van een blauw geschuurde afwerking die niet alleen een tijdloze uitstraling geeft, maar ook extra grip en een elegante, moderne look. Dankzij de ge\u00efntegreerde drupgroef van 0,6 \u00d7 0,6 cm op 2 cm van de voorkant wordt regenwater effici\u00ebnt afgevoerd, waardoor muren beschermd blijven tegen vuil en vocht. De drupgroef stopt netjes 2 cm van de bewerkte koppen, voor een esthetische en functionele afwerking. De opkant achteraan biedt bijkomende bescherming tegen inlopend water, zodat je raamkaders en gevel langer mooi blijven. Met zijn robuuste dikte van 6 cm is deze raamdorpel bestand tegen intensieve belasting en extreme weersinvloeden. De vlakke uitvoering zorgt voor een strakke integratie in zowel moderne als klassieke gevels. Voordelen van een vlakke raamdorpel met opkant in blauwe hardsteen:     Natuurlijke bescherming tegen regenwater en vochtinfiltratie    Duurzaam en slijtvast, geschikt voor alle weersomstandigheden    Tijdloze uitstraling met blauw geschuurde afwerking    Robuuste dikte van 6 cm voor extra stabiliteit    Perfect te combineren met onze andere natuursteenproducten zoals gevelplinten, venstertabletten en deurdorpels   Bij Renier Natuursteen leveren we rechtstreeks uit eigen voorraad, met korte leveringstermijnen en een garantie op eerste keus natuursteen. Dankzij ons eigen atelier is ook maatwerk perfect mogelijk voor elk bouw- of renovatieproject. Lengte 1,1m - Breedte 18+2 cm - Dikte 5+1 cm  Onmiddellijk leverbaar ! \ud83d\udc49 Meer inspiratie ? Bekijk onze ruwbouw oplossingen of ontdek hier alvast het volledige assortiment dorpels &nbsp;  &nbsp;\" \/>\n<meta property=\"og:url\" content=\"https:\/\/renier.be\/en\/product\/flat-window-sill-with-upstand-110x20-6-cm-thick-51-copy\/\" \/>\n<meta property=\"og:site_name\" content=\"Renier Natuursteen\" \/>\n<meta property=\"article:publisher\" content=\"https:\/\/www.facebook.com\/reniernatuursteen\" \/>\n<meta property=\"article:modified_time\" content=\"2026-03-27T12:01:41+00:00\" \/>\n<meta property=\"og:image\" content=\"https:\/\/renier.be\/wp-content\/uploads\/2024\/10\/DVO-BLS-scaled.jpg\" \/>\n\t<meta property=\"og:image:width\" content=\"2560\" \/>\n\t<meta property=\"og:image:height\" content=\"1707\" \/>\n\t<meta property=\"og:image:type\" content=\"image\/jpeg\" \/>\n<meta name=\"twitter:card\" content=\"summary_large_image\" \/>\n<meta name=\"twitter:label1\" content=\"Est. reading time\" \/>\n\t<meta name=\"twitter:data1\" content=\"1 minute\" \/>\n<script type=\"application\/ld+json\" class=\"yoast-schema-graph\">{\"@context\":\"https:\\\/\\\/schema.org\",\"@graph\":[{\"@type\":\"WebPage\",\"@id\":\"https:\\\/\\\/renier.be\\\/product\\\/vlakke-raamdorpel-met-opkant-110x20-6-cm-dik-51-kopie\\\/\",\"url\":\"https:\\\/\\\/renier.be\\\/product\\\/vlakke-raamdorpel-met-opkant-110x20-6-cm-dik-51-kopie\\\/\",\"name\":\"Vlakke raamdorpel met opkant 110x20 6 cm dik (5+1) - Renier Natuursteen\",\"isPartOf\":{\"@id\":\"https:\\\/\\\/renier.be\\\/#website\"},\"primaryImageOfPage\":{\"@id\":\"https:\\\/\\\/renier.be\\\/product\\\/vlakke-raamdorpel-met-opkant-110x20-6-cm-dik-51-kopie\\\/#primaryimage\"},\"image\":{\"@id\":\"https:\\\/\\\/renier.be\\\/product\\\/vlakke-raamdorpel-met-opkant-110x20-6-cm-dik-51-kopie\\\/#primaryimage\"},\"thumbnailUrl\":\"https:\\\/\\\/renier.be\\\/wp-content\\\/uploads\\\/2024\\\/10\\\/DVO-BLS-scaled.jpg\",\"datePublished\":\"2024-12-19T14:56:44+00:00\",\"dateModified\":\"2026-03-27T12:01:41+00:00\",\"breadcrumb\":{\"@id\":\"https:\\\/\\\/renier.be\\\/product\\\/vlakke-raamdorpel-met-opkant-110x20-6-cm-dik-51-kopie\\\/#breadcrumb\"},\"inLanguage\":\"en-US\",\"potentialAction\":[{\"@type\":\"ReadAction\",\"target\":[\"https:\\\/\\\/renier.be\\\/product\\\/vlakke-raamdorpel-met-opkant-110x20-6-cm-dik-51-kopie\\\/\"]}]},{\"@type\":\"ImageObject\",\"inLanguage\":\"en-US\",\"@id\":\"https:\\\/\\\/renier.be\\\/product\\\/vlakke-raamdorpel-met-opkant-110x20-6-cm-dik-51-kopie\\\/#primaryimage\",\"url\":\"https:\\\/\\\/renier.be\\\/wp-content\\\/uploads\\\/2024\\\/10\\\/DVO-BLS-scaled.jpg\",\"contentUrl\":\"https:\\\/\\\/renier.be\\\/wp-content\\\/uploads\\\/2024\\\/10\\\/DVO-BLS-scaled.jpg\",\"width\":2560,\"height\":1707},{\"@type\":\"BreadcrumbList\",\"@id\":\"https:\\\/\\\/renier.be\\\/product\\\/vlakke-raamdorpel-met-opkant-110x20-6-cm-dik-51-kopie\\\/#breadcrumb\",\"itemListElement\":[{\"@type\":\"ListItem\",\"position\":1,\"name\":\"Home\",\"item\":\"https:\\\/\\\/renier.be\\\/\"},{\"@type\":\"ListItem\",\"position\":2,\"name\":\"Producten\",\"item\":\"https:\\\/\\\/renier.be\\\/producten\\\/\"},{\"@type\":\"ListItem\",\"position\":3,\"name\":\"Vlakke raamdorpel met opkant 110&#215;20 6 cm dik (5+1)\"}]},{\"@type\":\"WebSite\",\"@id\":\"https:\\\/\\\/renier.be\\\/#website\",\"url\":\"https:\\\/\\\/renier.be\\\/\",\"name\":\"Renier Natuursteen\",\"description\":\"Specialist in Belgisch Blauwe Hardsteen\",\"publisher\":{\"@id\":\"https:\\\/\\\/renier.be\\\/#organization\"},\"potentialAction\":[{\"@type\":\"SearchAction\",\"target\":{\"@type\":\"EntryPoint\",\"urlTemplate\":\"https:\\\/\\\/renier.be\\\/?s={search_term_string}\"},\"query-input\":{\"@type\":\"PropertyValueSpecification\",\"valueRequired\":true,\"valueName\":\"search_term_string\"}}],\"inLanguage\":\"en-US\"},{\"@type\":\"Organization\",\"@id\":\"https:\\\/\\\/renier.be\\\/#organization\",\"name\":\"Renier Natuursteen\",\"url\":\"https:\\\/\\\/renier.be\\\/\",\"logo\":{\"@type\":\"ImageObject\",\"inLanguage\":\"en-US\",\"@id\":\"https:\\\/\\\/renier.be\\\/#\\\/schema\\\/logo\\\/image\\\/\",\"url\":\"\",\"contentUrl\":\"\",\"caption\":\"Renier Natuursteen\"},\"image\":{\"@id\":\"https:\\\/\\\/renier.be\\\/#\\\/schema\\\/logo\\\/image\\\/\"},\"sameAs\":[\"https:\\\/\\\/www.facebook.com\\\/reniernatuursteen\"]}]}<\/script>\n<!-- \/ Yoast SEO plugin. -->","yoast_head_json":{"title":"Flat window sill with upstand 110x20 6 cm thick (5+1) - Renier Natural Stone","robots":{"index":"index","follow":"follow","max-snippet":"max-snippet:-1","max-image-preview":"max-image-preview:large","max-video-preview":"max-video-preview:-1"},"canonical":"https:\/\/renier.be\/en\/product\/flat-window-sill-with-upstand-110x20-6-cm-thick-51-copy\/","og_locale":"en_US","og_type":"article","og_title":"Vlakke raamdorpel met opkant 110x20 6 cm dik (5+1) - Renier Natuursteen","og_description":"Deze vlakke raamdorpel met opkant 110\u00d720 en een dikte van 6 cm is de ideale keuze om je gevel af te werken met duurzame Belgische blauwe hardsteen. De dorpel is voorzien van een blauw geschuurde afwerking die niet alleen een tijdloze uitstraling geeft, maar ook extra grip en een elegante, moderne look. Dankzij de ge\u00efntegreerde drupgroef van 0,6 \u00d7 0,6 cm op 2 cm van de voorkant wordt regenwater effici\u00ebnt afgevoerd, waardoor muren beschermd blijven tegen vuil en vocht. De drupgroef stopt netjes 2 cm van de bewerkte koppen, voor een esthetische en functionele afwerking. De opkant achteraan biedt bijkomende bescherming tegen inlopend water, zodat je raamkaders en gevel langer mooi blijven. Met zijn robuuste dikte van 6 cm is deze raamdorpel bestand tegen intensieve belasting en extreme weersinvloeden. De vlakke uitvoering zorgt voor een strakke integratie in zowel moderne als klassieke gevels. Voordelen van een vlakke raamdorpel met opkant in blauwe hardsteen:     Natuurlijke bescherming tegen regenwater en vochtinfiltratie    Duurzaam en slijtvast, geschikt voor alle weersomstandigheden    Tijdloze uitstraling met blauw geschuurde afwerking    Robuuste dikte van 6 cm voor extra stabiliteit    Perfect te combineren met onze andere natuursteenproducten zoals gevelplinten, venstertabletten en deurdorpels   Bij Renier Natuursteen leveren we rechtstreeks uit eigen voorraad, met korte leveringstermijnen en een garantie op eerste keus natuursteen. Dankzij ons eigen atelier is ook maatwerk perfect mogelijk voor elk bouw- of renovatieproject. Lengte 1,1m - Breedte 18+2 cm - Dikte 5+1 cm  Onmiddellijk leverbaar ! \ud83d\udc49 Meer inspiratie ? Bekijk onze ruwbouw oplossingen of ontdek hier alvast het volledige assortiment dorpels &nbsp;  &nbsp;","og_url":"https:\/\/renier.be\/en\/product\/flat-window-sill-with-upstand-110x20-6-cm-thick-51-copy\/","og_site_name":"Renier Natuursteen","article_publisher":"https:\/\/www.facebook.com\/reniernatuursteen","article_modified_time":"2026-03-27T12:01:41+00:00","og_image":[{"width":2560,"height":1707,"url":"https:\/\/renier.be\/wp-content\/uploads\/2024\/10\/DVO-BLS-scaled.jpg","type":"image\/jpeg"}],"twitter_card":"summary_large_image","twitter_misc":{"Est. reading time":"1 minute"},"schema":{"@context":"https:\/\/schema.org","@graph":[{"@type":"WebPage","@id":"https:\/\/renier.be\/product\/vlakke-raamdorpel-met-opkant-110x20-6-cm-dik-51-kopie\/","url":"https:\/\/renier.be\/product\/vlakke-raamdorpel-met-opkant-110x20-6-cm-dik-51-kopie\/","name":"Flat window sill with upstand 110x20 6 cm thick (5+1) - Renier Natural Stone","isPartOf":{"@id":"https:\/\/renier.be\/#website"},"primaryImageOfPage":{"@id":"https:\/\/renier.be\/product\/vlakke-raamdorpel-met-opkant-110x20-6-cm-dik-51-kopie\/#primaryimage"},"image":{"@id":"https:\/\/renier.be\/product\/vlakke-raamdorpel-met-opkant-110x20-6-cm-dik-51-kopie\/#primaryimage"},"thumbnailUrl":"https:\/\/renier.be\/wp-content\/uploads\/2024\/10\/DVO-BLS-scaled.jpg","datePublished":"2024-12-19T14:56:44+00:00","dateModified":"2026-03-27T12:01:41+00:00","breadcrumb":{"@id":"https:\/\/renier.be\/product\/vlakke-raamdorpel-met-opkant-110x20-6-cm-dik-51-kopie\/#breadcrumb"},"inLanguage":"en-US","potentialAction":[{"@type":"ReadAction","target":["https:\/\/renier.be\/product\/vlakke-raamdorpel-met-opkant-110x20-6-cm-dik-51-kopie\/"]}]},{"@type":"ImageObject","inLanguage":"en-US","@id":"https:\/\/renier.be\/product\/vlakke-raamdorpel-met-opkant-110x20-6-cm-dik-51-kopie\/#primaryimage","url":"https:\/\/renier.be\/wp-content\/uploads\/2024\/10\/DVO-BLS-scaled.jpg","contentUrl":"https:\/\/renier.be\/wp-content\/uploads\/2024\/10\/DVO-BLS-scaled.jpg","width":2560,"height":1707},{"@type":"BreadcrumbList","@id":"https:\/\/renier.be\/product\/vlakke-raamdorpel-met-opkant-110x20-6-cm-dik-51-kopie\/#breadcrumb","itemListElement":[{"@type":"ListItem","position":1,"name":"Home","item":"https:\/\/renier.be\/"},{"@type":"ListItem","position":2,"name":"Producten","item":"https:\/\/renier.be\/producten\/"},{"@type":"ListItem","position":3,"name":"Vlakke raamdorpel met opkant 110&#215;20 6 cm dik (5+1)"}]},{"@type":"WebSite","@id":"https:\/\/renier.be\/#website","url":"https:\/\/renier.be\/","name":"Renier Natural Stone","description":"Specialist in Belgian Blue Stone","publisher":{"@id":"https:\/\/renier.be\/#organization"},"potentialAction":[{"@type":"SearchAction","target":{"@type":"EntryPoint","urlTemplate":"https:\/\/renier.be\/?s={search_term_string}"},"query-input":{"@type":"PropertyValueSpecification","valueRequired":true,"valueName":"search_term_string"}}],"inLanguage":"en-US"},{"@type":"Organization","@id":"https:\/\/renier.be\/#organization","name":"Renier Natural Stone","url":"https:\/\/renier.be\/","logo":{"@type":"ImageObject","inLanguage":"en-US","@id":"https:\/\/renier.be\/#\/schema\/logo\/image\/","url":"","contentUrl":"","caption":"Renier Natuursteen"},"image":{"@id":"https:\/\/renier.be\/#\/schema\/logo\/image\/"},"sameAs":["https:\/\/www.facebook.com\/reniernatuursteen"]}]}},"_links":{"self":[{"href":"https:\/\/renier.be\/en\/wp-json\/wp\/v2\/product\/3099","targetHints":{"allow":["GET"]}}],"collection":[{"href":"https:\/\/renier.be\/en\/wp-json\/wp\/v2\/product"}],"about":[{"href":"https:\/\/renier.be\/en\/wp-json\/wp\/v2\/types\/product"}],"wp:featuredmedia":[{"embeddable":true,"href":"https:\/\/renier.be\/en\/wp-json\/wp\/v2\/media\/2977"}],"wp:attachment":[{"href":"https:\/\/renier.be\/en\/wp-json\/wp\/v2\/media?parent=3099"}],"wp:term":[{"taxonomy":"product_brand","embeddable":true,"href":"https:\/\/renier.be\/en\/wp-json\/wp\/v2\/product_brand?post=3099"},{"taxonomy":"product_cat","embeddable":true,"href":"https:\/\/renier.be\/en\/wp-json\/wp\/v2\/product_cat?post=3099"},{"taxonomy":"product_tag","embeddable":true,"href":"https:\/\/renier.be\/en\/wp-json\/wp\/v2\/product_tag?post=3099"}],"curies":[{"name":"wp","href":"https:\/\/api.w.org\/{rel}","templated":true}]}}