{"id":3290,"date":"2025-01-22T13:13:42","date_gmt":"2025-01-22T12:13:42","guid":{"rendered":"https:\/\/renier.be\/?post_type=product&#038;p=3290"},"modified":"2025-07-03T13:42:00","modified_gmt":"2025-07-03T11:42:00","slug":"compose-your-own-pedestal-in-belgian-blue-natural-stone","status":"publish","type":"product","link":"https:\/\/renier.be\/en\/product\/stel-zelf-uw-sokkel-in-belgisch-blauwe-natuursteen-samen\/","title":{"rendered":"Create your own pedestal in Belgian Blue natural stone"},"content":{"rendered":"<p>Our Belgian bluestone is one of the most durable materials on earth. Formed over millions of years, this ancient stone is extracted locally and ecologically in an environmentally friendly way.<\/p>\n<p>This pedestal is finished with faceted edges and a central drill hole of 20mm :<\/p>\n<ul>\n<li>Possible formats :12\u00d712, 15\u00d715, 18\u00d718, 20\u00d720<\/li>\n<li>Bluestone from our own quarry (La Pr\u00e9alle in Sprimont)<\/li>\n<li>Finish blue sanded<\/li>\n<li>Full flexibility in height<\/li>\n<\/ul>\n<p>Alternative:<\/p>\n<p>If a nice even blue finish without many fossils is important, this pedestal can also be executed in Vinalmont mesh limestone.<\/p>\n<p>&nbsp;<\/p>\n<p><img decoding=\"async\" class=\"alignnone size-medium wp-image-1305\" src=\"https:\/\/renier.be\/wp-content\/uploads\/2024\/06\/Renier-logo-met-belgische-vlag-300x99.jpg\" alt=\"\" width=\"300\" height=\"99\" srcset=\"https:\/\/renier.be\/wp-content\/uploads\/2024\/06\/Renier-logo-met-belgische-vlag-300x99.jpg 300w, https:\/\/renier.be\/wp-content\/uploads\/2024\/06\/Renier-logo-met-belgische-vlag-1024x337.jpg 1024w, https:\/\/renier.be\/wp-content\/uploads\/2024\/06\/Renier-logo-met-belgische-vlag-768x253.jpg 768w, https:\/\/renier.be\/wp-content\/uploads\/2024\/06\/Renier-logo-met-belgische-vlag-600x197.jpg 600w, https:\/\/renier.be\/wp-content\/uploads\/2024\/06\/Renier-logo-met-belgische-vlag.jpg 1067w\" sizes=\"(max-width: 300px) 100vw, 300px\" \/><\/p>","protected":false},"excerpt":{"rendered":"<p>Easily put together your ideal pedestal for under your outbuilding here. Choose the size and length below. The price per piece and per m\u00b2 will be calculated automatically. You can always adjust the desired finish. Then click add to cart and complete your order. Delivery time 2 weeks.<\/p>","protected":false},"featured_media":3292,"template":"","meta":{"_acf_changed":false},"product_brand":[],"product_cat":[37,62,34,20],"product_tag":[],"class_list":{"0":"post-3290","1":"product","2":"type-product","3":"status-publish","4":"has-post-thumbnail","6":"product_cat-poolhouse","7":"product_cat-sokkel","8":"product_cat-tuin","9":"product_cat-tuin-terras","11":"first","12":"onbackorder","13":"taxable","14":"shipping-taxable","15":"purchasable","16":"product-type-simple"},"acf":[],"yoast_head":"<!-- This site is optimized with the Yoast SEO plugin v27.4 - https:\/\/yoast.com\/product\/yoast-seo-wordpress\/ -->\n<title>Stel zelf uw sokkel in Belgisch Blauwe natuursteen samen - Renier Natuursteen<\/title>\n<meta name=\"robots\" content=\"index, follow, max-snippet:-1, max-image-preview:large, max-video-preview:-1\" \/>\n<link rel=\"canonical\" href=\"https:\/\/renier.be\/en\/product\/compose-your-own-pedestal-in-belgian-blue-natural-stone\/\" \/>\n<meta property=\"og:locale\" content=\"en_US\" \/>\n<meta property=\"og:type\" content=\"article\" \/>\n<meta property=\"og:title\" content=\"Stel zelf uw sokkel in Belgisch Blauwe natuursteen samen - Renier Natuursteen\" \/>\n<meta property=\"og:description\" content=\"Stel hier eenvoudig zelf je ideale sokkel voor onder je bijgebouw samen. Kies hieronder het formaat en de lengte. De prijs per stuk en per m\u00b2 wordt automatisch berekend. Je kan steeds de gewenste afwerking aanpassen. Klik daarna op toevoegen in de winkelwagen en vervolledig je bestelling. Levertijd 2 weken.\" \/>\n<meta property=\"og:url\" content=\"https:\/\/renier.be\/en\/product\/compose-your-own-pedestal-in-belgian-blue-natural-stone\/\" \/>\n<meta property=\"og:site_name\" content=\"Renier Natuursteen\" \/>\n<meta property=\"article:publisher\" content=\"https:\/\/www.facebook.com\/reniernatuursteen\" \/>\n<meta property=\"article:modified_time\" content=\"2025-07-03T11:42:00+00:00\" \/>\n<meta property=\"og:image\" content=\"https:\/\/renier.be\/wp-content\/uploads\/2025\/01\/Sokkels-poolhouse-Frank.jpg\" \/>\n\t<meta property=\"og:image:width\" content=\"111\" \/>\n\t<meta property=\"og:image:height\" content=\"114\" \/>\n\t<meta property=\"og:image:type\" content=\"image\/jpeg\" \/>\n<meta name=\"twitter:card\" content=\"summary_large_image\" \/>\n<meta name=\"twitter:label1\" content=\"Est. reading time\" \/>\n\t<meta name=\"twitter:data1\" content=\"1 minute\" \/>\n<script type=\"application\/ld+json\" class=\"yoast-schema-graph\">{\"@context\":\"https:\\\/\\\/schema.org\",\"@graph\":[{\"@type\":\"WebPage\",\"@id\":\"https:\\\/\\\/renier.be\\\/product\\\/stel-zelf-uw-sokkel-in-belgisch-blauwe-natuursteen-samen\\\/\",\"url\":\"https:\\\/\\\/renier.be\\\/product\\\/stel-zelf-uw-sokkel-in-belgisch-blauwe-natuursteen-samen\\\/\",\"name\":\"Stel zelf uw sokkel in Belgisch Blauwe natuursteen samen - Renier Natuursteen\",\"isPartOf\":{\"@id\":\"https:\\\/\\\/renier.be\\\/#website\"},\"primaryImageOfPage\":{\"@id\":\"https:\\\/\\\/renier.be\\\/product\\\/stel-zelf-uw-sokkel-in-belgisch-blauwe-natuursteen-samen\\\/#primaryimage\"},\"image\":{\"@id\":\"https:\\\/\\\/renier.be\\\/product\\\/stel-zelf-uw-sokkel-in-belgisch-blauwe-natuursteen-samen\\\/#primaryimage\"},\"thumbnailUrl\":\"https:\\\/\\\/renier.be\\\/wp-content\\\/uploads\\\/2025\\\/01\\\/Sokkels-poolhouse-Frank.jpg\",\"datePublished\":\"2025-01-22T12:13:42+00:00\",\"dateModified\":\"2025-07-03T11:42:00+00:00\",\"breadcrumb\":{\"@id\":\"https:\\\/\\\/renier.be\\\/product\\\/stel-zelf-uw-sokkel-in-belgisch-blauwe-natuursteen-samen\\\/#breadcrumb\"},\"inLanguage\":\"en-US\",\"potentialAction\":[{\"@type\":\"ReadAction\",\"target\":[\"https:\\\/\\\/renier.be\\\/product\\\/stel-zelf-uw-sokkel-in-belgisch-blauwe-natuursteen-samen\\\/\"]}]},{\"@type\":\"ImageObject\",\"inLanguage\":\"en-US\",\"@id\":\"https:\\\/\\\/renier.be\\\/product\\\/stel-zelf-uw-sokkel-in-belgisch-blauwe-natuursteen-samen\\\/#primaryimage\",\"url\":\"https:\\\/\\\/renier.be\\\/wp-content\\\/uploads\\\/2025\\\/01\\\/Sokkels-poolhouse-Frank.jpg\",\"contentUrl\":\"https:\\\/\\\/renier.be\\\/wp-content\\\/uploads\\\/2025\\\/01\\\/Sokkels-poolhouse-Frank.jpg\",\"width\":111,\"height\":114},{\"@type\":\"BreadcrumbList\",\"@id\":\"https:\\\/\\\/renier.be\\\/product\\\/stel-zelf-uw-sokkel-in-belgisch-blauwe-natuursteen-samen\\\/#breadcrumb\",\"itemListElement\":[{\"@type\":\"ListItem\",\"position\":1,\"name\":\"Home\",\"item\":\"https:\\\/\\\/renier.be\\\/\"},{\"@type\":\"ListItem\",\"position\":2,\"name\":\"Producten\",\"item\":\"https:\\\/\\\/renier.be\\\/producten\\\/\"},{\"@type\":\"ListItem\",\"position\":3,\"name\":\"Stel zelf uw sokkel in Belgisch Blauwe natuursteen samen\"}]},{\"@type\":\"WebSite\",\"@id\":\"https:\\\/\\\/renier.be\\\/#website\",\"url\":\"https:\\\/\\\/renier.be\\\/\",\"name\":\"Renier Natuursteen\",\"description\":\"Specialist in Belgisch Blauwe Hardsteen\",\"publisher\":{\"@id\":\"https:\\\/\\\/renier.be\\\/#organization\"},\"potentialAction\":[{\"@type\":\"SearchAction\",\"target\":{\"@type\":\"EntryPoint\",\"urlTemplate\":\"https:\\\/\\\/renier.be\\\/?s={search_term_string}\"},\"query-input\":{\"@type\":\"PropertyValueSpecification\",\"valueRequired\":true,\"valueName\":\"search_term_string\"}}],\"inLanguage\":\"en-US\"},{\"@type\":\"Organization\",\"@id\":\"https:\\\/\\\/renier.be\\\/#organization\",\"name\":\"Renier Natuursteen\",\"url\":\"https:\\\/\\\/renier.be\\\/\",\"logo\":{\"@type\":\"ImageObject\",\"inLanguage\":\"en-US\",\"@id\":\"https:\\\/\\\/renier.be\\\/#\\\/schema\\\/logo\\\/image\\\/\",\"url\":\"\",\"contentUrl\":\"\",\"caption\":\"Renier Natuursteen\"},\"image\":{\"@id\":\"https:\\\/\\\/renier.be\\\/#\\\/schema\\\/logo\\\/image\\\/\"},\"sameAs\":[\"https:\\\/\\\/www.facebook.com\\\/reniernatuursteen\"]}]}<\/script>\n<!-- \/ Yoast SEO plugin. -->","yoast_head_json":{"title":"Create your own pedestal in Belgian Blue natural stone - Renier Natuursteen","robots":{"index":"index","follow":"follow","max-snippet":"max-snippet:-1","max-image-preview":"max-image-preview:large","max-video-preview":"max-video-preview:-1"},"canonical":"https:\/\/renier.be\/en\/product\/compose-your-own-pedestal-in-belgian-blue-natural-stone\/","og_locale":"en_US","og_type":"article","og_title":"Stel zelf uw sokkel in Belgisch Blauwe natuursteen samen - Renier Natuursteen","og_description":"Stel hier eenvoudig zelf je ideale sokkel voor onder je bijgebouw samen. Kies hieronder het formaat en de lengte. De prijs per stuk en per m\u00b2 wordt automatisch berekend. Je kan steeds de gewenste afwerking aanpassen. Klik daarna op toevoegen in de winkelwagen en vervolledig je bestelling. Levertijd 2 weken.","og_url":"https:\/\/renier.be\/en\/product\/compose-your-own-pedestal-in-belgian-blue-natural-stone\/","og_site_name":"Renier Natuursteen","article_publisher":"https:\/\/www.facebook.com\/reniernatuursteen","article_modified_time":"2025-07-03T11:42:00+00:00","og_image":[{"width":111,"height":114,"url":"https:\/\/renier.be\/wp-content\/uploads\/2025\/01\/Sokkels-poolhouse-Frank.jpg","type":"image\/jpeg"}],"twitter_card":"summary_large_image","twitter_misc":{"Est. reading time":"1 minute"},"schema":{"@context":"https:\/\/schema.org","@graph":[{"@type":"WebPage","@id":"https:\/\/renier.be\/product\/stel-zelf-uw-sokkel-in-belgisch-blauwe-natuursteen-samen\/","url":"https:\/\/renier.be\/product\/stel-zelf-uw-sokkel-in-belgisch-blauwe-natuursteen-samen\/","name":"Create your own pedestal in Belgian Blue natural stone - Renier Natuursteen","isPartOf":{"@id":"https:\/\/renier.be\/#website"},"primaryImageOfPage":{"@id":"https:\/\/renier.be\/product\/stel-zelf-uw-sokkel-in-belgisch-blauwe-natuursteen-samen\/#primaryimage"},"image":{"@id":"https:\/\/renier.be\/product\/stel-zelf-uw-sokkel-in-belgisch-blauwe-natuursteen-samen\/#primaryimage"},"thumbnailUrl":"https:\/\/renier.be\/wp-content\/uploads\/2025\/01\/Sokkels-poolhouse-Frank.jpg","datePublished":"2025-01-22T12:13:42+00:00","dateModified":"2025-07-03T11:42:00+00:00","breadcrumb":{"@id":"https:\/\/renier.be\/product\/stel-zelf-uw-sokkel-in-belgisch-blauwe-natuursteen-samen\/#breadcrumb"},"inLanguage":"en-US","potentialAction":[{"@type":"ReadAction","target":["https:\/\/renier.be\/product\/stel-zelf-uw-sokkel-in-belgisch-blauwe-natuursteen-samen\/"]}]},{"@type":"ImageObject","inLanguage":"en-US","@id":"https:\/\/renier.be\/product\/stel-zelf-uw-sokkel-in-belgisch-blauwe-natuursteen-samen\/#primaryimage","url":"https:\/\/renier.be\/wp-content\/uploads\/2025\/01\/Sokkels-poolhouse-Frank.jpg","contentUrl":"https:\/\/renier.be\/wp-content\/uploads\/2025\/01\/Sokkels-poolhouse-Frank.jpg","width":111,"height":114},{"@type":"BreadcrumbList","@id":"https:\/\/renier.be\/product\/stel-zelf-uw-sokkel-in-belgisch-blauwe-natuursteen-samen\/#breadcrumb","itemListElement":[{"@type":"ListItem","position":1,"name":"Home","item":"https:\/\/renier.be\/"},{"@type":"ListItem","position":2,"name":"Producten","item":"https:\/\/renier.be\/producten\/"},{"@type":"ListItem","position":3,"name":"Stel zelf uw sokkel in Belgisch Blauwe natuursteen samen"}]},{"@type":"WebSite","@id":"https:\/\/renier.be\/#website","url":"https:\/\/renier.be\/","name":"Renier Natural Stone","description":"Specialist in Belgian Blue Stone","publisher":{"@id":"https:\/\/renier.be\/#organization"},"potentialAction":[{"@type":"SearchAction","target":{"@type":"EntryPoint","urlTemplate":"https:\/\/renier.be\/?s={search_term_string}"},"query-input":{"@type":"PropertyValueSpecification","valueRequired":true,"valueName":"search_term_string"}}],"inLanguage":"en-US"},{"@type":"Organization","@id":"https:\/\/renier.be\/#organization","name":"Renier Natural Stone","url":"https:\/\/renier.be\/","logo":{"@type":"ImageObject","inLanguage":"en-US","@id":"https:\/\/renier.be\/#\/schema\/logo\/image\/","url":"","contentUrl":"","caption":"Renier Natuursteen"},"image":{"@id":"https:\/\/renier.be\/#\/schema\/logo\/image\/"},"sameAs":["https:\/\/www.facebook.com\/reniernatuursteen"]}]}},"_links":{"self":[{"href":"https:\/\/renier.be\/en\/wp-json\/wp\/v2\/product\/3290","targetHints":{"allow":["GET"]}}],"collection":[{"href":"https:\/\/renier.be\/en\/wp-json\/wp\/v2\/product"}],"about":[{"href":"https:\/\/renier.be\/en\/wp-json\/wp\/v2\/types\/product"}],"wp:featuredmedia":[{"embeddable":true,"href":"https:\/\/renier.be\/en\/wp-json\/wp\/v2\/media\/3292"}],"wp:attachment":[{"href":"https:\/\/renier.be\/en\/wp-json\/wp\/v2\/media?parent=3290"}],"wp:term":[{"taxonomy":"product_brand","embeddable":true,"href":"https:\/\/renier.be\/en\/wp-json\/wp\/v2\/product_brand?post=3290"},{"taxonomy":"product_cat","embeddable":true,"href":"https:\/\/renier.be\/en\/wp-json\/wp\/v2\/product_cat?post=3290"},{"taxonomy":"product_tag","embeddable":true,"href":"https:\/\/renier.be\/en\/wp-json\/wp\/v2\/product_tag?post=3290"}],"curies":[{"name":"wp","href":"https:\/\/api.w.org\/{rel}","templated":true}]}}