{"id":1542,"date":"2024-08-20T17:05:42","date_gmt":"2024-08-20T15:05:42","guid":{"rendered":"https:\/\/renier.be\/?page_id=1542"},"modified":"2025-05-15T14:15:16","modified_gmt":"2025-05-15T12:15:16","slug":"ligne-de-fenetre","status":"publish","type":"page","link":"https:\/\/renier.be\/fr\/raamlinteel\/","title":{"rendered":"Linteau de fen\u00eatre en cr\u00e9pi"},"content":{"rendered":"<div data-elementor-type=\"wp-page\" data-elementor-id=\"1542\" class=\"elementor elementor-1542\" data-elementor-post-type=\"page\">\n\t\t\t\t<div class=\"elementor-element elementor-element-225a9d3 e-flex e-con-boxed e-con e-parent\" data-id=\"225a9d3\" data-element_type=\"container\" data-e-type=\"container\">\n\t\t\t\t\t<div class=\"e-con-inner\">\n\t\t\t\t<div class=\"elementor-element elementor-element-804ff6d elementor-widget__width-inherit elementor-widget elementor-widget-heading\" data-id=\"804ff6d\" data-element_type=\"widget\" data-e-type=\"widget\" data-widget_type=\"heading.default\">\n\t\t\t\t\t<h2 class=\"elementor-heading-title elementor-size-default\">Qu'est-ce qu'un linteau de fen\u00eatre ?<\/h2>\t\t\t\t<\/div>\n\t\t\t\t\t<\/div>\n\t\t\t\t<\/div>\n\t\t<div class=\"elementor-element elementor-element-3e93e48 e-flex e-con-boxed e-con e-parent\" data-id=\"3e93e48\" data-element_type=\"container\" data-e-type=\"container\">\n\t\t\t\t\t<div class=\"e-con-inner\">\n\t\t<div class=\"elementor-element elementor-element-c5daab1 e-con-full e-flex e-con e-child\" data-id=\"c5daab1\" data-element_type=\"container\" data-e-type=\"container\">\n\t\t\t\t<div class=\"elementor-element elementor-element-6e05bd2 elementor-widget elementor-widget-text-editor\" data-id=\"6e05bd2\" data-element_type=\"widget\" data-e-type=\"widget\" data-widget_type=\"text-editor.default\">\n\t\t\t\t\t\t\t\t\t<p>Un <strong>linteau de fen\u00eatre<\/strong> est un \u00e9l\u00e9ment esth\u00e9tique plac\u00e9 au-dessus d\u2019une baie de fen\u00eatre, le linteau de fen\u00eatre apporte une touche \u00e9l\u00e9gante et aboutie \u00e0 la fa\u00e7ade.\nSouvent con\u00e7u en harmonie avec le style de l\u2019habitation, il renforce le caract\u00e8re architectural du b\u00e2timent.<\/p>\t\t\t\t\t\t\t\t<\/div>\n\t\t\t\t<\/div>\n\t\t<div class=\"elementor-element elementor-element-58e2f9e e-con-full e-flex e-con e-child\" data-id=\"58e2f9e\" data-element_type=\"container\" data-e-type=\"container\">\n\t\t\t\t<div class=\"elementor-element elementor-element-d0e89fc elementor-widget elementor-widget-image\" data-id=\"d0e89fc\" data-element_type=\"widget\" data-e-type=\"widget\" data-widget_type=\"image.default\">\n\t\t\t\t\t\t\t\t\t\t\t\t\t\t\t<img fetchpriority=\"high\" decoding=\"async\" width=\"800\" height=\"534\" src=\"https:\/\/renier.be\/wp-content\/uploads\/2024\/11\/edit-4676-1024x683.jpg\" class=\"attachment-large size-large wp-image-2757\" alt=\"\" srcset=\"https:\/\/renier.be\/wp-content\/uploads\/2024\/11\/edit-4676-1024x683.jpg 1024w, https:\/\/renier.be\/wp-content\/uploads\/2024\/11\/edit-4676-300x200.jpg 300w, https:\/\/renier.be\/wp-content\/uploads\/2024\/11\/edit-4676-768x512.jpg 768w, https:\/\/renier.be\/wp-content\/uploads\/2024\/11\/edit-4676-1536x1024.jpg 1536w, https:\/\/renier.be\/wp-content\/uploads\/2024\/11\/edit-4676-2048x1365.jpg 2048w, https:\/\/renier.be\/wp-content\/uploads\/2024\/11\/edit-4676-600x400.jpg 600w\" sizes=\"(max-width: 800px) 100vw, 800px\" \/>\t\t\t\t\t\t\t\t\t\t\t\t\t\t\t<\/div>\n\t\t\t\t<\/div>\n\t\t\t\t\t<\/div>\n\t\t\t\t<\/div>\n\t\t<div class=\"elementor-element elementor-element-6232864 e-flex e-con-boxed e-con e-parent\" data-id=\"6232864\" data-element_type=\"container\" data-e-type=\"container\">\n\t\t\t\t\t<div class=\"e-con-inner\">\n\t\t\t\t<div class=\"elementor-element elementor-element-5a57266 elementor-widget__width-inherit elementor-widget elementor-widget-heading\" data-id=\"5a57266\" data-element_type=\"widget\" data-e-type=\"widget\" data-widget_type=\"heading.default\">\n\t\t\t\t\t<h2 class=\"elementor-heading-title elementor-size-default\">Pourquoi un linteau de fen\u00eatre en pierre naturelle ?<\/h2>\t\t\t\t<\/div>\n\t\t\t\t\t<\/div>\n\t\t\t\t<\/div>\n\t\t<div class=\"elementor-element elementor-element-4af6315 e-flex e-con-boxed e-con e-parent\" data-id=\"4af6315\" data-element_type=\"container\" data-e-type=\"container\">\n\t\t\t\t\t<div class=\"e-con-inner\">\n\t\t<div class=\"elementor-element elementor-element-29c3974 e-con-full e-flex e-con e-child\" data-id=\"29c3974\" data-element_type=\"container\" data-e-type=\"container\">\n\t\t\t\t<div class=\"elementor-element elementor-element-123026e elementor-widget elementor-widget-text-editor\" data-id=\"123026e\" data-element_type=\"widget\" data-e-type=\"widget\" data-widget_type=\"text-editor.default\">\n\t\t\t\t\t\t\t\t\t<p>Une doublure de fen\u00eatre en <strong>pierre naturelle<\/strong> est souvent choisi pour les raisons suivantes :<\/p><p><strong>1. Esth\u00e9tique et authenticit\u00e9<\/strong><\/p><ul><li><strong>Harmonie visuelle<\/strong>: Les linteaux en pierre naturelle s'int\u00e8grent parfaitement aux styles architecturaux traditionnels ou classiques. Ils donnent un aspect \u00e9l\u00e9gant et authentique et peuvent \u00eatre coordonn\u00e9s avec la ma\u00e7onnerie.<\/li><li><strong>Utilisation historique<\/strong>: Dans les b\u00e2timents historiques et les restaurations, la pierre naturelle est souvent utilis\u00e9e pour pr\u00e9server l'aspect d'origine.<\/li><\/ul><p><strong>2. Le d\u00e9veloppement durable<\/strong><\/p><ul><li><strong>Protection contre les intemp\u00e9ries<\/strong>: La pierre naturelle est tr\u00e8s r\u00e9sistante aux intemp\u00e9ries telles que la pluie, le gel et les rayons UV, ce qui lui conf\u00e8re une longue dur\u00e9e de vie sans usure importante.<\/li><li><strong>R\u00e9sistance \u00e0 l'usure<\/strong>: Le mat\u00e9riau conserve son caract\u00e8re et son apparence m\u00eame apr\u00e8s plusieurs d\u00e9cennies.<\/li><\/ul><p>\u00a0<\/p><p><strong>3. Facilit\u00e9 d\u2019entretien<\/strong><\/p><p>La pierre naturelle n\u00e9cessite peu d'entretien. Elle se nettoie facilement et reste r\u00e9sistante \u00e0 l'\u00e9rosion et \u00e0 la d\u00e9coloration.<\/p>\t\t\t\t\t\t\t\t<\/div>\n\t\t\t\t<\/div>\n\t\t<div class=\"elementor-element elementor-element-c56e31f e-con-full e-flex e-con e-child\" data-id=\"c56e31f\" data-element_type=\"container\" data-e-type=\"container\">\n\t\t\t\t<div class=\"elementor-element elementor-element-c6c3f62 elementor-widget elementor-widget-image\" data-id=\"c6c3f62\" data-element_type=\"widget\" data-e-type=\"widget\" data-widget_type=\"image.default\">\n\t\t\t\t\t\t\t\t\t\t\t\t\t\t\t<img decoding=\"async\" width=\"800\" height=\"534\" src=\"https:\/\/renier.be\/wp-content\/uploads\/2024\/11\/edit-4684-1024x683.jpg\" class=\"attachment-large size-large wp-image-2759\" alt=\"\" srcset=\"https:\/\/renier.be\/wp-content\/uploads\/2024\/11\/edit-4684-1024x683.jpg 1024w, https:\/\/renier.be\/wp-content\/uploads\/2024\/11\/edit-4684-300x200.jpg 300w, https:\/\/renier.be\/wp-content\/uploads\/2024\/11\/edit-4684-768x512.jpg 768w, https:\/\/renier.be\/wp-content\/uploads\/2024\/11\/edit-4684-1536x1024.jpg 1536w, https:\/\/renier.be\/wp-content\/uploads\/2024\/11\/edit-4684-2048x1365.jpg 2048w, https:\/\/renier.be\/wp-content\/uploads\/2024\/11\/edit-4684-600x400.jpg 600w\" sizes=\"(max-width: 800px) 100vw, 800px\" \/>\t\t\t\t\t\t\t\t\t\t\t\t\t\t\t<\/div>\n\t\t<div class=\"elementor-element elementor-element-348fbe9 e-con-full e-flex e-con e-child\" data-id=\"348fbe9\" data-element_type=\"container\" data-e-type=\"container\">\n\t\t\t\t<div class=\"elementor-element elementor-element-301acd2 elementor-widget elementor-widget-image\" data-id=\"301acd2\" data-element_type=\"widget\" data-e-type=\"widget\" data-widget_type=\"image.default\">\n\t\t\t\t\t\t\t\t\t\t\t\t<figure class=\"wp-caption\">\n\t\t\t\t\t\t\t\t\t\t<img decoding=\"async\" width=\"768\" height=\"1024\" src=\"https:\/\/renier.be\/wp-content\/uploads\/2025\/02\/Een-linteel-in-ons-atelier-768x1024.jpeg\" class=\"attachment-large size-large wp-image-3603\" alt=\"\" srcset=\"https:\/\/renier.be\/wp-content\/uploads\/2025\/02\/Een-linteel-in-ons-atelier-768x1024.jpeg 768w, https:\/\/renier.be\/wp-content\/uploads\/2025\/02\/Een-linteel-in-ons-atelier-225x300.jpeg 225w, https:\/\/renier.be\/wp-content\/uploads\/2025\/02\/Een-linteel-in-ons-atelier-1152x1536.jpeg 1152w, https:\/\/renier.be\/wp-content\/uploads\/2025\/02\/Een-linteel-in-ons-atelier-9x12.jpeg 9w, https:\/\/renier.be\/wp-content\/uploads\/2025\/02\/Een-linteel-in-ons-atelier-600x800.jpeg 600w, https:\/\/renier.be\/wp-content\/uploads\/2025\/02\/Een-linteel-in-ons-atelier.jpeg 1536w\" sizes=\"(max-width: 768px) 100vw, 768px\" \/>\t\t\t\t\t\t\t\t\t\t\t<figcaption class=\"widget-image-caption wp-caption-text\">Grands linteaux dans notre atelier<\/figcaption>\n\t\t\t\t\t\t\t\t\t\t<\/figure>\n\t\t\t\t\t\t\t\t\t<\/div>\n\t\t\t\t<\/div>\n\t\t\t\t<\/div>\n\t\t\t\t\t<\/div>\n\t\t\t\t<\/div>\n\t\t<div class=\"elementor-element elementor-element-d8fb2bd e-flex e-con-boxed e-con e-parent\" data-id=\"d8fb2bd\" data-element_type=\"container\" data-e-type=\"container\">\n\t\t\t\t\t<div class=\"e-con-inner\">\n\t\t<div class=\"elementor-element elementor-element-8bcf74e e-con-full e-flex e-con e-child\" data-id=\"8bcf74e\" data-element_type=\"container\" data-e-type=\"container\">\n\t\t\t\t<div class=\"elementor-element elementor-element-17b3753 elementor-widget elementor-widget-button\" data-id=\"17b3753\" data-element_type=\"widget\" data-e-type=\"widget\" data-widget_type=\"button.default\">\n\t\t\t\t\t\t\t\t\t\t<a class=\"elementor-button elementor-button-link elementor-size-sm\" href=\"https:\/\/renier.be\/fr\/produits\/?_categorieen=RAAMLINTEEL\">\n\t\t\t\t\t\t<span class=\"elementor-button-content-wrapper\">\n\t\t\t\t\t\t\t\t\t<span class=\"elementor-button-text\">Aper\u00e7u des linteaux de fen\u00eatre<\/span>\n\t\t\t\t\t<\/span>\n\t\t\t\t\t<\/a>\n\t\t\t\t\t\t\t\t<\/div>\n\t\t\t\t<\/div>\n\t\t\t\t\t<\/div>\n\t\t\t\t<\/div>\n\t\t\t\t<\/div>","protected":false},"excerpt":{"rendered":"<p>Wat is een raamlinteel ? Een raamlinteel is een esthetisch element dat boven een raamopening wordt geplaatst. Het zorgt voor een stijlvolle en afgewerkte uitstraling van de gevel. Raamlintelen zijn vaak afgestemd op de stijl van de woning en versterken het architecturale karakter. Waarom een raamlinteel in natuursteen ? Een raamlinteel in natuursteen wordt vaak [&hellip;]<\/p>\n","protected":false},"author":2,"featured_media":0,"parent":0,"menu_order":0,"comment_status":"closed","ping_status":"closed","template":"","meta":{"_acf_changed":false,"footnotes":""},"class_list":["post-1542","page","type-page","status-publish","hentry"],"acf":[],"yoast_head":"<!-- This site is optimized with the Yoast SEO plugin v27.3 - https:\/\/yoast.com\/product\/yoast-seo-wordpress\/ -->\n<title>Ruwbouw raamlinteel - Renier Natuursteen<\/title>\n<meta name=\"robots\" content=\"index, follow, max-snippet:-1, max-image-preview:large, max-video-preview:-1\" \/>\n<link rel=\"canonical\" href=\"https:\/\/renier.be\/fr\/ligne-de-fenetre\/\" \/>\n<meta property=\"og:locale\" content=\"fr_FR\" \/>\n<meta property=\"og:type\" content=\"article\" \/>\n<meta property=\"og:title\" content=\"Ruwbouw raamlinteel - Renier Natuursteen\" \/>\n<meta property=\"og:description\" content=\"Wat is een raamlinteel ? Een raamlinteel is een esthetisch element dat boven een raamopening wordt geplaatst. Het zorgt voor een stijlvolle en afgewerkte uitstraling van de gevel. Raamlintelen zijn vaak afgestemd op de stijl van de woning en versterken het architecturale karakter. Waarom een raamlinteel in natuursteen ? Een raamlinteel in natuursteen wordt vaak [&hellip;]\" \/>\n<meta property=\"og:url\" content=\"https:\/\/renier.be\/fr\/ligne-de-fenetre\/\" \/>\n<meta property=\"og:site_name\" content=\"Renier Natuursteen\" \/>\n<meta property=\"article:publisher\" content=\"https:\/\/www.facebook.com\/reniernatuursteen\" \/>\n<meta property=\"article:modified_time\" content=\"2025-05-15T12:15:16+00:00\" \/>\n<meta property=\"og:image\" content=\"https:\/\/renier.be\/wp-content\/uploads\/2024\/11\/edit-4676-scaled.jpg\" \/>\n\t<meta property=\"og:image:width\" content=\"2560\" \/>\n\t<meta property=\"og:image:height\" content=\"1707\" \/>\n\t<meta property=\"og:image:type\" content=\"image\/jpeg\" \/>\n<meta name=\"twitter:card\" content=\"summary_large_image\" \/>\n<meta name=\"twitter:label1\" content=\"Dur\u00e9e de lecture estim\u00e9e\" \/>\n\t<meta name=\"twitter:data1\" content=\"2 minutes\" \/>\n<script type=\"application\/ld+json\" class=\"yoast-schema-graph\">{\"@context\":\"https:\\\/\\\/schema.org\",\"@graph\":[{\"@type\":\"WebPage\",\"@id\":\"https:\\\/\\\/renier.be\\\/raamlinteel\\\/\",\"url\":\"https:\\\/\\\/renier.be\\\/raamlinteel\\\/\",\"name\":\"Ruwbouw raamlinteel - Renier Natuursteen\",\"isPartOf\":{\"@id\":\"https:\\\/\\\/renier.be\\\/#website\"},\"primaryImageOfPage\":{\"@id\":\"https:\\\/\\\/renier.be\\\/raamlinteel\\\/#primaryimage\"},\"image\":{\"@id\":\"https:\\\/\\\/renier.be\\\/raamlinteel\\\/#primaryimage\"},\"thumbnailUrl\":\"https:\\\/\\\/renier.be\\\/wp-content\\\/uploads\\\/2024\\\/11\\\/edit-4676-1024x683.jpg\",\"datePublished\":\"2024-08-20T15:05:42+00:00\",\"dateModified\":\"2025-05-15T12:15:16+00:00\",\"breadcrumb\":{\"@id\":\"https:\\\/\\\/renier.be\\\/raamlinteel\\\/#breadcrumb\"},\"inLanguage\":\"fr-FR\",\"potentialAction\":[{\"@type\":\"ReadAction\",\"target\":[\"https:\\\/\\\/renier.be\\\/raamlinteel\\\/\"]}]},{\"@type\":\"ImageObject\",\"inLanguage\":\"fr-FR\",\"@id\":\"https:\\\/\\\/renier.be\\\/raamlinteel\\\/#primaryimage\",\"url\":\"https:\\\/\\\/renier.be\\\/wp-content\\\/uploads\\\/2024\\\/11\\\/edit-4676-1024x683.jpg\",\"contentUrl\":\"https:\\\/\\\/renier.be\\\/wp-content\\\/uploads\\\/2024\\\/11\\\/edit-4676-1024x683.jpg\"},{\"@type\":\"BreadcrumbList\",\"@id\":\"https:\\\/\\\/renier.be\\\/raamlinteel\\\/#breadcrumb\",\"itemListElement\":[{\"@type\":\"ListItem\",\"position\":1,\"name\":\"Home\",\"item\":\"https:\\\/\\\/renier.be\\\/\"},{\"@type\":\"ListItem\",\"position\":2,\"name\":\"Ruwbouw raamlinteel\"}]},{\"@type\":\"WebSite\",\"@id\":\"https:\\\/\\\/renier.be\\\/#website\",\"url\":\"https:\\\/\\\/renier.be\\\/\",\"name\":\"Renier Natuursteen\",\"description\":\"Specialist in Belgisch Blauwe Hardsteen\",\"publisher\":{\"@id\":\"https:\\\/\\\/renier.be\\\/#organization\"},\"potentialAction\":[{\"@type\":\"SearchAction\",\"target\":{\"@type\":\"EntryPoint\",\"urlTemplate\":\"https:\\\/\\\/renier.be\\\/?s={search_term_string}\"},\"query-input\":{\"@type\":\"PropertyValueSpecification\",\"valueRequired\":true,\"valueName\":\"search_term_string\"}}],\"inLanguage\":\"fr-FR\"},{\"@type\":\"Organization\",\"@id\":\"https:\\\/\\\/renier.be\\\/#organization\",\"name\":\"Renier Natuursteen\",\"url\":\"https:\\\/\\\/renier.be\\\/\",\"logo\":{\"@type\":\"ImageObject\",\"inLanguage\":\"fr-FR\",\"@id\":\"https:\\\/\\\/renier.be\\\/#\\\/schema\\\/logo\\\/image\\\/\",\"url\":\"\",\"contentUrl\":\"\",\"caption\":\"Renier Natuursteen\"},\"image\":{\"@id\":\"https:\\\/\\\/renier.be\\\/#\\\/schema\\\/logo\\\/image\\\/\"},\"sameAs\":[\"https:\\\/\\\/www.facebook.com\\\/reniernatuursteen\"]}]}<\/script>\n<!-- \/ Yoast SEO plugin. -->","yoast_head_json":{"title":"Linteau de fen\u00eatre en cr\u00e9pi - Renier Natural Stone","robots":{"index":"index","follow":"follow","max-snippet":"max-snippet:-1","max-image-preview":"max-image-preview:large","max-video-preview":"max-video-preview:-1"},"canonical":"https:\/\/renier.be\/fr\/ligne-de-fenetre\/","og_locale":"fr_FR","og_type":"article","og_title":"Ruwbouw raamlinteel - Renier Natuursteen","og_description":"Wat is een raamlinteel ? Een raamlinteel is een esthetisch element dat boven een raamopening wordt geplaatst. Het zorgt voor een stijlvolle en afgewerkte uitstraling van de gevel. Raamlintelen zijn vaak afgestemd op de stijl van de woning en versterken het architecturale karakter. Waarom een raamlinteel in natuursteen ? Een raamlinteel in natuursteen wordt vaak [&hellip;]","og_url":"https:\/\/renier.be\/fr\/ligne-de-fenetre\/","og_site_name":"Renier Natuursteen","article_publisher":"https:\/\/www.facebook.com\/reniernatuursteen","article_modified_time":"2025-05-15T12:15:16+00:00","og_image":[{"width":2560,"height":1707,"url":"https:\/\/renier.be\/wp-content\/uploads\/2024\/11\/edit-4676-scaled.jpg","type":"image\/jpeg"}],"twitter_card":"summary_large_image","twitter_misc":{"Dur\u00e9e de lecture estim\u00e9e":"2 minutes"},"schema":{"@context":"https:\/\/schema.org","@graph":[{"@type":"WebPage","@id":"https:\/\/renier.be\/raamlinteel\/","url":"https:\/\/renier.be\/raamlinteel\/","name":"Linteau de fen\u00eatre en cr\u00e9pi - Renier Natural Stone","isPartOf":{"@id":"https:\/\/renier.be\/#website"},"primaryImageOfPage":{"@id":"https:\/\/renier.be\/raamlinteel\/#primaryimage"},"image":{"@id":"https:\/\/renier.be\/raamlinteel\/#primaryimage"},"thumbnailUrl":"https:\/\/renier.be\/wp-content\/uploads\/2024\/11\/edit-4676-1024x683.jpg","datePublished":"2024-08-20T15:05:42+00:00","dateModified":"2025-05-15T12:15:16+00:00","breadcrumb":{"@id":"https:\/\/renier.be\/raamlinteel\/#breadcrumb"},"inLanguage":"fr-FR","potentialAction":[{"@type":"ReadAction","target":["https:\/\/renier.be\/raamlinteel\/"]}]},{"@type":"ImageObject","inLanguage":"fr-FR","@id":"https:\/\/renier.be\/raamlinteel\/#primaryimage","url":"https:\/\/renier.be\/wp-content\/uploads\/2024\/11\/edit-4676-1024x683.jpg","contentUrl":"https:\/\/renier.be\/wp-content\/uploads\/2024\/11\/edit-4676-1024x683.jpg"},{"@type":"BreadcrumbList","@id":"https:\/\/renier.be\/raamlinteel\/#breadcrumb","itemListElement":[{"@type":"ListItem","position":1,"name":"Home","item":"https:\/\/renier.be\/"},{"@type":"ListItem","position":2,"name":"Ruwbouw raamlinteel"}]},{"@type":"WebSite","@id":"https:\/\/renier.be\/#website","url":"https:\/\/renier.be\/","name":"Pierre naturelle de Renier","description":"Sp\u00e9cialiste de la pierre bleue belge","publisher":{"@id":"https:\/\/renier.be\/#organization"},"potentialAction":[{"@type":"SearchAction","target":{"@type":"EntryPoint","urlTemplate":"https:\/\/renier.be\/?s={search_term_string}"},"query-input":{"@type":"PropertyValueSpecification","valueRequired":true,"valueName":"search_term_string"}}],"inLanguage":"fr-FR"},{"@type":"Organization","@id":"https:\/\/renier.be\/#organization","name":"Pierre naturelle de Renier","url":"https:\/\/renier.be\/","logo":{"@type":"ImageObject","inLanguage":"fr-FR","@id":"https:\/\/renier.be\/#\/schema\/logo\/image\/","url":"","contentUrl":"","caption":"Renier Natuursteen"},"image":{"@id":"https:\/\/renier.be\/#\/schema\/logo\/image\/"},"sameAs":["https:\/\/www.facebook.com\/reniernatuursteen"]}]}},"_links":{"self":[{"href":"https:\/\/renier.be\/fr\/wp-json\/wp\/v2\/pages\/1542","targetHints":{"allow":["GET"]}}],"collection":[{"href":"https:\/\/renier.be\/fr\/wp-json\/wp\/v2\/pages"}],"about":[{"href":"https:\/\/renier.be\/fr\/wp-json\/wp\/v2\/types\/page"}],"author":[{"embeddable":true,"href":"https:\/\/renier.be\/fr\/wp-json\/wp\/v2\/users\/2"}],"replies":[{"embeddable":true,"href":"https:\/\/renier.be\/fr\/wp-json\/wp\/v2\/comments?post=1542"}],"version-history":[{"count":0,"href":"https:\/\/renier.be\/fr\/wp-json\/wp\/v2\/pages\/1542\/revisions"}],"wp:attachment":[{"href":"https:\/\/renier.be\/fr\/wp-json\/wp\/v2\/media?parent=1542"}],"curies":[{"name":"wp","href":"https:\/\/api.w.org\/{rel}","templated":true}]}}