{"id":1547,"date":"2024-08-20T17:06:44","date_gmt":"2024-08-20T15:06:44","guid":{"rendered":"https:\/\/renier.be\/?page_id=1547"},"modified":"2024-11-25T15:31:25","modified_gmt":"2024-11-25T14:31:25","slug":"blocs-de-construction","status":"publish","type":"page","link":"https:\/\/renier.be\/fr\/ruwbouw-breukstenen\/","title":{"rendered":"Briques de carri\u00e8re cr\u00e9pies"},"content":{"rendered":"<div data-elementor-type=\"wp-page\" data-elementor-id=\"1547\" class=\"elementor elementor-1547\" data-elementor-post-type=\"page\">\n\t\t\t\t<div class=\"elementor-element elementor-element-ad07874 e-flex e-con-boxed e-con e-parent\" data-id=\"ad07874\" data-element_type=\"container\" data-e-type=\"container\">\n\t\t\t\t\t<div class=\"e-con-inner\">\n\t\t\t\t<div class=\"elementor-element elementor-element-99734fc elementor-widget__width-inherit elementor-widget elementor-widget-heading\" data-id=\"99734fc\" data-element_type=\"widget\" data-e-type=\"widget\" data-widget_type=\"heading.default\">\n\t\t\t\t\t<h2 class=\"elementor-heading-title elementor-size-default\">Qu'est-ce qu'un moellon ?<\/h2>\t\t\t\t<\/div>\n\t\t\t\t\t<\/div>\n\t\t\t\t<\/div>\n\t\t<div class=\"elementor-element elementor-element-3dbed1d e-flex e-con-boxed e-con e-parent\" data-id=\"3dbed1d\" data-element_type=\"container\" data-e-type=\"container\">\n\t\t\t\t\t<div class=\"e-con-inner\">\n\t\t<div class=\"elementor-element elementor-element-5cf20bd e-con-full e-flex e-con e-child\" data-id=\"5cf20bd\" data-element_type=\"container\" data-e-type=\"container\">\n\t\t\t\t<div class=\"elementor-element elementor-element-1527dae elementor-widget elementor-widget-text-editor\" data-id=\"1527dae\" data-element_type=\"widget\" data-e-type=\"widget\" data-widget_type=\"text-editor.default\">\n\t\t\t\t\t\t\t\t\t<p>Les moellons sont des pierres naturelles obtenues en brisant m\u00e9caniquement de gros blocs de pierre ou des rochers, sans autre traitement ou broyage. Par cons\u00e9quent, ces pierres ont des formes irr\u00e9guli\u00e8res et des angles aigus.<\/p><p>Les briques cass\u00e9es donnent du caract\u00e8re \u00e0 votre maison gr\u00e2ce \u00e0 leurs formes naturelles et irr\u00e9guli\u00e8res et \u00e0 leur texture rugueuse. Ces briques donnent un aspect authentique et intemporel, rappelant les styles architecturaux traditionnels et la nature. De plus, les variations de couleur et de texture cr\u00e9ent un aspect unique et vibrant, donnant \u00e0 chaque application son propre caract\u00e8re.<\/p>\t\t\t\t\t\t\t\t<\/div>\n\t\t\t\t<\/div>\n\t\t<div class=\"elementor-element elementor-element-d6cea73 e-con-full e-flex e-con e-child\" data-id=\"d6cea73\" data-element_type=\"container\" data-e-type=\"container\">\n\t\t\t\t<div class=\"elementor-element elementor-element-1e8b2fb elementor-widget elementor-widget-image\" data-id=\"1e8b2fb\" data-element_type=\"widget\" data-e-type=\"widget\" data-widget_type=\"image.default\">\n\t\t\t\t\t\t\t\t\t\t\t\t\t\t\t<img fetchpriority=\"high\" decoding=\"async\" width=\"800\" height=\"600\" src=\"https:\/\/renier.be\/wp-content\/uploads\/2024\/08\/20200901_113046-1024x768.jpg\" class=\"attachment-large size-large wp-image-1974\" alt=\"\" srcset=\"https:\/\/renier.be\/wp-content\/uploads\/2024\/08\/20200901_113046-1024x768.jpg 1024w, https:\/\/renier.be\/wp-content\/uploads\/2024\/08\/20200901_113046-300x225.jpg 300w, https:\/\/renier.be\/wp-content\/uploads\/2024\/08\/20200901_113046-768x576.jpg 768w, https:\/\/renier.be\/wp-content\/uploads\/2024\/08\/20200901_113046-1536x1152.jpg 1536w, https:\/\/renier.be\/wp-content\/uploads\/2024\/08\/20200901_113046-2048x1536.jpg 2048w, https:\/\/renier.be\/wp-content\/uploads\/2024\/08\/20200901_113046-600x450.jpg 600w\" sizes=\"(max-width: 800px) 100vw, 800px\" \/>\t\t\t\t\t\t\t\t\t\t\t\t\t\t\t<\/div>\n\t\t\t\t<\/div>\n\t\t\t\t\t<\/div>\n\t\t\t\t<\/div>\n\t\t<div class=\"elementor-element elementor-element-b60eb70 e-flex e-con-boxed e-con e-parent\" data-id=\"b60eb70\" data-element_type=\"container\" data-e-type=\"container\">\n\t\t\t\t\t<div class=\"e-con-inner\">\n\t\t\t\t<div class=\"elementor-element elementor-element-42049d8 elementor-widget__width-inherit elementor-widget elementor-widget-heading\" data-id=\"42049d8\" data-element_type=\"widget\" data-e-type=\"widget\" data-widget_type=\"heading.default\">\n\t\t\t\t\t<h2 class=\"elementor-heading-title elementor-size-default\">Pourquoi casser des pierres dans la pierre naturelle ?<\/h2>\t\t\t\t<\/div>\n\t\t\t\t\t<\/div>\n\t\t\t\t<\/div>\n\t\t<div class=\"elementor-element elementor-element-a4963d2 e-flex e-con-boxed e-con e-parent\" data-id=\"a4963d2\" data-element_type=\"container\" data-e-type=\"container\">\n\t\t\t\t\t<div class=\"e-con-inner\">\n\t\t<div class=\"elementor-element elementor-element-81b3824 e-con-full e-flex e-con e-child\" data-id=\"81b3824\" data-element_type=\"container\" data-e-type=\"container\">\n\t\t\t\t<div class=\"elementor-element elementor-element-750cc0a elementor-widget elementor-widget-text-editor\" data-id=\"750cc0a\" data-element_type=\"widget\" data-e-type=\"widget\" data-widget_type=\"text-editor.default\">\n\t\t\t\t\t\t\t\t\t<p>Les blocs de pierre naturelle concass\u00e9e sont appr\u00e9ci\u00e9s pour leur durabilit\u00e9, leur esth\u00e9tique et l'aspect authentique qu'ils peuvent apporter \u00e0 un projet. La pierre naturelle est naturellement tr\u00e8s robuste et r\u00e9sistante aux diverses conditions m\u00e9t\u00e9orologiques, ce qui en fait un excellent choix pour les applications int\u00e9rieures et ext\u00e9rieures. Par rapport aux mat\u00e9riaux fabriqu\u00e9s par l'homme, la pierre naturelle vieillit magnifiquement, r\u00e9v\u00e9lant la chronologie du mat\u00e9riau sans en perdre l'int\u00e9grit\u00e9.<\/p><p>Les variations de couleurs naturelles, les textures et les formes irr\u00e9guli\u00e8res des pierres de carri\u00e8re cr\u00e9ent un aspect unique et vivant. Cela rend chaque application sp\u00e9ciale, car il n'y a pas deux pi\u00e8ces identiques. L'aspect organique des pierres de carri\u00e8re naturelles conf\u00e8re \u00e0 un projet un aspect classique et intemporel, tout en s'int\u00e9grant bien \u00e0 l'architecture traditionnelle et moderne.<\/p><p>En outre, la pierre naturelle renforce le lien avec l'environnement naturel. L'utilisation de pierres naturelles concass\u00e9es peut aider un b\u00e2timent ou un paysage \u00e0 s'int\u00e9grer plus harmonieusement dans son environnement, en utilisant des mat\u00e9riaux qui se trouvent naturellement dans le paysage. Cela contribue \u00e0 un style de construction durable et respectueux de l'environnement, \u00e0 la fois esth\u00e9tique et fonctionnel.<\/p>\t\t\t\t\t\t\t\t<\/div>\n\t\t\t\t<\/div>\n\t\t<div class=\"elementor-element elementor-element-21e815a e-con-full e-flex e-con e-child\" data-id=\"21e815a\" data-element_type=\"container\" data-e-type=\"container\">\n\t\t\t\t<div class=\"elementor-element elementor-element-918c618 elementor-widget elementor-widget-image\" data-id=\"918c618\" data-element_type=\"widget\" data-e-type=\"widget\" data-widget_type=\"image.default\">\n\t\t\t\t\t\t\t\t\t\t\t\t\t\t\t<img decoding=\"async\" width=\"800\" height=\"442\" src=\"https:\/\/renier.be\/wp-content\/uploads\/2024\/08\/1704_200821_EG_30_FinZinc_retouche-1024x566.jpg\" class=\"attachment-large size-large wp-image-1975\" alt=\"\" srcset=\"https:\/\/renier.be\/wp-content\/uploads\/2024\/08\/1704_200821_EG_30_FinZinc_retouche-1024x566.jpg 1024w, https:\/\/renier.be\/wp-content\/uploads\/2024\/08\/1704_200821_EG_30_FinZinc_retouche-300x166.jpg 300w, https:\/\/renier.be\/wp-content\/uploads\/2024\/08\/1704_200821_EG_30_FinZinc_retouche-768x424.jpg 768w, https:\/\/renier.be\/wp-content\/uploads\/2024\/08\/1704_200821_EG_30_FinZinc_retouche-1536x849.jpg 1536w, https:\/\/renier.be\/wp-content\/uploads\/2024\/08\/1704_200821_EG_30_FinZinc_retouche-2048x1132.jpg 2048w, https:\/\/renier.be\/wp-content\/uploads\/2024\/08\/1704_200821_EG_30_FinZinc_retouche-600x332.jpg 600w\" sizes=\"(max-width: 800px) 100vw, 800px\" \/>\t\t\t\t\t\t\t\t\t\t\t\t\t\t\t<\/div>\n\t\t<div class=\"elementor-element elementor-element-af12796 e-con-full e-flex e-con e-child\" data-id=\"af12796\" data-element_type=\"container\" data-e-type=\"container\">\n\t\t\t\t<div class=\"elementor-element elementor-element-41ef66c elementor-widget elementor-widget-image\" data-id=\"41ef66c\" data-element_type=\"widget\" data-e-type=\"widget\" data-widget_type=\"image.default\">\n\t\t\t\t\t\t\t\t\t\t\t\t\t\t\t<img decoding=\"async\" width=\"800\" height=\"600\" src=\"https:\/\/renier.be\/wp-content\/uploads\/2024\/06\/Strivay-equarris-006-004.jpg\" class=\"attachment-large size-large wp-image-379\" alt=\"\" srcset=\"https:\/\/renier.be\/wp-content\/uploads\/2024\/06\/Strivay-equarris-006-004.jpg 1024w, https:\/\/renier.be\/wp-content\/uploads\/2024\/06\/Strivay-equarris-006-004-300x225.jpg 300w, https:\/\/renier.be\/wp-content\/uploads\/2024\/06\/Strivay-equarris-006-004-768x576.jpg 768w, https:\/\/renier.be\/wp-content\/uploads\/2024\/06\/Strivay-equarris-006-004-600x450.jpg 600w\" sizes=\"(max-width: 800px) 100vw, 800px\" \/>\t\t\t\t\t\t\t\t\t\t\t\t\t\t\t<\/div>\n\t\t\t\t<\/div>\n\t\t\t\t<\/div>\n\t\t\t\t\t<\/div>\n\t\t\t\t<\/div>\n\t\t<div class=\"elementor-element elementor-element-ad84c18 e-flex e-con-boxed e-con e-parent\" data-id=\"ad84c18\" data-element_type=\"container\" data-e-type=\"container\">\n\t\t\t\t\t<div class=\"e-con-inner\">\n\t\t\t\t<div class=\"elementor-element elementor-element-39a5948 elementor-widget__width-inherit elementor-widget elementor-widget-heading\" data-id=\"39a5948\" data-element_type=\"widget\" data-e-type=\"widget\" data-widget_type=\"heading.default\">\n\t\t\t\t\t<h2 class=\"elementor-heading-title elementor-size-default\">Nous en produisons trois types, chacun \u00e0 partir d'un calcaire de ma\u00efs du Vinalmont :<\/h2>\t\t\t\t<\/div>\n\t\t\t\t\t<\/div>\n\t\t\t\t<\/div>\n\t\t<div class=\"elementor-element elementor-element-956a65e e-flex e-con-boxed e-con e-parent\" data-id=\"956a65e\" data-element_type=\"container\" data-e-type=\"container\">\n\t\t\t\t\t<div class=\"e-con-inner\">\n\t\t<div class=\"elementor-element elementor-element-644d7ea e-con-full e-flex e-con e-child\" data-id=\"644d7ea\" data-element_type=\"container\" data-e-type=\"container\">\n\t\t\t\t<div class=\"elementor-element elementor-element-384c2f9 elementor-widget elementor-widget-text-editor\" data-id=\"384c2f9\" data-element_type=\"widget\" data-e-type=\"widget\" data-widget_type=\"text-editor.default\">\n\t\t\t\t\t\t\t\t\t<h3>CLIV\u00c9<\/h3><p>La pierre brute est seulement cliv\u00e9e et non travaill\u00e9e. Cette technique met en valeur le caract\u00e8re rustique de la pierre, qui peut prendre des formes vari\u00e9es, de l'anguleux \u00e0 l'arrondi.<\/p><p>\u00a0<\/p>\t\t\t\t\t\t\t\t<\/div>\n\t\t<div class=\"elementor-element elementor-element-84b569a e-con-full e-flex e-con e-child\" data-id=\"84b569a\" data-element_type=\"container\" data-e-type=\"container\">\n\t\t\t\t<div class=\"elementor-element elementor-element-54b24f0 elementor-widget elementor-widget-text-editor\" data-id=\"54b24f0\" data-element_type=\"widget\" data-e-type=\"widget\" data-widget_type=\"text-editor.default\">\n\t\t\t\t\t\t\t\t\t<p><img loading=\"lazy\" decoding=\"async\" class=\"alignnone size-full wp-image-2773\" src=\"https:\/\/renier.be\/wp-content\/uploads\/2024\/11\/Gekloven.jpg\" alt=\"\" width=\"255\" height=\"173\" \/><\/p>\t\t\t\t\t\t\t\t<\/div>\n\t\t\t\t<\/div>\n\t\t\t\t<\/div>\n\t\t<div class=\"elementor-element elementor-element-4a3c5b5 e-con-full e-flex e-con e-child\" data-id=\"4a3c5b5\" data-element_type=\"container\" data-e-type=\"container\">\n\t\t\t\t<div class=\"elementor-element elementor-element-4641dd7 elementor-widget elementor-widget-text-editor\" data-id=\"4641dd7\" data-element_type=\"widget\" data-e-type=\"widget\" data-widget_type=\"text-editor.default\">\n\t\t\t\t\t\t\t\t\t<h3>\u00c0 MOITI\u00c9 FINI<\/h3><p>La pierre semi-finie est un bon compromis entre le caract\u00e8re rustique de la pierre cliv\u00e9e et la facilit\u00e9 de ma\u00e7onnerie de la pierre travaill\u00e9e. Avec ses deux bords parall\u00e8les, elle conserve un aspect ordonn\u00e9 tout en pouvant accueillir des formes arrondies.<\/p>\t\t\t\t\t\t\t\t<\/div>\n\t\t<div class=\"elementor-element elementor-element-56389d4 e-con-full e-flex e-con e-child\" data-id=\"56389d4\" data-element_type=\"container\" data-e-type=\"container\">\n\t\t\t\t<div class=\"elementor-element elementor-element-baa5ab9 elementor-widget elementor-widget-text-editor\" data-id=\"baa5ab9\" data-element_type=\"widget\" data-e-type=\"widget\" data-widget_type=\"text-editor.default\">\n\t\t\t\t\t\t\t\t\t<p><img loading=\"lazy\" decoding=\"async\" class=\"alignnone size-full wp-image-2774\" src=\"https:\/\/renier.be\/wp-content\/uploads\/2024\/11\/Half-afgewerkt.jpg\" alt=\"\" width=\"256\" height=\"175\" \/><\/p>\t\t\t\t\t\t\t\t<\/div>\n\t\t\t\t<\/div>\n\t\t\t\t<\/div>\n\t\t<div class=\"elementor-element elementor-element-e1abdb7 e-con-full e-flex e-con e-child\" data-id=\"e1abdb7\" data-element_type=\"container\" data-e-type=\"container\">\n\t\t\t\t<div class=\"elementor-element elementor-element-aa525e0 elementor-widget elementor-widget-text-editor\" data-id=\"aa525e0\" data-element_type=\"widget\" data-e-type=\"widget\" data-widget_type=\"text-editor.default\">\n\t\t\t\t\t\t\t\t\t<h3>FINI<\/h3><p>La pierre travaill\u00e9e passe entre les mains de nos artisans qui fa\u00e7onnent chaque face visible de la pierre pour lui donner un aspect textur\u00e9. Cette pierre respire la solidit\u00e9 et le s\u00e9rieux et, gr\u00e2ce \u00e0 ses ar\u00eates parall\u00e8les, elle est facile \u00e0 int\u00e9grer dans la ma\u00e7onnerie.<\/p>\t\t\t\t\t\t\t\t<\/div>\n\t\t<div class=\"elementor-element elementor-element-49646d0 e-con-full e-flex e-con e-child\" data-id=\"49646d0\" data-element_type=\"container\" data-e-type=\"container\">\n\t\t\t\t<div class=\"elementor-element elementor-element-b893810 elementor-widget elementor-widget-text-editor\" data-id=\"b893810\" data-element_type=\"widget\" data-e-type=\"widget\" data-widget_type=\"text-editor.default\">\n\t\t\t\t\t\t\t\t\t<p><img loading=\"lazy\" decoding=\"async\" class=\"alignnone size-full wp-image-2772\" src=\"https:\/\/renier.be\/wp-content\/uploads\/2024\/11\/Afgewerkt.jpg\" alt=\"\" width=\"256\" height=\"175\" \/><\/p>\t\t\t\t\t\t\t\t<\/div>\n\t\t\t\t<\/div>\n\t\t\t\t<\/div>\n\t\t\t\t\t<\/div>\n\t\t\t\t<\/div>\n\t\t<div class=\"elementor-element elementor-element-1f915ef e-flex e-con-boxed e-con e-parent\" data-id=\"1f915ef\" data-element_type=\"container\" data-e-type=\"container\">\n\t\t\t\t\t<div class=\"e-con-inner\">\n\t\t\t\t<div class=\"elementor-element elementor-element-2e54703 elementor-widget elementor-widget-text-editor\" data-id=\"2e54703\" data-element_type=\"widget\" data-e-type=\"widget\" data-widget_type=\"text-editor.default\">\n\t\t\t\t\t\t\t\t\t<h3>Dimensions :<\/h3><p><img loading=\"lazy\" decoding=\"async\" class=\"alignnone wp-image-2775 size-full\" src=\"https:\/\/renier.be\/wp-content\/uploads\/2024\/11\/BREUKSTEEN-met-afmetingen.jpg\" alt=\"\" width=\"709\" height=\"458\" srcset=\"https:\/\/renier.be\/wp-content\/uploads\/2024\/11\/BREUKSTEEN-met-afmetingen.jpg 709w, https:\/\/renier.be\/wp-content\/uploads\/2024\/11\/BREUKSTEEN-met-afmetingen-300x194.jpg 300w, https:\/\/renier.be\/wp-content\/uploads\/2024\/11\/BREUKSTEEN-met-afmetingen-600x388.jpg 600w\" sizes=\"(max-width: 709px) 100vw, 709px\" \/><\/p>\t\t\t\t\t\t\t\t<\/div>\n\t\t\t\t<div class=\"elementor-element elementor-element-0ff15fc elementor-widget elementor-widget-button\" data-id=\"0ff15fc\" data-element_type=\"widget\" data-e-type=\"widget\" data-widget_type=\"button.default\">\n\t\t\t\t\t\t\t\t\t\t<a class=\"elementor-button elementor-button-link elementor-size-sm\" href=\"https:\/\/renier.be\/fr\/produits\/?_categorieen=breukstenen\">\n\t\t\t\t\t\t<span class=\"elementor-button-content-wrapper\">\n\t\t\t\t\t\t\t\t\t<span class=\"elementor-button-text\">Nos moellons<\/span>\n\t\t\t\t\t<\/span>\n\t\t\t\t\t<\/a>\n\t\t\t\t\t\t\t\t<\/div>\n\t\t\t\t\t<\/div>\n\t\t\t\t<\/div>\n\t\t\t\t<\/div>","protected":false},"excerpt":{"rendered":"<p>Wat zijn breukstenen ? Breukstenen zijn natuurlijke stenen die verkregen worden door grote rotsblokken of gesteenten mechanisch te breken, zonder verdere bewerking of slijpen. Deze stenen hebben daardoor onregelmatige vormen en scherpe hoeken. Breukstenen geven uw woning een mooi karakter door hun natuurlijke, onregelmatige vormen en ruwe textuur. Deze stenen voegen een authentieke, tijdloze uitstraling [&hellip;]<\/p>\n","protected":false},"author":2,"featured_media":0,"parent":0,"menu_order":0,"comment_status":"closed","ping_status":"closed","template":"","meta":{"_acf_changed":false,"footnotes":""},"class_list":["post-1547","page","type-page","status-publish","hentry"],"acf":[],"yoast_head":"<!-- This site is optimized with the Yoast SEO plugin v27.5 - https:\/\/yoast.com\/product\/yoast-seo-wordpress\/ -->\n<title>Ruwbouw breukstenen - Renier Natuursteen<\/title>\n<meta name=\"robots\" content=\"index, follow, max-snippet:-1, max-image-preview:large, max-video-preview:-1\" \/>\n<link rel=\"canonical\" href=\"https:\/\/renier.be\/fr\/blocs-de-construction\/\" \/>\n<meta property=\"og:locale\" content=\"fr_FR\" \/>\n<meta property=\"og:type\" content=\"article\" \/>\n<meta property=\"og:title\" content=\"Ruwbouw breukstenen - Renier Natuursteen\" \/>\n<meta property=\"og:description\" content=\"Wat zijn breukstenen ? Breukstenen zijn natuurlijke stenen die verkregen worden door grote rotsblokken of gesteenten mechanisch te breken, zonder verdere bewerking of slijpen. Deze stenen hebben daardoor onregelmatige vormen en scherpe hoeken. Breukstenen geven uw woning een mooi karakter door hun natuurlijke, onregelmatige vormen en ruwe textuur. Deze stenen voegen een authentieke, tijdloze uitstraling [&hellip;]\" \/>\n<meta property=\"og:url\" content=\"https:\/\/renier.be\/fr\/blocs-de-construction\/\" \/>\n<meta property=\"og:site_name\" content=\"Renier Natuursteen\" \/>\n<meta property=\"article:publisher\" content=\"https:\/\/www.facebook.com\/reniernatuursteen\" \/>\n<meta property=\"article:modified_time\" content=\"2024-11-25T14:31:25+00:00\" \/>\n<meta property=\"og:image\" content=\"https:\/\/renier.be\/wp-content\/uploads\/2024\/08\/20200901_113046-scaled.jpg\" \/>\n\t<meta property=\"og:image:width\" content=\"2560\" \/>\n\t<meta property=\"og:image:height\" content=\"1920\" \/>\n\t<meta property=\"og:image:type\" content=\"image\/jpeg\" \/>\n<meta name=\"twitter:card\" content=\"summary_large_image\" \/>\n<meta name=\"twitter:label1\" content=\"Dur\u00e9e de lecture estim\u00e9e\" \/>\n\t<meta name=\"twitter:data1\" content=\"4 minutes\" \/>\n<script type=\"application\/ld+json\" class=\"yoast-schema-graph\">{\"@context\":\"https:\\\/\\\/schema.org\",\"@graph\":[{\"@type\":\"WebPage\",\"@id\":\"https:\\\/\\\/renier.be\\\/ruwbouw-breukstenen\\\/\",\"url\":\"https:\\\/\\\/renier.be\\\/ruwbouw-breukstenen\\\/\",\"name\":\"Ruwbouw breukstenen - Renier Natuursteen\",\"isPartOf\":{\"@id\":\"https:\\\/\\\/renier.be\\\/#website\"},\"primaryImageOfPage\":{\"@id\":\"https:\\\/\\\/renier.be\\\/ruwbouw-breukstenen\\\/#primaryimage\"},\"image\":{\"@id\":\"https:\\\/\\\/renier.be\\\/ruwbouw-breukstenen\\\/#primaryimage\"},\"thumbnailUrl\":\"https:\\\/\\\/renier.be\\\/wp-content\\\/uploads\\\/2024\\\/08\\\/20200901_113046-1024x768.jpg\",\"datePublished\":\"2024-08-20T15:06:44+00:00\",\"dateModified\":\"2024-11-25T14:31:25+00:00\",\"breadcrumb\":{\"@id\":\"https:\\\/\\\/renier.be\\\/ruwbouw-breukstenen\\\/#breadcrumb\"},\"inLanguage\":\"fr-FR\",\"potentialAction\":[{\"@type\":\"ReadAction\",\"target\":[\"https:\\\/\\\/renier.be\\\/ruwbouw-breukstenen\\\/\"]}]},{\"@type\":\"ImageObject\",\"inLanguage\":\"fr-FR\",\"@id\":\"https:\\\/\\\/renier.be\\\/ruwbouw-breukstenen\\\/#primaryimage\",\"url\":\"https:\\\/\\\/renier.be\\\/wp-content\\\/uploads\\\/2024\\\/08\\\/20200901_113046-1024x768.jpg\",\"contentUrl\":\"https:\\\/\\\/renier.be\\\/wp-content\\\/uploads\\\/2024\\\/08\\\/20200901_113046-1024x768.jpg\"},{\"@type\":\"BreadcrumbList\",\"@id\":\"https:\\\/\\\/renier.be\\\/ruwbouw-breukstenen\\\/#breadcrumb\",\"itemListElement\":[{\"@type\":\"ListItem\",\"position\":1,\"name\":\"Home\",\"item\":\"https:\\\/\\\/renier.be\\\/\"},{\"@type\":\"ListItem\",\"position\":2,\"name\":\"Ruwbouw breukstenen\"}]},{\"@type\":\"WebSite\",\"@id\":\"https:\\\/\\\/renier.be\\\/#website\",\"url\":\"https:\\\/\\\/renier.be\\\/\",\"name\":\"Renier Natuursteen\",\"description\":\"Specialist in Belgisch Blauwe Hardsteen\",\"publisher\":{\"@id\":\"https:\\\/\\\/renier.be\\\/#organization\"},\"potentialAction\":[{\"@type\":\"SearchAction\",\"target\":{\"@type\":\"EntryPoint\",\"urlTemplate\":\"https:\\\/\\\/renier.be\\\/?s={search_term_string}\"},\"query-input\":{\"@type\":\"PropertyValueSpecification\",\"valueRequired\":true,\"valueName\":\"search_term_string\"}}],\"inLanguage\":\"fr-FR\"},{\"@type\":\"Organization\",\"@id\":\"https:\\\/\\\/renier.be\\\/#organization\",\"name\":\"Renier Natuursteen\",\"url\":\"https:\\\/\\\/renier.be\\\/\",\"logo\":{\"@type\":\"ImageObject\",\"inLanguage\":\"fr-FR\",\"@id\":\"https:\\\/\\\/renier.be\\\/#\\\/schema\\\/logo\\\/image\\\/\",\"url\":\"\",\"contentUrl\":\"\",\"caption\":\"Renier Natuursteen\"},\"image\":{\"@id\":\"https:\\\/\\\/renier.be\\\/#\\\/schema\\\/logo\\\/image\\\/\"},\"sameAs\":[\"https:\\\/\\\/www.facebook.com\\\/reniernatuursteen\"]}]}<\/script>\n<!-- \/ Yoast SEO plugin. -->","yoast_head_json":{"title":"Pierre concass\u00e9e brute - Renier Natuursteen","robots":{"index":"index","follow":"follow","max-snippet":"max-snippet:-1","max-image-preview":"max-image-preview:large","max-video-preview":"max-video-preview:-1"},"canonical":"https:\/\/renier.be\/fr\/blocs-de-construction\/","og_locale":"fr_FR","og_type":"article","og_title":"Ruwbouw breukstenen - Renier Natuursteen","og_description":"Wat zijn breukstenen ? Breukstenen zijn natuurlijke stenen die verkregen worden door grote rotsblokken of gesteenten mechanisch te breken, zonder verdere bewerking of slijpen. Deze stenen hebben daardoor onregelmatige vormen en scherpe hoeken. Breukstenen geven uw woning een mooi karakter door hun natuurlijke, onregelmatige vormen en ruwe textuur. Deze stenen voegen een authentieke, tijdloze uitstraling [&hellip;]","og_url":"https:\/\/renier.be\/fr\/blocs-de-construction\/","og_site_name":"Renier Natuursteen","article_publisher":"https:\/\/www.facebook.com\/reniernatuursteen","article_modified_time":"2024-11-25T14:31:25+00:00","og_image":[{"width":2560,"height":1920,"url":"https:\/\/renier.be\/wp-content\/uploads\/2024\/08\/20200901_113046-scaled.jpg","type":"image\/jpeg"}],"twitter_card":"summary_large_image","twitter_misc":{"Dur\u00e9e de lecture estim\u00e9e":"4 minutes"},"schema":{"@context":"https:\/\/schema.org","@graph":[{"@type":"WebPage","@id":"https:\/\/renier.be\/ruwbouw-breukstenen\/","url":"https:\/\/renier.be\/ruwbouw-breukstenen\/","name":"Pierre concass\u00e9e brute - Renier Natuursteen","isPartOf":{"@id":"https:\/\/renier.be\/#website"},"primaryImageOfPage":{"@id":"https:\/\/renier.be\/ruwbouw-breukstenen\/#primaryimage"},"image":{"@id":"https:\/\/renier.be\/ruwbouw-breukstenen\/#primaryimage"},"thumbnailUrl":"https:\/\/renier.be\/wp-content\/uploads\/2024\/08\/20200901_113046-1024x768.jpg","datePublished":"2024-08-20T15:06:44+00:00","dateModified":"2024-11-25T14:31:25+00:00","breadcrumb":{"@id":"https:\/\/renier.be\/ruwbouw-breukstenen\/#breadcrumb"},"inLanguage":"fr-FR","potentialAction":[{"@type":"ReadAction","target":["https:\/\/renier.be\/ruwbouw-breukstenen\/"]}]},{"@type":"ImageObject","inLanguage":"fr-FR","@id":"https:\/\/renier.be\/ruwbouw-breukstenen\/#primaryimage","url":"https:\/\/renier.be\/wp-content\/uploads\/2024\/08\/20200901_113046-1024x768.jpg","contentUrl":"https:\/\/renier.be\/wp-content\/uploads\/2024\/08\/20200901_113046-1024x768.jpg"},{"@type":"BreadcrumbList","@id":"https:\/\/renier.be\/ruwbouw-breukstenen\/#breadcrumb","itemListElement":[{"@type":"ListItem","position":1,"name":"Home","item":"https:\/\/renier.be\/"},{"@type":"ListItem","position":2,"name":"Ruwbouw breukstenen"}]},{"@type":"WebSite","@id":"https:\/\/renier.be\/#website","url":"https:\/\/renier.be\/","name":"Pierre naturelle de Renier","description":"Sp\u00e9cialiste de la pierre bleue belge","publisher":{"@id":"https:\/\/renier.be\/#organization"},"potentialAction":[{"@type":"SearchAction","target":{"@type":"EntryPoint","urlTemplate":"https:\/\/renier.be\/?s={search_term_string}"},"query-input":{"@type":"PropertyValueSpecification","valueRequired":true,"valueName":"search_term_string"}}],"inLanguage":"fr-FR"},{"@type":"Organization","@id":"https:\/\/renier.be\/#organization","name":"Pierre naturelle de Renier","url":"https:\/\/renier.be\/","logo":{"@type":"ImageObject","inLanguage":"fr-FR","@id":"https:\/\/renier.be\/#\/schema\/logo\/image\/","url":"","contentUrl":"","caption":"Renier Natuursteen"},"image":{"@id":"https:\/\/renier.be\/#\/schema\/logo\/image\/"},"sameAs":["https:\/\/www.facebook.com\/reniernatuursteen"]}]}},"_links":{"self":[{"href":"https:\/\/renier.be\/fr\/wp-json\/wp\/v2\/pages\/1547","targetHints":{"allow":["GET"]}}],"collection":[{"href":"https:\/\/renier.be\/fr\/wp-json\/wp\/v2\/pages"}],"about":[{"href":"https:\/\/renier.be\/fr\/wp-json\/wp\/v2\/types\/page"}],"author":[{"embeddable":true,"href":"https:\/\/renier.be\/fr\/wp-json\/wp\/v2\/users\/2"}],"replies":[{"embeddable":true,"href":"https:\/\/renier.be\/fr\/wp-json\/wp\/v2\/comments?post=1547"}],"version-history":[{"count":0,"href":"https:\/\/renier.be\/fr\/wp-json\/wp\/v2\/pages\/1547\/revisions"}],"wp:attachment":[{"href":"https:\/\/renier.be\/fr\/wp-json\/wp\/v2\/media?parent=1547"}],"curies":[{"name":"wp","href":"https:\/\/api.w.org\/{rel}","templated":true}]}}