{"id":1784,"date":"2024-08-21T16:13:10","date_gmt":"2024-08-21T14:13:10","guid":{"rendered":"https:\/\/renier.be\/?page_id=1784"},"modified":"2025-08-29T10:59:45","modified_gmt":"2025-08-29T08:59:45","slug":"jardin-et-terrasse-pool-house","status":"publish","type":"page","link":"https:\/\/renier.be\/fr\/tuin-en-terras-poolhouse\/","title":{"rendered":"Jardin et terrasse - Pool house"},"content":{"rendered":"<div data-elementor-type=\"wp-page\" data-elementor-id=\"1784\" class=\"elementor elementor-1784\" data-elementor-post-type=\"page\">\n\t\t\t\t<div class=\"elementor-element elementor-element-c54585a e-flex e-con-boxed e-con e-parent\" data-id=\"c54585a\" data-element_type=\"container\" data-e-type=\"container\">\n\t\t\t\t\t<div class=\"e-con-inner\">\n\t\t\t\t<div class=\"elementor-element elementor-element-4fc1cdf elementor-widget__width-inherit elementor-widget elementor-widget-heading\" data-id=\"4fc1cdf\" data-element_type=\"widget\" data-e-type=\"widget\" data-widget_type=\"heading.default\">\n\t\t\t\t\t<h1 class=\"elementor-heading-title elementor-size-default\">Un 'Poolhouse' ou une annexe en ossature bois ?<\/h1>\t\t\t\t<\/div>\n\t\t\t\t\t<\/div>\n\t\t\t\t<\/div>\n\t\t<div class=\"elementor-element elementor-element-db4b9b1 e-flex e-con-boxed e-con e-parent\" data-id=\"db4b9b1\" data-element_type=\"container\" data-e-type=\"container\">\n\t\t\t\t\t<div class=\"e-con-inner\">\n\t\t\t\t<div class=\"elementor-element elementor-element-8b59b5c elementor-widget__width-initial elementor-widget elementor-widget-text-editor\" data-id=\"8b59b5c\" data-element_type=\"widget\" data-e-type=\"widget\" data-widget_type=\"text-editor.default\">\n\t\t\t\t\t\t\t\t\t<p style=\"text-align: left\">Un poolhouse ou une annexe \u00e9l\u00e9gante : qui n\u2019en r\u00eave pas ? Nous sommes ravis de vous aider \u00e0 concr\u00e9tiser votre projet de jardin. Et quoi de mieux qu\u2019une pierre naturelle belge pour sublimer une construction en bois ? Son \u00e9l\u00e9gance intemporelle et ses teintes naturelles apportent une touche raffin\u00e9e \u00e0 votre projet, tout en assurant une protection optimale du bois.<\/p>\t\t\t\t\t\t\t\t<\/div>\n\t\t\t\t\t<\/div>\n\t\t\t\t<\/div>\n\t\t<div class=\"elementor-element elementor-element-0c3a71e e-flex e-con-boxed e-con e-parent\" data-id=\"0c3a71e\" data-element_type=\"container\" data-e-type=\"container\">\n\t\t\t\t\t<div class=\"e-con-inner\">\n\t\t<div class=\"elementor-element elementor-element-e81091c e-con-full e-flex e-con e-child\" data-id=\"e81091c\" data-element_type=\"container\" data-e-type=\"container\">\n\t\t\t\t<div class=\"elementor-element elementor-element-697c6e0 elementor-widget elementor-widget-image\" data-id=\"697c6e0\" data-element_type=\"widget\" data-e-type=\"widget\" data-widget_type=\"image.default\">\n\t\t\t\t\t\t\t\t\t\t\t\t\t\t\t<img fetchpriority=\"high\" decoding=\"async\" width=\"800\" height=\"601\" src=\"https:\/\/renier.be\/wp-content\/uploads\/2024\/12\/Zwembad-en-poolhouse_aangepast-1024x769.jpg\" class=\"attachment-large size-large wp-image-3016\" alt=\"\" srcset=\"https:\/\/renier.be\/wp-content\/uploads\/2024\/12\/Zwembad-en-poolhouse_aangepast-1024x769.jpg 1024w, https:\/\/renier.be\/wp-content\/uploads\/2024\/12\/Zwembad-en-poolhouse_aangepast-300x225.jpg 300w, https:\/\/renier.be\/wp-content\/uploads\/2024\/12\/Zwembad-en-poolhouse_aangepast-768x577.jpg 768w, https:\/\/renier.be\/wp-content\/uploads\/2024\/12\/Zwembad-en-poolhouse_aangepast-1536x1153.jpg 1536w, https:\/\/renier.be\/wp-content\/uploads\/2024\/12\/Zwembad-en-poolhouse_aangepast-2048x1538.jpg 2048w, https:\/\/renier.be\/wp-content\/uploads\/2024\/12\/Zwembad-en-poolhouse_aangepast-600x451.jpg 600w\" sizes=\"(max-width: 800px) 100vw, 800px\" \/>\t\t\t\t\t\t\t\t\t\t\t\t\t\t\t<\/div>\n\t\t\t\t<\/div>\n\t\t<div class=\"elementor-element elementor-element-7d9fe7a e-con-full e-flex e-con e-child\" data-id=\"7d9fe7a\" data-element_type=\"container\" data-e-type=\"container\">\n\t\t\t\t<div class=\"elementor-element elementor-element-1b68647 elementor-widget__width-initial elementor-widget elementor-widget-image\" data-id=\"1b68647\" data-element_type=\"widget\" data-e-type=\"widget\" data-widget_type=\"image.default\">\n\t\t\t\t\t\t\t\t\t\t\t\t\t\t\t<img decoding=\"async\" width=\"800\" height=\"534\" src=\"https:\/\/renier.be\/wp-content\/uploads\/2024\/12\/IMG_4982-1024x683.jpg\" class=\"attachment-large size-large wp-image-3015\" alt=\"\" srcset=\"https:\/\/renier.be\/wp-content\/uploads\/2024\/12\/IMG_4982-1024x683.jpg 1024w, https:\/\/renier.be\/wp-content\/uploads\/2024\/12\/IMG_4982-300x200.jpg 300w, https:\/\/renier.be\/wp-content\/uploads\/2024\/12\/IMG_4982-768x512.jpg 768w, https:\/\/renier.be\/wp-content\/uploads\/2024\/12\/IMG_4982-1536x1024.jpg 1536w, https:\/\/renier.be\/wp-content\/uploads\/2024\/12\/IMG_4982-2048x1365.jpg 2048w, https:\/\/renier.be\/wp-content\/uploads\/2024\/12\/IMG_4982-600x400.jpg 600w\" sizes=\"(max-width: 800px) 100vw, 800px\" \/>\t\t\t\t\t\t\t\t\t\t\t\t\t\t\t<\/div>\n\t\t\t\t<\/div>\n\t\t\t\t\t<\/div>\n\t\t\t\t<\/div>\n\t\t<div class=\"elementor-element elementor-element-6c9190b e-flex e-con-boxed e-con e-parent\" data-id=\"6c9190b\" data-element_type=\"container\" data-e-type=\"container\">\n\t\t\t\t\t<div class=\"e-con-inner\">\n\t\t\t\t<div class=\"elementor-element elementor-element-688dfc3 elementor-widget__width-initial elementor-widget elementor-widget-text-editor\" data-id=\"688dfc3\" data-element_type=\"widget\" data-e-type=\"widget\" data-widget_type=\"text-editor.default\">\n\t\t\t\t\t\t\t\t\t<p>Nous vous aidons volontiers \u00e0 mettre en place la sous-structure, en mettant l'accent sur les points suivants :<\/p><ol><li><strong>Socles :<\/strong>Ils servent d'ancrage solide pour les poteaux de soutien.<\/li><li><strong>Plinthes<\/strong>: Ils sont plac\u00e9s entre les plinthes du fond pour une finition \u00e9l\u00e9gante et solide.<\/li><li><strong>Seuils :<\/strong>Ils constituent une base \u00e9l\u00e9gante et fonctionnelle sous les fen\u00eatres et les portes.<\/li><\/ol><p>\u00a0<\/p><p>Avec le souci du d\u00e9tail et de la qualit\u00e9, nous cr\u00e9ons ensemble une base durable et \u00e9l\u00e9gante pour votre construction en bois.<\/p>\t\t\t\t\t\t\t\t<\/div>\n\t\t\t\t\t<\/div>\n\t\t\t\t<\/div>\n\t\t<div class=\"elementor-element elementor-element-6f4bb7a e-flex e-con-boxed e-con e-parent\" data-id=\"6f4bb7a\" data-element_type=\"container\" data-e-type=\"container\">\n\t\t\t\t\t<div class=\"e-con-inner\">\n\t\t\t\t<div class=\"elementor-element elementor-element-6507c2a elementor-widget elementor-widget-button\" data-id=\"6507c2a\" data-element_type=\"widget\" data-e-type=\"widget\" data-widget_type=\"button.default\">\n\t\t\t\t\t\t\t\t\t\t<a class=\"elementor-button elementor-button-link elementor-size-sm\" href=\"https:\/\/renier.be\/fr\/produits\/?_categorieen=poolhouse\">\n\t\t\t\t\t\t<span class=\"elementor-button-content-wrapper\">\n\t\t\t\t\t\t\t\t\t<span class=\"elementor-button-text\">Aper\u00e7u des produits<\/span>\n\t\t\t\t\t<\/span>\n\t\t\t\t\t<\/a>\n\t\t\t\t\t\t\t\t<\/div>\n\t\t\t\t\t<\/div>\n\t\t\t\t<\/div>\n\t\t\t\t<\/div>","protected":false},"excerpt":{"rendered":"<p>Een Poolhouse of bijgebouw in houtskelet bouw ? Een stijlvol bijgebouw of poolhouse: daar droomt toch iedereen van? Wij helpen je graag om jouw tuindroom te realiseren. En wat past er nu beter bij een houten gebouw dan Belgische natuursteen? De elegante uitstraling en natuurlijke kleuren geven je project niet alleen een verfijnde touch, maar [&hellip;]<\/p>\n","protected":false},"author":2,"featured_media":0,"parent":0,"menu_order":0,"comment_status":"closed","ping_status":"closed","template":"","meta":{"_acf_changed":false,"footnotes":""},"class_list":["post-1784","page","type-page","status-publish","hentry"],"acf":[],"yoast_head":"<!-- This site is optimized with the Yoast SEO plugin v27.4 - https:\/\/yoast.com\/product\/yoast-seo-wordpress\/ -->\n<title>Tuin en terras - Poolhouse - Renier Natuursteen<\/title>\n<meta name=\"robots\" content=\"index, follow, max-snippet:-1, max-image-preview:large, max-video-preview:-1\" \/>\n<link rel=\"canonical\" href=\"https:\/\/renier.be\/fr\/jardin-et-terrasse-pool-house\/\" \/>\n<meta property=\"og:locale\" content=\"fr_FR\" \/>\n<meta property=\"og:type\" content=\"article\" \/>\n<meta property=\"og:title\" content=\"Tuin en terras - Poolhouse - Renier Natuursteen\" \/>\n<meta property=\"og:description\" content=\"Een Poolhouse of bijgebouw in houtskelet bouw ? Een stijlvol bijgebouw of poolhouse: daar droomt toch iedereen van? Wij helpen je graag om jouw tuindroom te realiseren. En wat past er nu beter bij een houten gebouw dan Belgische natuursteen? De elegante uitstraling en natuurlijke kleuren geven je project niet alleen een verfijnde touch, maar [&hellip;]\" \/>\n<meta property=\"og:url\" content=\"https:\/\/renier.be\/fr\/jardin-et-terrasse-pool-house\/\" \/>\n<meta property=\"og:site_name\" content=\"Renier Natuursteen\" \/>\n<meta property=\"article:publisher\" content=\"https:\/\/www.facebook.com\/reniernatuursteen\" \/>\n<meta property=\"article:modified_time\" content=\"2025-08-29T08:59:45+00:00\" \/>\n<meta property=\"og:image\" content=\"https:\/\/renier.be\/wp-content\/uploads\/2024\/12\/Zwembad-en-poolhouse_aangepast-scaled.jpg\" \/>\n\t<meta property=\"og:image:width\" content=\"2560\" \/>\n\t<meta property=\"og:image:height\" content=\"1922\" \/>\n\t<meta property=\"og:image:type\" content=\"image\/jpeg\" \/>\n<meta name=\"twitter:card\" content=\"summary_large_image\" \/>\n<meta name=\"twitter:label1\" content=\"Dur\u00e9e de lecture estim\u00e9e\" \/>\n\t<meta name=\"twitter:data1\" content=\"1 minute\" \/>\n<script type=\"application\/ld+json\" class=\"yoast-schema-graph\">{\"@context\":\"https:\\\/\\\/schema.org\",\"@graph\":[{\"@type\":\"WebPage\",\"@id\":\"https:\\\/\\\/renier.be\\\/tuin-en-terras-poolhouse\\\/\",\"url\":\"https:\\\/\\\/renier.be\\\/tuin-en-terras-poolhouse\\\/\",\"name\":\"Tuin en terras - Poolhouse - Renier Natuursteen\",\"isPartOf\":{\"@id\":\"https:\\\/\\\/renier.be\\\/#website\"},\"primaryImageOfPage\":{\"@id\":\"https:\\\/\\\/renier.be\\\/tuin-en-terras-poolhouse\\\/#primaryimage\"},\"image\":{\"@id\":\"https:\\\/\\\/renier.be\\\/tuin-en-terras-poolhouse\\\/#primaryimage\"},\"thumbnailUrl\":\"https:\\\/\\\/renier.be\\\/wp-content\\\/uploads\\\/2024\\\/12\\\/Zwembad-en-poolhouse_aangepast-1024x769.jpg\",\"datePublished\":\"2024-08-21T14:13:10+00:00\",\"dateModified\":\"2025-08-29T08:59:45+00:00\",\"breadcrumb\":{\"@id\":\"https:\\\/\\\/renier.be\\\/tuin-en-terras-poolhouse\\\/#breadcrumb\"},\"inLanguage\":\"fr-FR\",\"potentialAction\":[{\"@type\":\"ReadAction\",\"target\":[\"https:\\\/\\\/renier.be\\\/tuin-en-terras-poolhouse\\\/\"]}]},{\"@type\":\"ImageObject\",\"inLanguage\":\"fr-FR\",\"@id\":\"https:\\\/\\\/renier.be\\\/tuin-en-terras-poolhouse\\\/#primaryimage\",\"url\":\"https:\\\/\\\/renier.be\\\/wp-content\\\/uploads\\\/2024\\\/12\\\/Zwembad-en-poolhouse_aangepast-1024x769.jpg\",\"contentUrl\":\"https:\\\/\\\/renier.be\\\/wp-content\\\/uploads\\\/2024\\\/12\\\/Zwembad-en-poolhouse_aangepast-1024x769.jpg\"},{\"@type\":\"BreadcrumbList\",\"@id\":\"https:\\\/\\\/renier.be\\\/tuin-en-terras-poolhouse\\\/#breadcrumb\",\"itemListElement\":[{\"@type\":\"ListItem\",\"position\":1,\"name\":\"Home\",\"item\":\"https:\\\/\\\/renier.be\\\/\"},{\"@type\":\"ListItem\",\"position\":2,\"name\":\"Tuin en terras &#8211; Poolhouse\"}]},{\"@type\":\"WebSite\",\"@id\":\"https:\\\/\\\/renier.be\\\/#website\",\"url\":\"https:\\\/\\\/renier.be\\\/\",\"name\":\"Renier Natuursteen\",\"description\":\"Specialist in Belgisch Blauwe Hardsteen\",\"publisher\":{\"@id\":\"https:\\\/\\\/renier.be\\\/#organization\"},\"potentialAction\":[{\"@type\":\"SearchAction\",\"target\":{\"@type\":\"EntryPoint\",\"urlTemplate\":\"https:\\\/\\\/renier.be\\\/?s={search_term_string}\"},\"query-input\":{\"@type\":\"PropertyValueSpecification\",\"valueRequired\":true,\"valueName\":\"search_term_string\"}}],\"inLanguage\":\"fr-FR\"},{\"@type\":\"Organization\",\"@id\":\"https:\\\/\\\/renier.be\\\/#organization\",\"name\":\"Renier Natuursteen\",\"url\":\"https:\\\/\\\/renier.be\\\/\",\"logo\":{\"@type\":\"ImageObject\",\"inLanguage\":\"fr-FR\",\"@id\":\"https:\\\/\\\/renier.be\\\/#\\\/schema\\\/logo\\\/image\\\/\",\"url\":\"\",\"contentUrl\":\"\",\"caption\":\"Renier Natuursteen\"},\"image\":{\"@id\":\"https:\\\/\\\/renier.be\\\/#\\\/schema\\\/logo\\\/image\\\/\"},\"sameAs\":[\"https:\\\/\\\/www.facebook.com\\\/reniernatuursteen\"]}]}<\/script>\n<!-- \/ Yoast SEO plugin. -->","yoast_head_json":{"title":"Jardin et terrasse - Pool house - Renier Natuursteen","robots":{"index":"index","follow":"follow","max-snippet":"max-snippet:-1","max-image-preview":"max-image-preview:large","max-video-preview":"max-video-preview:-1"},"canonical":"https:\/\/renier.be\/fr\/jardin-et-terrasse-pool-house\/","og_locale":"fr_FR","og_type":"article","og_title":"Tuin en terras - Poolhouse - Renier Natuursteen","og_description":"Een Poolhouse of bijgebouw in houtskelet bouw ? Een stijlvol bijgebouw of poolhouse: daar droomt toch iedereen van? Wij helpen je graag om jouw tuindroom te realiseren. En wat past er nu beter bij een houten gebouw dan Belgische natuursteen? De elegante uitstraling en natuurlijke kleuren geven je project niet alleen een verfijnde touch, maar [&hellip;]","og_url":"https:\/\/renier.be\/fr\/jardin-et-terrasse-pool-house\/","og_site_name":"Renier Natuursteen","article_publisher":"https:\/\/www.facebook.com\/reniernatuursteen","article_modified_time":"2025-08-29T08:59:45+00:00","og_image":[{"width":2560,"height":1922,"url":"https:\/\/renier.be\/wp-content\/uploads\/2024\/12\/Zwembad-en-poolhouse_aangepast-scaled.jpg","type":"image\/jpeg"}],"twitter_card":"summary_large_image","twitter_misc":{"Dur\u00e9e de lecture estim\u00e9e":"1 minute"},"schema":{"@context":"https:\/\/schema.org","@graph":[{"@type":"WebPage","@id":"https:\/\/renier.be\/tuin-en-terras-poolhouse\/","url":"https:\/\/renier.be\/tuin-en-terras-poolhouse\/","name":"Jardin et terrasse - Pool house - Renier Natuursteen","isPartOf":{"@id":"https:\/\/renier.be\/#website"},"primaryImageOfPage":{"@id":"https:\/\/renier.be\/tuin-en-terras-poolhouse\/#primaryimage"},"image":{"@id":"https:\/\/renier.be\/tuin-en-terras-poolhouse\/#primaryimage"},"thumbnailUrl":"https:\/\/renier.be\/wp-content\/uploads\/2024\/12\/Zwembad-en-poolhouse_aangepast-1024x769.jpg","datePublished":"2024-08-21T14:13:10+00:00","dateModified":"2025-08-29T08:59:45+00:00","breadcrumb":{"@id":"https:\/\/renier.be\/tuin-en-terras-poolhouse\/#breadcrumb"},"inLanguage":"fr-FR","potentialAction":[{"@type":"ReadAction","target":["https:\/\/renier.be\/tuin-en-terras-poolhouse\/"]}]},{"@type":"ImageObject","inLanguage":"fr-FR","@id":"https:\/\/renier.be\/tuin-en-terras-poolhouse\/#primaryimage","url":"https:\/\/renier.be\/wp-content\/uploads\/2024\/12\/Zwembad-en-poolhouse_aangepast-1024x769.jpg","contentUrl":"https:\/\/renier.be\/wp-content\/uploads\/2024\/12\/Zwembad-en-poolhouse_aangepast-1024x769.jpg"},{"@type":"BreadcrumbList","@id":"https:\/\/renier.be\/tuin-en-terras-poolhouse\/#breadcrumb","itemListElement":[{"@type":"ListItem","position":1,"name":"Home","item":"https:\/\/renier.be\/"},{"@type":"ListItem","position":2,"name":"Tuin en terras &#8211; Poolhouse"}]},{"@type":"WebSite","@id":"https:\/\/renier.be\/#website","url":"https:\/\/renier.be\/","name":"Pierre naturelle de Renier","description":"Sp\u00e9cialiste de la pierre bleue belge","publisher":{"@id":"https:\/\/renier.be\/#organization"},"potentialAction":[{"@type":"SearchAction","target":{"@type":"EntryPoint","urlTemplate":"https:\/\/renier.be\/?s={search_term_string}"},"query-input":{"@type":"PropertyValueSpecification","valueRequired":true,"valueName":"search_term_string"}}],"inLanguage":"fr-FR"},{"@type":"Organization","@id":"https:\/\/renier.be\/#organization","name":"Pierre naturelle de Renier","url":"https:\/\/renier.be\/","logo":{"@type":"ImageObject","inLanguage":"fr-FR","@id":"https:\/\/renier.be\/#\/schema\/logo\/image\/","url":"","contentUrl":"","caption":"Renier Natuursteen"},"image":{"@id":"https:\/\/renier.be\/#\/schema\/logo\/image\/"},"sameAs":["https:\/\/www.facebook.com\/reniernatuursteen"]}]}},"_links":{"self":[{"href":"https:\/\/renier.be\/fr\/wp-json\/wp\/v2\/pages\/1784","targetHints":{"allow":["GET"]}}],"collection":[{"href":"https:\/\/renier.be\/fr\/wp-json\/wp\/v2\/pages"}],"about":[{"href":"https:\/\/renier.be\/fr\/wp-json\/wp\/v2\/types\/page"}],"author":[{"embeddable":true,"href":"https:\/\/renier.be\/fr\/wp-json\/wp\/v2\/users\/2"}],"replies":[{"embeddable":true,"href":"https:\/\/renier.be\/fr\/wp-json\/wp\/v2\/comments?post=1784"}],"version-history":[{"count":0,"href":"https:\/\/renier.be\/fr\/wp-json\/wp\/v2\/pages\/1784\/revisions"}],"wp:attachment":[{"href":"https:\/\/renier.be\/fr\/wp-json\/wp\/v2\/media?parent=1784"}],"curies":[{"name":"wp","href":"https:\/\/api.w.org\/{rel}","templated":true}]}}