{"id":2344,"date":"2024-09-12T14:23:05","date_gmt":"2024-09-12T12:23:05","guid":{"rendered":"https:\/\/renier.be\/?page_id=2344"},"modified":"2025-08-29T11:02:24","modified_gmt":"2025-08-29T09:02:24","slug":"plinthes","status":"publish","type":"page","link":"https:\/\/renier.be\/fr\/plinten\/","title":{"rendered":"Int\u00e9rieur - Sol - Rubans"},"content":{"rendered":"<div data-elementor-type=\"wp-page\" data-elementor-id=\"2344\" class=\"elementor elementor-2344\" data-elementor-post-type=\"page\">\n\t\t\t\t<div class=\"elementor-element elementor-element-6e7ee49 e-flex e-con-boxed e-con e-parent\" data-id=\"6e7ee49\" data-element_type=\"container\" data-e-type=\"container\">\n\t\t\t\t\t<div class=\"e-con-inner\">\n\t\t\t\t<div class=\"elementor-element elementor-element-7f1a79b elementor-widget__width-inherit elementor-widget elementor-widget-heading\" data-id=\"7f1a79b\" data-element_type=\"widget\" data-e-type=\"widget\" data-widget_type=\"heading.default\">\n\t\t\t\t\t<h1 class=\"elementor-heading-title elementor-size-default\">Une plinthe en pierre bleue<\/h1>\t\t\t\t<\/div>\n\t\t\t\t\t<\/div>\n\t\t\t\t<\/div>\n\t\t<div class=\"elementor-element elementor-element-502e503 e-flex e-con-boxed e-con e-parent\" data-id=\"502e503\" data-element_type=\"container\" data-e-type=\"container\">\n\t\t\t\t\t<div class=\"e-con-inner\">\n\t\t\t\t<div class=\"elementor-element elementor-element-3c3f8ab elementor-widget__width-initial elementor-widget elementor-widget-text-editor\" data-id=\"3c3f8ab\" data-element_type=\"widget\" data-e-type=\"widget\" data-widget_type=\"text-editor.default\">\n\t\t\t\t\t\t\t\t\t<p>Le sol d\u00e9finit l\u2019ambiance d\u2019un espace, mais ce sont les plinthes qui assurent la finition parfaite. Elles forment la transition subtile entre le mur et le sol, cr\u00e9ant un \u00e9quilibre visuel harmonieux. Bien plus qu\u2019un simple d\u00e9tail esth\u00e9tique apportant une touche soign\u00e9e, les plinthes jouent \u00e9galement un r\u00f4le fonctionnel essentiel. Elles prot\u00e8gent les murs des chocs et de l\u2019humidit\u00e9, dissimulent les petites irr\u00e9gularit\u00e9s et permettent m\u00eame de camoufler les c\u00e2bles de mani\u00e8re \u00e9l\u00e9gante. Sans plinthes, un espace semble inachev\u00e9 \u2013 avec elles, chaque pi\u00e8ce b\u00e9n\u00e9ficie de la finition qu\u2019elle m\u00e9rite, comme la derni\u00e8re touche d\u2019un chef-d'\u0153uvre.<\/p><p>La plinthe est un maillon indispensable de l'harmonie entre le sol et le mur. Souvent, la plinthe suit la finition du sol, r\u00e9unissant les deux \u00e9l\u00e9ments dans une symphonie parfaite. Par exemple, un sol poli est du plus bel effet lorsqu'il est accompagn\u00e9 d'une plinthe \u00e9l\u00e9gante et polie. La polyvalence des finitions des plinthes offre de nombreuses possibilit\u00e9s : tous les styles et toutes les finitions disponibles pour le sol peuvent \u00eatre \u00e9tendus sans probl\u00e8me \u00e0 la plinthe assortie.<\/p><p>Mais on peut aussi opter pour une approche discr\u00e8te, o\u00f9 la couleur du mur se prolonge jusqu'au sol. Dans ce cas, une simple plinthe sci\u00e9e suffit, ou une option subtile en m\u00e9ranti ou en mdf, qui n'attire pas l'attention mais termine l'ensemble de mani\u00e8re \u00e9l\u00e9gante. L'art de la plinthe est de servir discr\u00e8tement de ligne invisible qui relie tout ou, au contraire, de touche finale raffin\u00e9e qui \u00e9l\u00e8ve la pi\u00e8ce \u00e0 un niveau sup\u00e9rieur.<\/p><p>Une plinthe adoucie pour accompagner un sol adouci :<\/p><p><img fetchpriority=\"high\" decoding=\"async\" class=\"alignnone size-medium wp-image-2403\" src=\"https:\/\/renier.be\/wp-content\/uploads\/2024\/09\/Gezoete-plint-300x225.jpg\" alt=\"\" width=\"300\" height=\"225\" srcset=\"https:\/\/renier.be\/wp-content\/uploads\/2024\/09\/Gezoete-plint-300x225.jpg 300w, https:\/\/renier.be\/wp-content\/uploads\/2024\/09\/Gezoete-plint-600x450.jpg 600w, https:\/\/renier.be\/wp-content\/uploads\/2024\/09\/Gezoete-plint.jpg 640w\" sizes=\"(max-width: 300px) 100vw, 300px\" \/><\/p><p>\u00a0<\/p>\t\t\t\t\t\t\t\t<\/div>\n\t\t\t\t\t<\/div>\n\t\t\t\t<\/div>\n\t\t<div class=\"elementor-element elementor-element-1fe99d0 e-flex e-con-boxed e-con e-parent\" data-id=\"1fe99d0\" data-element_type=\"container\" data-e-type=\"container\">\n\t\t\t\t\t<div class=\"e-con-inner\">\n\t\t\t\t<div class=\"elementor-element elementor-element-98725c1 elementor-widget elementor-widget-button\" data-id=\"98725c1\" data-element_type=\"widget\" data-e-type=\"widget\" data-widget_type=\"button.default\">\n\t\t\t\t\t\t\t\t\t\t<a class=\"elementor-button elementor-button-link elementor-size-sm\" href=\"https:\/\/renier.be\/fr\/produits\/?_categorieen=vloerplint\">\n\t\t\t\t\t\t<span class=\"elementor-button-content-wrapper\">\n\t\t\t\t\t\t\t\t\t<span class=\"elementor-button-text\">Aper\u00e7u des plinthes<\/span>\n\t\t\t\t\t<\/span>\n\t\t\t\t\t<\/a>\n\t\t\t\t\t\t\t\t<\/div>\n\t\t\t\t\t<\/div>\n\t\t\t\t<\/div>\n\t\t\t\t<\/div>","protected":false},"excerpt":{"rendered":"<p>Een plint in blauwe hardsteen Een vloer legt de basis voor de sfeer in een ruimte, maar het zijn de plinten die zorgen voor de perfecte afwerking. Ze vormen de subtiele grens tussen muur en vloer, en brengen een ruimte visueel in balans. Plinten zijn niet alleen een esthetisch detail dat zorgt voor een verzorgde [&hellip;]<\/p>\n","protected":false},"author":2,"featured_media":0,"parent":0,"menu_order":0,"comment_status":"closed","ping_status":"closed","template":"","meta":{"_acf_changed":false,"footnotes":""},"class_list":["post-2344","page","type-page","status-publish","hentry"],"acf":[],"yoast_head":"<!-- This site is optimized with the Yoast SEO plugin v27.4 - https:\/\/yoast.com\/product\/yoast-seo-wordpress\/ -->\n<title>Interieur - Vloer -Plinten - Renier Natuursteen<\/title>\n<meta name=\"robots\" content=\"index, follow, max-snippet:-1, max-image-preview:large, max-video-preview:-1\" \/>\n<link rel=\"canonical\" href=\"https:\/\/renier.be\/fr\/plinthes\/\" \/>\n<meta property=\"og:locale\" content=\"fr_FR\" \/>\n<meta property=\"og:type\" content=\"article\" \/>\n<meta property=\"og:title\" content=\"Interieur - Vloer -Plinten - Renier Natuursteen\" \/>\n<meta property=\"og:description\" content=\"Een plint in blauwe hardsteen Een vloer legt de basis voor de sfeer in een ruimte, maar het zijn de plinten die zorgen voor de perfecte afwerking. Ze vormen de subtiele grens tussen muur en vloer, en brengen een ruimte visueel in balans. Plinten zijn niet alleen een esthetisch detail dat zorgt voor een verzorgde [&hellip;]\" \/>\n<meta property=\"og:url\" content=\"https:\/\/renier.be\/fr\/plinthes\/\" \/>\n<meta property=\"og:site_name\" content=\"Renier Natuursteen\" \/>\n<meta property=\"article:publisher\" content=\"https:\/\/www.facebook.com\/reniernatuursteen\" \/>\n<meta property=\"article:modified_time\" content=\"2025-08-29T09:02:24+00:00\" \/>\n<meta property=\"og:image\" content=\"https:\/\/renier.be\/wp-content\/uploads\/2024\/09\/Gezoete-plint.jpg\" \/>\n\t<meta property=\"og:image:width\" content=\"640\" \/>\n\t<meta property=\"og:image:height\" content=\"480\" \/>\n\t<meta property=\"og:image:type\" content=\"image\/jpeg\" \/>\n<meta name=\"twitter:card\" content=\"summary_large_image\" \/>\n<meta name=\"twitter:label1\" content=\"Dur\u00e9e de lecture estim\u00e9e\" \/>\n\t<meta name=\"twitter:data1\" content=\"2 minutes\" \/>\n<script type=\"application\/ld+json\" class=\"yoast-schema-graph\">{\"@context\":\"https:\\\/\\\/schema.org\",\"@graph\":[{\"@type\":\"WebPage\",\"@id\":\"https:\\\/\\\/renier.be\\\/plinten\\\/\",\"url\":\"https:\\\/\\\/renier.be\\\/plinten\\\/\",\"name\":\"Interieur - Vloer -Plinten - Renier Natuursteen\",\"isPartOf\":{\"@id\":\"https:\\\/\\\/renier.be\\\/#website\"},\"primaryImageOfPage\":{\"@id\":\"https:\\\/\\\/renier.be\\\/plinten\\\/#primaryimage\"},\"image\":{\"@id\":\"https:\\\/\\\/renier.be\\\/plinten\\\/#primaryimage\"},\"thumbnailUrl\":\"https:\\\/\\\/renier.be\\\/wp-content\\\/uploads\\\/2024\\\/09\\\/Gezoete-plint-300x225.jpg\",\"datePublished\":\"2024-09-12T12:23:05+00:00\",\"dateModified\":\"2025-08-29T09:02:24+00:00\",\"breadcrumb\":{\"@id\":\"https:\\\/\\\/renier.be\\\/plinten\\\/#breadcrumb\"},\"inLanguage\":\"fr-FR\",\"potentialAction\":[{\"@type\":\"ReadAction\",\"target\":[\"https:\\\/\\\/renier.be\\\/plinten\\\/\"]}]},{\"@type\":\"ImageObject\",\"inLanguage\":\"fr-FR\",\"@id\":\"https:\\\/\\\/renier.be\\\/plinten\\\/#primaryimage\",\"url\":\"https:\\\/\\\/renier.be\\\/wp-content\\\/uploads\\\/2024\\\/09\\\/Gezoete-plint-300x225.jpg\",\"contentUrl\":\"https:\\\/\\\/renier.be\\\/wp-content\\\/uploads\\\/2024\\\/09\\\/Gezoete-plint-300x225.jpg\"},{\"@type\":\"BreadcrumbList\",\"@id\":\"https:\\\/\\\/renier.be\\\/plinten\\\/#breadcrumb\",\"itemListElement\":[{\"@type\":\"ListItem\",\"position\":1,\"name\":\"Home\",\"item\":\"https:\\\/\\\/renier.be\\\/\"},{\"@type\":\"ListItem\",\"position\":2,\"name\":\"Interieur &#8211; Vloer -Plinten\"}]},{\"@type\":\"WebSite\",\"@id\":\"https:\\\/\\\/renier.be\\\/#website\",\"url\":\"https:\\\/\\\/renier.be\\\/\",\"name\":\"Renier Natuursteen\",\"description\":\"Specialist in Belgisch Blauwe Hardsteen\",\"publisher\":{\"@id\":\"https:\\\/\\\/renier.be\\\/#organization\"},\"potentialAction\":[{\"@type\":\"SearchAction\",\"target\":{\"@type\":\"EntryPoint\",\"urlTemplate\":\"https:\\\/\\\/renier.be\\\/?s={search_term_string}\"},\"query-input\":{\"@type\":\"PropertyValueSpecification\",\"valueRequired\":true,\"valueName\":\"search_term_string\"}}],\"inLanguage\":\"fr-FR\"},{\"@type\":\"Organization\",\"@id\":\"https:\\\/\\\/renier.be\\\/#organization\",\"name\":\"Renier Natuursteen\",\"url\":\"https:\\\/\\\/renier.be\\\/\",\"logo\":{\"@type\":\"ImageObject\",\"inLanguage\":\"fr-FR\",\"@id\":\"https:\\\/\\\/renier.be\\\/#\\\/schema\\\/logo\\\/image\\\/\",\"url\":\"\",\"contentUrl\":\"\",\"caption\":\"Renier Natuursteen\"},\"image\":{\"@id\":\"https:\\\/\\\/renier.be\\\/#\\\/schema\\\/logo\\\/image\\\/\"},\"sameAs\":[\"https:\\\/\\\/www.facebook.com\\\/reniernatuursteen\"]}]}<\/script>\n<!-- \/ Yoast SEO plugin. -->","yoast_head_json":{"title":"Interior - Floor -Plints - Renier Natuursteen","robots":{"index":"index","follow":"follow","max-snippet":"max-snippet:-1","max-image-preview":"max-image-preview:large","max-video-preview":"max-video-preview:-1"},"canonical":"https:\/\/renier.be\/fr\/plinthes\/","og_locale":"fr_FR","og_type":"article","og_title":"Interieur - Vloer -Plinten - Renier Natuursteen","og_description":"Een plint in blauwe hardsteen Een vloer legt de basis voor de sfeer in een ruimte, maar het zijn de plinten die zorgen voor de perfecte afwerking. Ze vormen de subtiele grens tussen muur en vloer, en brengen een ruimte visueel in balans. Plinten zijn niet alleen een esthetisch detail dat zorgt voor een verzorgde [&hellip;]","og_url":"https:\/\/renier.be\/fr\/plinthes\/","og_site_name":"Renier Natuursteen","article_publisher":"https:\/\/www.facebook.com\/reniernatuursteen","article_modified_time":"2025-08-29T09:02:24+00:00","og_image":[{"width":640,"height":480,"url":"https:\/\/renier.be\/wp-content\/uploads\/2024\/09\/Gezoete-plint.jpg","type":"image\/jpeg"}],"twitter_card":"summary_large_image","twitter_misc":{"Dur\u00e9e de lecture estim\u00e9e":"2 minutes"},"schema":{"@context":"https:\/\/schema.org","@graph":[{"@type":"WebPage","@id":"https:\/\/renier.be\/plinten\/","url":"https:\/\/renier.be\/plinten\/","name":"Interior - Floor -Plints - Renier Natuursteen","isPartOf":{"@id":"https:\/\/renier.be\/#website"},"primaryImageOfPage":{"@id":"https:\/\/renier.be\/plinten\/#primaryimage"},"image":{"@id":"https:\/\/renier.be\/plinten\/#primaryimage"},"thumbnailUrl":"https:\/\/renier.be\/wp-content\/uploads\/2024\/09\/Gezoete-plint-300x225.jpg","datePublished":"2024-09-12T12:23:05+00:00","dateModified":"2025-08-29T09:02:24+00:00","breadcrumb":{"@id":"https:\/\/renier.be\/plinten\/#breadcrumb"},"inLanguage":"fr-FR","potentialAction":[{"@type":"ReadAction","target":["https:\/\/renier.be\/plinten\/"]}]},{"@type":"ImageObject","inLanguage":"fr-FR","@id":"https:\/\/renier.be\/plinten\/#primaryimage","url":"https:\/\/renier.be\/wp-content\/uploads\/2024\/09\/Gezoete-plint-300x225.jpg","contentUrl":"https:\/\/renier.be\/wp-content\/uploads\/2024\/09\/Gezoete-plint-300x225.jpg"},{"@type":"BreadcrumbList","@id":"https:\/\/renier.be\/plinten\/#breadcrumb","itemListElement":[{"@type":"ListItem","position":1,"name":"Home","item":"https:\/\/renier.be\/"},{"@type":"ListItem","position":2,"name":"Interieur &#8211; Vloer -Plinten"}]},{"@type":"WebSite","@id":"https:\/\/renier.be\/#website","url":"https:\/\/renier.be\/","name":"Pierre naturelle de Renier","description":"Sp\u00e9cialiste de la pierre bleue belge","publisher":{"@id":"https:\/\/renier.be\/#organization"},"potentialAction":[{"@type":"SearchAction","target":{"@type":"EntryPoint","urlTemplate":"https:\/\/renier.be\/?s={search_term_string}"},"query-input":{"@type":"PropertyValueSpecification","valueRequired":true,"valueName":"search_term_string"}}],"inLanguage":"fr-FR"},{"@type":"Organization","@id":"https:\/\/renier.be\/#organization","name":"Pierre naturelle de Renier","url":"https:\/\/renier.be\/","logo":{"@type":"ImageObject","inLanguage":"fr-FR","@id":"https:\/\/renier.be\/#\/schema\/logo\/image\/","url":"","contentUrl":"","caption":"Renier Natuursteen"},"image":{"@id":"https:\/\/renier.be\/#\/schema\/logo\/image\/"},"sameAs":["https:\/\/www.facebook.com\/reniernatuursteen"]}]}},"_links":{"self":[{"href":"https:\/\/renier.be\/fr\/wp-json\/wp\/v2\/pages\/2344","targetHints":{"allow":["GET"]}}],"collection":[{"href":"https:\/\/renier.be\/fr\/wp-json\/wp\/v2\/pages"}],"about":[{"href":"https:\/\/renier.be\/fr\/wp-json\/wp\/v2\/types\/page"}],"author":[{"embeddable":true,"href":"https:\/\/renier.be\/fr\/wp-json\/wp\/v2\/users\/2"}],"replies":[{"embeddable":true,"href":"https:\/\/renier.be\/fr\/wp-json\/wp\/v2\/comments?post=2344"}],"version-history":[{"count":0,"href":"https:\/\/renier.be\/fr\/wp-json\/wp\/v2\/pages\/2344\/revisions"}],"wp:attachment":[{"href":"https:\/\/renier.be\/fr\/wp-json\/wp\/v2\/media?parent=2344"}],"curies":[{"name":"wp","href":"https:\/\/api.w.org\/{rel}","templated":true}]}}