{"id":2348,"date":"2024-09-12T14:25:11","date_gmt":"2024-09-12T12:25:11","guid":{"rendered":"https:\/\/renier.be\/?page_id=2348"},"modified":"2025-08-29T11:03:19","modified_gmt":"2025-08-29T09:03:19","slug":"escaliers-interieurs","status":"publish","type":"page","link":"https:\/\/renier.be\/fr\/interieur-trappen\/","title":{"rendered":"Int\u00e9rieur - Escaliers"},"content":{"rendered":"<div data-elementor-type=\"wp-page\" data-elementor-id=\"2348\" class=\"elementor elementor-2348\" data-elementor-post-type=\"page\">\n\t\t\t\t<div class=\"elementor-element elementor-element-50eaf60 e-flex e-con-boxed e-con e-parent\" data-id=\"50eaf60\" data-element_type=\"container\" data-e-type=\"container\">\n\t\t\t\t\t<div class=\"e-con-inner\">\n\t\t\t\t<div class=\"elementor-element elementor-element-f9f4a9b elementor-widget__width-inherit elementor-widget elementor-widget-heading\" data-id=\"f9f4a9b\" data-element_type=\"widget\" data-e-type=\"widget\" data-widget_type=\"heading.default\">\n\t\t\t\t\t<h1 class=\"elementor-heading-title elementor-size-default\">Pourquoi recouvrir un escalier de pierre naturelle ?<\/h1>\t\t\t\t<\/div>\n\t\t\t\t\t<\/div>\n\t\t\t\t<\/div>\n\t\t<div class=\"elementor-element elementor-element-64eb001 e-flex e-con-boxed e-con e-parent\" data-id=\"64eb001\" data-element_type=\"container\" data-e-type=\"container\">\n\t\t\t\t\t<div class=\"e-con-inner\">\n\t\t<div class=\"elementor-element elementor-element-38534f2 e-con-full e-flex e-con e-child\" data-id=\"38534f2\" data-element_type=\"container\" data-e-type=\"container\">\n\t\t\t\t<div class=\"elementor-element elementor-element-10073c9 elementor-widget elementor-widget-text-editor\" data-id=\"10073c9\" data-element_type=\"widget\" data-e-type=\"widget\" data-widget_type=\"text-editor.default\">\n\t\t\t\t\t\t\t\t\t<p>Le rev\u00eatement d'un escalier en pierre naturelle, telle que la pierre bleue, offre non seulement une durabilit\u00e9, mais fait de l'escalier un \u00e9l\u00e9ment \u00e9l\u00e9gant et intemporel de l'int\u00e9rieur. La pierre bleue, avec sa beaut\u00e9 naturelle et ses nuances de couleurs subtiles, conf\u00e8re \u00e0 toute pi\u00e8ce un sentiment de classe et de sophistication. La combinaison de l'esth\u00e9tique et de la fonctionnalit\u00e9 fait de cette pierre un choix parfait pour le rev\u00eatement des escaliers, qui sont souvent un \u00e9l\u00e9ment central et accrocheur d'une maison.<\/p><p>La pierre bleue n'est pas seulement \u00e9l\u00e9gante, elle est aussi extr\u00eamement solide et r\u00e9sistante. Elle convient donc parfaitement aux escaliers qui sont utilis\u00e9s quotidiennement de mani\u00e8re intensive. La pierre offre une r\u00e9sistance exceptionnelle aux rayures et \u00e0 l'usure, et conserve son bel aspect vibrant au fil des ans. En outre, la texture naturelle de la pierre offre une certaine adh\u00e9rence, ce qui accro\u00eet la s\u00e9curit\u00e9 dans les escaliers.<\/p><p>Avec son caract\u00e8re robuste et son aspect raffin\u00e9, la pierre bleue cr\u00e9e une harmonie entre fonctionnalit\u00e9 et beaut\u00e9. Un escalier rev\u00eatu de cette pierre naturelle devient ainsi un \u00e9l\u00e9ment artistique de la maison, alliant luxe et durabilit\u00e9 de mani\u00e8re intemporelle.<\/p>\t\t\t\t\t\t\t\t<\/div>\n\t\t\t\t<\/div>\n\t\t<div class=\"elementor-element elementor-element-6aa6ec8 e-con-full e-flex e-con e-child\" data-id=\"6aa6ec8\" data-element_type=\"container\" data-e-type=\"container\">\n\t\t\t\t<div class=\"elementor-element elementor-element-b430f39 elementor-widget elementor-widget-image\" data-id=\"b430f39\" data-element_type=\"widget\" data-e-type=\"widget\" data-widget_type=\"image.default\">\n\t\t\t\t\t\t\t\t\t\t\t\t\t\t\t<img fetchpriority=\"high\" decoding=\"async\" width=\"800\" height=\"534\" src=\"https:\/\/renier.be\/wp-content\/uploads\/2024\/09\/IMG_4647-1024x683.jpg\" class=\"attachment-large size-large wp-image-2428\" alt=\"\" srcset=\"https:\/\/renier.be\/wp-content\/uploads\/2024\/09\/IMG_4647-1024x683.jpg 1024w, https:\/\/renier.be\/wp-content\/uploads\/2024\/09\/IMG_4647-300x200.jpg 300w, https:\/\/renier.be\/wp-content\/uploads\/2024\/09\/IMG_4647-768x512.jpg 768w, https:\/\/renier.be\/wp-content\/uploads\/2024\/09\/IMG_4647-1536x1024.jpg 1536w, https:\/\/renier.be\/wp-content\/uploads\/2024\/09\/IMG_4647-2048x1365.jpg 2048w, https:\/\/renier.be\/wp-content\/uploads\/2024\/09\/IMG_4647-600x400.jpg 600w\" sizes=\"(max-width: 800px) 100vw, 800px\" \/>\t\t\t\t\t\t\t\t\t\t\t\t\t\t\t<\/div>\n\t\t\t\t<\/div>\n\t\t\t\t\t<\/div>\n\t\t\t\t<\/div>\n\t\t<div class=\"elementor-element elementor-element-ed7d409 e-flex e-con-boxed e-con e-parent\" data-id=\"ed7d409\" data-element_type=\"container\" data-e-type=\"container\">\n\t\t\t\t\t<div class=\"e-con-inner\">\n\t\t<div class=\"elementor-element elementor-element-5c6febf e-con-full e-flex e-con e-child\" data-id=\"5c6febf\" data-element_type=\"container\" data-e-type=\"container\">\n\t\t\t\t<div class=\"elementor-element elementor-element-b887df4 elementor-widget elementor-widget-image\" data-id=\"b887df4\" data-element_type=\"widget\" data-e-type=\"widget\" data-widget_type=\"image.default\">\n\t\t\t\t\t\t\t\t\t\t\t\t\t\t\t<img decoding=\"async\" width=\"437\" height=\"354\" src=\"https:\/\/renier.be\/wp-content\/uploads\/2024\/09\/Anti-slip-1.jpg\" class=\"attachment-large size-large wp-image-2429\" alt=\"\" srcset=\"https:\/\/renier.be\/wp-content\/uploads\/2024\/09\/Anti-slip-1.jpg 437w, https:\/\/renier.be\/wp-content\/uploads\/2024\/09\/Anti-slip-1-300x243.jpg 300w\" sizes=\"(max-width: 437px) 100vw, 437px\" \/>\t\t\t\t\t\t\t\t\t\t\t\t\t\t\t<\/div>\n\t\t\t\t<\/div>\n\t\t<div class=\"elementor-element elementor-element-f05d8c1 e-con-full e-flex e-con e-child\" data-id=\"f05d8c1\" data-element_type=\"container\" data-e-type=\"container\">\n\t\t\t\t<div class=\"elementor-element elementor-element-4e8830a elementor-widget elementor-widget-text-editor\" data-id=\"4e8830a\" data-element_type=\"widget\" data-e-type=\"widget\" data-widget_type=\"text-editor.default\">\n\t\t\t\t\t\t\t\t\t<p>Toutes nos finitions en pierre bleue offrent un large \u00e9ventail d'options, y compris l'option d'une finition adoucie raffin\u00e9e et lisse. Chaque finition est r\u00e9alis\u00e9e avec soin pour mettre en valeur la beaut\u00e9 et le caract\u00e8re uniques de la pierre naturelle.<\/p><p>Si vous optez pour une finition lisse et adoucie, nous vous recommandons vivement d'appliquer un traitement antid\u00e9rapant subtil. Cela permettra non seulement de pr\u00e9server l'aspect \u00e9l\u00e9gant de la pierre, mais aussi d'assurer la s\u00e9curit\u00e9 et le confort de l'escalier, sans compromis sur le style ou la finesse.<\/p>\t\t\t\t\t\t\t\t<\/div>\n\t\t\t\t<\/div>\n\t\t<div class=\"elementor-element elementor-element-bcc6060 e-con-full e-flex e-con e-child\" data-id=\"bcc6060\" data-element_type=\"container\" data-e-type=\"container\">\n\t\t\t\t<div class=\"elementor-element elementor-element-8eb432f elementor-widget elementor-widget-image\" data-id=\"8eb432f\" data-element_type=\"widget\" data-e-type=\"widget\" data-widget_type=\"image.default\">\n\t\t\t\t\t\t\t\t\t\t\t\t\t\t\t<img decoding=\"async\" width=\"463\" height=\"271\" src=\"https:\/\/renier.be\/wp-content\/uploads\/2024\/09\/Anti-slip-2.jpg\" class=\"attachment-large size-large wp-image-2430\" alt=\"\" srcset=\"https:\/\/renier.be\/wp-content\/uploads\/2024\/09\/Anti-slip-2.jpg 463w, https:\/\/renier.be\/wp-content\/uploads\/2024\/09\/Anti-slip-2-300x176.jpg 300w\" sizes=\"(max-width: 463px) 100vw, 463px\" \/>\t\t\t\t\t\t\t\t\t\t\t\t\t\t\t<\/div>\n\t\t\t\t<\/div>\n\t\t\t\t\t<\/div>\n\t\t\t\t<\/div>\n\t\t<div class=\"elementor-element elementor-element-1cde1fb e-flex e-con-boxed e-con e-parent\" data-id=\"1cde1fb\" data-element_type=\"container\" data-e-type=\"container\">\n\t\t\t\t\t<div class=\"e-con-inner\">\n\t\t<div class=\"elementor-element elementor-element-e6e1432 e-con-full e-flex e-con e-child\" data-id=\"e6e1432\" data-element_type=\"container\" data-e-type=\"container\">\n\t\t\t\t<div class=\"elementor-element elementor-element-8a673a0 elementor-widget elementor-widget-text-editor\" data-id=\"8a673a0\" data-element_type=\"widget\" data-e-type=\"widget\" data-widget_type=\"text-editor.default\">\n\t\t\t\t\t\t\t\t\t<p>Le rev\u00eatement d'un escalier en pierre bleue \u00e9tant toujours un travail sur mesure, o\u00f9 la pr\u00e9cision des mesures est essentielle, nous vous conseillons de nous contacter. N'h\u00e9sitez pas \u00e0 nous contacter sans engagement, nous serons heureux de vous conseiller et de vous guider \u00e0 chaque \u00e9tape. Gr\u00e2ce \u00e0 notre expertise, nous ferons en sorte que le rev\u00eatement de votre escalier corresponde parfaitement \u00e0 vos besoins et aux caract\u00e9ristiques uniques de votre espace.<\/p>\t\t\t\t\t\t\t\t<\/div>\n\t\t\t\t<\/div>\n\t\t\t\t\t<\/div>\n\t\t\t\t<\/div>\n\t\t<div class=\"elementor-element elementor-element-26a0b2a e-flex e-con-boxed e-con e-parent\" data-id=\"26a0b2a\" data-element_type=\"container\" data-e-type=\"container\">\n\t\t\t\t\t<div class=\"e-con-inner\">\n\t\t\t\t<div class=\"elementor-element elementor-element-8b082e9 elementor-widget elementor-widget-button\" data-id=\"8b082e9\" data-element_type=\"widget\" data-e-type=\"widget\" data-widget_type=\"button.default\">\n\t\t\t\t\t\t\t\t\t\t<a class=\"elementor-button elementor-button-link elementor-size-sm\" href=\"https:\/\/renier.be\/fr\/produits\/?_categorieen=trappen\">\n\t\t\t\t\t\t<span class=\"elementor-button-content-wrapper\">\n\t\t\t\t\t\t\t\t\t<span class=\"elementor-button-text\">Vue d'ensemble des marches<\/span>\n\t\t\t\t\t<\/span>\n\t\t\t\t\t<\/a>\n\t\t\t\t\t\t\t\t<\/div>\n\t\t\t\t\t<\/div>\n\t\t\t\t<\/div>\n\t\t\t\t<\/div>","protected":false},"excerpt":{"rendered":"<p>Waarom een trap bekleden met natuursteen ? Het bekleden van een trap met natuursteen, zoals blauwe hardsteen, biedt niet alleen duurzaamheid, maar verheft de trap tot een elegant en tijdloos element in het interieur. Blauwe hardsteen, met zijn natuurlijke schoonheid en subtiele kleurnuances, geeft elke ruimte een gevoel van klasse en verfijning. Door de combinatie [&hellip;]<\/p>\n","protected":false},"author":2,"featured_media":0,"parent":0,"menu_order":0,"comment_status":"closed","ping_status":"closed","template":"","meta":{"_acf_changed":false,"footnotes":""},"class_list":["post-2348","page","type-page","status-publish","hentry"],"acf":[],"yoast_head":"<!-- This site is optimized with the Yoast SEO plugin v27.3 - https:\/\/yoast.com\/product\/yoast-seo-wordpress\/ -->\n<title>Interieur - Trappen - Renier Natuursteen<\/title>\n<meta name=\"robots\" content=\"index, follow, max-snippet:-1, max-image-preview:large, max-video-preview:-1\" \/>\n<link rel=\"canonical\" href=\"https:\/\/renier.be\/fr\/escaliers-interieurs\/\" \/>\n<meta property=\"og:locale\" content=\"fr_FR\" \/>\n<meta property=\"og:type\" content=\"article\" \/>\n<meta property=\"og:title\" content=\"Interieur - Trappen - Renier Natuursteen\" \/>\n<meta property=\"og:description\" content=\"Waarom een trap bekleden met natuursteen ? Het bekleden van een trap met natuursteen, zoals blauwe hardsteen, biedt niet alleen duurzaamheid, maar verheft de trap tot een elegant en tijdloos element in het interieur. Blauwe hardsteen, met zijn natuurlijke schoonheid en subtiele kleurnuances, geeft elke ruimte een gevoel van klasse en verfijning. Door de combinatie [&hellip;]\" \/>\n<meta property=\"og:url\" content=\"https:\/\/renier.be\/fr\/escaliers-interieurs\/\" \/>\n<meta property=\"og:site_name\" content=\"Renier Natuursteen\" \/>\n<meta property=\"article:publisher\" content=\"https:\/\/www.facebook.com\/reniernatuursteen\" \/>\n<meta property=\"article:modified_time\" content=\"2025-08-29T09:03:19+00:00\" \/>\n<meta property=\"og:image\" content=\"https:\/\/renier.be\/wp-content\/uploads\/2024\/09\/IMG_4647-scaled.jpg\" \/>\n\t<meta property=\"og:image:width\" content=\"2560\" \/>\n\t<meta property=\"og:image:height\" content=\"1707\" \/>\n\t<meta property=\"og:image:type\" content=\"image\/jpeg\" \/>\n<meta name=\"twitter:card\" content=\"summary_large_image\" \/>\n<meta name=\"twitter:label1\" content=\"Dur\u00e9e de lecture estim\u00e9e\" \/>\n\t<meta name=\"twitter:data1\" content=\"2 minutes\" \/>\n<script type=\"application\/ld+json\" class=\"yoast-schema-graph\">{\"@context\":\"https:\\\/\\\/schema.org\",\"@graph\":[{\"@type\":\"WebPage\",\"@id\":\"https:\\\/\\\/renier.be\\\/interieur-trappen\\\/\",\"url\":\"https:\\\/\\\/renier.be\\\/interieur-trappen\\\/\",\"name\":\"Interieur - Trappen - Renier Natuursteen\",\"isPartOf\":{\"@id\":\"https:\\\/\\\/renier.be\\\/#website\"},\"primaryImageOfPage\":{\"@id\":\"https:\\\/\\\/renier.be\\\/interieur-trappen\\\/#primaryimage\"},\"image\":{\"@id\":\"https:\\\/\\\/renier.be\\\/interieur-trappen\\\/#primaryimage\"},\"thumbnailUrl\":\"https:\\\/\\\/renier.be\\\/wp-content\\\/uploads\\\/2024\\\/09\\\/IMG_4647-1024x683.jpg\",\"datePublished\":\"2024-09-12T12:25:11+00:00\",\"dateModified\":\"2025-08-29T09:03:19+00:00\",\"breadcrumb\":{\"@id\":\"https:\\\/\\\/renier.be\\\/interieur-trappen\\\/#breadcrumb\"},\"inLanguage\":\"fr-FR\",\"potentialAction\":[{\"@type\":\"ReadAction\",\"target\":[\"https:\\\/\\\/renier.be\\\/interieur-trappen\\\/\"]}]},{\"@type\":\"ImageObject\",\"inLanguage\":\"fr-FR\",\"@id\":\"https:\\\/\\\/renier.be\\\/interieur-trappen\\\/#primaryimage\",\"url\":\"https:\\\/\\\/renier.be\\\/wp-content\\\/uploads\\\/2024\\\/09\\\/IMG_4647-1024x683.jpg\",\"contentUrl\":\"https:\\\/\\\/renier.be\\\/wp-content\\\/uploads\\\/2024\\\/09\\\/IMG_4647-1024x683.jpg\"},{\"@type\":\"BreadcrumbList\",\"@id\":\"https:\\\/\\\/renier.be\\\/interieur-trappen\\\/#breadcrumb\",\"itemListElement\":[{\"@type\":\"ListItem\",\"position\":1,\"name\":\"Home\",\"item\":\"https:\\\/\\\/renier.be\\\/\"},{\"@type\":\"ListItem\",\"position\":2,\"name\":\"Interieur &#8211; Trappen\"}]},{\"@type\":\"WebSite\",\"@id\":\"https:\\\/\\\/renier.be\\\/#website\",\"url\":\"https:\\\/\\\/renier.be\\\/\",\"name\":\"Renier Natuursteen\",\"description\":\"Specialist in Belgisch Blauwe Hardsteen\",\"publisher\":{\"@id\":\"https:\\\/\\\/renier.be\\\/#organization\"},\"potentialAction\":[{\"@type\":\"SearchAction\",\"target\":{\"@type\":\"EntryPoint\",\"urlTemplate\":\"https:\\\/\\\/renier.be\\\/?s={search_term_string}\"},\"query-input\":{\"@type\":\"PropertyValueSpecification\",\"valueRequired\":true,\"valueName\":\"search_term_string\"}}],\"inLanguage\":\"fr-FR\"},{\"@type\":\"Organization\",\"@id\":\"https:\\\/\\\/renier.be\\\/#organization\",\"name\":\"Renier Natuursteen\",\"url\":\"https:\\\/\\\/renier.be\\\/\",\"logo\":{\"@type\":\"ImageObject\",\"inLanguage\":\"fr-FR\",\"@id\":\"https:\\\/\\\/renier.be\\\/#\\\/schema\\\/logo\\\/image\\\/\",\"url\":\"\",\"contentUrl\":\"\",\"caption\":\"Renier Natuursteen\"},\"image\":{\"@id\":\"https:\\\/\\\/renier.be\\\/#\\\/schema\\\/logo\\\/image\\\/\"},\"sameAs\":[\"https:\\\/\\\/www.facebook.com\\\/reniernatuursteen\"]}]}<\/script>\n<!-- \/ Yoast SEO plugin. -->","yoast_head_json":{"title":"Int\u00e9rieur - Escalier - Renier Natuursteen","robots":{"index":"index","follow":"follow","max-snippet":"max-snippet:-1","max-image-preview":"max-image-preview:large","max-video-preview":"max-video-preview:-1"},"canonical":"https:\/\/renier.be\/fr\/escaliers-interieurs\/","og_locale":"fr_FR","og_type":"article","og_title":"Interieur - Trappen - Renier Natuursteen","og_description":"Waarom een trap bekleden met natuursteen ? Het bekleden van een trap met natuursteen, zoals blauwe hardsteen, biedt niet alleen duurzaamheid, maar verheft de trap tot een elegant en tijdloos element in het interieur. Blauwe hardsteen, met zijn natuurlijke schoonheid en subtiele kleurnuances, geeft elke ruimte een gevoel van klasse en verfijning. Door de combinatie [&hellip;]","og_url":"https:\/\/renier.be\/fr\/escaliers-interieurs\/","og_site_name":"Renier Natuursteen","article_publisher":"https:\/\/www.facebook.com\/reniernatuursteen","article_modified_time":"2025-08-29T09:03:19+00:00","og_image":[{"width":2560,"height":1707,"url":"https:\/\/renier.be\/wp-content\/uploads\/2024\/09\/IMG_4647-scaled.jpg","type":"image\/jpeg"}],"twitter_card":"summary_large_image","twitter_misc":{"Dur\u00e9e de lecture estim\u00e9e":"2 minutes"},"schema":{"@context":"https:\/\/schema.org","@graph":[{"@type":"WebPage","@id":"https:\/\/renier.be\/interieur-trappen\/","url":"https:\/\/renier.be\/interieur-trappen\/","name":"Int\u00e9rieur - Escalier - Renier Natuursteen","isPartOf":{"@id":"https:\/\/renier.be\/#website"},"primaryImageOfPage":{"@id":"https:\/\/renier.be\/interieur-trappen\/#primaryimage"},"image":{"@id":"https:\/\/renier.be\/interieur-trappen\/#primaryimage"},"thumbnailUrl":"https:\/\/renier.be\/wp-content\/uploads\/2024\/09\/IMG_4647-1024x683.jpg","datePublished":"2024-09-12T12:25:11+00:00","dateModified":"2025-08-29T09:03:19+00:00","breadcrumb":{"@id":"https:\/\/renier.be\/interieur-trappen\/#breadcrumb"},"inLanguage":"fr-FR","potentialAction":[{"@type":"ReadAction","target":["https:\/\/renier.be\/interieur-trappen\/"]}]},{"@type":"ImageObject","inLanguage":"fr-FR","@id":"https:\/\/renier.be\/interieur-trappen\/#primaryimage","url":"https:\/\/renier.be\/wp-content\/uploads\/2024\/09\/IMG_4647-1024x683.jpg","contentUrl":"https:\/\/renier.be\/wp-content\/uploads\/2024\/09\/IMG_4647-1024x683.jpg"},{"@type":"BreadcrumbList","@id":"https:\/\/renier.be\/interieur-trappen\/#breadcrumb","itemListElement":[{"@type":"ListItem","position":1,"name":"Home","item":"https:\/\/renier.be\/"},{"@type":"ListItem","position":2,"name":"Interieur &#8211; Trappen"}]},{"@type":"WebSite","@id":"https:\/\/renier.be\/#website","url":"https:\/\/renier.be\/","name":"Pierre naturelle de Renier","description":"Sp\u00e9cialiste de la pierre bleue belge","publisher":{"@id":"https:\/\/renier.be\/#organization"},"potentialAction":[{"@type":"SearchAction","target":{"@type":"EntryPoint","urlTemplate":"https:\/\/renier.be\/?s={search_term_string}"},"query-input":{"@type":"PropertyValueSpecification","valueRequired":true,"valueName":"search_term_string"}}],"inLanguage":"fr-FR"},{"@type":"Organization","@id":"https:\/\/renier.be\/#organization","name":"Pierre naturelle de Renier","url":"https:\/\/renier.be\/","logo":{"@type":"ImageObject","inLanguage":"fr-FR","@id":"https:\/\/renier.be\/#\/schema\/logo\/image\/","url":"","contentUrl":"","caption":"Renier Natuursteen"},"image":{"@id":"https:\/\/renier.be\/#\/schema\/logo\/image\/"},"sameAs":["https:\/\/www.facebook.com\/reniernatuursteen"]}]}},"_links":{"self":[{"href":"https:\/\/renier.be\/fr\/wp-json\/wp\/v2\/pages\/2348","targetHints":{"allow":["GET"]}}],"collection":[{"href":"https:\/\/renier.be\/fr\/wp-json\/wp\/v2\/pages"}],"about":[{"href":"https:\/\/renier.be\/fr\/wp-json\/wp\/v2\/types\/page"}],"author":[{"embeddable":true,"href":"https:\/\/renier.be\/fr\/wp-json\/wp\/v2\/users\/2"}],"replies":[{"embeddable":true,"href":"https:\/\/renier.be\/fr\/wp-json\/wp\/v2\/comments?post=2348"}],"version-history":[{"count":0,"href":"https:\/\/renier.be\/fr\/wp-json\/wp\/v2\/pages\/2348\/revisions"}],"wp:attachment":[{"href":"https:\/\/renier.be\/fr\/wp-json\/wp\/v2\/media?parent=2348"}],"curies":[{"name":"wp","href":"https:\/\/api.w.org\/{rel}","templated":true}]}}