{"id":2350,"date":"2024-09-12T14:25:37","date_gmt":"2024-09-12T12:25:37","guid":{"rendered":"https:\/\/renier.be\/?page_id=2350"},"modified":"2026-03-12T14:14:49","modified_gmt":"2026-03-12T13:14:49","slug":"tablettes-pour-fenetres-interieures","status":"publish","type":"page","link":"https:\/\/renier.be\/fr\/interieur-tabletten-venstertabletten\/","title":{"rendered":"Int\u00e9rieur - Tablettes de fen\u00eatres"},"content":{"rendered":"<div data-elementor-type=\"wp-page\" data-elementor-id=\"2350\" class=\"elementor elementor-2350\" data-elementor-post-type=\"page\">\n\t\t\t\t<div class=\"elementor-element elementor-element-4cfc5db e-flex e-con-boxed e-con e-parent\" data-id=\"4cfc5db\" data-element_type=\"container\" data-e-type=\"container\">\n\t\t\t\t\t<div class=\"e-con-inner\">\n\t\t\t\t<div class=\"elementor-element elementor-element-dfe01cc elementor-widget__width-inherit elementor-widget elementor-widget-heading\" data-id=\"dfe01cc\" data-element_type=\"widget\" data-e-type=\"widget\" data-widget_type=\"heading.default\">\n\t\t\t\t\t<h1 class=\"elementor-heading-title elementor-size-default\">Les carreaux de fen\u00eatre en pierre naturelle ? un choix judicieux<\/h1>\t\t\t\t<\/div>\n\t\t\t\t\t<\/div>\n\t\t\t\t<\/div>\n\t\t<div class=\"elementor-element elementor-element-09b5eeb e-flex e-con-boxed e-con e-parent\" data-id=\"09b5eeb\" data-element_type=\"container\" data-e-type=\"container\">\n\t\t\t\t\t<div class=\"e-con-inner\">\n\t\t<div class=\"elementor-element elementor-element-783d4ff e-con-full e-flex e-con e-child\" data-id=\"783d4ff\" data-element_type=\"container\" data-e-type=\"container\">\n\t\t\t\t<div class=\"elementor-element elementor-element-e2836d2 elementor-widget elementor-widget-text-editor\" data-id=\"e2836d2\" data-element_type=\"widget\" data-e-type=\"widget\" data-widget_type=\"text-editor.default\">\n\t\t\t\t\t\t\t\t\t<p>Une tablette de fen\u00eatre en pierre naturelle offre une combinaison parfaite de beaut\u00e9, de durabilit\u00e9 et d'\u00e9l\u00e9gance intemporelle. La pierre naturelle, avec ses textures et ses nuances de couleurs uniques, conf\u00e8re une esth\u00e9tique sophistiqu\u00e9e \u00e0 n'importe quelle pi\u00e8ce, tout en \u00e9tant pratique et r\u00e9sistante. L'origine naturelle de la pierre conf\u00e8re \u00e0 la tablette de fen\u00eatre un aspect unique qu'il est difficile d'obtenir avec d'autres mat\u00e9riaux.<\/p><p>En outre, la pierre naturelle est exceptionnellement durable et r\u00e9sistante \u00e0 l'usage quotidien, \u00e0 l'humidit\u00e9 et aux fluctuations de temp\u00e9rature, ce qui la rend id\u00e9ale pour les carreaux de fen\u00eatre soumis \u00e0 de nombreuses influences. Elle conserve sans effort son aspect \u00e9l\u00e9gant au fil des ans, m\u00eame en cas d'utilisation intensive. Ses propri\u00e9t\u00e9s de faible entretien font de la pierre naturelle un choix pratique, tandis que son luxe naturel conf\u00e8re une ambiance sophistiqu\u00e9e aux int\u00e9rieurs classiques et modernes.<\/p><p>En bref, une tablette de fen\u00eatre en pierre naturelle combine fonctionnalit\u00e9 et valeur esth\u00e9tique in\u00e9gal\u00e9e, ce qui en fait non seulement un \u00e9l\u00e9ment pratique, mais aussi un ajout \u00e9l\u00e9gant \u00e0 votre maison.<\/p><p>En tant que sp\u00e9cialistes, nous proposons une large gamme de finitions, enti\u00e8rement adapt\u00e9es au style de votre maison et \u00e0 l'aspect souhait\u00e9. Chacun de vos choix contribue \u00e0 cr\u00e9er une harmonie parfaite entre votre int\u00e9rieur et la pierre naturelle, o\u00f9 nous tenons compte de vos pr\u00e9f\u00e9rences personnelles et de l'atmosph\u00e8re que vous souhaitez cr\u00e9er.<\/p>\t\t\t\t\t\t\t\t<\/div>\n\t\t\t\t<\/div>\n\t\t<div class=\"elementor-element elementor-element-4ad9c9a e-con-full e-flex e-con e-child\" data-id=\"4ad9c9a\" data-element_type=\"container\" data-e-type=\"container\">\n\t\t\t\t<div class=\"elementor-element elementor-element-1f88b56 elementor-widget elementor-widget-image\" data-id=\"1f88b56\" data-element_type=\"widget\" data-e-type=\"widget\" data-widget_type=\"image.default\">\n\t\t\t\t\t\t\t\t\t\t\t\t\t\t\t<img fetchpriority=\"high\" decoding=\"async\" width=\"800\" height=\"534\" src=\"https:\/\/renier.be\/wp-content\/uploads\/2026\/03\/Venstertablet-foto-met-tuin-en-lampt-maart-2026-ChatGPT-1024x683.png\" class=\"attachment-large size-large wp-image-5194\" alt=\"carreau de fen\u00eatre pierre bleue flamm\u00e9e\" srcset=\"https:\/\/renier.be\/wp-content\/uploads\/2026\/03\/Venstertablet-foto-met-tuin-en-lampt-maart-2026-ChatGPT-1024x683.png 1024w, https:\/\/renier.be\/wp-content\/uploads\/2026\/03\/Venstertablet-foto-met-tuin-en-lampt-maart-2026-ChatGPT-300x200.png 300w, https:\/\/renier.be\/wp-content\/uploads\/2026\/03\/Venstertablet-foto-met-tuin-en-lampt-maart-2026-ChatGPT-768x512.png 768w, https:\/\/renier.be\/wp-content\/uploads\/2026\/03\/Venstertablet-foto-met-tuin-en-lampt-maart-2026-ChatGPT-18x12.png 18w, https:\/\/renier.be\/wp-content\/uploads\/2026\/03\/Venstertablet-foto-met-tuin-en-lampt-maart-2026-ChatGPT-600x400.png 600w, https:\/\/renier.be\/wp-content\/uploads\/2026\/03\/Venstertablet-foto-met-tuin-en-lampt-maart-2026-ChatGPT.png 1536w\" sizes=\"(max-width: 800px) 100vw, 800px\" \/>\t\t\t\t\t\t\t\t\t\t\t\t\t\t\t<\/div>\n\t\t\t\t<\/div>\n\t\t\t\t\t<\/div>\n\t\t\t\t<\/div>\n\t\t<div class=\"elementor-element elementor-element-11b9470 e-flex e-con-boxed e-con e-parent\" data-id=\"11b9470\" data-element_type=\"container\" data-e-type=\"container\">\n\t\t\t\t\t<div class=\"e-con-inner\">\n\t\t<div class=\"elementor-element elementor-element-1c4b89b e-con-full e-flex e-con e-child\" data-id=\"1c4b89b\" data-element_type=\"container\" data-e-type=\"container\">\n\t\t\t\t<div class=\"elementor-element elementor-element-8937930 elementor-widget elementor-widget-text-editor\" data-id=\"8937930\" data-element_type=\"widget\" data-e-type=\"widget\" data-widget_type=\"text-editor.default\">\n\t\t\t\t\t\t\t\t\t<p><strong>VINALMONT ADOUCI<\/strong><\/p><p><img decoding=\"async\" class=\"alignnone size-medium wp-image-2454\" src=\"https:\/\/renier.be\/wp-content\/uploads\/2024\/09\/Vinalmont-gezoet-300x200.jpg\" alt=\"\" width=\"300\" height=\"200\" srcset=\"https:\/\/renier.be\/wp-content\/uploads\/2024\/09\/Vinalmont-gezoet-300x200.jpg 300w, https:\/\/renier.be\/wp-content\/uploads\/2024\/09\/Vinalmont-gezoet-1024x683.jpg 1024w, https:\/\/renier.be\/wp-content\/uploads\/2024\/09\/Vinalmont-gezoet-768x512.jpg 768w, https:\/\/renier.be\/wp-content\/uploads\/2024\/09\/Vinalmont-gezoet-1536x1024.jpg 1536w, https:\/\/renier.be\/wp-content\/uploads\/2024\/09\/Vinalmont-gezoet-2048x1365.jpg 2048w, https:\/\/renier.be\/wp-content\/uploads\/2024\/09\/Vinalmont-gezoet-600x400.jpg 600w\" sizes=\"(max-width: 300px) 100vw, 300px\" \/><\/p><p>Il s'agit d'une pierre calcaire unique du Vinalmont provenant de nos propres carri\u00e8res pr\u00e8s de Li\u00e8ge, particuli\u00e8rement durable, facile d'entretien et r\u00e9sistante \u00e0 l'humidit\u00e9, ce qui en fait un mat\u00e9riau id\u00e9al pour les carreaux de fen\u00eatre. Hautement recommand\u00e9 !<\/p>\t\t\t\t\t\t\t\t<\/div>\n\t\t\t\t<\/div>\n\t\t<div class=\"elementor-element elementor-element-bcc5685 e-con-full e-flex e-con e-child\" data-id=\"bcc5685\" data-element_type=\"container\" data-e-type=\"container\">\n\t\t\t\t<div class=\"elementor-element elementor-element-7ea70c9 elementor-widget elementor-widget-text-editor\" data-id=\"7ea70c9\" data-element_type=\"widget\" data-e-type=\"widget\" data-widget_type=\"text-editor.default\">\n\t\t\t\t\t\t\t\t\t<p><strong>PIERRE BLUE ADOUCIE<\/strong><\/p><p><img decoding=\"async\" class=\"alignnone size-medium wp-image-2455\" src=\"https:\/\/renier.be\/wp-content\/uploads\/2024\/09\/BLH_gezoet-300x200.jpg\" alt=\"\" width=\"300\" height=\"200\" srcset=\"https:\/\/renier.be\/wp-content\/uploads\/2024\/09\/BLH_gezoet-300x200.jpg 300w, https:\/\/renier.be\/wp-content\/uploads\/2024\/09\/BLH_gezoet-1024x682.jpg 1024w, https:\/\/renier.be\/wp-content\/uploads\/2024\/09\/BLH_gezoet-768x512.jpg 768w, https:\/\/renier.be\/wp-content\/uploads\/2024\/09\/BLH_gezoet-600x400.jpg 600w, https:\/\/renier.be\/wp-content\/uploads\/2024\/09\/BLH_gezoet.jpg 1400w\" sizes=\"(max-width: 300px) 100vw, 300px\" \/><\/p><p>Finition adoucie de notre propre pierre bleue provenant de notre carri\u00e8re de Sprimont. Une vitre en pierre bleue belge adoucie est durable, r\u00e9sistante aux rayures, facile \u00e0 entretenir et donne un aspect \u00e9l\u00e9gant et intemporel \u00e0 tout int\u00e9rieur.<\/p>\t\t\t\t\t\t\t\t<\/div>\n\t\t\t\t<\/div>\n\t\t<div class=\"elementor-element elementor-element-23b7cbc e-con-full e-flex e-con e-child\" data-id=\"23b7cbc\" data-element_type=\"container\" data-e-type=\"container\">\n\t\t\t\t<div class=\"elementor-element elementor-element-21a8c6f elementor-widget elementor-widget-text-editor\" data-id=\"21a8c6f\" data-element_type=\"widget\" data-e-type=\"widget\" data-widget_type=\"text-editor.default\">\n\t\t\t\t\t\t\t\t\t<p><strong>INDIAN BLACK ADOUCI<\/strong><\/p><p><img loading=\"lazy\" decoding=\"async\" class=\"alignnone size-medium wp-image-2456\" src=\"https:\/\/renier.be\/wp-content\/uploads\/2024\/09\/indian_black_gezoet-300x200.jpg\" alt=\"\" width=\"300\" height=\"200\" srcset=\"https:\/\/renier.be\/wp-content\/uploads\/2024\/09\/indian_black_gezoet-300x200.jpg 300w, https:\/\/renier.be\/wp-content\/uploads\/2024\/09\/indian_black_gezoet-1024x682.jpg 1024w, https:\/\/renier.be\/wp-content\/uploads\/2024\/09\/indian_black_gezoet-768x512.jpg 768w, https:\/\/renier.be\/wp-content\/uploads\/2024\/09\/indian_black_gezoet-600x400.jpg 600w, https:\/\/renier.be\/wp-content\/uploads\/2024\/09\/indian_black_gezoet.jpg 1400w\" sizes=\"(max-width: 300px) 100vw, 300px\" \/><\/p><p>L'Indian Black est une pierre naturelle originaire de l'Inde, d'un noir profond et d'aspect lisse. Elle est tr\u00e8s durable, r\u00e9sistante \u00e0 la chaleur et \u00e0 l'humidit\u00e9.\u00a0<\/p>\t\t\t\t\t\t\t\t<\/div>\n\t\t\t\t<\/div>\n\t\t<div class=\"elementor-element elementor-element-57f67aa e-con-full e-flex e-con e-child\" data-id=\"57f67aa\" data-element_type=\"container\" data-e-type=\"container\">\n\t\t\t\t<div class=\"elementor-element elementor-element-b678cb8 elementor-widget elementor-widget-text-editor\" data-id=\"b678cb8\" data-element_type=\"widget\" data-e-type=\"widget\" data-widget_type=\"text-editor.default\">\n\t\t\t\t\t\t\t\t\t<p><strong>INDIAN BLACK POLI<\/strong><\/p><p><img loading=\"lazy\" decoding=\"async\" class=\"alignnone size-medium wp-image-2456\" src=\"https:\/\/renier.be\/wp-content\/uploads\/2024\/09\/indian_black_gezoet-300x200.jpg\" alt=\"\" width=\"300\" height=\"200\" srcset=\"https:\/\/renier.be\/wp-content\/uploads\/2024\/09\/indian_black_gezoet-300x200.jpg 300w, https:\/\/renier.be\/wp-content\/uploads\/2024\/09\/indian_black_gezoet-1024x682.jpg 1024w, https:\/\/renier.be\/wp-content\/uploads\/2024\/09\/indian_black_gezoet-768x512.jpg 768w, https:\/\/renier.be\/wp-content\/uploads\/2024\/09\/indian_black_gezoet-600x400.jpg 600w, https:\/\/renier.be\/wp-content\/uploads\/2024\/09\/indian_black_gezoet.jpg 1400w\" sizes=\"(max-width: 300px) 100vw, 300px\" \/><\/p><p>Noir indien avec une finition brillante. Une tablette de fen\u00eatre en noir indien avec finition poli offre un aspect brillant et luxueux, est r\u00e9sistante aux rayures, durable et facile d'entretien, parfaite pour les int\u00e9rieurs modernes.<\/p>\t\t\t\t\t\t\t\t<\/div>\n\t\t\t\t<\/div>\n\t\t\t\t\t<\/div>\n\t\t\t\t<\/div>\n\t\t<div class=\"elementor-element elementor-element-89a635f e-flex e-con-boxed e-con e-parent\" data-id=\"89a635f\" data-element_type=\"container\" data-e-type=\"container\">\n\t\t\t\t\t<div class=\"e-con-inner\">\n\t\t<div class=\"elementor-element elementor-element-c1b3698 e-con-full e-flex e-con e-child\" data-id=\"c1b3698\" data-element_type=\"container\" data-e-type=\"container\">\n\t\t\t\t<div class=\"elementor-element elementor-element-8aa9e84 elementor-widget elementor-widget-text-editor\" data-id=\"8aa9e84\" data-element_type=\"widget\" data-e-type=\"widget\" data-widget_type=\"text-editor.default\">\n\t\t\t\t\t\t\t\t\t<p><strong>PIETRA SERENA<\/strong><\/p><p><img loading=\"lazy\" decoding=\"async\" class=\"alignnone size-medium wp-image-2465\" src=\"https:\/\/renier.be\/wp-content\/uploads\/2024\/09\/pietra-serena-lichter-300x200.jpg\" alt=\"\" width=\"300\" height=\"200\" srcset=\"https:\/\/renier.be\/wp-content\/uploads\/2024\/09\/pietra-serena-lichter-300x200.jpg 300w, https:\/\/renier.be\/wp-content\/uploads\/2024\/09\/pietra-serena-lichter-1024x682.jpg 1024w, https:\/\/renier.be\/wp-content\/uploads\/2024\/09\/pietra-serena-lichter-768x512.jpg 768w, https:\/\/renier.be\/wp-content\/uploads\/2024\/09\/pietra-serena-lichter-600x400.jpg 600w, https:\/\/renier.be\/wp-content\/uploads\/2024\/09\/pietra-serena-lichter.jpg 1400w\" sizes=\"(max-width: 300px) 100vw, 300px\" \/><\/p><p>Un carreau de fen\u00eatre en Pietra Serena, un gr\u00e8s italien, offre un aspect gris \u00e9l\u00e9gant, est durable et r\u00e9sistant \u00e0 la chaleur, et s'int\u00e8gre parfaitement dans les int\u00e9rieurs modernes et classiques.<\/p>\t\t\t\t\t\t\t\t<\/div>\n\t\t\t\t<\/div>\n\t\t<div class=\"elementor-element elementor-element-fe8eddb e-con-full e-flex e-con e-child\" data-id=\"fe8eddb\" data-element_type=\"container\" data-e-type=\"container\">\n\t\t\t\t<div class=\"elementor-element elementor-element-33cd60a elementor-widget elementor-widget-text-editor\" data-id=\"33cd60a\" data-element_type=\"widget\" data-e-type=\"widget\" data-widget_type=\"text-editor.default\">\n\t\t\t\t\t\t\t\t\t<p><strong>MOCCA CREME<\/strong><\/p><p><img loading=\"lazy\" decoding=\"async\" class=\"alignnone size-full wp-image-2477\" src=\"https:\/\/renier.be\/wp-content\/uploads\/2024\/09\/moca-creme-aangepast-formaat.jpg\" alt=\"\" width=\"300\" height=\"200\" \/><\/p><p>Un carreau de fen\u00eatre en Mocca Creme, une pierre calcaire beige du Portugal, offre un aspect beige et chaud, est durable et facile \u00e0 entretenir, et s'int\u00e8gre parfaitement dans les int\u00e9rieurs modernes et classiques.<\/p>\t\t\t\t\t\t\t\t<\/div>\n\t\t\t\t<\/div>\n\t\t<div class=\"elementor-element elementor-element-be38efe e-con-full e-flex e-con e-child\" data-id=\"be38efe\" data-element_type=\"container\" data-e-type=\"container\">\n\t\t\t\t<div class=\"elementor-element elementor-element-98b01b5 elementor-widget elementor-widget-text-editor\" data-id=\"98b01b5\" data-element_type=\"widget\" data-e-type=\"widget\" data-widget_type=\"text-editor.default\">\n\t\t\t\t\t\t\t\t\t<p><strong>CARRARA<\/strong><\/p><p><img loading=\"lazy\" decoding=\"async\" class=\"alignnone size-medium wp-image-2466\" src=\"https:\/\/renier.be\/wp-content\/uploads\/2024\/09\/carrara_c-lichter-300x200.jpg\" alt=\"\" width=\"300\" height=\"200\" srcset=\"https:\/\/renier.be\/wp-content\/uploads\/2024\/09\/carrara_c-lichter-300x200.jpg 300w, https:\/\/renier.be\/wp-content\/uploads\/2024\/09\/carrara_c-lichter-1024x682.jpg 1024w, https:\/\/renier.be\/wp-content\/uploads\/2024\/09\/carrara_c-lichter-768x512.jpg 768w, https:\/\/renier.be\/wp-content\/uploads\/2024\/09\/carrara_c-lichter-600x400.jpg 600w, https:\/\/renier.be\/wp-content\/uploads\/2024\/09\/carrara_c-lichter.jpg 1400w\" sizes=\"(max-width: 300px) 100vw, 300px\" \/><\/p><p>Une tablette de fen\u00eatre en marbre de Carrare offre un aspect luxueux et intemporel avec son fond blanc et ses subtiles veines grises. Ce marbre n'est pas seulement esth\u00e9tique, il est aussi durable et r\u00e9sistant \u00e0 la chaleur, ce qui le rend id\u00e9al pour les tablettes de fen\u00eatre.\u00a0<\/p>\t\t\t\t\t\t\t\t<\/div>\n\t\t\t\t<\/div>\n\t\t\t\t\t<\/div>\n\t\t\t\t<\/div>\n\t\t<div class=\"elementor-element elementor-element-0e74f0b e-flex e-con-boxed e-con e-parent\" data-id=\"0e74f0b\" data-element_type=\"container\" data-e-type=\"container\">\n\t\t\t\t\t<div class=\"e-con-inner\">\n\t\t\t\t<div class=\"elementor-element elementor-element-115698e elementor-widget elementor-widget-button\" data-id=\"115698e\" data-element_type=\"widget\" data-e-type=\"widget\" data-widget_type=\"button.default\">\n\t\t\t\t\t\t\t\t\t\t<a class=\"elementor-button elementor-button-link elementor-size-sm\" href=\"https:\/\/renier.be\/fr\/produits\/?_categorieen=venstertablet\">\n\t\t\t\t\t\t<span class=\"elementor-button-content-wrapper\">\n\t\t\t\t\t\t\t\t\t<span class=\"elementor-button-text\">Aper\u00e7u des tablettes de fen\u00eatre<\/span>\n\t\t\t\t\t<\/span>\n\t\t\t\t\t<\/a>\n\t\t\t\t\t\t\t\t<\/div>\n\t\t\t\t\t<\/div>\n\t\t\t\t<\/div>\n\t\t\t\t<\/div>","protected":false},"excerpt":{"rendered":"<p>Venstertabletten in natuursteen ? een verstandige keuze Een venstertablet in natuursteen biedt een perfecte combinatie van schoonheid, duurzaamheid en tijdloze elegantie. Natuursteen, met zijn unieke texturen en kleurnuances, voegt een verfijnde esthetiek toe aan elke ruimte, terwijl het ook praktisch en slijtvast is. Door de natuurlijke oorsprong van de steen krijgt het venstertablet een unieke [&hellip;]<\/p>\n","protected":false},"author":2,"featured_media":0,"parent":0,"menu_order":0,"comment_status":"closed","ping_status":"closed","template":"","meta":{"_acf_changed":false,"footnotes":""},"class_list":["post-2350","page","type-page","status-publish","hentry"],"acf":[],"yoast_head":"<!-- This site is optimized with the Yoast SEO plugin v27.4 - https:\/\/yoast.com\/product\/yoast-seo-wordpress\/ -->\n<title>Interieur - Tabletten - Venstertabletten - Renier Natuursteen<\/title>\n<meta name=\"robots\" content=\"index, follow, max-snippet:-1, max-image-preview:large, max-video-preview:-1\" \/>\n<link rel=\"canonical\" href=\"https:\/\/renier.be\/fr\/tablettes-pour-fenetres-interieures\/\" \/>\n<meta property=\"og:locale\" content=\"fr_FR\" \/>\n<meta property=\"og:type\" content=\"article\" \/>\n<meta property=\"og:title\" content=\"Interieur - Tabletten - Venstertabletten - Renier Natuursteen\" \/>\n<meta property=\"og:description\" content=\"Venstertabletten in natuursteen ? een verstandige keuze Een venstertablet in natuursteen biedt een perfecte combinatie van schoonheid, duurzaamheid en tijdloze elegantie. Natuursteen, met zijn unieke texturen en kleurnuances, voegt een verfijnde esthetiek toe aan elke ruimte, terwijl het ook praktisch en slijtvast is. Door de natuurlijke oorsprong van de steen krijgt het venstertablet een unieke [&hellip;]\" \/>\n<meta property=\"og:url\" content=\"https:\/\/renier.be\/fr\/tablettes-pour-fenetres-interieures\/\" \/>\n<meta property=\"og:site_name\" content=\"Renier Natuursteen\" \/>\n<meta property=\"article:publisher\" content=\"https:\/\/www.facebook.com\/reniernatuursteen\" \/>\n<meta property=\"article:modified_time\" content=\"2026-03-12T13:14:49+00:00\" \/>\n<meta property=\"og:image\" content=\"https:\/\/renier.be\/wp-content\/uploads\/2026\/03\/Venstertablet-foto-met-tuin-en-lampt-maart-2026-ChatGPT-1024x683.png\" \/>\n\t<meta property=\"og:image:width\" content=\"1024\" \/>\n\t<meta property=\"og:image:height\" content=\"683\" \/>\n\t<meta property=\"og:image:type\" content=\"image\/png\" \/>\n<meta name=\"twitter:card\" content=\"summary_large_image\" \/>\n<meta name=\"twitter:label1\" content=\"Dur\u00e9e de lecture estim\u00e9e\" \/>\n\t<meta name=\"twitter:data1\" content=\"4 minutes\" \/>\n<script type=\"application\/ld+json\" class=\"yoast-schema-graph\">{\"@context\":\"https:\\\/\\\/schema.org\",\"@graph\":[{\"@type\":\"WebPage\",\"@id\":\"https:\\\/\\\/renier.be\\\/interieur-tabletten-venstertabletten\\\/\",\"url\":\"https:\\\/\\\/renier.be\\\/interieur-tabletten-venstertabletten\\\/\",\"name\":\"Interieur - Tabletten - Venstertabletten - Renier Natuursteen\",\"isPartOf\":{\"@id\":\"https:\\\/\\\/renier.be\\\/#website\"},\"primaryImageOfPage\":{\"@id\":\"https:\\\/\\\/renier.be\\\/interieur-tabletten-venstertabletten\\\/#primaryimage\"},\"image\":{\"@id\":\"https:\\\/\\\/renier.be\\\/interieur-tabletten-venstertabletten\\\/#primaryimage\"},\"thumbnailUrl\":\"https:\\\/\\\/renier.be\\\/wp-content\\\/uploads\\\/2026\\\/03\\\/Venstertablet-foto-met-tuin-en-lampt-maart-2026-ChatGPT-1024x683.png\",\"datePublished\":\"2024-09-12T12:25:37+00:00\",\"dateModified\":\"2026-03-12T13:14:49+00:00\",\"breadcrumb\":{\"@id\":\"https:\\\/\\\/renier.be\\\/interieur-tabletten-venstertabletten\\\/#breadcrumb\"},\"inLanguage\":\"fr-FR\",\"potentialAction\":[{\"@type\":\"ReadAction\",\"target\":[\"https:\\\/\\\/renier.be\\\/interieur-tabletten-venstertabletten\\\/\"]}]},{\"@type\":\"ImageObject\",\"inLanguage\":\"fr-FR\",\"@id\":\"https:\\\/\\\/renier.be\\\/interieur-tabletten-venstertabletten\\\/#primaryimage\",\"url\":\"https:\\\/\\\/renier.be\\\/wp-content\\\/uploads\\\/2026\\\/03\\\/Venstertablet-foto-met-tuin-en-lampt-maart-2026-ChatGPT-1024x683.png\",\"contentUrl\":\"https:\\\/\\\/renier.be\\\/wp-content\\\/uploads\\\/2026\\\/03\\\/Venstertablet-foto-met-tuin-en-lampt-maart-2026-ChatGPT-1024x683.png\"},{\"@type\":\"BreadcrumbList\",\"@id\":\"https:\\\/\\\/renier.be\\\/interieur-tabletten-venstertabletten\\\/#breadcrumb\",\"itemListElement\":[{\"@type\":\"ListItem\",\"position\":1,\"name\":\"Home\",\"item\":\"https:\\\/\\\/renier.be\\\/\"},{\"@type\":\"ListItem\",\"position\":2,\"name\":\"Interieur &#8211; Tabletten &#8211; Venstertabletten\"}]},{\"@type\":\"WebSite\",\"@id\":\"https:\\\/\\\/renier.be\\\/#website\",\"url\":\"https:\\\/\\\/renier.be\\\/\",\"name\":\"Renier Natuursteen\",\"description\":\"Specialist in Belgisch Blauwe Hardsteen\",\"publisher\":{\"@id\":\"https:\\\/\\\/renier.be\\\/#organization\"},\"potentialAction\":[{\"@type\":\"SearchAction\",\"target\":{\"@type\":\"EntryPoint\",\"urlTemplate\":\"https:\\\/\\\/renier.be\\\/?s={search_term_string}\"},\"query-input\":{\"@type\":\"PropertyValueSpecification\",\"valueRequired\":true,\"valueName\":\"search_term_string\"}}],\"inLanguage\":\"fr-FR\"},{\"@type\":\"Organization\",\"@id\":\"https:\\\/\\\/renier.be\\\/#organization\",\"name\":\"Renier Natuursteen\",\"url\":\"https:\\\/\\\/renier.be\\\/\",\"logo\":{\"@type\":\"ImageObject\",\"inLanguage\":\"fr-FR\",\"@id\":\"https:\\\/\\\/renier.be\\\/#\\\/schema\\\/logo\\\/image\\\/\",\"url\":\"\",\"contentUrl\":\"\",\"caption\":\"Renier Natuursteen\"},\"image\":{\"@id\":\"https:\\\/\\\/renier.be\\\/#\\\/schema\\\/logo\\\/image\\\/\"},\"sameAs\":[\"https:\\\/\\\/www.facebook.com\\\/reniernatuursteen\"]}]}<\/script>\n<!-- \/ Yoast SEO plugin. -->","yoast_head_json":{"title":"Int\u00e9rieur - Tablettes de fen\u00eatres - Renier Natuursteen","robots":{"index":"index","follow":"follow","max-snippet":"max-snippet:-1","max-image-preview":"max-image-preview:large","max-video-preview":"max-video-preview:-1"},"canonical":"https:\/\/renier.be\/fr\/tablettes-pour-fenetres-interieures\/","og_locale":"fr_FR","og_type":"article","og_title":"Interieur - Tabletten - Venstertabletten - Renier Natuursteen","og_description":"Venstertabletten in natuursteen ? een verstandige keuze Een venstertablet in natuursteen biedt een perfecte combinatie van schoonheid, duurzaamheid en tijdloze elegantie. Natuursteen, met zijn unieke texturen en kleurnuances, voegt een verfijnde esthetiek toe aan elke ruimte, terwijl het ook praktisch en slijtvast is. Door de natuurlijke oorsprong van de steen krijgt het venstertablet een unieke [&hellip;]","og_url":"https:\/\/renier.be\/fr\/tablettes-pour-fenetres-interieures\/","og_site_name":"Renier Natuursteen","article_publisher":"https:\/\/www.facebook.com\/reniernatuursteen","article_modified_time":"2026-03-12T13:14:49+00:00","og_image":[{"width":1024,"height":683,"url":"https:\/\/renier.be\/wp-content\/uploads\/2026\/03\/Venstertablet-foto-met-tuin-en-lampt-maart-2026-ChatGPT-1024x683.png","type":"image\/png"}],"twitter_card":"summary_large_image","twitter_misc":{"Dur\u00e9e de lecture estim\u00e9e":"4 minutes"},"schema":{"@context":"https:\/\/schema.org","@graph":[{"@type":"WebPage","@id":"https:\/\/renier.be\/interieur-tabletten-venstertabletten\/","url":"https:\/\/renier.be\/interieur-tabletten-venstertabletten\/","name":"Int\u00e9rieur - Tablettes de fen\u00eatres - Renier Natuursteen","isPartOf":{"@id":"https:\/\/renier.be\/#website"},"primaryImageOfPage":{"@id":"https:\/\/renier.be\/interieur-tabletten-venstertabletten\/#primaryimage"},"image":{"@id":"https:\/\/renier.be\/interieur-tabletten-venstertabletten\/#primaryimage"},"thumbnailUrl":"https:\/\/renier.be\/wp-content\/uploads\/2026\/03\/Venstertablet-foto-met-tuin-en-lampt-maart-2026-ChatGPT-1024x683.png","datePublished":"2024-09-12T12:25:37+00:00","dateModified":"2026-03-12T13:14:49+00:00","breadcrumb":{"@id":"https:\/\/renier.be\/interieur-tabletten-venstertabletten\/#breadcrumb"},"inLanguage":"fr-FR","potentialAction":[{"@type":"ReadAction","target":["https:\/\/renier.be\/interieur-tabletten-venstertabletten\/"]}]},{"@type":"ImageObject","inLanguage":"fr-FR","@id":"https:\/\/renier.be\/interieur-tabletten-venstertabletten\/#primaryimage","url":"https:\/\/renier.be\/wp-content\/uploads\/2026\/03\/Venstertablet-foto-met-tuin-en-lampt-maart-2026-ChatGPT-1024x683.png","contentUrl":"https:\/\/renier.be\/wp-content\/uploads\/2026\/03\/Venstertablet-foto-met-tuin-en-lampt-maart-2026-ChatGPT-1024x683.png"},{"@type":"BreadcrumbList","@id":"https:\/\/renier.be\/interieur-tabletten-venstertabletten\/#breadcrumb","itemListElement":[{"@type":"ListItem","position":1,"name":"Home","item":"https:\/\/renier.be\/"},{"@type":"ListItem","position":2,"name":"Interieur &#8211; Tabletten &#8211; Venstertabletten"}]},{"@type":"WebSite","@id":"https:\/\/renier.be\/#website","url":"https:\/\/renier.be\/","name":"Pierre naturelle de Renier","description":"Sp\u00e9cialiste de la pierre bleue belge","publisher":{"@id":"https:\/\/renier.be\/#organization"},"potentialAction":[{"@type":"SearchAction","target":{"@type":"EntryPoint","urlTemplate":"https:\/\/renier.be\/?s={search_term_string}"},"query-input":{"@type":"PropertyValueSpecification","valueRequired":true,"valueName":"search_term_string"}}],"inLanguage":"fr-FR"},{"@type":"Organization","@id":"https:\/\/renier.be\/#organization","name":"Pierre naturelle de Renier","url":"https:\/\/renier.be\/","logo":{"@type":"ImageObject","inLanguage":"fr-FR","@id":"https:\/\/renier.be\/#\/schema\/logo\/image\/","url":"","contentUrl":"","caption":"Renier Natuursteen"},"image":{"@id":"https:\/\/renier.be\/#\/schema\/logo\/image\/"},"sameAs":["https:\/\/www.facebook.com\/reniernatuursteen"]}]}},"_links":{"self":[{"href":"https:\/\/renier.be\/fr\/wp-json\/wp\/v2\/pages\/2350","targetHints":{"allow":["GET"]}}],"collection":[{"href":"https:\/\/renier.be\/fr\/wp-json\/wp\/v2\/pages"}],"about":[{"href":"https:\/\/renier.be\/fr\/wp-json\/wp\/v2\/types\/page"}],"author":[{"embeddable":true,"href":"https:\/\/renier.be\/fr\/wp-json\/wp\/v2\/users\/2"}],"replies":[{"embeddable":true,"href":"https:\/\/renier.be\/fr\/wp-json\/wp\/v2\/comments?post=2350"}],"version-history":[{"count":0,"href":"https:\/\/renier.be\/fr\/wp-json\/wp\/v2\/pages\/2350\/revisions"}],"wp:attachment":[{"href":"https:\/\/renier.be\/fr\/wp-json\/wp\/v2\/media?parent=2350"}],"curies":[{"name":"wp","href":"https:\/\/api.w.org\/{rel}","templated":true}]}}