{"id":2352,"date":"2024-09-12T14:26:19","date_gmt":"2024-09-12T12:26:19","guid":{"rendered":"https:\/\/renier.be\/?page_id=2352"},"modified":"2025-08-29T11:04:30","modified_gmt":"2025-08-29T09:04:30","slug":"tablettes-pour-toilettes-interieures","status":"publish","type":"page","link":"https:\/\/renier.be\/fr\/interieur-tabletten-wc-tabletten\/","title":{"rendered":"Int\u00e9rieur - Tablettes - Tablettes WC"},"content":{"rendered":"<div data-elementor-type=\"wp-page\" data-elementor-id=\"2352\" class=\"elementor elementor-2352\" data-elementor-post-type=\"page\">\n\t\t\t\t<div class=\"elementor-element elementor-element-8d134fd e-flex e-con-boxed e-con e-parent\" data-id=\"8d134fd\" data-element_type=\"container\" data-e-type=\"container\">\n\t\t\t\t\t<div class=\"e-con-inner\">\n\t\t\t\t<div class=\"elementor-element elementor-element-1defc47 elementor-widget__width-inherit elementor-widget elementor-widget-heading\" data-id=\"1defc47\" data-element_type=\"widget\" data-e-type=\"widget\" data-widget_type=\"heading.default\">\n\t\t\t\t\t<h1 class=\"elementor-heading-title elementor-size-default\">Raffinez votre coin toilette avec une tablette en pierre naturelle<\/h1>\t\t\t\t<\/div>\n\t\t\t\t\t<\/div>\n\t\t\t\t<\/div>\n\t\t<div class=\"elementor-element elementor-element-d2c011c e-flex e-con-boxed e-con e-parent\" data-id=\"d2c011c\" data-element_type=\"container\" data-e-type=\"container\">\n\t\t\t\t\t<div class=\"e-con-inner\">\n\t\t<div class=\"elementor-element elementor-element-58e7c9c e-con-full e-flex e-con e-child\" data-id=\"58e7c9c\" data-element_type=\"container\" data-e-type=\"container\">\n\t\t\t\t<div class=\"elementor-element elementor-element-2fc4774 elementor-widget elementor-widget-text-editor\" data-id=\"2fc4774\" data-element_type=\"widget\" data-e-type=\"widget\" data-widget_type=\"text-editor.default\">\n\t\t\t\t\t\t\t\t\t<p>Une tablette en pierre naturelle dans les toilettes conf\u00e8re instantan\u00e9ment un aspect luxueux et sophistiqu\u00e9, gr\u00e2ce \u00e0 la beaut\u00e9 naturelle et aux motifs uniques de la pierre. Outre son attrait esth\u00e9tique, ce mat\u00e9riau pr\u00e9sente \u00e9galement des avantages pratiques : la pierre naturelle est durable, r\u00e9sistante \u00e0 l'usure et \u00e0 l'humidit\u00e9. Elle est donc id\u00e9ale pour un environnement humide tel que les toilettes.<\/p><p>De plus, elle est facile \u00e0 entretenir et conserve son aspect \u00e9l\u00e9gant au fil des ans. En choisissant la pierre naturelle, vous combinez fonctionnalit\u00e9 et style intemporel dans vos toilettes.<\/p>\t\t\t\t\t\t\t\t<\/div>\n\t\t\t\t<\/div>\n\t\t<div class=\"elementor-element elementor-element-3200048 e-con-full e-flex e-con e-child\" data-id=\"3200048\" data-element_type=\"container\" data-e-type=\"container\">\n\t\t\t\t<div class=\"elementor-element elementor-element-cfea1da elementor-widget elementor-widget-image\" data-id=\"cfea1da\" data-element_type=\"widget\" data-e-type=\"widget\" data-widget_type=\"image.default\">\n\t\t\t\t\t\t\t\t\t\t\t\t\t\t\t<img fetchpriority=\"high\" decoding=\"async\" width=\"640\" height=\"480\" src=\"https:\/\/renier.be\/wp-content\/uploads\/2024\/09\/WC-tablet.jpg\" class=\"attachment-large size-large wp-image-2494\" alt=\"\" srcset=\"https:\/\/renier.be\/wp-content\/uploads\/2024\/09\/WC-tablet.jpg 640w, https:\/\/renier.be\/wp-content\/uploads\/2024\/09\/WC-tablet-300x225.jpg 300w, https:\/\/renier.be\/wp-content\/uploads\/2024\/09\/WC-tablet-600x450.jpg 600w\" sizes=\"(max-width: 640px) 100vw, 640px\" \/>\t\t\t\t\t\t\t\t\t\t\t\t\t\t\t<\/div>\n\t\t\t\t<\/div>\n\t\t\t\t\t<\/div>\n\t\t\t\t<\/div>\n\t\t<div class=\"elementor-element elementor-element-9d529ca e-flex e-con-boxed e-con e-parent\" data-id=\"9d529ca\" data-element_type=\"container\" data-e-type=\"container\">\n\t\t\t\t\t<div class=\"e-con-inner\">\n\t\t\t\t<div class=\"elementor-element elementor-element-78f5b3d elementor-widget elementor-widget-button\" data-id=\"78f5b3d\" data-element_type=\"widget\" data-e-type=\"widget\" data-widget_type=\"button.default\">\n\t\t\t\t\t\t\t\t\t\t<a class=\"elementor-button elementor-button-link elementor-size-sm\" href=\"https:\/\/renier.be\/fr\/produits\/?_categorieen=venstertablet\">\n\t\t\t\t\t\t<span class=\"elementor-button-content-wrapper\">\n\t\t\t\t\t\t\t\t\t<span class=\"elementor-button-text\">Vue d'ensemble de la tablette<\/span>\n\t\t\t\t\t<\/span>\n\t\t\t\t\t<\/a>\n\t\t\t\t\t\t\t\t<\/div>\n\t\t\t\t\t<\/div>\n\t\t\t\t<\/div>\n\t\t\t\t<\/div>","protected":false},"excerpt":{"rendered":"<p>Verfijn uw toiletruimte met een natuurstenen tablet Een natuurstenen tablet in de toiletruimte voegt direct een luxe en verfijnde uitstraling toe, dankzij de natuurlijke schoonheid en unieke patronen van de steen. Het materiaal is niet alleen esthetisch aantrekkelijk, maar biedt ook praktische voordelen: natuursteen is duurzaam, slijtvast en bestand tegen vocht. Dit maakt het ideaal [&hellip;]<\/p>\n","protected":false},"author":2,"featured_media":0,"parent":0,"menu_order":0,"comment_status":"closed","ping_status":"closed","template":"","meta":{"_acf_changed":false,"footnotes":""},"class_list":["post-2352","page","type-page","status-publish","hentry"],"acf":[],"yoast_head":"<!-- This site is optimized with the Yoast SEO plugin v27.4 - https:\/\/yoast.com\/product\/yoast-seo-wordpress\/ -->\n<title>Interieur - Tabletten - WC tabletten - Renier Natuursteen<\/title>\n<meta name=\"robots\" content=\"index, follow, max-snippet:-1, max-image-preview:large, max-video-preview:-1\" \/>\n<link rel=\"canonical\" href=\"https:\/\/renier.be\/fr\/tablettes-pour-toilettes-interieures\/\" \/>\n<meta property=\"og:locale\" content=\"fr_FR\" \/>\n<meta property=\"og:type\" content=\"article\" \/>\n<meta property=\"og:title\" content=\"Interieur - Tabletten - WC tabletten - Renier Natuursteen\" \/>\n<meta property=\"og:description\" content=\"Verfijn uw toiletruimte met een natuurstenen tablet Een natuurstenen tablet in de toiletruimte voegt direct een luxe en verfijnde uitstraling toe, dankzij de natuurlijke schoonheid en unieke patronen van de steen. Het materiaal is niet alleen esthetisch aantrekkelijk, maar biedt ook praktische voordelen: natuursteen is duurzaam, slijtvast en bestand tegen vocht. Dit maakt het ideaal [&hellip;]\" \/>\n<meta property=\"og:url\" content=\"https:\/\/renier.be\/fr\/tablettes-pour-toilettes-interieures\/\" \/>\n<meta property=\"og:site_name\" content=\"Renier Natuursteen\" \/>\n<meta property=\"article:publisher\" content=\"https:\/\/www.facebook.com\/reniernatuursteen\" \/>\n<meta property=\"article:modified_time\" content=\"2025-08-29T09:04:30+00:00\" \/>\n<meta property=\"og:image\" content=\"https:\/\/renier.be\/wp-content\/uploads\/2024\/09\/WC-tablet.jpg\" \/>\n\t<meta property=\"og:image:width\" content=\"640\" \/>\n\t<meta property=\"og:image:height\" content=\"480\" \/>\n\t<meta property=\"og:image:type\" content=\"image\/jpeg\" \/>\n<meta name=\"twitter:card\" content=\"summary_large_image\" \/>\n<meta name=\"twitter:label1\" content=\"Dur\u00e9e de lecture estim\u00e9e\" \/>\n\t<meta name=\"twitter:data1\" content=\"1 minute\" \/>\n<script type=\"application\/ld+json\" class=\"yoast-schema-graph\">{\"@context\":\"https:\\\/\\\/schema.org\",\"@graph\":[{\"@type\":\"WebPage\",\"@id\":\"https:\\\/\\\/renier.be\\\/interieur-tabletten-wc-tabletten\\\/\",\"url\":\"https:\\\/\\\/renier.be\\\/interieur-tabletten-wc-tabletten\\\/\",\"name\":\"Interieur - Tabletten - WC tabletten - Renier Natuursteen\",\"isPartOf\":{\"@id\":\"https:\\\/\\\/renier.be\\\/#website\"},\"primaryImageOfPage\":{\"@id\":\"https:\\\/\\\/renier.be\\\/interieur-tabletten-wc-tabletten\\\/#primaryimage\"},\"image\":{\"@id\":\"https:\\\/\\\/renier.be\\\/interieur-tabletten-wc-tabletten\\\/#primaryimage\"},\"thumbnailUrl\":\"https:\\\/\\\/renier.be\\\/wp-content\\\/uploads\\\/2024\\\/09\\\/WC-tablet.jpg\",\"datePublished\":\"2024-09-12T12:26:19+00:00\",\"dateModified\":\"2025-08-29T09:04:30+00:00\",\"breadcrumb\":{\"@id\":\"https:\\\/\\\/renier.be\\\/interieur-tabletten-wc-tabletten\\\/#breadcrumb\"},\"inLanguage\":\"fr-FR\",\"potentialAction\":[{\"@type\":\"ReadAction\",\"target\":[\"https:\\\/\\\/renier.be\\\/interieur-tabletten-wc-tabletten\\\/\"]}]},{\"@type\":\"ImageObject\",\"inLanguage\":\"fr-FR\",\"@id\":\"https:\\\/\\\/renier.be\\\/interieur-tabletten-wc-tabletten\\\/#primaryimage\",\"url\":\"https:\\\/\\\/renier.be\\\/wp-content\\\/uploads\\\/2024\\\/09\\\/WC-tablet.jpg\",\"contentUrl\":\"https:\\\/\\\/renier.be\\\/wp-content\\\/uploads\\\/2024\\\/09\\\/WC-tablet.jpg\"},{\"@type\":\"BreadcrumbList\",\"@id\":\"https:\\\/\\\/renier.be\\\/interieur-tabletten-wc-tabletten\\\/#breadcrumb\",\"itemListElement\":[{\"@type\":\"ListItem\",\"position\":1,\"name\":\"Home\",\"item\":\"https:\\\/\\\/renier.be\\\/\"},{\"@type\":\"ListItem\",\"position\":2,\"name\":\"Interieur &#8211; Tabletten &#8211; WC tabletten\"}]},{\"@type\":\"WebSite\",\"@id\":\"https:\\\/\\\/renier.be\\\/#website\",\"url\":\"https:\\\/\\\/renier.be\\\/\",\"name\":\"Renier Natuursteen\",\"description\":\"Specialist in Belgisch Blauwe Hardsteen\",\"publisher\":{\"@id\":\"https:\\\/\\\/renier.be\\\/#organization\"},\"potentialAction\":[{\"@type\":\"SearchAction\",\"target\":{\"@type\":\"EntryPoint\",\"urlTemplate\":\"https:\\\/\\\/renier.be\\\/?s={search_term_string}\"},\"query-input\":{\"@type\":\"PropertyValueSpecification\",\"valueRequired\":true,\"valueName\":\"search_term_string\"}}],\"inLanguage\":\"fr-FR\"},{\"@type\":\"Organization\",\"@id\":\"https:\\\/\\\/renier.be\\\/#organization\",\"name\":\"Renier Natuursteen\",\"url\":\"https:\\\/\\\/renier.be\\\/\",\"logo\":{\"@type\":\"ImageObject\",\"inLanguage\":\"fr-FR\",\"@id\":\"https:\\\/\\\/renier.be\\\/#\\\/schema\\\/logo\\\/image\\\/\",\"url\":\"\",\"contentUrl\":\"\",\"caption\":\"Renier Natuursteen\"},\"image\":{\"@id\":\"https:\\\/\\\/renier.be\\\/#\\\/schema\\\/logo\\\/image\\\/\"},\"sameAs\":[\"https:\\\/\\\/www.facebook.com\\\/reniernatuursteen\"]}]}<\/script>\n<!-- \/ Yoast SEO plugin. -->","yoast_head_json":{"title":"Int\u00e9rieur - Tablettes - Tablettes WC - Renier Natuursteen","robots":{"index":"index","follow":"follow","max-snippet":"max-snippet:-1","max-image-preview":"max-image-preview:large","max-video-preview":"max-video-preview:-1"},"canonical":"https:\/\/renier.be\/fr\/tablettes-pour-toilettes-interieures\/","og_locale":"fr_FR","og_type":"article","og_title":"Interieur - Tabletten - WC tabletten - Renier Natuursteen","og_description":"Verfijn uw toiletruimte met een natuurstenen tablet Een natuurstenen tablet in de toiletruimte voegt direct een luxe en verfijnde uitstraling toe, dankzij de natuurlijke schoonheid en unieke patronen van de steen. Het materiaal is niet alleen esthetisch aantrekkelijk, maar biedt ook praktische voordelen: natuursteen is duurzaam, slijtvast en bestand tegen vocht. Dit maakt het ideaal [&hellip;]","og_url":"https:\/\/renier.be\/fr\/tablettes-pour-toilettes-interieures\/","og_site_name":"Renier Natuursteen","article_publisher":"https:\/\/www.facebook.com\/reniernatuursteen","article_modified_time":"2025-08-29T09:04:30+00:00","og_image":[{"width":640,"height":480,"url":"https:\/\/renier.be\/wp-content\/uploads\/2024\/09\/WC-tablet.jpg","type":"image\/jpeg"}],"twitter_card":"summary_large_image","twitter_misc":{"Dur\u00e9e de lecture estim\u00e9e":"1 minute"},"schema":{"@context":"https:\/\/schema.org","@graph":[{"@type":"WebPage","@id":"https:\/\/renier.be\/interieur-tabletten-wc-tabletten\/","url":"https:\/\/renier.be\/interieur-tabletten-wc-tabletten\/","name":"Int\u00e9rieur - Tablettes - Tablettes WC - Renier Natuursteen","isPartOf":{"@id":"https:\/\/renier.be\/#website"},"primaryImageOfPage":{"@id":"https:\/\/renier.be\/interieur-tabletten-wc-tabletten\/#primaryimage"},"image":{"@id":"https:\/\/renier.be\/interieur-tabletten-wc-tabletten\/#primaryimage"},"thumbnailUrl":"https:\/\/renier.be\/wp-content\/uploads\/2024\/09\/WC-tablet.jpg","datePublished":"2024-09-12T12:26:19+00:00","dateModified":"2025-08-29T09:04:30+00:00","breadcrumb":{"@id":"https:\/\/renier.be\/interieur-tabletten-wc-tabletten\/#breadcrumb"},"inLanguage":"fr-FR","potentialAction":[{"@type":"ReadAction","target":["https:\/\/renier.be\/interieur-tabletten-wc-tabletten\/"]}]},{"@type":"ImageObject","inLanguage":"fr-FR","@id":"https:\/\/renier.be\/interieur-tabletten-wc-tabletten\/#primaryimage","url":"https:\/\/renier.be\/wp-content\/uploads\/2024\/09\/WC-tablet.jpg","contentUrl":"https:\/\/renier.be\/wp-content\/uploads\/2024\/09\/WC-tablet.jpg"},{"@type":"BreadcrumbList","@id":"https:\/\/renier.be\/interieur-tabletten-wc-tabletten\/#breadcrumb","itemListElement":[{"@type":"ListItem","position":1,"name":"Home","item":"https:\/\/renier.be\/"},{"@type":"ListItem","position":2,"name":"Interieur &#8211; Tabletten &#8211; WC tabletten"}]},{"@type":"WebSite","@id":"https:\/\/renier.be\/#website","url":"https:\/\/renier.be\/","name":"Pierre naturelle de Renier","description":"Sp\u00e9cialiste de la pierre bleue belge","publisher":{"@id":"https:\/\/renier.be\/#organization"},"potentialAction":[{"@type":"SearchAction","target":{"@type":"EntryPoint","urlTemplate":"https:\/\/renier.be\/?s={search_term_string}"},"query-input":{"@type":"PropertyValueSpecification","valueRequired":true,"valueName":"search_term_string"}}],"inLanguage":"fr-FR"},{"@type":"Organization","@id":"https:\/\/renier.be\/#organization","name":"Pierre naturelle de Renier","url":"https:\/\/renier.be\/","logo":{"@type":"ImageObject","inLanguage":"fr-FR","@id":"https:\/\/renier.be\/#\/schema\/logo\/image\/","url":"","contentUrl":"","caption":"Renier Natuursteen"},"image":{"@id":"https:\/\/renier.be\/#\/schema\/logo\/image\/"},"sameAs":["https:\/\/www.facebook.com\/reniernatuursteen"]}]}},"_links":{"self":[{"href":"https:\/\/renier.be\/fr\/wp-json\/wp\/v2\/pages\/2352","targetHints":{"allow":["GET"]}}],"collection":[{"href":"https:\/\/renier.be\/fr\/wp-json\/wp\/v2\/pages"}],"about":[{"href":"https:\/\/renier.be\/fr\/wp-json\/wp\/v2\/types\/page"}],"author":[{"embeddable":true,"href":"https:\/\/renier.be\/fr\/wp-json\/wp\/v2\/users\/2"}],"replies":[{"embeddable":true,"href":"https:\/\/renier.be\/fr\/wp-json\/wp\/v2\/comments?post=2352"}],"version-history":[{"count":0,"href":"https:\/\/renier.be\/fr\/wp-json\/wp\/v2\/pages\/2352\/revisions"}],"wp:attachment":[{"href":"https:\/\/renier.be\/fr\/wp-json\/wp\/v2\/media?parent=2352"}],"curies":[{"name":"wp","href":"https:\/\/api.w.org\/{rel}","templated":true}]}}