{"id":2357,"date":"2024-09-12T14:28:26","date_gmt":"2024-09-12T12:28:26","guid":{"rendered":"https:\/\/renier.be\/?page_id=2357"},"modified":"2025-08-29T11:05:22","modified_gmt":"2025-08-29T09:05:22","slug":"plans-de-travail-pour-zones-humides-interieures","status":"publish","type":"page","link":"https:\/\/renier.be\/fr\/interieur-natte-zones-werkbladen\/","title":{"rendered":"Int\u00e9rieur - Zones humides"},"content":{"rendered":"<div data-elementor-type=\"wp-page\" data-elementor-id=\"2357\" class=\"elementor elementor-2357\" data-elementor-post-type=\"page\">\n\t\t\t\t<div class=\"elementor-element elementor-element-d564049 e-flex e-con-boxed e-con e-parent\" data-id=\"d564049\" data-element_type=\"container\" data-e-type=\"container\">\n\t\t\t\t\t<div class=\"e-con-inner\">\n\t\t\t\t<div class=\"elementor-element elementor-element-0a7d338 elementor-widget__width-inherit elementor-widget elementor-widget-heading\" data-id=\"0a7d338\" data-element_type=\"widget\" data-e-type=\"widget\" data-widget_type=\"heading.default\">\n\t\t\t\t\t<h1 class=\"elementor-heading-title elementor-size-default\">Pierre bleue belge : id\u00e9ale pour les zones humides<\/h1>\t\t\t\t<\/div>\n\t\t\t\t\t<\/div>\n\t\t\t\t<\/div>\n\t\t<div class=\"elementor-element elementor-element-0b7fdc6 e-flex e-con-boxed e-con e-parent\" data-id=\"0b7fdc6\" data-element_type=\"container\" data-e-type=\"container\">\n\t\t\t\t\t<div class=\"e-con-inner\">\n\t\t<div class=\"elementor-element elementor-element-bbabcbd e-con-full e-flex e-con e-child\" data-id=\"bbabcbd\" data-element_type=\"container\" data-e-type=\"container\">\n\t\t\t\t<div class=\"elementor-element elementor-element-b268220 elementor-widget elementor-widget-text-editor\" data-id=\"b268220\" data-element_type=\"widget\" data-e-type=\"widget\" data-widget_type=\"text-editor.default\">\n\t\t\t\t\t\t\t\t\t<p>La pierre bleue belge est parfaite pour les zones humides en raison de ses propri\u00e9t\u00e9s uniques, qui sont \u00e0 la fois fonctionnelles et esth\u00e9tiques :<\/p><h5>1. Propri\u00e9t\u00e9s antid\u00e9rapantes naturelles<\/h5><p>En fonction de la finition (adoucie, ponc\u00e9e ou bouchard\u00e9e), la pierre bleue belge offre une excellente adh\u00e9rence, m\u00eame lorsqu'elle est mouill\u00e9e. C'est donc un choix s\u00fbr pour les environnements humides.<\/p><h5>2. R\u00e9sistance \u00e0 l'eau et au gel<\/h5><p>Cette pierre naturelle est tr\u00e8s dense et peu poreuse, elle absorbe donc moins d'eau que beaucoup d'autres pierres naturelles.\u00a0<\/p><h5>3. Durabilit\u00e9 et r\u00e9sistance \u00e0 l'usure<\/h5><p>La pierre bleue belge est une pierre calcaire extr\u00eamement robuste et r\u00e9sistante, ce qui lui permet de supporter un usage intensif. Ceci est essentiel dans les zones humides o\u00f9 l'eau et l'humidit\u00e9 peuvent affecter la plupart des mat\u00e9riaux plus rapidement.<\/p><h5>4. Facilit\u00e9 d'entretien<\/h5><p>Gr\u00e2ce \u00e0 sa structure naturelle et \u00e0 sa densit\u00e9 \u00e9lev\u00e9e, cette pierre est facile \u00e0 nettoyer et r\u00e9sistante aux taches. Un entretien r\u00e9gulier avec de l'eau et un savon doux suffit \u00e0 conserver la beaut\u00e9 de la pierre.<\/p><h5>5. Une esth\u00e9tique intemporelle<\/h5><p>Outre ses avantages pratiques, la pierre bleue belge pr\u00e9sente un aspect luxueux et \u00e9l\u00e9gant qui s'int\u00e8gre parfaitement dans les int\u00e9rieurs et les ext\u00e9rieurs classiques et modernes. Son charme intemporel en fait un choix recherch\u00e9 pour les applications dans les pi\u00e8ces humides telles que les spas et les espaces de bien-\u00eatre.<\/p>\t\t\t\t\t\t\t\t<\/div>\n\t\t\t\t<\/div>\n\t\t<div class=\"elementor-element elementor-element-e9d261c e-con-full e-flex e-con e-child\" data-id=\"e9d261c\" data-element_type=\"container\" data-e-type=\"container\">\n\t\t<div class=\"elementor-element elementor-element-faaa829 e-con-full e-flex e-con e-child\" data-id=\"faaa829\" data-element_type=\"container\" data-e-type=\"container\">\n\t\t\t\t<div class=\"elementor-element elementor-element-7cdec43 elementor-widget elementor-widget-text-editor\" data-id=\"7cdec43\" data-element_type=\"widget\" data-e-type=\"widget\" data-widget_type=\"text-editor.default\">\n\t\t\t\t\t\t\t\t\t<p>Plan de travail en Pierre Bleue Belge avec une finition flamm\u00e9e et bross\u00e9e<\/p>\t\t\t\t\t\t\t\t<\/div>\n\t\t\t\t<\/div>\n\t\t\t\t<div class=\"elementor-element elementor-element-84bdcbb elementor-widget elementor-widget-image\" data-id=\"84bdcbb\" data-element_type=\"widget\" data-e-type=\"widget\" data-widget_type=\"image.default\">\n\t\t\t\t\t\t\t\t\t\t\t\t\t\t\t<img fetchpriority=\"high\" decoding=\"async\" width=\"800\" height=\"535\" src=\"https:\/\/renier.be\/wp-content\/uploads\/2025\/01\/Gaetan-DSCF20014-1024x685.jpg\" class=\"attachment-large size-large wp-image-3473\" alt=\"\" srcset=\"https:\/\/renier.be\/wp-content\/uploads\/2025\/01\/Gaetan-DSCF20014-1024x685.jpg 1024w, https:\/\/renier.be\/wp-content\/uploads\/2025\/01\/Gaetan-DSCF20014-300x201.jpg 300w, https:\/\/renier.be\/wp-content\/uploads\/2025\/01\/Gaetan-DSCF20014-768x514.jpg 768w, https:\/\/renier.be\/wp-content\/uploads\/2025\/01\/Gaetan-DSCF20014-1536x1028.jpg 1536w, https:\/\/renier.be\/wp-content\/uploads\/2025\/01\/Gaetan-DSCF20014-2048x1371.jpg 2048w, https:\/\/renier.be\/wp-content\/uploads\/2025\/01\/Gaetan-DSCF20014-18x12.jpg 18w, https:\/\/renier.be\/wp-content\/uploads\/2025\/01\/Gaetan-DSCF20014-600x402.jpg 600w\" sizes=\"(max-width: 800px) 100vw, 800px\" \/>\t\t\t\t\t\t\t\t\t\t\t\t\t\t\t<\/div>\n\t\t<div class=\"elementor-element elementor-element-5a61ed4 e-con-full e-flex e-con e-child\" data-id=\"5a61ed4\" data-element_type=\"container\" data-e-type=\"container\">\n\t\t\t\t<div class=\"elementor-element elementor-element-efffc7e elementor-widget elementor-widget-text-editor\" data-id=\"efffc7e\" data-element_type=\"widget\" data-e-type=\"widget\" data-widget_type=\"text-editor.default\">\n\t\t\t\t\t\t\t\t\t<p>Lavabo WC en Vinalmont gris sabl\u00e9<\/p>\t\t\t\t\t\t\t\t<\/div>\n\t\t\t\t<\/div>\n\t\t\t\t<div class=\"elementor-element elementor-element-d6f3c5e elementor-widget elementor-widget-image\" data-id=\"d6f3c5e\" data-element_type=\"widget\" data-e-type=\"widget\" data-widget_type=\"image.default\">\n\t\t\t\t\t\t\t\t\t\t\t\t\t\t\t<img decoding=\"async\" width=\"768\" height=\"1024\" src=\"https:\/\/renier.be\/wp-content\/uploads\/2025\/01\/IMG_7445-768x1024.jpg\" class=\"attachment-large size-large wp-image-3467\" alt=\"\" srcset=\"https:\/\/renier.be\/wp-content\/uploads\/2025\/01\/IMG_7445-768x1024.jpg 768w, https:\/\/renier.be\/wp-content\/uploads\/2025\/01\/IMG_7445-225x300.jpg 225w, https:\/\/renier.be\/wp-content\/uploads\/2025\/01\/IMG_7445-1152x1536.jpg 1152w, https:\/\/renier.be\/wp-content\/uploads\/2025\/01\/IMG_7445-1536x2048.jpg 1536w, https:\/\/renier.be\/wp-content\/uploads\/2025\/01\/IMG_7445-9x12.jpg 9w, https:\/\/renier.be\/wp-content\/uploads\/2025\/01\/IMG_7445-600x800.jpg 600w, https:\/\/renier.be\/wp-content\/uploads\/2025\/01\/IMG_7445-scaled.jpg 1920w\" sizes=\"(max-width: 768px) 100vw, 768px\" \/>\t\t\t\t\t\t\t\t\t\t\t\t\t\t\t<\/div>\n\t\t\t\t<\/div>\n\t\t\t\t\t<\/div>\n\t\t\t\t<\/div>\n\t\t<div class=\"elementor-element elementor-element-003489d e-grid e-con-boxed e-con e-parent\" data-id=\"003489d\" data-element_type=\"container\" data-e-type=\"container\">\n\t\t\t\t\t<div class=\"e-con-inner\">\n\t\t<div class=\"elementor-element elementor-element-f09f3a8 e-con-full e-flex e-con e-child\" data-id=\"f09f3a8\" data-element_type=\"container\" data-e-type=\"container\">\n\t\t<div class=\"elementor-element elementor-element-3aa5eef e-con-full e-flex e-con e-child\" data-id=\"3aa5eef\" data-element_type=\"container\" data-e-type=\"container\">\n\t\t\t\t<div class=\"elementor-element elementor-element-fd224a6 elementor-widget elementor-widget-text-editor\" data-id=\"fd224a6\" data-element_type=\"widget\" data-e-type=\"widget\" data-widget_type=\"text-editor.default\">\n\t\t\t\t\t\t\t\t\t<p>Lavabo \u00e0 poser en pierre bleue belge en finition sabl\u00e9e bleue<\/p>\t\t\t\t\t\t\t\t<\/div>\n\t\t\t\t<\/div>\n\t\t\t\t<div class=\"elementor-element elementor-element-680b015 elementor-widget elementor-widget-image\" data-id=\"680b015\" data-element_type=\"widget\" data-e-type=\"widget\" data-widget_type=\"image.default\">\n\t\t\t\t\t\t\t\t\t\t\t\t\t\t\t<img decoding=\"async\" width=\"768\" height=\"806\" src=\"https:\/\/renier.be\/wp-content\/uploads\/2025\/01\/Lavabo-apart-2-768x806.jpg\" class=\"attachment-medium_large size-medium_large wp-image-3483\" alt=\"\" srcset=\"https:\/\/renier.be\/wp-content\/uploads\/2025\/01\/Lavabo-apart-2-768x806.jpg 768w, https:\/\/renier.be\/wp-content\/uploads\/2025\/01\/Lavabo-apart-2-286x300.jpg 286w, https:\/\/renier.be\/wp-content\/uploads\/2025\/01\/Lavabo-apart-2-975x1024.jpg 975w, https:\/\/renier.be\/wp-content\/uploads\/2025\/01\/Lavabo-apart-2-11x12.jpg 11w, https:\/\/renier.be\/wp-content\/uploads\/2025\/01\/Lavabo-apart-2-600x630.jpg 600w, https:\/\/renier.be\/wp-content\/uploads\/2025\/01\/Lavabo-apart-2.jpg 1419w\" sizes=\"(max-width: 768px) 100vw, 768px\" \/>\t\t\t\t\t\t\t\t\t\t\t\t\t\t\t<\/div>\n\t\t<div class=\"elementor-element elementor-element-354df34 e-con-full e-flex e-con e-child\" data-id=\"354df34\" data-element_type=\"container\" data-e-type=\"container\">\n\t\t\t\t<div class=\"elementor-element elementor-element-68d97a6 elementor-widget elementor-widget-text-editor\" data-id=\"68d97a6\" data-element_type=\"widget\" data-e-type=\"widget\" data-widget_type=\"text-editor.default\">\n\t\t\t\t\t\t\t\t\t<p>Baignoire autoportante en Crema Marfill<\/p>\t\t\t\t\t\t\t\t<\/div>\n\t\t\t\t<\/div>\n\t\t\t\t<div class=\"elementor-element elementor-element-6657627 elementor-widget elementor-widget-image\" data-id=\"6657627\" data-element_type=\"widget\" data-e-type=\"widget\" data-widget_type=\"image.default\">\n\t\t\t\t\t\t\t\t\t\t\t\t\t\t\t<img loading=\"lazy\" decoding=\"async\" width=\"354\" height=\"303\" src=\"https:\/\/renier.be\/wp-content\/uploads\/2025\/01\/Crema-marfil-bad.jpg\" class=\"attachment-large size-large wp-image-3491\" alt=\"\" srcset=\"https:\/\/renier.be\/wp-content\/uploads\/2025\/01\/Crema-marfil-bad.jpg 354w, https:\/\/renier.be\/wp-content\/uploads\/2025\/01\/Crema-marfil-bad-300x257.jpg 300w, https:\/\/renier.be\/wp-content\/uploads\/2025\/01\/Crema-marfil-bad-14x12.jpg 14w\" sizes=\"(max-width: 354px) 100vw, 354px\" \/>\t\t\t\t\t\t\t\t\t\t\t\t\t\t\t<\/div>\n\t\t\t\t<\/div>\n\t\t<div class=\"elementor-element elementor-element-5320d21 e-con-full e-flex e-con e-child\" data-id=\"5320d21\" data-element_type=\"container\" data-e-type=\"container\">\n\t\t<div class=\"elementor-element elementor-element-2650d68 e-con-full e-flex e-con e-child\" data-id=\"2650d68\" data-element_type=\"container\" data-e-type=\"container\">\n\t\t\t\t<div class=\"elementor-element elementor-element-6e62263 elementor-widget elementor-widget-text-editor\" data-id=\"6e62263\" data-element_type=\"widget\" data-e-type=\"widget\" data-widget_type=\"text-editor.default\">\n\t\t\t\t\t\t\t\t\t<p>Lavabo dans nos bureaux en Pierre Bleue Belge flamm\u00e9e et bross\u00e9e<\/p>\t\t\t\t\t\t\t\t<\/div>\n\t\t\t\t<\/div>\n\t\t\t\t<div class=\"elementor-element elementor-element-20b7c0d elementor-widget elementor-widget-image\" data-id=\"20b7c0d\" data-element_type=\"widget\" data-e-type=\"widget\" data-widget_type=\"image.default\">\n\t\t\t\t\t\t\t\t\t\t\t\t\t\t\t<img loading=\"lazy\" decoding=\"async\" width=\"470\" height=\"628\" src=\"https:\/\/renier.be\/wp-content\/uploads\/2025\/01\/Renier-toilet-burelen.jpg\" class=\"attachment-large size-large wp-image-3487\" alt=\"\" srcset=\"https:\/\/renier.be\/wp-content\/uploads\/2025\/01\/Renier-toilet-burelen.jpg 470w, https:\/\/renier.be\/wp-content\/uploads\/2025\/01\/Renier-toilet-burelen-225x300.jpg 225w, https:\/\/renier.be\/wp-content\/uploads\/2025\/01\/Renier-toilet-burelen-9x12.jpg 9w\" sizes=\"(max-width: 470px) 100vw, 470px\" \/>\t\t\t\t\t\t\t\t\t\t\t\t\t\t\t<\/div>\n\t\t\t\t<\/div>\n\t\t\t\t\t<\/div>\n\t\t\t\t<\/div>\n\t\t\t\t<\/div>","protected":false},"excerpt":{"rendered":"<p>Belgische Blauwe Hardsteen: ideaal voor natte zones Belgische Blauwe Hardsteen is perfect voor gebruik in natte zones vanwege zijn unieke eigenschappen, die zowel functioneel als esthetisch zijn: 1. Natuurlijke Antislip Eigenschappen Afhankelijk van de afwerking (zoals gezoet, geschuurd of gebouchardeerd) biedt Belgische Blauwe Hardsteen een uitstekende grip, zelfs wanneer de steen nat is. Dit maakt [&hellip;]<\/p>\n","protected":false},"author":2,"featured_media":0,"parent":0,"menu_order":0,"comment_status":"closed","ping_status":"closed","template":"","meta":{"_acf_changed":false,"footnotes":""},"class_list":["post-2357","page","type-page","status-publish","hentry"],"acf":[],"yoast_head":"<!-- This site is optimized with the Yoast SEO plugin v27.4 - https:\/\/yoast.com\/product\/yoast-seo-wordpress\/ -->\n<title>Interieur - Natte Zones - Renier Natuursteen<\/title>\n<meta name=\"robots\" content=\"index, follow, max-snippet:-1, max-image-preview:large, max-video-preview:-1\" \/>\n<link rel=\"canonical\" href=\"https:\/\/renier.be\/fr\/plans-de-travail-pour-zones-humides-interieures\/\" \/>\n<meta property=\"og:locale\" content=\"fr_FR\" \/>\n<meta property=\"og:type\" content=\"article\" \/>\n<meta property=\"og:title\" content=\"Interieur - Natte Zones - Renier Natuursteen\" \/>\n<meta property=\"og:description\" content=\"Belgische Blauwe Hardsteen: ideaal voor natte zones Belgische Blauwe Hardsteen is perfect voor gebruik in natte zones vanwege zijn unieke eigenschappen, die zowel functioneel als esthetisch zijn: 1. Natuurlijke Antislip Eigenschappen Afhankelijk van de afwerking (zoals gezoet, geschuurd of gebouchardeerd) biedt Belgische Blauwe Hardsteen een uitstekende grip, zelfs wanneer de steen nat is. Dit maakt [&hellip;]\" \/>\n<meta property=\"og:url\" content=\"https:\/\/renier.be\/fr\/plans-de-travail-pour-zones-humides-interieures\/\" \/>\n<meta property=\"og:site_name\" content=\"Renier Natuursteen\" \/>\n<meta property=\"article:publisher\" content=\"https:\/\/www.facebook.com\/reniernatuursteen\" \/>\n<meta property=\"article:modified_time\" content=\"2025-08-29T09:05:22+00:00\" \/>\n<meta property=\"og:image\" content=\"https:\/\/renier.be\/wp-content\/uploads\/2025\/01\/Gaetan-DSCF20014-scaled.jpg\" \/>\n\t<meta property=\"og:image:width\" content=\"2560\" \/>\n\t<meta property=\"og:image:height\" content=\"1713\" \/>\n\t<meta property=\"og:image:type\" content=\"image\/jpeg\" \/>\n<meta name=\"twitter:card\" content=\"summary_large_image\" \/>\n<meta name=\"twitter:label1\" content=\"Dur\u00e9e de lecture estim\u00e9e\" \/>\n\t<meta name=\"twitter:data1\" content=\"2 minutes\" \/>\n<script type=\"application\/ld+json\" class=\"yoast-schema-graph\">{\"@context\":\"https:\\\/\\\/schema.org\",\"@graph\":[{\"@type\":\"WebPage\",\"@id\":\"https:\\\/\\\/renier.be\\\/interieur-natte-zones-werkbladen\\\/\",\"url\":\"https:\\\/\\\/renier.be\\\/interieur-natte-zones-werkbladen\\\/\",\"name\":\"Interieur - Natte Zones - Renier Natuursteen\",\"isPartOf\":{\"@id\":\"https:\\\/\\\/renier.be\\\/#website\"},\"primaryImageOfPage\":{\"@id\":\"https:\\\/\\\/renier.be\\\/interieur-natte-zones-werkbladen\\\/#primaryimage\"},\"image\":{\"@id\":\"https:\\\/\\\/renier.be\\\/interieur-natte-zones-werkbladen\\\/#primaryimage\"},\"thumbnailUrl\":\"https:\\\/\\\/renier.be\\\/wp-content\\\/uploads\\\/2025\\\/01\\\/Gaetan-DSCF20014-1024x685.jpg\",\"datePublished\":\"2024-09-12T12:28:26+00:00\",\"dateModified\":\"2025-08-29T09:05:22+00:00\",\"breadcrumb\":{\"@id\":\"https:\\\/\\\/renier.be\\\/interieur-natte-zones-werkbladen\\\/#breadcrumb\"},\"inLanguage\":\"fr-FR\",\"potentialAction\":[{\"@type\":\"ReadAction\",\"target\":[\"https:\\\/\\\/renier.be\\\/interieur-natte-zones-werkbladen\\\/\"]}]},{\"@type\":\"ImageObject\",\"inLanguage\":\"fr-FR\",\"@id\":\"https:\\\/\\\/renier.be\\\/interieur-natte-zones-werkbladen\\\/#primaryimage\",\"url\":\"https:\\\/\\\/renier.be\\\/wp-content\\\/uploads\\\/2025\\\/01\\\/Gaetan-DSCF20014-1024x685.jpg\",\"contentUrl\":\"https:\\\/\\\/renier.be\\\/wp-content\\\/uploads\\\/2025\\\/01\\\/Gaetan-DSCF20014-1024x685.jpg\"},{\"@type\":\"BreadcrumbList\",\"@id\":\"https:\\\/\\\/renier.be\\\/interieur-natte-zones-werkbladen\\\/#breadcrumb\",\"itemListElement\":[{\"@type\":\"ListItem\",\"position\":1,\"name\":\"Home\",\"item\":\"https:\\\/\\\/renier.be\\\/\"},{\"@type\":\"ListItem\",\"position\":2,\"name\":\"Interieur &#8211; Natte Zones\"}]},{\"@type\":\"WebSite\",\"@id\":\"https:\\\/\\\/renier.be\\\/#website\",\"url\":\"https:\\\/\\\/renier.be\\\/\",\"name\":\"Renier Natuursteen\",\"description\":\"Specialist in Belgisch Blauwe Hardsteen\",\"publisher\":{\"@id\":\"https:\\\/\\\/renier.be\\\/#organization\"},\"potentialAction\":[{\"@type\":\"SearchAction\",\"target\":{\"@type\":\"EntryPoint\",\"urlTemplate\":\"https:\\\/\\\/renier.be\\\/?s={search_term_string}\"},\"query-input\":{\"@type\":\"PropertyValueSpecification\",\"valueRequired\":true,\"valueName\":\"search_term_string\"}}],\"inLanguage\":\"fr-FR\"},{\"@type\":\"Organization\",\"@id\":\"https:\\\/\\\/renier.be\\\/#organization\",\"name\":\"Renier Natuursteen\",\"url\":\"https:\\\/\\\/renier.be\\\/\",\"logo\":{\"@type\":\"ImageObject\",\"inLanguage\":\"fr-FR\",\"@id\":\"https:\\\/\\\/renier.be\\\/#\\\/schema\\\/logo\\\/image\\\/\",\"url\":\"\",\"contentUrl\":\"\",\"caption\":\"Renier Natuursteen\"},\"image\":{\"@id\":\"https:\\\/\\\/renier.be\\\/#\\\/schema\\\/logo\\\/image\\\/\"},\"sameAs\":[\"https:\\\/\\\/www.facebook.com\\\/reniernatuursteen\"]}]}<\/script>\n<!-- \/ Yoast SEO plugin. -->","yoast_head_json":{"title":"Int\u00e9rieur - Zones humides - Renier Natuursteen","robots":{"index":"index","follow":"follow","max-snippet":"max-snippet:-1","max-image-preview":"max-image-preview:large","max-video-preview":"max-video-preview:-1"},"canonical":"https:\/\/renier.be\/fr\/plans-de-travail-pour-zones-humides-interieures\/","og_locale":"fr_FR","og_type":"article","og_title":"Interieur - Natte Zones - Renier Natuursteen","og_description":"Belgische Blauwe Hardsteen: ideaal voor natte zones Belgische Blauwe Hardsteen is perfect voor gebruik in natte zones vanwege zijn unieke eigenschappen, die zowel functioneel als esthetisch zijn: 1. Natuurlijke Antislip Eigenschappen Afhankelijk van de afwerking (zoals gezoet, geschuurd of gebouchardeerd) biedt Belgische Blauwe Hardsteen een uitstekende grip, zelfs wanneer de steen nat is. Dit maakt [&hellip;]","og_url":"https:\/\/renier.be\/fr\/plans-de-travail-pour-zones-humides-interieures\/","og_site_name":"Renier Natuursteen","article_publisher":"https:\/\/www.facebook.com\/reniernatuursteen","article_modified_time":"2025-08-29T09:05:22+00:00","og_image":[{"width":2560,"height":1713,"url":"https:\/\/renier.be\/wp-content\/uploads\/2025\/01\/Gaetan-DSCF20014-scaled.jpg","type":"image\/jpeg"}],"twitter_card":"summary_large_image","twitter_misc":{"Dur\u00e9e de lecture estim\u00e9e":"2 minutes"},"schema":{"@context":"https:\/\/schema.org","@graph":[{"@type":"WebPage","@id":"https:\/\/renier.be\/interieur-natte-zones-werkbladen\/","url":"https:\/\/renier.be\/interieur-natte-zones-werkbladen\/","name":"Int\u00e9rieur - Zones humides - Renier Natuursteen","isPartOf":{"@id":"https:\/\/renier.be\/#website"},"primaryImageOfPage":{"@id":"https:\/\/renier.be\/interieur-natte-zones-werkbladen\/#primaryimage"},"image":{"@id":"https:\/\/renier.be\/interieur-natte-zones-werkbladen\/#primaryimage"},"thumbnailUrl":"https:\/\/renier.be\/wp-content\/uploads\/2025\/01\/Gaetan-DSCF20014-1024x685.jpg","datePublished":"2024-09-12T12:28:26+00:00","dateModified":"2025-08-29T09:05:22+00:00","breadcrumb":{"@id":"https:\/\/renier.be\/interieur-natte-zones-werkbladen\/#breadcrumb"},"inLanguage":"fr-FR","potentialAction":[{"@type":"ReadAction","target":["https:\/\/renier.be\/interieur-natte-zones-werkbladen\/"]}]},{"@type":"ImageObject","inLanguage":"fr-FR","@id":"https:\/\/renier.be\/interieur-natte-zones-werkbladen\/#primaryimage","url":"https:\/\/renier.be\/wp-content\/uploads\/2025\/01\/Gaetan-DSCF20014-1024x685.jpg","contentUrl":"https:\/\/renier.be\/wp-content\/uploads\/2025\/01\/Gaetan-DSCF20014-1024x685.jpg"},{"@type":"BreadcrumbList","@id":"https:\/\/renier.be\/interieur-natte-zones-werkbladen\/#breadcrumb","itemListElement":[{"@type":"ListItem","position":1,"name":"Home","item":"https:\/\/renier.be\/"},{"@type":"ListItem","position":2,"name":"Interieur &#8211; Natte Zones"}]},{"@type":"WebSite","@id":"https:\/\/renier.be\/#website","url":"https:\/\/renier.be\/","name":"Pierre naturelle de Renier","description":"Sp\u00e9cialiste de la pierre bleue belge","publisher":{"@id":"https:\/\/renier.be\/#organization"},"potentialAction":[{"@type":"SearchAction","target":{"@type":"EntryPoint","urlTemplate":"https:\/\/renier.be\/?s={search_term_string}"},"query-input":{"@type":"PropertyValueSpecification","valueRequired":true,"valueName":"search_term_string"}}],"inLanguage":"fr-FR"},{"@type":"Organization","@id":"https:\/\/renier.be\/#organization","name":"Pierre naturelle de Renier","url":"https:\/\/renier.be\/","logo":{"@type":"ImageObject","inLanguage":"fr-FR","@id":"https:\/\/renier.be\/#\/schema\/logo\/image\/","url":"","contentUrl":"","caption":"Renier Natuursteen"},"image":{"@id":"https:\/\/renier.be\/#\/schema\/logo\/image\/"},"sameAs":["https:\/\/www.facebook.com\/reniernatuursteen"]}]}},"_links":{"self":[{"href":"https:\/\/renier.be\/fr\/wp-json\/wp\/v2\/pages\/2357","targetHints":{"allow":["GET"]}}],"collection":[{"href":"https:\/\/renier.be\/fr\/wp-json\/wp\/v2\/pages"}],"about":[{"href":"https:\/\/renier.be\/fr\/wp-json\/wp\/v2\/types\/page"}],"author":[{"embeddable":true,"href":"https:\/\/renier.be\/fr\/wp-json\/wp\/v2\/users\/2"}],"replies":[{"embeddable":true,"href":"https:\/\/renier.be\/fr\/wp-json\/wp\/v2\/comments?post=2357"}],"version-history":[{"count":0,"href":"https:\/\/renier.be\/fr\/wp-json\/wp\/v2\/pages\/2357\/revisions"}],"wp:attachment":[{"href":"https:\/\/renier.be\/fr\/wp-json\/wp\/v2\/media?parent=2357"}],"curies":[{"name":"wp","href":"https:\/\/api.w.org\/{rel}","templated":true}]}}