{"id":3040,"date":"2024-12-19T14:28:36","date_gmt":"2024-12-19T13:28:36","guid":{"rendered":"https:\/\/renier.be\/?page_id=3040"},"modified":"2024-12-19T14:55:58","modified_gmt":"2024-12-19T13:55:58","slug":"pierres-de-taille-crepies","status":"publish","type":"page","link":"https:\/\/renier.be\/fr\/ruwbouw-dekstenen\/","title":{"rendered":"Roughcast - Pierres de terrasse"},"content":{"rendered":"<div data-elementor-type=\"wp-page\" data-elementor-id=\"3040\" class=\"elementor elementor-3040\" data-elementor-post-type=\"page\">\n\t\t\t\t<div class=\"elementor-element elementor-element-124dd56 e-flex e-con-boxed e-con e-parent\" data-id=\"124dd56\" data-element_type=\"container\" data-e-type=\"container\">\n\t\t\t\t\t<div class=\"e-con-inner\">\n\t\t<div class=\"elementor-element elementor-element-3f32416 e-con-full e-flex e-con e-child\" data-id=\"3f32416\" data-element_type=\"container\" data-e-type=\"container\">\n\t\t\t\t<div class=\"elementor-element elementor-element-5a55432 elementor-widget elementor-widget-text-editor\" data-id=\"5a55432\" data-element_type=\"widget\" data-e-type=\"widget\" data-widget_type=\"text-editor.default\">\n\t\t\t\t\t\t\t\t\t<p><strong>COUVRE-MURS<\/strong><\/p><p>L'installation d'un couvre-mur sur un mur ou une cl\u00f4ture, par exemple, offre des avantages \u00e0 la fois pratiques et esth\u00e9tiques.<\/p><p>1. <strong>Protection<\/strong>: Les couvres-murs prot\u00e8gent le sommet d'un mur contre les intemp\u00e9ries telles que la pluie, le gel et le soleil. En recouvrant le sommet du mur, une pierre de couronnement emp\u00eache l'eau de p\u00e9n\u00e9trer et de causer des dommages tels que des fissures ou de l'\u00e9rosion.<\/p><p>2. <strong>Durabilit\u00e9<\/strong>: Il prolonge la dur\u00e9e de vie du mur ou de la cl\u00f4ture en le prot\u00e9geant de l'usure et des dommages caus\u00e9s par les intemp\u00e9ries.<\/p><p>3. <strong>Esth\u00e9tique<\/strong>: Un couvre-mur donne au mur un aspect soign\u00e9 et fini. Elle offre une belle finition et peut ajouter un \u00e9l\u00e9ment d\u00e9coratif au jardin ou au b\u00e2timent.<\/p><p>4. <strong>Fonctionnalit\u00e9<\/strong>: Outre la protection et l'esth\u00e9tique, un couvre-mur peut \u00e9galement \u00eatre pratique. Il cr\u00e9e un sommet plat et stable qui peut servir, par exemple, d'assise ou d'\u00e9l\u00e9ment d\u00e9coratif.<\/p><p>En r\u00e9sum\u00e9, un couvre-mur offre une protection, une durabilit\u00e9, une esth\u00e9tique et une fonctionnalit\u00e9 suppl\u00e9mentaire \u00e0 un mur ou \u00e0 une cl\u00f4ture.<\/p><p>Nous proposons des couvre-murs en pierre bleue belge et en pierre calcaire de Vinalmont. Un choix que vous ne trouverez nulle part ailleurs !<\/p>\t\t\t\t\t\t\t\t<\/div>\n\t\t<div class=\"elementor-element elementor-element-b88315b e-con-full e-flex e-con e-child\" data-id=\"b88315b\" data-element_type=\"container\" data-e-type=\"container\">\n\t\t\t\t<div class=\"elementor-element elementor-element-5912f57 elementor-widget elementor-widget-button\" data-id=\"5912f57\" data-element_type=\"widget\" data-e-type=\"widget\" data-widget_type=\"button.default\">\n\t\t\t\t\t\t\t\t\t\t<a class=\"elementor-button elementor-button-link elementor-size-sm\" href=\"https:\/\/renier.be\/fr\/produits\/?_categorieen=ruwbouwdekstenen\">\n\t\t\t\t\t\t<span class=\"elementor-button-content-wrapper\">\n\t\t\t\t\t\t\t\t\t<span class=\"elementor-button-text\">Nos couvre-murs<\/span>\n\t\t\t\t\t<\/span>\n\t\t\t\t\t<\/a>\n\t\t\t\t\t\t\t\t<\/div>\n\t\t\t\t<\/div>\n\t\t\t\t<\/div>\n\t\t<div class=\"elementor-element elementor-element-1e5e7df e-con-full e-flex e-con e-child\" data-id=\"1e5e7df\" data-element_type=\"container\" data-e-type=\"container\">\n\t\t\t\t<div class=\"elementor-element elementor-element-905711a elementor-widget elementor-widget-image\" data-id=\"905711a\" data-element_type=\"widget\" data-e-type=\"widget\" data-widget_type=\"image.default\">\n\t\t\t\t\t\t\t\t\t\t\t\t\t\t\t<img fetchpriority=\"high\" decoding=\"async\" width=\"800\" height=\"534\" src=\"https:\/\/renier.be\/wp-content\/uploads\/2024\/12\/IMG_4728-1024x683.jpg\" class=\"attachment-large size-large wp-image-3074\" alt=\"\" srcset=\"https:\/\/renier.be\/wp-content\/uploads\/2024\/12\/IMG_4728-1024x683.jpg 1024w, https:\/\/renier.be\/wp-content\/uploads\/2024\/12\/IMG_4728-300x200.jpg 300w, https:\/\/renier.be\/wp-content\/uploads\/2024\/12\/IMG_4728-768x512.jpg 768w, https:\/\/renier.be\/wp-content\/uploads\/2024\/12\/IMG_4728-1536x1024.jpg 1536w, https:\/\/renier.be\/wp-content\/uploads\/2024\/12\/IMG_4728-2048x1365.jpg 2048w, https:\/\/renier.be\/wp-content\/uploads\/2024\/12\/IMG_4728-600x400.jpg 600w\" sizes=\"(max-width: 800px) 100vw, 800px\" \/>\t\t\t\t\t\t\t\t\t\t\t\t\t\t\t<\/div>\n\t\t<div class=\"elementor-element elementor-element-bc3c826 e-con-full e-flex e-con e-child\" data-id=\"bc3c826\" data-element_type=\"container\" data-e-type=\"container\">\n\t\t\t\t<div class=\"elementor-element elementor-element-3908722 elementor-widget elementor-widget-text-editor\" data-id=\"3908722\" data-element_type=\"widget\" data-e-type=\"widget\" data-widget_type=\"text-editor.default\">\n\t\t\t\t\t\t\t\t\t<p>Nous proposons 2 types<img decoding=\"async\" class=\"alignnone size-medium wp-image-2024\" src=\"https:\/\/renier.be\/wp-content\/uploads\/2024\/08\/Tekening-soorten-deksteen-300x168.jpg\" alt=\"\" width=\"300\" height=\"168\" srcset=\"https:\/\/renier.be\/wp-content\/uploads\/2024\/08\/Tekening-soorten-deksteen-300x168.jpg 300w, https:\/\/renier.be\/wp-content\/uploads\/2024\/08\/Tekening-soorten-deksteen-600x336.jpg 600w, https:\/\/renier.be\/wp-content\/uploads\/2024\/08\/Tekening-soorten-deksteen.jpg 754w\" sizes=\"(max-width: 300px) 100vw, 300px\" \/><\/p>\t\t\t\t\t\t\t\t<\/div>\n\t\t\t\t<\/div>\n\t\t\t\t<\/div>\n\t\t\t\t\t<\/div>\n\t\t\t\t<\/div>\n\t\t\t\t<\/div>","protected":false},"excerpt":{"rendered":"<p>DEKSTENEN Het plaatsen van een deksteen op bijvoorbeeld een muur of schutting biedt zowel praktische als esthetische voordelen. 1. Bescherming: Dekstenen beschermen de bovenkant van een muur tegen weersinvloeden zoals regen, vorst en zon. Door de bovenkant van de muur af te dekken, voorkomt een deksteen dat water binnendringt en schade veroorzaakt, zoals scheuren of [&hellip;]<\/p>\n","protected":false},"author":2,"featured_media":0,"parent":0,"menu_order":0,"comment_status":"closed","ping_status":"closed","template":"","meta":{"_acf_changed":false,"footnotes":""},"class_list":["post-3040","page","type-page","status-publish","hentry"],"acf":[],"yoast_head":"<!-- This site is optimized with the Yoast SEO plugin v27.4 - https:\/\/yoast.com\/product\/yoast-seo-wordpress\/ -->\n<title>Ruwbouw - Dekstenen - Renier Natuursteen<\/title>\n<meta name=\"robots\" content=\"index, follow, max-snippet:-1, max-image-preview:large, max-video-preview:-1\" \/>\n<link rel=\"canonical\" href=\"https:\/\/renier.be\/fr\/pierres-de-taille-crepies\/\" \/>\n<meta property=\"og:locale\" content=\"fr_FR\" \/>\n<meta property=\"og:type\" content=\"article\" \/>\n<meta property=\"og:title\" content=\"Ruwbouw - Dekstenen - Renier Natuursteen\" \/>\n<meta property=\"og:description\" content=\"DEKSTENEN Het plaatsen van een deksteen op bijvoorbeeld een muur of schutting biedt zowel praktische als esthetische voordelen. 1. Bescherming: Dekstenen beschermen de bovenkant van een muur tegen weersinvloeden zoals regen, vorst en zon. Door de bovenkant van de muur af te dekken, voorkomt een deksteen dat water binnendringt en schade veroorzaakt, zoals scheuren of [&hellip;]\" \/>\n<meta property=\"og:url\" content=\"https:\/\/renier.be\/fr\/pierres-de-taille-crepies\/\" \/>\n<meta property=\"og:site_name\" content=\"Renier Natuursteen\" \/>\n<meta property=\"article:publisher\" content=\"https:\/\/www.facebook.com\/reniernatuursteen\" \/>\n<meta property=\"article:modified_time\" content=\"2024-12-19T13:55:58+00:00\" \/>\n<meta property=\"og:image\" content=\"https:\/\/renier.be\/wp-content\/uploads\/2024\/12\/IMG_4728-scaled.jpg\" \/>\n\t<meta property=\"og:image:width\" content=\"2560\" \/>\n\t<meta property=\"og:image:height\" content=\"1707\" \/>\n\t<meta property=\"og:image:type\" content=\"image\/jpeg\" \/>\n<meta name=\"twitter:card\" content=\"summary_large_image\" \/>\n<meta name=\"twitter:label1\" content=\"Dur\u00e9e de lecture estim\u00e9e\" \/>\n\t<meta name=\"twitter:data1\" content=\"2 minutes\" \/>\n<script type=\"application\/ld+json\" class=\"yoast-schema-graph\">{\"@context\":\"https:\\\/\\\/schema.org\",\"@graph\":[{\"@type\":\"WebPage\",\"@id\":\"https:\\\/\\\/renier.be\\\/ruwbouw-dekstenen\\\/\",\"url\":\"https:\\\/\\\/renier.be\\\/ruwbouw-dekstenen\\\/\",\"name\":\"Ruwbouw - Dekstenen - Renier Natuursteen\",\"isPartOf\":{\"@id\":\"https:\\\/\\\/renier.be\\\/#website\"},\"primaryImageOfPage\":{\"@id\":\"https:\\\/\\\/renier.be\\\/ruwbouw-dekstenen\\\/#primaryimage\"},\"image\":{\"@id\":\"https:\\\/\\\/renier.be\\\/ruwbouw-dekstenen\\\/#primaryimage\"},\"thumbnailUrl\":\"https:\\\/\\\/renier.be\\\/wp-content\\\/uploads\\\/2024\\\/12\\\/IMG_4728-1024x683.jpg\",\"datePublished\":\"2024-12-19T13:28:36+00:00\",\"dateModified\":\"2024-12-19T13:55:58+00:00\",\"breadcrumb\":{\"@id\":\"https:\\\/\\\/renier.be\\\/ruwbouw-dekstenen\\\/#breadcrumb\"},\"inLanguage\":\"fr-FR\",\"potentialAction\":[{\"@type\":\"ReadAction\",\"target\":[\"https:\\\/\\\/renier.be\\\/ruwbouw-dekstenen\\\/\"]}]},{\"@type\":\"ImageObject\",\"inLanguage\":\"fr-FR\",\"@id\":\"https:\\\/\\\/renier.be\\\/ruwbouw-dekstenen\\\/#primaryimage\",\"url\":\"https:\\\/\\\/renier.be\\\/wp-content\\\/uploads\\\/2024\\\/12\\\/IMG_4728-1024x683.jpg\",\"contentUrl\":\"https:\\\/\\\/renier.be\\\/wp-content\\\/uploads\\\/2024\\\/12\\\/IMG_4728-1024x683.jpg\"},{\"@type\":\"BreadcrumbList\",\"@id\":\"https:\\\/\\\/renier.be\\\/ruwbouw-dekstenen\\\/#breadcrumb\",\"itemListElement\":[{\"@type\":\"ListItem\",\"position\":1,\"name\":\"Home\",\"item\":\"https:\\\/\\\/renier.be\\\/\"},{\"@type\":\"ListItem\",\"position\":2,\"name\":\"Ruwbouw &#8211; Dekstenen\"}]},{\"@type\":\"WebSite\",\"@id\":\"https:\\\/\\\/renier.be\\\/#website\",\"url\":\"https:\\\/\\\/renier.be\\\/\",\"name\":\"Renier Natuursteen\",\"description\":\"Specialist in Belgisch Blauwe Hardsteen\",\"publisher\":{\"@id\":\"https:\\\/\\\/renier.be\\\/#organization\"},\"potentialAction\":[{\"@type\":\"SearchAction\",\"target\":{\"@type\":\"EntryPoint\",\"urlTemplate\":\"https:\\\/\\\/renier.be\\\/?s={search_term_string}\"},\"query-input\":{\"@type\":\"PropertyValueSpecification\",\"valueRequired\":true,\"valueName\":\"search_term_string\"}}],\"inLanguage\":\"fr-FR\"},{\"@type\":\"Organization\",\"@id\":\"https:\\\/\\\/renier.be\\\/#organization\",\"name\":\"Renier Natuursteen\",\"url\":\"https:\\\/\\\/renier.be\\\/\",\"logo\":{\"@type\":\"ImageObject\",\"inLanguage\":\"fr-FR\",\"@id\":\"https:\\\/\\\/renier.be\\\/#\\\/schema\\\/logo\\\/image\\\/\",\"url\":\"\",\"contentUrl\":\"\",\"caption\":\"Renier Natuursteen\"},\"image\":{\"@id\":\"https:\\\/\\\/renier.be\\\/#\\\/schema\\\/logo\\\/image\\\/\"},\"sameAs\":[\"https:\\\/\\\/www.facebook.com\\\/reniernatuursteen\"]}]}<\/script>\n<!-- \/ Yoast SEO plugin. -->","yoast_head_json":{"title":"Roughcast - Pierres de terrasse - Renier Natuursteen","robots":{"index":"index","follow":"follow","max-snippet":"max-snippet:-1","max-image-preview":"max-image-preview:large","max-video-preview":"max-video-preview:-1"},"canonical":"https:\/\/renier.be\/fr\/pierres-de-taille-crepies\/","og_locale":"fr_FR","og_type":"article","og_title":"Ruwbouw - Dekstenen - Renier Natuursteen","og_description":"DEKSTENEN Het plaatsen van een deksteen op bijvoorbeeld een muur of schutting biedt zowel praktische als esthetische voordelen. 1. Bescherming: Dekstenen beschermen de bovenkant van een muur tegen weersinvloeden zoals regen, vorst en zon. Door de bovenkant van de muur af te dekken, voorkomt een deksteen dat water binnendringt en schade veroorzaakt, zoals scheuren of [&hellip;]","og_url":"https:\/\/renier.be\/fr\/pierres-de-taille-crepies\/","og_site_name":"Renier Natuursteen","article_publisher":"https:\/\/www.facebook.com\/reniernatuursteen","article_modified_time":"2024-12-19T13:55:58+00:00","og_image":[{"width":2560,"height":1707,"url":"https:\/\/renier.be\/wp-content\/uploads\/2024\/12\/IMG_4728-scaled.jpg","type":"image\/jpeg"}],"twitter_card":"summary_large_image","twitter_misc":{"Dur\u00e9e de lecture estim\u00e9e":"2 minutes"},"schema":{"@context":"https:\/\/schema.org","@graph":[{"@type":"WebPage","@id":"https:\/\/renier.be\/ruwbouw-dekstenen\/","url":"https:\/\/renier.be\/ruwbouw-dekstenen\/","name":"Roughcast - Pierres de terrasse - Renier Natuursteen","isPartOf":{"@id":"https:\/\/renier.be\/#website"},"primaryImageOfPage":{"@id":"https:\/\/renier.be\/ruwbouw-dekstenen\/#primaryimage"},"image":{"@id":"https:\/\/renier.be\/ruwbouw-dekstenen\/#primaryimage"},"thumbnailUrl":"https:\/\/renier.be\/wp-content\/uploads\/2024\/12\/IMG_4728-1024x683.jpg","datePublished":"2024-12-19T13:28:36+00:00","dateModified":"2024-12-19T13:55:58+00:00","breadcrumb":{"@id":"https:\/\/renier.be\/ruwbouw-dekstenen\/#breadcrumb"},"inLanguage":"fr-FR","potentialAction":[{"@type":"ReadAction","target":["https:\/\/renier.be\/ruwbouw-dekstenen\/"]}]},{"@type":"ImageObject","inLanguage":"fr-FR","@id":"https:\/\/renier.be\/ruwbouw-dekstenen\/#primaryimage","url":"https:\/\/renier.be\/wp-content\/uploads\/2024\/12\/IMG_4728-1024x683.jpg","contentUrl":"https:\/\/renier.be\/wp-content\/uploads\/2024\/12\/IMG_4728-1024x683.jpg"},{"@type":"BreadcrumbList","@id":"https:\/\/renier.be\/ruwbouw-dekstenen\/#breadcrumb","itemListElement":[{"@type":"ListItem","position":1,"name":"Home","item":"https:\/\/renier.be\/"},{"@type":"ListItem","position":2,"name":"Ruwbouw &#8211; Dekstenen"}]},{"@type":"WebSite","@id":"https:\/\/renier.be\/#website","url":"https:\/\/renier.be\/","name":"Pierre naturelle de Renier","description":"Sp\u00e9cialiste de la pierre bleue belge","publisher":{"@id":"https:\/\/renier.be\/#organization"},"potentialAction":[{"@type":"SearchAction","target":{"@type":"EntryPoint","urlTemplate":"https:\/\/renier.be\/?s={search_term_string}"},"query-input":{"@type":"PropertyValueSpecification","valueRequired":true,"valueName":"search_term_string"}}],"inLanguage":"fr-FR"},{"@type":"Organization","@id":"https:\/\/renier.be\/#organization","name":"Pierre naturelle de Renier","url":"https:\/\/renier.be\/","logo":{"@type":"ImageObject","inLanguage":"fr-FR","@id":"https:\/\/renier.be\/#\/schema\/logo\/image\/","url":"","contentUrl":"","caption":"Renier Natuursteen"},"image":{"@id":"https:\/\/renier.be\/#\/schema\/logo\/image\/"},"sameAs":["https:\/\/www.facebook.com\/reniernatuursteen"]}]}},"_links":{"self":[{"href":"https:\/\/renier.be\/fr\/wp-json\/wp\/v2\/pages\/3040","targetHints":{"allow":["GET"]}}],"collection":[{"href":"https:\/\/renier.be\/fr\/wp-json\/wp\/v2\/pages"}],"about":[{"href":"https:\/\/renier.be\/fr\/wp-json\/wp\/v2\/types\/page"}],"author":[{"embeddable":true,"href":"https:\/\/renier.be\/fr\/wp-json\/wp\/v2\/users\/2"}],"replies":[{"embeddable":true,"href":"https:\/\/renier.be\/fr\/wp-json\/wp\/v2\/comments?post=3040"}],"version-history":[{"count":0,"href":"https:\/\/renier.be\/fr\/wp-json\/wp\/v2\/pages\/3040\/revisions"}],"wp:attachment":[{"href":"https:\/\/renier.be\/fr\/wp-json\/wp\/v2\/media?parent=3040"}],"curies":[{"name":"wp","href":"https:\/\/api.w.org\/{rel}","templated":true}]}}