{"id":3159,"date":"2025-01-08T14:47:58","date_gmt":"2025-01-08T13:47:58","guid":{"rendered":"https:\/\/renier.be\/?page_id=3159"},"modified":"2026-03-05T11:44:40","modified_gmt":"2026-03-05T10:44:40","slug":"politique-de-retour-2","status":"publish","type":"page","link":"https:\/\/renier.be\/fr\/retourbeleid-2\/","title":{"rendered":"Politique de retour"},"content":{"rendered":"<div data-elementor-type=\"wp-page\" data-elementor-id=\"3159\" class=\"elementor elementor-3159\" data-elementor-post-type=\"page\">\n\t\t\t\t<div class=\"elementor-element elementor-element-79f6a17 e-flex e-con-boxed e-con e-parent\" data-id=\"79f6a17\" data-element_type=\"container\" data-e-type=\"container\">\n\t\t\t\t\t<div class=\"e-con-inner\">\n\t\t\t\t<div class=\"elementor-element elementor-element-b8af22c elementor-widget__width-inherit elementor-widget elementor-widget-heading\" data-id=\"b8af22c\" data-element_type=\"widget\" data-e-type=\"widget\" data-widget_type=\"heading.default\">\n\t\t\t\t\t<h1 class=\"elementor-heading-title elementor-size-default\">Politique de retour<\/h1>\t\t\t\t<\/div>\n\t\t\t\t\t<\/div>\n\t\t\t\t<\/div>\n\t\t<div class=\"elementor-element elementor-element-ecb7d83 e-flex e-con-boxed e-con e-parent\" data-id=\"ecb7d83\" data-element_type=\"container\" data-e-type=\"container\">\n\t\t\t\t\t<div class=\"e-con-inner\">\n\t\t<div class=\"elementor-element elementor-element-9535ea6 e-con-full e-flex e-con e-child\" data-id=\"9535ea6\" data-element_type=\"container\" data-e-type=\"container\">\n\t\t\t\t<div class=\"elementor-element elementor-element-2e1afea elementor-widget__width-initial elementor-widget elementor-widget-text-editor\" data-id=\"2e1afea\" data-element_type=\"widget\" data-e-type=\"widget\" data-widget_type=\"text-editor.default\">\n\t\t\t\t\t\t\t\t\t<p>Chez Renier natuursteen, nous nous effor\u00e7ons de fournir des produits de la plus haute qualit\u00e9 qui r\u00e9pondent \u00e0 vos besoins et attentes sp\u00e9cifiques. Comme nos produits en pierre naturelle sont enti\u00e8rement fabriqu\u00e9s sur mesure, des conditions sp\u00e9cifiques s'appliquent aux retours et aux annulations.<\/p><h3><strong>1. Pas de droit de retour pour les produits personnalis\u00e9s<\/strong><\/h3><p>Comme nos produits sont enti\u00e8rement fabriqu\u00e9s sur mesure en fonction de vos besoins sp\u00e9cifiques, le droit de r\u00e9tractation (tel que pr\u00e9vu par la l\u00e9gislation belge) ne s'applique pas. Cela signifie que :<\/p><ul><li>Les commandes de produits en pierre naturelle sur mesure ne peuvent \u00eatre retourn\u00e9es ou annul\u00e9es apr\u00e8s le d\u00e9but de la production.<\/li><li>Les clients acceptent ces termes et conditions lorsqu'ils passent leur commande.<\/li><\/ul><h3><strong>2. Contr\u00f4le \u00e0 la livraison<\/strong><\/h3><p>Nous demandons \u00e0 nos clients de v\u00e9rifier soigneusement les produits \u00e0 la livraison.<\/p><ul><li>Les dommages, d\u00e9fauts ou divergences par rapport \u00e0 la commande doivent \u00eatre <strong>dans les 48 heures<\/strong> est notifi\u00e9e par \u00e9crit apr\u00e8s r\u00e9ception\u00a0<\/li><li>S'il s'av\u00e8re qu'une erreur ou un d\u00e9faut est d\u00fb \u00e0 notre production ou \u00e0 notre livraison, nous fournirons une solution appropri\u00e9e, telle que la r\u00e9paration, le remplacement ou le remboursement, en fonction de la situation.<\/li><\/ul><h3><strong>3. Annulation avant le d\u00e9but de la production<\/strong><\/h3><p>Si vous souhaitez annuler votre commande avant le d\u00e9but de la production, cela est possible dans les conditions suivantes :<\/p><ul><li>Vous devez notifier l'annulation par \u00e9crit\u00a0<\/li><li>Des frais peuvent \u00eatre factur\u00e9s pour des pr\u00e9parations ou des mat\u00e9riaux d\u00e9j\u00e0 r\u00e9alis\u00e9s.<\/li><\/ul><p><strong data-start=\"137\" data-end=\"175\">Politique de retour produits en stock<\/strong><br data-start=\"175\" data-end=\"178\" \/>Pour tous les produits qui ne sont pas fabriqu\u00e9s sur mesure, le droit l\u00e9gal de r\u00e9tractation s'applique. Vous avez le droit d'annuler et de retourner votre commande jusqu'\u00e0 14 jours apr\u00e8s la livraison sans donner de raison. Le prix d'achat, y compris les frais de livraison initiaux, sera rembours\u00e9 dans un d\u00e9lai de 14 jours \u00e0 compter de la r\u00e9ception de la marchandise. Les frais de retour sont \u00e0 la charge du client.<\/p><p><img fetchpriority=\"high\" decoding=\"async\" class=\"alignnone size-medium wp-image-3370\" src=\"https:\/\/renier.be\/wp-content\/uploads\/2025\/01\/IMG_4994-300x200.jpg\" alt=\"\" width=\"300\" height=\"200\" srcset=\"https:\/\/renier.be\/wp-content\/uploads\/2025\/01\/IMG_4994-300x200.jpg 300w, https:\/\/renier.be\/wp-content\/uploads\/2025\/01\/IMG_4994-1024x683.jpg 1024w, https:\/\/renier.be\/wp-content\/uploads\/2025\/01\/IMG_4994-768x512.jpg 768w, https:\/\/renier.be\/wp-content\/uploads\/2025\/01\/IMG_4994-1536x1024.jpg 1536w, https:\/\/renier.be\/wp-content\/uploads\/2025\/01\/IMG_4994-2048x1365.jpg 2048w, https:\/\/renier.be\/wp-content\/uploads\/2025\/01\/IMG_4994-600x400.jpg 600w\" sizes=\"(max-width: 300px) 100vw, 300px\" \/><\/p>\t\t\t\t\t\t\t\t<\/div>\n\t\t\t\t<\/div>\n\t\t\t\t\t<\/div>\n\t\t\t\t<\/div>\n\t\t\t\t<\/div>","protected":false},"excerpt":{"rendered":"<p>Retourbeleid Bij Renier natuursteen streven we ernaar om producten van de hoogste kwaliteit te leveren die voldoen aan uw specifieke wensen en verwachtingen. Aangezien onze natuurstenen producten volledig op maat worden gemaakt, zijn er specifieke voorwaarden van toepassing op retouren en annuleringen. 1. Geen recht op retour voor maatwerkproducten Omdat onze producten volledig op maat [&hellip;]<\/p>\n","protected":false},"author":2,"featured_media":0,"parent":0,"menu_order":0,"comment_status":"closed","ping_status":"closed","template":"","meta":{"_acf_changed":false,"footnotes":""},"class_list":["post-3159","page","type-page","status-publish","hentry"],"acf":[],"yoast_head":"<!-- This site is optimized with the Yoast SEO plugin v27.4 - https:\/\/yoast.com\/product\/yoast-seo-wordpress\/ -->\n<title>Retourbeleid - Renier Natuursteen<\/title>\n<meta name=\"robots\" content=\"index, follow, max-snippet:-1, max-image-preview:large, max-video-preview:-1\" \/>\n<link rel=\"canonical\" href=\"https:\/\/renier.be\/fr\/politique-de-retour-2\/\" \/>\n<meta property=\"og:locale\" content=\"fr_FR\" \/>\n<meta property=\"og:type\" content=\"article\" \/>\n<meta property=\"og:title\" content=\"Retourbeleid - Renier Natuursteen\" \/>\n<meta property=\"og:description\" content=\"Retourbeleid Bij Renier natuursteen streven we ernaar om producten van de hoogste kwaliteit te leveren die voldoen aan uw specifieke wensen en verwachtingen. Aangezien onze natuurstenen producten volledig op maat worden gemaakt, zijn er specifieke voorwaarden van toepassing op retouren en annuleringen. 1. Geen recht op retour voor maatwerkproducten Omdat onze producten volledig op maat [&hellip;]\" \/>\n<meta property=\"og:url\" content=\"https:\/\/renier.be\/fr\/politique-de-retour-2\/\" \/>\n<meta property=\"og:site_name\" content=\"Renier Natuursteen\" \/>\n<meta property=\"article:publisher\" content=\"https:\/\/www.facebook.com\/reniernatuursteen\" \/>\n<meta property=\"article:modified_time\" content=\"2026-03-05T10:44:40+00:00\" \/>\n<meta property=\"og:image\" content=\"https:\/\/renier.be\/wp-content\/uploads\/2025\/01\/IMG_4994-scaled.jpg\" \/>\n\t<meta property=\"og:image:width\" content=\"2560\" \/>\n\t<meta property=\"og:image:height\" content=\"1707\" \/>\n\t<meta property=\"og:image:type\" content=\"image\/jpeg\" \/>\n<meta name=\"twitter:card\" content=\"summary_large_image\" \/>\n<meta name=\"twitter:label1\" content=\"Dur\u00e9e de lecture estim\u00e9e\" \/>\n\t<meta name=\"twitter:data1\" content=\"2 minutes\" \/>\n<script type=\"application\/ld+json\" class=\"yoast-schema-graph\">{\"@context\":\"https:\\\/\\\/schema.org\",\"@graph\":[{\"@type\":\"WebPage\",\"@id\":\"https:\\\/\\\/renier.be\\\/retourbeleid-2\\\/\",\"url\":\"https:\\\/\\\/renier.be\\\/retourbeleid-2\\\/\",\"name\":\"Retourbeleid - Renier Natuursteen\",\"isPartOf\":{\"@id\":\"https:\\\/\\\/renier.be\\\/#website\"},\"primaryImageOfPage\":{\"@id\":\"https:\\\/\\\/renier.be\\\/retourbeleid-2\\\/#primaryimage\"},\"image\":{\"@id\":\"https:\\\/\\\/renier.be\\\/retourbeleid-2\\\/#primaryimage\"},\"thumbnailUrl\":\"https:\\\/\\\/renier.be\\\/wp-content\\\/uploads\\\/2025\\\/01\\\/IMG_4994-300x200.jpg\",\"datePublished\":\"2025-01-08T13:47:58+00:00\",\"dateModified\":\"2026-03-05T10:44:40+00:00\",\"breadcrumb\":{\"@id\":\"https:\\\/\\\/renier.be\\\/retourbeleid-2\\\/#breadcrumb\"},\"inLanguage\":\"fr-FR\",\"potentialAction\":[{\"@type\":\"ReadAction\",\"target\":[\"https:\\\/\\\/renier.be\\\/retourbeleid-2\\\/\"]}]},{\"@type\":\"ImageObject\",\"inLanguage\":\"fr-FR\",\"@id\":\"https:\\\/\\\/renier.be\\\/retourbeleid-2\\\/#primaryimage\",\"url\":\"https:\\\/\\\/renier.be\\\/wp-content\\\/uploads\\\/2025\\\/01\\\/IMG_4994-300x200.jpg\",\"contentUrl\":\"https:\\\/\\\/renier.be\\\/wp-content\\\/uploads\\\/2025\\\/01\\\/IMG_4994-300x200.jpg\"},{\"@type\":\"BreadcrumbList\",\"@id\":\"https:\\\/\\\/renier.be\\\/retourbeleid-2\\\/#breadcrumb\",\"itemListElement\":[{\"@type\":\"ListItem\",\"position\":1,\"name\":\"Home\",\"item\":\"https:\\\/\\\/renier.be\\\/\"},{\"@type\":\"ListItem\",\"position\":2,\"name\":\"Retourbeleid\"}]},{\"@type\":\"WebSite\",\"@id\":\"https:\\\/\\\/renier.be\\\/#website\",\"url\":\"https:\\\/\\\/renier.be\\\/\",\"name\":\"Renier Natuursteen\",\"description\":\"Specialist in Belgisch Blauwe Hardsteen\",\"publisher\":{\"@id\":\"https:\\\/\\\/renier.be\\\/#organization\"},\"potentialAction\":[{\"@type\":\"SearchAction\",\"target\":{\"@type\":\"EntryPoint\",\"urlTemplate\":\"https:\\\/\\\/renier.be\\\/?s={search_term_string}\"},\"query-input\":{\"@type\":\"PropertyValueSpecification\",\"valueRequired\":true,\"valueName\":\"search_term_string\"}}],\"inLanguage\":\"fr-FR\"},{\"@type\":\"Organization\",\"@id\":\"https:\\\/\\\/renier.be\\\/#organization\",\"name\":\"Renier Natuursteen\",\"url\":\"https:\\\/\\\/renier.be\\\/\",\"logo\":{\"@type\":\"ImageObject\",\"inLanguage\":\"fr-FR\",\"@id\":\"https:\\\/\\\/renier.be\\\/#\\\/schema\\\/logo\\\/image\\\/\",\"url\":\"\",\"contentUrl\":\"\",\"caption\":\"Renier Natuursteen\"},\"image\":{\"@id\":\"https:\\\/\\\/renier.be\\\/#\\\/schema\\\/logo\\\/image\\\/\"},\"sameAs\":[\"https:\\\/\\\/www.facebook.com\\\/reniernatuursteen\"]}]}<\/script>\n<!-- \/ Yoast SEO plugin. -->","yoast_head_json":{"title":"Politique de retour - Renier Natuursteen","robots":{"index":"index","follow":"follow","max-snippet":"max-snippet:-1","max-image-preview":"max-image-preview:large","max-video-preview":"max-video-preview:-1"},"canonical":"https:\/\/renier.be\/fr\/politique-de-retour-2\/","og_locale":"fr_FR","og_type":"article","og_title":"Retourbeleid - Renier Natuursteen","og_description":"Retourbeleid Bij Renier natuursteen streven we ernaar om producten van de hoogste kwaliteit te leveren die voldoen aan uw specifieke wensen en verwachtingen. Aangezien onze natuurstenen producten volledig op maat worden gemaakt, zijn er specifieke voorwaarden van toepassing op retouren en annuleringen. 1. Geen recht op retour voor maatwerkproducten Omdat onze producten volledig op maat [&hellip;]","og_url":"https:\/\/renier.be\/fr\/politique-de-retour-2\/","og_site_name":"Renier Natuursteen","article_publisher":"https:\/\/www.facebook.com\/reniernatuursteen","article_modified_time":"2026-03-05T10:44:40+00:00","og_image":[{"width":2560,"height":1707,"url":"https:\/\/renier.be\/wp-content\/uploads\/2025\/01\/IMG_4994-scaled.jpg","type":"image\/jpeg"}],"twitter_card":"summary_large_image","twitter_misc":{"Dur\u00e9e de lecture estim\u00e9e":"2 minutes"},"schema":{"@context":"https:\/\/schema.org","@graph":[{"@type":"WebPage","@id":"https:\/\/renier.be\/retourbeleid-2\/","url":"https:\/\/renier.be\/retourbeleid-2\/","name":"Politique de retour - Renier Natuursteen","isPartOf":{"@id":"https:\/\/renier.be\/#website"},"primaryImageOfPage":{"@id":"https:\/\/renier.be\/retourbeleid-2\/#primaryimage"},"image":{"@id":"https:\/\/renier.be\/retourbeleid-2\/#primaryimage"},"thumbnailUrl":"https:\/\/renier.be\/wp-content\/uploads\/2025\/01\/IMG_4994-300x200.jpg","datePublished":"2025-01-08T13:47:58+00:00","dateModified":"2026-03-05T10:44:40+00:00","breadcrumb":{"@id":"https:\/\/renier.be\/retourbeleid-2\/#breadcrumb"},"inLanguage":"fr-FR","potentialAction":[{"@type":"ReadAction","target":["https:\/\/renier.be\/retourbeleid-2\/"]}]},{"@type":"ImageObject","inLanguage":"fr-FR","@id":"https:\/\/renier.be\/retourbeleid-2\/#primaryimage","url":"https:\/\/renier.be\/wp-content\/uploads\/2025\/01\/IMG_4994-300x200.jpg","contentUrl":"https:\/\/renier.be\/wp-content\/uploads\/2025\/01\/IMG_4994-300x200.jpg"},{"@type":"BreadcrumbList","@id":"https:\/\/renier.be\/retourbeleid-2\/#breadcrumb","itemListElement":[{"@type":"ListItem","position":1,"name":"Home","item":"https:\/\/renier.be\/"},{"@type":"ListItem","position":2,"name":"Retourbeleid"}]},{"@type":"WebSite","@id":"https:\/\/renier.be\/#website","url":"https:\/\/renier.be\/","name":"Pierre naturelle de Renier","description":"Sp\u00e9cialiste de la pierre bleue belge","publisher":{"@id":"https:\/\/renier.be\/#organization"},"potentialAction":[{"@type":"SearchAction","target":{"@type":"EntryPoint","urlTemplate":"https:\/\/renier.be\/?s={search_term_string}"},"query-input":{"@type":"PropertyValueSpecification","valueRequired":true,"valueName":"search_term_string"}}],"inLanguage":"fr-FR"},{"@type":"Organization","@id":"https:\/\/renier.be\/#organization","name":"Pierre naturelle de Renier","url":"https:\/\/renier.be\/","logo":{"@type":"ImageObject","inLanguage":"fr-FR","@id":"https:\/\/renier.be\/#\/schema\/logo\/image\/","url":"","contentUrl":"","caption":"Renier Natuursteen"},"image":{"@id":"https:\/\/renier.be\/#\/schema\/logo\/image\/"},"sameAs":["https:\/\/www.facebook.com\/reniernatuursteen"]}]}},"_links":{"self":[{"href":"https:\/\/renier.be\/fr\/wp-json\/wp\/v2\/pages\/3159","targetHints":{"allow":["GET"]}}],"collection":[{"href":"https:\/\/renier.be\/fr\/wp-json\/wp\/v2\/pages"}],"about":[{"href":"https:\/\/renier.be\/fr\/wp-json\/wp\/v2\/types\/page"}],"author":[{"embeddable":true,"href":"https:\/\/renier.be\/fr\/wp-json\/wp\/v2\/users\/2"}],"replies":[{"embeddable":true,"href":"https:\/\/renier.be\/fr\/wp-json\/wp\/v2\/comments?post=3159"}],"version-history":[{"count":0,"href":"https:\/\/renier.be\/fr\/wp-json\/wp\/v2\/pages\/3159\/revisions"}],"wp:attachment":[{"href":"https:\/\/renier.be\/fr\/wp-json\/wp\/v2\/media?parent=3159"}],"curies":[{"name":"wp","href":"https:\/\/api.w.org\/{rel}","templated":true}]}}