{"id":3161,"date":"2025-01-08T14:48:17","date_gmt":"2025-01-08T13:48:17","guid":{"rendered":"https:\/\/renier.be\/?page_id=3161"},"modified":"2025-08-29T10:49:05","modified_gmt":"2025-08-29T08:49:05","slug":"garantie","status":"publish","type":"page","link":"https:\/\/renier.be\/fr\/garantie\/","title":{"rendered":"La garantie"},"content":{"rendered":"<div data-elementor-type=\"wp-page\" data-elementor-id=\"3161\" class=\"elementor elementor-3161\" data-elementor-post-type=\"page\">\n\t\t\t\t<div class=\"elementor-element elementor-element-61c55b3 e-flex e-con-boxed e-con e-parent\" data-id=\"61c55b3\" data-element_type=\"container\" data-e-type=\"container\">\n\t\t\t\t\t<div class=\"e-con-inner\">\n\t\t\t\t<div class=\"elementor-element elementor-element-0bca3d9 elementor-widget__width-inherit elementor-widget elementor-widget-heading\" data-id=\"0bca3d9\" data-element_type=\"widget\" data-e-type=\"widget\" data-widget_type=\"heading.default\">\n\t\t\t\t\t<h1 class=\"elementor-heading-title elementor-size-default\">La garantie<\/h1>\t\t\t\t<\/div>\n\t\t\t\t\t<\/div>\n\t\t\t\t<\/div>\n\t\t<div class=\"elementor-element elementor-element-83d7b4a e-flex e-con-boxed e-con e-parent\" data-id=\"83d7b4a\" data-element_type=\"container\" data-e-type=\"container\">\n\t\t\t\t\t<div class=\"e-con-inner\">\n\t\t<div class=\"elementor-element elementor-element-0038d6b e-con-full e-flex e-con e-child\" data-id=\"0038d6b\" data-element_type=\"container\" data-e-type=\"container\">\n\t\t\t\t<div class=\"elementor-element elementor-element-8eb9ee1 elementor-widget__width-initial elementor-widget elementor-widget-text-editor\" data-id=\"8eb9ee1\" data-element_type=\"widget\" data-e-type=\"widget\" data-widget_type=\"text-editor.default\">\n\t\t\t\t\t\t\t\t\t<p>Nos produits en pierre naturelle sont couverts par la garantie l\u00e9gale de 2 ans. Cette garantie s'applique aux d\u00e9fauts de fabrication et de mat\u00e9riaux, mais pas aux :<\/p><ul><li>Dommages caus\u00e9s par une utilisation, un entretien ou une installation incorrects.<\/li><li>Dommages dus au transport organis\u00e9 par le client<\/li><li>Variations naturelles de couleur, de texture ou de motif de la pierre naturelle, car elles sont inh\u00e9rentes au mat\u00e9riau.<\/li><\/ul>\t\t\t\t\t\t\t\t<\/div>\n\t\t\t\t<\/div>\n\t\t\t\t\t<\/div>\n\t\t\t\t<\/div>\n\t\t\t\t<\/div>","protected":false},"excerpt":{"rendered":"<p>Garantie Nos produits en pierre naturelle sont couverts par la garantie l\u00e9gale de 2 ans. Cette garantie s'applique aux d\u00e9fauts de fabrication et de mat\u00e9riau, mais pas aux : dommages caus\u00e9s par une utilisation, un entretien ou une installation incorrects. Les dommages caus\u00e9s par un transport organis\u00e9 par le client. Les variations naturelles de couleur, de structure ou de motif de la pierre naturelle, \u00e9tant donn\u00e9 qu'elles sont inh\u00e9rentes au mat\u00e9riau.<\/p>","protected":false},"author":2,"featured_media":0,"parent":0,"menu_order":0,"comment_status":"closed","ping_status":"closed","template":"","meta":{"_acf_changed":false,"footnotes":""},"class_list":["post-3161","page","type-page","status-publish","hentry"],"acf":[],"yoast_head":"<!-- This site is optimized with the Yoast SEO plugin v27.3 - https:\/\/yoast.com\/product\/yoast-seo-wordpress\/ -->\n<title>Garantie - Renier Natuursteen<\/title>\n<meta name=\"robots\" content=\"index, follow, max-snippet:-1, max-image-preview:large, max-video-preview:-1\" \/>\n<link rel=\"canonical\" href=\"https:\/\/renier.be\/fr\/garantie\/\" \/>\n<meta property=\"og:locale\" content=\"fr_FR\" \/>\n<meta property=\"og:type\" content=\"article\" \/>\n<meta property=\"og:title\" content=\"Garantie - Renier Natuursteen\" \/>\n<meta property=\"og:description\" content=\"Garantie Onze natuurstenen producten vallen onder de wettelijke garantie van 2 jaar. Deze garantie is van toepassing op fabricage- en materiaalgebreken, maar niet op: Schade veroorzaakt door onjuist gebruik, onderhoud of installatie. Schade door transport georganiseerd door de klant Natuurlijke variaties in kleur, structuur of patroon van natuursteen, aangezien dit inherent is aan het materiaal.\" \/>\n<meta property=\"og:url\" content=\"https:\/\/renier.be\/fr\/garantie\/\" \/>\n<meta property=\"og:site_name\" content=\"Renier Natuursteen\" \/>\n<meta property=\"article:publisher\" content=\"https:\/\/www.facebook.com\/reniernatuursteen\" \/>\n<meta property=\"article:modified_time\" content=\"2025-08-29T08:49:05+00:00\" \/>\n<meta name=\"twitter:card\" content=\"summary_large_image\" \/>\n<meta name=\"twitter:label1\" content=\"Dur\u00e9e de lecture estim\u00e9e\" \/>\n\t<meta name=\"twitter:data1\" content=\"1 minute\" \/>\n<script type=\"application\/ld+json\" class=\"yoast-schema-graph\">{\"@context\":\"https:\\\/\\\/schema.org\",\"@graph\":[{\"@type\":\"WebPage\",\"@id\":\"https:\\\/\\\/renier.be\\\/garantie\\\/\",\"url\":\"https:\\\/\\\/renier.be\\\/garantie\\\/\",\"name\":\"Garantie - Renier Natuursteen\",\"isPartOf\":{\"@id\":\"https:\\\/\\\/renier.be\\\/#website\"},\"datePublished\":\"2025-01-08T13:48:17+00:00\",\"dateModified\":\"2025-08-29T08:49:05+00:00\",\"breadcrumb\":{\"@id\":\"https:\\\/\\\/renier.be\\\/garantie\\\/#breadcrumb\"},\"inLanguage\":\"fr-FR\",\"potentialAction\":[{\"@type\":\"ReadAction\",\"target\":[\"https:\\\/\\\/renier.be\\\/garantie\\\/\"]}]},{\"@type\":\"BreadcrumbList\",\"@id\":\"https:\\\/\\\/renier.be\\\/garantie\\\/#breadcrumb\",\"itemListElement\":[{\"@type\":\"ListItem\",\"position\":1,\"name\":\"Home\",\"item\":\"https:\\\/\\\/renier.be\\\/\"},{\"@type\":\"ListItem\",\"position\":2,\"name\":\"Garantie\"}]},{\"@type\":\"WebSite\",\"@id\":\"https:\\\/\\\/renier.be\\\/#website\",\"url\":\"https:\\\/\\\/renier.be\\\/\",\"name\":\"Renier Natuursteen\",\"description\":\"Specialist in Belgisch Blauwe Hardsteen\",\"publisher\":{\"@id\":\"https:\\\/\\\/renier.be\\\/#organization\"},\"potentialAction\":[{\"@type\":\"SearchAction\",\"target\":{\"@type\":\"EntryPoint\",\"urlTemplate\":\"https:\\\/\\\/renier.be\\\/?s={search_term_string}\"},\"query-input\":{\"@type\":\"PropertyValueSpecification\",\"valueRequired\":true,\"valueName\":\"search_term_string\"}}],\"inLanguage\":\"fr-FR\"},{\"@type\":\"Organization\",\"@id\":\"https:\\\/\\\/renier.be\\\/#organization\",\"name\":\"Renier Natuursteen\",\"url\":\"https:\\\/\\\/renier.be\\\/\",\"logo\":{\"@type\":\"ImageObject\",\"inLanguage\":\"fr-FR\",\"@id\":\"https:\\\/\\\/renier.be\\\/#\\\/schema\\\/logo\\\/image\\\/\",\"url\":\"\",\"contentUrl\":\"\",\"caption\":\"Renier Natuursteen\"},\"image\":{\"@id\":\"https:\\\/\\\/renier.be\\\/#\\\/schema\\\/logo\\\/image\\\/\"},\"sameAs\":[\"https:\\\/\\\/www.facebook.com\\\/reniernatuursteen\"]}]}<\/script>\n<!-- \/ Yoast SEO plugin. -->","yoast_head_json":{"title":"Garantie - Renier Natural Stone","robots":{"index":"index","follow":"follow","max-snippet":"max-snippet:-1","max-image-preview":"max-image-preview:large","max-video-preview":"max-video-preview:-1"},"canonical":"https:\/\/renier.be\/fr\/garantie\/","og_locale":"fr_FR","og_type":"article","og_title":"Garantie - Renier Natuursteen","og_description":"Garantie Onze natuurstenen producten vallen onder de wettelijke garantie van 2 jaar. Deze garantie is van toepassing op fabricage- en materiaalgebreken, maar niet op: Schade veroorzaakt door onjuist gebruik, onderhoud of installatie. Schade door transport georganiseerd door de klant Natuurlijke variaties in kleur, structuur of patroon van natuursteen, aangezien dit inherent is aan het materiaal.","og_url":"https:\/\/renier.be\/fr\/garantie\/","og_site_name":"Renier Natuursteen","article_publisher":"https:\/\/www.facebook.com\/reniernatuursteen","article_modified_time":"2025-08-29T08:49:05+00:00","twitter_card":"summary_large_image","twitter_misc":{"Dur\u00e9e de lecture estim\u00e9e":"1 minute"},"schema":{"@context":"https:\/\/schema.org","@graph":[{"@type":"WebPage","@id":"https:\/\/renier.be\/garantie\/","url":"https:\/\/renier.be\/garantie\/","name":"Garantie - Renier Natural Stone","isPartOf":{"@id":"https:\/\/renier.be\/#website"},"datePublished":"2025-01-08T13:48:17+00:00","dateModified":"2025-08-29T08:49:05+00:00","breadcrumb":{"@id":"https:\/\/renier.be\/garantie\/#breadcrumb"},"inLanguage":"fr-FR","potentialAction":[{"@type":"ReadAction","target":["https:\/\/renier.be\/garantie\/"]}]},{"@type":"BreadcrumbList","@id":"https:\/\/renier.be\/garantie\/#breadcrumb","itemListElement":[{"@type":"ListItem","position":1,"name":"Home","item":"https:\/\/renier.be\/"},{"@type":"ListItem","position":2,"name":"Garantie"}]},{"@type":"WebSite","@id":"https:\/\/renier.be\/#website","url":"https:\/\/renier.be\/","name":"Pierre naturelle de Renier","description":"Sp\u00e9cialiste de la pierre bleue belge","publisher":{"@id":"https:\/\/renier.be\/#organization"},"potentialAction":[{"@type":"SearchAction","target":{"@type":"EntryPoint","urlTemplate":"https:\/\/renier.be\/?s={search_term_string}"},"query-input":{"@type":"PropertyValueSpecification","valueRequired":true,"valueName":"search_term_string"}}],"inLanguage":"fr-FR"},{"@type":"Organization","@id":"https:\/\/renier.be\/#organization","name":"Pierre naturelle de Renier","url":"https:\/\/renier.be\/","logo":{"@type":"ImageObject","inLanguage":"fr-FR","@id":"https:\/\/renier.be\/#\/schema\/logo\/image\/","url":"","contentUrl":"","caption":"Renier Natuursteen"},"image":{"@id":"https:\/\/renier.be\/#\/schema\/logo\/image\/"},"sameAs":["https:\/\/www.facebook.com\/reniernatuursteen"]}]}},"_links":{"self":[{"href":"https:\/\/renier.be\/fr\/wp-json\/wp\/v2\/pages\/3161","targetHints":{"allow":["GET"]}}],"collection":[{"href":"https:\/\/renier.be\/fr\/wp-json\/wp\/v2\/pages"}],"about":[{"href":"https:\/\/renier.be\/fr\/wp-json\/wp\/v2\/types\/page"}],"author":[{"embeddable":true,"href":"https:\/\/renier.be\/fr\/wp-json\/wp\/v2\/users\/2"}],"replies":[{"embeddable":true,"href":"https:\/\/renier.be\/fr\/wp-json\/wp\/v2\/comments?post=3161"}],"version-history":[{"count":0,"href":"https:\/\/renier.be\/fr\/wp-json\/wp\/v2\/pages\/3161\/revisions"}],"wp:attachment":[{"href":"https:\/\/renier.be\/fr\/wp-json\/wp\/v2\/media?parent=3161"}],"curies":[{"name":"wp","href":"https:\/\/api.w.org\/{rel}","templated":true}]}}